{"id":9985,"date":"2022-07-22T05:05:46","date_gmt":"2022-07-22T10:05:46","guid":{"rendered":"https:\/\/www.drazouz.com\/?page_id=9985"},"modified":"2023-12-21T11:38:53","modified_gmt":"2023-12-21T16:38:53","slug":"cirugia-de-revision-de-estiramiento-facial","status":"publish","type":"page","link":"https:\/\/www.drazouz.com\/es\/cirugia-de-revision-de-estiramiento-facial\/","title":{"rendered":"Cirug\u00eda de Revisi\u00f3n de Estiramiento Facial"},"content":{"rendered":"<p>Hay pocas cosas m\u00e1s decepcionantes que tener un estiramiento facial con resultados no deseados. El Dr. Azouz comprende la frustraci\u00f3n causada cuando otro cirujano subcorrije o sobrecorrige tus rasgos. Como cirujano pl\u00e1stico y reconstructivo certificado por la junta y con entrenamiento de becario, el Dr. Azouz de Azouz Plastic &#038; Cosmetic Surgery tiene d\u00e9cadas de experiencia y puede abordar las revisiones necesarias para cumplir con tus objetivos est\u00e9ticos. Utilizando t\u00e9cnicas innovadoras, procedimientos y equipos especializados, proporciona resultados refinados que <a title=\"Cirug\u00eda Pl\u00e1stica de Rostro y Cuello en Dallas TX\" href=\"https:\/\/www.drazouz.com\/es\/face\/\"><em><strong>restauran la belleza y la funcionalidad<\/strong><\/em><\/a>. La cirug\u00eda de revisi\u00f3n de estiramiento facial puede devolver un aspecto natural, juvenil y equilibrado.<\/p>\n<h2>Enfoque Centrado en el Paciente en Plano<\/h2>\n<p>Un procedimiento cosm\u00e9tico o reconstructivo es una inversi\u00f3n en ti mismo, y cuando los resultados son menos satisfactorios, puedes pensar que no se puede hacer nada al respecto. La pr\u00e1ctica acogedora e inclusiva del Dr. Azouz puede ayudarte a sentirte c\u00f3modo contigo mismo nuevamente. Si tu estiramiento facial te dej\u00f3 con piel fl\u00e1cida, es posible que hayas desarrollado arrugas y papadas poco despu\u00e9s de la cirug\u00eda. En el extremo opuesto, tu cirug\u00eda puede haberte dejado con un aspecto apretado, barrido por el viento o \u00abexagerado\u00bb. En ambos casos, tus rasgos pueden aparecer distorsionados o asim\u00e9tricos. Si esto te ha sucedido, una consulta con el Dr. Azouz puede determinar el mejor tipo de correcci\u00f3n. Debido a la naturaleza de deshacer el trabajo anterior, no hay una soluci\u00f3n \u00fanica, pero la habilidad quir\u00fargica y el ojo art\u00edstico del Dr. Azouz pueden idear un plan para lograr el aspecto est\u00e9tico que deseas.<\/p>\n<h3>Cuidado Especial para los Estiramientos Faciales de Revisi\u00f3n<\/h3>\n<p>No todos los cirujanos est\u00e1n calificados o tienen la experiencia suficiente para realizar cirug\u00edas de revisi\u00f3n, ya que se requiere un alto nivel de habilidad. La extensi\u00f3n de la revisi\u00f3n depender\u00e1 de los resultados del trabajo anterior. Los estiramientos faciales de revisi\u00f3n requieren cuidado especial, ya que habr\u00e1 piel estirada y posibles cicatrices. Siempre que sea posible, se pueden usar las mismas incisiones, pero eso no siempre es el caso, especialmente cuando se colocaron incorrectamente o sanaron mal. A pesar de la naturaleza desafiante de la cirug\u00eda, el Dr. Azouz se esfuerza por asegurarse de que recibas un resultado agradable, realista y natural.<\/p>\n<p>Si has tenido un resultado insatisfactorio de tu estiramiento facial anterior o te han dicho que la revisi\u00f3n no es posible, <a title=\"Contacta a Azouz Cirug\u00eda Pl\u00e1stica y Cosm\u00e9tica en Dallas TX\" href=\"https:\/\/www.drazouz.com\/es\/contact\/\"><em><strong>contacta con Azouz Plastic &#038; Cosmetic Surgery<\/strong><\/em><\/a> hoy mismo para una consulta.<\/p>\n","protected":false},"excerpt":{"rendered":"<p>Hay pocas cosas m\u00e1s decepcionantes que tener un estiramiento facial con resultados no deseados. El Dr. Azouz<br \/><a href=\"https:\/\/www.drazouz.com\/es\/cirugia-de-revision-de-estiramiento-facial\/\" class=\"btn btn-blue mt-3\">Sigue leyendo<\/a><\/p>\n","protected":false},"author":1,"featured_media":9951,"parent":3788,"menu_order":0,"comment_status":"closed","ping_status":"closed","template":"","meta":{"_acf_changed":false,"footnotes":""},"class_list":["post-9985","page","type-page","status-publish","has-post-thumbnail"],"acf":[],"yoast_head":"<!-- This site is optimized with the Yoast SEO plugin v27.4 - https:\/\/yoast.com\/product\/yoast-seo-wordpress\/ -->\n<title>Cirug\u00eda de Revisi\u00f3n de Estiramiento Facial | Azouz Cirug\u00eda Pl\u00e1stica y Est\u00e9tica<\/title>\n<meta name=\"robots\" content=\"index, follow, max-snippet:-1, max-image-preview:large, max-video-preview:-1\" \/>\n<link rel=\"canonical\" href=\"https:\/\/www.drazouz.com\/es\/cirugia-de-revision-de-estiramiento-facial\/\" \/>\n<meta property=\"og:locale\" content=\"es_ES\" \/>\n<meta property=\"og:type\" content=\"article\" \/>\n<meta property=\"og:title\" content=\"Cirug\u00eda de Revisi\u00f3n de Estiramiento Facial | Azouz Cirug\u00eda Pl\u00e1stica y Est\u00e9tica\" \/>\n<meta property=\"og:description\" content=\"Hay pocas cosas m\u00e1s decepcionantes que tener un estiramiento facial con resultados no deseados. El Dr. AzouzSigue leyendo\" \/>\n<meta property=\"og:url\" content=\"https:\/\/www.drazouz.com\/es\/cirugia-de-revision-de-estiramiento-facial\/\" \/>\n<meta property=\"og:site_name\" content=\"Azouz Cirug\u00eda Pl\u00e1stica y Est\u00e9tica\" \/>\n<meta property=\"article:modified_time\" content=\"2023-12-21T16:38:53+00:00\" \/>\n<meta property=\"og:image\" content=\"https:\/\/www.drazouz.com\/wp-content\/uploads\/2023\/12\/header-image-1221018.jpeg\" \/>\n<meta name=\"twitter:card\" content=\"summary_large_image\" \/>\n<meta name=\"twitter:image\" content=\"https:\/\/www.drazouz.com\/wp-content\/uploads\/2023\/12\/header-image-1221018.jpeg\" \/>\n<meta name=\"twitter:label1\" content=\"Tiempo de lectura\" \/>\n\t<meta name=\"twitter:data1\" content=\"2 minutos\" \/>\n<!-- \/ Yoast SEO plugin. -->","yoast_head_json":{"title":"Cirug\u00eda de Revisi\u00f3n de Estiramiento Facial | Azouz Cirug\u00eda Pl\u00e1stica y Est\u00e9tica","robots":{"index":"index","follow":"follow","max-snippet":"max-snippet:-1","max-image-preview":"max-image-preview:large","max-video-preview":"max-video-preview:-1"},"canonical":"https:\/\/www.drazouz.com\/es\/cirugia-de-revision-de-estiramiento-facial\/","og_locale":"es_ES","og_type":"article","og_title":"Cirug\u00eda de Revisi\u00f3n de Estiramiento Facial | Azouz Cirug\u00eda Pl\u00e1stica y Est\u00e9tica","og_description":"Hay pocas cosas m\u00e1s decepcionantes que tener un estiramiento facial con resultados no deseados. El Dr. AzouzSigue leyendo","og_url":"https:\/\/www.drazouz.com\/es\/cirugia-de-revision-de-estiramiento-facial\/","og_site_name":"Azouz Cirug\u00eda Pl\u00e1stica y Est\u00e9tica","article_modified_time":"2023-12-21T16:38:53+00:00","og_image":[{"url":"https:\/\/www.drazouz.com\/wp-content\/uploads\/2023\/12\/header-image-1221018.jpeg","type":"","width":"","height":""}],"twitter_card":"summary_large_image","twitter_image":"https:\/\/www.drazouz.com\/wp-content\/uploads\/2023\/12\/header-image-1221018.jpeg","twitter_misc":{"Tiempo de lectura":"2 minutos"},"schema":{"@context":"https:\/\/schema.org","@graph":[{"@type":"WebPage","@id":"https:\/\/www.drazouz.com\/es\/cirugia-de-revision-de-estiramiento-facial\/","url":"https:\/\/www.drazouz.com\/es\/cirugia-de-revision-de-estiramiento-facial\/","name":"Cirug\u00eda de Revisi\u00f3n de Estiramiento Facial | Azouz Cirug\u00eda Pl\u00e1stica y Est\u00e9tica","isPartOf":{"@id":"https:\/\/www.drazouz.com\/es\/#website"},"primaryImageOfPage":{"@id":"https:\/\/www.drazouz.com\/es\/cirugia-de-revision-de-estiramiento-facial\/#primaryimage"},"image":{"@id":"https:\/\/www.drazouz.com\/es\/cirugia-de-revision-de-estiramiento-facial\/#primaryimage"},"thumbnailUrl":"https:\/\/www.drazouz.com\/wp-content\/uploads\/2023\/12\/header-image-1221018.jpeg","datePublished":"2022-07-22T10:05:46+00:00","dateModified":"2023-12-21T16:38:53+00:00","breadcrumb":{"@id":"https:\/\/www.drazouz.com\/es\/cirugia-de-revision-de-estiramiento-facial\/#breadcrumb"},"inLanguage":"es","potentialAction":[{"@type":"ReadAction","target":["https:\/\/www.drazouz.com\/es\/cirugia-de-revision-de-estiramiento-facial\/"]}]},{"@type":"ImageObject","inLanguage":"es","@id":"https:\/\/www.drazouz.com\/es\/cirugia-de-revision-de-estiramiento-facial\/#primaryimage","url":"https:\/\/www.drazouz.com\/wp-content\/uploads\/2023\/12\/header-image-1221018.jpeg","contentUrl":"https:\/\/www.drazouz.com\/wp-content\/uploads\/2023\/12\/header-image-1221018.jpeg","width":1918,"height":815,"caption":"aged lady touch eye line uplift tightening"},{"@type":"BreadcrumbList","@id":"https:\/\/www.drazouz.com\/es\/cirugia-de-revision-de-estiramiento-facial\/#breadcrumb","itemListElement":[{"@type":"ListItem","position":1,"name":"Home","item":"https:\/\/www.drazouz.com\/es\/"},{"@type":"ListItem","position":2,"name":"Procedimientos","item":"https:\/\/www.drazouz.com\/es\/procedimientos\/"},{"@type":"ListItem","position":3,"name":"Rostro","item":"https:\/\/www.drazouz.com\/es\/face\/"},{"@type":"ListItem","position":4,"name":"Cirug\u00eda de Revisi\u00f3n de Estiramiento Facial"}]},{"@type":"WebSite","@id":"https:\/\/www.drazouz.com\/es\/#website","url":"https:\/\/www.drazouz.com\/es\/","name":"Azouz Cirug\u00eda Pl\u00e1stica y Est\u00e9tica","description":"","potentialAction":[{"@type":"SearchAction","target":{"@type":"EntryPoint","urlTemplate":"https:\/\/www.drazouz.com\/es\/?s={search_term_string}"},"query-input":{"@type":"PropertyValueSpecification","valueRequired":true,"valueName":"search_term_string"}}],"inLanguage":"es"}]}},"_links":{"self":[{"href":"https:\/\/www.drazouz.com\/es\/wp-json\/wp\/v2\/pages\/9985","targetHints":{"allow":["GET"]}}],"collection":[{"href":"https:\/\/www.drazouz.com\/es\/wp-json\/wp\/v2\/pages"}],"about":[{"href":"https:\/\/www.drazouz.com\/es\/wp-json\/wp\/v2\/types\/page"}],"author":[{"embeddable":true,"href":"https:\/\/www.drazouz.com\/es\/wp-json\/wp\/v2\/users\/1"}],"replies":[{"embeddable":true,"href":"https:\/\/www.drazouz.com\/es\/wp-json\/wp\/v2\/comments?post=9985"}],"version-history":[{"count":3,"href":"https:\/\/www.drazouz.com\/es\/wp-json\/wp\/v2\/pages\/9985\/revisions"}],"predecessor-version":[{"id":9993,"href":"https:\/\/www.drazouz.com\/es\/wp-json\/wp\/v2\/pages\/9985\/revisions\/9993"}],"up":[{"embeddable":true,"href":"https:\/\/www.drazouz.com\/es\/wp-json\/wp\/v2\/pages\/3788"}],"wp:featuredmedia":[{"embeddable":true,"href":"https:\/\/www.drazouz.com\/es\/wp-json\/wp\/v2\/media\/9951"}],"wp:attachment":[{"href":"https:\/\/www.drazouz.com\/es\/wp-json\/wp\/v2\/media?parent=9985"}],"curies":[{"name":"wp","href":"https:\/\/api.w.org\/{rel}","templated":true}]}}