{"id":9952,"date":"2022-07-22T04:31:01","date_gmt":"2022-07-22T09:31:01","guid":{"rendered":"https:\/\/www.drazouz.com\/?page_id=9952"},"modified":"2024-01-22T06:01:46","modified_gmt":"2024-01-22T11:01:46","slug":"lineas-de-marioneta-pliegues-nasolabiales","status":"publish","type":"page","link":"https:\/\/www.drazouz.com\/es\/lineas-de-marioneta-pliegues-nasolabiales\/","title":{"rendered":"L\u00edneas de Marioneta\/Pliegues Nasolabiales"},"content":{"rendered":"<p>Las l\u00edneas de marioneta son una preocupaci\u00f3n t\u00edpica relacionada con el envejecimiento natural. Estas l\u00edneas van desde la esquina de la boca hasta la barbilla y ocurren debido al proceso natural de envejecimiento. La piel alrededor de los lados de la boca es m\u00e1s delgada que el resto de su rostro, y hay una disminuci\u00f3n en la elasticidad de la piel. A medida que envejeces, la producci\u00f3n de col\u00e1geno disminuye y pierdes elasticidad en la piel. Combinado con los efectos de la gravedad, estas l\u00edneas pueden hacer que parezcas mucho m\u00e1s mayor y dar la impresi\u00f3n de que est\u00e1s siempre enojado o triste. El mejor tratamiento para las l\u00edneas de marioneta puede incluir rellenos, transferencia de grasa facial o un lifting facial. Azouz Plastic and Cosmetic Surgery en Dallas ofrece opciones tanto <a href=\"https:\/\/www.drazouz.com\/es\/facial-fat-transfers\/\">quir\u00fargicas<\/a> como <a href=\"https:\/\/www.drazouz.com\/es\/skin\/\">no quir\u00fargicas<\/a> para mejorar la apariencia de las l\u00edneas de marioneta.<\/p>\n<p><img loading=\"lazy\" decoding=\"async\" src=\"https:\/\/www.drazouz.com\/wp-content\/uploads\/2024\/01\/image-012201.jpg\" alt=\"\u00bfC\u00f3mo deshacerse de las l\u00edneas de marioneta?\" width=\"800\" height=\"600\" class=\"size-full wp-image-10822 aligncenter\" srcset=\"https:\/\/www.drazouz.com\/wp-content\/uploads\/2024\/01\/image-012201.jpg 1200w, https:\/\/www.drazouz.com\/wp-content\/uploads\/2024\/01\/image-012201-300x225.jpg 300w, https:\/\/www.drazouz.com\/wp-content\/uploads\/2024\/01\/image-012201-1024x768.jpg 1024w, https:\/\/www.drazouz.com\/wp-content\/uploads\/2024\/01\/image-012201-768x576.jpg 768w\" sizes=\"auto, (max-width: 800px) 100vw, 800px\" \/><\/p>\n<h2>\u00bfCu\u00e1l es la diferencia entre los pliegues nasolabiales y las l\u00edneas de marioneta?<\/h2>\n<p>Los pliegues nasolabiales van desde el lado de la nariz hasta la esquina de la boca. Al igual que las l\u00edneas de marioneta, se profundizan debido al proceso normal de envejecimiento. Los m\u00fasculos de la cara se relajan, el col\u00e1geno disminuye y tu rostro ya no es tan juvenil. Aunque ambos son causados por la p\u00e9rdida de volumen facial, la relajaci\u00f3n muscular y el deterioro del col\u00e1geno, los pliegues nasolabiales difieren en la cantidad de piel adicional en la zona afectada, lo que resulta a menudo en pliegues m\u00e1s profundos. La gravedad anima a que estos m\u00fasculos laxos migren hacia abajo. A diferencia de las l\u00edneas de marioneta, la cantidad de piel adicional en esta \u00e1rea es mayor y puede resultar en pliegues muy profundos. Mientras que el tratamiento de las l\u00edneas de marioneta puede incluir injertos de grasa, los pliegues nasolabiales se tratan mejor con <a href=\"https:\/\/www.drazouz.com\/es\/facelift\/\">intervenci\u00f3n quir\u00fargica<\/a>, aunque la transferencia de grasa facial puede funcionar en casos leves.<\/p>\n<h2>Soluciones innovadoras: Transferencias de grasa y cirug\u00eda de lifting facial:<\/h2>\n<p>Este tratamiento innovador, llamado <a href=\"https:\/\/www.drazouz.com\/es\/facial-fat-transfers\/\">transferencia de grasa facial<\/a>, utiliza <a href=\"https:\/\/www.drazouz.com\/es\/liposuction\/\">liposucci\u00f3n<\/a> para eliminar el exceso de grasa de ciertas \u00e1reas e inyectarla en las \u00e1reas deseadas. La grasa se centrifuga para recuperar las c\u00e9lulas adiposas y las c\u00e9lulas madre, que luego se colocan en las \u00e1reas que necesitan volumen. Este relleno seguro y natural, generalmente tomado de la cintura o el abdomen, le da al rostro una apariencia juvenil y radiante que dura a\u00f1os.<\/p>\n<p><img loading=\"lazy\" decoding=\"async\" src=\"https:\/\/www.drazouz.com\/wp-content\/uploads\/2024\/01\/image-012202.jpeg\" alt=\"transferencia de grasa para l\u00edneas de marioneta | relleno natural\" width=\"800\" height=\"533\" class=\"size-full wp-image-10825 aligncenter\" srcset=\"https:\/\/www.drazouz.com\/wp-content\/uploads\/2024\/01\/image-012202.jpeg 1200w, https:\/\/www.drazouz.com\/wp-content\/uploads\/2024\/01\/image-012202-300x200.jpeg 300w, https:\/\/www.drazouz.com\/wp-content\/uploads\/2024\/01\/image-012202-1024x683.jpeg 1024w, https:\/\/www.drazouz.com\/wp-content\/uploads\/2024\/01\/image-012202-768x512.jpeg 768w\" sizes=\"auto, (max-width: 800px) 100vw, 800px\" \/><\/p>\n<h2>Lifting facial personalizados para resultados duraderos:<\/h2>\n<p>Hay varias <a href=\"https:\/\/www.drazouz.com\/es\/facelift\/\">soluciones de lifting facial<\/a> disponibles, cada una adaptada a un prop\u00f3sito espec\u00edfico. Los liftngs faciales eliminan eficazmente las arrugas y producen resultados naturales al tensar los m\u00fasculos fl\u00e1cidos y eliminar el exceso de piel para abordar las l\u00edneas de marioneta y los pliegues nasolabiales. Adem\u00e1s de la transformaci\u00f3n evidente, un lifting facial puede reducir tu apariencia hasta diez a\u00f1os, con resultados que pueden durar incluso m\u00e1s tiempo.<\/p>\n<p>Transferencias de grasa y cirug\u00eda de lifting facial en Dallas<\/p>\n<p>Si bien hay muchos tipos de liftngs faciales, el m\u00e1s adecuado para tus necesidades depender\u00e1 de cu\u00e1ntos problemas necesiten ser abordados. Los liftngs faciales para el tratamiento de las l\u00edneas de marioneta y los pliegues nasolabiales tensan los m\u00fasculos fl\u00e1cidos y eliminan el exceso de piel, eliminando las l\u00edneas y produciendo los resultados m\u00e1s naturales. No solo un lifting facial puede eliminar hasta diez a\u00f1os de tu apariencia, sino que los resultados tambi\u00e9n pueden durar una d\u00e9cada o m\u00e1s.<\/p>\n<p>Si no est\u00e1s listo para una opci\u00f3n quir\u00fargica, <a href=\"https:\/\/www.drazouz.com\/es\/meet-dr-solomon-azouz\/\">el Dr. Solomon Azouz<\/a> recomienda una crema t\u00f3pica de <a href=\"https:\/\/www.drazouz.com\/es\/skinbetter-science\/\">Skinbetter Science<\/a>. El Dr. Azouz aconseja a los pacientes incorporar <a href=\"https:\/\/www.skinbetter.com\/shop-skincare\/product-category\/anti-aging\/interfuse-intensive-treatment-lines-M005.html\">Interfuse Lines<\/a> e <a href=\"https:\/\/www.skinbetter.com\/shop-skincare\/product-category\/anti-aging\/interfuse-treatment-cream-face-neck-M004.html\">Interfuse Face &amp; Neck<\/a> en sus rutinas diarias de cuidado de la piel para ayudar a disminuir las l\u00edneas de marioneta y los pliegues nasolabiales profundos.<\/p>\n<p>Algunos pacientes buscan algo intermedio entre un producto t\u00f3pico y una opci\u00f3n quir\u00fargica. En este caso, el Dr. Solomon Azouz puede recomendar el tratamiento de las l\u00edneas de marioneta y los pliegues nasolabiales con un <a href=\"https:\/\/www.drazouz.com\/es\/skin-resurfacing\/\">l\u00e1ser<\/a>.<\/p>\n<p><img loading=\"lazy\" decoding=\"async\" src=\"https:\/\/www.drazouz.com\/wp-content\/uploads\/2024\/01\/image-012203.jpeg\" alt=\"l\u00edneas de marioneta | l\u00edneas de t\u00edtere | mejor tratamiento\" width=\"800\" height=\"533\" class=\"size-full wp-image-10830 aligncenter\" srcset=\"https:\/\/www.drazouz.com\/wp-content\/uploads\/2024\/01\/image-012203.jpeg 1200w, https:\/\/www.drazouz.com\/wp-content\/uploads\/2024\/01\/image-012203-300x200.jpeg 300w, https:\/\/www.drazouz.com\/wp-content\/uploads\/2024\/01\/image-012203-1024x683.jpeg 1024w, https:\/\/www.drazouz.com\/wp-content\/uploads\/2024\/01\/image-012203-768x512.jpeg 768w\" sizes=\"auto, (max-width: 800px) 100vw, 800px\" \/><\/p>\n<h2>Experiencia del Dr. Azouz:<\/h2>\n<p>Si las l\u00edneas de marioneta o los pliegues nasolabiales afectan la est\u00e9tica de tu rostro, el Dr. Azouz puede devolver la juventud natural a tu apariencia. Ponte en contacto con nuestra oficina hoy mismo para una consulta inicial y un plan de tratamiento personalizado. Descubre las posibilidades transformadoras que nuestros procedimientos avanzados pueden ofrecer, adaptados para satisfacer tus necesidades \u00fanicas y rejuvenecer tu apariencia.<\/p>\n<p>Si las l\u00edneas de marioneta o los pliegues nasolabiales est\u00e1n envejeciendo tu rostro y deseas determinar cu\u00e1l es la mejor opci\u00f3n de tratamiento para ti, el Dr. Azouz puede devolverle juventud natural a tu apariencia. <a href=\"https:\/\/www.drazouz.com\/es\/contact\/\"><strong><em>Contacta con la oficina<\/em><\/strong><\/a> hoy mismo para una consulta inicial y un plan de tratamiento.<\/p>\n","protected":false},"excerpt":{"rendered":"<p>Las l\u00edneas de marioneta son una preocupaci\u00f3n t\u00edpica relacionada con el envejecimiento natural. Estas l\u00edneas van desde<br \/><a href=\"https:\/\/www.drazouz.com\/es\/lineas-de-marioneta-pliegues-nasolabiales\/\" class=\"btn btn-blue mt-3\">Sigue leyendo<\/a><\/p>\n","protected":false},"author":1,"featured_media":9967,"parent":9884,"menu_order":0,"comment_status":"closed","ping_status":"closed","template":"","meta":{"_acf_changed":false,"footnotes":""},"class_list":["post-9952","page","type-page","status-publish","has-post-thumbnail"],"acf":[],"yoast_head":"<!-- This site is optimized with the Yoast SEO plugin v27.4 - https:\/\/yoast.com\/product\/yoast-seo-wordpress\/ -->\n<title>L\u00edneas de Marioneta\/Pliegues Nasolabiales | Azouz Cirug\u00eda Pl\u00e1stica y Est\u00e9tica<\/title>\n<meta name=\"robots\" content=\"index, follow, max-snippet:-1, max-image-preview:large, max-video-preview:-1\" \/>\n<link rel=\"canonical\" href=\"https:\/\/www.drazouz.com\/es\/lineas-de-marioneta-pliegues-nasolabiales\/\" \/>\n<meta property=\"og:locale\" content=\"es_ES\" \/>\n<meta property=\"og:type\" content=\"article\" \/>\n<meta property=\"og:title\" content=\"L\u00edneas de Marioneta\/Pliegues Nasolabiales | Azouz Cirug\u00eda Pl\u00e1stica y Est\u00e9tica\" \/>\n<meta property=\"og:description\" content=\"Las l\u00edneas de marioneta son una preocupaci\u00f3n t\u00edpica relacionada con el envejecimiento natural. Estas l\u00edneas van desdeSigue leyendo\" \/>\n<meta property=\"og:url\" content=\"https:\/\/www.drazouz.com\/es\/lineas-de-marioneta-pliegues-nasolabiales\/\" \/>\n<meta property=\"og:site_name\" content=\"Azouz Cirug\u00eda Pl\u00e1stica y Est\u00e9tica\" \/>\n<meta property=\"article:modified_time\" content=\"2024-01-22T11:01:46+00:00\" \/>\n<meta property=\"og:image\" content=\"https:\/\/www.drazouz.com\/wp-content\/uploads\/2023\/12\/header-image-1221013-3.jpeg\" \/>\n<meta name=\"twitter:card\" content=\"summary_large_image\" \/>\n<meta name=\"twitter:image\" content=\"https:\/\/www.drazouz.com\/wp-content\/uploads\/2023\/12\/header-image-1221013-3.jpeg\" \/>\n<meta name=\"twitter:label1\" content=\"Tiempo de lectura\" \/>\n\t<meta name=\"twitter:data1\" content=\"4 minutos\" \/>\n<!-- \/ Yoast SEO plugin. -->","yoast_head_json":{"title":"L\u00edneas de Marioneta\/Pliegues Nasolabiales | Azouz Cirug\u00eda Pl\u00e1stica y Est\u00e9tica","robots":{"index":"index","follow":"follow","max-snippet":"max-snippet:-1","max-image-preview":"max-image-preview:large","max-video-preview":"max-video-preview:-1"},"canonical":"https:\/\/www.drazouz.com\/es\/lineas-de-marioneta-pliegues-nasolabiales\/","og_locale":"es_ES","og_type":"article","og_title":"L\u00edneas de Marioneta\/Pliegues Nasolabiales | Azouz Cirug\u00eda Pl\u00e1stica y Est\u00e9tica","og_description":"Las l\u00edneas de marioneta son una preocupaci\u00f3n t\u00edpica relacionada con el envejecimiento natural. Estas l\u00edneas van desdeSigue leyendo","og_url":"https:\/\/www.drazouz.com\/es\/lineas-de-marioneta-pliegues-nasolabiales\/","og_site_name":"Azouz Cirug\u00eda Pl\u00e1stica y Est\u00e9tica","article_modified_time":"2024-01-22T11:01:46+00:00","og_image":[{"url":"https:\/\/www.drazouz.com\/wp-content\/uploads\/2023\/12\/header-image-1221013-3.jpeg","type":"","width":"","height":""}],"twitter_card":"summary_large_image","twitter_image":"https:\/\/www.drazouz.com\/wp-content\/uploads\/2023\/12\/header-image-1221013-3.jpeg","twitter_misc":{"Tiempo de lectura":"4 minutos"},"schema":{"@context":"https:\/\/schema.org","@graph":[{"@type":"WebPage","@id":"https:\/\/www.drazouz.com\/es\/lineas-de-marioneta-pliegues-nasolabiales\/","url":"https:\/\/www.drazouz.com\/es\/lineas-de-marioneta-pliegues-nasolabiales\/","name":"L\u00edneas de Marioneta\/Pliegues Nasolabiales | Azouz Cirug\u00eda Pl\u00e1stica y Est\u00e9tica","isPartOf":{"@id":"https:\/\/www.drazouz.com\/es\/#website"},"primaryImageOfPage":{"@id":"https:\/\/www.drazouz.com\/es\/lineas-de-marioneta-pliegues-nasolabiales\/#primaryimage"},"image":{"@id":"https:\/\/www.drazouz.com\/es\/lineas-de-marioneta-pliegues-nasolabiales\/#primaryimage"},"thumbnailUrl":"https:\/\/www.drazouz.com\/wp-content\/uploads\/2023\/12\/header-image-1221013-3.jpeg","datePublished":"2022-07-22T09:31:01+00:00","dateModified":"2024-01-22T11:01:46+00:00","breadcrumb":{"@id":"https:\/\/www.drazouz.com\/es\/lineas-de-marioneta-pliegues-nasolabiales\/#breadcrumb"},"inLanguage":"es","potentialAction":[{"@type":"ReadAction","target":["https:\/\/www.drazouz.com\/es\/lineas-de-marioneta-pliegues-nasolabiales\/"]}]},{"@type":"ImageObject","inLanguage":"es","@id":"https:\/\/www.drazouz.com\/es\/lineas-de-marioneta-pliegues-nasolabiales\/#primaryimage","url":"https:\/\/www.drazouz.com\/wp-content\/uploads\/2023\/12\/header-image-1221013-3.jpeg","contentUrl":"https:\/\/www.drazouz.com\/wp-content\/uploads\/2023\/12\/header-image-1221013-3.jpeg","width":1918,"height":815,"caption":"Marionette Lines Treatment"},{"@type":"BreadcrumbList","@id":"https:\/\/www.drazouz.com\/es\/lineas-de-marioneta-pliegues-nasolabiales\/#breadcrumb","itemListElement":[{"@type":"ListItem","position":1,"name":"Home","item":"https:\/\/www.drazouz.com\/es\/"},{"@type":"ListItem","position":2,"name":"Procedimientos","item":"https:\/\/www.drazouz.com\/es\/procedimientos\/"},{"@type":"ListItem","position":3,"name":"Rostro","item":"https:\/\/www.drazouz.com\/es\/face\/"},{"@type":"ListItem","position":4,"name":"Transferencia de Grasa Facial","item":"https:\/\/www.drazouz.com\/es\/transferencia-de-grasa-facial\/"},{"@type":"ListItem","position":5,"name":"L\u00edneas de Marioneta\/Pliegues Nasolabiales"}]},{"@type":"WebSite","@id":"https:\/\/www.drazouz.com\/es\/#website","url":"https:\/\/www.drazouz.com\/es\/","name":"Azouz Cirug\u00eda Pl\u00e1stica y Est\u00e9tica","description":"","potentialAction":[{"@type":"SearchAction","target":{"@type":"EntryPoint","urlTemplate":"https:\/\/www.drazouz.com\/es\/?s={search_term_string}"},"query-input":{"@type":"PropertyValueSpecification","valueRequired":true,"valueName":"search_term_string"}}],"inLanguage":"es"}]}},"_links":{"self":[{"href":"https:\/\/www.drazouz.com\/es\/wp-json\/wp\/v2\/pages\/9952","targetHints":{"allow":["GET"]}}],"collection":[{"href":"https:\/\/www.drazouz.com\/es\/wp-json\/wp\/v2\/pages"}],"about":[{"href":"https:\/\/www.drazouz.com\/es\/wp-json\/wp\/v2\/types\/page"}],"author":[{"embeddable":true,"href":"https:\/\/www.drazouz.com\/es\/wp-json\/wp\/v2\/users\/1"}],"replies":[{"embeddable":true,"href":"https:\/\/www.drazouz.com\/es\/wp-json\/wp\/v2\/comments?post=9952"}],"version-history":[{"count":6,"href":"https:\/\/www.drazouz.com\/es\/wp-json\/wp\/v2\/pages\/9952\/revisions"}],"predecessor-version":[{"id":10842,"href":"https:\/\/www.drazouz.com\/es\/wp-json\/wp\/v2\/pages\/9952\/revisions\/10842"}],"up":[{"embeddable":true,"href":"https:\/\/www.drazouz.com\/es\/wp-json\/wp\/v2\/pages\/9884"}],"wp:featuredmedia":[{"embeddable":true,"href":"https:\/\/www.drazouz.com\/es\/wp-json\/wp\/v2\/media\/9967"}],"wp:attachment":[{"href":"https:\/\/www.drazouz.com\/es\/wp-json\/wp\/v2\/media?parent=9952"}],"curies":[{"name":"wp","href":"https:\/\/api.w.org\/{rel}","templated":true}]}}