{"id":9939,"date":"2022-07-22T04:41:45","date_gmt":"2022-07-22T09:41:45","guid":{"rendered":"https:\/\/www.drazouz.com\/?page_id=9939"},"modified":"2023-12-21T10:29:01","modified_gmt":"2023-12-21T15:29:01","slug":"tratamiento-de-arrugas","status":"publish","type":"page","link":"https:\/\/www.drazouz.com\/es\/tratamiento-de-arrugas\/","title":{"rendered":"Tratamiento de Arrugas"},"content":{"rendered":"<p>Las arrugas y pliegues faciales son el resultado de una combinaci\u00f3n de envejecimiento, gen\u00e9tica y estilo de vida. La exposici\u00f3n excesiva al sol o fumar pueden acelerar el proceso de envejecimiento y crear surcos adicionales en la piel. Algunas arrugas pueden ser l\u00edneas finas que pueden aparecer en cualquier lugar. A menudo se ven como un \u00abentramado\u00bb en la delicada piel debajo de los ojos. Las arrugas m\u00e1s profundas son m\u00e1s prominentes, incluyendo las l\u00edneas de la frente, patas de gallo, pliegues nasolabiales, l\u00edneas de marioneta y surcos.<\/p>\n<p>Los tratamientos para las arrugas pueden variar seg\u00fan la cantidad y gravedad de tus arrugas, as\u00ed como tus objetivos est\u00e9ticos. Azouz Plastic &#038; Cosmetic Surgery tiene varias opciones para abordar tus preocupaciones.<\/p>\n<h2>A\u00f1adir Volumen con un Injerto de Grasa Facial<\/h2>\n<p>Un <a title=\"Transferencias de Grasa Facial en Dallas TX\" href=\"https:\/\/www.drazouz.com\/es\/facial-fat-transfers\/\"><em><strong>injerto de grasa facial, o injerto de grasa<\/strong><\/em><\/a>, \u00abrellena\u00bb el \u00e1rea bajo la piel para crear una superficie suave. A diferencia de los rellenos sint\u00e9ticos, esta opci\u00f3n totalmente natural utiliza los tejidos y c\u00e9lulas de tu propio cuerpo para a\u00f1adir volumen donde sea necesario. Tomando grasa de una parte de tu cuerpo, proces\u00e1ndola en una centr\u00edfuga y luego inyect\u00e1ndola debajo de las arrugas en tu rostro, puedes restaurar una apariencia hermosa y juvenil.<\/p>\n<p>El injerto de grasa puede tratar varios tipos de arrugas, incluyendo alrededor de la delicada \u00e1rea de los ojos. El injerto de grasa debajo de los ojos puede tratar las patas de gallo y las l\u00edneas finas, al tiempo que reduce la apariencia de ojeras y bolsas en los ojos. Tambi\u00e9n puede abordar con \u00e9xito los pliegues nasolabiales tempranos, las l\u00edneas de marioneta y la flacidez de la papada. Con cada uno de estos tratamientos, las l\u00edneas finas y arrugas en las \u00e1reas circundantes se rellenan y reducen.<\/p>\n<h3>Los Estiramientos Faciales son el Est\u00e1ndar de Oro para el Tratamiento de Arrugas<\/h3>\n<p>Cuando tienes pliegues significativos, surcos y papada, un estiramiento facial puede ser la mejor opci\u00f3n para ti. Los procedimientos de estiramiento facial de hoy en d\u00eda proporcionan resultados incre\u00edblemente naturales. Las nuevas t\u00e9cnicas utilizan menos y m\u00e1s peque\u00f1as incisiones y sanan m\u00e1s r\u00e1pido. Junto con la experiencia y destreza del Dr. Azouz, seguir\u00e1s pareci\u00e9ndote a ti mismo, \u00a1solo m\u00e1s joven!<\/p>\n<p>Despu\u00e9s de una consulta y evaluaci\u00f3n exhaustivas, el Dr. Azouz te recomendar\u00e1 un tratamiento que logre tus objetivos. Esto puede implicar uno o m\u00e1s procedimientos que se pueden realizar al mismo tiempo. Al combinar procedimientos, solo tendr\u00e1s un per\u00edodo de inactividad y tu aspecto general ser\u00e1 sim\u00e9trico, proporcionado y vibrante.<\/p>\n<p>Si es hora de abordar los signos del envejecimiento, <a title=\"Contacta a Azouz Cirug\u00eda Pl\u00e1stica y Cosm\u00e9tica en Dallas TX\" href=\"https:\/\/www.drazouz.com\/es\/contact\/\"><em><strong>contacta a Azouz Plastic &#038; Cosmetic Surgery<\/strong><\/em><\/a> para discutir tus inquietudes y opciones de tratamiento.<\/p>\n","protected":false},"excerpt":{"rendered":"<p>Las arrugas y pliegues faciales son el resultado de una combinaci\u00f3n de envejecimiento, gen\u00e9tica y estilo de<br \/><a href=\"https:\/\/www.drazouz.com\/es\/tratamiento-de-arrugas\/\" class=\"btn btn-blue mt-3\">Sigue leyendo<\/a><\/p>\n","protected":false},"author":1,"featured_media":9946,"parent":9884,"menu_order":0,"comment_status":"closed","ping_status":"closed","template":"","meta":{"_acf_changed":false,"footnotes":""},"class_list":["post-9939","page","type-page","status-publish","has-post-thumbnail"],"acf":[],"yoast_head":"<!-- This site is optimized with the Yoast SEO plugin v27.4 - https:\/\/yoast.com\/product\/yoast-seo-wordpress\/ -->\n<title>Tratamiento de Arrugas | Azouz Cirug\u00eda Pl\u00e1stica y Est\u00e9tica<\/title>\n<meta name=\"robots\" content=\"index, follow, max-snippet:-1, max-image-preview:large, max-video-preview:-1\" \/>\n<link rel=\"canonical\" href=\"https:\/\/www.drazouz.com\/es\/tratamiento-de-arrugas\/\" \/>\n<meta property=\"og:locale\" content=\"es_ES\" \/>\n<meta property=\"og:type\" content=\"article\" \/>\n<meta property=\"og:title\" content=\"Tratamiento de Arrugas | Azouz Cirug\u00eda Pl\u00e1stica y Est\u00e9tica\" \/>\n<meta property=\"og:description\" content=\"Las arrugas y pliegues faciales son el resultado de una combinaci\u00f3n de envejecimiento, gen\u00e9tica y estilo deSigue leyendo\" \/>\n<meta property=\"og:url\" content=\"https:\/\/www.drazouz.com\/es\/tratamiento-de-arrugas\/\" \/>\n<meta property=\"og:site_name\" content=\"Azouz Cirug\u00eda Pl\u00e1stica y Est\u00e9tica\" \/>\n<meta property=\"article:modified_time\" content=\"2023-12-21T15:29:01+00:00\" \/>\n<meta property=\"og:image\" content=\"https:\/\/www.drazouz.com\/wp-content\/uploads\/2023\/12\/header-image-1221017-1.jpeg\" \/>\n<meta name=\"twitter:card\" content=\"summary_large_image\" \/>\n<meta name=\"twitter:image\" content=\"https:\/\/www.drazouz.com\/wp-content\/uploads\/2023\/12\/header-image-1221017-1.jpeg\" \/>\n<meta name=\"twitter:label1\" content=\"Tiempo de lectura\" \/>\n\t<meta name=\"twitter:data1\" content=\"2 minutos\" \/>\n<!-- \/ Yoast SEO plugin. -->","yoast_head_json":{"title":"Tratamiento de Arrugas | Azouz Cirug\u00eda Pl\u00e1stica y Est\u00e9tica","robots":{"index":"index","follow":"follow","max-snippet":"max-snippet:-1","max-image-preview":"max-image-preview:large","max-video-preview":"max-video-preview:-1"},"canonical":"https:\/\/www.drazouz.com\/es\/tratamiento-de-arrugas\/","og_locale":"es_ES","og_type":"article","og_title":"Tratamiento de Arrugas | Azouz Cirug\u00eda Pl\u00e1stica y Est\u00e9tica","og_description":"Las arrugas y pliegues faciales son el resultado de una combinaci\u00f3n de envejecimiento, gen\u00e9tica y estilo deSigue leyendo","og_url":"https:\/\/www.drazouz.com\/es\/tratamiento-de-arrugas\/","og_site_name":"Azouz Cirug\u00eda Pl\u00e1stica y Est\u00e9tica","article_modified_time":"2023-12-21T15:29:01+00:00","og_image":[{"url":"https:\/\/www.drazouz.com\/wp-content\/uploads\/2023\/12\/header-image-1221017-1.jpeg","type":"","width":"","height":""}],"twitter_card":"summary_large_image","twitter_image":"https:\/\/www.drazouz.com\/wp-content\/uploads\/2023\/12\/header-image-1221017-1.jpeg","twitter_misc":{"Tiempo de lectura":"2 minutos"},"schema":{"@context":"https:\/\/schema.org","@graph":[{"@type":"WebPage","@id":"https:\/\/www.drazouz.com\/es\/tratamiento-de-arrugas\/","url":"https:\/\/www.drazouz.com\/es\/tratamiento-de-arrugas\/","name":"Tratamiento de Arrugas | Azouz Cirug\u00eda Pl\u00e1stica y Est\u00e9tica","isPartOf":{"@id":"https:\/\/www.drazouz.com\/es\/#website"},"primaryImageOfPage":{"@id":"https:\/\/www.drazouz.com\/es\/tratamiento-de-arrugas\/#primaryimage"},"image":{"@id":"https:\/\/www.drazouz.com\/es\/tratamiento-de-arrugas\/#primaryimage"},"thumbnailUrl":"https:\/\/www.drazouz.com\/wp-content\/uploads\/2023\/12\/header-image-1221017-1.jpeg","datePublished":"2022-07-22T09:41:45+00:00","dateModified":"2023-12-21T15:29:01+00:00","breadcrumb":{"@id":"https:\/\/www.drazouz.com\/es\/tratamiento-de-arrugas\/#breadcrumb"},"inLanguage":"es","potentialAction":[{"@type":"ReadAction","target":["https:\/\/www.drazouz.com\/es\/tratamiento-de-arrugas\/"]}]},{"@type":"ImageObject","inLanguage":"es","@id":"https:\/\/www.drazouz.com\/es\/tratamiento-de-arrugas\/#primaryimage","url":"https:\/\/www.drazouz.com\/wp-content\/uploads\/2023\/12\/header-image-1221017-1.jpeg","contentUrl":"https:\/\/www.drazouz.com\/wp-content\/uploads\/2023\/12\/header-image-1221017-1.jpeg","width":1918,"height":815,"caption":"woman showing by finger the wrinkles on her forehead"},{"@type":"BreadcrumbList","@id":"https:\/\/www.drazouz.com\/es\/tratamiento-de-arrugas\/#breadcrumb","itemListElement":[{"@type":"ListItem","position":1,"name":"Home","item":"https:\/\/www.drazouz.com\/es\/"},{"@type":"ListItem","position":2,"name":"Procedimientos","item":"https:\/\/www.drazouz.com\/es\/procedimientos\/"},{"@type":"ListItem","position":3,"name":"Rostro","item":"https:\/\/www.drazouz.com\/es\/face\/"},{"@type":"ListItem","position":4,"name":"Transferencia de Grasa Facial","item":"https:\/\/www.drazouz.com\/es\/transferencia-de-grasa-facial\/"},{"@type":"ListItem","position":5,"name":"Tratamiento de Arrugas"}]},{"@type":"WebSite","@id":"https:\/\/www.drazouz.com\/es\/#website","url":"https:\/\/www.drazouz.com\/es\/","name":"Azouz Cirug\u00eda Pl\u00e1stica y Est\u00e9tica","description":"","potentialAction":[{"@type":"SearchAction","target":{"@type":"EntryPoint","urlTemplate":"https:\/\/www.drazouz.com\/es\/?s={search_term_string}"},"query-input":{"@type":"PropertyValueSpecification","valueRequired":true,"valueName":"search_term_string"}}],"inLanguage":"es"}]}},"_links":{"self":[{"href":"https:\/\/www.drazouz.com\/es\/wp-json\/wp\/v2\/pages\/9939","targetHints":{"allow":["GET"]}}],"collection":[{"href":"https:\/\/www.drazouz.com\/es\/wp-json\/wp\/v2\/pages"}],"about":[{"href":"https:\/\/www.drazouz.com\/es\/wp-json\/wp\/v2\/types\/page"}],"author":[{"embeddable":true,"href":"https:\/\/www.drazouz.com\/es\/wp-json\/wp\/v2\/users\/1"}],"replies":[{"embeddable":true,"href":"https:\/\/www.drazouz.com\/es\/wp-json\/wp\/v2\/comments?post=9939"}],"version-history":[{"count":2,"href":"https:\/\/www.drazouz.com\/es\/wp-json\/wp\/v2\/pages\/9939\/revisions"}],"predecessor-version":[{"id":9943,"href":"https:\/\/www.drazouz.com\/es\/wp-json\/wp\/v2\/pages\/9939\/revisions\/9943"}],"up":[{"embeddable":true,"href":"https:\/\/www.drazouz.com\/es\/wp-json\/wp\/v2\/pages\/9884"}],"wp:featuredmedia":[{"embeddable":true,"href":"https:\/\/www.drazouz.com\/es\/wp-json\/wp\/v2\/media\/9946"}],"wp:attachment":[{"href":"https:\/\/www.drazouz.com\/es\/wp-json\/wp\/v2\/media?parent=9939"}],"curies":[{"name":"wp","href":"https:\/\/api.w.org\/{rel}","templated":true}]}}