{"id":9927,"date":"2022-07-22T04:39:07","date_gmt":"2022-07-22T09:39:07","guid":{"rendered":"https:\/\/www.drazouz.com\/?page_id=9927"},"modified":"2023-12-21T08:39:31","modified_gmt":"2023-12-21T13:39:31","slug":"injerto-de-grasa-debajo-de-los-ojos-canal-lagrimal","status":"publish","type":"page","link":"https:\/\/www.drazouz.com\/es\/injerto-de-grasa-debajo-de-los-ojos\/","title":{"rendered":"Injerto de Grasa Debajo de los Ojos\/Canal Lagrimal"},"content":{"rendered":"<p>cansado y viejo. Estos c\u00edrculos, ubicados entre el p\u00e1rpado inferior y la parte superior del p\u00f3mulo, se llaman los surcos lagrimales. Los surcos lagrimales profundos pueden ser gen\u00e9ticos o causados por el envejecimiento. Si tienes exceso de grasa debajo de tus ojos (bolsas en los ojos), tambi\u00e9n puede crear hundimientos que te envejecen. El injerto de grasa debajo de los ojos puede tratar los tres tipos de problemas de surcos lagrimales.<\/p>\n<p>Como un tipo seguro y natural de relleno facial, el <a title=\"Transferencias de Grasa Facial en Dallas TX\" href=\"https:\/\/www.drazouz.com\/es\/facial-fat-transfers\/\"><em><strong>injerto de grasas<\/strong><\/em><\/a>  debajo de los ojo agrega volumen debajo del ojo, reduciendo el hundimiento. La superficie delicadamente elevada tambi\u00e9n cambia la forma en que la luz rebota en el \u00e1rea debajo del ojo, reduciendo las sombras y la apariencia de c\u00edrculos. La zona alrededor de las bolsas en los ojos puede recibir volumen, nivelando la zona y disfrazando las \u00e1reas hinchadas debajo del ojo.<\/p>\n<h2>\u00bfQu\u00e9 es el Injerto de Grasa?<\/h2>\n<p>El injerto de grasa es un procedimiento quir\u00fargico que toma grasa de tu cuerpo, generalmente de tu abdomen, la purifica y luego la inyecta en un \u00e1rea que necesita volumen. El injerto de grasa debajo de los ojos puede minimizar l\u00edneas y arrugas y tratar las patas de gallo. Tambi\u00e9n puede mejorar las l\u00edneas de la sonrisa (pliegues nasolabiales), los p\u00f3mulos hundidos y los c\u00edrculos oscuros debajo de los ojos. Tambi\u00e9n se utiliza para tratar una variedad de otras preocupaciones.<\/p>\n<p>La incisi\u00f3n requerida para extraer la grasa es muy peque\u00f1a y el sitio de inyecci\u00f3n no requiere puntos de sutura. No hay riesgo de reacci\u00f3n al\u00e9rgica ya que la grasa proviene de tu propio cuerpo. A diferencia de los rellenos sint\u00e9ticos, el injerto de grasa proporciona una soluci\u00f3n permanente para mejorar los contornos y rejuvenecer tu apariencia.<\/p>\n<h3>La Mejor Experiencia con Injerto de Grasa Debajo de los Ojos<\/h3>\n<p>El injerto de grasa requiere una comprensi\u00f3n profunda de la estructura facial subyacente. Tu cirujano debe tener experiencia en la colocaci\u00f3n adecuada del injerto, as\u00ed como el volumen necesario para obtener resultados de aspecto natural. Como tratamiento tridimensional, no se trata solo de anatom\u00eda; tu cirujano tambi\u00e9n debe tener un ojo art\u00edstico para garantizar la apariencia m\u00e1s refinada.<\/p>\n<p>Con d\u00e9cadas de experiencia, el Dr. Azouz solo utiliza injerto de grasa para restablecer el volumen porque cree que produce los mejores resultados para sus pacientes. <a title=\"Contacta a Azouz Cirug\u00eda Pl\u00e1stica y Cosm\u00e9tica en Dallas TX\" href=\"https:\/\/www.drazouz.com\/es\/contact\/\"><em><strong>Contacta a Azouz Plastic &#038; Cosmetic Surgery<\/strong><\/em><\/a> hoy para hablar sobre el injerto de grasa debajo de los ojos y descubrir la amplia gama de preocupaciones que puede abordar la transferencia de grasa.<\/p>\n","protected":false},"excerpt":{"rendered":"<p>cansado y viejo. Estos c\u00edrculos, ubicados entre el p\u00e1rpado inferior y la parte superior del p\u00f3mulo, se<br \/><a href=\"https:\/\/www.drazouz.com\/es\/injerto-de-grasa-debajo-de-los-ojos\/\" class=\"btn btn-blue mt-3\">Sigue leyendo<\/a><\/p>\n","protected":false},"author":1,"featured_media":9926,"parent":9884,"menu_order":0,"comment_status":"closed","ping_status":"closed","template":"","meta":{"_acf_changed":false,"footnotes":""},"class_list":["post-9927","page","type-page","status-publish","has-post-thumbnail"],"acf":[],"yoast_head":"<!-- This site is optimized with the Yoast SEO plugin v27.4 - https:\/\/yoast.com\/product\/yoast-seo-wordpress\/ -->\n<title>Injerto de Grasa Debajo de los Ojos\/Canal Lagrimal | Azouz Cirug\u00eda Pl\u00e1stica y Est\u00e9tica<\/title>\n<meta name=\"robots\" content=\"index, follow, max-snippet:-1, max-image-preview:large, max-video-preview:-1\" \/>\n<link rel=\"canonical\" href=\"https:\/\/www.drazouz.com\/es\/injerto-de-grasa-debajo-de-los-ojos\/\" \/>\n<meta property=\"og:locale\" content=\"es_ES\" \/>\n<meta property=\"og:type\" content=\"article\" \/>\n<meta property=\"og:title\" content=\"Injerto de Grasa Debajo de los Ojos\/Canal Lagrimal | Azouz Cirug\u00eda Pl\u00e1stica y Est\u00e9tica\" \/>\n<meta property=\"og:description\" content=\"cansado y viejo. Estos c\u00edrculos, ubicados entre el p\u00e1rpado inferior y la parte superior del p\u00f3mulo, seSigue leyendo\" \/>\n<meta property=\"og:url\" content=\"https:\/\/www.drazouz.com\/es\/injerto-de-grasa-debajo-de-los-ojos\/\" \/>\n<meta property=\"og:site_name\" content=\"Azouz Cirug\u00eda Pl\u00e1stica y Est\u00e9tica\" \/>\n<meta property=\"article:modified_time\" content=\"2023-12-21T13:39:31+00:00\" \/>\n<meta property=\"og:image\" content=\"https:\/\/www.drazouz.com\/wp-content\/uploads\/2023\/12\/header-image-1221016.jpeg\" \/>\n<meta name=\"twitter:card\" content=\"summary_large_image\" \/>\n<meta name=\"twitter:image\" content=\"https:\/\/www.drazouz.com\/wp-content\/uploads\/2023\/12\/header-image-1221016.jpeg\" \/>\n<meta name=\"twitter:label1\" content=\"Tiempo de lectura\" \/>\n\t<meta name=\"twitter:data1\" content=\"2 minutos\" \/>\n<!-- \/ Yoast SEO plugin. -->","yoast_head_json":{"title":"Injerto de Grasa Debajo de los Ojos\/Canal Lagrimal | Azouz Cirug\u00eda Pl\u00e1stica y Est\u00e9tica","robots":{"index":"index","follow":"follow","max-snippet":"max-snippet:-1","max-image-preview":"max-image-preview:large","max-video-preview":"max-video-preview:-1"},"canonical":"https:\/\/www.drazouz.com\/es\/injerto-de-grasa-debajo-de-los-ojos\/","og_locale":"es_ES","og_type":"article","og_title":"Injerto de Grasa Debajo de los Ojos\/Canal Lagrimal | Azouz Cirug\u00eda Pl\u00e1stica y Est\u00e9tica","og_description":"cansado y viejo. Estos c\u00edrculos, ubicados entre el p\u00e1rpado inferior y la parte superior del p\u00f3mulo, seSigue leyendo","og_url":"https:\/\/www.drazouz.com\/es\/injerto-de-grasa-debajo-de-los-ojos\/","og_site_name":"Azouz Cirug\u00eda Pl\u00e1stica y Est\u00e9tica","article_modified_time":"2023-12-21T13:39:31+00:00","og_image":[{"url":"https:\/\/www.drazouz.com\/wp-content\/uploads\/2023\/12\/header-image-1221016.jpeg","type":"","width":"","height":""}],"twitter_card":"summary_large_image","twitter_image":"https:\/\/www.drazouz.com\/wp-content\/uploads\/2023\/12\/header-image-1221016.jpeg","twitter_misc":{"Tiempo de lectura":"2 minutos"},"schema":{"@context":"https:\/\/schema.org","@graph":[{"@type":"WebPage","@id":"https:\/\/www.drazouz.com\/es\/injerto-de-grasa-debajo-de-los-ojos\/","url":"https:\/\/www.drazouz.com\/es\/injerto-de-grasa-debajo-de-los-ojos\/","name":"Injerto de Grasa Debajo de los Ojos\/Canal Lagrimal | Azouz Cirug\u00eda Pl\u00e1stica y Est\u00e9tica","isPartOf":{"@id":"https:\/\/www.drazouz.com\/es\/#website"},"primaryImageOfPage":{"@id":"https:\/\/www.drazouz.com\/es\/injerto-de-grasa-debajo-de-los-ojos\/#primaryimage"},"image":{"@id":"https:\/\/www.drazouz.com\/es\/injerto-de-grasa-debajo-de-los-ojos\/#primaryimage"},"thumbnailUrl":"https:\/\/www.drazouz.com\/wp-content\/uploads\/2023\/12\/header-image-1221016.jpeg","datePublished":"2022-07-22T09:39:07+00:00","dateModified":"2023-12-21T13:39:31+00:00","breadcrumb":{"@id":"https:\/\/www.drazouz.com\/es\/injerto-de-grasa-debajo-de-los-ojos\/#breadcrumb"},"inLanguage":"es","potentialAction":[{"@type":"ReadAction","target":["https:\/\/www.drazouz.com\/es\/injerto-de-grasa-debajo-de-los-ojos\/"]}]},{"@type":"ImageObject","inLanguage":"es","@id":"https:\/\/www.drazouz.com\/es\/injerto-de-grasa-debajo-de-los-ojos\/#primaryimage","url":"https:\/\/www.drazouz.com\/wp-content\/uploads\/2023\/12\/header-image-1221016.jpeg","contentUrl":"https:\/\/www.drazouz.com\/wp-content\/uploads\/2023\/12\/header-image-1221016.jpeg","width":1918,"height":815,"caption":"under eye fat grafting"},{"@type":"BreadcrumbList","@id":"https:\/\/www.drazouz.com\/es\/injerto-de-grasa-debajo-de-los-ojos\/#breadcrumb","itemListElement":[{"@type":"ListItem","position":1,"name":"Home","item":"https:\/\/www.drazouz.com\/es\/"},{"@type":"ListItem","position":2,"name":"Procedimientos","item":"https:\/\/www.drazouz.com\/es\/procedimientos\/"},{"@type":"ListItem","position":3,"name":"Rostro","item":"https:\/\/www.drazouz.com\/es\/face\/"},{"@type":"ListItem","position":4,"name":"Transferencia de Grasa Facial","item":"https:\/\/www.drazouz.com\/es\/transferencia-de-grasa-facial\/"},{"@type":"ListItem","position":5,"name":"Injerto de Grasa Debajo de los Ojos\/Canal Lagrimal"}]},{"@type":"WebSite","@id":"https:\/\/www.drazouz.com\/es\/#website","url":"https:\/\/www.drazouz.com\/es\/","name":"Azouz Cirug\u00eda Pl\u00e1stica y Est\u00e9tica","description":"","potentialAction":[{"@type":"SearchAction","target":{"@type":"EntryPoint","urlTemplate":"https:\/\/www.drazouz.com\/es\/?s={search_term_string}"},"query-input":{"@type":"PropertyValueSpecification","valueRequired":true,"valueName":"search_term_string"}}],"inLanguage":"es"}]}},"_links":{"self":[{"href":"https:\/\/www.drazouz.com\/es\/wp-json\/wp\/v2\/pages\/9927","targetHints":{"allow":["GET"]}}],"collection":[{"href":"https:\/\/www.drazouz.com\/es\/wp-json\/wp\/v2\/pages"}],"about":[{"href":"https:\/\/www.drazouz.com\/es\/wp-json\/wp\/v2\/types\/page"}],"author":[{"embeddable":true,"href":"https:\/\/www.drazouz.com\/es\/wp-json\/wp\/v2\/users\/1"}],"replies":[{"embeddable":true,"href":"https:\/\/www.drazouz.com\/es\/wp-json\/wp\/v2\/comments?post=9927"}],"version-history":[{"count":3,"href":"https:\/\/www.drazouz.com\/es\/wp-json\/wp\/v2\/pages\/9927\/revisions"}],"predecessor-version":[{"id":9932,"href":"https:\/\/www.drazouz.com\/es\/wp-json\/wp\/v2\/pages\/9927\/revisions\/9932"}],"up":[{"embeddable":true,"href":"https:\/\/www.drazouz.com\/es\/wp-json\/wp\/v2\/pages\/9884"}],"wp:featuredmedia":[{"embeddable":true,"href":"https:\/\/www.drazouz.com\/es\/wp-json\/wp\/v2\/media\/9926"}],"wp:attachment":[{"href":"https:\/\/www.drazouz.com\/es\/wp-json\/wp\/v2\/media?parent=9927"}],"curies":[{"name":"wp","href":"https:\/\/api.w.org\/{rel}","templated":true}]}}