{"id":9916,"date":"2022-07-22T04:36:21","date_gmt":"2022-07-22T09:36:21","guid":{"rendered":"https:\/\/www.drazouz.com\/?page_id=9916"},"modified":"2024-02-21T11:11:08","modified_gmt":"2024-02-21T16:11:08","slug":"lineas-de-sonrisa-patas-de-gallo","status":"publish","type":"page","link":"https:\/\/www.drazouz.com\/es\/lineas-de-sonrisa-patas-de-gallo\/","title":{"rendered":"L\u00edneas de sonrisa\/Patas de gallo"},"content":{"rendered":"<p>Las patas de gallo y las l\u00edneas de la sonrisa son problemas t\u00edpicos que empeoran con la edad y reflejan el proceso natural de envejecimiento. <a href=\"https:\/\/www.drazouz.com\/es\/meet-dr-solomon-azouz\/\">Dr. Solomon Azouz<\/a> en Azouz Plastic &amp; Cosmetic Surgery comprende c\u00f3mo estas l\u00edneas pueden afectar la apariencia de una persona y ofrece tratamientos personalizados para abordar y rejuvenecer sus caracter\u00edsticas. El tratamiento de referencia para las patas de gallo son los neuromoduladores no quir\u00fargicos como <a href=\"https:\/\/www.cassondralee.com\/injectables\">Botox\u2122, Dysport, Juveau y Daxify<\/a>.<\/p>\n<p>Cuando sonr\u00edes, el levantamiento natural de tus labios y mejillas llama la atenci\u00f3n sobre la depresi\u00f3n que se forma entre tu nariz y tus p\u00f3mulos. Debido a que la piel joven tiene mucho col\u00e1geno y flexibilidad, vuelve r\u00e1pidamente a su superficie lisa despu\u00e9s de sonre\u00edr. Pero a medida que envejeces, la gravedad empuja la piel y las estructuras subyacentes hacia abajo, y tu col\u00e1geno y elasticidad disminuyen. Como resultado, se desarrollan arrugas profundas llamadas patas de gallo o l\u00edneas de sonrisa desde el lado de la nariz hasta la comisura de la boca.<\/p>\n<h2>Entendiendo las L\u00edneas de la Sonrisa<\/h2>\n<p><img loading=\"lazy\" decoding=\"async\" src=\"https:\/\/www.drazouz.com\/wp-content\/uploads\/2024\/02\/image-022105.jpeg\" alt=\"tratamiento para l\u00edneas de sonrisa y patas de gallo\" width=\"450\" height=\"282\" class=\"size-full wp-image-12359 alignright\" srcset=\"https:\/\/www.drazouz.com\/wp-content\/uploads\/2024\/02\/image-022105.jpeg 1024w, https:\/\/www.drazouz.com\/wp-content\/uploads\/2024\/02\/image-022105-300x188.jpeg 300w, https:\/\/www.drazouz.com\/wp-content\/uploads\/2024\/02\/image-022105-768x481.jpeg 768w\" sizes=\"auto, (max-width: 450px) 100vw, 450px\" \/>Cuando sonr\u00edes, el levantamiento natural de tus labios y mejillas llama la atenci\u00f3n sobre la depresi\u00f3n que se forma entre tu nariz y tus p\u00f3mulos. Debido a que la piel joven tiene mucho col\u00e1geno y flexibilidad, vuelve r\u00e1pidamente a su superficie lisa despu\u00e9s de sonre\u00edr. Pero a medida que envejeces, la gravedad empuja la piel y las estructuras subyacentes hacia abajo, y tu col\u00e1geno y elasticidad disminuyen. Como resultado, se desarrollan arrugas profundas llamadas patas de gallo o l\u00edneas de sonrisa desde el lado de la nariz hasta la comisura de la boca.<\/p>\n<h2>Tratamiento para las L\u00edneas de la Sonrisa:<\/h2>\n<p>Para remodelar tus rasgos faciales y borrar las patas de gallo, el Dr. Azouz ofrece m\u00faltiples opciones de tratamiento quir\u00fargico y no quir\u00fargico. La <a href=\"https:\/\/www.drazouz.com\/es\/facial-fat-transfers\/\">transferencia de grasa facial o el injerto de nano grasa<\/a> es un tratamiento exitoso para casos leves. Usando la <a href=\"https:\/\/www.drazouz.com\/es\/liposuction\">liposucci\u00f3n<\/a>, la grasa se extrae de una secci\u00f3n del cuerpo y se centrifuga. Luego, las c\u00e9lulas grasas y las c\u00e9lulas madre se inyectan cuidadosamente en las \u00e1reas que necesitan volumen. Bajo la direcci\u00f3n de la habilidad del Dr. Azouz, este procedimiento de relleno natural revitaliza la piel. Botox a menudo es una soluci\u00f3n no quir\u00fargica superior, sin embargo, involucra procedimientos repetidos. Daxify de larga duraci\u00f3n puede mejorar el proceso.<\/p>\n<p><img loading=\"lazy\" decoding=\"async\" src=\"https:\/\/www.drazouz.com\/wp-content\/uploads\/2024\/02\/image-022104.jpeg\" alt=\"l\u00edneas de sonrisa y patas de gallo\" width=\"700\" height=\"468\" class=\"size-full wp-image-12357 aligncenter\" srcset=\"https:\/\/www.drazouz.com\/wp-content\/uploads\/2024\/02\/image-022104.jpeg 1024w, https:\/\/www.drazouz.com\/wp-content\/uploads\/2024\/02\/image-022104-300x200.jpeg 300w, https:\/\/www.drazouz.com\/wp-content\/uploads\/2024\/02\/image-022104-768x513.jpeg 768w\" sizes=\"auto, (max-width: 700px) 100vw, 700px\" \/><\/p>\n<div class=\"row\">\n<div class=\"col-lg-8 d-flex justify-content-center flex-column text-left\">\n<h3 class=\"mt-lg-0\">Programa tu consulta con el Dr. Azouz<\/h3>\n<p>Si est\u00e1s buscando un tratamiento personalizado para las l\u00edneas de la sonrisa, contacta a Azouz Plastic &amp; Cosmetic Surgery para una consulta exhaustiva llamando a la oficina al <a href=\"tel:9727028888\" class=\"phone_anchor \" aria-label=\"ll\u00e1manos (972) 702-8888\">(972) 702-8888<\/a>. El cirujano pl\u00e1stico certificado por la junta, el Dr. Azouz, realizar\u00e1 un examen completo y trabajar\u00e1 contigo para crear un plan de tratamiento que resulte en una apariencia renovada y rejuvenecida adaptada a tus necesidades \u00fanicas.\n<\/p><\/div>\n<div class=\"col-lg-4 d-flex justify-content-center\"><img loading=\"lazy\" decoding=\"async\" src=\"https:\/\/www.drazouz.com\/wp-content\/uploads\/2024\/02\/Dr.-Solomon-Azouz-_-Plastic-Surgery-in-Dallas-TX.jpg\" alt=\"Dr. Salom\u00f3n Azouz | Cirug\u00eda pl\u00e1stica en Dallas, TX\" width=\"400\" height=\"533\" class=\"size-full wp-image-12352 alignnone my-3\" srcset=\"https:\/\/www.drazouz.com\/wp-content\/uploads\/2024\/02\/Dr.-Solomon-Azouz-_-Plastic-Surgery-in-Dallas-TX.jpg 1024w, https:\/\/www.drazouz.com\/wp-content\/uploads\/2024\/02\/Dr.-Solomon-Azouz-_-Plastic-Surgery-in-Dallas-TX-225x300.jpg 225w, https:\/\/www.drazouz.com\/wp-content\/uploads\/2024\/02\/Dr.-Solomon-Azouz-_-Plastic-Surgery-in-Dallas-TX-768x1024.jpg 768w\" sizes=\"auto, (max-width: 400px) 100vw, 400px\" \/><\/div>\n<\/div>\n","protected":false},"excerpt":{"rendered":"<p>Las patas de gallo y las l\u00edneas de la sonrisa son problemas t\u00edpicos que empeoran con la<br \/><a href=\"https:\/\/www.drazouz.com\/es\/lineas-de-sonrisa-patas-de-gallo\/\" class=\"btn btn-blue mt-3\">Sigue leyendo<\/a><\/p>\n","protected":false},"author":1,"featured_media":12348,"parent":9884,"menu_order":0,"comment_status":"closed","ping_status":"closed","template":"","meta":{"_acf_changed":false,"footnotes":""},"class_list":["post-9916","page","type-page","status-publish","has-post-thumbnail"],"acf":[],"yoast_head":"<!-- This site is optimized with the Yoast SEO plugin v27.4 - https:\/\/yoast.com\/product\/yoast-seo-wordpress\/ -->\n<title>L\u00edneas de sonrisa\/Patas de gallo | Azouz Cirug\u00eda Pl\u00e1stica y Est\u00e9tica<\/title>\n<meta name=\"robots\" content=\"index, follow, max-snippet:-1, max-image-preview:large, max-video-preview:-1\" \/>\n<link rel=\"canonical\" href=\"https:\/\/www.drazouz.com\/es\/lineas-de-sonrisa-patas-de-gallo\/\" \/>\n<meta property=\"og:locale\" content=\"es_ES\" \/>\n<meta property=\"og:type\" content=\"article\" \/>\n<meta property=\"og:title\" content=\"L\u00edneas de sonrisa\/Patas de gallo | Azouz Cirug\u00eda Pl\u00e1stica y Est\u00e9tica\" \/>\n<meta property=\"og:description\" content=\"Las patas de gallo y las l\u00edneas de la sonrisa son problemas t\u00edpicos que empeoran con laSigue leyendo\" \/>\n<meta property=\"og:url\" content=\"https:\/\/www.drazouz.com\/es\/lineas-de-sonrisa-patas-de-gallo\/\" \/>\n<meta property=\"og:site_name\" content=\"Azouz Cirug\u00eda Pl\u00e1stica y Est\u00e9tica\" \/>\n<meta property=\"article:modified_time\" content=\"2024-02-21T16:11:08+00:00\" \/>\n<meta property=\"og:image\" content=\"https:\/\/www.drazouz.com\/wp-content\/uploads\/2024\/02\/header-image-022102.jpeg\" \/>\n<meta name=\"twitter:card\" content=\"summary_large_image\" \/>\n<meta name=\"twitter:image\" content=\"https:\/\/www.drazouz.com\/wp-content\/uploads\/2024\/02\/header-image-022102.jpeg\" \/>\n<meta name=\"twitter:label1\" content=\"Tiempo de lectura\" \/>\n\t<meta name=\"twitter:data1\" content=\"3 minutos\" \/>\n<!-- \/ Yoast SEO plugin. -->","yoast_head_json":{"title":"L\u00edneas de sonrisa\/Patas de gallo | Azouz Cirug\u00eda Pl\u00e1stica y Est\u00e9tica","robots":{"index":"index","follow":"follow","max-snippet":"max-snippet:-1","max-image-preview":"max-image-preview:large","max-video-preview":"max-video-preview:-1"},"canonical":"https:\/\/www.drazouz.com\/es\/lineas-de-sonrisa-patas-de-gallo\/","og_locale":"es_ES","og_type":"article","og_title":"L\u00edneas de sonrisa\/Patas de gallo | Azouz Cirug\u00eda Pl\u00e1stica y Est\u00e9tica","og_description":"Las patas de gallo y las l\u00edneas de la sonrisa son problemas t\u00edpicos que empeoran con laSigue leyendo","og_url":"https:\/\/www.drazouz.com\/es\/lineas-de-sonrisa-patas-de-gallo\/","og_site_name":"Azouz Cirug\u00eda Pl\u00e1stica y Est\u00e9tica","article_modified_time":"2024-02-21T16:11:08+00:00","og_image":[{"url":"https:\/\/www.drazouz.com\/wp-content\/uploads\/2024\/02\/header-image-022102.jpeg","type":"","width":"","height":""}],"twitter_card":"summary_large_image","twitter_image":"https:\/\/www.drazouz.com\/wp-content\/uploads\/2024\/02\/header-image-022102.jpeg","twitter_misc":{"Tiempo de lectura":"3 minutos"},"schema":{"@context":"https:\/\/schema.org","@graph":[{"@type":"WebPage","@id":"https:\/\/www.drazouz.com\/es\/lineas-de-sonrisa-patas-de-gallo\/","url":"https:\/\/www.drazouz.com\/es\/lineas-de-sonrisa-patas-de-gallo\/","name":"L\u00edneas de sonrisa\/Patas de gallo | Azouz Cirug\u00eda Pl\u00e1stica y Est\u00e9tica","isPartOf":{"@id":"https:\/\/www.drazouz.com\/es\/#website"},"primaryImageOfPage":{"@id":"https:\/\/www.drazouz.com\/es\/lineas-de-sonrisa-patas-de-gallo\/#primaryimage"},"image":{"@id":"https:\/\/www.drazouz.com\/es\/lineas-de-sonrisa-patas-de-gallo\/#primaryimage"},"thumbnailUrl":"https:\/\/www.drazouz.com\/wp-content\/uploads\/2024\/02\/header-image-022102.jpeg","datePublished":"2022-07-22T09:36:21+00:00","dateModified":"2024-02-21T16:11:08+00:00","breadcrumb":{"@id":"https:\/\/www.drazouz.com\/es\/lineas-de-sonrisa-patas-de-gallo\/#breadcrumb"},"inLanguage":"es","potentialAction":[{"@type":"ReadAction","target":["https:\/\/www.drazouz.com\/es\/lineas-de-sonrisa-patas-de-gallo\/"]}]},{"@type":"ImageObject","inLanguage":"es","@id":"https:\/\/www.drazouz.com\/es\/lineas-de-sonrisa-patas-de-gallo\/#primaryimage","url":"https:\/\/www.drazouz.com\/wp-content\/uploads\/2024\/02\/header-image-022102.jpeg","contentUrl":"https:\/\/www.drazouz.com\/wp-content\/uploads\/2024\/02\/header-image-022102.jpeg","width":1928,"height":815,"caption":"crows feet and smile lines treatment"},{"@type":"BreadcrumbList","@id":"https:\/\/www.drazouz.com\/es\/lineas-de-sonrisa-patas-de-gallo\/#breadcrumb","itemListElement":[{"@type":"ListItem","position":1,"name":"Home","item":"https:\/\/www.drazouz.com\/es\/"},{"@type":"ListItem","position":2,"name":"Procedimientos","item":"https:\/\/www.drazouz.com\/es\/procedimientos\/"},{"@type":"ListItem","position":3,"name":"Rostro","item":"https:\/\/www.drazouz.com\/es\/face\/"},{"@type":"ListItem","position":4,"name":"Transferencia de Grasa Facial","item":"https:\/\/www.drazouz.com\/es\/transferencia-de-grasa-facial\/"},{"@type":"ListItem","position":5,"name":"L\u00edneas de sonrisa\/Patas de gallo"}]},{"@type":"WebSite","@id":"https:\/\/www.drazouz.com\/es\/#website","url":"https:\/\/www.drazouz.com\/es\/","name":"Azouz Cirug\u00eda Pl\u00e1stica y Est\u00e9tica","description":"","potentialAction":[{"@type":"SearchAction","target":{"@type":"EntryPoint","urlTemplate":"https:\/\/www.drazouz.com\/es\/?s={search_term_string}"},"query-input":{"@type":"PropertyValueSpecification","valueRequired":true,"valueName":"search_term_string"}}],"inLanguage":"es"}]}},"_links":{"self":[{"href":"https:\/\/www.drazouz.com\/es\/wp-json\/wp\/v2\/pages\/9916","targetHints":{"allow":["GET"]}}],"collection":[{"href":"https:\/\/www.drazouz.com\/es\/wp-json\/wp\/v2\/pages"}],"about":[{"href":"https:\/\/www.drazouz.com\/es\/wp-json\/wp\/v2\/types\/page"}],"author":[{"embeddable":true,"href":"https:\/\/www.drazouz.com\/es\/wp-json\/wp\/v2\/users\/1"}],"replies":[{"embeddable":true,"href":"https:\/\/www.drazouz.com\/es\/wp-json\/wp\/v2\/comments?post=9916"}],"version-history":[{"count":9,"href":"https:\/\/www.drazouz.com\/es\/wp-json\/wp\/v2\/pages\/9916\/revisions"}],"predecessor-version":[{"id":12417,"href":"https:\/\/www.drazouz.com\/es\/wp-json\/wp\/v2\/pages\/9916\/revisions\/12417"}],"up":[{"embeddable":true,"href":"https:\/\/www.drazouz.com\/es\/wp-json\/wp\/v2\/pages\/9884"}],"wp:featuredmedia":[{"embeddable":true,"href":"https:\/\/www.drazouz.com\/es\/wp-json\/wp\/v2\/media\/12348"}],"wp:attachment":[{"href":"https:\/\/www.drazouz.com\/es\/wp-json\/wp\/v2\/media?parent=9916"}],"curies":[{"name":"wp","href":"https:\/\/api.w.org\/{rel}","templated":true}]}}