{"id":9903,"date":"2022-07-22T04:33:40","date_gmt":"2022-07-22T09:33:40","guid":{"rendered":"https:\/\/www.drazouz.com\/?page_id=9903"},"modified":"2023-12-21T08:24:13","modified_gmt":"2023-12-21T13:24:13","slug":"tratamiento-para-la-flacidez-de-la-papada","status":"publish","type":"page","link":"https:\/\/www.drazouz.com\/es\/tratamiento-para-la-flacidez-de-la-papada\/","title":{"rendered":"Tratamiento para la Flacidez de la Papada"},"content":{"rendered":"<p>El proceso natural de envejecimiento resulta en una queja com\u00fan: la frustraci\u00f3n causada por la flacidez de la papada. Independientemente de cu\u00e1n en forma puedas estar o de cu\u00e1n joven te sientas, la flacidez de la papada puede evocar instant\u00e1neamente la imagen de una apariencia cansada y desgastada.<\/p>\n<p>La flacidez de la papada se debe al proceso natural de envejecimiento. Con el tiempo, los m\u00fasculos de nuestra cara se relajan y se desplazan hacia abajo. La p\u00e9rdida de col\u00e1geno y grasa crea piel suelta, que se vuelve fl\u00e1cida y cae. Cuando cuelga a lo largo o debajo de la l\u00ednea de la mand\u00edbula, esto se llama flacidez de la papada. El tratamiento necesario para la flacidez de la papada depender\u00e1 de la gravedad de la flacidez.<\/p>\n<h2>Transferencia de Grasa Facial para una Leve Laxitud<\/h2>\n<p>Si tienes una leve flacidez de la papada, la <a title=\"Transferencias de Grasa Facial en Dallas TX\" href=\"https:\/\/www.drazouz.com\/es\/facial-fat-transfers\/\"><em><strong>transferencia de grasa facial<\/strong><\/em><\/a> puede ser una opci\u00f3n para ti. Como alternativa natural a los rellenos sint\u00e9ticos, la transferencia de grasa facial utiliza la liposucci\u00f3n para eliminar grasa de una parte de tu cuerpo e inyectarla en otra. Este procedimiento seguro puede proporcionar resultados dram\u00e1ticos y restaurar el volumen perdido necesario para rellenar la piel y eliminar la papada. Al dirigirse a la mejilla para elevarla y a la l\u00ednea de la mand\u00edbula para contornearla, puedes evitar la papada durante muchos a\u00f1os con este tratamiento duradero para la flacidez de la papada.<\/p>\n<h3>Estiramiento Facial y de Cuello para la Flacidez de la Papada<\/h3>\n<p>Un estiramiento facial preciso es el est\u00e1ndar de oro para eliminar la flacidez de la papada. Tambi\u00e9n abordar\u00e1 las l\u00edneas de marioneta, los pliegues nasolabiales y se puede combinar con otros procedimientos para tratar las arrugas en la frente, los p\u00e1rpados pesados y las bolsas en los ojos. El Dr. Azouz utiliza un enfoque m\u00ednimamente invasivo para mejorar los resultados y reducir el tiempo de inactividad despu\u00e9s de la cirug\u00eda.<\/p>\n<p>Un estiramiento de cuello tambi\u00e9n abordar\u00e1 la papada corrigiendo el contorno de la l\u00ednea de la mand\u00edbula y el cuello. Al eliminar la laxitud de la piel en la parte inferior de la cara y quitar el exceso de piel del cuello, mejoras significativamente la definici\u00f3n de tu l\u00ednea de la mand\u00edbula. Esto crea una silueta est\u00e9ticamente agradable y puede retroceder el reloj muchos a\u00f1os. Un estiramiento de cuello y un estiramiento facial pueden realizarse juntos.<\/p>\n<p><a title=\"Contacta a Azouz Cirug\u00eda Pl\u00e1stica y Cosm\u00e9tica en Dallas TX\" href=\"https:\/\/www.drazouz.com\/es\/contact\/\"><em><strong>Contacta a Azouz Plastic &#038; Cosmetic Surgery<\/strong><\/em><\/a> hoy para discutir tus opciones para la flacidez de la papada y recuperar la apariencia juvenil y contorneada que has estado extra\u00f1ando.<\/p>\n","protected":false},"excerpt":{"rendered":"<p>El proceso natural de envejecimiento resulta en una queja com\u00fan: la frustraci\u00f3n causada por la flacidez de<br \/><a href=\"https:\/\/www.drazouz.com\/es\/tratamiento-para-la-flacidez-de-la-papada\/\" class=\"btn btn-blue mt-3\">Sigue leyendo<\/a><\/p>\n","protected":false},"author":1,"featured_media":9912,"parent":9884,"menu_order":0,"comment_status":"closed","ping_status":"closed","template":"","meta":{"_acf_changed":false,"footnotes":""},"class_list":["post-9903","page","type-page","status-publish","has-post-thumbnail"],"acf":[],"yoast_head":"<!-- This site is optimized with the Yoast SEO plugin v27.4 - https:\/\/yoast.com\/product\/yoast-seo-wordpress\/ -->\n<title>Tratamiento para la Flacidez de la Papada | Azouz Cirug\u00eda Pl\u00e1stica y Est\u00e9tica<\/title>\n<meta name=\"robots\" content=\"index, follow, max-snippet:-1, max-image-preview:large, max-video-preview:-1\" \/>\n<link rel=\"canonical\" href=\"https:\/\/www.drazouz.com\/es\/tratamiento-para-la-flacidez-de-la-papada\/\" \/>\n<meta property=\"og:locale\" content=\"es_ES\" \/>\n<meta property=\"og:type\" content=\"article\" \/>\n<meta property=\"og:title\" content=\"Tratamiento para la Flacidez de la Papada | Azouz Cirug\u00eda Pl\u00e1stica y Est\u00e9tica\" \/>\n<meta property=\"og:description\" content=\"El proceso natural de envejecimiento resulta en una queja com\u00fan: la frustraci\u00f3n causada por la flacidez deSigue leyendo\" \/>\n<meta property=\"og:url\" content=\"https:\/\/www.drazouz.com\/es\/tratamiento-para-la-flacidez-de-la-papada\/\" \/>\n<meta property=\"og:site_name\" content=\"Azouz Cirug\u00eda Pl\u00e1stica y Est\u00e9tica\" \/>\n<meta property=\"article:modified_time\" content=\"2023-12-21T13:24:13+00:00\" \/>\n<meta property=\"og:image\" content=\"https:\/\/www.drazouz.com\/wp-content\/uploads\/2023\/12\/header-image-1221014.jpeg\" \/>\n<meta name=\"twitter:card\" content=\"summary_large_image\" \/>\n<meta name=\"twitter:image\" content=\"https:\/\/www.drazouz.com\/wp-content\/uploads\/2023\/12\/header-image-1221014.jpeg\" \/>\n<meta name=\"twitter:label1\" content=\"Tiempo de lectura\" \/>\n\t<meta name=\"twitter:data1\" content=\"2 minutos\" \/>\n<!-- \/ Yoast SEO plugin. -->","yoast_head_json":{"title":"Tratamiento para la Flacidez de la Papada | Azouz Cirug\u00eda Pl\u00e1stica y Est\u00e9tica","robots":{"index":"index","follow":"follow","max-snippet":"max-snippet:-1","max-image-preview":"max-image-preview:large","max-video-preview":"max-video-preview:-1"},"canonical":"https:\/\/www.drazouz.com\/es\/tratamiento-para-la-flacidez-de-la-papada\/","og_locale":"es_ES","og_type":"article","og_title":"Tratamiento para la Flacidez de la Papada | Azouz Cirug\u00eda Pl\u00e1stica y Est\u00e9tica","og_description":"El proceso natural de envejecimiento resulta en una queja com\u00fan: la frustraci\u00f3n causada por la flacidez deSigue leyendo","og_url":"https:\/\/www.drazouz.com\/es\/tratamiento-para-la-flacidez-de-la-papada\/","og_site_name":"Azouz Cirug\u00eda Pl\u00e1stica y Est\u00e9tica","article_modified_time":"2023-12-21T13:24:13+00:00","og_image":[{"url":"https:\/\/www.drazouz.com\/wp-content\/uploads\/2023\/12\/header-image-1221014.jpeg","type":"","width":"","height":""}],"twitter_card":"summary_large_image","twitter_image":"https:\/\/www.drazouz.com\/wp-content\/uploads\/2023\/12\/header-image-1221014.jpeg","twitter_misc":{"Tiempo de lectura":"2 minutos"},"schema":{"@context":"https:\/\/schema.org","@graph":[{"@type":"WebPage","@id":"https:\/\/www.drazouz.com\/es\/tratamiento-para-la-flacidez-de-la-papada\/","url":"https:\/\/www.drazouz.com\/es\/tratamiento-para-la-flacidez-de-la-papada\/","name":"Tratamiento para la Flacidez de la Papada | Azouz Cirug\u00eda Pl\u00e1stica y Est\u00e9tica","isPartOf":{"@id":"https:\/\/www.drazouz.com\/es\/#website"},"primaryImageOfPage":{"@id":"https:\/\/www.drazouz.com\/es\/tratamiento-para-la-flacidez-de-la-papada\/#primaryimage"},"image":{"@id":"https:\/\/www.drazouz.com\/es\/tratamiento-para-la-flacidez-de-la-papada\/#primaryimage"},"thumbnailUrl":"https:\/\/www.drazouz.com\/wp-content\/uploads\/2023\/12\/header-image-1221014.jpeg","datePublished":"2022-07-22T09:33:40+00:00","dateModified":"2023-12-21T13:24:13+00:00","breadcrumb":{"@id":"https:\/\/www.drazouz.com\/es\/tratamiento-para-la-flacidez-de-la-papada\/#breadcrumb"},"inLanguage":"es","potentialAction":[{"@type":"ReadAction","target":["https:\/\/www.drazouz.com\/es\/tratamiento-para-la-flacidez-de-la-papada\/"]}]},{"@type":"ImageObject","inLanguage":"es","@id":"https:\/\/www.drazouz.com\/es\/tratamiento-para-la-flacidez-de-la-papada\/#primaryimage","url":"https:\/\/www.drazouz.com\/wp-content\/uploads\/2023\/12\/header-image-1221014.jpeg","contentUrl":"https:\/\/www.drazouz.com\/wp-content\/uploads\/2023\/12\/header-image-1221014.jpeg","width":1918,"height":815,"caption":"the face of middle-aged woman"},{"@type":"BreadcrumbList","@id":"https:\/\/www.drazouz.com\/es\/tratamiento-para-la-flacidez-de-la-papada\/#breadcrumb","itemListElement":[{"@type":"ListItem","position":1,"name":"Home","item":"https:\/\/www.drazouz.com\/es\/"},{"@type":"ListItem","position":2,"name":"Procedimientos","item":"https:\/\/www.drazouz.com\/es\/procedimientos\/"},{"@type":"ListItem","position":3,"name":"Rostro","item":"https:\/\/www.drazouz.com\/es\/face\/"},{"@type":"ListItem","position":4,"name":"Transferencia de Grasa Facial","item":"https:\/\/www.drazouz.com\/es\/transferencia-de-grasa-facial\/"},{"@type":"ListItem","position":5,"name":"Tratamiento para la Flacidez de la Papada"}]},{"@type":"WebSite","@id":"https:\/\/www.drazouz.com\/es\/#website","url":"https:\/\/www.drazouz.com\/es\/","name":"Azouz Cirug\u00eda Pl\u00e1stica y Est\u00e9tica","description":"","potentialAction":[{"@type":"SearchAction","target":{"@type":"EntryPoint","urlTemplate":"https:\/\/www.drazouz.com\/es\/?s={search_term_string}"},"query-input":{"@type":"PropertyValueSpecification","valueRequired":true,"valueName":"search_term_string"}}],"inLanguage":"es"}]}},"_links":{"self":[{"href":"https:\/\/www.drazouz.com\/es\/wp-json\/wp\/v2\/pages\/9903","targetHints":{"allow":["GET"]}}],"collection":[{"href":"https:\/\/www.drazouz.com\/es\/wp-json\/wp\/v2\/pages"}],"about":[{"href":"https:\/\/www.drazouz.com\/es\/wp-json\/wp\/v2\/types\/page"}],"author":[{"embeddable":true,"href":"https:\/\/www.drazouz.com\/es\/wp-json\/wp\/v2\/users\/1"}],"replies":[{"embeddable":true,"href":"https:\/\/www.drazouz.com\/es\/wp-json\/wp\/v2\/comments?post=9903"}],"version-history":[{"count":3,"href":"https:\/\/www.drazouz.com\/es\/wp-json\/wp\/v2\/pages\/9903\/revisions"}],"predecessor-version":[{"id":9905,"href":"https:\/\/www.drazouz.com\/es\/wp-json\/wp\/v2\/pages\/9903\/revisions\/9905"}],"up":[{"embeddable":true,"href":"https:\/\/www.drazouz.com\/es\/wp-json\/wp\/v2\/pages\/9884"}],"wp:featuredmedia":[{"embeddable":true,"href":"https:\/\/www.drazouz.com\/es\/wp-json\/wp\/v2\/media\/9912"}],"wp:attachment":[{"href":"https:\/\/www.drazouz.com\/es\/wp-json\/wp\/v2\/media?parent=9903"}],"curies":[{"name":"wp","href":"https:\/\/api.w.org\/{rel}","templated":true}]}}