{"id":9876,"date":"2022-07-22T04:27:00","date_gmt":"2022-07-22T09:27:00","guid":{"rendered":"https:\/\/www.drazouz.com\/?page_id=9876"},"modified":"2024-03-05T04:00:35","modified_gmt":"2024-03-05T09:00:35","slug":"circulos-oscuros-debajo-de-los-ojos","status":"publish","type":"page","link":"https:\/\/www.drazouz.com\/es\/circulos-oscuros-debajo-de-los-ojos\/","title":{"rendered":"C\u00edrculos oscuros debajo de los ojos"},"content":{"rendered":"<p>Una de las razones m\u00e1s comunes por las que las personas buscan a un cirujano pl\u00e1stico facial es para el tratamiento de las ojeras. Algunas personas tienen naturalmente ojeras m\u00e1s oscuras o huecos debajo de los ojos, y las ojeras pueden aparecer a cualquier edad. Las ojeras m\u00e1s oscuras o los huecos debajo de los ojos pueden ser el resultado de la p\u00e9rdida de grasa y col\u00e1geno que acompa\u00f1a al envejecimiento. Esto puede crear ojeras a\u00fan m\u00e1s significativas. Para algunas personas, la p\u00e9rdida de volumen es desigual y la oscuridad debajo de los ojos puede ser causada por el exceso de grasa, o \u00abbolsas en los ojos\u00bb. Las bolsas en los ojos tambi\u00e9n pueden formarse a medida que las estructuras debajo del ojo se adelgazan y la grasa dentro de la cuenca del ojo se desplaza hacia adelante.  <a href=\"https:\/\/www.drazouz.com\/es\/meet-dr-solomon-azouz\/\">El cirujano pl\u00e1stico certificado por la junta de Dallas, el Dr. Solomon Azouz<\/a>, ofrece opciones de tratamiento tanto <a href=\"https:\/\/www.drazouz.com\/es\/facial-fat-transfers\/\">quir\u00fargicas<\/a> como <a href=\"https:\/\/www.drazouz.com\/es\/skinbetter-science\/\">no quir\u00fargicas<\/a> para las ojeras debajo de los ojos.<\/p>\n<p><img loading=\"lazy\" decoding=\"async\" src=\"https:\/\/www.drazouz.com\/wp-content\/uploads\/2024\/02\/image-020501.jpeg\" alt=\"joven mir\u00e1ndose en el espejo, examinando las ojeras debajo de sus ojos en casa\" width=\"800\" height=\"534\" class=\"size-full wp-image-11747 aligncenter\" srcset=\"https:\/\/www.drazouz.com\/wp-content\/uploads\/2024\/02\/image-020501.jpeg 1024w, https:\/\/www.drazouz.com\/wp-content\/uploads\/2024\/02\/image-020501-300x200.jpeg 300w, https:\/\/www.drazouz.com\/wp-content\/uploads\/2024\/02\/image-020501-768x512.jpeg 768w\" sizes=\"auto, (max-width: 800px) 100vw, 800px\" \/><\/p>\n<h2>La Mejor Crema para Ojeras &#8211; Consejos de un Cirujano Pl\u00e1stico Facial<\/h2>\n<p>Aunque los procedimientos quir\u00fargicos se utilizan con frecuencia para tratar las ojeras, existen varias opciones no invasivas que pueden mejorar significativamente su apariencia. Su r\u00e9gimen de cuidado de la piel es su mejor recurso, y <a href=\"https:\/\/www.drazouz.com\/es\/skinbetter-science\/\">SkinBetter Science\u00ae<\/a> se destaca por tener f\u00f3rmulas de vanguardia. Aqu\u00ed hay algunas opciones que el Dr. Azouz recomienda para mejorar las ojeras para obtener ojos m\u00e1s radiantes y juveniles sin cirug\u00eda:<\/p>\n<div class=\"row mb-4 mb-md-4 mt-4 align-items-center skinbetter-table\">\n<div class=\"col-md-4\"><img loading=\"lazy\" decoding=\"async\" src=\"https:\/\/www.drazouz.com\/wp-content\/uploads\/2024\/01\/image-012314.jpeg\" alt=\"Crema InterFuse\u00ae Treatment - Ojos | foto antes y despu\u00e9s de 4 semanas, uso dos veces al d\u00eda\" width=\"404\" height=\"320\" class=\"alignnone size-full wp-image-11076\" srcset=\"https:\/\/www.drazouz.com\/wp-content\/uploads\/2024\/01\/image-012314.jpeg 404w, https:\/\/www.drazouz.com\/wp-content\/uploads\/2024\/01\/image-012314-300x238.jpeg 300w\" sizes=\"auto, (max-width: 404px) 100vw, 404px\" \/><\/div>\n<div class=\"col-md-8\"><a href=\"https:\/\/www.skinbetter.com\/shop-skincare\/product-category\/eye-care\/interfuse-treatment-cream-eye-M011.html\" target=\"_blank\" rel=\"noopener noreferrer\">Crema InterFuse Treatment Eyes<\/a>: Esta crema multiprop\u00f3sito aborda la hinchaz\u00f3n, la oscuridad y las patas de gallo debajo de los ojos. La niacinamida y los extractos de plantas trabajan para iluminar y equilibrar el tono de la piel mientras las part\u00edculas difusoras de luz ocultan r\u00e1pidamente las sombras. Al rellenar las arrugas y rellenar los huecos, el \u00e1cido hialur\u00f3nico mantiene la delicada \u00e1rea de los ojos hidratada. Consid\u00e9relo una defensa diaria contra la fatiga y los signos de envejecimiento.<\/div>\n<\/div>\n<div class=\"row mb-4 mb-md-4 mt-4 align-items-center skinbetter-table\">\n<div class=\"col-md-4\"><img loading=\"lazy\" decoding=\"async\" src=\"https:\/\/www.drazouz.com\/wp-content\/uploads\/2024\/02\/image-020504-1.jpeg\" alt=\"EyeMax AlphaRet Overnight | foto antes y despu\u00e9s del uso\" width=\"400\" height=\"251\" class=\"alignnone size-full wp-image-11785\" srcset=\"https:\/\/www.drazouz.com\/wp-content\/uploads\/2024\/02\/image-020504-1.jpeg 400w, https:\/\/www.drazouz.com\/wp-content\/uploads\/2024\/02\/image-020504-1-300x188.jpeg 300w\" sizes=\"auto, (max-width: 400px) 100vw, 400px\" \/><\/div>\n<div class=\"col-md-8\"><a href=\"https:\/\/www.skinbetter.com\/shop-skincare\/product-category\/eye-care\/eyemax-alpharet-overnight-cream-M009.html\" target=\"_blank\" rel=\"noopener noreferrer\">Crema EyeMax AlphaRet Overnight<\/a>: Este poderoso tratamiento va m\u00e1s all\u00e1 de resultados r\u00e1pidos. El componente principal, el retinaldeh\u00eddo, es una versi\u00f3n suave de la vitamina A que aumenta gradualmente la producci\u00f3n de col\u00e1geno, fortaleciendo la piel debajo de los ojos y reduciendo las sombras. Tambi\u00e9n elimina las peque\u00f1as arrugas y decoloraciones, brind\u00e1ndole una piel m\u00e1s firme y suave. Consid\u00e9relo una inversi\u00f3n a largo plazo para obtener ojos radiantes y juveniles.<\/div>\n<\/div>\n<div class=\"row mb-4 mb-md-4 mt-4 align-items-center skinbetter-table\">\n<div class=\"col-md-4\"><img loading=\"lazy\" decoding=\"async\" src=\"https:\/\/www.drazouz.com\/wp-content\/uploads\/2024\/01\/image-012323.jpeg\" alt=\"Gel Instant Effect Eye | foto antes y despu\u00e9s de 4 semanas, uso dos veces al d\u00eda\" width=\"330\" height=\"260\" class=\"alignnone size-full wp-image-11119\" srcset=\"https:\/\/www.drazouz.com\/wp-content\/uploads\/2024\/01\/image-012323.jpeg 330w, https:\/\/www.drazouz.com\/wp-content\/uploads\/2024\/01\/image-012323-300x236.jpeg 300w\" sizes=\"auto, (max-width: 330px) 100vw, 330px\" \/><\/div>\n<div class=\"col-md-8\"><a href=\"https:\/\/www.skinbetter.com\/shop-skincare\/product-category\/eye-care\/instant-effect-gel-eye-M019.html\" target=\"_blank\" rel=\"noopener noreferrer\">Gel Instant Effect Eye<\/a>: \u00bfBusca un tratamiento r\u00e1pido para ojos hinchados y cansados? Este gel refrescante es la opci\u00f3n ideal. Mientras que el \u00e1cido hialur\u00f3nico rellena e hidrata, la cafe\u00edna encapsulada ilumina r\u00e1pidamente el \u00e1rea sensible. Para las ma\u00f1anas despu\u00e9s de una noche tard\u00eda o largos d\u00edas frente a pantallas, considere este producto como un estimulante energizante para sus ojos.<\/div>\n<\/div>\n<p>\u00a1Tenga en cuenta que la consistencia es esencial! Estos productos cient\u00edficamente probados de SkinBetter Science\u00ae pueden darle una apariencia m\u00e1s joven y brillante sin necesidad de cirug\u00eda si los usa regularmente.<\/p>\n<h2><img loading=\"lazy\" decoding=\"async\" src=\"https:\/\/www.drazouz.com\/wp-content\/uploads\/2024\/02\/image-020502.jpeg\" alt=\"hermoso rostro de mujer joven, ojeras debajo de los ojos\" width=\"400\" height=\"267\" class=\"size-full wp-image-11755 alignleft\" srcset=\"https:\/\/www.drazouz.com\/wp-content\/uploads\/2024\/02\/image-020502.jpeg 1024w, https:\/\/www.drazouz.com\/wp-content\/uploads\/2024\/02\/image-020502-300x200.jpeg 300w, https:\/\/www.drazouz.com\/wp-content\/uploads\/2024\/02\/image-020502-768x512.jpeg 768w\" sizes=\"auto, (max-width: 400px) 100vw, 400px\" \/>Trate las Ojeras y Huecos con Injertos de Grasa<\/h2>\n<p>La apariencia cansada causada por ojos inferiores oscuros o ca\u00eddos puede envejecer. Puede dejarlo con una apariencia cr\u00f3nicamente cansada o incluso hacer que parezca enfermo. Un tratamiento para las ojeras debajo de los ojos es el <a href=\"https:\/\/www.drazouz.com\/es\/facial-fat-transfers\/\">injerto de grasa<\/a>. Tambi\u00e9n llamado transferencia de grasa facial, este procedimiento utiliza <a href=\"https:\/\/www.drazouz.com\/liposuction\/\">liposucci\u00f3n<\/a> para tomar grasa de otra \u00e1rea de su cuerpo. Despu\u00e9s de ser separada en una centr\u00edfuga, la grasa saludable y las c\u00e9lulas madre se inyectan en la regi\u00f3n inferior del ojo.<\/p>\n<h2>\u00bfCu\u00e1les son los beneficios de los injertos de grasa facial para las ojeras?<\/h2>\n<ul>\n<li><strong>Seguro y Natural:<\/strong> El injerto de grasa funciona como un relleno facial que es seguro y natural. Lo hace evitando materiales sint\u00e9ticos y asegurando que se mantenga la composici\u00f3n natural del cuerpo.<\/li>\n<li><strong>Restauraci\u00f3n del Volumen:<\/strong> El injerto de grasa reduce los huecos y levanta el \u00e1rea donde la luz puede reflejarse, por lo que se abordan las ojeras al ofrecer un peque\u00f1o coj\u00edn de grasa. Esto reduce la visibilidad de las ojeras y las sombras, brindando una apariencia rejuvenecida y juvenil.<\/li>\n<li><strong>Tratamiento Vers\u00e1til:<\/strong> El injerto de grasa puede tratar algunos tipos de bolsas en los ojos adem\u00e1s de las ojeras. Oculta la hinchaz\u00f3n alrededor de los ojos al rellenar los tejidos que los rodean.<\/li>\n<\/ul>\n<p style=\"text-align: center;\"><a href=\"https:\/\/www.drazouz.com\/es\/facial-fat-transfers\/\" class=\"btn btn-primary\">Obtenga m\u00e1s informaci\u00f3n sobre la transferencia de grasa facial<\/a><\/p>\n<h2>Blefaroplastia para Bolsas en los Ojos<\/h2>\n<p>Con el tiempo, el efecto de la gravedad hace que la piel y los tejidos subyacentes se caigan y se muevan hacia abajo. Esta fuerza puede tirar de la piel debajo del ojo, haciendo que las bolsas en los ojos sean a\u00fan m\u00e1s prominentes. Aunque el injerto de grasa funciona bien en muchas situaciones, las <a href=\"https:\/\/www.drazouz.com\/es\/droopy-eyelid-repair\/\">bolsas en los ojos ca\u00eddas o extensas<\/a> pueden requerir una estrategia diferente. Durante una <a href=\"https:\/\/www.drazouz.com\/es\/eyelid-surgery-blepharoplasty\/\">blefaroplastia del p\u00e1rpado inferior<\/a>, a veces llamada levantamiento del p\u00e1rpado inferior, el cirujano pl\u00e1stico certificado por la junta Dr. Azouz puede eliminar las cantidades exactas de grasa y piel extra con peque\u00f1as incisiones detr\u00e1s de la l\u00ednea de las pesta\u00f1as. Durante una cirug\u00eda de p\u00e1rpados, el Dr. Azouz levantar\u00e1 la piel fl\u00e1cida para mejorar el contorno y reducir la apariencia de ojos ca\u00eddos y huecos.<\/p>\n<h2>\u00bfCu\u00e1les son los beneficios de la cirug\u00eda de p\u00e1rpados para los ojos inferiores?<\/h2>\n<ul>\n<li><strong>Contornos Juveniles:<\/strong> Al eliminar la cantidad necesaria de grasa y garantizar una colocaci\u00f3n adecuada, una blefaroplastia resulta en contornos juveniles y una apariencia completamente renovada.<\/li>\n<li><strong>Correcci\u00f3n Personalizada:<\/strong> Una blefaroplastia es particularmente h\u00e1bil para corregir bolsas en los ojos severas, donde el injerto de grasa puede no proporcionar el resultado deseado.<\/li>\n<\/ul>\n<p style=\"text-align: center; margin-bottom:0.75rem;\"><a href=\"https:\/\/www.drazouz.com\/es\/eyelid-surgery-blepharoplasty\/\" class=\"btn btn-primary\">Obtenga m\u00e1s informaci\u00f3n sobre la cirug\u00eda de p\u00e1rpados<\/a><\/p>\n<div class=\"row\">\n<div class=\"col-lg-8 d-flex justify-content-center flex-column text-left\">\n<h3 class=\"mt-lg-0\">Agende su Consulta con el Dr. Azouz<\/h3>\n<p>Para explorar soluciones personalizadas para mejorar o rejuvenecer los contornos de sus ojos, comun\u00edquese con Azouz Plastic &#038; Cosmetic Surgery al <a href=\"tel:9727028888\" class=\"phone_anchor \" aria-label=\"ll\u00e1manos (972) 702-8888\">(972) 702-8888<\/a> para una consulta con el Dr. Azouz. Descubra las posibilidades transformadoras que los innovadores tratamientos para ojeras debajo de los ojos pueden ofrecer, adaptados para satisfacer sus necesidades \u00fanicas.\n<\/p><\/div>\n<div class=\"col-lg-4 d-flex justify-content-center\">\n<img loading=\"lazy\" decoding=\"async\" src=\"https:\/\/www.drazouz.com\/wp-content\/uploads\/2024\/02\/Solomon-Azouz-Solomon-Azouz-plastic-surgeon-frisco.jpeg\" alt=\"Solomon Azouz, MD, FACS, FRCS(C) | Cirug\u00eda de P\u00e1rpados en Dallas\" width=\"350\" height=\"489\" class=\"alignnone my-4 size-full wp-image-11792\" srcset=\"https:\/\/www.drazouz.com\/wp-content\/uploads\/2024\/02\/Solomon-Azouz-Solomon-Azouz-plastic-surgeon-frisco.jpeg 731w, https:\/\/www.drazouz.com\/wp-content\/uploads\/2024\/02\/Solomon-Azouz-Solomon-Azouz-plastic-surgeon-frisco-214x300.jpeg 214w\" sizes=\"auto, (max-width: 350px) 100vw, 350px\" \/>\n<\/div>\n<\/div>\n","protected":false},"excerpt":{"rendered":"<p>Una de las razones m\u00e1s comunes por las que las personas buscan a un cirujano pl\u00e1stico facial<br \/><a href=\"https:\/\/www.drazouz.com\/es\/circulos-oscuros-debajo-de-los-ojos\/\" class=\"btn btn-blue mt-3\">Sigue leyendo<\/a><\/p>\n","protected":false},"author":1,"featured_media":9873,"parent":9884,"menu_order":0,"comment_status":"closed","ping_status":"closed","template":"","meta":{"_acf_changed":false,"footnotes":""},"class_list":["post-9876","page","type-page","status-publish","has-post-thumbnail"],"acf":[],"yoast_head":"<!-- This site is optimized with the Yoast SEO plugin v27.4 - https:\/\/yoast.com\/product\/yoast-seo-wordpress\/ -->\n<title>C\u00edrculos oscuros debajo de los ojos | Azouz Cirug\u00eda Pl\u00e1stica y Est\u00e9tica<\/title>\n<meta name=\"robots\" content=\"index, follow, max-snippet:-1, max-image-preview:large, max-video-preview:-1\" \/>\n<link rel=\"canonical\" href=\"https:\/\/www.drazouz.com\/es\/circulos-oscuros-debajo-de-los-ojos\/\" \/>\n<meta property=\"og:locale\" content=\"es_ES\" \/>\n<meta property=\"og:type\" content=\"article\" \/>\n<meta property=\"og:title\" content=\"C\u00edrculos oscuros debajo de los ojos | Azouz Cirug\u00eda Pl\u00e1stica y Est\u00e9tica\" \/>\n<meta property=\"og:description\" content=\"Una de las razones m\u00e1s comunes por las que las personas buscan a un cirujano pl\u00e1stico facialSigue leyendo\" \/>\n<meta property=\"og:url\" content=\"https:\/\/www.drazouz.com\/es\/circulos-oscuros-debajo-de-los-ojos\/\" \/>\n<meta property=\"og:site_name\" content=\"Azouz Cirug\u00eda Pl\u00e1stica y Est\u00e9tica\" \/>\n<meta property=\"article:modified_time\" content=\"2024-03-05T09:00:35+00:00\" \/>\n<meta property=\"og:image\" content=\"https:\/\/www.drazouz.com\/wp-content\/uploads\/2023\/12\/header-image-1221012.jpeg\" \/>\n<meta name=\"twitter:card\" content=\"summary_large_image\" \/>\n<meta name=\"twitter:image\" content=\"https:\/\/www.drazouz.com\/wp-content\/uploads\/2023\/12\/header-image-1221012.jpeg\" \/>\n<meta name=\"twitter:label1\" content=\"Tiempo de lectura\" \/>\n\t<meta name=\"twitter:data1\" content=\"6 minutos\" \/>\n<!-- \/ Yoast SEO plugin. -->","yoast_head_json":{"title":"C\u00edrculos oscuros debajo de los ojos | Azouz Cirug\u00eda Pl\u00e1stica y Est\u00e9tica","robots":{"index":"index","follow":"follow","max-snippet":"max-snippet:-1","max-image-preview":"max-image-preview:large","max-video-preview":"max-video-preview:-1"},"canonical":"https:\/\/www.drazouz.com\/es\/circulos-oscuros-debajo-de-los-ojos\/","og_locale":"es_ES","og_type":"article","og_title":"C\u00edrculos oscuros debajo de los ojos | Azouz Cirug\u00eda Pl\u00e1stica y Est\u00e9tica","og_description":"Una de las razones m\u00e1s comunes por las que las personas buscan a un cirujano pl\u00e1stico facialSigue leyendo","og_url":"https:\/\/www.drazouz.com\/es\/circulos-oscuros-debajo-de-los-ojos\/","og_site_name":"Azouz Cirug\u00eda Pl\u00e1stica y Est\u00e9tica","article_modified_time":"2024-03-05T09:00:35+00:00","og_image":[{"url":"https:\/\/www.drazouz.com\/wp-content\/uploads\/2023\/12\/header-image-1221012.jpeg","type":"","width":"","height":""}],"twitter_card":"summary_large_image","twitter_image":"https:\/\/www.drazouz.com\/wp-content\/uploads\/2023\/12\/header-image-1221012.jpeg","twitter_misc":{"Tiempo de lectura":"6 minutos"},"schema":{"@context":"https:\/\/schema.org","@graph":[{"@type":"WebPage","@id":"https:\/\/www.drazouz.com\/es\/circulos-oscuros-debajo-de-los-ojos\/","url":"https:\/\/www.drazouz.com\/es\/circulos-oscuros-debajo-de-los-ojos\/","name":"C\u00edrculos oscuros debajo de los ojos | Azouz Cirug\u00eda Pl\u00e1stica y Est\u00e9tica","isPartOf":{"@id":"https:\/\/www.drazouz.com\/es\/#website"},"primaryImageOfPage":{"@id":"https:\/\/www.drazouz.com\/es\/circulos-oscuros-debajo-de-los-ojos\/#primaryimage"},"image":{"@id":"https:\/\/www.drazouz.com\/es\/circulos-oscuros-debajo-de-los-ojos\/#primaryimage"},"thumbnailUrl":"https:\/\/www.drazouz.com\/wp-content\/uploads\/2023\/12\/header-image-1221012.jpeg","datePublished":"2022-07-22T09:27:00+00:00","dateModified":"2024-03-05T09:00:35+00:00","breadcrumb":{"@id":"https:\/\/www.drazouz.com\/es\/circulos-oscuros-debajo-de-los-ojos\/#breadcrumb"},"inLanguage":"es","potentialAction":[{"@type":"ReadAction","target":["https:\/\/www.drazouz.com\/es\/circulos-oscuros-debajo-de-los-ojos\/"]}]},{"@type":"ImageObject","inLanguage":"es","@id":"https:\/\/www.drazouz.com\/es\/circulos-oscuros-debajo-de-los-ojos\/#primaryimage","url":"https:\/\/www.drazouz.com\/wp-content\/uploads\/2023\/12\/header-image-1221012.jpeg","contentUrl":"https:\/\/www.drazouz.com\/wp-content\/uploads\/2023\/12\/header-image-1221012.jpeg","width":1937,"height":815,"caption":"three pictures compared effect before and after treatment. under eyes with problems of dark circles"},{"@type":"BreadcrumbList","@id":"https:\/\/www.drazouz.com\/es\/circulos-oscuros-debajo-de-los-ojos\/#breadcrumb","itemListElement":[{"@type":"ListItem","position":1,"name":"Home","item":"https:\/\/www.drazouz.com\/es\/"},{"@type":"ListItem","position":2,"name":"Procedimientos","item":"https:\/\/www.drazouz.com\/es\/procedimientos\/"},{"@type":"ListItem","position":3,"name":"Rostro","item":"https:\/\/www.drazouz.com\/es\/face\/"},{"@type":"ListItem","position":4,"name":"Transferencia de Grasa Facial","item":"https:\/\/www.drazouz.com\/es\/transferencia-de-grasa-facial\/"},{"@type":"ListItem","position":5,"name":"C\u00edrculos oscuros debajo de los ojos"}]},{"@type":"WebSite","@id":"https:\/\/www.drazouz.com\/es\/#website","url":"https:\/\/www.drazouz.com\/es\/","name":"Azouz Cirug\u00eda Pl\u00e1stica y Est\u00e9tica","description":"","potentialAction":[{"@type":"SearchAction","target":{"@type":"EntryPoint","urlTemplate":"https:\/\/www.drazouz.com\/es\/?s={search_term_string}"},"query-input":{"@type":"PropertyValueSpecification","valueRequired":true,"valueName":"search_term_string"}}],"inLanguage":"es"}]}},"_links":{"self":[{"href":"https:\/\/www.drazouz.com\/es\/wp-json\/wp\/v2\/pages\/9876","targetHints":{"allow":["GET"]}}],"collection":[{"href":"https:\/\/www.drazouz.com\/es\/wp-json\/wp\/v2\/pages"}],"about":[{"href":"https:\/\/www.drazouz.com\/es\/wp-json\/wp\/v2\/types\/page"}],"author":[{"embeddable":true,"href":"https:\/\/www.drazouz.com\/es\/wp-json\/wp\/v2\/users\/1"}],"replies":[{"embeddable":true,"href":"https:\/\/www.drazouz.com\/es\/wp-json\/wp\/v2\/comments?post=9876"}],"version-history":[{"count":16,"href":"https:\/\/www.drazouz.com\/es\/wp-json\/wp\/v2\/pages\/9876\/revisions"}],"predecessor-version":[{"id":13040,"href":"https:\/\/www.drazouz.com\/es\/wp-json\/wp\/v2\/pages\/9876\/revisions\/13040"}],"up":[{"embeddable":true,"href":"https:\/\/www.drazouz.com\/es\/wp-json\/wp\/v2\/pages\/9884"}],"wp:featuredmedia":[{"embeddable":true,"href":"https:\/\/www.drazouz.com\/es\/wp-json\/wp\/v2\/media\/9873"}],"wp:attachment":[{"href":"https:\/\/www.drazouz.com\/es\/wp-json\/wp\/v2\/media?parent=9876"}],"curies":[{"name":"wp","href":"https:\/\/api.w.org\/{rel}","templated":true}]}}