{"id":9751,"date":"2022-07-26T11:07:34","date_gmt":"2022-07-26T16:07:34","guid":{"rendered":"https:\/\/www.drazouz.com\/?page_id=9751"},"modified":"2024-05-28T07:45:06","modified_gmt":"2024-05-28T12:45:06","slug":"asimetria-mamaria","status":"publish","type":"page","link":"https:\/\/www.drazouz.com\/es\/asimetria-mamaria\/","title":{"rendered":"Asimetr\u00eda Mamaria"},"content":{"rendered":"<p>La asimetr\u00eda mamaria es extremadamente com\u00fan, y la mayor\u00eda de las mujeres naturalmente tendr\u00e1n alg\u00fan grado de asimetr\u00eda leve. Sin embargo, algunas mujeres pueden tener asimetr\u00eda que es bastante notable y causa autoconciencia o dificultad para encontrar ropa que se ajuste adecuadamente. Esta asimetr\u00eda puede ser en la forma, posici\u00f3n o volumen de las mamas. Sea cual sea el caso, la <a title=\"Cirug\u00eda Pl\u00e1stica de Senos en Dallas, TX\" href=\"https:\/\/www.drazouz.com\/es\/breast\/\"><em><strong>cirug\u00eda pl\u00e1stica de senos<\/strong><\/em><\/a> puede restaurar una apariencia sim\u00e9trica y equilibrada que aumenta la confianza.<\/p>\n<p>En el caso de las mujeres, sus senos pueden volverse asim\u00e9tricos despu\u00e9s de la lactancia. Cuando ocurre la asimetr\u00eda mamaria, un seno tiene un tama\u00f1o, forma o posici\u00f3n diferente al otro seno. Alternativamente, algunas mujeres tienen s\u00edndrome de Poland, deformidad pectus o asimetr\u00eda de la gl\u00e1ndula mamaria. Afortunadamente, la Cirug\u00eda de Correcci\u00f3n de Asimetr\u00eda Mamaria es una soluci\u00f3n efectiva que proporciona a los pacientes senos o un pecho est\u00e9ticos y sim\u00e9tricos. En mujeres con antecedentes de aumento mamario, la asimetr\u00eda mamaria puede indicar la ruptura de un implante mamario. El Dr. Azouz puede utilizar una combinaci\u00f3n de reposicionamiento de pez\u00f3n, elevaci\u00f3n de senos (mastopexia), aumento de senos y aumento de senos con injerto de grasa para mejorar la apariencia y simetr\u00eda de los senos. Programa una consulta con el Dr. Azouz en Dallas para evaluar tu caso y dise\u00f1ar un tratamiento personalizado para corregir la asimetr\u00eda de los senos\/pecho.<\/p>\n<p>Diferentes cirug\u00edas de senos pueden abordar la asimetr\u00eda mamaria, obt\u00e9n m\u00e1s informaci\u00f3n sobre cada alternativa a continuaci\u00f3n:<\/p>\n<h2><a href=\"https:\/\/www.drazouz.com\/es\/breast-augmentation\/\">Aumento de Senos para la Asimetr\u00eda<\/a><\/h2>\n<p><img decoding=\"async\" src=\"https:\/\/www.drazouz.com\/wp-content\/uploads\/2022\/08\/Breast-plastic-surgery-Dallas-Dr.-Azouz-image-1-scaled-1.jpg\" alt=\"mujer con sujetador\" class=\"alignleft\" width=\"400\" \/><\/p>\n<p>El aumento de senos es uno de los procedimientos de senos m\u00e1s com\u00fanmente realizados en general, por lo que tiene sentido que tambi\u00e9n sea una opci\u00f3n com\u00fan para abordar la asimetr\u00eda. En un aumento de senos, se colocan <a href=\"https:\/\/www.drazouz.com\/es\/blog\/explore-breast-implants-options-and-breast-augmentation-surgery\/\">implantes mamarios de soluci\u00f3n salina o silicona<\/a> para agregar volumen y crear una forma preferible en los senos.<\/p>\n<p>Las pacientes que tienen senos asim\u00e9tricos a menudo eligen usar implantes de dos tama\u00f1os diferentes para crear tama\u00f1os equilibrados en sus resultados finales. Tambi\u00e9n se pueden usar implantes mamarios redondos o en forma de l\u00e1grima para crear un aspecto dram\u00e1tico o natural. Durante una consulta, el Dr. Azouz puede revisar todas tus opciones de implantes mamarios y crear un plan para un resultado sim\u00e9trico y proporcionado que cumpla con tus objetivos est\u00e9ticos.<\/p>\n<p>Adem\u00e1s de los implantes, un aumento natural de senos, tambi\u00e9n conocido como <a href=\"https:\/\/www.drazouz.com\/es\/breast-augmentation-with-fat-transfer\/\">aumento con transferencia de grasa<\/a>, puede ser una buena opci\u00f3n para muchas pacientes. Esto implica eliminar grasa de otra \u00e1rea del cuerpo, como el abdomen, flancos, espalda o muslos, e inyectarla en el seno m\u00e1s peque\u00f1o para crear plenitud de aspecto natural. Esto es beneficioso tanto para <a href=\"https:\/\/www.drazouz.com\/blog\/what-are-the-benefits-of-breast-augmentation-with-fat-transfer\/\">restaurar la simetr\u00eda en los senos<\/a> como para contornear el cuerpo para muchas pacientes.<\/p>\n<h2><a href=\"https:\/\/www.drazouz.com\/es\/breast-reduction\/\">Reducci\u00f3n de Senos para la Asimetr\u00eda<\/a><\/h2>\n<p><img decoding=\"async\" src=\"https:\/\/www.drazouz.com\/wp-content\/uploads\/2022\/08\/Breast-plastic-surgery-Dallas-Dr.-Azouz-image-2-scaled-1.jpg\" alt=\"mujer con sujetador\" class=\"alignright\" width=\"400\" \/><\/p>\n<p>Algunas pacientes pueden preferir el tama\u00f1o de sus senos m\u00e1s peque\u00f1os, haciendo que la reducci\u00f3n de senos sea una opci\u00f3n preferible para abordar su asimetr\u00eda. En una cirug\u00eda de reducci\u00f3n de senos, el Dr. Azouz eliminar\u00e1 tejido del seno m\u00e1s grande y remodelar\u00e1 el tejido restante para que coincida con el seno m\u00e1s peque\u00f1o.<\/p>\n<p>Esto se puede lograr a trav\u00e9s de la liposucci\u00f3n para algunas pacientes, mientras que otras pueden requerir una excisi\u00f3n m\u00e1s extensa. El Dr. Azouz puede explicar el mejor plan quir\u00fargico para lograr tus resultados ideales durante tu consulta.<\/p>\n<h2><a href=\"https:\/\/www.drazouz.com\/es\/breast-lift\/\">Elevaci\u00f3n de Senos para la Asimetr\u00eda<\/a><\/h2>\n<p><img decoding=\"async\" src=\"https:\/\/www.drazouz.com\/wp-content\/uploads\/2022\/08\/Breast-plastic-surgery-Dallas-Dr.-Azouz-image-3-scaled.jpg\" alt=\"mujer con sujetador\" class=\"alignleft\" width=\"400\" \/><\/p>\n<p>Aunque las diferencias de tama\u00f1o son a menudo el primer tipo de asimetr\u00eda que muchos piensan, las pacientes tambi\u00e9n pueden encontrar una diferencia significativa en la posici\u00f3n de los senos. Por diversas razones, un seno puede tener significativamente m\u00e1s ca\u00edda que el otro, creando un aspecto asim\u00e9trico.<\/p>\n<p>Una elevaci\u00f3n de senos, tambi\u00e9n conocida como mastopexia, es la mejor opci\u00f3n para restaurar un aspecto equilibrado. En la cirug\u00eda de elevaci\u00f3n de senos, el Dr. Azouz remodelar\u00e1 el tejido mamario natural para restaurar una posici\u00f3n juvenil y una apariencia sim\u00e9trica. Para muchas pacientes, <a href=\"https:\/\/www.drazouz.com\/es\/blog\/can-you-substitute-a-breast-lift-for-implants\/\">una combinaci\u00f3n de una elevaci\u00f3n de senos<\/a> con una reducci\u00f3n o aumento puede ser beneficiosa para cambiar tanto la forma o el tama\u00f1o como la posici\u00f3n del seno.<\/p>\n<h2>Programa una Consulta con el Dr. Azouz<\/h2>\n<p>Para obtener m\u00e1s informaci\u00f3n sobre tus opciones para corregir senos asim\u00e9tricos, programa una consulta con el Dr. Azouz. Durante tu consulta, el Dr. Azouz puede evaluar la asimetr\u00eda y sugerir un plan quir\u00fargico que cree una apariencia m\u00e1s equilibrada y cumpla con tus objetivos est\u00e9ticos. Llama a nuestra oficina en Dallas, TX al <a href=\"tel:9727028888\" class=\"phone_anchor \" aria-label=\"ll\u00e1manos (972) 702-8888\">(972) 702-8888<\/a> o <a title=\"Contacta a Azouz Cirug\u00eda Pl\u00e1stica y Est\u00e9tica en Dallas TX\" href=\"https:\/\/www.drazouz.com\/es\/contact\/\"><em><strong>cont\u00e1ctanos en l\u00ednea<\/strong><\/em><\/a>.<\/p>\n<h3>Preguntas Frecuentes<\/h3>\n<dl id=\"faq-1\" class=\"flc-faq\"><dt id=\"l11\"><button class=\"card-header collapsed d-flex align-items-center w-100 text-left\" data-toggle=\"collapse\" data-target=\"#t11\" aria-expanded=\"false\" aria-controls=\"t11\"><i class=\"ml-1 fas fa-chevron-down\"><\/i> \u00bfQui\u00e9n es un candidato adecuado para la correcci\u00f3n de asimetr\u00eda mamaria?<\/button><\/dt><dd id=\"t11\" class=\"m-0 collapse\" aria-labelledby=\"l11\" aria-expanded=\"false\" data-parent=\"#faq-1\"><div class=\"card-body\"><p>Las personas con diferencias notables en el tama\u00f1o, forma o posici\u00f3n de los senos pueden ser candidatos adecuados. El mejor curso de acci\u00f3n para cada caso \u00fanico se determina despu\u00e9s de una consulta exhaustiva con un cirujano pl\u00e1stico.<\/p>\n<\/div><\/dd><dt id=\"l12\"><button class=\"card-header collapsed d-flex align-items-center w-100 text-left\" data-toggle=\"collapse\" data-target=\"#t12\" aria-expanded=\"false\" aria-controls=\"t12\"><i class=\"ml-1 fas fa-chevron-down\"><\/i> \u00bfLa cirug\u00eda de correcci\u00f3n de asimetr\u00eda mamaria es dolorosa?<\/button><\/dt><dd id=\"t12\" class=\"m-0 collapse\" aria-labelledby=\"l12\" aria-expanded=\"false\" data-parent=\"#faq-1\"><div class=\"card-body\"><p>La mayor\u00eda de los pacientes informan de molestias leves despu\u00e9s de la cirug\u00eda, las cuales se pueden controlar con los medicamentos recetados. Durante el procedimiento, se utiliza <a href=\"https:\/\/www.drazouz.com\/es\/blog\/category\/anestesia-para-cirugia-plastica\/\">sedaci\u00f3n y anestesia<\/a> local para gestionar el dolor.<\/p>\n<\/div><\/dd><dt id=\"l13\"><button class=\"card-header collapsed d-flex align-items-center w-100 text-left\" data-toggle=\"collapse\" data-target=\"#t13\" aria-expanded=\"false\" aria-controls=\"t13\"><i class=\"ml-1 fas fa-chevron-down\"><\/i> \u00bfHabr\u00e1 cicatrices visibles despu\u00e9s de la cirug\u00eda de correcci\u00f3n de asimetr\u00eda mamaria?<\/button><\/dt><dd id=\"t13\" class=\"m-0 collapse\" aria-labelledby=\"l13\" aria-expanded=\"false\" data-parent=\"#faq-1\"><div class=\"card-body\"><p>El cirujano pl\u00e1stico certificado, el Dr. Azouz, coloca estrat\u00e9gicamente incisiones camufladas y utiliza t\u00e9cnicas para reducir las cicatrices. Por lo general, las cicatrices se vuelven menos visibles y se desvanecen con el tiempo.<\/p>\n<\/div><\/dd><dt id=\"l14\"><button class=\"card-header collapsed d-flex align-items-center w-100 text-left\" data-toggle=\"collapse\" data-target=\"#t14\" aria-expanded=\"false\" aria-controls=\"t14\"><i class=\"ml-1 fas fa-chevron-down\"><\/i> \u00bfSon permanentes los resultados de la correcci\u00f3n de asimetr\u00eda mamaria?<\/button><\/dt><dd id=\"t14\" class=\"m-0 collapse\" aria-labelledby=\"l14\" aria-expanded=\"false\" data-parent=\"#faq-1\"><div class=\"card-body\"><p>La correcci\u00f3n de asimetr\u00eda mamaria proporciona resultados duraderos. Sin embargo, el embarazo, las fluctuaciones de peso y el envejecimiento pueden afectar la apariencia con el tiempo.<\/p>\n<\/div><\/dd><dt id=\"l15\"><button class=\"card-header collapsed d-flex align-items-center w-100 text-left\" data-toggle=\"collapse\" data-target=\"#t15\" aria-expanded=\"false\" aria-controls=\"t15\"><i class=\"ml-1 fas fa-chevron-down\"><\/i> \u00bfPuedo amamantar despu\u00e9s de la cirug\u00eda de correcci\u00f3n de asimetr\u00eda mamaria?<\/button><\/dt><dd id=\"t15\" class=\"m-0 collapse\" aria-labelledby=\"l15\" aria-expanded=\"false\" data-parent=\"#faq-1\"><div class=\"card-body\"><p>La lactancia puede verse afectada; es crucial discutir esto con el Dr. Azouz durante la consulta para comprender completamente las posibles consecuencias.<\/p>\n<\/div><\/dd><dt id=\"l16\"><button class=\"card-header collapsed d-flex align-items-center w-100 text-left\" data-toggle=\"collapse\" data-target=\"#t16\" aria-expanded=\"false\" aria-controls=\"t16\"><i class=\"ml-1 fas fa-chevron-down\"><\/i> \u00bfCu\u00e1l es el precio de la cirug\u00eda para corregir la asimetr\u00eda mamaria?<\/button><\/dt><dd id=\"t16\" class=\"m-0 collapse\" aria-labelledby=\"l16\" aria-expanded=\"false\" data-parent=\"#faq-1\"><div class=\"card-body\"><p>El precio var\u00eda seg\u00fan la tarifa del procedimiento, la tarifa de la anestesia, la tarifa de la instalaci\u00f3n y cualquier equipo necesario. Se proporcionar\u00e1 un presupuesto personalizado con todos los costos relacionados durante una consulta.<\/p>\n<\/div><\/dd><\/dl>\n","protected":false},"excerpt":{"rendered":"<p>La asimetr\u00eda mamaria es extremadamente com\u00fan, y la mayor\u00eda de las mujeres naturalmente tendr\u00e1n alg\u00fan grado de<br \/><a href=\"https:\/\/www.drazouz.com\/es\/asimetria-mamaria\/\" class=\"btn btn-blue mt-3\">Sigue leyendo<\/a><\/p>\n","protected":false},"author":1,"featured_media":8180,"parent":3795,"menu_order":0,"comment_status":"closed","ping_status":"closed","template":"","meta":{"_acf_changed":false,"footnotes":""},"class_list":["post-9751","page","type-page","status-publish","has-post-thumbnail"],"acf":[],"yoast_head":"<!-- This site is optimized with the Yoast SEO plugin v27.4 - https:\/\/yoast.com\/product\/yoast-seo-wordpress\/ -->\n<title>Asimetr\u00eda Mamaria | Azouz Cirug\u00eda Pl\u00e1stica y Est\u00e9tica<\/title>\n<meta name=\"robots\" content=\"index, follow, max-snippet:-1, max-image-preview:large, max-video-preview:-1\" \/>\n<link rel=\"canonical\" href=\"https:\/\/www.drazouz.com\/es\/asimetria-mamaria\/\" \/>\n<meta property=\"og:locale\" content=\"es_ES\" \/>\n<meta property=\"og:type\" content=\"article\" \/>\n<meta property=\"og:title\" content=\"Asimetr\u00eda Mamaria | Azouz Cirug\u00eda Pl\u00e1stica y Est\u00e9tica\" \/>\n<meta property=\"og:description\" content=\"La asimetr\u00eda mamaria es extremadamente com\u00fan, y la mayor\u00eda de las mujeres naturalmente tendr\u00e1n alg\u00fan grado deSigue leyendo\" \/>\n<meta property=\"og:url\" content=\"https:\/\/www.drazouz.com\/es\/asimetria-mamaria\/\" \/>\n<meta property=\"og:site_name\" content=\"Azouz Cirug\u00eda Pl\u00e1stica y Est\u00e9tica\" \/>\n<meta property=\"article:modified_time\" content=\"2024-05-28T12:45:06+00:00\" \/>\n<meta property=\"og:image\" content=\"https:\/\/www.drazouz.com\/wp-content\/uploads\/2023\/12\/Breast-Asymmetry.jpg\" \/>\n<meta name=\"twitter:card\" content=\"summary_large_image\" \/>\n<meta name=\"twitter:image\" content=\"https:\/\/www.drazouz.com\/wp-content\/uploads\/2023\/12\/Breast-Asymmetry.jpg\" \/>\n<meta name=\"twitter:label1\" content=\"Tiempo de lectura\" \/>\n\t<meta name=\"twitter:data1\" content=\"4 minutos\" \/>\n<!-- \/ Yoast SEO plugin. -->","yoast_head_json":{"title":"Asimetr\u00eda Mamaria | Azouz Cirug\u00eda Pl\u00e1stica y Est\u00e9tica","robots":{"index":"index","follow":"follow","max-snippet":"max-snippet:-1","max-image-preview":"max-image-preview:large","max-video-preview":"max-video-preview:-1"},"canonical":"https:\/\/www.drazouz.com\/es\/asimetria-mamaria\/","og_locale":"es_ES","og_type":"article","og_title":"Asimetr\u00eda Mamaria | Azouz Cirug\u00eda Pl\u00e1stica y Est\u00e9tica","og_description":"La asimetr\u00eda mamaria es extremadamente com\u00fan, y la mayor\u00eda de las mujeres naturalmente tendr\u00e1n alg\u00fan grado deSigue leyendo","og_url":"https:\/\/www.drazouz.com\/es\/asimetria-mamaria\/","og_site_name":"Azouz Cirug\u00eda Pl\u00e1stica y Est\u00e9tica","article_modified_time":"2024-05-28T12:45:06+00:00","og_image":[{"url":"https:\/\/www.drazouz.com\/wp-content\/uploads\/2023\/12\/Breast-Asymmetry.jpg","type":"","width":"","height":""}],"twitter_card":"summary_large_image","twitter_image":"https:\/\/www.drazouz.com\/wp-content\/uploads\/2023\/12\/Breast-Asymmetry.jpg","twitter_misc":{"Tiempo de lectura":"4 minutos"},"schema":{"@context":"https:\/\/schema.org","@graph":[{"@type":"WebPage","@id":"https:\/\/www.drazouz.com\/es\/asimetria-mamaria\/","url":"https:\/\/www.drazouz.com\/es\/asimetria-mamaria\/","name":"Asimetr\u00eda Mamaria | Azouz Cirug\u00eda Pl\u00e1stica y Est\u00e9tica","isPartOf":{"@id":"https:\/\/www.drazouz.com\/es\/#website"},"primaryImageOfPage":{"@id":"https:\/\/www.drazouz.com\/es\/asimetria-mamaria\/#primaryimage"},"image":{"@id":"https:\/\/www.drazouz.com\/es\/asimetria-mamaria\/#primaryimage"},"thumbnailUrl":"https:\/\/www.drazouz.com\/wp-content\/uploads\/2023\/12\/Breast-Asymmetry.jpg","datePublished":"2022-07-26T16:07:34+00:00","dateModified":"2024-05-28T12:45:06+00:00","breadcrumb":{"@id":"https:\/\/www.drazouz.com\/es\/asimetria-mamaria\/#breadcrumb"},"inLanguage":"es","potentialAction":[{"@type":"ReadAction","target":["https:\/\/www.drazouz.com\/es\/asimetria-mamaria\/"]}]},{"@type":"ImageObject","inLanguage":"es","@id":"https:\/\/www.drazouz.com\/es\/asimetria-mamaria\/#primaryimage","url":"https:\/\/www.drazouz.com\/wp-content\/uploads\/2023\/12\/Breast-Asymmetry.jpg","contentUrl":"https:\/\/www.drazouz.com\/wp-content\/uploads\/2023\/12\/Breast-Asymmetry.jpg","width":1920,"height":820,"caption":"statue of a woman holding one breast on a purple background"},{"@type":"BreadcrumbList","@id":"https:\/\/www.drazouz.com\/es\/asimetria-mamaria\/#breadcrumb","itemListElement":[{"@type":"ListItem","position":1,"name":"Home","item":"https:\/\/www.drazouz.com\/es\/"},{"@type":"ListItem","position":2,"name":"Procedimientos","item":"https:\/\/www.drazouz.com\/es\/procedimientos\/"},{"@type":"ListItem","position":3,"name":"Busto","item":"https:\/\/www.drazouz.com\/es\/breast\/"},{"@type":"ListItem","position":4,"name":"Asimetr\u00eda Mamaria"}]},{"@type":"WebSite","@id":"https:\/\/www.drazouz.com\/es\/#website","url":"https:\/\/www.drazouz.com\/es\/","name":"Azouz Cirug\u00eda Pl\u00e1stica y Est\u00e9tica","description":"","potentialAction":[{"@type":"SearchAction","target":{"@type":"EntryPoint","urlTemplate":"https:\/\/www.drazouz.com\/es\/?s={search_term_string}"},"query-input":{"@type":"PropertyValueSpecification","valueRequired":true,"valueName":"search_term_string"}}],"inLanguage":"es"}]}},"_links":{"self":[{"href":"https:\/\/www.drazouz.com\/es\/wp-json\/wp\/v2\/pages\/9751","targetHints":{"allow":["GET"]}}],"collection":[{"href":"https:\/\/www.drazouz.com\/es\/wp-json\/wp\/v2\/pages"}],"about":[{"href":"https:\/\/www.drazouz.com\/es\/wp-json\/wp\/v2\/types\/page"}],"author":[{"embeddable":true,"href":"https:\/\/www.drazouz.com\/es\/wp-json\/wp\/v2\/users\/1"}],"replies":[{"embeddable":true,"href":"https:\/\/www.drazouz.com\/es\/wp-json\/wp\/v2\/comments?post=9751"}],"version-history":[{"count":6,"href":"https:\/\/www.drazouz.com\/es\/wp-json\/wp\/v2\/pages\/9751\/revisions"}],"predecessor-version":[{"id":14397,"href":"https:\/\/www.drazouz.com\/es\/wp-json\/wp\/v2\/pages\/9751\/revisions\/14397"}],"up":[{"embeddable":true,"href":"https:\/\/www.drazouz.com\/es\/wp-json\/wp\/v2\/pages\/3795"}],"wp:featuredmedia":[{"embeddable":true,"href":"https:\/\/www.drazouz.com\/es\/wp-json\/wp\/v2\/media\/8180"}],"wp:attachment":[{"href":"https:\/\/www.drazouz.com\/es\/wp-json\/wp\/v2\/media?parent=9751"}],"curies":[{"name":"wp","href":"https:\/\/api.w.org\/{rel}","templated":true}]}}