{"id":8660,"date":"2022-07-25T03:54:52","date_gmt":"2022-07-25T08:54:52","guid":{"rendered":"https:\/\/www.drazouz.com\/?page_id=8660"},"modified":"2024-02-23T09:20:00","modified_gmt":"2024-02-23T14:20:00","slug":"rinoplastia-asiatica-etnica","status":"publish","type":"page","link":"https:\/\/www.drazouz.com\/es\/rinoplastia-asiatica-etnica\/","title":{"rendered":"Rinoplastia Asi\u00e1tica\/Etnica"},"content":{"rendered":"<p>La rinoplastia en asi\u00e1ticos puede ser diferente a la de pacientes con herencia cauc\u00e1sica, nativa americana o africana. Adem\u00e1s, la rinoplastia puede variar dependiendo del pa\u00eds de origen \u00e9tnico entre los asi\u00e1ticos. El cirujano pl\u00e1stico certificado por la junta, el Dr. Azouz, tiene una amplia experiencia en rinoplastia para asi\u00e1ticos y afroamericanos en Dallas. La rinoplastia se personaliza para remodelar la nariz respetando los rasgos anat\u00f3micos y deseos distintivos de cada paciente.<\/p>\n<h2>\u00bfQu\u00e9 es la rinoplastia \u00e9tnica?<\/h2>\n<p>Un tipo especializado de <a href=\"https:\/\/www.drazouz.com\/es\/rhinoplasty\/\">rinoplastia<\/a> llamado rinoplastia \u00e9tnica se utiliza para tratar las caracter\u00edsticas nasales \u00fanicas de personas que son de origen asi\u00e1tico, del Medio Oriente, africano o hispano. La rinoplastia \u00e9tnica destaca y celebra la belleza natural de una variedad de rasgos faciales, en contraste con la rinoplastia regular, que puede centrarse en est\u00e1ndares de belleza occidentales.<\/p>\n<h2>\u00bfPor qu\u00e9 es diferente la rinoplastia asi\u00e1tica?<\/h2>\n<p>La mayor\u00eda de las cirug\u00edas de rinoplastia cauc\u00e1sicas y de otras etnias se realizan para reducir de alguna manera el tama\u00f1o de la nariz. Las rinoplastias asi\u00e1ticas a menudo requieren agrandar partes de la nariz. Muchas personas de ascendencia asi\u00e1tica est\u00e1n descontentas con su perfil porque sus narices tienden a ser peque\u00f1as y carecen de un puente nasal fuerte. Esto puede hacer que la nariz luzca plana. Aunque puede parecer una preocupaci\u00f3n puramente cosm\u00e9tica, en algunos casos, dificulta el uso de gafas o puede empeorar los s\u00edntomas del <a href=\"https:\/\/www.drazouz.com\/es\/deviated-septum-septoplasty\/\">tabique desviado<\/a>.<\/p>\n<p>La rinoplastia asi\u00e1tica a menudo difiere en el enfoque quir\u00fargico porque la nariz debe construirse. En lugar de eliminar cart\u00edlago y tejido, debe agregarse. Con la rinoplastia asi\u00e1tica, el puente de la nariz puede aumentarse utilizando implantes sint\u00e9ticos o cart\u00edlago de otra \u00e1rea. La punta de la nariz puede construirse de manera similar, aunque una punta ancha puede reducirse en su lugar.<\/p>\n<h2>Candidatos para la cirug\u00eda<\/h2>\n<p>Los candidatos ideales para la rinoplastia \u00e9tnica son personas que:<\/p>\n<ul>\n<li>Desean mejorar la apariencia de su nariz manteniendo su identidad \u00e9tnica<\/li>\n<li>Buscan corregir preocupaciones nasales espec\u00edficas como un puente nasal plano, fosas nasales anchas o una punta ca\u00edda<\/li>\n<li>Tienen expectativas realistas sobre el resultado de la cirug\u00eda<\/li>\n<li>Est\u00e1n en buena salud general y no tienen condiciones m\u00e9dicas subyacentes que puedan aumentar los riesgos quir\u00fargicos<\/li>\n<\/ul>\n<p><img loading=\"lazy\" decoding=\"async\" src=\"https:\/\/www.drazouz.com\/wp-content\/uploads\/2024\/02\/image-022102.jpeg\" alt=\"antes y despu\u00e9s de rinoplastia | cirug\u00eda de nariz\" width=\"700\" height=\"422\" class=\"size-full wp-image-12311 aligncenter\" srcset=\"https:\/\/www.drazouz.com\/wp-content\/uploads\/2024\/02\/image-022102.jpeg 1024w, https:\/\/www.drazouz.com\/wp-content\/uploads\/2024\/02\/image-022102-300x181.jpeg 300w, https:\/\/www.drazouz.com\/wp-content\/uploads\/2024\/02\/image-022102-768x464.jpeg 768w\" sizes=\"auto, (max-width: 700px) 100vw, 700px\" \/><\/p>\n<h2>Beneficios de una rinoplastia \u00e9tnica<\/h2>\n<p>La rinoplastia \u00e9tnica ofrece una variedad de beneficios, que incluyen:<\/p>\n<ul>\n<li>Mejora de la armon\u00eda y el equilibrio faciales<\/li>\n<li>Correcci\u00f3n de la asimetr\u00eda y la desproporci\u00f3n nasales<\/li>\n<li>Preservaci\u00f3n de la identidad \u00e9tnica mientras se logran los objetivos est\u00e9ticos deseados<\/li>\n<li>Mejora de la confianza y la autoestima<\/li>\n<\/ul>\n<h2>\u00bfC\u00f3mo se realiza una rinoplastia \u00e9tnica?<\/h2>\n<p>El cirujano pl\u00e1stico de Dallas, el Dr. Azouz, emplea t\u00e9cnicas quir\u00fargicas meticulosas para lograr resultados naturales que complementen las caracter\u00edsticas faciales del paciente. El procedimiento generalmente implica:<\/p>\n<p><img loading=\"lazy\" decoding=\"async\" src=\"https:\/\/www.drazouz.com\/wp-content\/uploads\/2024\/02\/image-022201.jpeg\" alt=\"cirug\u00eda de rinoplastia de nariz asi\u00e1tica\" width=\"300\" height=\"450\" class=\"size-full wp-image-12457 alignleft\" style=\"margin-right: 2rem;\" srcset=\"https:\/\/www.drazouz.com\/wp-content\/uploads\/2024\/02\/image-022201.jpeg 683w, https:\/\/www.drazouz.com\/wp-content\/uploads\/2024\/02\/image-022201-200x300.jpeg 200w\" sizes=\"auto, (max-width: 300px) 100vw, 300px\" \/><\/p>\n<ol>\n<li>Consulta: El Dr. Azouz realiza una evaluaci\u00f3n integral y discute los objetivos, preocupaciones y preferencias culturales del paciente.<\/li>\n<li>Planificaci\u00f3n personalizada: Se desarrolla un plan quir\u00fargico personalizado para abordar la anatom\u00eda nasal \u00fanica y los objetivos est\u00e9ticos del paciente.<\/li>\n<li>Cirug\u00eda: El procedimiento se realiza bajo sedaci\u00f3n moderada a profunda para garantizar la comodidad y la seguridad del paciente.<\/li>\n<li>Remodelaci\u00f3n nasal: El Dr. Azouz esculpe cuidadosamente la estructura nasal, abordando preocupaciones como un puente nasal bajo, fosas nasales anchas o una punta ca\u00edda.<\/li>\n<li>Cierre de incisiones: Las incisiones se cierran con precisi\u00f3n meticulosa y el Dr. Azouz a menudo realiza una rinoplastia cerrada o de preservaci\u00f3n para minimizar las cicatrices.<\/li>\n<li class=\"clearfix\">Recuperaci\u00f3n: Se proporcionan instrucciones detalladas para el per\u00edodo postoperatorio y se monitorea de cerca a los pacientes durante el per\u00edodo de recuperaci\u00f3n para garantizar una cicatrizaci\u00f3n y unos resultados \u00f3ptimos.<\/li>\n<\/ol>\n<h2>Anestesia utilizada para una rinoplastia \u00e9tnica<\/h2>\n<p>Normalmente se utiliza sedaci\u00f3n moderada a profunda durante las rinoplastias \u00e9tnicas para garantizar la comodidad y seguridad del paciente durante el proceso. Adem\u00e1s de monitorear los signos vitales del paciente mientras se administra la anestesia, el Dr. Azouz colabora estrechamente con proveedores de anestesia experimentados para minimizar las n\u00e1useas y molestias.<\/p>\n<div class=\"row\">\n<div class=\"col-lg-6\" style=\"padding: 1rem 4rem 1rem 4rem;\"><img decoding=\"async\" src=\"https:\/\/www.drazouz.com\/wp-content\/uploads\/2024\/02\/image-022202.jpeg\" alt=\"antes y despu\u00e9s de la rinoplastia \u00e9tnica\" class=\"size-full alignnone\" \/><\/div>\n<div class=\"col-lg-6\" style=\"padding: 1rem 3rem 0rem 3rem;\"><img decoding=\"async\" src=\"https:\/\/www.drazouz.com\/wp-content\/uploads\/2024\/02\/image-022203.jpeg\" alt=\"antes y despu\u00e9s del trabajo de nariz asi\u00e1tico\" class=\"size-full alignnone\" \/><\/div>\n<\/div>\n<h2>Riesgos de una rinoplastia<\/h2>\n<p>Aunque la rinoplastia \u00e9tnica es generalmente segura, como cualquier procedimiento quir\u00fargico, conlleva algunos riesgos, incluyendo:<\/p>\n<ul>\n<li>Sangrado<\/li>\n<li>Infecci\u00f3n<\/li>\n<li>Reacci\u00f3n adversa a la anestesia<\/li>\n<li>Resultado est\u00e9tico insatisfactorio<\/li>\n<\/ul>\n<p>El Dr. Azouz discute estos riesgos con los pacientes durante la consulta y toma medidas apropiadas para minimizarlos.<\/p>\n<h2>Recuperaci\u00f3n de una rinoplastia<\/h2>\n<p>El proceso de recuperaci\u00f3n despu\u00e9s de una rinoplastia \u00e9tnica var\u00eda de paciente a paciente, pero t\u00edpicamente involucra:<\/p>\n<ul>\n<li>Hinchaz\u00f3n y moretones, que disminuyen gradualmente en las semanas siguientes.<\/li>\n<li>Molestias o dolor temporales, controlados con medicamentos recetados.<\/li>\n<li>Avoidance of strenuous activities or contact sports for several weeks to allow for proper healing.<\/li>\n<li>Evitar actividades extenuantes o deportes de contacto durante varias semanas para permitir una adecuada cicatrizaci\u00f3n.<\/li>\n<li>Citas de seguimiento con el Dr. Azouz para monitorear el progreso y abordar cualquier inquietud.<\/li>\n<\/ul>\n<p>Durante sus citas de seguimiento, el cirujano pl\u00e1stico certificado por la junta, el Dr. Azouz, har\u00e1 recomendaciones personalizadas para garantizar una cicatrizaci\u00f3n \u00f3ptima y los mejores resultados naturales de una rinoplastia.<\/p>\n<div class=\"row\">\n<div class=\"col-lg-7\" style=\"padding: 1rem 2rem 1rem 2rem;\"><img loading=\"lazy\" decoding=\"async\" width=\"1024\" height=\"498\" src=\"https:\/\/www.drazouz.com\/wp-content\/uploads\/2024\/02\/image-022205.jpeg\" alt=\"antes y despu\u00e9s de la rinoplastia \u00e9tnica\" class=\"alignnone size-full wp-image-12495\" srcset=\"https:\/\/www.drazouz.com\/wp-content\/uploads\/2024\/02\/image-022205.jpeg 1024w, https:\/\/www.drazouz.com\/wp-content\/uploads\/2024\/02\/image-022205-300x146.jpeg 300w, https:\/\/www.drazouz.com\/wp-content\/uploads\/2024\/02\/image-022205-768x374.jpeg 768w\" sizes=\"auto, (max-width: 1024px) 100vw, 1024px\" \/><\/div>\n<div class=\"col-lg-5\" style=\"padding: 1rem 2rem 0rem 2rem;\"> <img loading=\"lazy\" decoding=\"async\" width=\"915\" height=\"1024\" src=\"https:\/\/www.drazouz.com\/wp-content\/uploads\/2024\/02\/image-022204.jpeg\" alt=\"cirug\u00eda de rinoplastia\" class=\"alignnone size-full wp-image-12493\" srcset=\"https:\/\/www.drazouz.com\/wp-content\/uploads\/2024\/02\/image-022204.jpeg 915w, https:\/\/www.drazouz.com\/wp-content\/uploads\/2024\/02\/image-022204-268x300.jpeg 268w, https:\/\/www.drazouz.com\/wp-content\/uploads\/2024\/02\/image-022204-768x859.jpeg 768w\" sizes=\"auto, (max-width: 915px) 100vw, 915px\" \/><\/div>\n<\/div>\n<h2>\u00bfSe pueden combinar cirug\u00edas con una rinoplastia?<\/h2>\n<p>En algunos casos, la rinoplastia \u00e9tnica se puede combinar con otros procedimientos para abordar preocupaciones adicionales, como:<\/p>\n<ul>\n<li><a href=\"https:\/\/www.drazouz.com\/es\/eyelid-surgery-blepharoplasty\/\">Blefaroplastia<\/a> (<a href=\"https:\/\/www.drazouz.com\/es\/asian-eyelid-surgery\/\">cirug\u00eda de p\u00e1rpados asi\u00e1tica<\/a>) para mejorar la apariencia de los ojos<\/li>\n<li><a href=\"https:\/\/www.drazouz.com\/es\/facelift\/\">Ritidectom\u00eda<\/a> para mejorar la simetr\u00eda facial y el equilibrio<\/li>\n<li><a href=\"https:\/\/www.drazouz.com\/es\/cheek-reduction-buccal-fat-removal\/\">Extracci\u00f3n de la almohadilla de grasa bucal<\/a> para lograr armon\u00eda facial general<\/li>\n<\/ul>\n<p>El Dr. Azouz discutir\u00e1 la posibilidad de combinar procedimientos durante la consulta y desarrollar\u00e1 un plan de tratamiento personalizado basado en las necesidades y objetivos de cada paciente.<\/p>\n<div class=\"row\">\n<div class=\"col-lg-4 mt-3 d-flex justify-content-center\"><img loading=\"lazy\" decoding=\"async\" src=\"https:\/\/www.drazouz.com\/wp-content\/uploads\/2024\/02\/Solomon-Azouz-MD-_-Plastic-Surgery-in-Dallas.jpeg\" alt=\"Solomon Azouz, MD | Cirug\u00eda pl\u00e1stica en Dallas, TX\" width=\"450\" height=\"817\" class=\"size-full wp-image-12480 alignnone\" srcset=\"https:\/\/www.drazouz.com\/wp-content\/uploads\/2024\/02\/Solomon-Azouz-MD-_-Plastic-Surgery-in-Dallas.jpeg 564w, https:\/\/www.drazouz.com\/wp-content\/uploads\/2024\/02\/Solomon-Azouz-MD-_-Plastic-Surgery-in-Dallas-165x300.jpeg 165w\" sizes=\"auto, (max-width: 450px) 100vw, 450px\" \/><\/div>\n<div class=\"col-lg-8 d-flex justify-content-center flex-column text-left\">\n<h2 class=\"mt-lg-0\">\u00bfCu\u00e1l es el costo de una rinoplastia?<\/h2>\n<p>        Durante la consulta, el cirujano pl\u00e1stico certificado por la junta, el Dr. Azouz, discutir\u00e1 <a href=\"https:\/\/www.drazouz.com\/es\/fees-insurance\/\">opciones de pago<\/a>, incluidos planes de financiamiento, e proporcionar\u00e1 informaci\u00f3n de precios completa.<\/p>\n<h3>Agende una consulta con el Dr. Azouz<\/h3>\n<p>    Para aquellos que buscan rinoplastia \u00e9tnica en Dallas, el cirujano pl\u00e1stico certificado por la junta, el Dr. Azouz, ofrece resultados superiores, conciencia cultural y experiencia. Llame a la oficina al <a href=\"tel:9727028888\" class=\"phone_anchor \" aria-label=\"ll\u00e1manos (972) 702-8888\">(972) 702-8888<\/a> o cont\u00e1ctenos en l\u00ednea para agendar una consulta con el Dr. Azouz hoy en d\u00eda.\n<\/p><\/div>\n<\/div>\n<h3>Preguntas frecuentes<\/h3>\n<dl id=\"faq-1\" class=\"flc-faq\"><dt id=\"l11\"><button class=\"card-header collapsed d-flex align-items-center w-100 text-left\" data-toggle=\"collapse\" data-target=\"#t11\" aria-expanded=\"false\" aria-controls=\"t11\"><i class=\"ml-1 fas fa-chevron-down\"><\/i> \u00bfCu\u00e1nto tiempo durar\u00e1n los resultados de una rinoplastia \u00e9tnica?<\/button><\/dt><dd id=\"t11\" class=\"m-0 collapse\" aria-labelledby=\"l11\" aria-expanded=\"false\" data-parent=\"#faq-1\"><div class=\"card-body\"><p>Los resultados de la rinoplastia \u00e9tnica son duraderos y la nariz contin\u00faa madurando y adoptando su forma final con el tiempo. Sin embargo, factores como el envejecimiento y las elecciones de estilo de vida pueden afectar la duraci\u00f3n de los resultados.<\/p>\n<\/div><\/dd><dt id=\"l12\"><button class=\"card-header collapsed d-flex align-items-center w-100 text-left\" data-toggle=\"collapse\" data-target=\"#t12\" aria-expanded=\"false\" aria-controls=\"t12\"><i class=\"ml-1 fas fa-chevron-down\"><\/i> \u00bfPuede una rinoplastia \u00e9tnica corregir problemas respiratorios?<\/button><\/dt><dd id=\"t12\" class=\"m-0 collapse\" aria-labelledby=\"l12\" aria-expanded=\"false\" data-parent=\"#faq-1\"><div class=\"card-body\"><p>S\u00ed, adem\u00e1s de abordar preocupaciones est\u00e9ticas, la rinoplastia \u00e9tnica tambi\u00e9n puede mejorar la funci\u00f3n nasal y aliviar las dificultades respiratorias causadas por problemas estructurales como un tabique desviado.<\/p>\n<\/div><\/dd><dt id=\"l13\"><button class=\"card-header collapsed d-flex align-items-center w-100 text-left\" data-toggle=\"collapse\" data-target=\"#t13\" aria-expanded=\"false\" aria-controls=\"t13\"><i class=\"ml-1 fas fa-chevron-down\"><\/i> \u00bfExiste riesgo de cicatrices despu\u00e9s de una rinoplastia \u00e9tnica?<\/button><\/dt><dd id=\"t13\" class=\"m-0 collapse\" aria-labelledby=\"l13\" aria-expanded=\"false\" data-parent=\"#faq-1\"><div class=\"card-body\"><p>El Dr. Azouz emplea t\u00e9cnicas quir\u00fargicas avanzadas para minimizar las cicatrices, y cualquier incisi\u00f3n generalmente se oculta bien dentro de los contornos naturales de la nariz. En la mayor\u00eda de los casos, el Dr. Azouz puede realizar una rinoplastia cerrada, donde las incisiones se realizan dentro de la nariz, reduciendo el riesgo de cicatrices externas.<\/p>\n<\/div><\/dd><\/dl>\n","protected":false},"excerpt":{"rendered":"<p>La rinoplastia en asi\u00e1ticos puede ser diferente a la de pacientes con herencia cauc\u00e1sica, nativa americana o<br \/><a href=\"https:\/\/www.drazouz.com\/es\/rinoplastia-asiatica-etnica\/\" class=\"btn btn-blue mt-3\">Sigue leyendo<\/a><\/p>\n","protected":false},"author":1,"featured_media":12450,"parent":8625,"menu_order":0,"comment_status":"closed","ping_status":"closed","template":"","meta":{"_acf_changed":false,"footnotes":""},"class_list":["post-8660","page","type-page","status-publish","has-post-thumbnail"],"acf":[],"yoast_head":"<!-- This site is optimized with the Yoast SEO plugin v27.4 - https:\/\/yoast.com\/product\/yoast-seo-wordpress\/ -->\n<title>Rinoplastia Asi\u00e1tica\/Etnica | Azouz Cirug\u00eda Pl\u00e1stica y Est\u00e9tica<\/title>\n<meta name=\"description\" content=\"La rinoplastia asi\u00e1tica, que aumenta los rasgos faciales existentes para obtener resultados naturales, es un tipo de cirug\u00eda de nariz \u00e9tnica que se realiza en Azouz Plastic and Cosmetic Surgery.\" \/>\n<meta name=\"robots\" content=\"index, follow, max-snippet:-1, max-image-preview:large, max-video-preview:-1\" \/>\n<link rel=\"canonical\" href=\"https:\/\/www.drazouz.com\/es\/rinoplastia-asiatica-etnica\/\" \/>\n<meta property=\"og:locale\" content=\"es_ES\" \/>\n<meta property=\"og:type\" content=\"article\" \/>\n<meta property=\"og:title\" content=\"Rinoplastia Asi\u00e1tica\/Etnica | Azouz Cirug\u00eda Pl\u00e1stica y Est\u00e9tica\" \/>\n<meta property=\"og:description\" content=\"La rinoplastia asi\u00e1tica, que aumenta los rasgos faciales existentes para obtener resultados naturales, es un tipo de cirug\u00eda de nariz \u00e9tnica que se realiza en Azouz Plastic and Cosmetic Surgery.\" \/>\n<meta property=\"og:url\" content=\"https:\/\/www.drazouz.com\/es\/rinoplastia-asiatica-etnica\/\" \/>\n<meta property=\"og:site_name\" content=\"Azouz Cirug\u00eda Pl\u00e1stica y Est\u00e9tica\" \/>\n<meta property=\"article:modified_time\" content=\"2024-02-23T14:20:00+00:00\" \/>\n<meta property=\"og:image\" content=\"https:\/\/www.drazouz.com\/wp-content\/uploads\/2024\/02\/header-image-022201-1.jpeg\" \/>\n<meta name=\"twitter:card\" content=\"summary_large_image\" \/>\n<meta name=\"twitter:image\" content=\"https:\/\/www.drazouz.com\/wp-content\/uploads\/2024\/02\/header-image-022201-1.jpeg\" \/>\n<meta name=\"twitter:label1\" content=\"Tiempo de lectura\" \/>\n\t<meta name=\"twitter:data1\" content=\"6 minutos\" \/>\n<!-- \/ Yoast SEO plugin. -->","yoast_head_json":{"title":"Rinoplastia Asi\u00e1tica\/Etnica | Azouz Cirug\u00eda Pl\u00e1stica y Est\u00e9tica","description":"La rinoplastia asi\u00e1tica, que aumenta los rasgos faciales existentes para obtener resultados naturales, es un tipo de cirug\u00eda de nariz \u00e9tnica que se realiza en Azouz Plastic and Cosmetic Surgery.","robots":{"index":"index","follow":"follow","max-snippet":"max-snippet:-1","max-image-preview":"max-image-preview:large","max-video-preview":"max-video-preview:-1"},"canonical":"https:\/\/www.drazouz.com\/es\/rinoplastia-asiatica-etnica\/","og_locale":"es_ES","og_type":"article","og_title":"Rinoplastia Asi\u00e1tica\/Etnica | Azouz Cirug\u00eda Pl\u00e1stica y Est\u00e9tica","og_description":"La rinoplastia asi\u00e1tica, que aumenta los rasgos faciales existentes para obtener resultados naturales, es un tipo de cirug\u00eda de nariz \u00e9tnica que se realiza en Azouz Plastic and Cosmetic Surgery.","og_url":"https:\/\/www.drazouz.com\/es\/rinoplastia-asiatica-etnica\/","og_site_name":"Azouz Cirug\u00eda Pl\u00e1stica y Est\u00e9tica","article_modified_time":"2024-02-23T14:20:00+00:00","og_image":[{"url":"https:\/\/www.drazouz.com\/wp-content\/uploads\/2024\/02\/header-image-022201-1.jpeg","type":"","width":"","height":""}],"twitter_card":"summary_large_image","twitter_image":"https:\/\/www.drazouz.com\/wp-content\/uploads\/2024\/02\/header-image-022201-1.jpeg","twitter_misc":{"Tiempo de lectura":"6 minutos"},"schema":{"@context":"https:\/\/schema.org","@graph":[{"@type":"WebPage","@id":"https:\/\/www.drazouz.com\/es\/rinoplastia-asiatica-etnica\/","url":"https:\/\/www.drazouz.com\/es\/rinoplastia-asiatica-etnica\/","name":"Rinoplastia Asi\u00e1tica\/Etnica | Azouz Cirug\u00eda Pl\u00e1stica y Est\u00e9tica","isPartOf":{"@id":"https:\/\/www.drazouz.com\/es\/#website"},"primaryImageOfPage":{"@id":"https:\/\/www.drazouz.com\/es\/rinoplastia-asiatica-etnica\/#primaryimage"},"image":{"@id":"https:\/\/www.drazouz.com\/es\/rinoplastia-asiatica-etnica\/#primaryimage"},"thumbnailUrl":"https:\/\/www.drazouz.com\/wp-content\/uploads\/2024\/02\/header-image-022201-1.jpeg","datePublished":"2022-07-25T08:54:52+00:00","dateModified":"2024-02-23T14:20:00+00:00","description":"La rinoplastia asi\u00e1tica, que aumenta los rasgos faciales existentes para obtener resultados naturales, es un tipo de cirug\u00eda de nariz \u00e9tnica que se realiza en Azouz Plastic and Cosmetic Surgery.","breadcrumb":{"@id":"https:\/\/www.drazouz.com\/es\/rinoplastia-asiatica-etnica\/#breadcrumb"},"inLanguage":"es","potentialAction":[{"@type":"ReadAction","target":["https:\/\/www.drazouz.com\/es\/rinoplastia-asiatica-etnica\/"]}]},{"@type":"ImageObject","inLanguage":"es","@id":"https:\/\/www.drazouz.com\/es\/rinoplastia-asiatica-etnica\/#primaryimage","url":"https:\/\/www.drazouz.com\/wp-content\/uploads\/2024\/02\/header-image-022201-1.jpeg","contentUrl":"https:\/\/www.drazouz.com\/wp-content\/uploads\/2024\/02\/header-image-022201-1.jpeg","width":1918,"height":815,"caption":"before and after rhinoplasty for Asians"},{"@type":"BreadcrumbList","@id":"https:\/\/www.drazouz.com\/es\/rinoplastia-asiatica-etnica\/#breadcrumb","itemListElement":[{"@type":"ListItem","position":1,"name":"Home","item":"https:\/\/www.drazouz.com\/es\/"},{"@type":"ListItem","position":2,"name":"Procedimientos","item":"https:\/\/www.drazouz.com\/es\/procedimientos\/"},{"@type":"ListItem","position":3,"name":"Cirug\u00eda Pl\u00e1stica de Nariz","item":"https:\/\/www.drazouz.com\/es\/cirugia-plastica-de-nariz\/"},{"@type":"ListItem","position":4,"name":"Rinoplastia Asi\u00e1tica\/Etnica"}]},{"@type":"WebSite","@id":"https:\/\/www.drazouz.com\/es\/#website","url":"https:\/\/www.drazouz.com\/es\/","name":"Azouz Cirug\u00eda Pl\u00e1stica y Est\u00e9tica","description":"","potentialAction":[{"@type":"SearchAction","target":{"@type":"EntryPoint","urlTemplate":"https:\/\/www.drazouz.com\/es\/?s={search_term_string}"},"query-input":{"@type":"PropertyValueSpecification","valueRequired":true,"valueName":"search_term_string"}}],"inLanguage":"es"}]}},"_links":{"self":[{"href":"https:\/\/www.drazouz.com\/es\/wp-json\/wp\/v2\/pages\/8660","targetHints":{"allow":["GET"]}}],"collection":[{"href":"https:\/\/www.drazouz.com\/es\/wp-json\/wp\/v2\/pages"}],"about":[{"href":"https:\/\/www.drazouz.com\/es\/wp-json\/wp\/v2\/types\/page"}],"author":[{"embeddable":true,"href":"https:\/\/www.drazouz.com\/es\/wp-json\/wp\/v2\/users\/1"}],"replies":[{"embeddable":true,"href":"https:\/\/www.drazouz.com\/es\/wp-json\/wp\/v2\/comments?post=8660"}],"version-history":[{"count":9,"href":"https:\/\/www.drazouz.com\/es\/wp-json\/wp\/v2\/pages\/8660\/revisions"}],"predecessor-version":[{"id":12616,"href":"https:\/\/www.drazouz.com\/es\/wp-json\/wp\/v2\/pages\/8660\/revisions\/12616"}],"up":[{"embeddable":true,"href":"https:\/\/www.drazouz.com\/es\/wp-json\/wp\/v2\/pages\/8625"}],"wp:featuredmedia":[{"embeddable":true,"href":"https:\/\/www.drazouz.com\/es\/wp-json\/wp\/v2\/media\/12450"}],"wp:attachment":[{"href":"https:\/\/www.drazouz.com\/es\/wp-json\/wp\/v2\/media?parent=8660"}],"curies":[{"name":"wp","href":"https:\/\/api.w.org\/{rel}","templated":true}]}}