{"id":8654,"date":"2022-07-22T11:12:34","date_gmt":"2022-07-22T16:12:34","guid":{"rendered":"https:\/\/www.drazouz.com\/?page_id=8654"},"modified":"2024-02-21T11:11:16","modified_gmt":"2024-02-21T16:11:16","slug":"rinoplastia-para-adolescentes-y-jovenes","status":"publish","type":"page","link":"https:\/\/www.drazouz.com\/es\/rinoplastia-para-adolescentes-y-jovenes\/","title":{"rendered":"Rinoplastia para Adolescentes y J\u00f3venes"},"content":{"rendered":"<p>Los a\u00f1os de adolescencia y la pubertad pueden ser un per\u00edodo de un crecimiento personal significativo y autoconciencia. La insatisfacci\u00f3n con la apariencia de la nariz puede tener un gran impacto en las interacciones sociales y la autoestima de un adolescente. <a href=\"https:\/\/www.drazouz.com\/es\/meet-dr-solomon-azouz\/\">El renombrado cirujano pl\u00e1stico Dr. Azouz en Dallas<\/a> ofrece una soluci\u00f3n efectiva a estos problemas con su procedimiento de Rinoplastia para Adolescentes. El Dr. Azouz ha ayudado a miles de adolescentes con procedimientos de cirug\u00eda pl\u00e1stica.<\/p>\n<h2>\u00bfQu\u00e9 es la Rinoplastia para Adolescentes?<\/h2>\n<p>La Rinoplastia para Adolescentes, tambi\u00e9n conocida como cirug\u00eda de nariz, es un procedimiento quir\u00fargico destinado a remodelar y redefinir la nariz para mejorar tanto la est\u00e9tica como la funcionalidad. Este tipo particular de rinoplastia est\u00e1 dise\u00f1ado para cumplir con los objetivos f\u00edsicos y psicol\u00f3gicos distintos de los adolescentes.<\/p>\n<h2>Candidatos para una Rinoplastia en Adolescentes<\/h2>\n<p>Los candidatos ideales para la cirug\u00eda son adolescentes que:<\/p>\n<ul>\n<li>Han completado su desarrollo nasal, t\u00edpicamente alrededor de los 15-16 a\u00f1os para las ni\u00f1as y 17-18 a\u00f1os para los ni\u00f1os.<\/li>\n<li>Experimentan insatisfacci\u00f3n con el tama\u00f1o, la forma o la simetr\u00eda de su nariz.<\/li>\n<li>Sufren de dificultades respiratorias debido a problemas estructurales como un <a href=\"https:\/\/www.drazouz.com\/es\/deviated-septum-septoplasty\/\">tabique desviado<\/a>.<\/li>\n<li>Est\u00e1n en buena salud general y tienen expectativas realistas sobre los resultados de la cirug\u00eda.<\/li>\n<\/ul>\n<h2><img loading=\"lazy\" decoding=\"async\" src=\"https:\/\/www.drazouz.com\/wp-content\/uploads\/2024\/02\/image-022101.jpeg\" alt=\"cirug\u00eda de nariz para adolescentes | rinoplastia para adolescentes\" width=\"450\" height=\"300\" class=\"size-full wp-image-12313 alignright\" srcset=\"https:\/\/www.drazouz.com\/wp-content\/uploads\/2024\/02\/image-022101.jpeg 1024w, https:\/\/www.drazouz.com\/wp-content\/uploads\/2024\/02\/image-022101-300x200.jpeg 300w, https:\/\/www.drazouz.com\/wp-content\/uploads\/2024\/02\/image-022101-768x512.jpeg 768w\" sizes=\"auto, (max-width: 450px) 100vw, 450px\" \/>\u00bfCu\u00e1les son los beneficios de la rinoplastia para adolescentes?<\/h2>\n<p>Una rinoplastia ofrece una serie de beneficios, incluyendo:<\/p>\n<ul>\n<li>Mejora de la autoconfianza y autoestima.<\/li>\n<li>Armon\u00eda y equilibrio facial mejorados.<\/li>\n<li>Correcci\u00f3n de problemas respiratorios.<\/li>\n<li>Resultados duraderos que contin\u00faan desarroll\u00e1ndose a medida que madura la cara.<\/li>\n<\/ul>\n<h2>\u00bfC\u00f3mo se realiza una rinoplastia en adolescentes?<\/h2>\n<p>El cirujano pl\u00e1stico certificado por la junta, el Dr. Azouz, emplea t\u00e9cnicas quir\u00fargicas avanzadas para lograr resultados naturales minimizando cicatrices y tiempo de inactividad. El procedimiento t\u00edpicamente implica:<\/p>\n<ol>\n<li>Consulta: El Dr. Azouz realiza una evaluaci\u00f3n exhaustiva y discute los objetivos y expectativas del paciente.<\/li>\n<li>Planificaci\u00f3n quir\u00fargica: Se desarrollan planes quir\u00fargicos personalizados para abordar las preocupaciones espec\u00edficas de cada paciente.<\/li>\n<li>Cirug\u00eda: El Dr. Azouz esculpe cuidadosamente la estructura nasal para lograr la forma y el tama\u00f1o deseados.<\/li>\n<li>Cierre de incisiones: Se cierran las incisiones y se pueden colocar f\u00e9rulas nasales o empaques para apoyar la nariz reci\u00e9n formada. El Dr. Azouz se especializa en rinoplastia cerrada, donde las incisiones se colocan dentro de la nariz sin incisiones externas, lo que resulta en ausencia de cicatrices.<\/li>\n<li>Recuperaci\u00f3n: Los pacientes son monitoreados de cerca despu\u00e9s de la cirug\u00eda y se proporcionan instrucciones para el cuidado y las citas de seguimiento.<\/li>\n<\/ol>\n<p><img loading=\"lazy\" decoding=\"async\" src=\"https:\/\/www.drazouz.com\/wp-content\/uploads\/2024\/02\/image-022102.jpeg\" alt=\"antes y despu\u00e9s de la rinoplastia para adolescentes\" width=\"700\" height=\"422\" class=\"size-full wp-image-12311 aligncenter\" srcset=\"https:\/\/www.drazouz.com\/wp-content\/uploads\/2024\/02\/image-022102.jpeg 1024w, https:\/\/www.drazouz.com\/wp-content\/uploads\/2024\/02\/image-022102-300x181.jpeg 300w, https:\/\/www.drazouz.com\/wp-content\/uploads\/2024\/02\/image-022102-768x464.jpeg 768w\" sizes=\"auto, (max-width: 700px) 100vw, 700px\" \/><\/p>\n<h2>Anestesia Utilizada Durante una Rinoplastia en Adolescentes<\/h2>\n<p>Por lo general, se utiliza sedaci\u00f3n durante las rinoplastias en adolescentes para garantizar la comodidad y seguridad del paciente durante el proceso. Adem\u00e1s de monitorear los signos vitales del paciente mientras se administra la anestesia, el cirujano pl\u00e1stico certificado por la junta, el Dr. Azouz, colabora estrechamente con anestesi\u00f3logos expertos.<\/p>\n<h2>Riesgos de una Rinoplastia en Adolescentes<\/h2>\n<p>Si bien la Rinoplastia para Adolescentes en general es segura, al igual que cualquier procedimiento quir\u00fargico, conlleva algunos riesgos, que incluyen:<\/p>\n<ul>\n<li>Sangrado<\/li>\n<li>Infecci\u00f3n<\/li>\n<li>Reacci\u00f3n adversa a la anestesia<\/li>\n<\/ul>\n<p>El Dr. Azouz discute estos riesgos con los pacientes y los padres durante la consulta y toma medidas apropiadas para minimizarlos.<\/p>\n<h2>Recuperaci\u00f3n Despu\u00e9s de una Rinoplastia<\/h2>\n<p>El per\u00edodo de recuperaci\u00f3n despu\u00e9s de una rinoplastia var\u00eda de paciente a paciente, pero generalmente implica:<\/p>\n<ul>\n<li>Hinchaz\u00f3n y moretones, que disminuyen gradualmente en las semanas siguientes<\/li>\n<li>Malestar o dolor temporal, controlado con medicamentos recetados<\/li>\n<li>Evitar actividades extenuantes durante varias semanas para permitir una cicatrizaci\u00f3n adecuada<\/li>\n<li>Citas de seguimiento con el Dr. Azouz para monitorear el progreso y abordar cualquier inquietud<\/li>\n<\/ul>\n<p>Se recomienda a los pacientes seguir las instrucciones postoperatorias cuidadosamente para optimizar la cicatrizaci\u00f3n y lograr resultados \u00f3ptimos.<br \/>\n<img loading=\"lazy\" decoding=\"async\" src=\"https:\/\/www.drazouz.com\/wp-content\/uploads\/2024\/02\/image-022103.jpeg\" alt=\"cirug\u00eda de nariz para adolescentes | rinoplastia para adolescentes\" width=\"700\" height=\"467\" class=\"size-full wp-image-12322 aligncenter\" srcset=\"https:\/\/www.drazouz.com\/wp-content\/uploads\/2024\/02\/image-022103.jpeg 1024w, https:\/\/www.drazouz.com\/wp-content\/uploads\/2024\/02\/image-022103-300x200.jpeg 300w, https:\/\/www.drazouz.com\/wp-content\/uploads\/2024\/02\/image-022103-768x512.jpeg 768w\" sizes=\"auto, (max-width: 700px) 100vw, 700px\" \/><\/p>\n<h2>\u00bfSe pueden combinar cirug\u00edas con una rinoplastia?<\/h2>\n<p>En algunos casos, una rinoplastia puede combinarse con otros procedimientos para abordar preocupaciones adicionales, tales como:<\/p>\n<ul>\n<li><a href=\"https:\/\/www.drazouz.com\/es\/deviated-septum-septoplasty\/\">Septoplastia<\/a> para corregir un tabique desviado y mejorar la respiraci\u00f3n.<\/li>\n<li><a href=\"https:\/\/www.drazouz.com\/es\/chin-liposuction\/\">Liposucci\u00f3n de ment\u00f3n<\/a> para mejorar el equilibrio y la simetr\u00eda facial.<\/li>\n<li><a href=\"https:\/\/www.drazouz.com\/es\/otoplasty-ear-pinning\/\">Otoplastia<\/a> para remodelar y reposicionar orejas prominentes.<\/li>\n<li><a href=\"https:\/\/www.drazouz.com\/es\/facelift\/\">Cirug\u00eda de lifting facial<\/a> para mejorar el contorno facial.<\/li>\n<\/ul>\n<p>El cirujano pl\u00e1stico de Dallas, el Dr. Azouz, discute la posibilidad de combinar procedimientos durante la consulta y desarrolla un plan de tratamiento personalizado basado en las necesidades y objetivos del paciente.<\/p>\n<h2>Costo de una Rinoplastia en Dallas<\/h2>\n<p>El costo de una rinoplastia var\u00eda seg\u00fan factores como la complejidad del procedimiento, las t\u00e9cnicas quir\u00fargicas utilizadas, los honorarios de la anestesia y los honorarios de la instalaci\u00f3n. Durante la consulta, el Dr. Azouz proporciona <a href=\"https:\/\/www.drazouz.com\/es\/fees-insurance\/\">informaci\u00f3n detallada sobre<\/a> los precios y discute opciones de pago, incluidos planes de financiamiento.<\/p>\n<div class=\"row\" style=\"margin-top: 2rem;\">\n<div class=\"col-lg-4 d-flex justify-content-center\"><img loading=\"lazy\" decoding=\"async\" src=\"https:\/\/www.drazouz.com\/wp-content\/uploads\/2024\/02\/Dr.-Solomon-Azouz-_-Plastic-and-Reconstructive-Surgery-2.jpg\" alt=\"Dr. Solomon Azouz | Cirug\u00eda Pl\u00e1stica y Reconstructiva en Dallas, TX\" width=\"400\" height=\"533\" class=\"alignnone size-full wp-image-12320\" srcset=\"https:\/\/www.drazouz.com\/wp-content\/uploads\/2024\/02\/Dr.-Solomon-Azouz-_-Plastic-and-Reconstructive-Surgery-2.jpg 1024w, https:\/\/www.drazouz.com\/wp-content\/uploads\/2024\/02\/Dr.-Solomon-Azouz-_-Plastic-and-Reconstructive-Surgery-2-225x300.jpg 225w, https:\/\/www.drazouz.com\/wp-content\/uploads\/2024\/02\/Dr.-Solomon-Azouz-_-Plastic-and-Reconstructive-Surgery-2-768x1024.jpg 768w\" sizes=\"auto, (max-width: 400px) 100vw, 400px\" \/><\/div>\n<div class=\"col-lg-8 d-flex justify-content-center flex-column text-left\">\n<h3 class=\"mt-lg-0\">Programa tu consulta para una Rinoplastia en Dallas<\/h3>\n<p>Para adolescentes que est\u00e9n considerando una rinoplastia en Dallas, el cirujano pl\u00e1stico certificado por la junta, el Dr. Azouz, ofrece experiencia, compasi\u00f3n y resultados excepcionales. <a href=\"https:\/\/www.drazouz.com\/es\/contact\/\">\u00a1Cont\u00e1ctanos hoy mismo<\/a> o ll\u00e1manos al <a href=\"tel:9727028888\" class=\"phone_anchor \" aria-label=\"ll\u00e1manos (972) 702-8888\">(972) 702-8888<\/a> para programar una consulta y dar el primer paso hacia un t\u00fa m\u00e1s seguro y hermoso.\n<\/div>\n<\/div>\n<h3>Preguntas Frecuentes<\/h3>\n<dl id=\"faq-1\" class=\"flc-faq\"><dt id=\"l11\"><button class=\"card-header collapsed d-flex align-items-center w-100 text-left\" data-toggle=\"collapse\" data-target=\"#t11\" aria-expanded=\"false\" aria-controls=\"t11\"><i class=\"ml-1 fas fa-chevron-down\"><\/i> \u00bfLa rinoplastia est\u00e1 cubierta por el seguro?<\/button><\/dt><dd id=\"t11\" class=\"m-0 collapse\" aria-labelledby=\"l11\" aria-expanded=\"false\" data-parent=\"#faq-1\"><div class=\"card-body\"><p>En algunos casos, la rinoplastia puede estar cubierta por el seguro si se realiza para corregir problemas funcionales como dificultades para respirar. Sin embargo, las preocupaciones est\u00e9ticas generalmente no est\u00e1n cubiertas.<\/p>\n<\/div><\/dd><dt id=\"l12\"><button class=\"card-header collapsed d-flex align-items-center w-100 text-left\" data-toggle=\"collapse\" data-target=\"#t12\" aria-expanded=\"false\" aria-controls=\"t12\"><i class=\"ml-1 fas fa-chevron-down\"><\/i> \u00bfLos resultados de una rinoplastia son permanentes?<\/button><\/dt><dd id=\"t12\" class=\"m-0 collapse\" aria-labelledby=\"l12\" aria-expanded=\"false\" data-parent=\"#faq-1\"><div class=\"card-body\"><p>S\u00ed, los resultados de la rinoplastia para adolescentes son duraderos y la nariz contin\u00faa madurando y adoptando su forma final con el tiempo.<\/p>\n<\/div><\/dd><dt id=\"l13\"><button class=\"card-header collapsed d-flex align-items-center w-100 text-left\" data-toggle=\"collapse\" data-target=\"#t13\" aria-expanded=\"false\" aria-controls=\"t13\"><i class=\"ml-1 fas fa-chevron-down\"><\/i> \u00bfExiste riesgo de cicatrices despu\u00e9s de una rinoplastia?<\/button><\/dt><dd id=\"t13\" class=\"m-0 collapse\" aria-labelledby=\"l13\" aria-expanded=\"false\" data-parent=\"#faq-1\"><div class=\"card-body\"><p>El Dr. Azouz utiliza t\u00e9cnicas quir\u00fargicas avanzadas para minimizar las cicatrices, y cualquier incisi\u00f3n generalmente est\u00e1 bien oculta dentro de la nariz con una rinoplastia cerrada.<\/p>\n<\/div><\/dd><\/dl>\n","protected":false},"excerpt":{"rendered":"<p>Los a\u00f1os de adolescencia y la pubertad pueden ser un per\u00edodo de un crecimiento personal significativo y<br \/><a href=\"https:\/\/www.drazouz.com\/es\/rinoplastia-para-adolescentes-y-jovenes\/\" class=\"btn btn-blue mt-3\">Sigue leyendo<\/a><\/p>\n","protected":false},"author":1,"featured_media":12303,"parent":8625,"menu_order":0,"comment_status":"closed","ping_status":"closed","template":"","meta":{"_acf_changed":false,"footnotes":""},"class_list":["post-8654","page","type-page","status-publish","has-post-thumbnail"],"acf":[],"yoast_head":"<!-- This site is optimized with the Yoast SEO plugin v27.4 - https:\/\/yoast.com\/product\/yoast-seo-wordpress\/ -->\n<title>Rinoplastia para Adolescentes y J\u00f3venes | Azouz Cirug\u00eda Pl\u00e1stica y Est\u00e9tica<\/title>\n<meta name=\"robots\" content=\"index, follow, max-snippet:-1, max-image-preview:large, max-video-preview:-1\" \/>\n<link rel=\"canonical\" href=\"https:\/\/www.drazouz.com\/es\/rinoplastia-para-adolescentes-y-jovenes\/\" \/>\n<meta property=\"og:locale\" content=\"es_ES\" \/>\n<meta property=\"og:type\" content=\"article\" \/>\n<meta property=\"og:title\" content=\"Rinoplastia para Adolescentes y J\u00f3venes | Azouz Cirug\u00eda Pl\u00e1stica y Est\u00e9tica\" \/>\n<meta property=\"og:description\" content=\"Los a\u00f1os de adolescencia y la pubertad pueden ser un per\u00edodo de un crecimiento personal significativo ySigue leyendo\" \/>\n<meta property=\"og:url\" content=\"https:\/\/www.drazouz.com\/es\/rinoplastia-para-adolescentes-y-jovenes\/\" \/>\n<meta property=\"og:site_name\" content=\"Azouz Cirug\u00eda Pl\u00e1stica y Est\u00e9tica\" \/>\n<meta property=\"article:modified_time\" content=\"2024-02-21T16:11:16+00:00\" \/>\n<meta property=\"og:image\" content=\"https:\/\/www.drazouz.com\/wp-content\/uploads\/2024\/02\/header-image-022101.jpeg\" \/>\n<meta name=\"twitter:card\" content=\"summary_large_image\" \/>\n<meta name=\"twitter:image\" content=\"https:\/\/www.drazouz.com\/wp-content\/uploads\/2024\/02\/header-image-022101.jpeg\" \/>\n<meta name=\"twitter:label1\" content=\"Tiempo de lectura\" \/>\n\t<meta name=\"twitter:data1\" content=\"5 minutos\" \/>\n<!-- \/ Yoast SEO plugin. -->","yoast_head_json":{"title":"Rinoplastia para Adolescentes y J\u00f3venes | Azouz Cirug\u00eda Pl\u00e1stica y Est\u00e9tica","robots":{"index":"index","follow":"follow","max-snippet":"max-snippet:-1","max-image-preview":"max-image-preview:large","max-video-preview":"max-video-preview:-1"},"canonical":"https:\/\/www.drazouz.com\/es\/rinoplastia-para-adolescentes-y-jovenes\/","og_locale":"es_ES","og_type":"article","og_title":"Rinoplastia para Adolescentes y J\u00f3venes | Azouz Cirug\u00eda Pl\u00e1stica y Est\u00e9tica","og_description":"Los a\u00f1os de adolescencia y la pubertad pueden ser un per\u00edodo de un crecimiento personal significativo ySigue leyendo","og_url":"https:\/\/www.drazouz.com\/es\/rinoplastia-para-adolescentes-y-jovenes\/","og_site_name":"Azouz Cirug\u00eda Pl\u00e1stica y Est\u00e9tica","article_modified_time":"2024-02-21T16:11:16+00:00","og_image":[{"url":"https:\/\/www.drazouz.com\/wp-content\/uploads\/2024\/02\/header-image-022101.jpeg","type":"","width":"","height":""}],"twitter_card":"summary_large_image","twitter_image":"https:\/\/www.drazouz.com\/wp-content\/uploads\/2024\/02\/header-image-022101.jpeg","twitter_misc":{"Tiempo de lectura":"5 minutos"},"schema":{"@context":"https:\/\/schema.org","@graph":[{"@type":"WebPage","@id":"https:\/\/www.drazouz.com\/es\/rinoplastia-para-adolescentes-y-jovenes\/","url":"https:\/\/www.drazouz.com\/es\/rinoplastia-para-adolescentes-y-jovenes\/","name":"Rinoplastia para Adolescentes y J\u00f3venes | Azouz Cirug\u00eda Pl\u00e1stica y Est\u00e9tica","isPartOf":{"@id":"https:\/\/www.drazouz.com\/es\/#website"},"primaryImageOfPage":{"@id":"https:\/\/www.drazouz.com\/es\/rinoplastia-para-adolescentes-y-jovenes\/#primaryimage"},"image":{"@id":"https:\/\/www.drazouz.com\/es\/rinoplastia-para-adolescentes-y-jovenes\/#primaryimage"},"thumbnailUrl":"https:\/\/www.drazouz.com\/wp-content\/uploads\/2024\/02\/header-image-022101.jpeg","datePublished":"2022-07-22T16:12:34+00:00","dateModified":"2024-02-21T16:11:16+00:00","breadcrumb":{"@id":"https:\/\/www.drazouz.com\/es\/rinoplastia-para-adolescentes-y-jovenes\/#breadcrumb"},"inLanguage":"es","potentialAction":[{"@type":"ReadAction","target":["https:\/\/www.drazouz.com\/es\/rinoplastia-para-adolescentes-y-jovenes\/"]}]},{"@type":"ImageObject","inLanguage":"es","@id":"https:\/\/www.drazouz.com\/es\/rinoplastia-para-adolescentes-y-jovenes\/#primaryimage","url":"https:\/\/www.drazouz.com\/wp-content\/uploads\/2024\/02\/header-image-022101.jpeg","contentUrl":"https:\/\/www.drazouz.com\/wp-content\/uploads\/2024\/02\/header-image-022101.jpeg","width":1918,"height":815,"caption":"rhinoplasty for teenagers | nose job for teens"},{"@type":"BreadcrumbList","@id":"https:\/\/www.drazouz.com\/es\/rinoplastia-para-adolescentes-y-jovenes\/#breadcrumb","itemListElement":[{"@type":"ListItem","position":1,"name":"Home","item":"https:\/\/www.drazouz.com\/es\/"},{"@type":"ListItem","position":2,"name":"Procedimientos","item":"https:\/\/www.drazouz.com\/es\/procedimientos\/"},{"@type":"ListItem","position":3,"name":"Cirug\u00eda Pl\u00e1stica de Nariz","item":"https:\/\/www.drazouz.com\/es\/cirugia-plastica-de-nariz\/"},{"@type":"ListItem","position":4,"name":"Rinoplastia para Adolescentes y J\u00f3venes"}]},{"@type":"WebSite","@id":"https:\/\/www.drazouz.com\/es\/#website","url":"https:\/\/www.drazouz.com\/es\/","name":"Azouz Cirug\u00eda Pl\u00e1stica y Est\u00e9tica","description":"","potentialAction":[{"@type":"SearchAction","target":{"@type":"EntryPoint","urlTemplate":"https:\/\/www.drazouz.com\/es\/?s={search_term_string}"},"query-input":{"@type":"PropertyValueSpecification","valueRequired":true,"valueName":"search_term_string"}}],"inLanguage":"es"}]}},"_links":{"self":[{"href":"https:\/\/www.drazouz.com\/es\/wp-json\/wp\/v2\/pages\/8654","targetHints":{"allow":["GET"]}}],"collection":[{"href":"https:\/\/www.drazouz.com\/es\/wp-json\/wp\/v2\/pages"}],"about":[{"href":"https:\/\/www.drazouz.com\/es\/wp-json\/wp\/v2\/types\/page"}],"author":[{"embeddable":true,"href":"https:\/\/www.drazouz.com\/es\/wp-json\/wp\/v2\/users\/1"}],"replies":[{"embeddable":true,"href":"https:\/\/www.drazouz.com\/es\/wp-json\/wp\/v2\/comments?post=8654"}],"version-history":[{"count":12,"href":"https:\/\/www.drazouz.com\/es\/wp-json\/wp\/v2\/pages\/8654\/revisions"}],"predecessor-version":[{"id":14404,"href":"https:\/\/www.drazouz.com\/es\/wp-json\/wp\/v2\/pages\/8654\/revisions\/14404"}],"up":[{"embeddable":true,"href":"https:\/\/www.drazouz.com\/es\/wp-json\/wp\/v2\/pages\/8625"}],"wp:featuredmedia":[{"embeddable":true,"href":"https:\/\/www.drazouz.com\/es\/wp-json\/wp\/v2\/media\/12303"}],"wp:attachment":[{"href":"https:\/\/www.drazouz.com\/es\/wp-json\/wp\/v2\/media?parent=8654"}],"curies":[{"name":"wp","href":"https:\/\/api.w.org\/{rel}","templated":true}]}}