{"id":8649,"date":"2022-07-22T08:07:08","date_gmt":"2022-07-22T13:07:08","guid":{"rendered":"https:\/\/www.drazouz.com\/?page_id=8649"},"modified":"2024-05-28T07:20:22","modified_gmt":"2024-05-28T12:20:22","slug":"microtia","status":"publish","type":"page","link":"https:\/\/www.drazouz.com\/es\/cirugia-de-microtia\/","title":{"rendered":"Microtia"},"content":{"rendered":"<p>La microtia es una rara condici\u00f3n cong\u00e9nita en la que la oreja externa est\u00e1 subdesarrollada. La mayor\u00eda de los pacientes con microtia tienen alguna parte de la oreja, aunque est\u00e1 malformada, y generalmente tendr\u00e1n un l\u00f3bulo de la oreja. Si la oreja est\u00e1 completamente ausente, esto se conoce como anotia, y es un diagn\u00f3stico diferente. Muy a menudo, la microtia solo se observa en un lado de la cabeza. De hecho, menos del 20 por ciento de los pacientes tienen ambas orejas afectadas por la microtia. El Dr. Azouz realiza cirug\u00eda de microtia para <a title=\"Cirug\u00eda Pl\u00e1stica de Orejas en Dallas TX\" href=\"https:\/\/www.drazouz.com\/es\/cirugia-plastica-de-orejas\/\"><em><strong>restaurar la estructura de la oreja<\/strong><\/em><\/a>.<\/p>\n<h2>Reconstrucci\u00f3n Quir\u00fargica de la Oreja<\/h2>\n<p>La reconstrucci\u00f3n de la microtia se realiza en etapas. Primero, la oreja se reconstruye y se une al lado de la cabeza. M\u00e1s tarde, la oreja se separa de la cabeza, de modo que sobresale de manera normal. Un tercer procedimiento puede remodelar la oreja para agregar definici\u00f3n y una apariencia integrada. El Dr. Azouz se esmera en reconstruir la oreja con un resultado final que no llame la atenci\u00f3n y tenga una forma de oreja natural.<\/p>\n<p>La cirug\u00eda se puede realizar entre las edades de 7 a 10 a\u00f1os, pero se recomienda que busques una consulta con un cirujano pl\u00e1stico calificado tan pronto como sea posible despu\u00e9s del diagn\u00f3stico. Tu cirujano pl\u00e1stico querr\u00e1 hacer un seguimiento del desarrollo del resto de las caracter\u00edsticas faciales y de la oreja que no est\u00e1 afectada.<\/p>\n<p>Aunque puede ser dif\u00edcil esperar la cirug\u00eda, es importante asegurar las proporciones y la forma correctas para obtener la apariencia m\u00e1s natural. Esto no es evidente hasta que los ni\u00f1os son mayores, y un cirujano pl\u00e1stico experimentado puede tomar decisiones bien fundamentadas sobre las caracter\u00edsticas faciales proyectadas.<\/p>\n<h3>Conf\u00eda en Azouz Plastic and Cosmetic Surgery<\/h3>\n<p>Debido a la rareza de la condici\u00f3n, la elecci\u00f3n del cirujano adecuado para la cirug\u00eda de microtia es extremadamente importante. La pr\u00e1ctica del Dr. Azouz en Dallas es buscada por pacientes de todo el mundo debido a su experiencia en cirug\u00eda pl\u00e1stica y reconstrucci\u00f3n. Con formaci\u00f3n de especializaci\u00f3n y certificaci\u00f3n de la junta, combina la precisi\u00f3n quir\u00fargica con el ojo de un artista. Al realizar la cirug\u00eda de microtia, combina tanto la necesidad de forma como de funci\u00f3n, especialmente cuando se necesitan implantes auditivos y se requiere coordinaci\u00f3n quir\u00fargica.<\/p>\n<p>Un diagn\u00f3stico de microtia puede ser preocupante, y Azouz Plastic &#038; Cosmetic Surgery est\u00e1 aqu\u00ed para apoyarte en nuestro entorno acogedor e inclusivo. <a title=\"Contacta con Azouz Cosmetic &#038; Plastic Surgery en Dallas TX\" href=\"https:\/\/www.drazouz.com\/es\/contact\/\"><em><strong>Reserva tu consulta<\/strong><\/em><\/a> lo antes posible para discutir las opciones de reconstrucci\u00f3n quir\u00fargica.<\/p>\n","protected":false},"excerpt":{"rendered":"<p>La microtia es una rara condici\u00f3n cong\u00e9nita en la que la oreja externa est\u00e1 subdesarrollada. La mayor\u00eda<br \/><a href=\"https:\/\/www.drazouz.com\/es\/cirugia-de-microtia\/\" class=\"btn btn-blue mt-3\">Sigue leyendo<\/a><\/p>\n","protected":false},"author":1,"featured_media":10201,"parent":8606,"menu_order":0,"comment_status":"closed","ping_status":"closed","template":"","meta":{"_acf_changed":false,"footnotes":""},"class_list":["post-8649","page","type-page","status-publish","has-post-thumbnail"],"acf":[],"yoast_head":"<!-- This site is optimized with the Yoast SEO plugin v27.4 - https:\/\/yoast.com\/product\/yoast-seo-wordpress\/ -->\n<title>Microtia | Azouz Cirug\u00eda Pl\u00e1stica y Est\u00e9tica<\/title>\n<meta name=\"robots\" content=\"index, follow, max-snippet:-1, max-image-preview:large, max-video-preview:-1\" \/>\n<link rel=\"canonical\" href=\"https:\/\/www.drazouz.com\/es\/cirugia-de-microtia\/\" \/>\n<meta property=\"og:locale\" content=\"es_ES\" \/>\n<meta property=\"og:type\" content=\"article\" \/>\n<meta property=\"og:title\" content=\"Microtia | Azouz Cirug\u00eda Pl\u00e1stica y Est\u00e9tica\" \/>\n<meta property=\"og:description\" content=\"La microtia es una rara condici\u00f3n cong\u00e9nita en la que la oreja externa est\u00e1 subdesarrollada. La mayor\u00edaSigue leyendo\" \/>\n<meta property=\"og:url\" content=\"https:\/\/www.drazouz.com\/es\/cirugia-de-microtia\/\" \/>\n<meta property=\"og:site_name\" content=\"Azouz Cirug\u00eda Pl\u00e1stica y Est\u00e9tica\" \/>\n<meta property=\"article:modified_time\" content=\"2024-05-28T12:20:22+00:00\" \/>\n<meta property=\"og:image\" content=\"https:\/\/www.drazouz.com\/wp-content\/uploads\/2023\/12\/header-image-122207-3.jpeg\" \/>\n<meta name=\"twitter:card\" content=\"summary_large_image\" \/>\n<meta name=\"twitter:image\" content=\"https:\/\/www.drazouz.com\/wp-content\/uploads\/2023\/12\/header-image-122207-3.jpeg\" \/>\n<meta name=\"twitter:label1\" content=\"Tiempo de lectura\" \/>\n\t<meta name=\"twitter:data1\" content=\"2 minutos\" \/>\n<!-- \/ Yoast SEO plugin. -->","yoast_head_json":{"title":"Microtia | Azouz Cirug\u00eda Pl\u00e1stica y Est\u00e9tica","robots":{"index":"index","follow":"follow","max-snippet":"max-snippet:-1","max-image-preview":"max-image-preview:large","max-video-preview":"max-video-preview:-1"},"canonical":"https:\/\/www.drazouz.com\/es\/cirugia-de-microtia\/","og_locale":"es_ES","og_type":"article","og_title":"Microtia | Azouz Cirug\u00eda Pl\u00e1stica y Est\u00e9tica","og_description":"La microtia es una rara condici\u00f3n cong\u00e9nita en la que la oreja externa est\u00e1 subdesarrollada. La mayor\u00edaSigue leyendo","og_url":"https:\/\/www.drazouz.com\/es\/cirugia-de-microtia\/","og_site_name":"Azouz Cirug\u00eda Pl\u00e1stica y Est\u00e9tica","article_modified_time":"2024-05-28T12:20:22+00:00","og_image":[{"url":"https:\/\/www.drazouz.com\/wp-content\/uploads\/2023\/12\/header-image-122207-3.jpeg","type":"","width":"","height":""}],"twitter_card":"summary_large_image","twitter_image":"https:\/\/www.drazouz.com\/wp-content\/uploads\/2023\/12\/header-image-122207-3.jpeg","twitter_misc":{"Tiempo de lectura":"2 minutos"},"schema":{"@context":"https:\/\/schema.org","@graph":[{"@type":"WebPage","@id":"https:\/\/www.drazouz.com\/es\/cirugia-de-microtia\/","url":"https:\/\/www.drazouz.com\/es\/cirugia-de-microtia\/","name":"Microtia | Azouz Cirug\u00eda Pl\u00e1stica y Est\u00e9tica","isPartOf":{"@id":"https:\/\/www.drazouz.com\/es\/#website"},"primaryImageOfPage":{"@id":"https:\/\/www.drazouz.com\/es\/cirugia-de-microtia\/#primaryimage"},"image":{"@id":"https:\/\/www.drazouz.com\/es\/cirugia-de-microtia\/#primaryimage"},"thumbnailUrl":"https:\/\/www.drazouz.com\/wp-content\/uploads\/2023\/12\/header-image-122207-3.jpeg","datePublished":"2022-07-22T13:07:08+00:00","dateModified":"2024-05-28T12:20:22+00:00","breadcrumb":{"@id":"https:\/\/www.drazouz.com\/es\/cirugia-de-microtia\/#breadcrumb"},"inLanguage":"es","potentialAction":[{"@type":"ReadAction","target":["https:\/\/www.drazouz.com\/es\/cirugia-de-microtia\/"]}]},{"@type":"ImageObject","inLanguage":"es","@id":"https:\/\/www.drazouz.com\/es\/cirugia-de-microtia\/#primaryimage","url":"https:\/\/www.drazouz.com\/wp-content\/uploads\/2023\/12\/header-image-122207-3.jpeg","contentUrl":"https:\/\/www.drazouz.com\/wp-content\/uploads\/2023\/12\/header-image-122207-3.jpeg","width":1918,"height":815,"caption":"microtia - a congenital deformity where the pinna is underdeveloped"},{"@type":"BreadcrumbList","@id":"https:\/\/www.drazouz.com\/es\/cirugia-de-microtia\/#breadcrumb","itemListElement":[{"@type":"ListItem","position":1,"name":"Home","item":"https:\/\/www.drazouz.com\/es\/"},{"@type":"ListItem","position":2,"name":"Procedimientos","item":"https:\/\/www.drazouz.com\/es\/procedimientos\/"},{"@type":"ListItem","position":3,"name":"Cirug\u00eda de Orejas","item":"https:\/\/www.drazouz.com\/es\/cirugia-plastica-de-orejas\/"},{"@type":"ListItem","position":4,"name":"Microtia"}]},{"@type":"WebSite","@id":"https:\/\/www.drazouz.com\/es\/#website","url":"https:\/\/www.drazouz.com\/es\/","name":"Azouz Cirug\u00eda Pl\u00e1stica y Est\u00e9tica","description":"","potentialAction":[{"@type":"SearchAction","target":{"@type":"EntryPoint","urlTemplate":"https:\/\/www.drazouz.com\/es\/?s={search_term_string}"},"query-input":{"@type":"PropertyValueSpecification","valueRequired":true,"valueName":"search_term_string"}}],"inLanguage":"es"}]}},"_links":{"self":[{"href":"https:\/\/www.drazouz.com\/es\/wp-json\/wp\/v2\/pages\/8649","targetHints":{"allow":["GET"]}}],"collection":[{"href":"https:\/\/www.drazouz.com\/es\/wp-json\/wp\/v2\/pages"}],"about":[{"href":"https:\/\/www.drazouz.com\/es\/wp-json\/wp\/v2\/types\/page"}],"author":[{"embeddable":true,"href":"https:\/\/www.drazouz.com\/es\/wp-json\/wp\/v2\/users\/1"}],"replies":[{"embeddable":true,"href":"https:\/\/www.drazouz.com\/es\/wp-json\/wp\/v2\/comments?post=8649"}],"version-history":[{"count":3,"href":"https:\/\/www.drazouz.com\/es\/wp-json\/wp\/v2\/pages\/8649\/revisions"}],"predecessor-version":[{"id":14372,"href":"https:\/\/www.drazouz.com\/es\/wp-json\/wp\/v2\/pages\/8649\/revisions\/14372"}],"up":[{"embeddable":true,"href":"https:\/\/www.drazouz.com\/es\/wp-json\/wp\/v2\/pages\/8606"}],"wp:featuredmedia":[{"embeddable":true,"href":"https:\/\/www.drazouz.com\/es\/wp-json\/wp\/v2\/media\/10201"}],"wp:attachment":[{"href":"https:\/\/www.drazouz.com\/es\/wp-json\/wp\/v2\/media?parent=8649"}],"curies":[{"name":"wp","href":"https:\/\/api.w.org\/{rel}","templated":true}]}}