{"id":8637,"date":"2022-07-22T08:02:12","date_gmt":"2022-07-22T13:02:12","guid":{"rendered":"https:\/\/www.drazouz.com\/?page_id=8637"},"modified":"2024-05-28T07:20:06","modified_gmt":"2024-05-28T12:20:06","slug":"trauma-de-oido","status":"publish","type":"page","link":"https:\/\/www.drazouz.com\/es\/cirugia-plastica-trauma-de-oido\/","title":{"rendered":"Trauma de O\u00eddo"},"content":{"rendered":"<p>La posici\u00f3n de las orejas las deja expuestas a lesiones. El da\u00f1o puede manifestarse de diversas formas y con distintos niveles de gravedad. Independientemente del tipo de lesi\u00f3n que tengas, la <a title=\"Cirug\u00eda Pl\u00e1stica de Orejas en Dallas TX\" href=\"https:\/\/www.drazouz.com\/es\/cirugia-plastica-de-orejas\/\"><em><strong>apariencia de tu oreja<\/strong><\/em><\/a> puede generarte inseguridad. Ocultar el problema no siempre es una opci\u00f3n y puede afectar diferentes aspectos de tu vida, desde el peinado que eliges hasta la ropa que usas. Azouz Plastic &#038; Cosmetic Surgery puede realizar cirug\u00eda pl\u00e1stica reconstructiva para tratar el trauma en las orejas y restaurar su apariencia y funci\u00f3n.<\/p>\n<h2>\u00bfPor qu\u00e9 las Orejas Son Propensas a Da\u00f1arse?<\/h2>\n<p>Las orejas est\u00e1n compuestas principalmente por cart\u00edlago el\u00e1stico y vasos sangu\u00edneos, recubiertos por una fina capa de piel. El cart\u00edlago el\u00e1stico permite doblar, torcer o tirar en diferentes direcciones, pero su flexibilidad no es infinita, y la desventaja de cualquier tipo de cart\u00edlago es su incapacidad para repararse eficazmente.<\/p>\n<p>El trauma est\u00e9tico en las orejas resulta de da\u00f1os a este cart\u00edlago. Cualquier golpe en la cabeza que afecte la oreja puede causar una deformidad; golpes repetidos pueden causar condiciones como la oreja de coliflor. Accidentes pueden provocar la p\u00e9rdida parcial de la oreja, y la asimetr\u00eda y el da\u00f1o resultante son evidentes. Accidentes graves o quemaduras pueden dar lugar a la p\u00e9rdida total de una oreja.<\/p>\n<h3>El Trauma en las Orejas va m\u00e1s All\u00e1 de lo Est\u00e9tico<\/h3>\n<p>Las diferencias est\u00e9ticas solo representan parte del problema. El trauma en las orejas que resulta en orejas deformes, parcial o totalmente ausentes tiene un impacto grave en las actividades diarias. La p\u00e9rdida de audici\u00f3n no puede ser ayudada con un aud\u00edfono si no hay una forma de asegurarlo a la oreja. Problemas de visi\u00f3n no pueden corregirse si no hay una forma de sostener anteojos.<\/p>\n<p>El uso de t\u00e9cnicas de remodelaci\u00f3n de orejas junto con injertos de piel, tejido y cart\u00edlago permite al Dr. Azouz reconstruir la oreja utilizando tus propios tejidos. Con precisi\u00f3n experta, puede esculpir orejas sim\u00e9tricas y proporcionadas a la forma de tu rostro. Su conocimiento de la estructura y funci\u00f3n de las orejas le permite proteger tu audici\u00f3n al tiempo que te proporciona los mejores resultados est\u00e9ticos posibles.<\/p>\n<p>Si el trauma en las orejas ha afectado tu vida, <a title=\"Contacta con Azouz Cosmetic &#038; Plastic Surgery en Dallas TX\" href=\"https:\/\/www.drazouz.com\/es\/contact\/\"><em><strong>contacta con Azouz Plastic &#038; Cosmetic Surgery<\/strong><\/em><\/a> hoy mismo para una consulta en nuestra oficina de apoyo, acogedora e inclusiva.<\/p>\n","protected":false},"excerpt":{"rendered":"<p>La posici\u00f3n de las orejas las deja expuestas a lesiones. El da\u00f1o puede manifestarse de diversas formas<br \/><a href=\"https:\/\/www.drazouz.com\/es\/cirugia-plastica-trauma-de-oido\/\" class=\"btn btn-blue mt-3\">Sigue leyendo<\/a><\/p>\n","protected":false},"author":1,"featured_media":10183,"parent":8606,"menu_order":0,"comment_status":"closed","ping_status":"closed","template":"","meta":{"_acf_changed":false,"footnotes":""},"class_list":["post-8637","page","type-page","status-publish","has-post-thumbnail"],"acf":[],"yoast_head":"<!-- This site is optimized with the Yoast SEO plugin v27.4 - https:\/\/yoast.com\/product\/yoast-seo-wordpress\/ -->\n<title>Trauma de O\u00eddo | Azouz Cirug\u00eda Pl\u00e1stica y Est\u00e9tica<\/title>\n<meta name=\"robots\" content=\"index, follow, max-snippet:-1, max-image-preview:large, max-video-preview:-1\" \/>\n<link rel=\"canonical\" href=\"https:\/\/www.drazouz.com\/es\/cirugia-plastica-trauma-de-oido\/\" \/>\n<meta property=\"og:locale\" content=\"es_ES\" \/>\n<meta property=\"og:type\" content=\"article\" \/>\n<meta property=\"og:title\" content=\"Trauma de O\u00eddo | Azouz Cirug\u00eda Pl\u00e1stica y Est\u00e9tica\" \/>\n<meta property=\"og:description\" content=\"La posici\u00f3n de las orejas las deja expuestas a lesiones. El da\u00f1o puede manifestarse de diversas formasSigue leyendo\" \/>\n<meta property=\"og:url\" content=\"https:\/\/www.drazouz.com\/es\/cirugia-plastica-trauma-de-oido\/\" \/>\n<meta property=\"og:site_name\" content=\"Azouz Cirug\u00eda Pl\u00e1stica y Est\u00e9tica\" \/>\n<meta property=\"article:modified_time\" content=\"2024-05-28T12:20:06+00:00\" \/>\n<meta property=\"og:image\" content=\"https:\/\/www.drazouz.com\/wp-content\/uploads\/2023\/12\/header-image-122205.jpeg\" \/>\n<meta name=\"twitter:card\" content=\"summary_large_image\" \/>\n<meta name=\"twitter:image\" content=\"https:\/\/www.drazouz.com\/wp-content\/uploads\/2023\/12\/header-image-122205.jpeg\" \/>\n<meta name=\"twitter:label1\" content=\"Tiempo de lectura\" \/>\n\t<meta name=\"twitter:data1\" content=\"2 minutos\" \/>\n<!-- \/ Yoast SEO plugin. -->","yoast_head_json":{"title":"Trauma de O\u00eddo | Azouz Cirug\u00eda Pl\u00e1stica y Est\u00e9tica","robots":{"index":"index","follow":"follow","max-snippet":"max-snippet:-1","max-image-preview":"max-image-preview:large","max-video-preview":"max-video-preview:-1"},"canonical":"https:\/\/www.drazouz.com\/es\/cirugia-plastica-trauma-de-oido\/","og_locale":"es_ES","og_type":"article","og_title":"Trauma de O\u00eddo | Azouz Cirug\u00eda Pl\u00e1stica y Est\u00e9tica","og_description":"La posici\u00f3n de las orejas las deja expuestas a lesiones. El da\u00f1o puede manifestarse de diversas formasSigue leyendo","og_url":"https:\/\/www.drazouz.com\/es\/cirugia-plastica-trauma-de-oido\/","og_site_name":"Azouz Cirug\u00eda Pl\u00e1stica y Est\u00e9tica","article_modified_time":"2024-05-28T12:20:06+00:00","og_image":[{"url":"https:\/\/www.drazouz.com\/wp-content\/uploads\/2023\/12\/header-image-122205.jpeg","type":"","width":"","height":""}],"twitter_card":"summary_large_image","twitter_image":"https:\/\/www.drazouz.com\/wp-content\/uploads\/2023\/12\/header-image-122205.jpeg","twitter_misc":{"Tiempo de lectura":"2 minutos"},"schema":{"@context":"https:\/\/schema.org","@graph":[{"@type":"WebPage","@id":"https:\/\/www.drazouz.com\/es\/cirugia-plastica-trauma-de-oido\/","url":"https:\/\/www.drazouz.com\/es\/cirugia-plastica-trauma-de-oido\/","name":"Trauma de O\u00eddo | Azouz Cirug\u00eda Pl\u00e1stica y Est\u00e9tica","isPartOf":{"@id":"https:\/\/www.drazouz.com\/es\/#website"},"primaryImageOfPage":{"@id":"https:\/\/www.drazouz.com\/es\/cirugia-plastica-trauma-de-oido\/#primaryimage"},"image":{"@id":"https:\/\/www.drazouz.com\/es\/cirugia-plastica-trauma-de-oido\/#primaryimage"},"thumbnailUrl":"https:\/\/www.drazouz.com\/wp-content\/uploads\/2023\/12\/header-image-122205.jpeg","datePublished":"2022-07-22T13:02:12+00:00","dateModified":"2024-05-28T12:20:06+00:00","breadcrumb":{"@id":"https:\/\/www.drazouz.com\/es\/cirugia-plastica-trauma-de-oido\/#breadcrumb"},"inLanguage":"es","potentialAction":[{"@type":"ReadAction","target":["https:\/\/www.drazouz.com\/es\/cirugia-plastica-trauma-de-oido\/"]}]},{"@type":"ImageObject","inLanguage":"es","@id":"https:\/\/www.drazouz.com\/es\/cirugia-plastica-trauma-de-oido\/#primaryimage","url":"https:\/\/www.drazouz.com\/wp-content\/uploads\/2023\/12\/header-image-122205.jpeg","contentUrl":"https:\/\/www.drazouz.com\/wp-content\/uploads\/2023\/12\/header-image-122205.jpeg","width":1918,"height":815,"caption":"young man with earache, ear trauma"},{"@type":"BreadcrumbList","@id":"https:\/\/www.drazouz.com\/es\/cirugia-plastica-trauma-de-oido\/#breadcrumb","itemListElement":[{"@type":"ListItem","position":1,"name":"Home","item":"https:\/\/www.drazouz.com\/es\/"},{"@type":"ListItem","position":2,"name":"Procedimientos","item":"https:\/\/www.drazouz.com\/es\/procedimientos\/"},{"@type":"ListItem","position":3,"name":"Cirug\u00eda de Orejas","item":"https:\/\/www.drazouz.com\/es\/cirugia-plastica-de-orejas\/"},{"@type":"ListItem","position":4,"name":"Trauma de O\u00eddo"}]},{"@type":"WebSite","@id":"https:\/\/www.drazouz.com\/es\/#website","url":"https:\/\/www.drazouz.com\/es\/","name":"Azouz Cirug\u00eda Pl\u00e1stica y Est\u00e9tica","description":"","potentialAction":[{"@type":"SearchAction","target":{"@type":"EntryPoint","urlTemplate":"https:\/\/www.drazouz.com\/es\/?s={search_term_string}"},"query-input":{"@type":"PropertyValueSpecification","valueRequired":true,"valueName":"search_term_string"}}],"inLanguage":"es"}]}},"_links":{"self":[{"href":"https:\/\/www.drazouz.com\/es\/wp-json\/wp\/v2\/pages\/8637","targetHints":{"allow":["GET"]}}],"collection":[{"href":"https:\/\/www.drazouz.com\/es\/wp-json\/wp\/v2\/pages"}],"about":[{"href":"https:\/\/www.drazouz.com\/es\/wp-json\/wp\/v2\/types\/page"}],"author":[{"embeddable":true,"href":"https:\/\/www.drazouz.com\/es\/wp-json\/wp\/v2\/users\/1"}],"replies":[{"embeddable":true,"href":"https:\/\/www.drazouz.com\/es\/wp-json\/wp\/v2\/comments?post=8637"}],"version-history":[{"count":3,"href":"https:\/\/www.drazouz.com\/es\/wp-json\/wp\/v2\/pages\/8637\/revisions"}],"predecessor-version":[{"id":14371,"href":"https:\/\/www.drazouz.com\/es\/wp-json\/wp\/v2\/pages\/8637\/revisions\/14371"}],"up":[{"embeddable":true,"href":"https:\/\/www.drazouz.com\/es\/wp-json\/wp\/v2\/pages\/8606"}],"wp:featuredmedia":[{"embeddable":true,"href":"https:\/\/www.drazouz.com\/es\/wp-json\/wp\/v2\/media\/10183"}],"wp:attachment":[{"href":"https:\/\/www.drazouz.com\/es\/wp-json\/wp\/v2\/media?parent=8637"}],"curies":[{"name":"wp","href":"https:\/\/api.w.org\/{rel}","templated":true}]}}