{"id":8632,"date":"2022-07-22T07:59:29","date_gmt":"2022-07-22T12:59:29","guid":{"rendered":"https:\/\/www.drazouz.com\/?page_id=8632"},"modified":"2024-05-28T07:18:33","modified_gmt":"2024-05-28T12:18:33","slug":"remodelacion-de-orejas","status":"publish","type":"page","link":"https:\/\/www.drazouz.com\/es\/remodelacion-de-orejas\/","title":{"rendered":"Remodelaci\u00f3n de Orejas"},"content":{"rendered":"<p><a title=\"Cirug\u00eda Pl\u00e1stica de Orejas en Dallas TX\" href=\"https:\/\/www.drazouz.com\/es\/cirugia-plastica-de-orejas\/\"><em><strong>Diferencias f\u00edsicas relacionadas con las orejas<\/strong><\/em><\/a> pueden ser dif\u00edciles de sobrellevar. En muchos casos, son dif\u00edciles de ocultar, incluso si tienes el pelo largo. La cirug\u00eda de remodelaci\u00f3n de orejas puede corregir estos problemas y proporcionarte una forma de oreja agradable. Esta cirug\u00eda puede corregir deformidades cong\u00e9nitas en las orejas y desfiguraciones debidas a lesiones traum\u00e1ticas. El objetivo de la cirug\u00eda es lograr una oreja est\u00e9ticamente similar a la poblaci\u00f3n en general, sin cicatrices evidentes o la apariencia de \u00abhaberse sometido a cirug\u00eda\u00bb.<\/p>\n<h2>Corrigiendo la Forma de las Orejas en Ni\u00f1os y Adultos<\/h2>\n<p>Dependiendo de la deformidad o desfiguraci\u00f3n, el Dr. Azouz puede tratar a ni\u00f1os y adultos que requieran remodelaci\u00f3n de orejas. A veces, los ni\u00f1os necesitan alcanzar cierta edad antes de que se pueda realizar la cirug\u00eda, y la experiencia del Dr. Azouz te ayudar\u00e1 a determinar el mejor momento para el procedimiento. La cirug\u00eda de remodelaci\u00f3n de orejas se puede realizar para una variedad de deformidades, incluyendo:<\/p>\n<ul>\n<li>Oreja de Coliflor<\/li>\n<li>Oreja de Lop<\/li>\n<li>Oreja Plegada<\/li>\n<li>Oreja Constricta<\/li>\n<li>Oreja de Stahls (Oreja de Spock)<\/li>\n<li>Oreja Agrandada<\/li>\n<li>Asimetr\u00eda de Orejas<\/li>\n<\/ul>\n<p>El Dr. Azouz tambi\u00e9n puede realizar la reconstrucci\u00f3n de orejas para:<\/p>\n<ul>\n<li>P\u00e9rdida Traum\u00e1tica de Orejas<\/li>\n<li>Microtia<\/li>\n<\/ul>\n<p>El Dr. Azouz realiza una evaluaci\u00f3n minuciosa de tus orejas y explicar\u00e1 lo que se requiere durante la cirug\u00eda. Remodelar\u00e1 cuidadosamente el cart\u00edlago de la oreja en la forma deseada y reposicionar\u00e1 las orejas para que parezcan equilibradas y proporcionadas al resto del rostro. Para reconstrucciones extensas, el Dr. Azouz se asegura de combinar preocupaciones est\u00e9ticas con funcionalidad, garantizando los mejores resultados tanto para la apariencia como para la audici\u00f3n.<\/p>\n<h3>Cirug\u00eda de Fijaci\u00f3n y Remodelaci\u00f3n de Orejas<\/h3>\n<p>Cuando tus orejas sobresalen de los lados de tu cabeza, pueden parecer demasiado grandes o asim\u00e9tricas, y causar baja autoestima. La cirug\u00eda de remodelaci\u00f3n de orejas puede reducir las diferencias de tama\u00f1o y hacer que las orejas sean menos prominentes. Cualquier forma inusual u otras preocupaciones con las orejas generalmente se pueden abordar durante una sola cirug\u00eda.<\/p>\n<p>Aunque la fijaci\u00f3n de orejas es un procedimiento relativamente com\u00fan, sigue siendo importante buscar al cirujano pl\u00e1stico m\u00e1s calificado y h\u00e1bil para garantizar que obtengas los resultados deseados. Con formaci\u00f3n de especializaci\u00f3n y certificaci\u00f3n de la junta, la cirug\u00eda de remodelaci\u00f3n de orejas del Dr. Azouz puede restaurar tu autoconfianza y proteger tu audici\u00f3n. <a title=\"Contacta con Azouz Cosmetic &#038; Plastic Surgery en Dallas TX\" href=\"https:\/\/www.drazouz.com\/es\/contact\/\"><em><strong>Contacta con la oficina<\/strong><\/em><\/a> hoy para tu consulta.<\/p>\n","protected":false},"excerpt":{"rendered":"<p>Diferencias f\u00edsicas relacionadas con las orejas pueden ser dif\u00edciles de sobrellevar. En muchos casos, son dif\u00edciles de<br \/><a href=\"https:\/\/www.drazouz.com\/es\/remodelacion-de-orejas\/\" class=\"btn btn-blue mt-3\">Sigue leyendo<\/a><\/p>\n","protected":false},"author":1,"featured_media":10178,"parent":8606,"menu_order":0,"comment_status":"closed","ping_status":"closed","template":"","meta":{"_acf_changed":false,"footnotes":""},"class_list":["post-8632","page","type-page","status-publish","has-post-thumbnail"],"acf":[],"yoast_head":"<!-- This site is optimized with the Yoast SEO plugin v26.6 - https:\/\/yoast.com\/wordpress\/plugins\/seo\/ -->\n<title>Remodelaci\u00f3n de Orejas | Azouz Cirug\u00eda Pl\u00e1stica y Est\u00e9tica<\/title>\n<meta name=\"robots\" content=\"index, follow, max-snippet:-1, max-image-preview:large, max-video-preview:-1\" \/>\n<link rel=\"canonical\" href=\"https:\/\/www.drazouz.com\/es\/remodelacion-de-orejas\/\" \/>\n<meta property=\"og:locale\" content=\"es_ES\" \/>\n<meta property=\"og:type\" content=\"article\" \/>\n<meta property=\"og:title\" content=\"Remodelaci\u00f3n de Orejas | Azouz Cirug\u00eda Pl\u00e1stica y Est\u00e9tica\" \/>\n<meta property=\"og:description\" content=\"Diferencias f\u00edsicas relacionadas con las orejas pueden ser dif\u00edciles de sobrellevar. En muchos casos, son dif\u00edciles deSigue leyendo\" \/>\n<meta property=\"og:url\" content=\"https:\/\/www.drazouz.com\/es\/remodelacion-de-orejas\/\" \/>\n<meta property=\"og:site_name\" content=\"Azouz Cirug\u00eda Pl\u00e1stica y Est\u00e9tica\" \/>\n<meta property=\"article:modified_time\" content=\"2024-05-28T12:18:33+00:00\" \/>\n<meta property=\"og:image\" content=\"https:\/\/www.drazouz.com\/wp-content\/uploads\/2023\/12\/header-image-122204-2.jpeg\" \/>\n<meta name=\"twitter:card\" content=\"summary_large_image\" \/>\n<meta name=\"twitter:image\" content=\"https:\/\/www.drazouz.com\/wp-content\/uploads\/2023\/12\/header-image-122204-2.jpeg\" \/>\n<meta name=\"twitter:label1\" content=\"Tiempo de lectura\" \/>\n\t<meta name=\"twitter:data1\" content=\"2 minutos\" \/>\n<!-- \/ Yoast SEO plugin. -->","yoast_head_json":{"title":"Remodelaci\u00f3n de Orejas | Azouz Cirug\u00eda Pl\u00e1stica y Est\u00e9tica","robots":{"index":"index","follow":"follow","max-snippet":"max-snippet:-1","max-image-preview":"max-image-preview:large","max-video-preview":"max-video-preview:-1"},"canonical":"https:\/\/www.drazouz.com\/es\/remodelacion-de-orejas\/","og_locale":"es_ES","og_type":"article","og_title":"Remodelaci\u00f3n de Orejas | Azouz Cirug\u00eda Pl\u00e1stica y Est\u00e9tica","og_description":"Diferencias f\u00edsicas relacionadas con las orejas pueden ser dif\u00edciles de sobrellevar. En muchos casos, son dif\u00edciles deSigue leyendo","og_url":"https:\/\/www.drazouz.com\/es\/remodelacion-de-orejas\/","og_site_name":"Azouz Cirug\u00eda Pl\u00e1stica y Est\u00e9tica","article_modified_time":"2024-05-28T12:18:33+00:00","og_image":[{"url":"https:\/\/www.drazouz.com\/wp-content\/uploads\/2023\/12\/header-image-122204-2.jpeg","type":"","width":"","height":""}],"twitter_card":"summary_large_image","twitter_image":"https:\/\/www.drazouz.com\/wp-content\/uploads\/2023\/12\/header-image-122204-2.jpeg","twitter_misc":{"Tiempo de lectura":"2 minutos"},"schema":{"@context":"https:\/\/schema.org","@graph":[{"@type":"WebPage","@id":"https:\/\/www.drazouz.com\/es\/remodelacion-de-orejas\/","url":"https:\/\/www.drazouz.com\/es\/remodelacion-de-orejas\/","name":"Remodelaci\u00f3n de Orejas | Azouz Cirug\u00eda Pl\u00e1stica y Est\u00e9tica","isPartOf":{"@id":"https:\/\/www.drazouz.com\/es\/#website"},"primaryImageOfPage":{"@id":"https:\/\/www.drazouz.com\/es\/remodelacion-de-orejas\/#primaryimage"},"image":{"@id":"https:\/\/www.drazouz.com\/es\/remodelacion-de-orejas\/#primaryimage"},"thumbnailUrl":"https:\/\/www.drazouz.com\/wp-content\/uploads\/2023\/12\/header-image-122204-2.jpeg","datePublished":"2022-07-22T12:59:29+00:00","dateModified":"2024-05-28T12:18:33+00:00","breadcrumb":{"@id":"https:\/\/www.drazouz.com\/es\/remodelacion-de-orejas\/#breadcrumb"},"inLanguage":"es","potentialAction":[{"@type":"ReadAction","target":["https:\/\/www.drazouz.com\/es\/remodelacion-de-orejas\/"]}]},{"@type":"ImageObject","inLanguage":"es","@id":"https:\/\/www.drazouz.com\/es\/remodelacion-de-orejas\/#primaryimage","url":"https:\/\/www.drazouz.com\/wp-content\/uploads\/2023\/12\/header-image-122204-2.jpeg","contentUrl":"https:\/\/www.drazouz.com\/wp-content\/uploads\/2023\/12\/header-image-122204-2.jpeg","width":1918,"height":815,"caption":"ear reshaping"},{"@type":"BreadcrumbList","@id":"https:\/\/www.drazouz.com\/es\/remodelacion-de-orejas\/#breadcrumb","itemListElement":[{"@type":"ListItem","position":1,"name":"Home","item":"https:\/\/www.drazouz.com\/es\/"},{"@type":"ListItem","position":2,"name":"Procedimientos","item":"https:\/\/www.drazouz.com\/es\/procedimientos\/"},{"@type":"ListItem","position":3,"name":"Cirug\u00eda de Orejas","item":"https:\/\/www.drazouz.com\/es\/cirugia-plastica-de-orejas\/"},{"@type":"ListItem","position":4,"name":"Remodelaci\u00f3n de Orejas"}]},{"@type":"WebSite","@id":"https:\/\/www.drazouz.com\/es\/#website","url":"https:\/\/www.drazouz.com\/es\/","name":"Azouz Cirug\u00eda Pl\u00e1stica y Est\u00e9tica","description":"","potentialAction":[{"@type":"SearchAction","target":{"@type":"EntryPoint","urlTemplate":"https:\/\/www.drazouz.com\/es\/?s={search_term_string}"},"query-input":{"@type":"PropertyValueSpecification","valueRequired":true,"valueName":"search_term_string"}}],"inLanguage":"es"}]}},"_links":{"self":[{"href":"https:\/\/www.drazouz.com\/es\/wp-json\/wp\/v2\/pages\/8632","targetHints":{"allow":["GET"]}}],"collection":[{"href":"https:\/\/www.drazouz.com\/es\/wp-json\/wp\/v2\/pages"}],"about":[{"href":"https:\/\/www.drazouz.com\/es\/wp-json\/wp\/v2\/types\/page"}],"author":[{"embeddable":true,"href":"https:\/\/www.drazouz.com\/es\/wp-json\/wp\/v2\/users\/1"}],"replies":[{"embeddable":true,"href":"https:\/\/www.drazouz.com\/es\/wp-json\/wp\/v2\/comments?post=8632"}],"version-history":[{"count":3,"href":"https:\/\/www.drazouz.com\/es\/wp-json\/wp\/v2\/pages\/8632\/revisions"}],"predecessor-version":[{"id":14366,"href":"https:\/\/www.drazouz.com\/es\/wp-json\/wp\/v2\/pages\/8632\/revisions\/14366"}],"up":[{"embeddable":true,"href":"https:\/\/www.drazouz.com\/es\/wp-json\/wp\/v2\/pages\/8606"}],"wp:featuredmedia":[{"embeddable":true,"href":"https:\/\/www.drazouz.com\/es\/wp-json\/wp\/v2\/media\/10178"}],"wp:attachment":[{"href":"https:\/\/www.drazouz.com\/es\/wp-json\/wp\/v2\/media?parent=8632"}],"curies":[{"name":"wp","href":"https:\/\/api.w.org\/{rel}","templated":true}]}}