{"id":8625,"date":"2022-07-22T11:09:50","date_gmt":"2022-07-22T16:09:50","guid":{"rendered":"https:\/\/www.drazouz.com\/?page_id=8625"},"modified":"2024-03-05T05:16:25","modified_gmt":"2024-03-05T10:16:25","slug":"cirugia-plastica-de-nariz","status":"publish","type":"page","link":"https:\/\/www.drazouz.com\/es\/cirugia-plastica-de-nariz\/","title":{"rendered":"Cirug\u00eda Pl\u00e1stica de Nariz"},"content":{"rendered":"<p>Debido a su ubicaci\u00f3n en el centro de la cara, la nariz es una caracter\u00edstica completamente visible que es casi imposible de ocultar. Cuando no est\u00e1s satisfecho con la apariencia de tu nariz, puede ser una <a title=\"Cirug\u00eda Cosm\u00e9tica de Cara y Cuerpo en Dallas TX\" href=\"https:\/\/www.drazouz.com\/es\/procedures\/\"><em><strong>fuente de ansiedad o baja autoestima<\/strong><\/em><\/a>. La cirug\u00eda pl\u00e1stica de nariz, tambi\u00e9n llamada rinoplastia o \u00abcirug\u00eda de nariz\u00bb, puede abordar la mayor\u00eda de las preocupaciones, como reducir el tama\u00f1o, cambiar la forma, corregir la asimetr\u00eda o mejorar el contorno.<\/p>\n<p>La rinoplastia tambi\u00e9n puede abordar preocupaciones funcionales, como una reconstrucci\u00f3n o reparaci\u00f3n despu\u00e9s de un trauma, o corregir problemas respiratorios asociados con la estructura nasal subyacente. Azouz Plastic &#038; Cosmetic Surgery ayuda a los pacientes con estas opciones de cirug\u00eda pl\u00e1stica de nariz:<br \/>\n<nav class=\"flc-submenu\" aria-label=\"sub menu\"><ul><li class=\"page_item page-item-9978\"><a href=\"https:\/\/www.drazouz.com\/es\/fracturas-nasales\/\">Fracturas Nasales<\/a><\/li>\n<li class=\"page_item page-item-11583\"><a href=\"https:\/\/www.drazouz.com\/es\/reparacion-de-nariz-en-silla-de-montar\/\">Reparaci\u00f3n de Nariz en Silla de Montar<\/a><\/li>\n<li class=\"page_item page-item-3838\"><a href=\"https:\/\/www.drazouz.com\/es\/rhinoplasty\/\">Rinoplastia<\/a><\/li>\n<li class=\"page_item page-item-8660\"><a href=\"https:\/\/www.drazouz.com\/es\/rinoplastia-asiatica-etnica\/\">Rinoplastia Asi\u00e1tica\/Etnica<\/a><\/li>\n<li class=\"page_item page-item-11596\"><a href=\"https:\/\/www.drazouz.com\/es\/rinoplastia-de-revision\/\">Rinoplastia de Revisi\u00f3n<\/a><\/li>\n<li class=\"page_item page-item-3841\"><a href=\"https:\/\/www.drazouz.com\/es\/functional-rhinoplasty\/\">Rinoplastia Funcional<\/a><\/li>\n<li class=\"page_item page-item-8654\"><a href=\"https:\/\/www.drazouz.com\/es\/rinoplastia-para-adolescentes-y-jovenes\/\">Rinoplastia para Adolescentes y J\u00f3venes<\/a><\/li>\n<li class=\"page_item page-item-8665\"><a href=\"https:\/\/www.drazouz.com\/es\/tabique-desviado-septoplasty\/\">Tabique Desviado\/Septoplasty<\/a><\/li>\n<\/ul><\/nav><\/p>\n<p>La extensi\u00f3n del procedimiento depender\u00e1 de tu est\u00e9tica deseada, otras estructuras faciales y la opini\u00f3n experta del Dr. Azouz.<\/p>\n<h2>Beneficios de la Cirug\u00eda Pl\u00e1stica de Nariz<\/h2>\n<p>Tu nariz es una parte importante de tu bienestar general. En t\u00e9rminos de apariencia, deber\u00eda proporcionar un equilibrio discreto a tu rostro, permitiendo que destaquen tus otras caracter\u00edsticas. Funcionalmente, tu nariz es importante en la oxigenaci\u00f3n, y la dificultad para respirar no solo puede ser ruidosa, sino que tambi\u00e9n puede afectar negativamente tu salud. La dificultad para respirar tambi\u00e9n est\u00e1 vinculada con un sue\u00f1o deficiente y un pobre sentido del olfato.<br \/>\nLa cirug\u00eda pl\u00e1stica de nariz corrige estos problemas y proporciona los siguientes beneficios:<\/p>\n<ul>\n<li>Disminuci\u00f3n del tama\u00f1o de la nariz<\/li>\n<li>Punta de la nariz m\u00e1s peque\u00f1a<\/li>\n<li>Nariz m\u00e1s recta<\/li>\n<li>Nariz centrada\/sim\u00e9trica<\/li>\n<li>Puente nasal suave<\/li>\n<li>Mejora de la respiraci\u00f3n<\/li>\n<li>Mejora del sentido del olfato<\/li>\n<li>Mejora de la congesti\u00f3n sinusal<\/li>\n<li>Respiraci\u00f3n m\u00e1s silenciosa<\/li>\n<\/ul>\n<p>El tiempo de recuperaci\u00f3n para la cirug\u00eda pl\u00e1stica de nariz var\u00eda seg\u00fan la extensi\u00f3n del procedimiento, pero generalmente es m\u00e1s r\u00e1pido que otros tipos de cirug\u00edas. Tus actividades pesadas o de alto impacto estar\u00e1n limitadas durante cuatro a seis semanas, o hasta que el Dr. Azouz d\u00e9 el visto bueno para reanudar tu rutina regular.<\/p>\n<h3>Cirujano Pl\u00e1stico de Nariz en Dallas<\/h3>\n<p>El Dr. Azouz es un cirujano pl\u00e1stico certificado y con entrenamiento de especializaci\u00f3n que es buscado por pacientes de muchos pa\u00edses. Con ubicaciones en Dallas, TX, con operaciones en Richardson y Plano, su pr\u00e1ctica es acogedora, abierta e inclusiva. Su evaluaci\u00f3n y evaluaci\u00f3n minuciosas te brindar\u00e1n la oportunidad de hacer cualquier pregunta que puedas tener y sentirte seguro en tu decisi\u00f3n. Hay alojamientos c\u00f3modos y comodidades cercanas para tu conveniencia, y hay opciones de financiamiento disponibles.<\/p>\n<p>Si tienes preocupaciones est\u00e9ticas o funcionales con respecto a tu nariz, <a title=\"Contacta con Azouz Cosmetic &#038; Plastic Surgery en Dallas TX\" href=\"https:\/\/www.drazouz.com\/es\/contact\/\"><em><strong>contacta con Azouz Plastic &#038; Cosmetic Surgery<\/strong><\/em><\/a> hoy para solicitar una consulta en persona o virtual.<\/p>\n","protected":false},"excerpt":{"rendered":"<p>Debido a su ubicaci\u00f3n en el centro de la cara, la nariz es una caracter\u00edstica completamente visible<br \/><a href=\"https:\/\/www.drazouz.com\/es\/cirugia-plastica-de-nariz\/\" class=\"btn btn-blue mt-3\">Sigue leyendo<\/a><\/p>\n","protected":false},"author":1,"featured_media":11385,"parent":8581,"menu_order":0,"comment_status":"closed","ping_status":"closed","template":"","meta":{"_acf_changed":false,"footnotes":""},"class_list":["post-8625","page","type-page","status-publish","has-post-thumbnail"],"acf":[],"yoast_head":"<!-- This site is optimized with the Yoast SEO plugin v27.4 - https:\/\/yoast.com\/product\/yoast-seo-wordpress\/ -->\n<title>Cirug\u00eda Pl\u00e1stica de Nariz | Azouz Cirug\u00eda Pl\u00e1stica y Est\u00e9tica<\/title>\n<meta name=\"robots\" content=\"index, follow, max-snippet:-1, max-image-preview:large, max-video-preview:-1\" \/>\n<link rel=\"canonical\" href=\"https:\/\/www.drazouz.com\/es\/cirugia-plastica-de-nariz\/\" \/>\n<meta property=\"og:locale\" content=\"es_ES\" \/>\n<meta property=\"og:type\" content=\"article\" \/>\n<meta property=\"og:title\" content=\"Cirug\u00eda Pl\u00e1stica de Nariz | Azouz Cirug\u00eda Pl\u00e1stica y Est\u00e9tica\" \/>\n<meta property=\"og:description\" content=\"Debido a su ubicaci\u00f3n en el centro de la cara, la nariz es una caracter\u00edstica completamente visibleSigue leyendo\" \/>\n<meta property=\"og:url\" content=\"https:\/\/www.drazouz.com\/es\/cirugia-plastica-de-nariz\/\" \/>\n<meta property=\"og:site_name\" content=\"Azouz Cirug\u00eda Pl\u00e1stica y Est\u00e9tica\" \/>\n<meta property=\"article:modified_time\" content=\"2024-03-05T10:16:25+00:00\" \/>\n<meta property=\"og:image\" content=\"https:\/\/www.drazouz.com\/wp-content\/uploads\/2024\/01\/bigstock-Rhinoplasty-84577136-1.jpg\" \/>\n<meta name=\"twitter:card\" content=\"summary_large_image\" \/>\n<meta name=\"twitter:image\" content=\"https:\/\/www.drazouz.com\/wp-content\/uploads\/2024\/01\/bigstock-Rhinoplasty-84577136-1.jpg\" \/>\n<meta name=\"twitter:label1\" content=\"Tiempo de lectura\" \/>\n\t<meta name=\"twitter:data1\" content=\"2 minutos\" \/>\n<!-- \/ Yoast SEO plugin. -->","yoast_head_json":{"title":"Cirug\u00eda Pl\u00e1stica de Nariz | Azouz Cirug\u00eda Pl\u00e1stica y Est\u00e9tica","robots":{"index":"index","follow":"follow","max-snippet":"max-snippet:-1","max-image-preview":"max-image-preview:large","max-video-preview":"max-video-preview:-1"},"canonical":"https:\/\/www.drazouz.com\/es\/cirugia-plastica-de-nariz\/","og_locale":"es_ES","og_type":"article","og_title":"Cirug\u00eda Pl\u00e1stica de Nariz | Azouz Cirug\u00eda Pl\u00e1stica y Est\u00e9tica","og_description":"Debido a su ubicaci\u00f3n en el centro de la cara, la nariz es una caracter\u00edstica completamente visibleSigue leyendo","og_url":"https:\/\/www.drazouz.com\/es\/cirugia-plastica-de-nariz\/","og_site_name":"Azouz Cirug\u00eda Pl\u00e1stica y Est\u00e9tica","article_modified_time":"2024-03-05T10:16:25+00:00","og_image":[{"url":"https:\/\/www.drazouz.com\/wp-content\/uploads\/2024\/01\/bigstock-Rhinoplasty-84577136-1.jpg","type":"","width":"","height":""}],"twitter_card":"summary_large_image","twitter_image":"https:\/\/www.drazouz.com\/wp-content\/uploads\/2024\/01\/bigstock-Rhinoplasty-84577136-1.jpg","twitter_misc":{"Tiempo de lectura":"2 minutos"},"schema":{"@context":"https:\/\/schema.org","@graph":[{"@type":"WebPage","@id":"https:\/\/www.drazouz.com\/es\/cirugia-plastica-de-nariz\/","url":"https:\/\/www.drazouz.com\/es\/cirugia-plastica-de-nariz\/","name":"Cirug\u00eda Pl\u00e1stica de Nariz | Azouz Cirug\u00eda Pl\u00e1stica y Est\u00e9tica","isPartOf":{"@id":"https:\/\/www.drazouz.com\/es\/#website"},"primaryImageOfPage":{"@id":"https:\/\/www.drazouz.com\/es\/cirugia-plastica-de-nariz\/#primaryimage"},"image":{"@id":"https:\/\/www.drazouz.com\/es\/cirugia-plastica-de-nariz\/#primaryimage"},"thumbnailUrl":"https:\/\/www.drazouz.com\/wp-content\/uploads\/2024\/01\/bigstock-Rhinoplasty-84577136-1.jpg","datePublished":"2022-07-22T16:09:50+00:00","dateModified":"2024-03-05T10:16:25+00:00","breadcrumb":{"@id":"https:\/\/www.drazouz.com\/es\/cirugia-plastica-de-nariz\/#breadcrumb"},"inLanguage":"es","potentialAction":[{"@type":"ReadAction","target":["https:\/\/www.drazouz.com\/es\/cirugia-plastica-de-nariz\/"]}]},{"@type":"ImageObject","inLanguage":"es","@id":"https:\/\/www.drazouz.com\/es\/cirugia-plastica-de-nariz\/#primaryimage","url":"https:\/\/www.drazouz.com\/wp-content\/uploads\/2024\/01\/bigstock-Rhinoplasty-84577136-1.jpg","contentUrl":"https:\/\/www.drazouz.com\/wp-content\/uploads\/2024\/01\/bigstock-Rhinoplasty-84577136-1.jpg","width":1918,"height":915,"caption":"slogans text"},{"@type":"BreadcrumbList","@id":"https:\/\/www.drazouz.com\/es\/cirugia-plastica-de-nariz\/#breadcrumb","itemListElement":[{"@type":"ListItem","position":1,"name":"Home","item":"https:\/\/www.drazouz.com\/es\/"},{"@type":"ListItem","position":2,"name":"Procedimientos","item":"https:\/\/www.drazouz.com\/es\/procedimientos\/"},{"@type":"ListItem","position":3,"name":"Cirug\u00eda Pl\u00e1stica de Nariz"}]},{"@type":"WebSite","@id":"https:\/\/www.drazouz.com\/es\/#website","url":"https:\/\/www.drazouz.com\/es\/","name":"Azouz Cirug\u00eda Pl\u00e1stica y Est\u00e9tica","description":"","potentialAction":[{"@type":"SearchAction","target":{"@type":"EntryPoint","urlTemplate":"https:\/\/www.drazouz.com\/es\/?s={search_term_string}"},"query-input":{"@type":"PropertyValueSpecification","valueRequired":true,"valueName":"search_term_string"}}],"inLanguage":"es"}]}},"_links":{"self":[{"href":"https:\/\/www.drazouz.com\/es\/wp-json\/wp\/v2\/pages\/8625","targetHints":{"allow":["GET"]}}],"collection":[{"href":"https:\/\/www.drazouz.com\/es\/wp-json\/wp\/v2\/pages"}],"about":[{"href":"https:\/\/www.drazouz.com\/es\/wp-json\/wp\/v2\/types\/page"}],"author":[{"embeddable":true,"href":"https:\/\/www.drazouz.com\/es\/wp-json\/wp\/v2\/users\/1"}],"replies":[{"embeddable":true,"href":"https:\/\/www.drazouz.com\/es\/wp-json\/wp\/v2\/comments?post=8625"}],"version-history":[{"count":1,"href":"https:\/\/www.drazouz.com\/es\/wp-json\/wp\/v2\/pages\/8625\/revisions"}],"predecessor-version":[{"id":8626,"href":"https:\/\/www.drazouz.com\/es\/wp-json\/wp\/v2\/pages\/8625\/revisions\/8626"}],"up":[{"embeddable":true,"href":"https:\/\/www.drazouz.com\/es\/wp-json\/wp\/v2\/pages\/8581"}],"wp:featuredmedia":[{"embeddable":true,"href":"https:\/\/www.drazouz.com\/es\/wp-json\/wp\/v2\/media\/11385"}],"wp:attachment":[{"href":"https:\/\/www.drazouz.com\/es\/wp-json\/wp\/v2\/media?parent=8625"}],"curies":[{"name":"wp","href":"https:\/\/api.w.org\/{rel}","templated":true}]}}