{"id":8620,"date":"2022-07-22T10:29:21","date_gmt":"2022-07-22T15:29:21","guid":{"rendered":"https:\/\/www.drazouz.com\/?page_id=8620"},"modified":"2024-05-28T07:26:15","modified_gmt":"2024-05-28T12:26:15","slug":"exceso-de-piel-en-los-parpados","status":"publish","type":"page","link":"https:\/\/www.drazouz.com\/es\/exceso-de-piel-en-los-parpados\/","title":{"rendered":"Exceso de Piel en los P\u00e1rpados"},"content":{"rendered":"<p>La eliminaci\u00f3n del exceso de piel en los p\u00e1rpados, tambi\u00e9n conocida como blefaroplastia, es un procedimiento quir\u00fargico para tratar los p\u00e1rpados ca\u00eddos o fl\u00e1cidos. Este procedimiento cosm\u00e9tico no solo mejora la apariencia, sino que tambi\u00e9n puede mejorar la vista en situaciones donde la piel ca\u00edda obstruye el campo de visi\u00f3n. El <a href=\"https:\/\/www.drazouz.com\/es\/meet-dr-solomon-azouz\/\">Dr. Solomon Azouz<\/a>, un cirujano pl\u00e1stico certificado en Dallas, evaluar\u00e1 sus p\u00e1rpados y anatom\u00eda facial y utilizar\u00e1 t\u00e9cnicas precisas para alcanzar sus objetivos deseados.<\/p>\n<h2>\u00bfQu\u00e9 causa el exceso de piel en los p\u00e1rpados?<\/h2>\n<div class=\"clearfix\">\nEl envejecimiento natural es la causa m\u00e1s com\u00fan del exceso de piel en los p\u00e1rpados.<\/p>\n<p><img loading=\"lazy\" decoding=\"async\" src=\"https:\/\/www.drazouz.com\/wp-content\/uploads\/2024\/05\/image-052801.jpeg\" alt=\"tratamiento de piel debajo de los ojos\" width=\"360\" height=\"240\" class=\"size-full wp-image-14251 alignright\" srcset=\"https:\/\/www.drazouz.com\/wp-content\/uploads\/2024\/05\/image-052801.jpeg 1200w, https:\/\/www.drazouz.com\/wp-content\/uploads\/2024\/05\/image-052801-300x200.jpeg 300w, https:\/\/www.drazouz.com\/wp-content\/uploads\/2024\/05\/image-052801-1024x683.jpeg 1024w, https:\/\/www.drazouz.com\/wp-content\/uploads\/2024\/05\/image-052801-768x512.jpeg 768w\" sizes=\"auto, (max-width: 360px) 100vw, 360px\" \/><\/p>\n<ul>\n<li>Falta de elasticidad: A medida que envejecemos, nuestra piel pierde las prote\u00ednas col\u00e1geno y elastina que le dan forma y vitalidad. Esto hace que la piel alrededor de los ojos sea menos firme y m\u00e1s propensa a caerse.<\/li>\n<li>Tejido conectivo d\u00e9bil: A medida que las personas envejecen, el tejido conectivo que sostiene los ojos tambi\u00e9n se debilita, lo que permite que la piel se estire y caiga m\u00e1s.<\/li>\n<li>Gravedad: Debido a la falta de soporte, la gravedad tira de la piel extra, causando que los p\u00e1rpados superiores se plieguen o \u00abcuelguen\u00bb y que los p\u00e1rpados inferiores se hinchen.<\/li>\n<\/ul>\n<\/div>\n<h2>\u00bfSoy candidato para la cirug\u00eda de eliminaci\u00f3n del exceso de piel en los p\u00e1rpados?<\/h2>\n<div class=\"clearfix\"><img loading=\"lazy\" decoding=\"async\" src=\"https:\/\/www.drazouz.com\/wp-content\/uploads\/2024\/05\/image-052802.jpeg\" alt=\"tratamiento de bolsas en los ojos\" width=\"360\" height=\"239\" class=\"size-full wp-image-14255 alignright\" srcset=\"https:\/\/www.drazouz.com\/wp-content\/uploads\/2024\/05\/image-052802.jpeg 1200w, https:\/\/www.drazouz.com\/wp-content\/uploads\/2024\/05\/image-052802-300x199.jpeg 300w, https:\/\/www.drazouz.com\/wp-content\/uploads\/2024\/05\/image-052802-1024x678.jpeg 1024w, https:\/\/www.drazouz.com\/wp-content\/uploads\/2024\/05\/image-052802-768x509.jpeg 768w\" sizes=\"auto, (max-width: 360px) 100vw, 360px\" \/>Los pacientes que presentan lo siguiente son posibles candidatos para la cirug\u00eda de eliminaci\u00f3n del exceso de piel en los p\u00e1rpados:<\/p>\n<ul>\n<li>P\u00e1rpados ca\u00eddos o descendidos<\/li>\n<li>Bolsas o hinchaz\u00f3n debajo de los ojos<\/li>\n<li>Exceso de piel que obstruye la visi\u00f3n<\/li>\n<\/ul>\n<\/div>\n<h2>Beneficios de la eliminaci\u00f3n del exceso de piel en los p\u00e1rpados<\/h2>\n<p>Algunos beneficios clave de la eliminaci\u00f3n del exceso de piel en los p\u00e1rpados incluyen:<\/p>\n<ul>\n<li><a href=\"https:\/\/www.drazouz.com\/es\/blog\/consider-eyelid-surgery-to-achieve-a-more-youthful-appearance\/\">Apariencia juvenil restaurada<\/a><\/li>\n<li>Mejora de la visi\u00f3n al eliminar el exceso de piel que obstruye la vista<\/li>\n<li>Disminuci\u00f3n de bolsas e hinchaz\u00f3n debajo de los ojos<\/li>\n<\/ul>\n<figure style=\"text-align: center; padding-top: 1.5rem;\"><img loading=\"lazy\" decoding=\"async\" src=\"https:\/\/www.drazouz.com\/wp-content\/uploads\/2023\/08\/bigstock-Female-Eyes-With-Bruises-Under-267406063.jpg\" alt=\"blefaroplastia | cirug\u00eda de exceso de piel en los p\u00e1rpados antes y despu\u00e9s\" class=\"pb-4 alignnone wp-image-5853\" width=\"700\" height=\"434\" srcset=\"https:\/\/www.drazouz.com\/wp-content\/uploads\/2023\/08\/bigstock-Female-Eyes-With-Bruises-Under-267406063.jpg 2000w, https:\/\/www.drazouz.com\/wp-content\/uploads\/2023\/08\/bigstock-Female-Eyes-With-Bruises-Under-267406063-300x185.jpg 300w, https:\/\/www.drazouz.com\/wp-content\/uploads\/2023\/08\/bigstock-Female-Eyes-With-Bruises-Under-267406063-1024x633.jpg 1024w, https:\/\/www.drazouz.com\/wp-content\/uploads\/2023\/08\/bigstock-Female-Eyes-With-Bruises-Under-267406063-768x475.jpg 768w\" sizes=\"auto, (max-width: 700px) 100vw, 700px\" \/><figcaption><a href=\"https:\/\/www.drazouz.com\/es\/eyelid-surgery-blepharoplasty\/\"><strong>Haga clic aqu\u00ed para obtener m\u00e1s informaci\u00f3n sobre la cirug\u00eda de p\u00e1rpados en Dallas<\/strong><\/a><\/figcaption><\/figure>\n<h2>Cirug\u00eda de p\u00e1rpados antes y despu\u00e9s<\/h2>\n<div style=\"display: inline-block;\"><img loading=\"lazy\" decoding=\"async\" src=\"https:\/\/www.drazouz.com\/wp-content\/uploads\/2024\/05\/male-eyelid-3_4-BA-blue.jpeg\" alt=\"cirug\u00eda de p\u00e1rpados antes y despu\u00e9s por el Dr. Solomon Azouz en Dallas, TX\" width=\"550\" height=\"393\" class=\"alignleft size-full wp-image-14232\" srcset=\"https:\/\/www.drazouz.com\/wp-content\/uploads\/2024\/05\/male-eyelid-3_4-BA-blue.jpeg 1200w, https:\/\/www.drazouz.com\/wp-content\/uploads\/2024\/05\/male-eyelid-3_4-BA-blue-300x214.jpeg 300w, https:\/\/www.drazouz.com\/wp-content\/uploads\/2024\/05\/male-eyelid-3_4-BA-blue-1024x731.jpeg 1024w, https:\/\/www.drazouz.com\/wp-content\/uploads\/2024\/05\/male-eyelid-3_4-BA-blue-768x548.jpeg 768w\" sizes=\"auto, (max-width: 550px) 100vw, 550px\" \/><br \/>\n<img loading=\"lazy\" decoding=\"async\" src=\"https:\/\/www.drazouz.com\/wp-content\/uploads\/2024\/05\/female-facelift-3_4-BA.jpeg\" alt=\"cirug\u00eda de p\u00e1rpados antes y despu\u00e9s por el Dr. Solomon Azouz en Dallas, TX\" width=\"550\" height=\"393\" class=\"alignleft mb-0 alignleft size-full wp-image-14230\" srcset=\"https:\/\/www.drazouz.com\/wp-content\/uploads\/2024\/05\/female-facelift-3_4-BA.jpeg 1200w, https:\/\/www.drazouz.com\/wp-content\/uploads\/2024\/05\/female-facelift-3_4-BA-300x214.jpeg 300w, https:\/\/www.drazouz.com\/wp-content\/uploads\/2024\/05\/female-facelift-3_4-BA-1024x731.jpeg 1024w, https:\/\/www.drazouz.com\/wp-content\/uploads\/2024\/05\/female-facelift-3_4-BA-768x548.jpeg 768w\" sizes=\"auto, (max-width: 550px) 100vw, 550px\" \/><\/div>\n<div style=\"margin-bottom: 3rem!important;\"><div class=\"home-posts-top d-flex justify-content-between align-items-sm-end flex-column flex-sm-row mb-lg-4\">\n\t<h3 class=\"mb-sm-0 mt-3 pb-4\">Art\u00edculos sobre cirug\u00eda de p\u00e1rpados<\/h3>\n\t<a href=\"https:\/\/www.drazouz.com\/es\/blog\/category\/ojos-cejas\/\" class=\"blog-link\">\n\t\tVer m\u00e1s \n\t\t<svg xmlns=\"http:\/\/www.w3.org\/2000\/svg\" width=\"63.134\" height=\"35.422\" version=\"1.1\" viewBox=\"0 0 63.134 35.422\">\n\t\t   <g transform=\"translate(-21.146 -25.406)\">\n\t\t      <path d=\"m21.682 52.85-0.536 0.179v7.144l36.075-13.866v-6.97l-36.075-13.93v7.144l26.55 10.3z\"\/>\n\t\t      <path d=\"m48.74 52.855-0.536 0.179v7.144l36.075-13.866v-6.97l-36.075-13.93v7.144l26.55 10.3z\"\/> \n\t\t  <\/g>\n\t\t<\/svg>\n\t<\/a>\n<\/div>\n<ul class=\"row posts-feed\">\n\t\t\t<li class=\"col-lg-4 mt-4 mt-lg-0 post-column\">\n\t\t\t<div class=\"post-container\">\n\t\t\t\t<a class=\"d-block post-title-link\" href=\"https:\/\/www.drazouz.com\/es\/blog\/como-prepararse-para-la-cirugia-de-parpados\/\">\n\t\t\t\t\t<h3 class=\"post-title font-body\">C\u00f3mo prepararse para la cirug\u00eda de p\u00e1rpados<\/h3>\n\t\t\t\t<\/a>\n\t\t\t\t<time class=\"entry-date published\" datetime=\"2026-03-23T12:29:10-05:00\">23 de marzo de 2026<\/time>\t\t\t\t<div class=\"content\">\n\t\t\t\t\t<p>Preparaci\u00f3n para la blefaroplastia Los p\u00e1rpados ca\u00eddos, el exceso de piel y la hinchaz\u00f3n debajo de los<br \/><a href=\"https:\/\/www.drazouz.com\/es\/blog\/como-prepararse-para-la-cirugia-de-parpados\/\" class=\"btn btn-blue mt-3\">Sigue leyendo<\/a><\/p>\n\t\t\t\t<\/div>\n\t\t\t<\/div>\n\t\t<\/li>\n\t\t\t\t<li class=\"col-lg-4 mt-4 mt-lg-0 post-column\">\n\t\t\t<div class=\"post-container\">\n\t\t\t\t<a class=\"d-block post-title-link\" href=\"https:\/\/www.drazouz.com\/es\/blog\/cuanto-tiempo-debo-esperar-despues-de-la-cirugia-lasik-para-someterme-a-una-blefaroplastia\/\">\n\t\t\t\t\t<h3 class=\"post-title font-body\">\u00bfCu\u00e1nto tiempo debo esperar despu\u00e9s de la cirug\u00eda LASIK para someterme a una blefaroplastia?<\/h3>\n\t\t\t\t<\/a>\n\t\t\t\t<time class=\"entry-date published\" datetime=\"2023-08-08T04:15:47-05:00\">8 de agosto de 2023<\/time>\t\t\t\t<div class=\"content\">\n\t\t\t\t\t<p>Una blefaroplastia puede resultar en una mejora dram\u00e1tica de la apariencia de los p\u00e1rpados. Condiciones que resecan<br \/><a href=\"https:\/\/www.drazouz.com\/es\/blog\/cuanto-tiempo-debo-esperar-despues-de-la-cirugia-lasik-para-someterme-a-una-blefaroplastia\/\" class=\"btn btn-blue mt-3\">Sigue leyendo<\/a><\/p>\n\t\t\t\t<\/div>\n\t\t\t<\/div>\n\t\t<\/li>\n\t\t\t\t<li class=\"col-lg-4 mt-4 mt-lg-0 post-column\">\n\t\t\t<div class=\"post-container\">\n\t\t\t\t<a class=\"d-block post-title-link\" href=\"https:\/\/www.drazouz.com\/es\/blog\/resolver-y-prevenir-problemas-con-bolsas-en-los-ojos\/\">\n\t\t\t\t\t<h3 class=\"post-title font-body\">Resolver y Prevenir Problemas con Bolsas en los Ojos<\/h3>\n\t\t\t\t<\/a>\n\t\t\t\t<time class=\"entry-date published\" datetime=\"2023-07-03T04:24:53-05:00\">3 de julio de 2023<\/time>\t\t\t\t<div class=\"content\">\n\t\t\t\t\t<p>A medida que envejecemos, comenzamos a notar cambios en nuestra piel. Uno de los cambios m\u00e1s comunes<br \/><a href=\"https:\/\/www.drazouz.com\/es\/blog\/resolver-y-prevenir-problemas-con-bolsas-en-los-ojos\/\" class=\"btn btn-blue mt-3\">Sigue leyendo<\/a><\/p>\n\t\t\t\t<\/div>\n\t\t\t<\/div>\n\t\t<\/li>\n\t\t<\/ul><\/div>\n<h2>Programe su consulta<\/h2>\n<p>Si le molesta el exceso de piel en los p\u00e1rpados, comun\u00edquese con nuestra oficina para programar su consulta y conocer sus opciones. El cirujano pl\u00e1stico certificado, Dr. Azouz, ha realizado muchas cirug\u00edas de p\u00e1rpados y utiliza t\u00e9cnicas meticulosas para obtener los mejores resultados para sus pacientes en su pr\u00e1ctica en Dallas. Ll\u00e1menos al <a href=\"tel:9727028888\" class=\"phone_anchor \" aria-label=\"ll\u00e1manos (972) 702-8888\">(972) 702-8888<\/a> o <a href=\"https:\/\/www.drazouz.com\/es\/contact\/\">cont\u00e1ctenos en l\u00ednea<\/a> para programar su consulta.<\/p>\n<h3>Preguntas frecuentes<\/h3>\n<dl id=\"faq-1\" class=\"flc-faq\"><\/dl>\n","protected":false},"excerpt":{"rendered":"<p>La eliminaci\u00f3n del exceso de piel en los p\u00e1rpados, tambi\u00e9n conocida como blefaroplastia, es un procedimiento quir\u00fargico<br \/><a href=\"https:\/\/www.drazouz.com\/es\/blog\/resolver-y-prevenir-problemas-con-bolsas-en-los-ojos\/\" class=\"btn btn-blue mt-3\">Sigue leyendo<\/a><\/p>\n","protected":false},"author":1,"featured_media":8555,"parent":8574,"menu_order":0,"comment_status":"closed","ping_status":"closed","template":"","meta":{"_acf_changed":false,"footnotes":""},"class_list":["post-8620","page","type-page","status-publish","has-post-thumbnail"],"acf":[],"yoast_head":"<!-- This site is optimized with the Yoast SEO plugin v27.4 - https:\/\/yoast.com\/product\/yoast-seo-wordpress\/ -->\n<title>Exceso de Piel en los P\u00e1rpados | Azouz Cirug\u00eda Pl\u00e1stica y Est\u00e9tica<\/title>\n<meta name=\"robots\" content=\"index, follow, max-snippet:-1, max-image-preview:large, max-video-preview:-1\" \/>\n<link rel=\"canonical\" href=\"https:\/\/www.drazouz.com\/es\/exceso-de-piel-en-los-parpados\/\" \/>\n<meta property=\"og:locale\" content=\"es_ES\" \/>\n<meta property=\"og:type\" content=\"article\" \/>\n<meta property=\"og:title\" content=\"Exceso de Piel en los P\u00e1rpados | Azouz Cirug\u00eda Pl\u00e1stica y Est\u00e9tica\" \/>\n<meta property=\"og:description\" content=\"La eliminaci\u00f3n del exceso de piel en los p\u00e1rpados, tambi\u00e9n conocida como blefaroplastia, es un procedimiento quir\u00fargicoSigue leyendo\" \/>\n<meta property=\"og:url\" content=\"https:\/\/www.drazouz.com\/es\/exceso-de-piel-en-los-parpados\/\" \/>\n<meta property=\"og:site_name\" content=\"Azouz Cirug\u00eda Pl\u00e1stica y Est\u00e9tica\" \/>\n<meta property=\"article:modified_time\" content=\"2024-05-28T12:26:15+00:00\" \/>\n<meta property=\"og:image\" content=\"https:\/\/www.drazouz.com\/wp-content\/uploads\/2023\/07\/header-blog-15-1.jpg\" \/><meta property=\"og:image\" content=\"https:\/\/www.drazouz.com\/wp-content\/uploads\/2023\/12\/header-excess-eyelid-skin-1.jpg\" \/>\n\t<meta property=\"og:image:width\" content=\"1918\" \/>\n\t<meta property=\"og:image:height\" content=\"815\" \/>\n\t<meta property=\"og:image:type\" content=\"image\/jpeg\" \/>\n<meta name=\"twitter:card\" content=\"summary_large_image\" \/>\n<meta name=\"twitter:image\" content=\"https:\/\/www.drazouz.com\/wp-content\/uploads\/2023\/07\/header-blog-15-1.jpg\" \/>\n<meta name=\"twitter:label1\" content=\"Tiempo de lectura\" \/>\n\t<meta name=\"twitter:data1\" content=\"3 minutos\" \/>\n<!-- \/ Yoast SEO plugin. -->","yoast_head_json":{"title":"Exceso de Piel en los P\u00e1rpados | Azouz Cirug\u00eda Pl\u00e1stica y Est\u00e9tica","robots":{"index":"index","follow":"follow","max-snippet":"max-snippet:-1","max-image-preview":"max-image-preview:large","max-video-preview":"max-video-preview:-1"},"canonical":"https:\/\/www.drazouz.com\/es\/exceso-de-piel-en-los-parpados\/","og_locale":"es_ES","og_type":"article","og_title":"Exceso de Piel en los P\u00e1rpados | Azouz Cirug\u00eda Pl\u00e1stica y Est\u00e9tica","og_description":"La eliminaci\u00f3n del exceso de piel en los p\u00e1rpados, tambi\u00e9n conocida como blefaroplastia, es un procedimiento quir\u00fargicoSigue leyendo","og_url":"https:\/\/www.drazouz.com\/es\/exceso-de-piel-en-los-parpados\/","og_site_name":"Azouz Cirug\u00eda Pl\u00e1stica y Est\u00e9tica","article_modified_time":"2024-05-28T12:26:15+00:00","og_image":[{"url":"https:\/\/www.drazouz.com\/wp-content\/uploads\/2023\/07\/header-blog-15-1.jpg","type":"","width":"","height":""},{"width":1918,"height":815,"url":"https:\/\/www.drazouz.com\/wp-content\/uploads\/2023\/12\/header-excess-eyelid-skin-1.jpg","type":"image\/jpeg"}],"twitter_card":"summary_large_image","twitter_image":"https:\/\/www.drazouz.com\/wp-content\/uploads\/2023\/07\/header-blog-15-1.jpg","twitter_misc":{"Tiempo de lectura":"3 minutos"},"schema":{"@context":"https:\/\/schema.org","@graph":[{"@type":"WebPage","@id":"https:\/\/www.drazouz.com\/es\/exceso-de-piel-en-los-parpados\/","url":"https:\/\/www.drazouz.com\/es\/exceso-de-piel-en-los-parpados\/","name":"Exceso de Piel en los P\u00e1rpados | Azouz Cirug\u00eda Pl\u00e1stica y Est\u00e9tica","isPartOf":{"@id":"https:\/\/www.drazouz.com\/es\/#website"},"primaryImageOfPage":{"@id":"https:\/\/www.drazouz.com\/es\/exceso-de-piel-en-los-parpados\/#primaryimage"},"image":{"@id":"https:\/\/www.drazouz.com\/es\/exceso-de-piel-en-los-parpados\/#primaryimage"},"thumbnailUrl":"https:\/\/www.drazouz.com\/wp-content\/uploads\/2023\/12\/header-excess-eyelid-skin-1.jpg","datePublished":"2022-07-22T15:29:21+00:00","dateModified":"2024-05-28T12:26:15+00:00","breadcrumb":{"@id":"https:\/\/www.drazouz.com\/es\/exceso-de-piel-en-los-parpados\/#breadcrumb"},"inLanguage":"es","potentialAction":[{"@type":"ReadAction","target":["https:\/\/www.drazouz.com\/es\/exceso-de-piel-en-los-parpados\/"]}]},{"@type":"ImageObject","inLanguage":"es","@id":"https:\/\/www.drazouz.com\/es\/exceso-de-piel-en-los-parpados\/#primaryimage","url":"https:\/\/www.drazouz.com\/wp-content\/uploads\/2023\/12\/header-excess-eyelid-skin-1.jpg","contentUrl":"https:\/\/www.drazouz.com\/wp-content\/uploads\/2023\/12\/header-excess-eyelid-skin-1.jpg","width":1918,"height":815,"caption":"view of beautiful brown female eyes"},{"@type":"BreadcrumbList","@id":"https:\/\/www.drazouz.com\/es\/exceso-de-piel-en-los-parpados\/#breadcrumb","itemListElement":[{"@type":"ListItem","position":1,"name":"Home","item":"https:\/\/www.drazouz.com\/es\/"},{"@type":"ListItem","position":2,"name":"Procedimientos","item":"https:\/\/www.drazouz.com\/es\/procedimientos\/"},{"@type":"ListItem","position":3,"name":"Ojos y Cejas","item":"https:\/\/www.drazouz.com\/es\/ojos-y-cejas\/"},{"@type":"ListItem","position":4,"name":"Exceso de Piel en los P\u00e1rpados"}]},{"@type":"WebSite","@id":"https:\/\/www.drazouz.com\/es\/#website","url":"https:\/\/www.drazouz.com\/es\/","name":"Azouz Cirug\u00eda Pl\u00e1stica y Est\u00e9tica","description":"","potentialAction":[{"@type":"SearchAction","target":{"@type":"EntryPoint","urlTemplate":"https:\/\/www.drazouz.com\/es\/?s={search_term_string}"},"query-input":{"@type":"PropertyValueSpecification","valueRequired":true,"valueName":"search_term_string"}}],"inLanguage":"es"}]}},"_links":{"self":[{"href":"https:\/\/www.drazouz.com\/es\/wp-json\/wp\/v2\/pages\/8620","targetHints":{"allow":["GET"]}}],"collection":[{"href":"https:\/\/www.drazouz.com\/es\/wp-json\/wp\/v2\/pages"}],"about":[{"href":"https:\/\/www.drazouz.com\/es\/wp-json\/wp\/v2\/types\/page"}],"author":[{"embeddable":true,"href":"https:\/\/www.drazouz.com\/es\/wp-json\/wp\/v2\/users\/1"}],"replies":[{"embeddable":true,"href":"https:\/\/www.drazouz.com\/es\/wp-json\/wp\/v2\/comments?post=8620"}],"version-history":[{"count":7,"href":"https:\/\/www.drazouz.com\/es\/wp-json\/wp\/v2\/pages\/8620\/revisions"}],"predecessor-version":[{"id":14388,"href":"https:\/\/www.drazouz.com\/es\/wp-json\/wp\/v2\/pages\/8620\/revisions\/14388"}],"up":[{"embeddable":true,"href":"https:\/\/www.drazouz.com\/es\/wp-json\/wp\/v2\/pages\/8574"}],"wp:featuredmedia":[{"embeddable":true,"href":"https:\/\/www.drazouz.com\/es\/wp-json\/wp\/v2\/media\/8555"}],"wp:attachment":[{"href":"https:\/\/www.drazouz.com\/es\/wp-json\/wp\/v2\/media?parent=8620"}],"curies":[{"name":"wp","href":"https:\/\/api.w.org\/{rel}","templated":true}]}}