{"id":8606,"date":"2022-07-22T07:55:39","date_gmt":"2022-07-22T12:55:39","guid":{"rendered":"https:\/\/www.drazouz.com\/?page_id=8606"},"modified":"2023-12-12T06:30:32","modified_gmt":"2023-12-12T11:30:32","slug":"cirugia-de-orejas","status":"publish","type":"page","link":"https:\/\/www.drazouz.com\/es\/cirugia-plastica-de-orejas\/","title":{"rendered":"Cirug\u00eda de Orejas"},"content":{"rendered":"<p>Cuando muchas personas piensan en cirug\u00eda pl\u00e1stica para las orejas, su primera idea es la correcci\u00f3n de las orejas prominentes, o acercar las orejas prominentes a la cabeza. Es cierto que la otoplastia se ha vuelto sin\u00f3nimo de la correcci\u00f3n de las orejas prominentes; pero <a title=\"Cirug\u00eda Cosm\u00e9tica Facial y Corporal en Dallas TX\" href=\"https:\/\/www.drazouz.com\/es\/procedures\/\"><em><strong>cirujanos pl\u00e1sticos expertos<\/strong><\/em><\/a> como el Dr. Azouz pueden tratar una variedad de deformidades en las orejas, incluyendo:<br \/>\n<nav class=\"flc-submenu\" aria-label=\"sub menu\"><ul><li class=\"page_item page-item-8649\"><a href=\"https:\/\/www.drazouz.com\/es\/cirugia-de-microtia\/\">Microtia<\/a><\/li>\n<li class=\"page_item page-item-3849\"><a href=\"https:\/\/www.drazouz.com\/es\/otoplastia-fijacion-orejas\/\">Otoplastia, Fijaci\u00f3n de Orejas<\/a><\/li>\n<li class=\"page_item page-item-8643\"><a href=\"https:\/\/www.drazouz.com\/es\/reduccion-del-lobulo-de-la-oreja\/\">Reducci\u00f3n del L\u00f3bulo de la Oreja<\/a><\/li>\n<li class=\"page_item page-item-8632\"><a href=\"https:\/\/www.drazouz.com\/es\/remodelacion-de-orejas\/\">Remodelaci\u00f3n de Orejas<\/a><\/li>\n<li class=\"page_item page-item-8637\"><a href=\"https:\/\/www.drazouz.com\/es\/cirugia-plastica-trauma-de-oido\/\">Trauma de O\u00eddo<\/a><\/li>\n<\/ul><\/nav><\/p>\n<p>Debido a su alta visibilidad, los problemas con las orejas pueden resultar embarazosos y da\u00f1ar la autoestima. Corregir problemas est\u00e9ticos relacionados con las orejas puede hacer m\u00e1s que mejorar su apariencia; tambi\u00e9n puede restaurar la confianza en uno mismo y la calidad de vida.<\/p>\n<h2>Cirug\u00eda Correctiva de Orejas en Dallas<\/h2>\n<p>El Dr. Azouz puede mejorar la posici\u00f3n, forma y proporci\u00f3n de tus orejas, as\u00ed como abordar condiciones espec\u00edficas cong\u00e9nitas o relacionadas con traumatismos. Estas incluyen:<\/p>\n<ul>\n<li>Oreja Excepcional<\/li>\n<li>Oreja de Coliflor<\/li>\n<li>Oreja Ca\u00edda<\/li>\n<li>Oreja Doblada<\/li>\n<li>Oreja Constricta<\/li>\n<li>Oreja de Stahls (Oreja de Spock)<\/li>\n<li>Reparaci\u00f3n de Orejas Perforadas\/Con Agujero<\/li>\n<li>P\u00e9rdida Traum\u00e1tica de Oreja<\/li>\n<li>Asimetr\u00eda de Orejas<\/li>\n<li>Oreja Agrandada<\/li>\n<\/ul>\n<p>Corregir estas condiciones puede mejorar la forma de la oreja y equilibrar las caracter\u00edsticas faciales. Dado que los resultados de la cirug\u00eda pl\u00e1stica de orejas son inmediatos y permanentes, la mejora en la calidad de vida se produce de inmediato.<\/p>\n<h3>\u00bfQui\u00e9n Puede Beneficiarse de la Cirug\u00eda de Orejas?<\/h3>\n<p>Cualquier persona con razones personales para querer someterse a una cirug\u00eda de orejas debe asistir a una consulta con el Dr. Azouz para determinar c\u00f3mo se pueden abordar los problemas est\u00e9ticos. En algunos casos, tanto ni\u00f1os como adultos son buenos candidatos para la cirug\u00eda. En otras situaciones, es mejor esperar hasta que un ni\u00f1o sea mayor. Solo un cirujano pl\u00e1stico calificado puede determinar el mejor curso de acci\u00f3n.<\/p>\n<p>Es importante que acudas a un cirujano como el Dr. Azouz, que se tomar\u00e1 el tiempo para escuchar tus preocupaciones y desarrollar un plan de tratamiento que satisfaga tus necesidades. Aunque est\u00e9s considerando la est\u00e9tica de tus orejas, el Dr. Azouz comprende c\u00f3mo lograr estos resultados sin da\u00f1ar la delicada \u00e1rea de las orejas. Como cirujano pl\u00e1stico certificado y con formaci\u00f3n de becario, tiene en cuenta todos los aspectos de la cirug\u00eda, incluido el funcionamiento de la oreja. Todos los procedimientos se realizan con un profundo conocimiento de c\u00f3mo proteger tu audici\u00f3n al tiempo que proporciona resultados est\u00e9ticos dram\u00e1ticos.<\/p>\n<p>Si te sientes cohibido por el tama\u00f1o, la posici\u00f3n o la forma de tus orejas, <a title=\"Contacta con Azouz Cosmetic &#038; Plastic Surgery en Dallas TX\" href=\"https:\/\/www.drazouz.com\/es\/contact\/\"><em><strong>contacta a Azouz Plastic and Cosmetic Surgery<\/strong><\/em><\/a> para programar una consulta de cirug\u00eda pl\u00e1stica de orejas.<\/p>\n","protected":false},"excerpt":{"rendered":"<p>Cuando muchas personas piensan en cirug\u00eda pl\u00e1stica para las orejas, su primera idea es la correcci\u00f3n de<br \/><a href=\"https:\/\/www.drazouz.com\/es\/cirugia-plastica-de-orejas\/\" class=\"btn btn-blue mt-3\">Sigue leyendo<\/a><\/p>\n","protected":false},"author":1,"featured_media":11451,"parent":8581,"menu_order":0,"comment_status":"closed","ping_status":"closed","template":"","meta":{"_acf_changed":false,"footnotes":""},"class_list":["post-8606","page","type-page","status-publish","has-post-thumbnail"],"acf":[],"yoast_head":"<!-- This site is optimized with the Yoast SEO plugin v27.4 - https:\/\/yoast.com\/product\/yoast-seo-wordpress\/ -->\n<title>Cirug\u00eda de Orejas | Azouz Cirug\u00eda Pl\u00e1stica y Est\u00e9tica<\/title>\n<meta name=\"robots\" content=\"index, follow, max-snippet:-1, max-image-preview:large, max-video-preview:-1\" \/>\n<link rel=\"canonical\" href=\"https:\/\/www.drazouz.com\/es\/cirugia-plastica-de-orejas\/\" \/>\n<meta property=\"og:locale\" content=\"es_ES\" \/>\n<meta property=\"og:type\" content=\"article\" \/>\n<meta property=\"og:title\" content=\"Cirug\u00eda de Orejas | Azouz Cirug\u00eda Pl\u00e1stica y Est\u00e9tica\" \/>\n<meta property=\"og:description\" content=\"Cuando muchas personas piensan en cirug\u00eda pl\u00e1stica para las orejas, su primera idea es la correcci\u00f3n deSigue leyendo\" \/>\n<meta property=\"og:url\" content=\"https:\/\/www.drazouz.com\/es\/cirugia-plastica-de-orejas\/\" \/>\n<meta property=\"og:site_name\" content=\"Azouz Cirug\u00eda Pl\u00e1stica y Est\u00e9tica\" \/>\n<meta property=\"article:modified_time\" content=\"2023-12-12T11:30:32+00:00\" \/>\n<meta property=\"og:image\" content=\"https:\/\/www.drazouz.com\/wp-content\/uploads\/2024\/01\/header-image012503.jpeg\" \/>\n<meta name=\"twitter:card\" content=\"summary_large_image\" \/>\n<meta name=\"twitter:image\" content=\"https:\/\/www.drazouz.com\/wp-content\/uploads\/2024\/01\/header-image012503.jpeg\" \/>\n<meta name=\"twitter:label1\" content=\"Tiempo de lectura\" \/>\n\t<meta name=\"twitter:data1\" content=\"2 minutos\" \/>\n<!-- \/ Yoast SEO plugin. -->","yoast_head_json":{"title":"Cirug\u00eda de Orejas | Azouz Cirug\u00eda Pl\u00e1stica y Est\u00e9tica","robots":{"index":"index","follow":"follow","max-snippet":"max-snippet:-1","max-image-preview":"max-image-preview:large","max-video-preview":"max-video-preview:-1"},"canonical":"https:\/\/www.drazouz.com\/es\/cirugia-plastica-de-orejas\/","og_locale":"es_ES","og_type":"article","og_title":"Cirug\u00eda de Orejas | Azouz Cirug\u00eda Pl\u00e1stica y Est\u00e9tica","og_description":"Cuando muchas personas piensan en cirug\u00eda pl\u00e1stica para las orejas, su primera idea es la correcci\u00f3n deSigue leyendo","og_url":"https:\/\/www.drazouz.com\/es\/cirugia-plastica-de-orejas\/","og_site_name":"Azouz Cirug\u00eda Pl\u00e1stica y Est\u00e9tica","article_modified_time":"2023-12-12T11:30:32+00:00","og_image":[{"url":"https:\/\/www.drazouz.com\/wp-content\/uploads\/2024\/01\/header-image012503.jpeg","type":"","width":"","height":""}],"twitter_card":"summary_large_image","twitter_image":"https:\/\/www.drazouz.com\/wp-content\/uploads\/2024\/01\/header-image012503.jpeg","twitter_misc":{"Tiempo de lectura":"2 minutos"},"schema":{"@context":"https:\/\/schema.org","@graph":[{"@type":"WebPage","@id":"https:\/\/www.drazouz.com\/es\/cirugia-plastica-de-orejas\/","url":"https:\/\/www.drazouz.com\/es\/cirugia-plastica-de-orejas\/","name":"Cirug\u00eda de Orejas | Azouz Cirug\u00eda Pl\u00e1stica y Est\u00e9tica","isPartOf":{"@id":"https:\/\/www.drazouz.com\/es\/#website"},"primaryImageOfPage":{"@id":"https:\/\/www.drazouz.com\/es\/cirugia-plastica-de-orejas\/#primaryimage"},"image":{"@id":"https:\/\/www.drazouz.com\/es\/cirugia-plastica-de-orejas\/#primaryimage"},"thumbnailUrl":"https:\/\/www.drazouz.com\/wp-content\/uploads\/2024\/01\/header-image012503.jpeg","datePublished":"2022-07-22T12:55:39+00:00","dateModified":"2023-12-12T11:30:32+00:00","breadcrumb":{"@id":"https:\/\/www.drazouz.com\/es\/cirugia-plastica-de-orejas\/#breadcrumb"},"inLanguage":"es","potentialAction":[{"@type":"ReadAction","target":["https:\/\/www.drazouz.com\/es\/cirugia-plastica-de-orejas\/"]}]},{"@type":"ImageObject","inLanguage":"es","@id":"https:\/\/www.drazouz.com\/es\/cirugia-plastica-de-orejas\/#primaryimage","url":"https:\/\/www.drazouz.com\/wp-content\/uploads\/2024\/01\/header-image012503.jpeg","contentUrl":"https:\/\/www.drazouz.com\/wp-content\/uploads\/2024\/01\/header-image012503.jpeg","width":1918,"height":815,"caption":"face of beautiful woman touching her ear"},{"@type":"BreadcrumbList","@id":"https:\/\/www.drazouz.com\/es\/cirugia-plastica-de-orejas\/#breadcrumb","itemListElement":[{"@type":"ListItem","position":1,"name":"Home","item":"https:\/\/www.drazouz.com\/es\/"},{"@type":"ListItem","position":2,"name":"Procedimientos","item":"https:\/\/www.drazouz.com\/es\/procedimientos\/"},{"@type":"ListItem","position":3,"name":"Cirug\u00eda de Orejas"}]},{"@type":"WebSite","@id":"https:\/\/www.drazouz.com\/es\/#website","url":"https:\/\/www.drazouz.com\/es\/","name":"Azouz Cirug\u00eda Pl\u00e1stica y Est\u00e9tica","description":"","potentialAction":[{"@type":"SearchAction","target":{"@type":"EntryPoint","urlTemplate":"https:\/\/www.drazouz.com\/es\/?s={search_term_string}"},"query-input":{"@type":"PropertyValueSpecification","valueRequired":true,"valueName":"search_term_string"}}],"inLanguage":"es"}]}},"_links":{"self":[{"href":"https:\/\/www.drazouz.com\/es\/wp-json\/wp\/v2\/pages\/8606","targetHints":{"allow":["GET"]}}],"collection":[{"href":"https:\/\/www.drazouz.com\/es\/wp-json\/wp\/v2\/pages"}],"about":[{"href":"https:\/\/www.drazouz.com\/es\/wp-json\/wp\/v2\/types\/page"}],"author":[{"embeddable":true,"href":"https:\/\/www.drazouz.com\/es\/wp-json\/wp\/v2\/users\/1"}],"replies":[{"embeddable":true,"href":"https:\/\/www.drazouz.com\/es\/wp-json\/wp\/v2\/comments?post=8606"}],"version-history":[{"count":2,"href":"https:\/\/www.drazouz.com\/es\/wp-json\/wp\/v2\/pages\/8606\/revisions"}],"predecessor-version":[{"id":8631,"href":"https:\/\/www.drazouz.com\/es\/wp-json\/wp\/v2\/pages\/8606\/revisions\/8631"}],"up":[{"embeddable":true,"href":"https:\/\/www.drazouz.com\/es\/wp-json\/wp\/v2\/pages\/8581"}],"wp:featuredmedia":[{"embeddable":true,"href":"https:\/\/www.drazouz.com\/es\/wp-json\/wp\/v2\/media\/11451"}],"wp:attachment":[{"href":"https:\/\/www.drazouz.com\/es\/wp-json\/wp\/v2\/media?parent=8606"}],"curies":[{"name":"wp","href":"https:\/\/api.w.org\/{rel}","templated":true}]}}