{"id":8581,"date":"2022-07-21T17:02:25","date_gmt":"2022-07-21T22:02:25","guid":{"rendered":"https:\/\/www.drazouz.com\/?page_id=8581"},"modified":"2024-01-03T11:35:11","modified_gmt":"2024-01-03T16:35:11","slug":"procedimientos","status":"publish","type":"page","link":"https:\/\/www.drazouz.com\/es\/procedimientos\/","title":{"rendered":"Procedimientos"},"content":{"rendered":"<p>En <a title=\"Cirujano Pl\u00e1stico Dallas TX\" href=\"https:\/\/www.drazouz.com\/es\/\"><em><strong>Azouz Plastic &#038; Cosmetic Surgery<\/strong><\/em><\/a>, podemos mejorar tu apariencia, autoestima y calidad de vida. Con nuestra amplia gama de procedimientos de cirug\u00eda est\u00e9tica y pl\u00e1stica, podemos restaurar una apariencia juvenil y contornear \u00e1reas para la silueta que siempre has deseado. Las t\u00e9cnicas reconstructivas pueden mejorar dr\u00e1sticamente la apariencia, aumentar la funcionalidad e infundir confianza en uno mismo.<\/p>\n<p>Entendemos las diversas razones por las cuales puedes elegir la cirug\u00eda est\u00e9tica o reconstructiva. Ya sea que busques corregir un defecto peque\u00f1o pero molesto, retroceder en el tiempo, contornear tu cuerpo o reparar un defecto de nacimiento significativo o una lesi\u00f3n traum\u00e1tica, tenemos la experiencia y opciones para ti.<\/p>\n<h2>Cirujanos Cari\u00f1osos y Compasivos<\/h2>\n<p>Nuestra pr\u00e1ctica acogedora e inclusiva va m\u00e1s all\u00e1 de tu \u00e1rea de preocupaci\u00f3n. Nuestro enfoque centrado en el paciente te trata como una persona completa. Mientras examinamos y tratamos el problema en cuesti\u00f3n, lo hacemos de manera compasiva y solidaria. Creemos en la comunicaci\u00f3n abierta y honesta, y en un enfoque alentador hacia los procedimientos de cirug\u00eda est\u00e9tica y pl\u00e1stica. Promovemos una imagen positiva de ti mismo al brindarte resultados excepcionales y una apariencia hermosa y natural.<br \/>\nNuestra extensa consulta y examen personalizar\u00e1n tu procedimiento para abordar tus necesidades espec\u00edficas. Cuando m\u00e1s de un procedimiento puede ser efectivo, nos esforzamos por empoderarte con el conocimiento necesario para tomar la mejor decisi\u00f3n basada en las opciones disponibles.<br \/>\n<nav class=\"flc-submenu\" aria-label=\"sub menu\"><ul><li class=\"page_item page-item-3795 page_item_has_children\"><a href=\"https:\/\/www.drazouz.com\/es\/breast\/\">Busto<\/a><\/li>\n<li class=\"page_item page-item-8606 page_item_has_children\"><a href=\"https:\/\/www.drazouz.com\/es\/cirugia-plastica-de-orejas\/\">Cirug\u00eda de Orejas<\/a><\/li>\n<li class=\"page_item page-item-8625 page_item_has_children\"><a href=\"https:\/\/www.drazouz.com\/es\/cirugia-plastica-de-nariz\/\">Cirug\u00eda Pl\u00e1stica de Nariz<\/a><\/li>\n<li class=\"page_item page-item-10545 page_item_has_children\"><a href=\"https:\/\/www.drazouz.com\/es\/cirugia-reconstructiva\/\">Cirug\u00eda Reconstructiva<\/a><\/li>\n<li class=\"page_item page-item-11487 page_item_has_children\"><a href=\"https:\/\/www.drazouz.com\/es\/crecimientos-y-lesiones-en-la-piel\/\">Crecimientos y Lesiones en la Piel<\/a><\/li>\n<li class=\"page_item page-item-3798 page_item_has_children\"><a href=\"https:\/\/www.drazouz.com\/es\/body\/\">Cuerpo<\/a><\/li>\n<li class=\"page_item page-item-9740 page_item_has_children\"><a href=\"https:\/\/www.drazouz.com\/es\/eliminacion-revision-cicatrices\/\">Eliminaci\u00f3n y Revisi\u00f3n de Cicatrices<\/a><\/li>\n<li class=\"page_item page-item-3802 page_item_has_children\"><a href=\"https:\/\/www.drazouz.com\/es\/for-men\/\">Hombres<\/a><\/li>\n<li class=\"page_item page-item-8574 page_item_has_children\"><a href=\"https:\/\/www.drazouz.com\/es\/ojos-y-cejas\/\">Ojos y Cejas<\/a><\/li>\n<li class=\"page_item page-item-16975 page_item_has_children\"><a href=\"https:\/\/www.drazouz.com\/es\/skin\/\">Piel<\/a><\/li>\n<li class=\"page_item page-item-10033 page_item_has_children\"><a href=\"https:\/\/www.drazouz.com\/es\/procedimientos-y-aumento-de-labios\/\">Procedimientos y Aumento de Labios<\/a><\/li>\n<li class=\"page_item page-item-3788 page_item_has_children\"><a href=\"https:\/\/www.drazouz.com\/es\/face\/\">Rostro<\/a><\/li>\n<li class=\"page_item page-item-10596 page_item_has_children\"><a href=\"https:\/\/www.drazouz.com\/es\/cirugia-superior-transgenero\/\">Transg\u00e9nero<\/a><\/li>\n<li class=\"page_item page-item-8382 page_item_has_children\"><a href=\"https:\/\/www.drazouz.com\/es\/trasplante-capilar-restauracion-capilar\/\">Trasplante Capilar<\/a><\/li>\n<\/ul><\/nav><\/p>\n<h3>Cirujano Pl\u00e1stico y Cosm\u00e9tico M\u00e1s Solicitado en Dallas<\/h3>\n<p>Invertir en ti mismo es importante para tu bienestar general, y elegir al cirujano adecuado es el paso m\u00e1s importante. El Dr. Azouz es buscado por pacientes de todo el mundo por su experiencia y experiencia. Cirujano pl\u00e1stico y reconstructivo con formaci\u00f3n de becario y certificado por la junta, combina precisi\u00f3n quir\u00fargica con el ojo de un artista. Los sorprendentes resultados antes y despu\u00e9s hablan por s\u00ed mismos.<\/p>\n<p>Utilizando los procedimientos innovadores y t\u00e9cnicas especializadas del Dr. Azouz, ha mejorado las cirug\u00edas tradicionales, proporcionando resultados superiores y mejores resultados para los pacientes. Para obtener resultados de la m\u00e1s alta calidad, <a title=\"Contacta con Azouz Cosmetic &#038; Plastic Surgery en Dallas TX\" href=\"https:\/\/www.drazouz.com\/es\/contact\/\"><em><strong>contacta a Azouz Cosmetic &#038; Plastic Surgery en l\u00ednea<\/strong><\/em><\/a> hoy o por tel\u00e9fono <a href=\"tel:9727028888\" class=\"phone_anchor \" aria-label=\"ll\u00e1manos (972) 702-8888\">(972) 702-8888<\/a> para tu consulta privada en la oficina o virtual.<\/p>\n","protected":false},"excerpt":{"rendered":"<p>En Azouz Plastic &#038; Cosmetic Surgery, podemos mejorar tu apariencia, autoestima y calidad de vida. Con nuestra<br \/><a href=\"https:\/\/www.drazouz.com\/es\/procedimientos\/\" class=\"btn btn-blue mt-3\">Sigue leyendo<\/a><\/p>\n","protected":false},"author":1,"featured_media":0,"parent":0,"menu_order":0,"comment_status":"closed","ping_status":"closed","template":"","meta":{"_acf_changed":false,"footnotes":""},"class_list":["post-8581","page","type-page","status-publish"],"acf":[],"yoast_head":"<!-- This site is optimized with the Yoast SEO plugin v27.4 - https:\/\/yoast.com\/product\/yoast-seo-wordpress\/ -->\n<title>Procedimientos | Azouz Cirug\u00eda Pl\u00e1stica y Est\u00e9tica<\/title>\n<meta name=\"robots\" content=\"index, follow, max-snippet:-1, max-image-preview:large, max-video-preview:-1\" \/>\n<link rel=\"canonical\" href=\"https:\/\/www.drazouz.com\/es\/procedimientos\/\" \/>\n<meta property=\"og:locale\" content=\"es_ES\" \/>\n<meta property=\"og:type\" content=\"article\" \/>\n<meta property=\"og:title\" content=\"Procedimientos | Azouz Cirug\u00eda Pl\u00e1stica y Est\u00e9tica\" \/>\n<meta property=\"og:description\" content=\"En Azouz Plastic &#038; Cosmetic Surgery, podemos mejorar tu apariencia, autoestima y calidad de vida. Con nuestraSigue leyendo\" \/>\n<meta property=\"og:url\" content=\"https:\/\/www.drazouz.com\/es\/procedimientos\/\" \/>\n<meta property=\"og:site_name\" content=\"Azouz Cirug\u00eda Pl\u00e1stica y Est\u00e9tica\" \/>\n<meta property=\"article:modified_time\" content=\"2024-01-03T16:35:11+00:00\" \/>\n<meta property=\"og:image\" content=\"https:\/\/www.drazouz.com\/wp-content\/uploads\/2024\/03\/jumbotron.webp\" \/>\n<meta name=\"twitter:card\" content=\"summary_large_image\" \/>\n<meta name=\"twitter:image\" content=\"https:\/\/www.drazouz.com\/wp-content\/uploads\/2024\/03\/jumbotron.webp\" \/>\n<meta name=\"twitter:label1\" content=\"Tiempo de lectura\" \/>\n\t<meta name=\"twitter:data1\" content=\"2 minutos\" \/>\n<!-- \/ Yoast SEO plugin. -->","yoast_head_json":{"title":"Procedimientos | Azouz Cirug\u00eda Pl\u00e1stica y Est\u00e9tica","robots":{"index":"index","follow":"follow","max-snippet":"max-snippet:-1","max-image-preview":"max-image-preview:large","max-video-preview":"max-video-preview:-1"},"canonical":"https:\/\/www.drazouz.com\/es\/procedimientos\/","og_locale":"es_ES","og_type":"article","og_title":"Procedimientos | Azouz Cirug\u00eda Pl\u00e1stica y Est\u00e9tica","og_description":"En Azouz Plastic &#038; Cosmetic Surgery, podemos mejorar tu apariencia, autoestima y calidad de vida. Con nuestraSigue leyendo","og_url":"https:\/\/www.drazouz.com\/es\/procedimientos\/","og_site_name":"Azouz Cirug\u00eda Pl\u00e1stica y Est\u00e9tica","article_modified_time":"2024-01-03T16:35:11+00:00","og_image":[{"url":"https:\/\/www.drazouz.com\/wp-content\/uploads\/2024\/03\/jumbotron.webp","type":"","width":"","height":""}],"twitter_card":"summary_large_image","twitter_image":"https:\/\/www.drazouz.com\/wp-content\/uploads\/2024\/03\/jumbotron.webp","twitter_misc":{"Tiempo de lectura":"2 minutos"},"schema":{"@context":"https:\/\/schema.org","@graph":[{"@type":"WebPage","@id":"https:\/\/www.drazouz.com\/es\/procedimientos\/","url":"https:\/\/www.drazouz.com\/es\/procedimientos\/","name":"Procedimientos | Azouz Cirug\u00eda Pl\u00e1stica y Est\u00e9tica","isPartOf":{"@id":"https:\/\/www.drazouz.com\/es\/#website"},"datePublished":"2022-07-21T22:02:25+00:00","dateModified":"2024-01-03T16:35:11+00:00","breadcrumb":{"@id":"https:\/\/www.drazouz.com\/es\/procedimientos\/#breadcrumb"},"inLanguage":"es","potentialAction":[{"@type":"ReadAction","target":["https:\/\/www.drazouz.com\/es\/procedimientos\/"]}]},{"@type":"BreadcrumbList","@id":"https:\/\/www.drazouz.com\/es\/procedimientos\/#breadcrumb","itemListElement":[{"@type":"ListItem","position":1,"name":"Home","item":"https:\/\/www.drazouz.com\/es\/"},{"@type":"ListItem","position":2,"name":"Procedimientos"}]},{"@type":"WebSite","@id":"https:\/\/www.drazouz.com\/es\/#website","url":"https:\/\/www.drazouz.com\/es\/","name":"Azouz Cirug\u00eda Pl\u00e1stica y Est\u00e9tica","description":"","potentialAction":[{"@type":"SearchAction","target":{"@type":"EntryPoint","urlTemplate":"https:\/\/www.drazouz.com\/es\/?s={search_term_string}"},"query-input":{"@type":"PropertyValueSpecification","valueRequired":true,"valueName":"search_term_string"}}],"inLanguage":"es"}]}},"_links":{"self":[{"href":"https:\/\/www.drazouz.com\/es\/wp-json\/wp\/v2\/pages\/8581","targetHints":{"allow":["GET"]}}],"collection":[{"href":"https:\/\/www.drazouz.com\/es\/wp-json\/wp\/v2\/pages"}],"about":[{"href":"https:\/\/www.drazouz.com\/es\/wp-json\/wp\/v2\/types\/page"}],"author":[{"embeddable":true,"href":"https:\/\/www.drazouz.com\/es\/wp-json\/wp\/v2\/users\/1"}],"replies":[{"embeddable":true,"href":"https:\/\/www.drazouz.com\/es\/wp-json\/wp\/v2\/comments?post=8581"}],"version-history":[{"count":3,"href":"https:\/\/www.drazouz.com\/es\/wp-json\/wp\/v2\/pages\/8581\/revisions"}],"predecessor-version":[{"id":10548,"href":"https:\/\/www.drazouz.com\/es\/wp-json\/wp\/v2\/pages\/8581\/revisions\/10548"}],"wp:attachment":[{"href":"https:\/\/www.drazouz.com\/es\/wp-json\/wp\/v2\/media?parent=8581"}],"curies":[{"name":"wp","href":"https:\/\/api.w.org\/{rel}","templated":true}]}}