{"id":8574,"date":"2022-07-22T09:11:13","date_gmt":"2022-07-22T14:11:13","guid":{"rendered":"https:\/\/www.drazouz.com\/?page_id=8574"},"modified":"2024-01-25T06:13:26","modified_gmt":"2024-01-25T11:13:26","slug":"ojos-y-cejas","status":"publish","type":"page","link":"https:\/\/www.drazouz.com\/es\/ojos-y-cejas\/","title":{"rendered":"Ojos y Cejas"},"content":{"rendered":"<p>Nuestros ojos comunican mucha informaci\u00f3n al mundo. Sin embargo, a medida que envejecemos, podemos comenzar a enviar mensajes contradictorios sin saberlo. Bolsas hinchadas y ojeras indican que estamos cansados, incluso si estamos bien descansados y listos para enfrentar el d\u00eda. Cejas ca\u00eddas y p\u00e1rpados ca\u00eddos nos hacen ver tristes, incluso si nos estamos divirtiendo. Frentes arrugadas pueden llevar a las personas a pensar que estamos preocupados o, peor a\u00fan, enojados. La cirug\u00eda pl\u00e1stica de ojos y cejas puede cambiar no solo la forma en que te ves a ti mismo, sino tambi\u00e9n la forma en que el mundo te ve.<\/p>\n<h2>Una Amplia Gama de Procedimientos Oculares en Plano, Richardson<\/h2>\n<p>En Azouz Plastic and Cosmetic Surgery, ofrecemos una <a title=\"Cirug\u00eda Cosm\u00e9tica Facial y Corporal en Dallas TX\" href=\"https:\/\/www.drazouz.com\/es\/procedures\/\">amplia gama de opciones cosm\u00e9ticas y reconstructivas<\/a> para abordar tus preocupaciones est\u00e9ticas en Plano y Richardson, Texas. Contamos con m\u00faltiples procedimientos para los ojos y cejas para refrescar y rejuvenecer tu apariencia, incluyendo:<\/p>\n<nav class=\"flc-submenu\" aria-label=\"sub menu\"><ul><li class=\"page_item page-item-3825\"><a href=\"https:\/\/www.drazouz.com\/es\/eyelid-surgery\/\">Cirug\u00eda de p\u00e1rpado<\/a><\/li>\n<li class=\"page_item page-item-8567\"><a href=\"https:\/\/www.drazouz.com\/es\/cirugia-de-parpados-asiaticos\/\">Cirug\u00eda de P\u00e1rpados Asi\u00e1ticos<\/a><\/li>\n<li class=\"page_item page-item-8620\"><a href=\"https:\/\/www.drazouz.com\/es\/exceso-de-piel-en-los-parpados\/\">Exceso de Piel en los P\u00e1rpados<\/a><\/li>\n<li class=\"page_item page-item-3852\"><a href=\"https:\/\/www.drazouz.com\/es\/brow-liftforehead-lift\/\">Levantamiento de cejas \/ estiramiento de frente<\/a><\/li>\n<li class=\"page_item page-item-8612\"><a href=\"https:\/\/www.drazouz.com\/es\/reparacion-de-parpado-caido\/\">Reparaci\u00f3n de P\u00e1rpado Ca\u00eddo<\/a><\/li>\n<\/ul><\/nav>\n<p>El Dr. Azouz realiza extensas consultas y ex\u00e1menes antes de desarrollar un plan quir\u00fargico. Escucha atentamente tus preocupaciones, adaptando sus procedimientos a tus necesidades espec\u00edficas. Cuando m\u00e1s de un procedimiento puede ser efectivo, te proporciona opciones y explica completamente los riesgos y beneficios de cada uno. Si un solo procedimiento no puede abordar todas tus inquietudes, har\u00e1 recomendaciones que lograr\u00e1n los resultados deseados con una combinaci\u00f3n de procedimientos, para que no tengas que someterte a cirug\u00edas futuras.<\/p>\n<h2>Resultados Hermosos y Naturales<\/h2>\n<p>Con t\u00e9cnicas innovadoras, el Dr. Azouz ofrece algunos de los procedimientos m\u00e1s completos disponibles. Muy buscado por su precisi\u00f3n quir\u00fargica y ojo art\u00edstico, se apasiona por brindar atenci\u00f3n excepcional. Sus d\u00e9cadas de experiencia le han valido una reputaci\u00f3n internacional por lograr resultados hermosos y naturales.<\/p>\n<p>Con servicio disponible en ingl\u00e9s, espa\u00f1ol y franc\u00e9s, y c\u00f3modos alojamientos a precios razonables cerca, viajar a Azouz Plastic &amp; Cosmetic Surgery para tu procedimiento de ojos y cejas es una inversi\u00f3n en ti mismo. Se ofrecen consultas tanto en la oficina como virtualmente.<\/p>\n<p>Si est\u00e1s listo para mostrar al mundo la verdadera versi\u00f3n de ti mismo, <a title=\"Contacta con Azouz Cosmetic &amp; Plastic Surgery en Dallas TX\" href=\"https:\/\/www.drazouz.com\/es\/contact\/\">contacta a Azouz Plastic &amp; Cosmetic Surgery<\/a> hoy para hablar sobre procedimientos oculares, de cejas y otros procedimientos cosm\u00e9ticos.<\/p>\n","protected":false},"excerpt":{"rendered":"<p>Nuestros ojos comunican mucha informaci\u00f3n al mundo. Sin embargo, a medida que envejecemos, podemos comenzar a enviar<br \/><a href=\"https:\/\/www.drazouz.com\/es\/ojos-y-cejas\/\" class=\"btn btn-blue mt-3\">Sigue leyendo<\/a><\/p>\n","protected":false},"author":1,"featured_media":11458,"parent":8581,"menu_order":0,"comment_status":"closed","ping_status":"closed","template":"","meta":{"_acf_changed":false,"footnotes":""},"class_list":["post-8574","page","type-page","status-publish","has-post-thumbnail"],"acf":[],"yoast_head":"<!-- This site is optimized with the Yoast SEO plugin v27.4 - https:\/\/yoast.com\/product\/yoast-seo-wordpress\/ -->\n<title>Ojos y Cejas | Azouz Cirug\u00eda Pl\u00e1stica y Est\u00e9tica<\/title>\n<meta name=\"robots\" content=\"index, follow, max-snippet:-1, max-image-preview:large, max-video-preview:-1\" \/>\n<link rel=\"canonical\" href=\"https:\/\/www.drazouz.com\/es\/ojos-y-cejas\/\" \/>\n<meta property=\"og:locale\" content=\"es_ES\" \/>\n<meta property=\"og:type\" content=\"article\" \/>\n<meta property=\"og:title\" content=\"Ojos y Cejas | Azouz Cirug\u00eda Pl\u00e1stica y Est\u00e9tica\" \/>\n<meta property=\"og:description\" content=\"Nuestros ojos comunican mucha informaci\u00f3n al mundo. Sin embargo, a medida que envejecemos, podemos comenzar a enviarSigue leyendo\" \/>\n<meta property=\"og:url\" content=\"https:\/\/www.drazouz.com\/es\/ojos-y-cejas\/\" \/>\n<meta property=\"og:site_name\" content=\"Azouz Cirug\u00eda Pl\u00e1stica y Est\u00e9tica\" \/>\n<meta property=\"article:modified_time\" content=\"2024-01-25T11:13:26+00:00\" \/>\n<meta property=\"og:image\" content=\"https:\/\/www.drazouz.com\/wp-content\/uploads\/2024\/01\/header-image012504-1.jpeg\" \/>\n<meta name=\"twitter:card\" content=\"summary_large_image\" \/>\n<meta name=\"twitter:image\" content=\"https:\/\/www.drazouz.com\/wp-content\/uploads\/2024\/01\/header-image012504-1.jpeg\" \/>\n<meta name=\"twitter:label1\" content=\"Tiempo de lectura\" \/>\n\t<meta name=\"twitter:data1\" content=\"2 minutos\" \/>\n<!-- \/ Yoast SEO plugin. -->","yoast_head_json":{"title":"Ojos y Cejas | Azouz Cirug\u00eda Pl\u00e1stica y Est\u00e9tica","robots":{"index":"index","follow":"follow","max-snippet":"max-snippet:-1","max-image-preview":"max-image-preview:large","max-video-preview":"max-video-preview:-1"},"canonical":"https:\/\/www.drazouz.com\/es\/ojos-y-cejas\/","og_locale":"es_ES","og_type":"article","og_title":"Ojos y Cejas | Azouz Cirug\u00eda Pl\u00e1stica y Est\u00e9tica","og_description":"Nuestros ojos comunican mucha informaci\u00f3n al mundo. Sin embargo, a medida que envejecemos, podemos comenzar a enviarSigue leyendo","og_url":"https:\/\/www.drazouz.com\/es\/ojos-y-cejas\/","og_site_name":"Azouz Cirug\u00eda Pl\u00e1stica y Est\u00e9tica","article_modified_time":"2024-01-25T11:13:26+00:00","og_image":[{"url":"https:\/\/www.drazouz.com\/wp-content\/uploads\/2024\/01\/header-image012504-1.jpeg","type":"","width":"","height":""}],"twitter_card":"summary_large_image","twitter_image":"https:\/\/www.drazouz.com\/wp-content\/uploads\/2024\/01\/header-image012504-1.jpeg","twitter_misc":{"Tiempo de lectura":"2 minutos"},"schema":{"@context":"https:\/\/schema.org","@graph":[{"@type":"WebPage","@id":"https:\/\/www.drazouz.com\/es\/ojos-y-cejas\/","url":"https:\/\/www.drazouz.com\/es\/ojos-y-cejas\/","name":"Ojos y Cejas | Azouz Cirug\u00eda Pl\u00e1stica y Est\u00e9tica","isPartOf":{"@id":"https:\/\/www.drazouz.com\/es\/#website"},"primaryImageOfPage":{"@id":"https:\/\/www.drazouz.com\/es\/ojos-y-cejas\/#primaryimage"},"image":{"@id":"https:\/\/www.drazouz.com\/es\/ojos-y-cejas\/#primaryimage"},"thumbnailUrl":"https:\/\/www.drazouz.com\/wp-content\/uploads\/2024\/01\/header-image012504-1.jpeg","datePublished":"2022-07-22T14:11:13+00:00","dateModified":"2024-01-25T11:13:26+00:00","breadcrumb":{"@id":"https:\/\/www.drazouz.com\/es\/ojos-y-cejas\/#breadcrumb"},"inLanguage":"es","potentialAction":[{"@type":"ReadAction","target":["https:\/\/www.drazouz.com\/es\/ojos-y-cejas\/"]}]},{"@type":"ImageObject","inLanguage":"es","@id":"https:\/\/www.drazouz.com\/es\/ojos-y-cejas\/#primaryimage","url":"https:\/\/www.drazouz.com\/wp-content\/uploads\/2024\/01\/header-image012504-1.jpeg","contentUrl":"https:\/\/www.drazouz.com\/wp-content\/uploads\/2024\/01\/header-image012504-1.jpeg","width":1918,"height":815,"caption":"female blue eye"},{"@type":"BreadcrumbList","@id":"https:\/\/www.drazouz.com\/es\/ojos-y-cejas\/#breadcrumb","itemListElement":[{"@type":"ListItem","position":1,"name":"Home","item":"https:\/\/www.drazouz.com\/es\/"},{"@type":"ListItem","position":2,"name":"Procedimientos","item":"https:\/\/www.drazouz.com\/es\/procedimientos\/"},{"@type":"ListItem","position":3,"name":"Ojos y Cejas"}]},{"@type":"WebSite","@id":"https:\/\/www.drazouz.com\/es\/#website","url":"https:\/\/www.drazouz.com\/es\/","name":"Azouz Cirug\u00eda Pl\u00e1stica y Est\u00e9tica","description":"","potentialAction":[{"@type":"SearchAction","target":{"@type":"EntryPoint","urlTemplate":"https:\/\/www.drazouz.com\/es\/?s={search_term_string}"},"query-input":{"@type":"PropertyValueSpecification","valueRequired":true,"valueName":"search_term_string"}}],"inLanguage":"es"}]}},"_links":{"self":[{"href":"https:\/\/www.drazouz.com\/es\/wp-json\/wp\/v2\/pages\/8574","targetHints":{"allow":["GET"]}}],"collection":[{"href":"https:\/\/www.drazouz.com\/es\/wp-json\/wp\/v2\/pages"}],"about":[{"href":"https:\/\/www.drazouz.com\/es\/wp-json\/wp\/v2\/types\/page"}],"author":[{"embeddable":true,"href":"https:\/\/www.drazouz.com\/es\/wp-json\/wp\/v2\/users\/1"}],"replies":[{"embeddable":true,"href":"https:\/\/www.drazouz.com\/es\/wp-json\/wp\/v2\/comments?post=8574"}],"version-history":[{"count":5,"href":"https:\/\/www.drazouz.com\/es\/wp-json\/wp\/v2\/pages\/8574\/revisions"}],"predecessor-version":[{"id":8587,"href":"https:\/\/www.drazouz.com\/es\/wp-json\/wp\/v2\/pages\/8574\/revisions\/8587"}],"up":[{"embeddable":true,"href":"https:\/\/www.drazouz.com\/es\/wp-json\/wp\/v2\/pages\/8581"}],"wp:featuredmedia":[{"embeddable":true,"href":"https:\/\/www.drazouz.com\/es\/wp-json\/wp\/v2\/media\/11458"}],"wp:attachment":[{"href":"https:\/\/www.drazouz.com\/es\/wp-json\/wp\/v2\/media?parent=8574"}],"curies":[{"name":"wp","href":"https:\/\/api.w.org\/{rel}","templated":true}]}}