{"id":8567,"date":"2022-07-22T09:18:39","date_gmt":"2022-07-22T14:18:39","guid":{"rendered":"https:\/\/www.drazouz.com\/?page_id=8567"},"modified":"2024-05-28T05:17:58","modified_gmt":"2024-05-28T10:17:58","slug":"cirugia-de-parpados-asiaticos","status":"publish","type":"page","link":"https:\/\/www.drazouz.com\/es\/cirugia-de-parpados-asiaticos\/","title":{"rendered":"Cirug\u00eda de P\u00e1rpados Asi\u00e1ticos"},"content":{"rendered":"<p>Los asi\u00e1ticos a menudo tienen p\u00e1rpados monolides, donde el p\u00e1rpado superior carece de un pliegue. Debido a su capacidad para mejorar la apariencia de los ojos y darles un aspecto m\u00e1s renovado y fresco, esta cirug\u00eda transformadora se ha vuelto cada vez m\u00e1s popular en todo el mundo. El cirujano pl\u00e1stico certificado en Dallas, el <a href=\"https:\/\/www.drazouz.com\/es\/meet-dr-solomon-azouz\/\">Dr. Solomon Azouz<\/a>, ofrece cirug\u00eda de p\u00e1rpados para ayudar a mejorar la apariencia del p\u00e1rpado superior y crear un pliegue m\u00e1s notable en el p\u00e1rpado, lo que har\u00e1 que los ojos parezcan m\u00e1s grandes y brillantes.<\/p>\n<h2>\u00bfQu\u00e9 es la Cirug\u00eda de P\u00e1rpados Asi\u00e1tica?<\/h2>\n<p>La cirug\u00eda de p\u00e1rpados asi\u00e1tica, a veces conocida como blefaroplastia asi\u00e1tica o cirug\u00eda de p\u00e1rpados dobles, crea o mejora un pliegue en el p\u00e1rpado superior para aquellos que tienen una estructura de p\u00e1rpados menos definida o un p\u00e1rpado monolide. El objetivo de la cirug\u00eda es ayudar a definir el pliegue del p\u00e1rpado superior y tambi\u00e9n permitir\u00e1 m\u00e1s oportunidades para dise\u00f1os de sombras de ojos y delineadores para aquellos que usan maquillaje. Durante una consulta, el Dr. Azouz determinar\u00e1 la altura apropiada desde la l\u00ednea de las pesta\u00f1as hasta el nuevo pliegue, bas\u00e1ndose en el resultado deseado y las caracter\u00edsticas oculares preexistentes.<\/p>\n<h2>\u00bfSoy Candidato para la Cirug\u00eda de P\u00e1rpados Asi\u00e1tica?<\/h2>\n<p>Los candidatos para la cirug\u00eda de p\u00e1rpados asi\u00e1tica presentan uno o m\u00e1s de los siguientes:<\/p>\n<ul>\n<li>Insatisfacci\u00f3n con la forma del ojo<\/li>\n<li>P\u00e1rpado ca\u00eddo que hace que los ojos parezcan parcialmente cerrados<\/li>\n<li>Ojos hinchados\/exceso de tejido graso<\/li>\n<li>P\u00e1rpados que se pliegan hacia adentro, haciendo que las pesta\u00f1as rocen la c\u00f3rnea<\/li>\n<li>Deseo de una aplicaci\u00f3n m\u00e1s sencilla de maquillaje<\/li>\n<li>Buscar restaurar una apariencia m\u00e1s juvenil<\/li>\n<\/ul>\n<h2><img loading=\"lazy\" decoding=\"async\" src=\"https:\/\/www.drazouz.com\/wp-content\/uploads\/2024\/05\/image-051302.jpeg\" alt=\"Blefaroplastia de cirug\u00eda de p\u00e1rpados asi\u00e1tica\" width=\"800\" height=\"534\" class=\"size-full wp-image-14142 aligncenter\" srcset=\"https:\/\/www.drazouz.com\/wp-content\/uploads\/2024\/05\/image-051302.jpeg 1024w, https:\/\/www.drazouz.com\/wp-content\/uploads\/2024\/05\/image-051302-300x200.jpeg 300w, https:\/\/www.drazouz.com\/wp-content\/uploads\/2024\/05\/image-051302-768x512.jpeg 768w\" sizes=\"auto, (max-width: 800px) 100vw, 800px\" \/><\/h2>\n<h2>Beneficios de la Cirug\u00eda de P\u00e1rpados Asi\u00e1tica<\/h2>\n<ul>\n<li>Mejora en la apariencia y simetr\u00eda de los ojos<\/li>\n<li>Aplicaci\u00f3n m\u00e1s f\u00e1cil del maquillaje de ojos<\/li>\n<\/ul>\n<div style=\"margin-bottom: 3rem!important;\"><div class=\"home-posts-top d-flex justify-content-between align-items-sm-end flex-column flex-sm-row mb-lg-4\">\n\t<h3 class=\"mb-sm-0 mt-3 pb-4\">Art\u00edculos sobre cirug\u00eda de p\u00e1rpados<\/h3>\n\t<a href=\"https:\/\/www.drazouz.com\/es\/blog\/category\/ojos-cejas\/\" class=\"blog-link\">\n\t\tVer m\u00e1s \n\t\t<svg xmlns=\"http:\/\/www.w3.org\/2000\/svg\" width=\"63.134\" height=\"35.422\" version=\"1.1\" viewBox=\"0 0 63.134 35.422\">\n\t\t   <g transform=\"translate(-21.146 -25.406)\">\n\t\t      <path d=\"m21.682 52.85-0.536 0.179v7.144l36.075-13.866v-6.97l-36.075-13.93v7.144l26.55 10.3z\"\/>\n\t\t      <path d=\"m48.74 52.855-0.536 0.179v7.144l36.075-13.866v-6.97l-36.075-13.93v7.144l26.55 10.3z\"\/> \n\t\t  <\/g>\n\t\t<\/svg>\n\t<\/a>\n<\/div>\n<ul class=\"row posts-feed\">\n\t\t\t<li class=\"col-lg-4 mt-4 mt-lg-0 post-column\">\n\t\t\t<div class=\"post-container\">\n\t\t\t\t<a class=\"d-block post-title-link\" href=\"https:\/\/www.drazouz.com\/es\/blog\/como-prepararse-para-la-cirugia-de-parpados\/\">\n\t\t\t\t\t<h3 class=\"post-title font-body\">C\u00f3mo prepararse para la cirug\u00eda de p\u00e1rpados<\/h3>\n\t\t\t\t<\/a>\n\t\t\t\t<time class=\"entry-date published\" datetime=\"2026-03-23T12:29:10-05:00\">23 de marzo de 2026<\/time>\t\t\t\t<div class=\"content\">\n\t\t\t\t\t<p>Preparaci\u00f3n para la blefaroplastia Los p\u00e1rpados ca\u00eddos, el exceso de piel y la hinchaz\u00f3n debajo de los<br \/><a href=\"https:\/\/www.drazouz.com\/es\/blog\/como-prepararse-para-la-cirugia-de-parpados\/\" class=\"btn btn-blue mt-3\">Sigue leyendo<\/a><\/p>\n\t\t\t\t<\/div>\n\t\t\t<\/div>\n\t\t<\/li>\n\t\t\t\t<li class=\"col-lg-4 mt-4 mt-lg-0 post-column\">\n\t\t\t<div class=\"post-container\">\n\t\t\t\t<a class=\"d-block post-title-link\" href=\"https:\/\/www.drazouz.com\/es\/blog\/cuanto-tiempo-debo-esperar-despues-de-la-cirugia-lasik-para-someterme-a-una-blefaroplastia\/\">\n\t\t\t\t\t<h3 class=\"post-title font-body\">\u00bfCu\u00e1nto tiempo debo esperar despu\u00e9s de la cirug\u00eda LASIK para someterme a una blefaroplastia?<\/h3>\n\t\t\t\t<\/a>\n\t\t\t\t<time class=\"entry-date published\" datetime=\"2023-08-08T04:15:47-05:00\">8 de agosto de 2023<\/time>\t\t\t\t<div class=\"content\">\n\t\t\t\t\t<p>Una blefaroplastia puede resultar en una mejora dram\u00e1tica de la apariencia de los p\u00e1rpados. Condiciones que resecan<br \/><a href=\"https:\/\/www.drazouz.com\/es\/blog\/cuanto-tiempo-debo-esperar-despues-de-la-cirugia-lasik-para-someterme-a-una-blefaroplastia\/\" class=\"btn btn-blue mt-3\">Sigue leyendo<\/a><\/p>\n\t\t\t\t<\/div>\n\t\t\t<\/div>\n\t\t<\/li>\n\t\t\t\t<li class=\"col-lg-4 mt-4 mt-lg-0 post-column\">\n\t\t\t<div class=\"post-container\">\n\t\t\t\t<a class=\"d-block post-title-link\" href=\"https:\/\/www.drazouz.com\/es\/blog\/resolver-y-prevenir-problemas-con-bolsas-en-los-ojos\/\">\n\t\t\t\t\t<h3 class=\"post-title font-body\">Resolver y Prevenir Problemas con Bolsas en los Ojos<\/h3>\n\t\t\t\t<\/a>\n\t\t\t\t<time class=\"entry-date published\" datetime=\"2023-07-03T04:24:53-05:00\">3 de julio de 2023<\/time>\t\t\t\t<div class=\"content\">\n\t\t\t\t\t<p>A medida que envejecemos, comenzamos a notar cambios en nuestra piel. Uno de los cambios m\u00e1s comunes<br \/><a href=\"https:\/\/www.drazouz.com\/es\/blog\/resolver-y-prevenir-problemas-con-bolsas-en-los-ojos\/\" class=\"btn btn-blue mt-3\">Sigue leyendo<\/a><\/p>\n\t\t\t\t<\/div>\n\t\t\t<\/div>\n\t\t<\/li>\n\t\t<\/ul><\/div>\n<div class=\"eye-image row\" style=\"margin-top: 2rem;\">\n<div class=\"col-md-4\"><img loading=\"lazy\" decoding=\"async\" src=\"https:\/\/www.drazouz.com\/wp-content\/uploads\/2024\/05\/image-051303.jpeg\" alt=\"Blefaroplastia asi\u00e1tica antes y despu\u00e9s\" width=\"1024\" height=\"1024\" class=\"size-full wp-image-14145\" srcset=\"https:\/\/www.drazouz.com\/wp-content\/uploads\/2024\/05\/image-051303.jpeg 1024w, https:\/\/www.drazouz.com\/wp-content\/uploads\/2024\/05\/image-051303-300x300.jpeg 300w, https:\/\/www.drazouz.com\/wp-content\/uploads\/2024\/05\/image-051303-768x768.jpeg 768w, https:\/\/www.drazouz.com\/wp-content\/uploads\/2024\/05\/image-051303-192x192.jpeg 192w, https:\/\/www.drazouz.com\/wp-content\/uploads\/2024\/05\/image-051303-32x32.jpeg 32w\" sizes=\"auto, (max-width: 1024px) 100vw, 1024px\" \/><\/div>\n<div class=\"col-md-8\">\n<h2>Cirug\u00eda de P\u00e1rpados Asi\u00e1tica<\/h2>\n<p>        Con una blefaroplastia asi\u00e1tica, se crea un pliegue en el p\u00e1rpado, lo que resulta en un espacio adicional en el p\u00e1rpado. Los ojos remodelados parecen m\u00e1s grandes y con forma de almendra. Donde estar\u00e1 el nuevo pliegue del p\u00e1rpado, se realizar\u00e1 una incisi\u00f3n fina y, si es necesario, se eliminar\u00e1 el exceso de grasa y piel. La incisi\u00f3n se sutura y generalmente es invisible, aunque puede ser aparente dependiendo de su longitud.\n    <\/p><\/div>\n<\/div>\n<h2>Anestesia para la Cirug\u00eda de P\u00e1rpados Asi\u00e1tica<\/h2>\n<p>El Dr. Azouz utiliza un enfoque innovador para la anestesia que combina sedaci\u00f3n con anestesia local. Esto ayuda a mantener al paciente c\u00f3modo durante la cirug\u00eda y tambi\u00e9n controla el dolor durante y despu\u00e9s del procedimiento.<\/p>\n<h2>Riesgos de la Cirug\u00eda de P\u00e1rpados Asi\u00e1tica<\/h2>\n<p>Aunque la cirug\u00eda de p\u00e1rpados asi\u00e1tica generalmente se considera segura, existen algunos peligros inherentes asociados con la t\u00e9cnica, como:<\/p>\n<ul>\n<li>Sangrado y hematomas<\/li>\n<li>Infecci\u00f3n<\/li>\n<li>Hinchaz\u00f3n y molestias<\/li>\n<li>Entumecimiento temporal o cambios en la sensaci\u00f3n<\/li>\n<li>Asimetr\u00eda<\/li>\n<\/ul>\n<p>El cirujano pl\u00e1stico certificado Dr. Azouz utiliza t\u00e9cnicas meticulosas para minimizar los riesgos y monitorea cuidadosamente a los pacientes despu\u00e9s de la cirug\u00eda para obtener los resultados naturales m\u00e1s \u00f3ptimos.<\/p>\n<h2>Recuperaci\u00f3n de la Cirug\u00eda de P\u00e1rpados Asi\u00e1tica<\/h2>\n<p>Los tiempos de recuperaci\u00f3n de la cirug\u00eda de p\u00e1rpados asi\u00e1tica var\u00edan de un paciente a otro, pero generalmente incluyen:<\/p>\n<ul>\n<li>Hinchaz\u00f3n y moretones que disminuyen gradualmente durante varias semanas<\/li>\n<li>Incomodidad temporal o sensaci\u00f3n de tensi\u00f3n alrededor de los ojos<\/li>\n<\/ul>\n<p>Se deben evitar levantar objetos pesados y realizar ejercicio vigoroso durante unas semanas. La mayor\u00eda de los pacientes pueden reanudar sus actividades regulares en 1-2 semanas despu\u00e9s de la cirug\u00eda de p\u00e1rpados. El Dr. Azouz, cirujano pl\u00e1stico en Dallas, proporcionar\u00e1 recomendaciones personalizadas despu\u00e9s de la cirug\u00eda mientras monitorea su progreso.<\/p>\n<h2>Antes y Despu\u00e9s de la Cirug\u00eda de P\u00e1rpados<\/h2>\n<p><img loading=\"lazy\" decoding=\"async\" src=\"https:\/\/www.drazouz.com\/wp-content\/uploads\/2024\/05\/Asian-eyelid-before-1.jpg\" alt=\"antes y despu\u00e9s de la cirug\u00eda de p\u00e1rpados por el Dr. Solomon Azouz en Dallas\" width=\"800\" height=\"367\" class=\"aligncenter size-full\" \/> <\/p>\n<p><img loading=\"lazy\" decoding=\"async\" src=\"https:\/\/www.drazouz.com\/wp-content\/uploads\/2024\/05\/Asian-eyelid-after-1.jpg\" alt=\"antes y despu\u00e9s de la cirug\u00eda de p\u00e1rpados por el Dr. Solomon Azouz en Dallas\" width=\"800\" height=\"361\" class=\"aligncenter size-full\" \/> <\/p>\n<p><img loading=\"lazy\" decoding=\"async\" src=\"https:\/\/www.drazouz.com\/wp-content\/uploads\/2024\/05\/Asian-eyelid-before-2.jpg\" alt=\"antes y despu\u00e9s de la cirug\u00eda de p\u00e1rpados por el Dr. Solomon Azouz en Dallas\" width=\"800\" height=\"406\" class=\"aligncenter size-full\" \/> <\/p>\n<p><img loading=\"lazy\" decoding=\"async\" src=\"https:\/\/www.drazouz.com\/wp-content\/uploads\/2024\/05\/Asian-eyelid-after-2.jpg\" alt=\"antes y despu\u00e9s de la cirug\u00eda de p\u00e1rpados por el Dr. Solomon Azouz en Dallas\" width=\"800\" height=\"360\" class=\"aligncenter size-full\" \/><\/p>\n<h2>Combinaci\u00f3n de la Cirug\u00eda de P\u00e1rpados Asi\u00e1tica con Otras Cirug\u00edas Pl\u00e1sticas<\/h2>\n<p>La combinaci\u00f3n de la cirug\u00eda de p\u00e1rpados asi\u00e1tica con un <a href=\"https:\/\/www.drazouz.com\/es\/brow-lift-forehead-lift\/\">lifting de cejas<\/a> proporciona resultados m\u00e1s juveniles y despiertos manteniendo una apariencia natural. Con el paso del tiempo, la piel cae sobre las cejas debido a que los m\u00fasculos de la frente se relajan con la edad. Esta presi\u00f3n hacia abajo puede hacer que tus p\u00e1rpados parezcan pesados o ca\u00eddos y crear l\u00edneas horizontales en tu frente. Levantar las cejas elimina las arrugas y reposiciona ligeramente las cejas m\u00e1s arriba. Dado que se rejuvenece toda la parte superior de la <a href=\"https:\/\/www.drazouz.com\/es\/face\/\">cara<\/a>, los dos tratamientos funcionan mejor cuando se realizan simult\u00e1neamente.<\/p>\n<h2>Costo de la Cirug\u00eda de P\u00e1rpados Asi\u00e1tica<\/h2>\n<p>Numerosos factores, incluyendo la duraci\u00f3n del procedimiento, los honorarios del anestesi\u00f3logo y del cirujano, y los gastos de la instalaci\u00f3n, afectan cu\u00e1nto cuesta la cirug\u00eda de p\u00e1rpados asi\u00e1tica. El Dr. Azouz proporcionar\u00e1 un estimado de costo y revisar\u00e1 las <a href=\"https:\/\/www.drazouz.com\/es\/fees-insurance\/\">opciones de pago<\/a> despu\u00e9s de una consulta.<\/p>\n<div class=\"row\">\n<div class=\"col-md-7 col-lg-8 mb-3\">\n<h3>Programa tu consulta con el Dr. Azouz<\/h3>\n<p>        Si est\u00e1s interesado en la cirug\u00eda de p\u00e1rpados asi\u00e1tica y deseas mejorar el pliegue del p\u00e1rpado superior para lograr una apariencia m\u00e1s definida y abierta, cont\u00e1ctanos en l\u00ednea o ll\u00e1manos al <a href=\"tel:9727028888\" class=\"phone_anchor \" aria-label=\"ll\u00e1manos (972) 702-8888\">(972) 702-8888<\/a> para programar tu consulta con el cirujano pl\u00e1stico certificado, Dr. Azouz. El Dr. Azouz ofrece consultas presenciales y virtuales.\n    <\/p><\/div>\n<div class=\"col-md-5 col-lg-4\"><\/div>\n<\/div>\n<h3>Preguntas Frecuentes<\/h3>\n<dl id=\"faq-1\" class=\"flc-faq\"><\/dl>\n","protected":false},"excerpt":{"rendered":"<p>Los asi\u00e1ticos a menudo tienen p\u00e1rpados monolides, donde el p\u00e1rpado superior carece de un pliegue. Debido a<br \/><a href=\"https:\/\/www.drazouz.com\/es\/blog\/resolver-y-prevenir-problemas-con-bolsas-en-los-ojos\/\" class=\"btn btn-blue mt-3\">Sigue leyendo<\/a><\/p>\n","protected":false},"author":1,"featured_media":13539,"parent":8574,"menu_order":0,"comment_status":"closed","ping_status":"closed","template":"","meta":{"_acf_changed":false,"footnotes":""},"class_list":["post-8567","page","type-page","status-publish","has-post-thumbnail"],"acf":[],"yoast_head":"<!-- This site is optimized with the Yoast SEO plugin v27.4 - https:\/\/yoast.com\/product\/yoast-seo-wordpress\/ -->\n<title>Cirug\u00eda de P\u00e1rpados Asi\u00e1ticos | Azouz Cirug\u00eda Pl\u00e1stica y Est\u00e9tica<\/title>\n<meta name=\"robots\" content=\"index, follow, max-snippet:-1, max-image-preview:large, max-video-preview:-1\" \/>\n<link rel=\"canonical\" href=\"https:\/\/www.drazouz.com\/es\/cirugia-de-parpados-asiaticos\/\" \/>\n<meta property=\"og:locale\" content=\"es_ES\" \/>\n<meta property=\"og:type\" content=\"article\" \/>\n<meta property=\"og:title\" content=\"Cirug\u00eda de P\u00e1rpados Asi\u00e1ticos | Azouz Cirug\u00eda Pl\u00e1stica y Est\u00e9tica\" \/>\n<meta property=\"og:description\" content=\"Los asi\u00e1ticos a menudo tienen p\u00e1rpados monolides, donde el p\u00e1rpado superior carece de un pliegue. Debido aSigue leyendo\" \/>\n<meta property=\"og:url\" content=\"https:\/\/www.drazouz.com\/es\/cirugia-de-parpados-asiaticos\/\" \/>\n<meta property=\"og:site_name\" content=\"Azouz Cirug\u00eda Pl\u00e1stica y Est\u00e9tica\" \/>\n<meta property=\"article:modified_time\" content=\"2024-05-28T10:17:58+00:00\" \/>\n<meta property=\"og:image\" content=\"https:\/\/www.drazouz.com\/wp-content\/uploads\/2023\/07\/header-blog-15-1.jpg\" \/><meta property=\"og:image\" content=\"https:\/\/www.drazouz.com\/wp-content\/uploads\/2024\/03\/header-image032506-1.jpeg\" \/>\n\t<meta property=\"og:image:width\" content=\"1918\" \/>\n\t<meta property=\"og:image:height\" content=\"815\" \/>\n\t<meta property=\"og:image:type\" content=\"image\/jpeg\" \/>\n<meta name=\"twitter:card\" content=\"summary_large_image\" \/>\n<meta name=\"twitter:image\" content=\"https:\/\/www.drazouz.com\/wp-content\/uploads\/2023\/07\/header-blog-15-1.jpg\" \/>\n<meta name=\"twitter:label1\" content=\"Tiempo de lectura\" \/>\n\t<meta name=\"twitter:data1\" content=\"5 minutos\" \/>\n<!-- \/ Yoast SEO plugin. -->","yoast_head_json":{"title":"Cirug\u00eda de P\u00e1rpados Asi\u00e1ticos | Azouz Cirug\u00eda Pl\u00e1stica y Est\u00e9tica","robots":{"index":"index","follow":"follow","max-snippet":"max-snippet:-1","max-image-preview":"max-image-preview:large","max-video-preview":"max-video-preview:-1"},"canonical":"https:\/\/www.drazouz.com\/es\/cirugia-de-parpados-asiaticos\/","og_locale":"es_ES","og_type":"article","og_title":"Cirug\u00eda de P\u00e1rpados Asi\u00e1ticos | Azouz Cirug\u00eda Pl\u00e1stica y Est\u00e9tica","og_description":"Los asi\u00e1ticos a menudo tienen p\u00e1rpados monolides, donde el p\u00e1rpado superior carece de un pliegue. Debido aSigue leyendo","og_url":"https:\/\/www.drazouz.com\/es\/cirugia-de-parpados-asiaticos\/","og_site_name":"Azouz Cirug\u00eda Pl\u00e1stica y Est\u00e9tica","article_modified_time":"2024-05-28T10:17:58+00:00","og_image":[{"url":"https:\/\/www.drazouz.com\/wp-content\/uploads\/2023\/07\/header-blog-15-1.jpg","type":"","width":"","height":""},{"width":1918,"height":815,"url":"https:\/\/www.drazouz.com\/wp-content\/uploads\/2024\/03\/header-image032506-1.jpeg","type":"image\/jpeg"}],"twitter_card":"summary_large_image","twitter_image":"https:\/\/www.drazouz.com\/wp-content\/uploads\/2023\/07\/header-blog-15-1.jpg","twitter_misc":{"Tiempo de lectura":"5 minutos"},"schema":{"@context":"https:\/\/schema.org","@graph":[{"@type":"WebPage","@id":"https:\/\/www.drazouz.com\/es\/cirugia-de-parpados-asiaticos\/","url":"https:\/\/www.drazouz.com\/es\/cirugia-de-parpados-asiaticos\/","name":"Cirug\u00eda de P\u00e1rpados Asi\u00e1ticos | Azouz Cirug\u00eda Pl\u00e1stica y Est\u00e9tica","isPartOf":{"@id":"https:\/\/www.drazouz.com\/es\/#website"},"primaryImageOfPage":{"@id":"https:\/\/www.drazouz.com\/es\/cirugia-de-parpados-asiaticos\/#primaryimage"},"image":{"@id":"https:\/\/www.drazouz.com\/es\/cirugia-de-parpados-asiaticos\/#primaryimage"},"thumbnailUrl":"https:\/\/www.drazouz.com\/wp-content\/uploads\/2024\/03\/header-image032506-1.jpeg","datePublished":"2022-07-22T14:18:39+00:00","dateModified":"2024-05-28T10:17:58+00:00","breadcrumb":{"@id":"https:\/\/www.drazouz.com\/es\/cirugia-de-parpados-asiaticos\/#breadcrumb"},"inLanguage":"es","potentialAction":[{"@type":"ReadAction","target":["https:\/\/www.drazouz.com\/es\/cirugia-de-parpados-asiaticos\/"]}]},{"@type":"ImageObject","inLanguage":"es","@id":"https:\/\/www.drazouz.com\/es\/cirugia-de-parpados-asiaticos\/#primaryimage","url":"https:\/\/www.drazouz.com\/wp-content\/uploads\/2024\/03\/header-image032506-1.jpeg","contentUrl":"https:\/\/www.drazouz.com\/wp-content\/uploads\/2024\/03\/header-image032506-1.jpeg","width":1918,"height":815,"caption":"asian blepharoplasty"},{"@type":"BreadcrumbList","@id":"https:\/\/www.drazouz.com\/es\/cirugia-de-parpados-asiaticos\/#breadcrumb","itemListElement":[{"@type":"ListItem","position":1,"name":"Home","item":"https:\/\/www.drazouz.com\/es\/"},{"@type":"ListItem","position":2,"name":"Procedimientos","item":"https:\/\/www.drazouz.com\/es\/procedimientos\/"},{"@type":"ListItem","position":3,"name":"Ojos y Cejas","item":"https:\/\/www.drazouz.com\/es\/ojos-y-cejas\/"},{"@type":"ListItem","position":4,"name":"Cirug\u00eda de P\u00e1rpados Asi\u00e1ticos"}]},{"@type":"WebSite","@id":"https:\/\/www.drazouz.com\/es\/#website","url":"https:\/\/www.drazouz.com\/es\/","name":"Azouz Cirug\u00eda Pl\u00e1stica y Est\u00e9tica","description":"","potentialAction":[{"@type":"SearchAction","target":{"@type":"EntryPoint","urlTemplate":"https:\/\/www.drazouz.com\/es\/?s={search_term_string}"},"query-input":{"@type":"PropertyValueSpecification","valueRequired":true,"valueName":"search_term_string"}}],"inLanguage":"es"}]}},"_links":{"self":[{"href":"https:\/\/www.drazouz.com\/es\/wp-json\/wp\/v2\/pages\/8567","targetHints":{"allow":["GET"]}}],"collection":[{"href":"https:\/\/www.drazouz.com\/es\/wp-json\/wp\/v2\/pages"}],"about":[{"href":"https:\/\/www.drazouz.com\/es\/wp-json\/wp\/v2\/types\/page"}],"author":[{"embeddable":true,"href":"https:\/\/www.drazouz.com\/es\/wp-json\/wp\/v2\/users\/1"}],"replies":[{"embeddable":true,"href":"https:\/\/www.drazouz.com\/es\/wp-json\/wp\/v2\/comments?post=8567"}],"version-history":[{"count":17,"href":"https:\/\/www.drazouz.com\/es\/wp-json\/wp\/v2\/pages\/8567\/revisions"}],"predecessor-version":[{"id":14273,"href":"https:\/\/www.drazouz.com\/es\/wp-json\/wp\/v2\/pages\/8567\/revisions\/14273"}],"up":[{"embeddable":true,"href":"https:\/\/www.drazouz.com\/es\/wp-json\/wp\/v2\/pages\/8574"}],"wp:featuredmedia":[{"embeddable":true,"href":"https:\/\/www.drazouz.com\/es\/wp-json\/wp\/v2\/media\/13539"}],"wp:attachment":[{"href":"https:\/\/www.drazouz.com\/es\/wp-json\/wp\/v2\/media?parent=8567"}],"curies":[{"name":"wp","href":"https:\/\/api.w.org\/{rel}","templated":true}]}}