{"id":8501,"date":"2022-07-26T18:38:31","date_gmt":"2022-07-26T23:38:31","guid":{"rendered":"https:\/\/www.drazouz.com\/?page_id=8501"},"modified":"2023-12-11T16:02:08","modified_gmt":"2023-12-11T21:02:08","slug":"reparacion-de-diastasis-recti","status":"publish","type":"page","link":"https:\/\/www.drazouz.com\/es\/reparacion-de-diastasis-recti\/","title":{"rendered":"Reparaci\u00f3n de Di\u00e1stasis Recti"},"content":{"rendered":"<p>La di\u00e1stasis recti ocurre cuando los m\u00fasculos abdominales a ambos lados del ombligo se separan, dejando un espacio entre los m\u00fasculos. Es m\u00e1s com\u00fan en mujeres despu\u00e9s del embarazo, aunque tambi\u00e9n puede encontrarse en cualquier persona que lleve una cantidad significativa de peso en el abdomen (obesidad abdominal). La debilidad en la pared abdominal permite que los \u00f3rganos internos se deslicen hacia adelante, causando dolor de espalda y afectando la apariencia est\u00e9tica. Azouz Plastic and Cosmetic Surgery puede realizar la cirug\u00eda de reparaci\u00f3n de di\u00e1stasis recti y <a href=\"https:\/\/www.drazouz.com\/es\/body\/\">restaurar la estructura de la pared abdominal<\/a>.<\/p>\n<h2>Conceptos Err\u00f3neos Sobre la Di\u00e1stasis Recti<\/h2>\n<p>A menudo, se confunde con dep\u00f3sitos de grasa persistentes despu\u00e9s del parto, gan\u00e1ndose el nombre de \u00abbarriga de mam\u00e1\u00bb o \u00abbolsa de mam\u00e1\u00bb. Puede ser grave y hacerte lucir embarazada, incluso si diste a luz hace meses y tu cuerpo ha vuelto a su condici\u00f3n preembarazo en otros aspectos.<\/p>\n<p>Aunque el ejercicio es importante para un estilo de vida saludable, la reparaci\u00f3n de la di\u00e1stasis recti no es tan simple como el ejercicio o la fisioterapia. La fisioterapia adecuadamente supervisada puede fortalecer los m\u00fasculos no da\u00f1ados, pero no puede reunir los m\u00fasculos separados. La reparaci\u00f3n completa de la di\u00e1stasis recti requiere intervenci\u00f3n quir\u00fargica. Si el problema no se aborda, puede provocar problemas posturales, el desarrollo de hernias y afectar los m\u00fasculos del suelo p\u00e9lvico.<\/p>\n<h3>Especialista en Reparaci\u00f3n de Di\u00e1stasis Recti<\/h3>\n<p>El Dr. Azouz de Azouz Plastic and Cosmetic Surgery puede resolver la di\u00e1stasis recti mediante t\u00e9cnicas quir\u00fargicas para reposicionar y reforzar los m\u00fasculos de la pared abdominal. Esto elimina la separaci\u00f3n muscular y restaura la apariencia abdominal. El alcance de la reparaci\u00f3n variar\u00e1 de un paciente a otro y se explicar\u00e1 en su plan de tratamiento \u00fanico. Durante su consulta, tendr\u00e1 la oportunidad de hacer preguntas y explorar sus opciones para lograr tanto la reparaci\u00f3n funcional como sus objetivos est\u00e9ticos.<\/p>\n<p><span>La cirug\u00eda de reparaci\u00f3n de di\u00e1stasis recti no se realiza hasta que tu cuerpo tiene entre seis y nueve meses despu\u00e9s del parto. Esto garantiza una curaci\u00f3n f\u00edsica completa y estabilidad hormonal, factores importantes para una reparaci\u00f3n quir\u00fargica y una recuperaci\u00f3n exitosas. Esta cirug\u00eda limitar\u00e1 la cantidad de actividad extenuante que puedes realizar durante varios meses, lo que puede afectar el momento de la cirug\u00eda si tienes hijos peque\u00f1os. <\/span><a href=\"https:\/\/www.drazouz.com\/es\/contact\/\">Agenda una consulta hoy<\/a><span> con Azouz Plastic and Cosmetic Surgery para discutir el mejor momento para restaurar tu figura con la cirug\u00eda de reparaci\u00f3n de di\u00e1stasis recti.<\/span><\/p>\n","protected":false},"excerpt":{"rendered":"<p>La di\u00e1stasis recti ocurre cuando los m\u00fasculos abdominales a ambos lados del ombligo se separan, dejando un<br \/><a href=\"https:\/\/www.drazouz.com\/es\/reparacion-de-diastasis-recti\/\" class=\"btn btn-blue mt-3\">Sigue leyendo<\/a><\/p>\n","protected":false},"author":1,"featured_media":12166,"parent":3798,"menu_order":0,"comment_status":"closed","ping_status":"closed","template":"","meta":{"_acf_changed":false,"footnotes":""},"class_list":["post-8501","page","type-page","status-publish","has-post-thumbnail"],"acf":[],"yoast_head":"<!-- This site is optimized with the Yoast SEO plugin v27.4 - https:\/\/yoast.com\/product\/yoast-seo-wordpress\/ -->\n<title>Reparaci\u00f3n de Di\u00e1stasis Recti | Azouz Cirug\u00eda Pl\u00e1stica y Est\u00e9tica<\/title>\n<meta name=\"robots\" content=\"index, follow, max-snippet:-1, max-image-preview:large, max-video-preview:-1\" \/>\n<link rel=\"canonical\" href=\"https:\/\/www.drazouz.com\/es\/reparacion-de-diastasis-recti\/\" \/>\n<meta property=\"og:locale\" content=\"es_ES\" \/>\n<meta property=\"og:type\" content=\"article\" \/>\n<meta property=\"og:title\" content=\"Reparaci\u00f3n de Di\u00e1stasis Recti | Azouz Cirug\u00eda Pl\u00e1stica y Est\u00e9tica\" \/>\n<meta property=\"og:description\" content=\"La di\u00e1stasis recti ocurre cuando los m\u00fasculos abdominales a ambos lados del ombligo se separan, dejando unSigue leyendo\" \/>\n<meta property=\"og:url\" content=\"https:\/\/www.drazouz.com\/es\/reparacion-de-diastasis-recti\/\" \/>\n<meta property=\"og:site_name\" content=\"Azouz Cirug\u00eda Pl\u00e1stica y Est\u00e9tica\" \/>\n<meta property=\"article:modified_time\" content=\"2023-12-11T21:02:08+00:00\" \/>\n<meta property=\"og:image\" content=\"https:\/\/www.drazouz.com\/wp-content\/uploads\/2024\/02\/header-Diastasis-Recti.jpg\" \/>\n<meta name=\"twitter:card\" content=\"summary_large_image\" \/>\n<meta name=\"twitter:image\" content=\"https:\/\/www.drazouz.com\/wp-content\/uploads\/2024\/02\/header-Diastasis-Recti.jpg\" \/>\n<meta name=\"twitter:label1\" content=\"Tiempo de lectura\" \/>\n\t<meta name=\"twitter:data1\" content=\"2 minutos\" \/>\n<!-- \/ Yoast SEO plugin. -->","yoast_head_json":{"title":"Reparaci\u00f3n de Di\u00e1stasis Recti | Azouz Cirug\u00eda Pl\u00e1stica y Est\u00e9tica","robots":{"index":"index","follow":"follow","max-snippet":"max-snippet:-1","max-image-preview":"max-image-preview:large","max-video-preview":"max-video-preview:-1"},"canonical":"https:\/\/www.drazouz.com\/es\/reparacion-de-diastasis-recti\/","og_locale":"es_ES","og_type":"article","og_title":"Reparaci\u00f3n de Di\u00e1stasis Recti | Azouz Cirug\u00eda Pl\u00e1stica y Est\u00e9tica","og_description":"La di\u00e1stasis recti ocurre cuando los m\u00fasculos abdominales a ambos lados del ombligo se separan, dejando unSigue leyendo","og_url":"https:\/\/www.drazouz.com\/es\/reparacion-de-diastasis-recti\/","og_site_name":"Azouz Cirug\u00eda Pl\u00e1stica y Est\u00e9tica","article_modified_time":"2023-12-11T21:02:08+00:00","og_image":[{"url":"https:\/\/www.drazouz.com\/wp-content\/uploads\/2024\/02\/header-Diastasis-Recti.jpg","type":"","width":"","height":""}],"twitter_card":"summary_large_image","twitter_image":"https:\/\/www.drazouz.com\/wp-content\/uploads\/2024\/02\/header-Diastasis-Recti.jpg","twitter_misc":{"Tiempo de lectura":"2 minutos"},"schema":{"@context":"https:\/\/schema.org","@graph":[{"@type":"WebPage","@id":"https:\/\/www.drazouz.com\/es\/reparacion-de-diastasis-recti\/","url":"https:\/\/www.drazouz.com\/es\/reparacion-de-diastasis-recti\/","name":"Reparaci\u00f3n de Di\u00e1stasis Recti | Azouz Cirug\u00eda Pl\u00e1stica y Est\u00e9tica","isPartOf":{"@id":"https:\/\/www.drazouz.com\/es\/#website"},"primaryImageOfPage":{"@id":"https:\/\/www.drazouz.com\/es\/reparacion-de-diastasis-recti\/#primaryimage"},"image":{"@id":"https:\/\/www.drazouz.com\/es\/reparacion-de-diastasis-recti\/#primaryimage"},"thumbnailUrl":"https:\/\/www.drazouz.com\/wp-content\/uploads\/2024\/02\/header-Diastasis-Recti.jpg","datePublished":"2022-07-26T23:38:31+00:00","dateModified":"2023-12-11T21:02:08+00:00","breadcrumb":{"@id":"https:\/\/www.drazouz.com\/es\/reparacion-de-diastasis-recti\/#breadcrumb"},"inLanguage":"es","potentialAction":[{"@type":"ReadAction","target":["https:\/\/www.drazouz.com\/es\/reparacion-de-diastasis-recti\/"]}]},{"@type":"ImageObject","inLanguage":"es","@id":"https:\/\/www.drazouz.com\/es\/reparacion-de-diastasis-recti\/#primaryimage","url":"https:\/\/www.drazouz.com\/wp-content\/uploads\/2024\/02\/header-Diastasis-Recti.jpg","contentUrl":"https:\/\/www.drazouz.com\/wp-content\/uploads\/2024\/02\/header-Diastasis-Recti.jpg","width":1920,"height":820,"caption":"Diastasis Recti on top view black table and Healthcare"},{"@type":"BreadcrumbList","@id":"https:\/\/www.drazouz.com\/es\/reparacion-de-diastasis-recti\/#breadcrumb","itemListElement":[{"@type":"ListItem","position":1,"name":"Home","item":"https:\/\/www.drazouz.com\/es\/"},{"@type":"ListItem","position":2,"name":"Procedimientos","item":"https:\/\/www.drazouz.com\/es\/procedimientos\/"},{"@type":"ListItem","position":3,"name":"Cuerpo","item":"https:\/\/www.drazouz.com\/es\/body\/"},{"@type":"ListItem","position":4,"name":"Reparaci\u00f3n de Di\u00e1stasis Recti"}]},{"@type":"WebSite","@id":"https:\/\/www.drazouz.com\/es\/#website","url":"https:\/\/www.drazouz.com\/es\/","name":"Azouz Cirug\u00eda Pl\u00e1stica y Est\u00e9tica","description":"","potentialAction":[{"@type":"SearchAction","target":{"@type":"EntryPoint","urlTemplate":"https:\/\/www.drazouz.com\/es\/?s={search_term_string}"},"query-input":{"@type":"PropertyValueSpecification","valueRequired":true,"valueName":"search_term_string"}}],"inLanguage":"es"}]}},"_links":{"self":[{"href":"https:\/\/www.drazouz.com\/es\/wp-json\/wp\/v2\/pages\/8501","targetHints":{"allow":["GET"]}}],"collection":[{"href":"https:\/\/www.drazouz.com\/es\/wp-json\/wp\/v2\/pages"}],"about":[{"href":"https:\/\/www.drazouz.com\/es\/wp-json\/wp\/v2\/types\/page"}],"author":[{"embeddable":true,"href":"https:\/\/www.drazouz.com\/es\/wp-json\/wp\/v2\/users\/1"}],"replies":[{"embeddable":true,"href":"https:\/\/www.drazouz.com\/es\/wp-json\/wp\/v2\/comments?post=8501"}],"version-history":[{"count":1,"href":"https:\/\/www.drazouz.com\/es\/wp-json\/wp\/v2\/pages\/8501\/revisions"}],"predecessor-version":[{"id":8502,"href":"https:\/\/www.drazouz.com\/es\/wp-json\/wp\/v2\/pages\/8501\/revisions\/8502"}],"up":[{"embeddable":true,"href":"https:\/\/www.drazouz.com\/es\/wp-json\/wp\/v2\/pages\/3798"}],"wp:featuredmedia":[{"embeddable":true,"href":"https:\/\/www.drazouz.com\/es\/wp-json\/wp\/v2\/media\/12166"}],"wp:attachment":[{"href":"https:\/\/www.drazouz.com\/es\/wp-json\/wp\/v2\/media?parent=8501"}],"curies":[{"name":"wp","href":"https:\/\/api.w.org\/{rel}","templated":true}]}}