{"id":8429,"date":"2023-09-29T14:55:41","date_gmt":"2023-09-29T19:55:41","guid":{"rendered":"https:\/\/www.drazouz.com\/?page_id=8429"},"modified":"2024-03-05T03:12:19","modified_gmt":"2024-03-05T08:12:19","slug":"restauracion-capilar-no-quirurgica","status":"publish","type":"page","link":"https:\/\/www.drazouz.com\/es\/restauracion-capilar-no-quirurgica\/","title":{"rendered":"Restauraci\u00f3n Capilar No Quir\u00fargica"},"content":{"rendered":"<p>La p\u00e9rdida de cabello puede afectar significativamente la autoestima de una persona, su confianza general e incluso la forma en que interact\u00faa con el mundo. Mientras que las intervenciones quir\u00fargicas suelen asociarse con la <a href=\"https:\/\/www.drazouz.com\/es\/trasplante-capilar-restauracion-capilar\/\">restauraci\u00f3n capilar<\/a>, no todos los pacientes requieren tales procedimientos ni desean someterse a ellos. En Azouz Plastic and Cosmetic Surgery en Dallas, los renombrados cirujanos pl\u00e1sticos Dr. David Azouz y Dr. Solomon Azouz se enorgullecen de ofrecer soluciones de restauraci\u00f3n capilar no quir\u00fargicas para abordar las preocupaciones de aquellos que experimentan adelgazamiento o p\u00e9rdida de cabello.<\/p>\n<h2>\u00bfPor qu\u00e9 considerar tratar la p\u00e9rdida de cabello sin cirug\u00eda?<\/h2>\n<p>Para muchos individuos, la mera idea de la cirug\u00eda puede resultar intimidante. La restauraci\u00f3n capilar no quir\u00fargica proporciona una alternativa menos invasiva que conlleva menos riesgos y requiere un tiempo de inactividad m\u00ednimo o nulo. Este enfoque puede ser especialmente atractivo para aquellos en las primeras etapas de la p\u00e9rdida de cabello o para aquellos que buscan mayor densidad sin someterse a un procedimiento quir\u00fargico. Aqu\u00ed hay algunos beneficios:<\/p>\n<ul>\n<li><strong>Tiempo de Inactividad M\u00ednimo:<\/strong> A diferencia de las intervenciones quir\u00fargicas, las opciones no quir\u00fargicas generalmente permiten a los pacientes reanudar sus actividades regulares casi de inmediato.<\/li>\n<li><strong>Resultados con Aspecto Natural:<\/strong> Los tratamientos no quir\u00fargicos a menudo brindan resultados que se mezclan perfectamente con el cabello existente, proporcionando una apariencia m\u00e1s org\u00e1nica y natural.<\/li>\n<li><strong>Seguridad:<\/strong> Con cualquier procedimiento quir\u00fargico, hay un riesgo de complicaciones. Los m\u00e9todos no quir\u00fargicos suelen tener menos efectos secundarios y perfiles de riesgo m\u00e1s bajos.<\/li>\n<\/ul>\n<h2>\u00bfQui\u00e9n es un Buen Candidato para la Restauraci\u00f3n Capilar No Quir\u00fargica?<\/h2>\n<p>Aunque la restauraci\u00f3n capilar no quir\u00fargica puede brindar resultados excepcionales para muchas personas, es crucial determinar si eres un candidato ideal. La mejor manera de determinarlo es a trav\u00e9s de una consulta detallada con el Dr. David Azouz o el Dr. Solomon Azouz. Sin embargo, en general, los candidatos ideales son:<\/p>\n<ul>\n<li>Aquellos que est\u00e1n experimentando las primeras etapas de la p\u00e9rdida de cabello.<\/li>\n<li>Individuos que desean aumentar la densidad del cabello pero no est\u00e1n listos para una intervenci\u00f3n quir\u00fargica.<\/li>\n<li>Aquellos que han tenido una restauraci\u00f3n capilar quir\u00fargica pero desean una mejora adicional.<\/li>\n<\/ul>\n<p>La experiencia de cada individuo con la p\u00e9rdida de cabello es \u00fanica. Por lo tanto, el enfoque para el tratamiento debe personalizarse seg\u00fan las necesidades espec\u00edficas y los resultados deseados de cada paciente. El Dr. David Azouz y el Dr. Solomon Azouz se enorgullecen de ofrecer tratamientos personalizados de restauraci\u00f3n capilar no quir\u00fargica. Su amplio conocimiento y experiencia en el campo aseguran que los pacientes reciban la mejor atenci\u00f3n posible.<\/p>\n<p>Los pacientes pueden esperar una consulta exhaustiva, durante la cual los m\u00e9dicos evaluar\u00e1n la causa y el alcance de la p\u00e9rdida de cabello, discutir\u00e1n los objetivos del paciente y recomendar\u00e1n las opciones de tratamiento no quir\u00fargico m\u00e1s apropiadas.<\/p>\n<h2>Obt\u00e9n M\u00e1s Informaci\u00f3n Sobre Nuestras Opciones No Quir\u00fargicas para la Reposici\u00f3n Capilar<\/h2>\n<p>Si la p\u00e9rdida de cabello o el adelgazamiento han afectado tu confianza, debes saber que no est\u00e1s solo. Adem\u00e1s, debes saber que la intervenci\u00f3n quir\u00fargica no es la \u00fanica v\u00eda para recuperar un cabello m\u00e1s completo y denso. La restauraci\u00f3n capilar no quir\u00fargica ofrece una soluci\u00f3n prometedora y menos invasiva.<\/p>\n<p>En Azouz Plastic and Cosmetic Surgery, el Dr. David Azouz y el Dr. Solomon Azouz est\u00e1n comprometidos a ayudarte a lograr el aspecto deseado y a restaurar tu confianza. Al combinar t\u00e9cnicas de vanguardia con una profunda comprensi\u00f3n de las necesidades individuales de los pacientes, aseguran el m\u00e1s alto nivel de satisfacci\u00f3n. Emprende tu viaje de restauraci\u00f3n capilar con nosotros en Dallas y descubre la diferencia que puede hacer el cuidado experto.<\/p>\n<p>Para obtener m\u00e1s informaci\u00f3n sobre nuestros servicios espec\u00edficos de restauraci\u00f3n capilar no quir\u00fargica o para <a href=\"https:\/\/www.drazouz.com\/es\/contact\/\">programar una consulta<\/a>, comun\u00edcate con Azouz Plastic and Cosmetic Surgery.<\/p>\n","protected":false},"excerpt":{"rendered":"<p>La p\u00e9rdida de cabello puede afectar significativamente la autoestima de una persona, su confianza general e incluso<br \/><a href=\"https:\/\/www.drazouz.com\/es\/restauracion-capilar-no-quirurgica\/\" class=\"btn btn-blue mt-3\">Sigue leyendo<\/a><\/p>\n","protected":false},"author":1,"featured_media":11371,"parent":8382,"menu_order":0,"comment_status":"closed","ping_status":"closed","template":"","meta":{"_acf_changed":false,"footnotes":""},"class_list":["post-8429","page","type-page","status-publish","has-post-thumbnail"],"acf":[],"yoast_head":"<!-- This site is optimized with the Yoast SEO plugin v27.4 - https:\/\/yoast.com\/product\/yoast-seo-wordpress\/ -->\n<title>Restauraci\u00f3n Capilar No Quir\u00fargica | Azouz Cirug\u00eda Pl\u00e1stica y Est\u00e9tica<\/title>\n<meta name=\"robots\" content=\"index, follow, max-snippet:-1, max-image-preview:large, max-video-preview:-1\" \/>\n<link rel=\"canonical\" href=\"https:\/\/www.drazouz.com\/es\/restauracion-capilar-no-quirurgica\/\" \/>\n<meta property=\"og:locale\" content=\"es_ES\" \/>\n<meta property=\"og:type\" content=\"article\" \/>\n<meta property=\"og:title\" content=\"Restauraci\u00f3n Capilar No Quir\u00fargica | Azouz Cirug\u00eda Pl\u00e1stica y Est\u00e9tica\" \/>\n<meta property=\"og:description\" content=\"La p\u00e9rdida de cabello puede afectar significativamente la autoestima de una persona, su confianza general e inclusoSigue leyendo\" \/>\n<meta property=\"og:url\" content=\"https:\/\/www.drazouz.com\/es\/restauracion-capilar-no-quirurgica\/\" \/>\n<meta property=\"og:site_name\" content=\"Azouz Cirug\u00eda Pl\u00e1stica y Est\u00e9tica\" \/>\n<meta property=\"article:modified_time\" content=\"2024-03-05T08:12:19+00:00\" \/>\n<meta property=\"og:image\" content=\"https:\/\/www.drazouz.com\/wp-content\/uploads\/2024\/01\/bigstock-Closeup-View-Of-Man-Before-And-417143878.jpg\" \/>\n<meta name=\"twitter:card\" content=\"summary_large_image\" \/>\n<meta name=\"twitter:image\" content=\"https:\/\/www.drazouz.com\/wp-content\/uploads\/2024\/01\/bigstock-Closeup-View-Of-Man-Before-And-417143878.jpg\" \/>\n<meta name=\"twitter:label1\" content=\"Tiempo de lectura\" \/>\n\t<meta name=\"twitter:data1\" content=\"3 minutos\" \/>\n<!-- \/ Yoast SEO plugin. -->","yoast_head_json":{"title":"Restauraci\u00f3n Capilar No Quir\u00fargica | Azouz Cirug\u00eda Pl\u00e1stica y Est\u00e9tica","robots":{"index":"index","follow":"follow","max-snippet":"max-snippet:-1","max-image-preview":"max-image-preview:large","max-video-preview":"max-video-preview:-1"},"canonical":"https:\/\/www.drazouz.com\/es\/restauracion-capilar-no-quirurgica\/","og_locale":"es_ES","og_type":"article","og_title":"Restauraci\u00f3n Capilar No Quir\u00fargica | Azouz Cirug\u00eda Pl\u00e1stica y Est\u00e9tica","og_description":"La p\u00e9rdida de cabello puede afectar significativamente la autoestima de una persona, su confianza general e inclusoSigue leyendo","og_url":"https:\/\/www.drazouz.com\/es\/restauracion-capilar-no-quirurgica\/","og_site_name":"Azouz Cirug\u00eda Pl\u00e1stica y Est\u00e9tica","article_modified_time":"2024-03-05T08:12:19+00:00","og_image":[{"url":"https:\/\/www.drazouz.com\/wp-content\/uploads\/2024\/01\/bigstock-Closeup-View-Of-Man-Before-And-417143878.jpg","type":"","width":"","height":""}],"twitter_card":"summary_large_image","twitter_image":"https:\/\/www.drazouz.com\/wp-content\/uploads\/2024\/01\/bigstock-Closeup-View-Of-Man-Before-And-417143878.jpg","twitter_misc":{"Tiempo de lectura":"3 minutos"},"schema":{"@context":"https:\/\/schema.org","@graph":[{"@type":"WebPage","@id":"https:\/\/www.drazouz.com\/es\/restauracion-capilar-no-quirurgica\/","url":"https:\/\/www.drazouz.com\/es\/restauracion-capilar-no-quirurgica\/","name":"Restauraci\u00f3n Capilar No Quir\u00fargica | Azouz Cirug\u00eda Pl\u00e1stica y Est\u00e9tica","isPartOf":{"@id":"https:\/\/www.drazouz.com\/es\/#website"},"primaryImageOfPage":{"@id":"https:\/\/www.drazouz.com\/es\/restauracion-capilar-no-quirurgica\/#primaryimage"},"image":{"@id":"https:\/\/www.drazouz.com\/es\/restauracion-capilar-no-quirurgica\/#primaryimage"},"thumbnailUrl":"https:\/\/www.drazouz.com\/wp-content\/uploads\/2024\/01\/bigstock-Closeup-View-Of-Man-Before-And-417143878.jpg","datePublished":"2023-09-29T19:55:41+00:00","dateModified":"2024-03-05T08:12:19+00:00","breadcrumb":{"@id":"https:\/\/www.drazouz.com\/es\/restauracion-capilar-no-quirurgica\/#breadcrumb"},"inLanguage":"es","potentialAction":[{"@type":"ReadAction","target":["https:\/\/www.drazouz.com\/es\/restauracion-capilar-no-quirurgica\/"]}]},{"@type":"ImageObject","inLanguage":"es","@id":"https:\/\/www.drazouz.com\/es\/restauracion-capilar-no-quirurgica\/#primaryimage","url":"https:\/\/www.drazouz.com\/wp-content\/uploads\/2024\/01\/bigstock-Closeup-View-Of-Man-Before-And-417143878.jpg","contentUrl":"https:\/\/www.drazouz.com\/wp-content\/uploads\/2024\/01\/bigstock-Closeup-View-Of-Man-Before-And-417143878.jpg","width":1918,"height":764,"caption":"man's head before and after"},{"@type":"BreadcrumbList","@id":"https:\/\/www.drazouz.com\/es\/restauracion-capilar-no-quirurgica\/#breadcrumb","itemListElement":[{"@type":"ListItem","position":1,"name":"Home","item":"https:\/\/www.drazouz.com\/es\/"},{"@type":"ListItem","position":2,"name":"Procedimientos","item":"https:\/\/www.drazouz.com\/es\/procedimientos\/"},{"@type":"ListItem","position":3,"name":"Trasplante Capilar","item":"https:\/\/www.drazouz.com\/es\/trasplante-capilar-restauracion-capilar\/"},{"@type":"ListItem","position":4,"name":"Restauraci\u00f3n Capilar No Quir\u00fargica"}]},{"@type":"WebSite","@id":"https:\/\/www.drazouz.com\/es\/#website","url":"https:\/\/www.drazouz.com\/es\/","name":"Azouz Cirug\u00eda Pl\u00e1stica y Est\u00e9tica","description":"","potentialAction":[{"@type":"SearchAction","target":{"@type":"EntryPoint","urlTemplate":"https:\/\/www.drazouz.com\/es\/?s={search_term_string}"},"query-input":{"@type":"PropertyValueSpecification","valueRequired":true,"valueName":"search_term_string"}}],"inLanguage":"es"}]}},"_links":{"self":[{"href":"https:\/\/www.drazouz.com\/es\/wp-json\/wp\/v2\/pages\/8429","targetHints":{"allow":["GET"]}}],"collection":[{"href":"https:\/\/www.drazouz.com\/es\/wp-json\/wp\/v2\/pages"}],"about":[{"href":"https:\/\/www.drazouz.com\/es\/wp-json\/wp\/v2\/types\/page"}],"author":[{"embeddable":true,"href":"https:\/\/www.drazouz.com\/es\/wp-json\/wp\/v2\/users\/1"}],"replies":[{"embeddable":true,"href":"https:\/\/www.drazouz.com\/es\/wp-json\/wp\/v2\/comments?post=8429"}],"version-history":[{"count":4,"href":"https:\/\/www.drazouz.com\/es\/wp-json\/wp\/v2\/pages\/8429\/revisions"}],"predecessor-version":[{"id":13029,"href":"https:\/\/www.drazouz.com\/es\/wp-json\/wp\/v2\/pages\/8429\/revisions\/13029"}],"up":[{"embeddable":true,"href":"https:\/\/www.drazouz.com\/es\/wp-json\/wp\/v2\/pages\/8382"}],"wp:featuredmedia":[{"embeddable":true,"href":"https:\/\/www.drazouz.com\/es\/wp-json\/wp\/v2\/media\/11371"}],"wp:attachment":[{"href":"https:\/\/www.drazouz.com\/es\/wp-json\/wp\/v2\/media?parent=8429"}],"curies":[{"name":"wp","href":"https:\/\/api.w.org\/{rel}","templated":true}]}}