{"id":8409,"date":"2023-09-29T14:48:36","date_gmt":"2023-09-29T19:48:36","guid":{"rendered":"https:\/\/www.drazouz.com\/?page_id=8409"},"modified":"2024-03-05T03:11:23","modified_gmt":"2024-03-05T08:11:23","slug":"trasplante-capilar-mediante-transferencia-de-unidades-foliculares-fut","status":"publish","type":"page","link":"https:\/\/www.drazouz.com\/es\/trasplante-capilar-mediante-transferencia-de-unidades-foliculares-fut\/","title":{"rendered":"Trasplante Capilar mediante Transferencia de Unidades Foliculares (FUT)"},"content":{"rendered":"<p>La p\u00e9rdida de cabello es una preocupaci\u00f3n que afecta a millones de personas en todo el mundo, impactando en su confianza y apariencia general. Azouz Plastic and Cosmetic Surgery, bajo la destacada gu\u00eda del Dr. David Azouz y el Dr. Solomon Azouz, ha perfeccionado el arte y la ciencia de la <a href=\"https:\/\/www.drazouz.com\/es\/trasplante-capilar-restauracion-capilar\/\">restauraci\u00f3n capilar<\/a> para ayudar a las personas a recuperar no solo su cabello, sino tambi\u00e9n su autoconfianza. Uno de los procedimientos m\u00e1s efectivos en su repertorio es el trasplante capilar mediante Transferencia de Unidades Foliculares (FUT).<\/p>\n<h2>Comprendiendo la Transferencia de Unidades Foliculares (FUT)<\/h2>\n<p>FUT es una t\u00e9cnica de trasplante capilar que implica la extracci\u00f3n de una tira de tejido de la parte posterior de la cabeza, de la cual se extraen fol\u00edculos capilares y luego se implantan en las \u00e1reas donde hay p\u00e9rdida de cabello. Este m\u00e9todo permite la trasplantaci\u00f3n de un n\u00famero significativo de fol\u00edculos capilares en una sola sesi\u00f3n, convirti\u00e9ndolo en una opci\u00f3n popular para aquellos que buscan una cobertura extensa.<\/p>\n<h2>\u00bfPor qu\u00e9 elegir FUT para la Restauraci\u00f3n Capilar?<\/h2>\n<p>El reemplazo capilar con FUT ofrece los siguientes beneficios:<\/p>\n<ul>\n<li>\n<strong>Resultados Naturales:<\/strong> FUT permite la colocaci\u00f3n precisa de fol\u00edculos capilares, asegurando que el crecimiento resultante luzca lo m\u00e1s natural posible. La experiencia del Dr. David Azouz y el Dr. Solomon Azouz garantiza a\u00fan m\u00e1s un resultado que se integra perfectamente con el patr\u00f3n existente de tu cabello.<\/li>\n<li><strong>Maximizaci\u00f3n de la Supervivencia de los Injertos:<\/strong> El m\u00e9todo FUT asegura que las unidades foliculares permanezcan sin alteraciones en sus agrupaciones naturales, promoviendo tasas de supervivencia de injertos m\u00e1s altas y un crecimiento \u00f3ptimo.<\/li>\n<li><strong>Finalizaci\u00f3n m\u00e1s R\u00e1pida:<\/strong> Dado que FUT permite la trasplantaci\u00f3n de numerosos fol\u00edculos a la vez, los pacientes a menudo necesitan menos sesiones en comparaci\u00f3n con otras t\u00e9cnicas de reemplazo capilar.<\/li>\n<\/ul>\n<h2>El Proceso FUT: Qu\u00e9 Esperar<\/h2>\n<p>En Azouz Plastic and Cosmetic Surgery, cada viaje de restauraci\u00f3n capilar comienza con una consulta integral. El Dr. David Azouz o el Dr. Solomon Azouz evaluar\u00e1n tu patr\u00f3n de p\u00e9rdida de cabello, discutir\u00e1n tus expectativas y recomendar\u00e1n el mejor enfoque adaptado a tus necesidades.<\/p>\n<p>El d\u00eda del procedimiento:<\/p>\n<ol>\n<li>Se adormece el \u00e1rea donante (generalmente la parte posterior de la cabeza) con anestesia local.<\/li>\n<li>Se extrae cuidadosamente una tira de cuero cabelludo que contiene fol\u00edculos capilares saludables.<\/li>\n<li>La tira se diseca luego bajo un microscopio para extraer unidades foliculares individuales.<\/li>\n<li>Estas unidades se implantan en peque\u00f1as incisiones realizadas en las \u00e1reas con p\u00e9rdida de cabello, siguiendo la direcci\u00f3n natural de tu cabello.<\/li>\n<\/ol>\n<p>Despu\u00e9s del procedimiento, se proporcionan a los pacientes instrucciones detalladas de cuidado para asegurar la longevidad y el \u00e9xito del trasplante. En pocos meses, comenzar\u00e1s a notar nuevo crecimiento capilar, con resultados completos generalmente visibles en 6-12 meses.<\/p>\n<h2>No Permitas que la P\u00e9rdida de Cabello te Detenga<\/h2>\n<p>El cabello juega un papel fundamental en definir nuestra apariencia. Con t\u00e9cnicas de restauraci\u00f3n capilar y reemplazo capilar como FUT, el sue\u00f1o de lucir una cabellera completa ya no est\u00e1 fuera de alcance.<br \/>\nEn Azouz Plastic and Cosmetic Surgery en Dallas, entendemos el profundo impacto que la p\u00e9rdida de cabello puede tener en el bienestar de una persona. Nuestro compromiso es brindar no solo excelencia m\u00e9dica, sino tambi\u00e9n un entorno de apoyo y comprensi\u00f3n. Con el Dr. David Azouz y el Dr. Solomon Azouz a la cabeza, est\u00e1s en las mejores manos para emprender tu camino de vuelta a un yo seguro.<\/p>\n<p>Para obtener m\u00e1s informaci\u00f3n sobre FUT y otras opciones de restauraci\u00f3n capilar, <a href=\"https:\/\/www.drazouz.com\/es\/contact\/\">agenda una consulta<\/a> con nosotros hoy en Dallas.<\/p>\n","protected":false},"excerpt":{"rendered":"<p>La p\u00e9rdida de cabello es una preocupaci\u00f3n que afecta a millones de personas en todo el mundo,<br \/><a href=\"https:\/\/www.drazouz.com\/es\/trasplante-capilar-mediante-transferencia-de-unidades-foliculares-fut\/\" class=\"btn btn-blue mt-3\">Sigue leyendo<\/a><\/p>\n","protected":false},"author":1,"featured_media":11368,"parent":8382,"menu_order":0,"comment_status":"closed","ping_status":"closed","template":"","meta":{"_acf_changed":false,"footnotes":""},"class_list":["post-8409","page","type-page","status-publish","has-post-thumbnail"],"acf":[],"yoast_head":"<!-- This site is optimized with the Yoast SEO plugin v27.4 - https:\/\/yoast.com\/product\/yoast-seo-wordpress\/ -->\n<title>Trasplante Capilar mediante Transferencia de Unidades Foliculares (FUT) | Azouz Cirug\u00eda Pl\u00e1stica y Est\u00e9tica<\/title>\n<meta name=\"robots\" content=\"index, follow, max-snippet:-1, max-image-preview:large, max-video-preview:-1\" \/>\n<link rel=\"canonical\" href=\"https:\/\/www.drazouz.com\/es\/trasplante-capilar-mediante-transferencia-de-unidades-foliculares-fut\/\" \/>\n<meta property=\"og:locale\" content=\"es_ES\" \/>\n<meta property=\"og:type\" content=\"article\" \/>\n<meta property=\"og:title\" content=\"Trasplante Capilar mediante Transferencia de Unidades Foliculares (FUT) | Azouz Cirug\u00eda Pl\u00e1stica y Est\u00e9tica\" \/>\n<meta property=\"og:description\" content=\"La p\u00e9rdida de cabello es una preocupaci\u00f3n que afecta a millones de personas en todo el mundo,Sigue leyendo\" \/>\n<meta property=\"og:url\" content=\"https:\/\/www.drazouz.com\/es\/trasplante-capilar-mediante-transferencia-de-unidades-foliculares-fut\/\" \/>\n<meta property=\"og:site_name\" content=\"Azouz Cirug\u00eda Pl\u00e1stica y Est\u00e9tica\" \/>\n<meta property=\"article:modified_time\" content=\"2024-03-05T08:11:23+00:00\" \/>\n<meta property=\"og:image\" content=\"https:\/\/www.drazouz.com\/wp-content\/uploads\/2024\/01\/bigstock-The-Head-Of-A-Balding-Man-Befo-443725595.jpg\" \/>\n<meta name=\"twitter:card\" content=\"summary_large_image\" \/>\n<meta name=\"twitter:image\" content=\"https:\/\/www.drazouz.com\/wp-content\/uploads\/2024\/01\/bigstock-The-Head-Of-A-Balding-Man-Befo-443725595.jpg\" \/>\n<meta name=\"twitter:label1\" content=\"Tiempo de lectura\" \/>\n\t<meta name=\"twitter:data1\" content=\"3 minutos\" \/>\n<!-- \/ Yoast SEO plugin. -->","yoast_head_json":{"title":"Trasplante Capilar mediante Transferencia de Unidades Foliculares (FUT) | Azouz Cirug\u00eda Pl\u00e1stica y Est\u00e9tica","robots":{"index":"index","follow":"follow","max-snippet":"max-snippet:-1","max-image-preview":"max-image-preview:large","max-video-preview":"max-video-preview:-1"},"canonical":"https:\/\/www.drazouz.com\/es\/trasplante-capilar-mediante-transferencia-de-unidades-foliculares-fut\/","og_locale":"es_ES","og_type":"article","og_title":"Trasplante Capilar mediante Transferencia de Unidades Foliculares (FUT) | Azouz Cirug\u00eda Pl\u00e1stica y Est\u00e9tica","og_description":"La p\u00e9rdida de cabello es una preocupaci\u00f3n que afecta a millones de personas en todo el mundo,Sigue leyendo","og_url":"https:\/\/www.drazouz.com\/es\/trasplante-capilar-mediante-transferencia-de-unidades-foliculares-fut\/","og_site_name":"Azouz Cirug\u00eda Pl\u00e1stica y Est\u00e9tica","article_modified_time":"2024-03-05T08:11:23+00:00","og_image":[{"url":"https:\/\/www.drazouz.com\/wp-content\/uploads\/2024\/01\/bigstock-The-Head-Of-A-Balding-Man-Befo-443725595.jpg","type":"","width":"","height":""}],"twitter_card":"summary_large_image","twitter_image":"https:\/\/www.drazouz.com\/wp-content\/uploads\/2024\/01\/bigstock-The-Head-Of-A-Balding-Man-Befo-443725595.jpg","twitter_misc":{"Tiempo de lectura":"3 minutos"},"schema":{"@context":"https:\/\/schema.org","@graph":[{"@type":"WebPage","@id":"https:\/\/www.drazouz.com\/es\/trasplante-capilar-mediante-transferencia-de-unidades-foliculares-fut\/","url":"https:\/\/www.drazouz.com\/es\/trasplante-capilar-mediante-transferencia-de-unidades-foliculares-fut\/","name":"Trasplante Capilar mediante Transferencia de Unidades Foliculares (FUT) | Azouz Cirug\u00eda Pl\u00e1stica y Est\u00e9tica","isPartOf":{"@id":"https:\/\/www.drazouz.com\/es\/#website"},"primaryImageOfPage":{"@id":"https:\/\/www.drazouz.com\/es\/trasplante-capilar-mediante-transferencia-de-unidades-foliculares-fut\/#primaryimage"},"image":{"@id":"https:\/\/www.drazouz.com\/es\/trasplante-capilar-mediante-transferencia-de-unidades-foliculares-fut\/#primaryimage"},"thumbnailUrl":"https:\/\/www.drazouz.com\/wp-content\/uploads\/2024\/01\/bigstock-The-Head-Of-A-Balding-Man-Befo-443725595.jpg","datePublished":"2023-09-29T19:48:36+00:00","dateModified":"2024-03-05T08:11:23+00:00","breadcrumb":{"@id":"https:\/\/www.drazouz.com\/es\/trasplante-capilar-mediante-transferencia-de-unidades-foliculares-fut\/#breadcrumb"},"inLanguage":"es","potentialAction":[{"@type":"ReadAction","target":["https:\/\/www.drazouz.com\/es\/trasplante-capilar-mediante-transferencia-de-unidades-foliculares-fut\/"]}]},{"@type":"ImageObject","inLanguage":"es","@id":"https:\/\/www.drazouz.com\/es\/trasplante-capilar-mediante-transferencia-de-unidades-foliculares-fut\/#primaryimage","url":"https:\/\/www.drazouz.com\/wp-content\/uploads\/2024\/01\/bigstock-The-Head-Of-A-Balding-Man-Befo-443725595.jpg","contentUrl":"https:\/\/www.drazouz.com\/wp-content\/uploads\/2024\/01\/bigstock-The-Head-Of-A-Balding-Man-Befo-443725595.jpg","width":1918,"height":915,"caption":"head before and after hair transfer"},{"@type":"BreadcrumbList","@id":"https:\/\/www.drazouz.com\/es\/trasplante-capilar-mediante-transferencia-de-unidades-foliculares-fut\/#breadcrumb","itemListElement":[{"@type":"ListItem","position":1,"name":"Home","item":"https:\/\/www.drazouz.com\/es\/"},{"@type":"ListItem","position":2,"name":"Procedimientos","item":"https:\/\/www.drazouz.com\/es\/procedimientos\/"},{"@type":"ListItem","position":3,"name":"Trasplante Capilar","item":"https:\/\/www.drazouz.com\/es\/trasplante-capilar-restauracion-capilar\/"},{"@type":"ListItem","position":4,"name":"Trasplante Capilar mediante Transferencia de Unidades Foliculares (FUT)"}]},{"@type":"WebSite","@id":"https:\/\/www.drazouz.com\/es\/#website","url":"https:\/\/www.drazouz.com\/es\/","name":"Azouz Cirug\u00eda Pl\u00e1stica y Est\u00e9tica","description":"","potentialAction":[{"@type":"SearchAction","target":{"@type":"EntryPoint","urlTemplate":"https:\/\/www.drazouz.com\/es\/?s={search_term_string}"},"query-input":{"@type":"PropertyValueSpecification","valueRequired":true,"valueName":"search_term_string"}}],"inLanguage":"es"}]}},"_links":{"self":[{"href":"https:\/\/www.drazouz.com\/es\/wp-json\/wp\/v2\/pages\/8409","targetHints":{"allow":["GET"]}}],"collection":[{"href":"https:\/\/www.drazouz.com\/es\/wp-json\/wp\/v2\/pages"}],"about":[{"href":"https:\/\/www.drazouz.com\/es\/wp-json\/wp\/v2\/types\/page"}],"author":[{"embeddable":true,"href":"https:\/\/www.drazouz.com\/es\/wp-json\/wp\/v2\/users\/1"}],"replies":[{"embeddable":true,"href":"https:\/\/www.drazouz.com\/es\/wp-json\/wp\/v2\/comments?post=8409"}],"version-history":[{"count":4,"href":"https:\/\/www.drazouz.com\/es\/wp-json\/wp\/v2\/pages\/8409\/revisions"}],"predecessor-version":[{"id":13028,"href":"https:\/\/www.drazouz.com\/es\/wp-json\/wp\/v2\/pages\/8409\/revisions\/13028"}],"up":[{"embeddable":true,"href":"https:\/\/www.drazouz.com\/es\/wp-json\/wp\/v2\/pages\/8382"}],"wp:featuredmedia":[{"embeddable":true,"href":"https:\/\/www.drazouz.com\/es\/wp-json\/wp\/v2\/media\/11368"}],"wp:attachment":[{"href":"https:\/\/www.drazouz.com\/es\/wp-json\/wp\/v2\/media?parent=8409"}],"curies":[{"name":"wp","href":"https:\/\/api.w.org\/{rel}","templated":true}]}}