{"id":8402,"date":"2023-09-29T14:40:20","date_gmt":"2023-09-29T19:40:20","guid":{"rendered":"https:\/\/www.drazouz.com\/?page_id=8402"},"modified":"2025-02-12T06:44:48","modified_gmt":"2025-02-12T11:44:48","slug":"trasplante-capilar-de-extraccion-de-unidades-foliculares-fue","status":"publish","type":"page","link":"https:\/\/www.drazouz.com\/es\/trasplante-capilar-de-extraccion-de-unidades-foliculares-fue\/","title":{"rendered":"Trasplante Capilar de Extracci\u00f3n de Unidades Foliculares (FUE)"},"content":{"rendered":"<h2>\u00bfQu\u00e9 es FUE?<\/h2>\n<p><img loading=\"lazy\" decoding=\"async\" src=\"https:\/\/www.drazouz.com\/wp-content\/uploads\/2024\/02\/image-022106.jpeg\" alt=\"Trasplante capilar FUE | tratamiento de fol\u00edculos capilares\" width=\"400\" height=\"405\" class=\"size-full wp-image-12389 alignright\" srcset=\"https:\/\/www.drazouz.com\/wp-content\/uploads\/2024\/02\/image-022106.jpeg 1024w, https:\/\/www.drazouz.com\/wp-content\/uploads\/2024\/02\/image-022106-296x300.jpeg 296w, https:\/\/www.drazouz.com\/wp-content\/uploads\/2024\/02\/image-022106-1010x1024.jpeg 1010w, https:\/\/www.drazouz.com\/wp-content\/uploads\/2024\/02\/image-022106-768x779.jpeg 768w, https:\/\/www.drazouz.com\/wp-content\/uploads\/2024\/02\/image-022106-32x32.jpeg 32w\" sizes=\"auto, (max-width: 400px) 100vw, 400px\" \/>FUE es un tratamiento superior para la p\u00e9rdida de cabello porque minimiza las cicatrices en la parte posterior de la cabeza. FUE es un innovador procedimiento de restauraci\u00f3n capilar en el que se extraen fol\u00edculos capilares individuales de un sitio donante, generalmente ubicado en la parte posterior del cuero cabelludo, y luego se trasplantan a \u00e1reas con p\u00e9rdida o adelgazamiento del cabello. Azouz Plastic and Cosmetic Surgery en Dallas ofrece opciones de trasplante capilar de fol\u00edculos para ayudar a mejorar el crecimiento del cabello para una soluci\u00f3n que luzca natural ante la p\u00e9rdida de cabello.<\/p>\n<h2>Candidatos para la Cirug\u00eda<\/h2>\n<p>Los candidatos ideales para un trasplante capilar de fol\u00edculos son personas con cabello adelgazado, aquellos que han perdido cabello debido a una lesi\u00f3n o cirug\u00eda, y aquellos que muestran signos de calvicie de patr\u00f3n, caracterizada por una l\u00ednea de cabello retrocedida, adelgazamiento en la coronilla o adelgazamiento difuso en el cuero cabelludo. Los candidatos ideales tambi\u00e9n deben tener una fuente consistente de cabello del sitio donante. <a href=\"https:\/\/www.drazouz.com\/es\/meet-dr-solomon-azouz\/\">El cirujano pl\u00e1stico certificado por la junta, el Dr. Azouz<\/a>, revisar\u00e1 tu historial m\u00e9dico y los patrones espec\u00edficos de p\u00e9rdida de cabello durante tu consulta para crear un plan de tratamiento personalizado para la p\u00e9rdida de cabello.<\/p>\n<h2>Beneficios del Trasplante Capilar FUE<\/h2>\n<p><img loading=\"lazy\" decoding=\"async\" src=\"https:\/\/www.drazouz.com\/wp-content\/uploads\/2024\/02\/image-022107.jpeg\" alt=\"Cirug\u00eda de trasplante capilar folicular\" width=\"400\" height=\"267\" class=\"size-full wp-image-12393 alignleft\" srcset=\"https:\/\/www.drazouz.com\/wp-content\/uploads\/2024\/02\/image-022107.jpeg 1024w, https:\/\/www.drazouz.com\/wp-content\/uploads\/2024\/02\/image-022107-300x200.jpeg 300w, https:\/\/www.drazouz.com\/wp-content\/uploads\/2024\/02\/image-022107-768x512.jpeg 768w\" sizes=\"auto, (max-width: 400px) 100vw, 400px\" \/><\/p>\n<p class=\"clearfix\">Los beneficios de este procedimiento incluyen resultados m\u00e1s naturales que imitan los patrones normales de crecimiento del cabello y incisiones m\u00e1s peque\u00f1as que conducen a cicatrices menos evidentes y una recuperaci\u00f3n m\u00e1s r\u00e1pida. FUE tambi\u00e9n funciona bien con una variedad de colores, texturas y tipos de cabello. Debido a su adaptabilidad, puede ser utilizado por personas con una variedad de tipos de cabello. Los efectos de FUE tambi\u00e9n se destinan a ser permanentes, proporcionando satisfacci\u00f3n a largo plazo y un aspecto natural con el cuidado y mantenimiento adecuados.<\/p>\n<h2>\u00bfC\u00f3mo se realiza un FUE?<\/h2>\n<ul>\n<li>Extracci\u00f3n de Cabello Donante: Se utiliza una herramienta especializada para extraer fol\u00edculos capilares individuales del lugar donante.<\/li>\n<li>Preparaci\u00f3n del Sitio Receptor: Para asegurar que los fol\u00edculos recolectados sean colocados con precisi\u00f3n, se realizan peque\u00f1as incisiones en el \u00e1rea receptora.<\/li>\n<li>Trasplante de Injertos: Para lograr un crecimiento y apariencia ideales, cada unidad folicular se inserta meticulosamente en los sitios receptores.<\/li>\n<\/ul>\n<h2>Anestesia para el Trasplante Capilar FUE<\/h2>\n<p>La mayor\u00eda de los procedimientos de trasplante capilar folicular se realizan bajo anestesia local. Se utiliza una peque\u00f1a aguja para inyectar anestesia local directamente en el cuero cabelludo para minimizar la incomodidad durante todo el procedimiento. Las \u00e1reas donante y receptora son las \u00fanicas regiones adormecidas durante el procedimiento, por lo que los pacientes generalmente est\u00e1n despiertos y conscientes durante todo el procedimiento. El proceso es indoloro, sin embargo, algunos pacientes pueden experimentar una ligera presi\u00f3n o tirones.<\/p>\n<h2>Recuperaci\u00f3n despu\u00e9s de la Cirug\u00eda de Trasplante Capilar de Fol\u00edculos<\/h2>\n<p>Comparado con las t\u00e9cnicas de trasplante capilar convencionales, el tiempo de recuperaci\u00f3n para el trasplante capilar de unidades foliculares tiende a ser mucho m\u00e1s r\u00e1pido. Esto se debe a las peque\u00f1as incisiones realizadas en el sitio receptor durante el tratamiento, que ayudan a minimizar las cicatrices y acelerar la cicatrizaci\u00f3n. Si bien los tiempos de recuperaci\u00f3n var\u00edan, la mayor\u00eda de los pacientes pueden esperar volver a sus actividades normales en aproximadamente una semana. Pueden observar inicialmente algo de enrojecimiento e hinchaz\u00f3n, pero eso es normal y deber\u00eda desaparecer eventualmente. Para maximizar la cicatrizaci\u00f3n, el Dr. Azouz proporcionar\u00e1 pautas para el cuidado postoperatorio.<\/p>\n<h2>\u00bfCu\u00e1ndo puedo ver los resultados de un trasplante capilar FUE?<\/h2>\n<p>Podr\u00eda tomar un a\u00f1o para que los efectos finales sean aparentes, sin embargo, los pacientes deben anticipar mejoras graduales en el crecimiento del cabello en unos pocos meses despu\u00e9s del procedimiento.<\/p>\n<ul>\n<li>Crecimiento Inicial: Alrededor de 3-4 meses despu\u00e9s del tratamiento, es posible que notes alg\u00fan crecimiento inicial, aunque puede ser modesto y desigual.<\/li>\n<li>Cambios Visibles: Despu\u00e9s de 5-6 meses, probablemente notar\u00e1s una evidencia m\u00e1s notable de crecimiento y cobertura.<\/li>\n<li>Madurez y Resultados Finales: La imagen completa generalmente emerge alrededor de 12 meses despu\u00e9s de la cirug\u00eda, aunque podr\u00eda tomar hasta 18 meses para una maduraci\u00f3n completa. En este punto, el cabello trasplantado alcanza su m\u00e1ximo grosor y textura.<\/li>\n<\/ul>\n<p>La buena noticia es que los trasplantes capilares FUE proporcionan resultados permanentes. Los fol\u00edculos capilares trasplantados provienen de un lugar gen\u00e9ticamente resistente y no se ver\u00e1n afectados por futuras p\u00e9rdidas de cabello.<\/p>\n<h2>\u00bfExisten riesgos asociados con los trasplantes capilares de fol\u00edculos?<\/h2>\n<p>Aunque FUE es generalmente seguro, existe la posibilidad de sangrado, infecci\u00f3n o cicatrizaci\u00f3n. Durante tu consulta, el cirujano pl\u00e1stico de Dallas, el Dr. Azouz, revisar\u00e1 todos los posibles riesgos en detalle para abordar cualquier preocupaci\u00f3n que los pacientes puedan tener y asegurarse de que est\u00e9n informados. El cirujano pl\u00e1stico certificado por la junta, el Dr. Azouz, utiliza t\u00e9cnicas meticulosas para minimizar los riesgos asociados con la cirug\u00eda de trasplante capilar FUE.<\/p>\n<h2>\u00bfCu\u00e1nto cuesta un trasplante capilar FUE?<\/h2>\n<p>Los costos esperados de los trasplantes capilares foliculares pueden variar seg\u00fan el grado de p\u00e9rdida de cabello del individuo y la cantidad de injertos requeridos. Con consultas individuales, el Dr. Azouz puede proporcionar <a href=\"https:\/\/www.drazouz.com\/es\/fees-insurance\/\">estimaciones de costos precisas<\/a> que se adapten a los objetivos personales de un paciente.<\/p>\n<h2>Combinaci\u00f3n de procedimientos con Trasplante Capilar FUE<\/h2>\n<p>La microneedling, cuando se realiza en el cuero cabelludo, trabaja para aumentar el flujo sangu\u00edneo y la creaci\u00f3n de col\u00e1geno. Cuando se combina con FUE, puede mejorar la absorci\u00f3n de factores de crecimiento, promover una mejor integraci\u00f3n de los fol\u00edculos capilares trasplantados y facilitar la cicatrizaci\u00f3n.<\/p>\n<div class=\"row\">\n<div class=\"col-lg-8 d-flex justify-content-center flex-column text-left\">\n<h3 class=\"mt-lg-0\">Programa tu consulta con el Dr. Azouz para la Extracci\u00f3n de Unidades Foliculares en Dallas<\/h3>\n<p>Si te preocupa la p\u00e9rdida de cabello y buscas una soluci\u00f3n permanente para el adelgazamiento del cabello, llama a la oficina al <a href=\"tel:9727028888\" class=\"phone_anchor \" aria-label=\"ll\u00e1manos (972) 702-8888\">(972) 702-8888<\/a> o cont\u00e1ctanos en l\u00ednea para programar una consulta con el cirujano pl\u00e1stico certificado por la junta, el Dr. Azouz, hoy mismo. Las consultas virtuales tambi\u00e9n est\u00e1n disponibles. Durante tu consulta, el Dr. Azouz discutir\u00e1 opciones para lograr un cabello abundante y completo.\n<\/p><\/div>\n<div class=\"col-lg-4 mt-3 d-flex justify-content-center\"><img loading=\"lazy\" decoding=\"async\" src=\"https:\/\/www.drazouz.com\/wp-content\/uploads\/2024\/02\/Solomon-Azouz-MD.jpeg\" alt=\"Dr. Solomon Azouz | Cirug\u00eda Pl\u00e1stica en Dallas | Trasplante capilar FUE\" width=\"400\" height=\"533\" class=\"alignnone my-3 size-full wp-image-11792\" \/><\/div>\n<\/div>\n","protected":false},"excerpt":{"rendered":"<p>\u00bfQu\u00e9 es FUE? FUE es un tratamiento superior para la p\u00e9rdida de cabello porque minimiza las cicatrices<br \/><a href=\"https:\/\/www.drazouz.com\/es\/trasplante-capilar-de-extraccion-de-unidades-foliculares-fue\/\" class=\"btn btn-blue mt-3\">Sigue leyendo<\/a><\/p>\n","protected":false},"author":1,"featured_media":8344,"parent":8382,"menu_order":0,"comment_status":"closed","ping_status":"closed","template":"template-builder.php","meta":{"_acf_changed":false,"footnotes":""},"class_list":["post-8402","page","type-page","status-publish","has-post-thumbnail"],"acf":[],"yoast_head":"<!-- This site is optimized with the Yoast SEO plugin v26.6 - https:\/\/yoast.com\/wordpress\/plugins\/seo\/ -->\n<title>Trasplante Capilar de Extracci\u00f3n de Unidades Foliculares (FUE) | Azouz Cirug\u00eda Pl\u00e1stica y Est\u00e9tica<\/title>\n<meta name=\"robots\" content=\"index, follow, max-snippet:-1, max-image-preview:large, max-video-preview:-1\" \/>\n<link rel=\"canonical\" href=\"https:\/\/www.drazouz.com\/es\/trasplante-capilar-de-extraccion-de-unidades-foliculares-fue\/\" \/>\n<meta property=\"og:locale\" content=\"es_ES\" \/>\n<meta property=\"og:type\" content=\"article\" \/>\n<meta property=\"og:title\" content=\"Trasplante Capilar de Extracci\u00f3n de Unidades Foliculares (FUE) | Azouz Cirug\u00eda Pl\u00e1stica y Est\u00e9tica\" \/>\n<meta property=\"og:description\" content=\"\u00bfQu\u00e9 es FUE? FUE es un tratamiento superior para la p\u00e9rdida de cabello porque minimiza las cicatricesSigue leyendo\" \/>\n<meta property=\"og:url\" content=\"https:\/\/www.drazouz.com\/es\/trasplante-capilar-de-extraccion-de-unidades-foliculares-fue\/\" \/>\n<meta property=\"og:site_name\" content=\"Azouz Cirug\u00eda Pl\u00e1stica y Est\u00e9tica\" \/>\n<meta property=\"article:modified_time\" content=\"2025-02-12T11:44:48+00:00\" \/>\n<meta property=\"og:image\" content=\"https:\/\/www.drazouz.com\/wp-content\/uploads\/2023\/12\/header-hair-transplant-2.jpg\" \/>\n<meta name=\"twitter:card\" content=\"summary_large_image\" \/>\n<meta name=\"twitter:image\" content=\"https:\/\/www.drazouz.com\/wp-content\/uploads\/2023\/12\/header-hair-transplant-2.jpg\" \/>\n<meta name=\"twitter:label1\" content=\"Tiempo de lectura\" \/>\n\t<meta name=\"twitter:data1\" content=\"6 minutos\" \/>\n<!-- \/ Yoast SEO plugin. -->","yoast_head_json":{"title":"Trasplante Capilar de Extracci\u00f3n de Unidades Foliculares (FUE) | Azouz Cirug\u00eda Pl\u00e1stica y Est\u00e9tica","robots":{"index":"index","follow":"follow","max-snippet":"max-snippet:-1","max-image-preview":"max-image-preview:large","max-video-preview":"max-video-preview:-1"},"canonical":"https:\/\/www.drazouz.com\/es\/trasplante-capilar-de-extraccion-de-unidades-foliculares-fue\/","og_locale":"es_ES","og_type":"article","og_title":"Trasplante Capilar de Extracci\u00f3n de Unidades Foliculares (FUE) | Azouz Cirug\u00eda Pl\u00e1stica y Est\u00e9tica","og_description":"\u00bfQu\u00e9 es FUE? FUE es un tratamiento superior para la p\u00e9rdida de cabello porque minimiza las cicatricesSigue leyendo","og_url":"https:\/\/www.drazouz.com\/es\/trasplante-capilar-de-extraccion-de-unidades-foliculares-fue\/","og_site_name":"Azouz Cirug\u00eda Pl\u00e1stica y Est\u00e9tica","article_modified_time":"2025-02-12T11:44:48+00:00","og_image":[{"url":"https:\/\/www.drazouz.com\/wp-content\/uploads\/2023\/12\/header-hair-transplant-2.jpg","type":"","width":"","height":""}],"twitter_card":"summary_large_image","twitter_image":"https:\/\/www.drazouz.com\/wp-content\/uploads\/2023\/12\/header-hair-transplant-2.jpg","twitter_misc":{"Tiempo de lectura":"6 minutos"},"schema":{"@context":"https:\/\/schema.org","@graph":[{"@type":"WebPage","@id":"https:\/\/www.drazouz.com\/es\/trasplante-capilar-de-extraccion-de-unidades-foliculares-fue\/","url":"https:\/\/www.drazouz.com\/es\/trasplante-capilar-de-extraccion-de-unidades-foliculares-fue\/","name":"Trasplante Capilar de Extracci\u00f3n de Unidades Foliculares (FUE) | Azouz Cirug\u00eda Pl\u00e1stica y Est\u00e9tica","isPartOf":{"@id":"https:\/\/www.drazouz.com\/es\/#website"},"primaryImageOfPage":{"@id":"https:\/\/www.drazouz.com\/es\/trasplante-capilar-de-extraccion-de-unidades-foliculares-fue\/#primaryimage"},"image":{"@id":"https:\/\/www.drazouz.com\/es\/trasplante-capilar-de-extraccion-de-unidades-foliculares-fue\/#primaryimage"},"thumbnailUrl":"https:\/\/www.drazouz.com\/wp-content\/uploads\/2023\/12\/header-hair-transplant-2.jpg","datePublished":"2023-09-29T19:40:20+00:00","dateModified":"2025-02-12T11:44:48+00:00","breadcrumb":{"@id":"https:\/\/www.drazouz.com\/es\/trasplante-capilar-de-extraccion-de-unidades-foliculares-fue\/#breadcrumb"},"inLanguage":"es","potentialAction":[{"@type":"ReadAction","target":["https:\/\/www.drazouz.com\/es\/trasplante-capilar-de-extraccion-de-unidades-foliculares-fue\/"]}]},{"@type":"ImageObject","inLanguage":"es","@id":"https:\/\/www.drazouz.com\/es\/trasplante-capilar-de-extraccion-de-unidades-foliculares-fue\/#primaryimage","url":"https:\/\/www.drazouz.com\/wp-content\/uploads\/2023\/12\/header-hair-transplant-2.jpg","contentUrl":"https:\/\/www.drazouz.com\/wp-content\/uploads\/2023\/12\/header-hair-transplant-2.jpg","width":1918,"height":915,"caption":"the head of a man before and after hair transplant surgery"},{"@type":"BreadcrumbList","@id":"https:\/\/www.drazouz.com\/es\/trasplante-capilar-de-extraccion-de-unidades-foliculares-fue\/#breadcrumb","itemListElement":[{"@type":"ListItem","position":1,"name":"Home","item":"https:\/\/www.drazouz.com\/es\/"},{"@type":"ListItem","position":2,"name":"Procedimientos","item":"https:\/\/www.drazouz.com\/es\/procedimientos\/"},{"@type":"ListItem","position":3,"name":"Trasplante Capilar","item":"https:\/\/www.drazouz.com\/es\/trasplante-capilar-restauracion-capilar\/"},{"@type":"ListItem","position":4,"name":"Trasplante Capilar de Extracci\u00f3n de Unidades Foliculares (FUE)"}]},{"@type":"WebSite","@id":"https:\/\/www.drazouz.com\/es\/#website","url":"https:\/\/www.drazouz.com\/es\/","name":"Azouz Cirug\u00eda Pl\u00e1stica y Est\u00e9tica","description":"","potentialAction":[{"@type":"SearchAction","target":{"@type":"EntryPoint","urlTemplate":"https:\/\/www.drazouz.com\/es\/?s={search_term_string}"},"query-input":{"@type":"PropertyValueSpecification","valueRequired":true,"valueName":"search_term_string"}}],"inLanguage":"es"}]}},"_links":{"self":[{"href":"https:\/\/www.drazouz.com\/es\/wp-json\/wp\/v2\/pages\/8402","targetHints":{"allow":["GET"]}}],"collection":[{"href":"https:\/\/www.drazouz.com\/es\/wp-json\/wp\/v2\/pages"}],"about":[{"href":"https:\/\/www.drazouz.com\/es\/wp-json\/wp\/v2\/types\/page"}],"author":[{"embeddable":true,"href":"https:\/\/www.drazouz.com\/es\/wp-json\/wp\/v2\/users\/1"}],"replies":[{"embeddable":true,"href":"https:\/\/www.drazouz.com\/es\/wp-json\/wp\/v2\/comments?post=8402"}],"version-history":[{"count":10,"href":"https:\/\/www.drazouz.com\/es\/wp-json\/wp\/v2\/pages\/8402\/revisions"}],"predecessor-version":[{"id":20457,"href":"https:\/\/www.drazouz.com\/es\/wp-json\/wp\/v2\/pages\/8402\/revisions\/20457"}],"up":[{"embeddable":true,"href":"https:\/\/www.drazouz.com\/es\/wp-json\/wp\/v2\/pages\/8382"}],"wp:featuredmedia":[{"embeddable":true,"href":"https:\/\/www.drazouz.com\/es\/wp-json\/wp\/v2\/media\/8344"}],"wp:attachment":[{"href":"https:\/\/www.drazouz.com\/es\/wp-json\/wp\/v2\/media?parent=8402"}],"curies":[{"name":"wp","href":"https:\/\/api.w.org\/{rel}","templated":true}]}}