{"id":8391,"date":"2023-09-29T15:07:39","date_gmt":"2023-09-29T20:07:39","guid":{"rendered":"https:\/\/www.drazouz.com\/?page_id=8391"},"modified":"2024-03-12T17:20:25","modified_gmt":"2024-03-12T22:20:25","slug":"trasplante-capilar-masculino","status":"publish","type":"page","link":"https:\/\/www.drazouz.com\/es\/trasplante-capilar-masculino\/","title":{"rendered":"Trasplante Capilar Masculino"},"content":{"rendered":"<p>El cabello frondoso y completo es un signo de juventud y vitalidad. Para muchos hombres, la p\u00e9rdida de cabello o la calvicie pueden afectar negativamente la autoestima y la confianza. En Azouz Plastic and Cosmetic Surgery en Dallas, el Dr. David Azouz y el Dr. Solomon Azouz utilizan <a href=\"https:\/\/www.drazouz.com\/es\/trasplante-capilar-restauracion-capilar\/\">t\u00e9cnicas de vanguardia para abordar la p\u00e9rdida de cabello en hombres<\/a>, ofreciendo a nuestros pacientes una renovada sensaci\u00f3n de autovalor.<\/p>\n<h2>Comprensi\u00f3n de la P\u00e9rdida de Cabello en Hombres<\/h2>\n<p>La p\u00e9rdida de cabello en hombres, conocida m\u00e9dicamente como alopecia androgen\u00e9tica, es una condici\u00f3n gen\u00e9tica que afecta a numerosos hombres a medida que envejecen. A menudo reconocida por una l\u00ednea de cabello en retroceso y adelgazamiento en la coronilla, esta calvicie de patr\u00f3n puede comenzar tan temprano como en la adolescencia tard\u00eda. A los 35 a\u00f1os, aproximadamente dos tercios de los hombres experimentar\u00e1n alg\u00fan grado de p\u00e9rdida de cabello notable, y a los 50 a\u00f1os, alrededor del 85% de los hombres tendr\u00e1n cabello significativamente m\u00e1s delgado.<\/p>\n<p>Los principales factores detr\u00e1s de la p\u00e9rdida de cabello en hombres incluyen:<\/p>\n<ul>\n<li><strong>Gen\u00e9tica:<\/strong> Si los familiares masculinos han experimentado p\u00e9rdida de cabello, hay una mayor probabilidad de experimentarla tambi\u00e9n.<\/li>\n<li><strong>Cambios Hormonales:<\/strong> La dihidrotestosterona (DHT) afecta a los fol\u00edculos pilosos susceptibles, haci\u00e9ndolos encoger y producir cabello m\u00e1s delgado con el tiempo.<\/li>\n<li><strong>Edad:<\/strong> A medida que los hombres envejecen, aumenta el riesgo de adelgazamiento del cabello.<\/li>\n<\/ul>\n<h2>Soluciones de Trasplante Capilar para Hombres<\/h2>\n<p>Azouz Plastic and Cosmetic Surgery ofrece soluciones de vanguardia para abordar la p\u00e9rdida de cabello en hombres. Nuestro objetivo es proporcionar resultados que luzcan naturales y complementen tus rasgos faciales. Dos de los principales procedimientos quir\u00fargicos que ofrecemos son:<\/p>\n<ul>\n<li><strong><a href=\"https:\/\/www.drazouz.com\/follicular-unit-extraction-fue-hair-transplant\/\">Extracci\u00f3n de Unidades Foliculares (FUE)<\/a>:<\/strong> Un procedimiento m\u00ednimamente invasivo, la FUE implica extraer unidades foliculares individuales de una zona donante (generalmente la parte posterior de la cabeza) y trasplantarlas a \u00e1reas de adelgazamiento o calvicie. La FUE no deja cicatrices lineales, lo que permite cortes de pelo m\u00e1s cortos despu\u00e9s de la cirug\u00eda.<\/li>\n<li><strong><a href=\"https:\/\/www.drazouz.com\/follicular-unit-transfer-fut-hair-transplant\/\">Trasplante de Unidades Foliculares (FUT)<\/a>:<\/strong> Tambi\u00e9n conocido como el m\u00e9todo de la &#8216;tira&#8217;, el FUT implica eliminar una tira de cuero cabelludo de la zona donante. La tira se diseca en injertos individuales, que se trasplantan a las \u00e1reas receptoras. Este m\u00e9todo permite un mayor n\u00famero de injertos en una sola sesi\u00f3n.<\/li>\n<\/ul>\n<p>Ambos procedimientos se realizan bajo anestesia local, garantizando la comodidad del paciente en todo momento.<\/p>\n<h2>\u00bfPor qu\u00e9 elegir Azouz Plastic and Cosmetic Surgery para la Restauraci\u00f3n Capilar?<\/h2>\n<p>Encabezada por los destacados Dr. David Azouz y Dr. Solomon Azouz, nuestra cl\u00ednica ha consolidado su reputaci\u00f3n de excelencia en Dallas. Nuestro equipo prioriza:<\/p>\n<ul>\n<li><strong>Consultas Personalizadas:<\/strong> El patr\u00f3n de p\u00e9rdida de cabello de cada paciente es \u00fanico. Participamos en consultas integrales para comprender tus preocupaciones y objetivos est\u00e9ticos.<\/li>\n<li><strong>Experiencia:<\/strong> Con una vasta experiencia y el compromiso de mantenerse actualizados en los \u00faltimos avances, nuestros cirujanos garantizan resultados precisos y naturales.<\/li>\n<li><strong>Atenci\u00f3n Integral:<\/strong> Desde la consulta inicial hasta el seguimiento postoperatorio, nuestro equipo ofrece un apoyo continuo, asegurando que est\u00e9s informado y c\u00f3modo en cada etapa.<\/li>\n<\/ul>\n<p>La p\u00e9rdida de cabello en hombres, aunque com\u00fan, no tiene por qu\u00e9 definir tu apariencia. Con las soluciones expertas ofrecidas en Azouz Plastic and Cosmetic Surgery en Dallas, recuperar una cabellera juvenil est\u00e1 completamente al alcance. Si est\u00e1s considerando la restauraci\u00f3n capilar, te invitamos a <a href=\"https:\/\/www.drazouz.com\/es\/contact\/\">agendar una consulta<\/a> con el Dr. David Azouz o el Dr. Solomon Azouz para discutir las mejores opciones adaptadas a tus necesidades.<\/p>\n","protected":false},"excerpt":{"rendered":"<p>El cabello frondoso y completo es un signo de juventud y vitalidad. Para muchos hombres, la p\u00e9rdida<br \/><a href=\"https:\/\/www.drazouz.com\/es\/trasplante-capilar-masculino\/\" class=\"btn btn-blue mt-3\">Sigue leyendo<\/a><\/p>\n","protected":false},"author":1,"featured_media":8344,"parent":8382,"menu_order":0,"comment_status":"closed","ping_status":"closed","template":"","meta":{"_acf_changed":false,"footnotes":""},"class_list":["post-8391","page","type-page","status-publish","has-post-thumbnail"],"acf":[],"yoast_head":"<!-- This site is optimized with the Yoast SEO plugin v27.4 - https:\/\/yoast.com\/product\/yoast-seo-wordpress\/ -->\n<title>Trasplante Capilar Masculino | Azouz Cirug\u00eda Pl\u00e1stica y Est\u00e9tica<\/title>\n<meta name=\"robots\" content=\"index, follow, max-snippet:-1, max-image-preview:large, max-video-preview:-1\" \/>\n<link rel=\"canonical\" href=\"https:\/\/www.drazouz.com\/es\/trasplante-capilar-masculino\/\" \/>\n<meta property=\"og:locale\" content=\"es_ES\" \/>\n<meta property=\"og:type\" content=\"article\" \/>\n<meta property=\"og:title\" content=\"Trasplante Capilar Masculino | Azouz Cirug\u00eda Pl\u00e1stica y Est\u00e9tica\" \/>\n<meta property=\"og:description\" content=\"El cabello frondoso y completo es un signo de juventud y vitalidad. Para muchos hombres, la p\u00e9rdidaSigue leyendo\" \/>\n<meta property=\"og:url\" content=\"https:\/\/www.drazouz.com\/es\/trasplante-capilar-masculino\/\" \/>\n<meta property=\"og:site_name\" content=\"Azouz Cirug\u00eda Pl\u00e1stica y Est\u00e9tica\" \/>\n<meta property=\"article:modified_time\" content=\"2024-03-12T22:20:25+00:00\" \/>\n<meta property=\"og:image\" content=\"https:\/\/www.drazouz.com\/wp-content\/uploads\/2023\/12\/header-hair-transplant-2.jpg\" \/>\n<meta name=\"twitter:card\" content=\"summary_large_image\" \/>\n<meta name=\"twitter:image\" content=\"https:\/\/www.drazouz.com\/wp-content\/uploads\/2023\/12\/header-hair-transplant-2.jpg\" \/>\n<meta name=\"twitter:label1\" content=\"Tiempo de lectura\" \/>\n\t<meta name=\"twitter:data1\" content=\"3 minutos\" \/>\n<!-- \/ Yoast SEO plugin. -->","yoast_head_json":{"title":"Trasplante Capilar Masculino | Azouz Cirug\u00eda Pl\u00e1stica y Est\u00e9tica","robots":{"index":"index","follow":"follow","max-snippet":"max-snippet:-1","max-image-preview":"max-image-preview:large","max-video-preview":"max-video-preview:-1"},"canonical":"https:\/\/www.drazouz.com\/es\/trasplante-capilar-masculino\/","og_locale":"es_ES","og_type":"article","og_title":"Trasplante Capilar Masculino | Azouz Cirug\u00eda Pl\u00e1stica y Est\u00e9tica","og_description":"El cabello frondoso y completo es un signo de juventud y vitalidad. Para muchos hombres, la p\u00e9rdidaSigue leyendo","og_url":"https:\/\/www.drazouz.com\/es\/trasplante-capilar-masculino\/","og_site_name":"Azouz Cirug\u00eda Pl\u00e1stica y Est\u00e9tica","article_modified_time":"2024-03-12T22:20:25+00:00","og_image":[{"url":"https:\/\/www.drazouz.com\/wp-content\/uploads\/2023\/12\/header-hair-transplant-2.jpg","type":"","width":"","height":""}],"twitter_card":"summary_large_image","twitter_image":"https:\/\/www.drazouz.com\/wp-content\/uploads\/2023\/12\/header-hair-transplant-2.jpg","twitter_misc":{"Tiempo de lectura":"3 minutos"},"schema":{"@context":"https:\/\/schema.org","@graph":[{"@type":"WebPage","@id":"https:\/\/www.drazouz.com\/es\/trasplante-capilar-masculino\/","url":"https:\/\/www.drazouz.com\/es\/trasplante-capilar-masculino\/","name":"Trasplante Capilar Masculino | Azouz Cirug\u00eda Pl\u00e1stica y Est\u00e9tica","isPartOf":{"@id":"https:\/\/www.drazouz.com\/es\/#website"},"primaryImageOfPage":{"@id":"https:\/\/www.drazouz.com\/es\/trasplante-capilar-masculino\/#primaryimage"},"image":{"@id":"https:\/\/www.drazouz.com\/es\/trasplante-capilar-masculino\/#primaryimage"},"thumbnailUrl":"https:\/\/www.drazouz.com\/wp-content\/uploads\/2023\/12\/header-hair-transplant-2.jpg","datePublished":"2023-09-29T20:07:39+00:00","dateModified":"2024-03-12T22:20:25+00:00","breadcrumb":{"@id":"https:\/\/www.drazouz.com\/es\/trasplante-capilar-masculino\/#breadcrumb"},"inLanguage":"es","potentialAction":[{"@type":"ReadAction","target":["https:\/\/www.drazouz.com\/es\/trasplante-capilar-masculino\/"]}]},{"@type":"ImageObject","inLanguage":"es","@id":"https:\/\/www.drazouz.com\/es\/trasplante-capilar-masculino\/#primaryimage","url":"https:\/\/www.drazouz.com\/wp-content\/uploads\/2023\/12\/header-hair-transplant-2.jpg","contentUrl":"https:\/\/www.drazouz.com\/wp-content\/uploads\/2023\/12\/header-hair-transplant-2.jpg","width":1918,"height":915,"caption":"the head of a man before and after hair transplant surgery"},{"@type":"BreadcrumbList","@id":"https:\/\/www.drazouz.com\/es\/trasplante-capilar-masculino\/#breadcrumb","itemListElement":[{"@type":"ListItem","position":1,"name":"Home","item":"https:\/\/www.drazouz.com\/es\/"},{"@type":"ListItem","position":2,"name":"Procedimientos","item":"https:\/\/www.drazouz.com\/es\/procedimientos\/"},{"@type":"ListItem","position":3,"name":"Trasplante Capilar","item":"https:\/\/www.drazouz.com\/es\/trasplante-capilar-restauracion-capilar\/"},{"@type":"ListItem","position":4,"name":"Trasplante Capilar Masculino"}]},{"@type":"WebSite","@id":"https:\/\/www.drazouz.com\/es\/#website","url":"https:\/\/www.drazouz.com\/es\/","name":"Azouz Cirug\u00eda Pl\u00e1stica y Est\u00e9tica","description":"","potentialAction":[{"@type":"SearchAction","target":{"@type":"EntryPoint","urlTemplate":"https:\/\/www.drazouz.com\/es\/?s={search_term_string}"},"query-input":{"@type":"PropertyValueSpecification","valueRequired":true,"valueName":"search_term_string"}}],"inLanguage":"es"}]}},"_links":{"self":[{"href":"https:\/\/www.drazouz.com\/es\/wp-json\/wp\/v2\/pages\/8391","targetHints":{"allow":["GET"]}}],"collection":[{"href":"https:\/\/www.drazouz.com\/es\/wp-json\/wp\/v2\/pages"}],"about":[{"href":"https:\/\/www.drazouz.com\/es\/wp-json\/wp\/v2\/types\/page"}],"author":[{"embeddable":true,"href":"https:\/\/www.drazouz.com\/es\/wp-json\/wp\/v2\/users\/1"}],"replies":[{"embeddable":true,"href":"https:\/\/www.drazouz.com\/es\/wp-json\/wp\/v2\/comments?post=8391"}],"version-history":[{"count":7,"href":"https:\/\/www.drazouz.com\/es\/wp-json\/wp\/v2\/pages\/8391\/revisions"}],"predecessor-version":[{"id":13195,"href":"https:\/\/www.drazouz.com\/es\/wp-json\/wp\/v2\/pages\/8391\/revisions\/13195"}],"up":[{"embeddable":true,"href":"https:\/\/www.drazouz.com\/es\/wp-json\/wp\/v2\/pages\/8382"}],"wp:featuredmedia":[{"embeddable":true,"href":"https:\/\/www.drazouz.com\/es\/wp-json\/wp\/v2\/media\/8344"}],"wp:attachment":[{"href":"https:\/\/www.drazouz.com\/es\/wp-json\/wp\/v2\/media?parent=8391"}],"curies":[{"name":"wp","href":"https:\/\/api.w.org\/{rel}","templated":true}]}}