{"id":8382,"date":"2023-10-03T03:57:56","date_gmt":"2023-10-03T08:57:56","guid":{"rendered":"https:\/\/www.drazouz.com\/?page_id=8382"},"modified":"2024-03-05T03:10:11","modified_gmt":"2024-03-05T08:10:11","slug":"trasplante-capilar","status":"publish","type":"page","link":"https:\/\/www.drazouz.com\/es\/trasplante-capilar-restauracion-capilar\/","title":{"rendered":"Trasplante Capilar"},"content":{"rendered":"<p>La p\u00e9rdida de cabello puede ser una experiencia angustiante que afecta la autoestima y la confianza en uno mismo. Con los avances en <a href=\"https:\/\/www.drazouz.com\/procedures\/\">procedimientos cosm\u00e9ticos<\/a>, recuperar una cabellera completa se ha vuelto posible para muchos. En Azouz Plastic and Cosmetic Surgery en Dallas, nuestros destacados cirujanos, el Dr. David Azouz y el Dr. Solomon Azouz, aprovechan su vasta experiencia para ofrecer soluciones personalizadas de trasplante capilar adaptadas a las necesidades \u00fanicas de cada paciente.<\/p>\n<h2>Soluciones de Trasplante Capilar para Todos<\/h2>\n<p>La din\u00e1mica de la p\u00e9rdida de cabello var\u00eda entre las personas. Por lo tanto, ofrecemos una amplia gama de tratamientos para satisfacer las diversas necesidades de restauraci\u00f3n capilar de nuestros clientes:<br \/>\n<nav class=\"flc-submenu\" aria-label=\"sub menu\"><ul><li class=\"page_item page-item-8429\"><a href=\"https:\/\/www.drazouz.com\/es\/restauracion-capilar-no-quirurgica\/\">Restauraci\u00f3n Capilar No Quir\u00fargica<\/a><\/li>\n<li class=\"page_item page-item-8402\"><a href=\"https:\/\/www.drazouz.com\/es\/trasplante-capilar-de-extraccion-de-unidades-foliculares-fue\/\">Trasplante Capilar de Extracci\u00f3n de Unidades Foliculares (FUE)<\/a><\/li>\n<li class=\"page_item page-item-8418\"><a href=\"https:\/\/www.drazouz.com\/es\/trasplante-capilar-femenino\/\">Trasplante Capilar Femenino<\/a><\/li>\n<li class=\"page_item page-item-8391\"><a href=\"https:\/\/www.drazouz.com\/es\/trasplante-capilar-masculino\/\">Trasplante Capilar Masculino<\/a><\/li>\n<li class=\"page_item page-item-8409\"><a href=\"https:\/\/www.drazouz.com\/es\/trasplante-capilar-mediante-transferencia-de-unidades-foliculares-fut\/\">Trasplante Capilar mediante Transferencia de Unidades Foliculares (FUT)<\/a><\/li>\n<\/ul><\/nav><\/p>\n<h2>\u00bfPor qu\u00e9 elegir Azouz Plastic and Cosmetic Surgery?<\/h2>\n<p>Decidir someterse a un trasplante capilar es una decisi\u00f3n significativa que merece la atenci\u00f3n de expertos experimentados. Aqu\u00ed te presentamos por qu\u00e9 los pacientes conf\u00edan en el Dr. David Azouz, el Dr. Solomon Azouz y nuestro competente equipo:<\/p>\n<ul>\n<li>\n<strong>Cirujanos Experimentados:<\/strong> Tanto el Dr. David como el Dr. Solomon Azouz cuentan con a\u00f1os de experiencia pr\u00e1ctica, garantizando precisi\u00f3n y resultados \u00f3ptimos.<\/li>\n<li><strong>Enfoque Personalizado:<\/strong> Creemos en crear un plan de tratamiento personalizado, comprendiendo que el patr\u00f3n de p\u00e9rdida de cabello y los resultados deseados var\u00edan en cada individuo.<\/li>\n<li><strong>Cuidado Integral:<\/strong> M\u00e1s all\u00e1 del procedimiento en s\u00ed, nuestro equipo brinda atenci\u00f3n postoperatoria integral, asegurando la longevidad de tu trasplante capilar y gui\u00e1ndote en cada paso del camino.<\/li>\n<\/ul>\n<p>El trasplante capilar puede ser una decisi\u00f3n que cambie la vida, y en Azouz Plastic and Cosmetic Surgery, estamos comprometidos a hacer que tu camino hacia renovada confianza sea lo m\u00e1s fluido y gratificante posible. Para explorar nuestras soluciones de trasplante capilar y determinar la mejor opci\u00f3n para ti, <a href=\"https:\/\/www.drazouz.com\/es\/contact\/\">agenda una consulta<\/a> con nuestros expertos en Dallas hoy mismo.<\/p>\n","protected":false},"excerpt":{"rendered":"<p>La p\u00e9rdida de cabello puede ser una experiencia angustiante que afecta la autoestima y la confianza en<br \/><a href=\"https:\/\/www.drazouz.com\/es\/trasplante-capilar-restauracion-capilar\/\" class=\"btn btn-blue mt-3\">Sigue leyendo<\/a><\/p>\n","protected":false},"author":1,"featured_media":8344,"parent":8581,"menu_order":0,"comment_status":"closed","ping_status":"closed","template":"","meta":{"_acf_changed":false,"footnotes":""},"class_list":["post-8382","page","type-page","status-publish","has-post-thumbnail"],"acf":[],"yoast_head":"<!-- This site is optimized with the Yoast SEO plugin v26.6 - https:\/\/yoast.com\/wordpress\/plugins\/seo\/ -->\n<title>Trasplante Capilar | Azouz Cirug\u00eda Pl\u00e1stica y Est\u00e9tica<\/title>\n<meta name=\"robots\" content=\"index, follow, max-snippet:-1, max-image-preview:large, max-video-preview:-1\" \/>\n<link rel=\"canonical\" href=\"https:\/\/www.drazouz.com\/es\/trasplante-capilar-restauracion-capilar\/\" \/>\n<meta property=\"og:locale\" content=\"es_ES\" \/>\n<meta property=\"og:type\" content=\"article\" \/>\n<meta property=\"og:title\" content=\"Trasplante Capilar | Azouz Cirug\u00eda Pl\u00e1stica y Est\u00e9tica\" \/>\n<meta property=\"og:description\" content=\"La p\u00e9rdida de cabello puede ser una experiencia angustiante que afecta la autoestima y la confianza enSigue leyendo\" \/>\n<meta property=\"og:url\" content=\"https:\/\/www.drazouz.com\/es\/trasplante-capilar-restauracion-capilar\/\" \/>\n<meta property=\"og:site_name\" content=\"Azouz Cirug\u00eda Pl\u00e1stica y Est\u00e9tica\" \/>\n<meta property=\"article:modified_time\" content=\"2024-03-05T08:10:11+00:00\" \/>\n<meta property=\"og:image\" content=\"https:\/\/www.drazouz.com\/wp-content\/uploads\/2023\/12\/header-hair-transplant-2.jpg\" \/>\n<meta name=\"twitter:card\" content=\"summary_large_image\" \/>\n<meta name=\"twitter:image\" content=\"https:\/\/www.drazouz.com\/wp-content\/uploads\/2023\/12\/header-hair-transplant-2.jpg\" \/>\n<meta name=\"twitter:label1\" content=\"Tiempo de lectura\" \/>\n\t<meta name=\"twitter:data1\" content=\"2 minutos\" \/>\n<!-- \/ Yoast SEO plugin. -->","yoast_head_json":{"title":"Trasplante Capilar | Azouz Cirug\u00eda Pl\u00e1stica y Est\u00e9tica","robots":{"index":"index","follow":"follow","max-snippet":"max-snippet:-1","max-image-preview":"max-image-preview:large","max-video-preview":"max-video-preview:-1"},"canonical":"https:\/\/www.drazouz.com\/es\/trasplante-capilar-restauracion-capilar\/","og_locale":"es_ES","og_type":"article","og_title":"Trasplante Capilar | Azouz Cirug\u00eda Pl\u00e1stica y Est\u00e9tica","og_description":"La p\u00e9rdida de cabello puede ser una experiencia angustiante que afecta la autoestima y la confianza enSigue leyendo","og_url":"https:\/\/www.drazouz.com\/es\/trasplante-capilar-restauracion-capilar\/","og_site_name":"Azouz Cirug\u00eda Pl\u00e1stica y Est\u00e9tica","article_modified_time":"2024-03-05T08:10:11+00:00","og_image":[{"url":"https:\/\/www.drazouz.com\/wp-content\/uploads\/2023\/12\/header-hair-transplant-2.jpg","type":"","width":"","height":""}],"twitter_card":"summary_large_image","twitter_image":"https:\/\/www.drazouz.com\/wp-content\/uploads\/2023\/12\/header-hair-transplant-2.jpg","twitter_misc":{"Tiempo de lectura":"2 minutos"},"schema":{"@context":"https:\/\/schema.org","@graph":[{"@type":"WebPage","@id":"https:\/\/www.drazouz.com\/es\/trasplante-capilar-restauracion-capilar\/","url":"https:\/\/www.drazouz.com\/es\/trasplante-capilar-restauracion-capilar\/","name":"Trasplante Capilar | Azouz Cirug\u00eda Pl\u00e1stica y Est\u00e9tica","isPartOf":{"@id":"https:\/\/www.drazouz.com\/es\/#website"},"primaryImageOfPage":{"@id":"https:\/\/www.drazouz.com\/es\/trasplante-capilar-restauracion-capilar\/#primaryimage"},"image":{"@id":"https:\/\/www.drazouz.com\/es\/trasplante-capilar-restauracion-capilar\/#primaryimage"},"thumbnailUrl":"https:\/\/www.drazouz.com\/wp-content\/uploads\/2023\/12\/header-hair-transplant-2.jpg","datePublished":"2023-10-03T08:57:56+00:00","dateModified":"2024-03-05T08:10:11+00:00","breadcrumb":{"@id":"https:\/\/www.drazouz.com\/es\/trasplante-capilar-restauracion-capilar\/#breadcrumb"},"inLanguage":"es","potentialAction":[{"@type":"ReadAction","target":["https:\/\/www.drazouz.com\/es\/trasplante-capilar-restauracion-capilar\/"]}]},{"@type":"ImageObject","inLanguage":"es","@id":"https:\/\/www.drazouz.com\/es\/trasplante-capilar-restauracion-capilar\/#primaryimage","url":"https:\/\/www.drazouz.com\/wp-content\/uploads\/2023\/12\/header-hair-transplant-2.jpg","contentUrl":"https:\/\/www.drazouz.com\/wp-content\/uploads\/2023\/12\/header-hair-transplant-2.jpg","width":1918,"height":915,"caption":"the head of a man before and after hair transplant surgery"},{"@type":"BreadcrumbList","@id":"https:\/\/www.drazouz.com\/es\/trasplante-capilar-restauracion-capilar\/#breadcrumb","itemListElement":[{"@type":"ListItem","position":1,"name":"Home","item":"https:\/\/www.drazouz.com\/es\/"},{"@type":"ListItem","position":2,"name":"Procedimientos","item":"https:\/\/www.drazouz.com\/es\/procedimientos\/"},{"@type":"ListItem","position":3,"name":"Trasplante Capilar"}]},{"@type":"WebSite","@id":"https:\/\/www.drazouz.com\/es\/#website","url":"https:\/\/www.drazouz.com\/es\/","name":"Azouz Cirug\u00eda Pl\u00e1stica y Est\u00e9tica","description":"","potentialAction":[{"@type":"SearchAction","target":{"@type":"EntryPoint","urlTemplate":"https:\/\/www.drazouz.com\/es\/?s={search_term_string}"},"query-input":{"@type":"PropertyValueSpecification","valueRequired":true,"valueName":"search_term_string"}}],"inLanguage":"es"}]}},"_links":{"self":[{"href":"https:\/\/www.drazouz.com\/es\/wp-json\/wp\/v2\/pages\/8382","targetHints":{"allow":["GET"]}}],"collection":[{"href":"https:\/\/www.drazouz.com\/es\/wp-json\/wp\/v2\/pages"}],"about":[{"href":"https:\/\/www.drazouz.com\/es\/wp-json\/wp\/v2\/types\/page"}],"author":[{"embeddable":true,"href":"https:\/\/www.drazouz.com\/es\/wp-json\/wp\/v2\/users\/1"}],"replies":[{"embeddable":true,"href":"https:\/\/www.drazouz.com\/es\/wp-json\/wp\/v2\/comments?post=8382"}],"version-history":[{"count":13,"href":"https:\/\/www.drazouz.com\/es\/wp-json\/wp\/v2\/pages\/8382\/revisions"}],"predecessor-version":[{"id":8412,"href":"https:\/\/www.drazouz.com\/es\/wp-json\/wp\/v2\/pages\/8382\/revisions\/8412"}],"up":[{"embeddable":true,"href":"https:\/\/www.drazouz.com\/es\/wp-json\/wp\/v2\/pages\/8581"}],"wp:featuredmedia":[{"embeddable":true,"href":"https:\/\/www.drazouz.com\/es\/wp-json\/wp\/v2\/media\/8344"}],"wp:attachment":[{"href":"https:\/\/www.drazouz.com\/es\/wp-json\/wp\/v2\/media?parent=8382"}],"curies":[{"name":"wp","href":"https:\/\/api.w.org\/{rel}","templated":true}]}}