{"id":7970,"date":"2022-07-26T16:04:53","date_gmt":"2022-07-26T21:04:53","guid":{"rendered":"https:\/\/www.drazouz.com\/?page_id=7970"},"modified":"2023-12-21T11:49:07","modified_gmt":"2023-12-21T16:49:07","slug":"liposuccion-de-menton","status":"publish","type":"page","link":"https:\/\/www.drazouz.com\/es\/liposuccion-de-menton\/","title":{"rendered":"Liposucci\u00f3n de Ment\u00f3n"},"content":{"rendered":"<p>Una papada doble, tambi\u00e9n conocida como grasa submental, es causada por una acumulaci\u00f3n de dep\u00f3sitos de grasa debajo del ment\u00f3n y la l\u00ednea de la mand\u00edbula. La gen\u00e9tica, el envejecimiento, el aumento de peso y la distribuci\u00f3n general de la grasa corporal pueden desempe\u00f1ar un papel en su desarrollo. Desafortunadamente, la papada doble es particularmente resistente a la dieta y al ejercicio, lo que dificulta para las personas que desean dar forma a su cuello y l\u00ednea de la mand\u00edbula.<\/p>\n<p>El exceso de grasa en el ment\u00f3n puede tener un impacto significativo en la <a href=\"https:\/\/www.drazouz.com\/es\/face\/\">est\u00e9tica facial<\/a>, cambiando la armon\u00eda general y el equilibrio de las caracter\u00edsticas de una persona. Una papada doble puede hacer que la l\u00ednea de la mand\u00edbula sea menos definida y que el perfil facial parezca m\u00e1s redondo y menos esculpido. Esta acumulaci\u00f3n de grasa debajo del ment\u00f3n puede desviar la atenci\u00f3n de otras caracter\u00edsticas faciales atractivas como los p\u00f3mulos y los ojos. Adem\u00e1s, puede dar la apariencia de un rostro m\u00e1s pesado o m\u00e1s envejecido, haciendo que las personas se sientan cohibidas y insatisfechas con su apariencia.<\/p>\n<p>Los pacientes pueden lograr una l\u00ednea de la mand\u00edbula m\u00e1s refinada y contorneada al eliminar la grasa del ment\u00f3n con procedimientos como la liposucci\u00f3n de ment\u00f3n, restaurando la armon\u00eda facial y mejorando la est\u00e9tica facial general. La eliminaci\u00f3n del exceso de grasa en el ment\u00f3n no solo resulta en una apariencia m\u00e1s juvenil y atractiva, sino que tambi\u00e9n aumenta la confianza y la autoestima en personas que buscan un perfil facial esculpido y equilibrado.<\/p>\n<h2>Candidatos Ideales para la Liposucci\u00f3n de Ment\u00f3n<\/h2>\n<p>Los mejores candidatos para la cirug\u00eda de eliminaci\u00f3n de papada son individuos que:<\/p>\n<ul>\n<li>Se sienten molestos por la apariencia de una papada doble<\/li>\n<li>Tienen buena elasticidad cut\u00e1nea para garantizar un contorneo adecuado despu\u00e9s de la cirug\u00eda<\/li>\n<li>Est\u00e1n dentro de su rango de peso ideal con un peso corporal estable<\/li>\n<li>Tienen expectativas realistas sobre los resultados del procedimiento<\/li>\n<\/ul>\n<p><img loading=\"lazy\" decoding=\"async\" src=\"https:\/\/www.drazouz.com\/wp-content\/uploads\/2023\/08\/double-chin-liposuction-surgery.jpg\" alt=\"Joven mujer hermosa despu\u00e9s de la cirug\u00eda de liposucci\u00f3n de doble ment\u00f3n para eliminar la grasa del ment\u00f3n tocando su ment\u00f3n bien definido.\" width=\"812\" height=\"437\" class=\"aligncenter size-full wp-image-5988\" srcset=\"https:\/\/www.drazouz.com\/wp-content\/uploads\/2023\/08\/double-chin-liposuction-surgery.jpg 812w, https:\/\/www.drazouz.com\/wp-content\/uploads\/2023\/08\/double-chin-liposuction-surgery-300x161.jpg 300w, https:\/\/www.drazouz.com\/wp-content\/uploads\/2023\/08\/double-chin-liposuction-surgery-768x413.jpg 768w\" sizes=\"auto, (max-width: 812px) 100vw, 812px\" \/><\/p>\n<h2>Beneficios de la Liposucci\u00f3n de Ment\u00f3n<\/h2>\n<p>La <a href=\"https:\/\/www.drazouz.com\/es\/liposuction\/\">liposucci\u00f3n<\/a> de ment\u00f3n ofrece numerosos beneficios a los pacientes que buscan un perfil facial m\u00e1s esculpido:<\/p>\n<ul>\n<li>Eliminaci\u00f3n precisa de grasa: Precisi\u00f3n al dirigirse a \u00e1reas espec\u00edficas de preocupaci\u00f3n<\/li>\n<li>M\u00ednimamente invasiva: Peque\u00f1as incisiones que resultan en menos cicatrices<\/li>\n<li>Procedimiento r\u00e1pido: Por lo general, se realiza de forma ambulatoria<\/li>\n<li>Recuperaci\u00f3n r\u00e1pida: La mayor\u00eda de los pacientes pueden reanudar sus actividades normales en unos pocos d\u00edas<\/li>\n<li>Resultados duraderos: Las c\u00e9lulas de grasa se eliminan de forma permanente, brindando resultados duraderos<\/li>\n<\/ul>\n<h2>Lipo de Ment\u00f3n en Dallas<\/h2>\n<p>El cirujano pl\u00e1stico certificado, el Dr. Azouz, llevar\u00e1 a cabo una evaluaci\u00f3n exhaustiva y discutir\u00e1 el resultado deseado antes del procedimiento. Se realizar\u00e1n peque\u00f1as incisiones debajo del ment\u00f3n en ubicaciones discretas durante el procedimiento. Luego, se insertar\u00e1 una c\u00e1nula delgada para succionar cuidadosamente el exceso de grasa. La t\u00e9cnica precisa del Dr. Azouz resulta en un contorno de ment\u00f3n y cuello refinado y sim\u00e9trico.<br \/>\n<img loading=\"lazy\" decoding=\"async\" src=\"https:\/\/www.drazouz.com\/wp-content\/uploads\/2023\/08\/double-chin-removal-surgery.jpg\" alt=\"Ment\u00f3n de mujer antes y despu\u00e9s de la cirug\u00eda de eliminaci\u00f3n de doble ment\u00f3n.\" width=\"812\" height=\"460\" class=\"aligncenter size-full wp-image-5990\" srcset=\"https:\/\/www.drazouz.com\/wp-content\/uploads\/2023\/08\/double-chin-removal-surgery.jpg 812w, https:\/\/www.drazouz.com\/wp-content\/uploads\/2023\/08\/double-chin-removal-surgery-300x170.jpg 300w, https:\/\/www.drazouz.com\/wp-content\/uploads\/2023\/08\/double-chin-removal-surgery-768x435.jpg 768w\" sizes=\"auto, (max-width: 812px) 100vw, 812px\" \/><\/p>\n<h2>Anestesia Utilizada Durante la Cirug\u00eda<\/h2>\n<p>Durante la cirug\u00eda de eliminaci\u00f3n de doble ment\u00f3n, el cirujano pl\u00e1stico de Dallas, el Dr. Azouz, prioriza la seguridad y comodidad del paciente. En la mayor\u00eda de los casos, utiliza anestesia local combinada con sedaci\u00f3n para aliviar el malestar y el dolor.<\/p>\n<h2>Riesgos de la Liposucci\u00f3n de Ment\u00f3n<\/h2>\n<p>Como con cualquier procedimiento quir\u00fargico, existen riesgos inherentes asociados con la cirug\u00eda de liposucci\u00f3n de ment\u00f3n. Estos pueden incluir:<\/p>\n<ul>\n<li>Moratones y hinchaz\u00f3n temporales<\/li>\n<li>Infecci\u00f3n en los sitios de incisi\u00f3n<\/li>\n<li>Contornos irregulares o asimetr\u00eda<\/li>\n<li>Adormecimiento o cambios en la sensaci\u00f3n de la piel<\/li>\n<li>En raras ocasiones, co\u00e1gulos sangu\u00edneos o complicaciones card\u00edacas<\/li>\n<\/ul>\n<p>El Dr. Azouz tomar\u00e1 las precauciones necesarias y supervisar\u00e1 de cerca su recuperaci\u00f3n para minimizar estos riesgos.<\/p>\n<h2>Recuperaci\u00f3n despu\u00e9s de la Cirug\u00eda de Eliminaci\u00f3n de Doble Ment\u00f3n<\/h2>\n<p>Puede experimentar molestias leves, moratones e hinchaz\u00f3n despu\u00e9s de la cirug\u00eda, que se pueden controlar con medicamentos para el dolor recetados y una banda de compresi\u00f3n en la cabeza. La mayor\u00eda de los pacientes pueden regresar al trabajo y realizar actividades ligeras dentro de unos d\u00edas, pero se deben evitar ejercicios y actividades extenuantes durante varias semanas. El cirujano pl\u00e1stico de Dallas, el Dr. Azouz, evaluar\u00e1 su progreso durante las citas de seguimiento despu\u00e9s de la cirug\u00eda.<br \/>\n<img loading=\"lazy\" decoding=\"async\" src=\"https:\/\/www.drazouz.com\/wp-content\/uploads\/2023\/08\/under-chin-fat-surgery.jpg\" alt=\"Ment\u00f3n de un hombre antes y despu\u00e9s de la cirug\u00eda de grasa debajo del ment\u00f3n para reducci\u00f3n de doble ment\u00f3n.\" width=\"812\" height=\"541\" class=\"aligncenter size-full wp-image-5992\" srcset=\"https:\/\/www.drazouz.com\/wp-content\/uploads\/2023\/08\/under-chin-fat-surgery.jpg 812w, https:\/\/www.drazouz.com\/wp-content\/uploads\/2023\/08\/under-chin-fat-surgery-300x200.jpg 300w, https:\/\/www.drazouz.com\/wp-content\/uploads\/2023\/08\/under-chin-fat-surgery-768x512.jpg 768w\" sizes=\"auto, (max-width: 812px) 100vw, 812px\" \/><\/p>\n<h2>Otras Cirug\u00edas que se Pueden Combinar con la Liposucci\u00f3n de Ment\u00f3n<\/h2>\n<p>La liposucci\u00f3n de ment\u00f3n se puede combinar con otros procedimientos cosm\u00e9ticos para mejorar la armon\u00eda facial. Las cirug\u00edas combinadas m\u00e1s comunes son:<\/p>\n<ul>\n<li><a href=\"https:\/\/www.drazouz.com\/es\/neck-lift\/\">Estiramiento de Cuello<\/a>: para tensar la piel suelta del cuello y mejorar el contorno del cuello<\/li>\n<li><a href=\"https:\/\/www.drazouz.com\/es\/facelift\/\">Estiramiento Facial<\/a>: para una apariencia facial rejuvenecida en general<\/li>\n<li><a href=\"https:\/\/www.drazouz.com\/es\/otoplasty-ear-pinning\/\">Otoplastia<\/a>: para un perfil facial m\u00e1s sim\u00e9trico y equilibrado<\/li>\n<\/ul>\n<p>La liposucci\u00f3n de ment\u00f3n en Dallas, realizada por el <a href=\"https:\/\/www.drazouz.com\/es\/meet-dr-solomon-azouz\/\">Dr. Azouz<\/a>, es una forma segura y efectiva de eliminar la grasa no deseada del ment\u00f3n y lograr una l\u00ednea de la mand\u00edbula bellamente contorneada. Este procedimiento puede brindarle el impulso de confianza que ha estado buscando con un tiempo de inactividad m\u00ednimo y resultados duraderos. Llame al <a href=\"tel:9727028888\" class=\"phone_anchor \" aria-label=\"ll\u00e1manos (972) 702-8888\">(972) 702-8888<\/a> para programar una consulta con el cirujano pl\u00e1stico certificado, el Dr. Azouz, y ver si la liposucci\u00f3n de ment\u00f3n es adecuada para usted.<\/p>\n","protected":false},"excerpt":{"rendered":"<p>Una papada doble, tambi\u00e9n conocida como grasa submental, es causada por una acumulaci\u00f3n de dep\u00f3sitos de grasa<br \/><a href=\"https:\/\/www.drazouz.com\/es\/liposuccion-de-menton\/\" class=\"btn btn-blue mt-3\">Sigue leyendo<\/a><\/p>\n","protected":false},"author":1,"featured_media":6010,"parent":3788,"menu_order":0,"comment_status":"closed","ping_status":"closed","template":"","meta":{"_acf_changed":false,"footnotes":""},"class_list":["post-7970","page","type-page","status-publish","has-post-thumbnail"],"acf":[],"yoast_head":"<!-- This site is optimized with the Yoast SEO plugin v27.4 - https:\/\/yoast.com\/product\/yoast-seo-wordpress\/ -->\n<title>Liposucci\u00f3n de Ment\u00f3n | Azouz Cirug\u00eda Pl\u00e1stica y Est\u00e9tica<\/title>\n<meta name=\"robots\" content=\"index, follow, max-snippet:-1, max-image-preview:large, max-video-preview:-1\" \/>\n<link rel=\"canonical\" href=\"https:\/\/www.drazouz.com\/es\/liposuccion-de-menton\/\" \/>\n<meta property=\"og:locale\" content=\"es_ES\" \/>\n<meta property=\"og:type\" content=\"article\" \/>\n<meta property=\"og:title\" content=\"Liposucci\u00f3n de Ment\u00f3n | Azouz Cirug\u00eda Pl\u00e1stica y Est\u00e9tica\" \/>\n<meta property=\"og:description\" content=\"Una papada doble, tambi\u00e9n conocida como grasa submental, es causada por una acumulaci\u00f3n de dep\u00f3sitos de grasaSigue leyendo\" \/>\n<meta property=\"og:url\" content=\"https:\/\/www.drazouz.com\/es\/liposuccion-de-menton\/\" \/>\n<meta property=\"og:site_name\" content=\"Azouz Cirug\u00eda Pl\u00e1stica y Est\u00e9tica\" \/>\n<meta property=\"article:modified_time\" content=\"2023-12-21T16:49:07+00:00\" \/>\n<meta property=\"og:image\" content=\"https:\/\/www.drazouz.com\/wp-content\/uploads\/2023\/08\/double-chin-removal-header-scaled-mobile.jpg\" \/>\n<meta name=\"twitter:card\" content=\"summary_large_image\" \/>\n<meta name=\"twitter:image\" content=\"https:\/\/www.drazouz.com\/wp-content\/uploads\/2023\/08\/double-chin-removal-header-scaled-mobile.jpg\" \/>\n<meta name=\"twitter:label1\" content=\"Tiempo de lectura\" \/>\n\t<meta name=\"twitter:data1\" content=\"5 minutos\" \/>\n<!-- \/ Yoast SEO plugin. -->","yoast_head_json":{"title":"Liposucci\u00f3n de Ment\u00f3n | Azouz Cirug\u00eda Pl\u00e1stica y Est\u00e9tica","robots":{"index":"index","follow":"follow","max-snippet":"max-snippet:-1","max-image-preview":"max-image-preview:large","max-video-preview":"max-video-preview:-1"},"canonical":"https:\/\/www.drazouz.com\/es\/liposuccion-de-menton\/","og_locale":"es_ES","og_type":"article","og_title":"Liposucci\u00f3n de Ment\u00f3n | Azouz Cirug\u00eda Pl\u00e1stica y Est\u00e9tica","og_description":"Una papada doble, tambi\u00e9n conocida como grasa submental, es causada por una acumulaci\u00f3n de dep\u00f3sitos de grasaSigue leyendo","og_url":"https:\/\/www.drazouz.com\/es\/liposuccion-de-menton\/","og_site_name":"Azouz Cirug\u00eda Pl\u00e1stica y Est\u00e9tica","article_modified_time":"2023-12-21T16:49:07+00:00","og_image":[{"url":"https:\/\/www.drazouz.com\/wp-content\/uploads\/2023\/08\/double-chin-removal-header-scaled-mobile.jpg","type":"","width":"","height":""}],"twitter_card":"summary_large_image","twitter_image":"https:\/\/www.drazouz.com\/wp-content\/uploads\/2023\/08\/double-chin-removal-header-scaled-mobile.jpg","twitter_misc":{"Tiempo de lectura":"5 minutos"},"schema":{"@context":"https:\/\/schema.org","@graph":[{"@type":"WebPage","@id":"https:\/\/www.drazouz.com\/es\/liposuccion-de-menton\/","url":"https:\/\/www.drazouz.com\/es\/liposuccion-de-menton\/","name":"Liposucci\u00f3n de Ment\u00f3n | Azouz Cirug\u00eda Pl\u00e1stica y Est\u00e9tica","isPartOf":{"@id":"https:\/\/www.drazouz.com\/es\/#website"},"primaryImageOfPage":{"@id":"https:\/\/www.drazouz.com\/es\/liposuccion-de-menton\/#primaryimage"},"image":{"@id":"https:\/\/www.drazouz.com\/es\/liposuccion-de-menton\/#primaryimage"},"thumbnailUrl":"https:\/\/www.drazouz.com\/wp-content\/uploads\/2023\/08\/double-chin-removal-header-scaled-mobile.jpg","datePublished":"2022-07-26T21:04:53+00:00","dateModified":"2023-12-21T16:49:07+00:00","breadcrumb":{"@id":"https:\/\/www.drazouz.com\/es\/liposuccion-de-menton\/#breadcrumb"},"inLanguage":"es","potentialAction":[{"@type":"ReadAction","target":["https:\/\/www.drazouz.com\/es\/liposuccion-de-menton\/"]}]},{"@type":"ImageObject","inLanguage":"es","@id":"https:\/\/www.drazouz.com\/es\/liposuccion-de-menton\/#primaryimage","url":"https:\/\/www.drazouz.com\/wp-content\/uploads\/2023\/08\/double-chin-removal-header-scaled-mobile.jpg","contentUrl":"https:\/\/www.drazouz.com\/wp-content\/uploads\/2023\/08\/double-chin-removal-header-scaled-mobile.jpg","width":800,"height":215,"caption":"double chin removal"},{"@type":"BreadcrumbList","@id":"https:\/\/www.drazouz.com\/es\/liposuccion-de-menton\/#breadcrumb","itemListElement":[{"@type":"ListItem","position":1,"name":"Home","item":"https:\/\/www.drazouz.com\/es\/"},{"@type":"ListItem","position":2,"name":"Procedimientos","item":"https:\/\/www.drazouz.com\/es\/procedimientos\/"},{"@type":"ListItem","position":3,"name":"Rostro","item":"https:\/\/www.drazouz.com\/es\/face\/"},{"@type":"ListItem","position":4,"name":"Liposucci\u00f3n de Ment\u00f3n"}]},{"@type":"WebSite","@id":"https:\/\/www.drazouz.com\/es\/#website","url":"https:\/\/www.drazouz.com\/es\/","name":"Azouz Cirug\u00eda Pl\u00e1stica y Est\u00e9tica","description":"","potentialAction":[{"@type":"SearchAction","target":{"@type":"EntryPoint","urlTemplate":"https:\/\/www.drazouz.com\/es\/?s={search_term_string}"},"query-input":{"@type":"PropertyValueSpecification","valueRequired":true,"valueName":"search_term_string"}}],"inLanguage":"es"}]}},"_links":{"self":[{"href":"https:\/\/www.drazouz.com\/es\/wp-json\/wp\/v2\/pages\/7970","targetHints":{"allow":["GET"]}}],"collection":[{"href":"https:\/\/www.drazouz.com\/es\/wp-json\/wp\/v2\/pages"}],"about":[{"href":"https:\/\/www.drazouz.com\/es\/wp-json\/wp\/v2\/types\/page"}],"author":[{"embeddable":true,"href":"https:\/\/www.drazouz.com\/es\/wp-json\/wp\/v2\/users\/1"}],"replies":[{"embeddable":true,"href":"https:\/\/www.drazouz.com\/es\/wp-json\/wp\/v2\/comments?post=7970"}],"version-history":[{"count":6,"href":"https:\/\/www.drazouz.com\/es\/wp-json\/wp\/v2\/pages\/7970\/revisions"}],"predecessor-version":[{"id":9998,"href":"https:\/\/www.drazouz.com\/es\/wp-json\/wp\/v2\/pages\/7970\/revisions\/9998"}],"up":[{"embeddable":true,"href":"https:\/\/www.drazouz.com\/es\/wp-json\/wp\/v2\/pages\/3788"}],"wp:featuredmedia":[{"embeddable":true,"href":"https:\/\/www.drazouz.com\/es\/wp-json\/wp\/v2\/media\/6010"}],"wp:attachment":[{"href":"https:\/\/www.drazouz.com\/es\/wp-json\/wp\/v2\/media?parent=7970"}],"curies":[{"name":"wp","href":"https:\/\/api.w.org\/{rel}","templated":true}]}}