{"id":7696,"date":"2023-09-22T06:56:01","date_gmt":"2023-09-22T11:56:01","guid":{"rendered":"https:\/\/www.drazouz.com\/?page_id=7696"},"modified":"2024-02-05T12:49:33","modified_gmt":"2024-02-05T17:49:33","slug":"estiramiento-de-cuello-masculino","status":"publish","type":"page","link":"https:\/\/www.drazouz.com\/es\/procedimientos\/hombres\/estiramiento-de-cuello-masculino\/","title":{"rendered":"Estiramiento de Cuello Masculino"},"content":{"rendered":"<p>En el campo de la est\u00e9tica, un n\u00famero creciente de hombres est\u00e1 considerando procedimientos quir\u00fargicos para mejorar la apariencia de su cuello. La <a href=\"https:\/\/www.drazouz.com\/es\/blog\/male-plastic-surgery-is-on-the-rise\/\">cirug\u00eda de lifting de cuello para hombres est\u00e1 ganando popularidad<\/a> como una soluci\u00f3n transformadora para mejorar la est\u00e9tica del cuello masculino. El cirujano pl\u00e1stico certificado, el Dr. Azouz, comprende que la est\u00e9tica del cuello masculino difiere significativamente de la est\u00e9tica del cuello femenino. Los hombres suelen buscar un perfil de cuello fuerte y angular con una presencia imponente. Lograr un contorno de cuello masculino ideal a menudo implica abordar una mand\u00edbula bien definida, una prominente manzana de Ad\u00e1n y un exceso m\u00ednimo de piel o grasa. Adem\u00e1s, los hombres tienen vello facial que altera la est\u00e9tica y la calidad de la piel del cuello.<\/p>\n<h2>Caracter\u00edsticas de un cuello masculino:<\/h2>\n<ul>\n<li>Mand\u00edbula Fuerte: Un cuello masculino presenta una mand\u00edbula bien definida. Personifica una sensaci\u00f3n de fuerza y virilidad que muchos hombres buscan.<\/li>\n<li>Piel Tensa: El exceso de piel fl\u00e1cida puede dar la apariencia de ser mayor. Los hombres suelen desear una piel firme y juvenil que complemente sus rasgos faciales en general.<\/li>\n<li>Manzana de Ad\u00e1n: La prominente manzana de Ad\u00e1n agrega una caracter\u00edstica distintiva al cuello masculino. Seg\u00fan las preferencias del paciente, esta caracter\u00edstica se puede realzar o preservar durante un procedimiento de lifting de cuello.<\/li>\n<\/ul>\n<h2>C\u00f3mo un lifting de cuello puede mejorar el cuello masculino<\/h2>\n<p>La cirug\u00eda de lifting de cuello para hombres es una forma efectiva de lograr la <a href=\"https:\/\/www.drazouz.com\/es\/for-men\/\">est\u00e9tica masculina deseada<\/a>. Este procedimiento combina t\u00e9cnicas para producir un contorno m\u00e1s definido y una apariencia rejuvenecida.<\/p>\n<ul>\n<li>Eliminaci\u00f3n de piel en exceso: La eliminaci\u00f3n de piel en exceso es uno de los objetivos principales de un lifting de cuello. La elasticidad de la piel disminuye en los hombres a medida que envejecen, lo que resulta en flacidez y arrugas. El cuello puede volverse m\u00e1s firme y juvenil al eliminar la piel suelta debajo de la barbilla.<\/li>\n<li>Estiramiento de m\u00fasculos: Con la edad, los m\u00fasculos del cuello pueden debilitarse, lo que resulta en una p\u00e9rdida de definici\u00f3n. Durante un lifting de cuello, estos m\u00fasculos se tensan y reposicionan, lo que ayuda a restaurar una apariencia m\u00e1s esculpida.<\/li>\n<li>Liposucci\u00f3n: Los dep\u00f3sitos de grasa en exceso pueden contribuir a la falta de definici\u00f3n del cuello en algunos casos. La liposucci\u00f3n puede utilizarse como parte del procedimiento para eliminar estos dep\u00f3sitos de grasa y mejorar el contorno de la mand\u00edbula y del cuello.<\/li>\n<\/ul>\n<p><img decoding=\"async\" src=\"https:\/\/www.drazouz.com\/wp-content\/uploads\/2023\/09\/necklift-for-men-1.jpg\" alt=\"piel fl\u00e1cida en el cuello de los hombres | cirug\u00eda de lifting de cuello\" width=\"800\" height=\"auto\" class=\"aligncenter size-full wp-image-6185\" srcset=\"https:\/\/www.drazouz.com\/wp-content\/uploads\/2023\/09\/necklift-for-men-1.jpg 900w, https:\/\/www.drazouz.com\/wp-content\/uploads\/2023\/09\/necklift-for-men-1-300x200.jpg 300w, https:\/\/www.drazouz.com\/wp-content\/uploads\/2023\/09\/necklift-for-men-1-768x512.jpg 768w\" sizes=\"(max-width: 900px) 100vw, 900px\" \/><\/p>\n<h2>Candidatos para la cirug\u00eda<\/h2>\n<p>Los candidatos t\u00edpicos incluyen hombres que:<\/p>\n<ul>\n<li>Tienen flacidez en el cuello o piel suelta<\/li>\n<li>Desean un perfil de cuello m\u00e1s joven y definido<\/li>\n<li>Gozan de buena salud en general<\/li>\n<li>Tienen expectativas razonables sobre los resultados<\/li>\n<\/ul>\n<p>Durante su consulta, <a href=\"https:\/\/www.drazouz.com\/es\/meet-dr-solomon-azouz\/\">el cirujano pl\u00e1stico certificado, el Dr. Solomon Azouz<\/a>, tomar\u00e1 su historial m\u00e9dico y realizar\u00e1 un examen exhaustivo para determinar si es un buen candidato para el procedimiento.<\/p>\n<h2>Beneficios de la cirug\u00eda<\/h2>\n<p>Hay muchos beneficios de la cirug\u00eda de lifting de cuello para hombres, que incluyen:<\/p>\n<ul>\n<li>Mejora de la definici\u00f3n del cuello<\/li>\n<li>Reducci\u00f3n de la piel fl\u00e1cida y la papada<\/li>\n<li>Realce de la l\u00ednea de la mand\u00edbula<\/li>\n<li>Apariencia juvenil y rejuvenecida<\/li>\n<li>Impulso en la autoconfianza<\/li>\n<\/ul>\n<p><img loading=\"lazy\" decoding=\"async\" src=\"https:\/\/www.drazouz.com\/wp-content\/uploads\/2023\/09\/necklift-for-men-2.jpg\" alt=\"antes y despu\u00e9s de un lifting de cuello masculino\" width=\"900\" height=\"343\" class=\"aligncenter size-full wp-image-6191\" srcset=\"https:\/\/www.drazouz.com\/wp-content\/uploads\/2023\/09\/necklift-for-men-2.jpg 900w, https:\/\/www.drazouz.com\/wp-content\/uploads\/2023\/09\/necklift-for-men-2-300x114.jpg 300w, https:\/\/www.drazouz.com\/wp-content\/uploads\/2023\/09\/necklift-for-men-2-768x293.jpg 768w\" sizes=\"auto, (max-width: 900px) 100vw, 900px\" \/><\/p>\n<h2>Cirug\u00eda de Lifting de Cuello para Hombres<\/h2>\n<p>Para minimizar las cicatrices visibles, el Dr. Azouz realiza incisiones estrat\u00e9gicas, a menudo detr\u00e1s de las orejas y debajo del ment\u00f3n. Para lograr una apariencia m\u00e1s esculpida, se elimina el exceso de grasa y piel, y se tensan los m\u00fasculos del cuello. Las incisiones se cierran cuidadosamente para garantizar cicatrices m\u00ednimas.<\/p>\n<h2>Anestesia Utilizada Durante la Cirug\u00eda<\/h2>\n<p>Las necesidades y preferencias individuales del paciente influyen en el tipo de anestesia utilizada. La anestesia local con sedaci\u00f3n es una opci\u00f3n com\u00fan para la cirug\u00eda de lifting de cuello, ya que alivia el dolor y mantiene al paciente c\u00f3modo durante todo el procedimiento. Durante su consulta, el Dr. Azouz repasar\u00e1 sus opciones de anestesia con usted.<\/p>\n<h2>Riesgos de la Cirug\u00eda<\/h2>\n<p>La cirug\u00eda de lifting de cuello, como cualquier procedimiento quir\u00fargico, conlleva riesgos como infecci\u00f3n, cicatrices, hematoma (acumulaci\u00f3n de sangre bajo la piel) y reacciones adversas a la anestesia. Sin embargo, estos riesgos se minimizan cuando son realizados por un cirujano experimentado y capacitado como el Dr. Azouz.<\/p>\n<h2>Recuperaci\u00f3n de una Cirug\u00eda de Lifting de Cuello<\/h2>\n<p>Recuperarse de una cirug\u00eda de lifting de cuello masculino sin drenajes es un paso importante hacia la consecuci\u00f3n de un contorno de cuello m\u00e1s definido y juvenil. A diferencia de los procedimientos tradicionales de lifting de cuello que utilizan drenajes para gestionar la acumulaci\u00f3n de l\u00edquidos postoperatorios, un enfoque sin drenajes reduce la incomodidad y simplifica el proceso de recuperaci\u00f3n. La hinchaz\u00f3n y los hematomas son normales despu\u00e9s de cualquier procedimiento quir\u00fargico. Para asegurar una recuperaci\u00f3n suave y exitosa, es fundamental seguir las instrucciones postoperatorias espec\u00edficas del Dr. Azouz, que incluyen el uso de prendas de compresi\u00f3n y asistir a citas de seguimiento. A medida que la hinchaz\u00f3n disminuye y los tejidos se asientan, los resultados de la cirug\u00eda de lifting de cuello masculino se vuelven m\u00e1s visibles, dej\u00e1ndote con un contorno de cuello m\u00e1s definido y confiado.<\/p>\n<h2>Otras Cirug\u00edas Que Se Pueden Combinar<\/h2>\n<p>Para lograr una <a href=\"https:\/\/www.drazouz.com\/es\/blog\/natural-looking-male-facelifts-with-dr-azouz\/\">apariencia facial general armoniosa<\/a>, la cirug\u00eda de lifting de cuello se combina con frecuencia con otros procedimientos como <a href=\"https:\/\/www.drazouz.com\/es\/male-facelift-in-dallas\/\">lifting facial<\/a>, <a href=\"https:\/\/www.drazouz.com\/es\/male-eyelid-surgery-blepharoplasty-dallas\/\">blefaroplastia<\/a>, <a href=\"https:\/\/www.drazouz.com\/es\/male-rhinoplasty\/\">rinoplastia<\/a>, <a href=\"https:\/\/www.drazouz.com\/es\/men-liposuction-in-dallas\/\">liposucci\u00f3n<\/a> o cirug\u00eda de <a href=\"https:\/\/www.drazouz.com\/es\/gynecomastia\/\">ginecomastia<\/a>. Durante su consulta, el Dr. Azouz discutir\u00e1 las opciones apropiadas con usted.<\/p>\n<h2>Costo de la Cirug\u00eda<\/h2>\n<p>Los costos de la cirug\u00eda de lifting de cuello para hombres var\u00edan seg\u00fan factores como la extensi\u00f3n del procedimiento, la anestesia y las tarifas de la instalaci\u00f3n. El Dr. Azouz le proporcionar\u00e1 un presupuesto personalizado basado en sus necesidades espec\u00edficas durante su consulta.<\/p>\n<p>La cirug\u00eda de lifting de cuello para hombres, realizada por el cirujano pl\u00e1stico certificado por la junta, el Dr. Solomon Azouz, en Dallas, es una soluci\u00f3n transformadora para mejorar la est\u00e9tica del cuello masculino. Con una planificaci\u00f3n cuidadosa, este procedimiento puede brindarle una apariencia m\u00e1s juvenil y masculina. Comun\u00edquese con la oficina del Dr. Azouz al <a href=\"tel:9727028888\" class=\"phone_anchor \" aria-label=\"ll\u00e1manos (972) 702-8888\">(972) 702-8888<\/a> para programar una consulta y comenzar su viaje hacia un perfil de cuello revitalizado que irradia confianza y atractivo.<\/p>\n<h3>Preguntas Frecuentes<\/h3>\n<dl id=\"faq-1\" class=\"flc-faq\"><dt id=\"l11\"><button class=\"card-header collapsed d-flex align-items-center w-100 text-left\" data-toggle=\"collapse\" data-target=\"#t11\" aria-expanded=\"false\" aria-controls=\"t11\"><i class=\"ml-1 fas fa-chevron-down\"><\/i> \u00bfEn qu\u00e9 se diferencia un estiramiento de cuello masculino de uno femenino?<\/button><\/dt><dd id=\"t11\" class=\"m-0 collapse\" aria-labelledby=\"l11\" aria-expanded=\"false\" data-parent=\"#faq-1\"><div class=\"card-body\"><p>Las t\u00e9cnicas de estiramiento de cuello masculino tienen en cuenta las caracter\u00edsticas \u00fanicas del cuello masculino, preservando los rasgos masculinos mientras se abordan las preocupaciones por el envejecimiento. El objetivo es lograr resultados naturales y sutiles.<\/p>\n<\/div><\/dd><dt id=\"l12\"><button class=\"card-header collapsed d-flex align-items-center w-100 text-left\" data-toggle=\"collapse\" data-target=\"#t12\" aria-expanded=\"false\" aria-controls=\"t12\"><i class=\"ml-1 fas fa-chevron-down\"><\/i> \u00bfEs doloroso un estiramiento de cuello masculino?<\/button><\/dt><dd id=\"t12\" class=\"m-0 collapse\" aria-labelledby=\"l12\" aria-expanded=\"false\" data-parent=\"#faq-1\"><div class=\"card-body\"><p>El cirujano pl\u00e1stico certificado por la junta, el Dr. Azouz, utiliza anestesia local y sedaci\u00f3n para ayudar a controlar el dolor durante la cirug\u00eda. La anestesia local puede ayudar con el dolor hasta 24 horas despu\u00e9s del procedimiento. El Dr. Azouz evita el uso de anestesia general para prevenir las n\u00e1useas postoperatorias y mejorar la recuperaci\u00f3n. El cirujano pl\u00e1stico de Dallas, el Dr. Azouz, tambi\u00e9n recetar\u00e1 medicamentos para ayudar con cualquier molestia.<\/p>\n<\/div><\/dd><dt id=\"l13\"><button class=\"card-header collapsed d-flex align-items-center w-100 text-left\" data-toggle=\"collapse\" data-target=\"#t13\" aria-expanded=\"false\" aria-controls=\"t13\"><i class=\"ml-1 fas fa-chevron-down\"><\/i> \u00bfHabr\u00e1 cicatrices visibles despu\u00e9s de un estiramiento de cuello masculino?<\/button><\/dt><dd id=\"t13\" class=\"m-0 collapse\" aria-labelledby=\"l13\" aria-expanded=\"false\" data-parent=\"#faq-1\"><div class=\"card-body\"><p>El cirujano pl\u00e1stico de Dallas, el Dr. Azouz, utiliza los pliegues naturales para camuflar las l\u00edneas de incisi\u00f3n, lo que ayuda a minimizar las cicatrices. Durante tus visitas postoperatorias, el Dr. Azouz supervisar\u00e1 la incisi\u00f3n y podr\u00e1 hacer recomendaciones para ayudar a mejorar la cicatriz a medida que se desvanece con el tiempo.<\/p>\n<\/div><\/dd><dt id=\"l14\"><button class=\"card-header collapsed d-flex align-items-center w-100 text-left\" data-toggle=\"collapse\" data-target=\"#t14\" aria-expanded=\"false\" aria-controls=\"t14\"><i class=\"ml-1 fas fa-chevron-down\"><\/i>  \u00bfSon permanentes los resultados de un estiramiento de cuello masculino?<\/button><\/dt><dd id=\"t14\" class=\"m-0 collapse\" aria-labelledby=\"l14\" aria-expanded=\"false\" data-parent=\"#faq-1\"><div class=\"card-body\"><p>Los resultados est\u00e1n destinados a ser duraderos, proporcionando una apariencia de cuello m\u00e1s definida y juvenil. El mantenimiento a trav\u00e9s de un estilo de vida saludable y un r\u00e9gimen de cuidado de la piel puede contribuir a resultados \u00f3ptimos.<\/p>\n<\/div><\/dd><\/dl>\n","protected":false},"excerpt":{"rendered":"<p>En el campo de la est\u00e9tica, un n\u00famero creciente de hombres est\u00e1 considerando procedimientos quir\u00fargicos para mejorar<br \/><a href=\"https:\/\/www.drazouz.com\/es\/procedimientos\/hombres\/estiramiento-de-cuello-masculino\/\" class=\"btn btn-blue mt-3\">Sigue leyendo<\/a><\/p>\n","protected":false},"author":1,"featured_media":6179,"parent":3802,"menu_order":0,"comment_status":"closed","ping_status":"closed","template":"","meta":{"_acf_changed":false,"footnotes":""},"class_list":["post-7696","page","type-page","status-publish","has-post-thumbnail"],"acf":[],"yoast_head":"<!-- This site is optimized with the Yoast SEO plugin v27.4 - https:\/\/yoast.com\/product\/yoast-seo-wordpress\/ -->\n<title>Estiramiento de Cuello Masculino | Azouz Cirug\u00eda Pl\u00e1stica y Est\u00e9tica<\/title>\n<meta name=\"robots\" content=\"index, follow, max-snippet:-1, max-image-preview:large, max-video-preview:-1\" \/>\n<link rel=\"canonical\" href=\"https:\/\/www.drazouz.com\/es\/procedimientos\/hombres\/estiramiento-de-cuello-masculino\/\" \/>\n<meta property=\"og:locale\" content=\"es_ES\" \/>\n<meta property=\"og:type\" content=\"article\" \/>\n<meta property=\"og:title\" content=\"Estiramiento de Cuello Masculino | Azouz Cirug\u00eda Pl\u00e1stica y Est\u00e9tica\" \/>\n<meta property=\"og:description\" content=\"En el campo de la est\u00e9tica, un n\u00famero creciente de hombres est\u00e1 considerando procedimientos quir\u00fargicos para mejorarSigue leyendo\" \/>\n<meta property=\"og:url\" content=\"https:\/\/www.drazouz.com\/es\/procedimientos\/hombres\/estiramiento-de-cuello-masculino\/\" \/>\n<meta property=\"og:site_name\" content=\"Azouz Cirug\u00eda Pl\u00e1stica y Est\u00e9tica\" \/>\n<meta property=\"article:modified_time\" content=\"2024-02-05T17:49:33+00:00\" \/>\n<meta property=\"og:image\" content=\"https:\/\/www.drazouz.com\/wp-content\/uploads\/2023\/09\/header-img-necklift-men.jpg\" \/>\n<meta name=\"twitter:card\" content=\"summary_large_image\" \/>\n<meta name=\"twitter:image\" content=\"https:\/\/www.drazouz.com\/wp-content\/uploads\/2023\/09\/header-img-necklift-men.jpg\" \/>\n<meta name=\"twitter:label1\" content=\"Tiempo de lectura\" \/>\n\t<meta name=\"twitter:data1\" content=\"5 minutos\" \/>\n<!-- \/ Yoast SEO plugin. -->","yoast_head_json":{"title":"Estiramiento de Cuello Masculino | Azouz Cirug\u00eda Pl\u00e1stica y Est\u00e9tica","robots":{"index":"index","follow":"follow","max-snippet":"max-snippet:-1","max-image-preview":"max-image-preview:large","max-video-preview":"max-video-preview:-1"},"canonical":"https:\/\/www.drazouz.com\/es\/procedimientos\/hombres\/estiramiento-de-cuello-masculino\/","og_locale":"es_ES","og_type":"article","og_title":"Estiramiento de Cuello Masculino | Azouz Cirug\u00eda Pl\u00e1stica y Est\u00e9tica","og_description":"En el campo de la est\u00e9tica, un n\u00famero creciente de hombres est\u00e1 considerando procedimientos quir\u00fargicos para mejorarSigue leyendo","og_url":"https:\/\/www.drazouz.com\/es\/procedimientos\/hombres\/estiramiento-de-cuello-masculino\/","og_site_name":"Azouz Cirug\u00eda Pl\u00e1stica y Est\u00e9tica","article_modified_time":"2024-02-05T17:49:33+00:00","og_image":[{"url":"https:\/\/www.drazouz.com\/wp-content\/uploads\/2023\/09\/header-img-necklift-men.jpg","type":"","width":"","height":""}],"twitter_card":"summary_large_image","twitter_image":"https:\/\/www.drazouz.com\/wp-content\/uploads\/2023\/09\/header-img-necklift-men.jpg","twitter_misc":{"Tiempo de lectura":"5 minutos"},"schema":{"@context":"https:\/\/schema.org","@graph":[{"@type":"WebPage","@id":"https:\/\/www.drazouz.com\/es\/procedimientos\/hombres\/estiramiento-de-cuello-masculino\/","url":"https:\/\/www.drazouz.com\/es\/procedimientos\/hombres\/estiramiento-de-cuello-masculino\/","name":"Estiramiento de Cuello Masculino | Azouz Cirug\u00eda Pl\u00e1stica y Est\u00e9tica","isPartOf":{"@id":"https:\/\/www.drazouz.com\/es\/#website"},"primaryImageOfPage":{"@id":"https:\/\/www.drazouz.com\/es\/procedimientos\/hombres\/estiramiento-de-cuello-masculino\/#primaryimage"},"image":{"@id":"https:\/\/www.drazouz.com\/es\/procedimientos\/hombres\/estiramiento-de-cuello-masculino\/#primaryimage"},"thumbnailUrl":"https:\/\/www.drazouz.com\/wp-content\/uploads\/2023\/09\/header-img-necklift-men.jpg","datePublished":"2023-09-22T11:56:01+00:00","dateModified":"2024-02-05T17:49:33+00:00","breadcrumb":{"@id":"https:\/\/www.drazouz.com\/es\/procedimientos\/hombres\/estiramiento-de-cuello-masculino\/#breadcrumb"},"inLanguage":"es","potentialAction":[{"@type":"ReadAction","target":["https:\/\/www.drazouz.com\/es\/procedimientos\/hombres\/estiramiento-de-cuello-masculino\/"]}]},{"@type":"ImageObject","inLanguage":"es","@id":"https:\/\/www.drazouz.com\/es\/procedimientos\/hombres\/estiramiento-de-cuello-masculino\/#primaryimage","url":"https:\/\/www.drazouz.com\/wp-content\/uploads\/2023\/09\/header-img-necklift-men.jpg","contentUrl":"https:\/\/www.drazouz.com\/wp-content\/uploads\/2023\/09\/header-img-necklift-men.jpg","width":1918,"height":815,"caption":"neck contour | masculine neck"},{"@type":"BreadcrumbList","@id":"https:\/\/www.drazouz.com\/es\/procedimientos\/hombres\/estiramiento-de-cuello-masculino\/#breadcrumb","itemListElement":[{"@type":"ListItem","position":1,"name":"Home","item":"https:\/\/www.drazouz.com\/es\/"},{"@type":"ListItem","position":2,"name":"Procedimientos","item":"https:\/\/www.drazouz.com\/es\/procedimientos\/"},{"@type":"ListItem","position":3,"name":"Hombres","item":"https:\/\/www.drazouz.com\/es\/for-men\/"},{"@type":"ListItem","position":4,"name":"Estiramiento de Cuello Masculino"}]},{"@type":"WebSite","@id":"https:\/\/www.drazouz.com\/es\/#website","url":"https:\/\/www.drazouz.com\/es\/","name":"Azouz Cirug\u00eda Pl\u00e1stica y Est\u00e9tica","description":"","potentialAction":[{"@type":"SearchAction","target":{"@type":"EntryPoint","urlTemplate":"https:\/\/www.drazouz.com\/es\/?s={search_term_string}"},"query-input":{"@type":"PropertyValueSpecification","valueRequired":true,"valueName":"search_term_string"}}],"inLanguage":"es"}]}},"_links":{"self":[{"href":"https:\/\/www.drazouz.com\/es\/wp-json\/wp\/v2\/pages\/7696","targetHints":{"allow":["GET"]}}],"collection":[{"href":"https:\/\/www.drazouz.com\/es\/wp-json\/wp\/v2\/pages"}],"about":[{"href":"https:\/\/www.drazouz.com\/es\/wp-json\/wp\/v2\/types\/page"}],"author":[{"embeddable":true,"href":"https:\/\/www.drazouz.com\/es\/wp-json\/wp\/v2\/users\/1"}],"replies":[{"embeddable":true,"href":"https:\/\/www.drazouz.com\/es\/wp-json\/wp\/v2\/comments?post=7696"}],"version-history":[{"count":4,"href":"https:\/\/www.drazouz.com\/es\/wp-json\/wp\/v2\/pages\/7696\/revisions"}],"predecessor-version":[{"id":11869,"href":"https:\/\/www.drazouz.com\/es\/wp-json\/wp\/v2\/pages\/7696\/revisions\/11869"}],"up":[{"embeddable":true,"href":"https:\/\/www.drazouz.com\/es\/wp-json\/wp\/v2\/pages\/3802"}],"wp:featuredmedia":[{"embeddable":true,"href":"https:\/\/www.drazouz.com\/es\/wp-json\/wp\/v2\/media\/6179"}],"wp:attachment":[{"href":"https:\/\/www.drazouz.com\/es\/wp-json\/wp\/v2\/media?parent=7696"}],"curies":[{"name":"wp","href":"https:\/\/api.w.org\/{rel}","templated":true}]}}