{"id":7460,"date":"2023-11-06T11:45:28","date_gmt":"2023-11-06T16:45:28","guid":{"rendered":"https:\/\/www.drazouz.com\/?page_id=7460"},"modified":"2023-12-21T12:13:43","modified_gmt":"2023-12-21T17:13:43","slug":"elevacion-de-senos-con-implantes","status":"publish","type":"page","link":"https:\/\/www.drazouz.com\/es\/elevacion-de-senos-con-implantes\/","title":{"rendered":"Elevaci\u00f3n de Senos con Implantes"},"content":{"rendered":"<p>\u00bfEst\u00e1s considerando realizarte una elevaci\u00f3n de senos con colocaci\u00f3n de implantes para obtener la forma de busto que deseas? Muchas personas utilizan esta t\u00e9cnica para restaurar sus senos, logrando un equilibrio de aumento de volumen y una apariencia m\u00e1s firme. Los pacientes a menudo buscan la cirug\u00eda de elevaci\u00f3n de senos con implantes, com\u00fanmente conocida como aumento-mastopexia, por diversas razones. Este procedimiento combina las ventajas del aumento de senos con la elevaci\u00f3n de senos, brindando un enfoque integral. Muchos pacientes desean aumentar el tama\u00f1o y la plenitud de sus senos, al mismo tiempo que abordan preocupaciones como la ca\u00edda o la flacidez de los senos. Ya sea debido al embarazo, la p\u00e9rdida de peso, el envejecimiento u otras circunstancias, una elevaci\u00f3n de senos con implantes puede crear una apariencia m\u00e1s juvenil y rejuvenecida. Este procedimiento no solo aumenta la autoestima, sino que tambi\u00e9n ofrece la oportunidad de mejorar la forma y simetr\u00eda de los senos, permitiendo a los pacientes sentirse m\u00e1s c\u00f3modos con sus cuerpos. El <a href=\"https:\/\/www.drazouz.com\/es\/meet-dr-solomon-azouz\/\">Dr. Solomon Azouz<\/a>, un cirujano pl\u00e1stico certificado por la junta en Dallas, se dedica a ofrecer planes de tratamiento personalizados y comprender los objetivos espec\u00edficos de cada paciente, asegurando que los resultados se adapten a sus preferencias individuales.<\/p>\n<h2>\u00bfQui\u00e9nes son candidatos para la cirug\u00eda de elevaci\u00f3n de senos con colocaci\u00f3n de implantes?<\/h2>\n<p>Los candidatos para una cirug\u00eda de elevaci\u00f3n de senos con implantes son individuos que:<\/p>\n<ul>\n<li>Tienen el deseo de aumentar el volumen y la forma de los senos.<\/li>\n<li>Tienen senos ca\u00eddos como resultado del embarazo.<\/li>\n<li>Tienen senos fl\u00e1cidos debido a la p\u00e9rdida de peso o el envejecimiento.<\/li>\n<li>Gozan de buena salud general y tienen expectativas realistas.<\/li>\n<\/ul>\n<h2>\u00bfCu\u00e1les son los beneficios de realizarse una elevaci\u00f3n de senos con implantes?<\/h2>\n<p><img loading=\"lazy\" decoding=\"async\" src=\"https:\/\/www.drazouz.com\/wp-content\/uploads\/2023\/11\/image-20.jpg\" alt=\"elevaci\u00f3n de senos con implantes | cirug\u00eda de aumento-mastopexia\" width=\"500\" height=\"333\" class=\"size-full wp-image-7437 alignright\" srcset=\"https:\/\/www.drazouz.com\/wp-content\/uploads\/2023\/11\/image-20.jpg 1024w, https:\/\/www.drazouz.com\/wp-content\/uploads\/2023\/11\/image-20-300x200.jpg 300w, https:\/\/www.drazouz.com\/wp-content\/uploads\/2023\/11\/image-20-768x512.jpg 768w\" sizes=\"auto, (max-width: 500px) 100vw, 500px\" \/>Combinar la colocaci\u00f3n de implantes mamarios con una elevaci\u00f3n de senos ofrece ventajas \u00fanicas, que incluyen:<\/p>\n<ul>\n<li>Aumento del volumen y la plenitud de los senos.<\/li>\n<li>Mejora de la forma y simetr\u00eda de los senos.<\/li>\n<li>Una apariencia m\u00e1s elevada y juvenil.<\/li>\n<li>Mejora de la autoestima y la imagen corporal.<\/li>\n<\/ul>\n<h2>\u00bfQu\u00e9 es una Elevaci\u00f3n de Senos con Colocaci\u00f3n de Implantes?<\/h2>\n<p>El cirujano pl\u00e1stico certificado por la junta, el Dr. Azouz, en Dallas, ofrece el procedimiento de aumento de senos con mastopexia, com\u00fanmente conocido como cirug\u00eda de elevaci\u00f3n de senos con implantes. Por lo general, consta de una variedad de t\u00e9cnicas que comienzan con la formaci\u00f3n de incisiones para crear bolsillos para los implantes mamarios, que luego se implantan cuidadosamente para obtener el tama\u00f1o y la plenitud deseados. Se elimina el exceso de piel mientras el tejido mamario se esculpe meticulosamente para proporcionar una apariencia elevada y m\u00e1s juvenil. El Dr. Azouz cierra cuidadosamente las heridas para minimizar las cicatrices.<\/p>\n<h2>\u00bfQu\u00e9 tipo de implantes mamarios se pueden utilizar con una elevaci\u00f3n de senos?<\/h2>\n<p>El tipo de implante mamario utilizado se determina seg\u00fan diversos factores, que incluyen las preferencias personales, la anatom\u00eda del cuerpo y los objetivos individuales. Para elegir el <a href=\"https:\/\/www.drazouz.com\/es\/blog\/aumento-de-senos-que-implante-de-senos-es-mejor-para-mi\/\">mejor tipo de implante para su procedimiento de senos<\/a>, los pacientes pueden explorar sus opciones y recibir asesoramiento personalizado durante una consulta con un cirujano pl\u00e1stico certificado por la junta como el Dr. Azouz en Dallas.<\/p>\n<ul>\n<li>Los implantes de soluci\u00f3n salina se llenan con agua salada est\u00e9ril durante la cirug\u00eda, lo que proporciona ajustabilidad y una sensaci\u00f3n algo m\u00e1s firme.<\/li>\n<li>Los implantes de silicona vienen prellenados con gel de silicona para brindar un aspecto y sensaci\u00f3n m\u00e1s natural, pero deben ser monitoreados regularmente en busca de rupturas silenciosas.<\/li>\n<li>Los implantes de gel cohesivo, tambi\u00e9n conocidos como implantes \u00abgummy bear\u00bb, tienen un gel extremadamente cohesivo que mantiene su forma y proporciona una forma en forma de l\u00e1grima con menos apariencia de arrugas o pliegues.<\/li>\n<\/ul>\n<p><img loading=\"lazy\" decoding=\"async\" src=\"https:\/\/www.drazouz.com\/wp-content\/uploads\/2023\/11\/image-21.jpg\" alt=\"antes y despu\u00e9s de aumento de senos con implantes\" width=\"800\" height=\"342\" class=\"size-full wp-image-7443 aligncenter\" srcset=\"https:\/\/www.drazouz.com\/wp-content\/uploads\/2023\/11\/image-21.jpg 1024w, https:\/\/www.drazouz.com\/wp-content\/uploads\/2023\/11\/image-21-300x128.jpg 300w, https:\/\/www.drazouz.com\/wp-content\/uploads\/2023\/11\/image-21-768x329.jpg 768w\" sizes=\"auto, (max-width: 800px) 100vw, 800px\" \/><\/p>\n<h2>\u00bfQu\u00e9 tipo de anestesia se utiliza en la cirug\u00eda de elevaci\u00f3n de senos con colocaci\u00f3n de implantes?<\/h2>\n<p>El cirujano pl\u00e1stico certificado por la junta, el Dr. Azouz, suele realizar esta cirug\u00eda bajo <a href=\"https:\/\/www.drazouz.com\/es\/blog\/comprendiendo-los-bloqueos-del-nervio-pectoral-pec-en-cirugia-plastica\/\">anestesia local<\/a> y sedaci\u00f3n para garantizar tu comodidad y seguridad durante el procedimiento quir\u00fargico. Durante tu consulta, discutir\u00e1 la anestesia y c\u00f3mo sus t\u00e9cnicas pueden ayudar con el dolor durante y despu\u00e9s de la cirug\u00eda.<\/p>\n<h2>\u00bfCu\u00e1les son los riesgos de la cirug\u00eda?<\/h2>\n<p>La cirug\u00eda de elevaci\u00f3n de senos con implantes, al igual que cualquier otra operaci\u00f3n quir\u00fargica, conlleva riesgos. Estos pueden incluir infecci\u00f3n, cicatrices, cambios en la sensaci\u00f3n del pez\u00f3n y problemas relacionados con los implantes. Durante tu visita, el cirujano pl\u00e1stico Dr. Azouz de Dallas discutir\u00e1 las t\u00e9cnicas utilizadas para reducir estos riesgos y tomar\u00e1 precauciones que puedes seguir para ayudar con la recuperaci\u00f3n.<\/p>\n<h2>\u00bfCu\u00e1l es la recuperaci\u00f3n despu\u00e9s de una cirug\u00eda de elevaci\u00f3n de senos con implantes?<\/h2>\n<p>La recuperaci\u00f3n de una cirug\u00eda de elevaci\u00f3n de senos con inserci\u00f3n de implantes es una fase esencial para obtener senos m\u00e1s firmes. Los pacientes deben esperar algo de hinchaz\u00f3n, hematomas e incomodidad justo despu\u00e9s de la cirug\u00eda, que se pueden controlar con los medicamentos recomendados. Es fundamental seguir las pautas de atenci\u00f3n postoperatoria del cirujano pl\u00e1stico certificado por la junta, el Dr. Azouz, que incluyen el uso de un sujetador quir\u00fargico de soporte, evitar actividades intensas y mantener limpias y secas las incisiones. Con el tiempo, los senos se asentar\u00e1n en su posici\u00f3n final a medida que disminuye la hinchaz\u00f3n. La mayor\u00eda de los pacientes pueden reanudar actividades modestas despu\u00e9s de una o dos semanas, pero el ejercicio m\u00e1s intenso puede llevar varias semanas. Si bien los tiempos de recuperaci\u00f3n individuales pueden variar, el resultado final vale la pena el tiempo y el esfuerzo, ya que los pacientes disfrutan de una apariencia de senos rejuvenada y m\u00e1s juvenil.<\/p>\n<h2>\u00bfQu\u00e9 procedimientos se pueden combinar con la cirug\u00eda de elevaci\u00f3n de senos con implantes?<\/h2>\n<p>Los pacientes suelen combinar la cirug\u00eda de elevaci\u00f3n de senos con implantes con otros tratamientos como la <a href=\"https:\/\/www.drazouz.com\/es\/liposuction\/\">liposucci\u00f3n<\/a> o una <a href=\"https:\/\/www.drazouz.com\/es\/drainless-tummy-tuck\/\">abdominoplastia<\/a>. Durante tu consulta, el cirujano pl\u00e1stico Dr. Azouz de Dallas puede hacer recomendaciones personalizadas para asesorarte sobre la mejor manera de alcanzar tus objetivos est\u00e9ticos.<\/p>\n<h2>\u00bfCu\u00e1l es el costo de la cirug\u00eda de elevaci\u00f3n de senos con implantes?<\/h2>\n<p>El costo de la cirug\u00eda de elevaci\u00f3n de senos con implantes puede variar seg\u00fan factores como el tipo de implante, la t\u00e9cnica quir\u00fargica, las tarifas de anestesia, las tarifas de la instalaci\u00f3n y las tarifas de la cirug\u00eda. Para recibir un <a href=\"https:\/\/www.drazouz.com\/es\/fees-insurance\/\">presupuesto personalizado<\/a> adaptado a tus circunstancias individuales, programa una consulta con el Dr. Azouz.<\/p>\n<h2>Programa una Consulta con el Dr. Azouz<\/h2>\n<p>Para comenzar tu camino hacia una apariencia m\u00e1s segura y juvenil, programa una cita con el Dr. Azouz en Dallas. Durante tu consulta, el Dr. Azouz discutir\u00e1 tus objetivos e historial m\u00e9dico y responder\u00e1 cualquier pregunta o inquietud. El Dr. Azouz proporcionar\u00e1 recomendaciones personalizadas y un plan de tratamiento para ayudarte a obtener los resultados hermosos y naturales que deseas.<\/p>\n","protected":false},"excerpt":{"rendered":"<p>\u00bfEst\u00e1s considerando realizarte una elevaci\u00f3n de senos con colocaci\u00f3n de implantes para obtener la forma de busto<br \/><a href=\"https:\/\/www.drazouz.com\/es\/elevacion-de-senos-con-implantes\/\" class=\"btn btn-blue mt-3\">Sigue leyendo<\/a><\/p>\n","protected":false},"author":1,"featured_media":7430,"parent":3795,"menu_order":0,"comment_status":"closed","ping_status":"closed","template":"","meta":{"_acf_changed":false,"footnotes":""},"class_list":["post-7460","page","type-page","status-publish","has-post-thumbnail"],"acf":[],"yoast_head":"<!-- This site is optimized with the Yoast SEO plugin v27.4 - https:\/\/yoast.com\/product\/yoast-seo-wordpress\/ -->\n<title>Elevaci\u00f3n de Senos con Implantes | Azouz Cirug\u00eda Pl\u00e1stica y Est\u00e9tica<\/title>\n<meta name=\"robots\" content=\"index, follow, max-snippet:-1, max-image-preview:large, max-video-preview:-1\" \/>\n<link rel=\"canonical\" href=\"https:\/\/www.drazouz.com\/es\/elevacion-de-senos-con-implantes\/\" \/>\n<meta property=\"og:locale\" content=\"es_ES\" \/>\n<meta property=\"og:type\" content=\"article\" \/>\n<meta property=\"og:title\" content=\"Elevaci\u00f3n de Senos con Implantes | Azouz Cirug\u00eda Pl\u00e1stica y Est\u00e9tica\" \/>\n<meta property=\"og:description\" content=\"\u00bfEst\u00e1s considerando realizarte una elevaci\u00f3n de senos con colocaci\u00f3n de implantes para obtener la forma de bustoSigue leyendo\" \/>\n<meta property=\"og:url\" content=\"https:\/\/www.drazouz.com\/es\/elevacion-de-senos-con-implantes\/\" \/>\n<meta property=\"og:site_name\" content=\"Azouz Cirug\u00eda Pl\u00e1stica y Est\u00e9tica\" \/>\n<meta property=\"article:modified_time\" content=\"2023-12-21T17:13:43+00:00\" \/>\n<meta property=\"og:image\" content=\"https:\/\/www.drazouz.com\/wp-content\/uploads\/2023\/11\/header-image-breast-lift-implants.jpg\" \/>\n<meta name=\"twitter:card\" content=\"summary_large_image\" \/>\n<meta name=\"twitter:image\" content=\"https:\/\/www.drazouz.com\/wp-content\/uploads\/2023\/11\/header-image-breast-lift-implants.jpg\" \/>\n<meta name=\"twitter:label1\" content=\"Tiempo de lectura\" \/>\n\t<meta name=\"twitter:data1\" content=\"6 minutos\" \/>\n<!-- \/ Yoast SEO plugin. -->","yoast_head_json":{"title":"Elevaci\u00f3n de Senos con Implantes | Azouz Cirug\u00eda Pl\u00e1stica y Est\u00e9tica","robots":{"index":"index","follow":"follow","max-snippet":"max-snippet:-1","max-image-preview":"max-image-preview:large","max-video-preview":"max-video-preview:-1"},"canonical":"https:\/\/www.drazouz.com\/es\/elevacion-de-senos-con-implantes\/","og_locale":"es_ES","og_type":"article","og_title":"Elevaci\u00f3n de Senos con Implantes | Azouz Cirug\u00eda Pl\u00e1stica y Est\u00e9tica","og_description":"\u00bfEst\u00e1s considerando realizarte una elevaci\u00f3n de senos con colocaci\u00f3n de implantes para obtener la forma de bustoSigue leyendo","og_url":"https:\/\/www.drazouz.com\/es\/elevacion-de-senos-con-implantes\/","og_site_name":"Azouz Cirug\u00eda Pl\u00e1stica y Est\u00e9tica","article_modified_time":"2023-12-21T17:13:43+00:00","og_image":[{"url":"https:\/\/www.drazouz.com\/wp-content\/uploads\/2023\/11\/header-image-breast-lift-implants.jpg","type":"","width":"","height":""}],"twitter_card":"summary_large_image","twitter_image":"https:\/\/www.drazouz.com\/wp-content\/uploads\/2023\/11\/header-image-breast-lift-implants.jpg","twitter_misc":{"Tiempo de lectura":"6 minutos"},"schema":{"@context":"https:\/\/schema.org","@graph":[{"@type":"WebPage","@id":"https:\/\/www.drazouz.com\/es\/elevacion-de-senos-con-implantes\/","url":"https:\/\/www.drazouz.com\/es\/elevacion-de-senos-con-implantes\/","name":"Elevaci\u00f3n de Senos con Implantes | Azouz Cirug\u00eda Pl\u00e1stica y Est\u00e9tica","isPartOf":{"@id":"https:\/\/www.drazouz.com\/es\/#website"},"primaryImageOfPage":{"@id":"https:\/\/www.drazouz.com\/es\/elevacion-de-senos-con-implantes\/#primaryimage"},"image":{"@id":"https:\/\/www.drazouz.com\/es\/elevacion-de-senos-con-implantes\/#primaryimage"},"thumbnailUrl":"https:\/\/www.drazouz.com\/wp-content\/uploads\/2023\/11\/header-image-breast-lift-implants.jpg","datePublished":"2023-11-06T16:45:28+00:00","dateModified":"2023-12-21T17:13:43+00:00","breadcrumb":{"@id":"https:\/\/www.drazouz.com\/es\/elevacion-de-senos-con-implantes\/#breadcrumb"},"inLanguage":"es","potentialAction":[{"@type":"ReadAction","target":["https:\/\/www.drazouz.com\/es\/elevacion-de-senos-con-implantes\/"]}]},{"@type":"ImageObject","inLanguage":"es","@id":"https:\/\/www.drazouz.com\/es\/elevacion-de-senos-con-implantes\/#primaryimage","url":"https:\/\/www.drazouz.com\/wp-content\/uploads\/2023\/11\/header-image-breast-lift-implants.jpg","contentUrl":"https:\/\/www.drazouz.com\/wp-content\/uploads\/2023\/11\/header-image-breast-lift-implants.jpg","width":1918,"height":815,"caption":"boob lift with implants surgery | augmentation mastopexy"},{"@type":"BreadcrumbList","@id":"https:\/\/www.drazouz.com\/es\/elevacion-de-senos-con-implantes\/#breadcrumb","itemListElement":[{"@type":"ListItem","position":1,"name":"Home","item":"https:\/\/www.drazouz.com\/es\/"},{"@type":"ListItem","position":2,"name":"Procedimientos","item":"https:\/\/www.drazouz.com\/es\/procedimientos\/"},{"@type":"ListItem","position":3,"name":"Busto","item":"https:\/\/www.drazouz.com\/es\/breast\/"},{"@type":"ListItem","position":4,"name":"Elevaci\u00f3n de Senos con Implantes"}]},{"@type":"WebSite","@id":"https:\/\/www.drazouz.com\/es\/#website","url":"https:\/\/www.drazouz.com\/es\/","name":"Azouz Cirug\u00eda Pl\u00e1stica y Est\u00e9tica","description":"","potentialAction":[{"@type":"SearchAction","target":{"@type":"EntryPoint","urlTemplate":"https:\/\/www.drazouz.com\/es\/?s={search_term_string}"},"query-input":{"@type":"PropertyValueSpecification","valueRequired":true,"valueName":"search_term_string"}}],"inLanguage":"es"}]}},"_links":{"self":[{"href":"https:\/\/www.drazouz.com\/es\/wp-json\/wp\/v2\/pages\/7460","targetHints":{"allow":["GET"]}}],"collection":[{"href":"https:\/\/www.drazouz.com\/es\/wp-json\/wp\/v2\/pages"}],"about":[{"href":"https:\/\/www.drazouz.com\/es\/wp-json\/wp\/v2\/types\/page"}],"author":[{"embeddable":true,"href":"https:\/\/www.drazouz.com\/es\/wp-json\/wp\/v2\/users\/1"}],"replies":[{"embeddable":true,"href":"https:\/\/www.drazouz.com\/es\/wp-json\/wp\/v2\/comments?post=7460"}],"version-history":[{"count":7,"href":"https:\/\/www.drazouz.com\/es\/wp-json\/wp\/v2\/pages\/7460\/revisions"}],"predecessor-version":[{"id":10032,"href":"https:\/\/www.drazouz.com\/es\/wp-json\/wp\/v2\/pages\/7460\/revisions\/10032"}],"up":[{"embeddable":true,"href":"https:\/\/www.drazouz.com\/es\/wp-json\/wp\/v2\/pages\/3795"}],"wp:featuredmedia":[{"embeddable":true,"href":"https:\/\/www.drazouz.com\/es\/wp-json\/wp\/v2\/media\/7430"}],"wp:attachment":[{"href":"https:\/\/www.drazouz.com\/es\/wp-json\/wp\/v2\/media?parent=7460"}],"curies":[{"name":"wp","href":"https:\/\/api.w.org\/{rel}","templated":true}]}}