{"id":7411,"date":"2023-10-20T05:48:14","date_gmt":"2023-10-20T10:48:14","guid":{"rendered":"https:\/\/www.drazouz.com\/?page_id=7411"},"modified":"2023-12-21T12:11:05","modified_gmt":"2023-12-21T17:11:05","slug":"elevacion-de-senos-con-extraccion-de-implantes","status":"publish","type":"page","link":"https:\/\/www.drazouz.com\/es\/breast-lift-with-implant-removal\/","title":{"rendered":"Elevaci\u00f3n de Senos con Extracci\u00f3n de Implantes"},"content":{"rendered":"<p><a href=\"https:\/\/www.drazouz.com\/es\/breast-implant-removal\/\">La extracci\u00f3n de implantes mamarios<\/a> junto con un procedimiento de <a href=\"https:\/\/www.drazouz.com\/es\/breast-lift\/\">elevaci\u00f3n de senos<\/a> se est\u00e1 volviendo cada vez m\u00e1s popular entre las pacientes que desean retirar sus implantes mamarios. Si bien los implantes mamarios pueden mejorar la autoestima de una mujer, tambi\u00e9n pueden causar dolor u otras complicaciones. Las pacientes pueden desear retirar sus implantes mamarios por diversas razones. Algunas mujeres pueden experimentar complicaciones como la <a href=\"https:\/\/www.drazouz.com\/capsular-contracture\/\">contractura capsular<\/a>, que ocurre cuando se forma tejido cicatricial alrededor del implante, causando que se endurezca y potencialmente cause malestar. Otras pueden experimentar la ruptura o fuga del implante, lo que puede provocar problemas de salud. Adem\u00e1s, algunas mujeres simplemente no desean la apariencia de los implantes mamarios y prefieren un aspecto m\u00e1s natural.<\/p>\n<p>Cuando se retiran los implantes mamarios, muchas mujeres se quedan con senos ca\u00eddos debido a la piel estirada que antes acomodaba los implantes. Despu\u00e9s de la extracci\u00f3n del implante, el cirujano pl\u00e1stico <a href=\"https:\/\/www.drazouz.com\/meet-dr-solomon-azouz\/\">de Dallas, el Dr. Solomon Azouz<\/a>, suele realizar un procedimiento de elevaci\u00f3n de senos para remodelar el tejido mamario y reposicionar el pez\u00f3n para lograr el resultado est\u00e9tico deseado. La elevaci\u00f3n de senos, o mastopexia, es un procedimiento quir\u00fargico que levanta y remodela el tejido mamario para crear una apariencia m\u00e1s juvenil y natural. El procedimiento implica la eliminaci\u00f3n de piel en exceso, la remodelaci\u00f3n del tejido mamario restante y la reposici\u00f3n de los pezones en una posici\u00f3n m\u00e1s alta en el seno.<\/p>\n<p><img loading=\"lazy\" decoding=\"async\" src=\"https:\/\/www.drazouz.com\/wp-content\/uploads\/2023\/10\/breast-lift-with-implant-removal-1.jpg\" alt=\"senos ca\u00eddos despu\u00e9s de la extracci\u00f3n de implantes | cirug\u00eda de elevaci\u00f3n de senos\" width=\"800\" height=\"800\" class=\"size-full wp-image-6669 aligncenter\" srcset=\"https:\/\/www.drazouz.com\/wp-content\/uploads\/2023\/10\/breast-lift-with-implant-removal-1.jpg 2000w, https:\/\/www.drazouz.com\/wp-content\/uploads\/2023\/10\/breast-lift-with-implant-removal-1-300x300.jpg 300w, https:\/\/www.drazouz.com\/wp-content\/uploads\/2023\/10\/breast-lift-with-implant-removal-1-1024x1024.jpg 1024w, https:\/\/www.drazouz.com\/wp-content\/uploads\/2023\/10\/breast-lift-with-implant-removal-1-768x768.jpg 768w, https:\/\/www.drazouz.com\/wp-content\/uploads\/2023\/10\/breast-lift-with-implant-removal-1-1536x1536.jpg 1536w, https:\/\/www.drazouz.com\/wp-content\/uploads\/2023\/10\/breast-lift-with-implant-removal-1-192x192.jpg 192w, https:\/\/www.drazouz.com\/wp-content\/uploads\/2023\/10\/breast-lift-with-implant-removal-1-32x32.jpg 32w\" sizes=\"auto, (max-width: 800px) 100vw, 800px\" \/><\/p>\n<p>Muchas mujeres eligen someterse a una cirug\u00eda de elevaci\u00f3n de senos despu\u00e9s de retirar sus implantes mamarios para restaurar su apariencia natural, aliviar el malestar o abordar otras preocupaciones relacionadas con la cirug\u00eda de aumento de senos. La explantaci\u00f3n mamaria con elevaci\u00f3n de senos es un procedimiento quir\u00fargico que elimina tanto los implantes mamarios como el tejido cicatricial que los rodea.<\/p>\n<h2>Razones por las que las mujeres desean retirar sus implantes<\/h2>\n<p>Las mujeres optan por retirar sus implantes mamarios por diversas razones, que incluyen:<\/p>\n<ul>\n<li>Deseo de una apariencia natural: Algunas mujeres optan por la extracci\u00f3n de implantes para recuperar su tama\u00f1o y apariencia natural de senos.<\/li>\n<li>Complicaciones de los implantes: La ruptura de implantes, la fuga o la contractura capsular pueden ocurrir con el tiempo y requerir la extracci\u00f3n de los implantes.<\/li>\n<li>Dolor o malestar: Los implantes mamarios pueden causar molestias, dolor en el pecho y otros problemas f\u00edsicos, lo que posiblemente requiera su extracci\u00f3n.<\/li>\n<li>Cambio en las circunstancias de la vida: Algunas mujeres pueden reconsiderar la presencia de implantes mamarios debido a cambios en su estilo de vida o preferencias personales.<\/li>\n<li>Preocupaciones m\u00e9dicas: En algunos casos, razones m\u00e9dicas como trastornos autoinmunitarios o alergias pueden requerir la extracci\u00f3n de implantes.<\/li>\n<\/ul>\n<h2>Senos Ca\u00eddos o Planos Despu\u00e9s de la Extracci\u00f3n de Implantes<\/h2>\n<p>Es com\u00fan que los senos parezcan ca\u00eddos o planos despu\u00e9s de la extracci\u00f3n de implantes mamarios. Esto se debe a que la piel y los tejidos se estiraron para acomodar los implantes. Para abordar estos problemas y restaurar un contorno mamario m\u00e1s juvenil y firme, a menudo se realiza una elevaci\u00f3n de senos, o mastopexia, de manera simult\u00e1nea.<\/p>\n<h2>Beneficios de una Elevaci\u00f3n de Senos Despu\u00e9s de la Extracci\u00f3n de Implantes<\/h2>\n<p>Existen varias ventajas en realizarse una elevaci\u00f3n de senos despu\u00e9s de la extracci\u00f3n de implantes. En primer lugar, una elevaci\u00f3n de senos puede restaurar una apariencia mamaria m\u00e1s juvenil y natural, lo que puede aumentar la autoestima y la imagen corporal. Adem\u00e1s, una elevaci\u00f3n de senos puede ayudar a aliviar molestias o preocupaciones de salud asociadas con los implantes, como la \u00abenfermedad del implante mamario\u00bb o la contractura capsular.<\/p>\n<h2>Candidatos para la Cirug\u00eda<\/h2>\n<p>Los candidatos para la extracci\u00f3n de implantes mamarios con una elevaci\u00f3n suelen ser aquellos que:<\/p>\n<ul>\n<li>Tienen Buena Salud General: Para garantizar una cirug\u00eda segura y una recuperaci\u00f3n, los candidatos deben gozar de buena salud general.<\/li>\n<li>Tienen Expectativas Realistas: Es importante comprender los resultados y limitaciones del procedimiento.<\/li>\n<li>Mantienen un Peso Estable: Los candidatos deben mantener su peso estable durante algunos meses antes de la cirug\u00eda.<\/li>\n<\/ul>\n<h2>Cirug\u00eda de Extracci\u00f3n de Implantes Mamarios con Elevaci\u00f3n en Dallas<\/h2>\n<p>El procedimiento comienza con la extracci\u00f3n de los implantes mamarios y contin\u00faa con una elevaci\u00f3n de senos. El Dr. Azouz retirar\u00e1 los implantes mamarios a trav\u00e9s de incisiones realizadas en las cicatrices existentes de la cirug\u00eda de aumento de senos o mediante nuevas incisiones. Despu\u00e9s de la extracci\u00f3n de los implantes, se elimina el exceso de piel y tejido, y los senos se elevan y remodelan para lograr un resultado est\u00e9ticamente atractivo.<\/p>\n<p><img loading=\"lazy\" decoding=\"async\" src=\"https:\/\/www.drazouz.com\/wp-content\/uploads\/2023\/10\/breast-lift-with-implant-removal-2.jpg\" alt=\"antes y despu\u00e9s de la mastopexia en Dallas, Texas, realizada por el Dr. Azouz\" width=\"800\" height=\"487\" class=\"aligncenter size-full wp-image-6689\" srcset=\"https:\/\/www.drazouz.com\/wp-content\/uploads\/2023\/10\/breast-lift-with-implant-removal-2.jpg 2000w, https:\/\/www.drazouz.com\/wp-content\/uploads\/2023\/10\/breast-lift-with-implant-removal-2-300x183.jpg 300w, https:\/\/www.drazouz.com\/wp-content\/uploads\/2023\/10\/breast-lift-with-implant-removal-2-1024x623.jpg 1024w, https:\/\/www.drazouz.com\/wp-content\/uploads\/2023\/10\/breast-lift-with-implant-removal-2-768x467.jpg 768w, https:\/\/www.drazouz.com\/wp-content\/uploads\/2023\/10\/breast-lift-with-implant-removal-2-1536x935.jpg 1536w\" sizes=\"auto, (max-width: 800px) 100vw, 800px\" \/><\/p>\n<h2>Anestesia Utilizada Durante la Cirug\u00eda<\/h2>\n<p>La extracci\u00f3n de implantes mamarios con una elevaci\u00f3n generalmente se realiza bajo sedaci\u00f3n y anestesia local, lo que puede aliviar el dolor y la incomodidad durante y despu\u00e9s del procedimiento. Durante la consulta, el Dr. Solomon Azouz determinar\u00e1 la mejor anestesia para tu caso espec\u00edfico.<\/p>\n<h2>Recuperaci\u00f3n de la Cirug\u00eda de Senos<\/h2>\n<p>La recuperaci\u00f3n de una extracci\u00f3n de implantes mamarios con una elevaci\u00f3n de senos requerir\u00e1 cierto descanso mientras tu cuerpo se cura. Para mantener el soporte de los senos y promover la curaci\u00f3n, se requerir\u00e1 que los pacientes usen una prenda de compresi\u00f3n. Despu\u00e9s del procedimiento, el Dr. Azouz, un cirujano pl\u00e1stico certificado por la junta, ver\u00e1 a sus pacientes en su consultorio para supervisar su recuperaci\u00f3n y determinar cu\u00e1ndo pueden volver a sus actividades normales.<\/p>\n<h2>Cirug\u00edas que se Pueden Combinar con una Elevaci\u00f3n de Senos y Extracci\u00f3n de Implantes<\/h2>\n<p>Si se desea una transformaci\u00f3n m\u00e1s completa, la extracci\u00f3n de implantes mamarios con una elevaci\u00f3n se puede combinar con otros procedimientos como la liposucci\u00f3n o una abdominoplastia. Estas opciones se discutir\u00e1n durante tu consulta con el Dr. Solomon Azouz.<\/p>\n<h2>Costo de la Cirug\u00eda de Elevaci\u00f3n de Senos en Dallas<\/h2>\n<p><a href=\"https:\/\/www.drazouz.com\/es\/fees-insurance\/\">El precio de la extracci\u00f3n de implantes mamarios<\/a> con una elevaci\u00f3n var\u00eda seg\u00fan las tarifas del cirujano, el costo de la instalaci\u00f3n y el gasto de la anestesia. Durante tu consulta, el Dr. Azouz te proporcionar\u00e1 un estimado completo del costo.<\/p>\n<p>La cirug\u00eda de elevaci\u00f3n de senos con extracci\u00f3n de implantes es un m\u00e9todo seguro y eficaz para lograr una apariencia de senos m\u00e1s natural y c\u00f3moda. Si est\u00e1s considerando una elevaci\u00f3n de senos para mejorar senos ca\u00eddos despu\u00e9s de haber retirado tus implantes, llama al <a href=\"tel:9727028888\" class=\"phone_anchor \" aria-label=\"ll\u00e1manos (972) 702-8888\">(972) 702-8888<\/a> para programar tu consulta con el cirujano pl\u00e1stico certificado por la junta, el Dr. Azouz, quien tiene experiencia en la extracci\u00f3n de implantes mamarios y procedimientos de elevaci\u00f3n de senos.<\/p>\n","protected":false},"excerpt":{"rendered":"<p>La extracci\u00f3n de implantes mamarios junto con un procedimiento de elevaci\u00f3n de senos se est\u00e1 volviendo cada<br \/><a href=\"https:\/\/www.drazouz.com\/es\/breast-lift-with-implant-removal\/\" class=\"btn btn-blue mt-3\">Sigue leyendo<\/a><\/p>\n","protected":false},"author":1,"featured_media":6722,"parent":3795,"menu_order":0,"comment_status":"closed","ping_status":"closed","template":"","meta":{"_acf_changed":false,"footnotes":""},"class_list":["post-7411","page","type-page","status-publish","has-post-thumbnail"],"acf":[],"yoast_head":"<!-- This site is optimized with the Yoast SEO plugin v27.4 - https:\/\/yoast.com\/product\/yoast-seo-wordpress\/ -->\n<title>Elevaci\u00f3n de Senos con Extracci\u00f3n de Implantes | Azouz Cirug\u00eda Pl\u00e1stica y Est\u00e9tica<\/title>\n<meta name=\"robots\" content=\"index, follow, max-snippet:-1, max-image-preview:large, max-video-preview:-1\" \/>\n<link rel=\"canonical\" href=\"https:\/\/www.drazouz.com\/es\/breast-lift-with-implant-removal\/\" \/>\n<meta property=\"og:locale\" content=\"es_ES\" \/>\n<meta property=\"og:type\" content=\"article\" \/>\n<meta property=\"og:title\" content=\"Elevaci\u00f3n de Senos con Extracci\u00f3n de Implantes | Azouz Cirug\u00eda Pl\u00e1stica y Est\u00e9tica\" \/>\n<meta property=\"og:description\" content=\"La extracci\u00f3n de implantes mamarios junto con un procedimiento de elevaci\u00f3n de senos se est\u00e1 volviendo cadaSigue leyendo\" \/>\n<meta property=\"og:url\" content=\"https:\/\/www.drazouz.com\/es\/breast-lift-with-implant-removal\/\" \/>\n<meta property=\"og:site_name\" content=\"Azouz Cirug\u00eda Pl\u00e1stica y Est\u00e9tica\" \/>\n<meta property=\"article:modified_time\" content=\"2023-12-21T17:11:05+00:00\" \/>\n<meta property=\"og:image\" content=\"https:\/\/www.drazouz.com\/wp-content\/uploads\/2023\/10\/header-breast-lift-with-implant-removal-3.jpg\" \/>\n<meta name=\"twitter:card\" content=\"summary_large_image\" \/>\n<meta name=\"twitter:image\" content=\"https:\/\/www.drazouz.com\/wp-content\/uploads\/2023\/10\/header-breast-lift-with-implant-removal-3.jpg\" \/>\n<meta name=\"twitter:label1\" content=\"Tiempo de lectura\" \/>\n\t<meta name=\"twitter:data1\" content=\"5 minutos\" \/>\n<!-- \/ Yoast SEO plugin. -->","yoast_head_json":{"title":"Elevaci\u00f3n de Senos con Extracci\u00f3n de Implantes | Azouz Cirug\u00eda Pl\u00e1stica y Est\u00e9tica","robots":{"index":"index","follow":"follow","max-snippet":"max-snippet:-1","max-image-preview":"max-image-preview:large","max-video-preview":"max-video-preview:-1"},"canonical":"https:\/\/www.drazouz.com\/es\/breast-lift-with-implant-removal\/","og_locale":"es_ES","og_type":"article","og_title":"Elevaci\u00f3n de Senos con Extracci\u00f3n de Implantes | Azouz Cirug\u00eda Pl\u00e1stica y Est\u00e9tica","og_description":"La extracci\u00f3n de implantes mamarios junto con un procedimiento de elevaci\u00f3n de senos se est\u00e1 volviendo cadaSigue leyendo","og_url":"https:\/\/www.drazouz.com\/es\/breast-lift-with-implant-removal\/","og_site_name":"Azouz Cirug\u00eda Pl\u00e1stica y Est\u00e9tica","article_modified_time":"2023-12-21T17:11:05+00:00","og_image":[{"url":"https:\/\/www.drazouz.com\/wp-content\/uploads\/2023\/10\/header-breast-lift-with-implant-removal-3.jpg","type":"","width":"","height":""}],"twitter_card":"summary_large_image","twitter_image":"https:\/\/www.drazouz.com\/wp-content\/uploads\/2023\/10\/header-breast-lift-with-implant-removal-3.jpg","twitter_misc":{"Tiempo de lectura":"5 minutos"},"schema":{"@context":"https:\/\/schema.org","@graph":[{"@type":"WebPage","@id":"https:\/\/www.drazouz.com\/es\/breast-lift-with-implant-removal\/","url":"https:\/\/www.drazouz.com\/es\/breast-lift-with-implant-removal\/","name":"Elevaci\u00f3n de Senos con Extracci\u00f3n de Implantes | Azouz Cirug\u00eda Pl\u00e1stica y Est\u00e9tica","isPartOf":{"@id":"https:\/\/www.drazouz.com\/es\/#website"},"primaryImageOfPage":{"@id":"https:\/\/www.drazouz.com\/es\/breast-lift-with-implant-removal\/#primaryimage"},"image":{"@id":"https:\/\/www.drazouz.com\/es\/breast-lift-with-implant-removal\/#primaryimage"},"thumbnailUrl":"https:\/\/www.drazouz.com\/wp-content\/uploads\/2023\/10\/header-breast-lift-with-implant-removal-3.jpg","datePublished":"2023-10-20T10:48:14+00:00","dateModified":"2023-12-21T17:11:05+00:00","breadcrumb":{"@id":"https:\/\/www.drazouz.com\/es\/breast-lift-with-implant-removal\/#breadcrumb"},"inLanguage":"es","potentialAction":[{"@type":"ReadAction","target":["https:\/\/www.drazouz.com\/es\/breast-lift-with-implant-removal\/"]}]},{"@type":"ImageObject","inLanguage":"es","@id":"https:\/\/www.drazouz.com\/es\/breast-lift-with-implant-removal\/#primaryimage","url":"https:\/\/www.drazouz.com\/wp-content\/uploads\/2023\/10\/header-breast-lift-with-implant-removal-3.jpg","contentUrl":"https:\/\/www.drazouz.com\/wp-content\/uploads\/2023\/10\/header-breast-lift-with-implant-removal-3.jpg","width":1918,"height":1598,"caption":"saggy boobs before and after | breast lift surgery in Dallas, TX by Dr. Azouz"},{"@type":"BreadcrumbList","@id":"https:\/\/www.drazouz.com\/es\/breast-lift-with-implant-removal\/#breadcrumb","itemListElement":[{"@type":"ListItem","position":1,"name":"Home","item":"https:\/\/www.drazouz.com\/es\/"},{"@type":"ListItem","position":2,"name":"Procedimientos","item":"https:\/\/www.drazouz.com\/es\/procedimientos\/"},{"@type":"ListItem","position":3,"name":"Busto","item":"https:\/\/www.drazouz.com\/es\/breast\/"},{"@type":"ListItem","position":4,"name":"Elevaci\u00f3n de Senos con Extracci\u00f3n de Implantes"}]},{"@type":"WebSite","@id":"https:\/\/www.drazouz.com\/es\/#website","url":"https:\/\/www.drazouz.com\/es\/","name":"Azouz Cirug\u00eda Pl\u00e1stica y Est\u00e9tica","description":"","potentialAction":[{"@type":"SearchAction","target":{"@type":"EntryPoint","urlTemplate":"https:\/\/www.drazouz.com\/es\/?s={search_term_string}"},"query-input":{"@type":"PropertyValueSpecification","valueRequired":true,"valueName":"search_term_string"}}],"inLanguage":"es"}]}},"_links":{"self":[{"href":"https:\/\/www.drazouz.com\/es\/wp-json\/wp\/v2\/pages\/7411","targetHints":{"allow":["GET"]}}],"collection":[{"href":"https:\/\/www.drazouz.com\/es\/wp-json\/wp\/v2\/pages"}],"about":[{"href":"https:\/\/www.drazouz.com\/es\/wp-json\/wp\/v2\/types\/page"}],"author":[{"embeddable":true,"href":"https:\/\/www.drazouz.com\/es\/wp-json\/wp\/v2\/users\/1"}],"replies":[{"embeddable":true,"href":"https:\/\/www.drazouz.com\/es\/wp-json\/wp\/v2\/comments?post=7411"}],"version-history":[{"count":8,"href":"https:\/\/www.drazouz.com\/es\/wp-json\/wp\/v2\/pages\/7411\/revisions"}],"predecessor-version":[{"id":10028,"href":"https:\/\/www.drazouz.com\/es\/wp-json\/wp\/v2\/pages\/7411\/revisions\/10028"}],"up":[{"embeddable":true,"href":"https:\/\/www.drazouz.com\/es\/wp-json\/wp\/v2\/pages\/3795"}],"wp:featuredmedia":[{"embeddable":true,"href":"https:\/\/www.drazouz.com\/es\/wp-json\/wp\/v2\/media\/6722"}],"wp:attachment":[{"href":"https:\/\/www.drazouz.com\/es\/wp-json\/wp\/v2\/media?parent=7411"}],"curies":[{"name":"wp","href":"https:\/\/api.w.org\/{rel}","templated":true}]}}