{"id":7367,"date":"2022-07-26T11:15:57","date_gmt":"2022-07-26T16:15:57","guid":{"rendered":"https:\/\/www.drazouz.com\/?page_id=7367"},"modified":"2024-01-22T07:05:59","modified_gmt":"2024-01-22T12:05:59","slug":"contractura-capsular","status":"publish","type":"page","link":"https:\/\/www.drazouz.com\/es\/capsular-contracture\/","title":{"rendered":"Contractura Capsular"},"content":{"rendered":"<h2>\u00bfQu\u00e9 es la contractura capsular?<\/h2>\n<p>La contractura capsular se define como la formaci\u00f3n de una c\u00e1psula de tejido cicatricial apretada y, a veces, dolorosa alrededor de los implantes mamarios. El cuerpo responde de forma natural a objetos extra\u00f1os, como los implantes mamarios, formando esta c\u00e1psula para encapsularlos y aislarlos. El curso del tratamiento para la contractura capsular puede variar seg\u00fan la gravedad y la etapa de la afecci\u00f3n. En muchas ocasiones, se recomienda una intervenci\u00f3n quir\u00fargica, como una capsulectom\u00eda total, para abordar el problema y restaurar la apariencia y comodidad del paciente. El cirujano pl\u00e1stico certificado en Dallas, el <a href=\"https:\/\/www.drazouz.com\/es\/meet-dr-solomon-azouz\/\">Dr. Solomon Azouz<\/a>, puede proporcionar las mejores opciones de tratamiento para la contractura capsular y ayudar a mantener los resultados de su aumento de senos. A veces, la gesti\u00f3n no quir\u00fargica tambi\u00e9n puede ser una opci\u00f3n, seg\u00fan la formaci\u00f3n de la c\u00e1psula.<\/p>\n<h2>\u00bfQu\u00e9 es una c\u00e1psula de implante mamario?<\/h2>\n<p>Una c\u00e1psula de implante mamario, a menudo conocida como \u00abc\u00e1psula\u00bb en el contexto del <a href=\"https:\/\/www.drazouz.com\/es\/breast-augmentation\/\">aumento de senos<\/a>, es la reacci\u00f3n natural del cuerpo a la presencia de un implante mamario. Despu\u00e9s de la cirug\u00eda de implante mamario, el cuerpo comienza a crear una <a href=\"https:\/\/www.drazouz.com\/es\/blog\/que-sucede-cuando-un-implante-de-mama-se-rompe\/\">c\u00e1psula de tejido fibroso alrededor del implante<\/a>. Esta c\u00e1psula, compuesta en su mayor\u00eda de fibras de col\u00e1geno y tejido conectivo, sirve para aislar y proteger el implante del tejido mamario circundante. La c\u00e1psula suele ser delgada y maleable al principio, lo que permite que el seno mantenga su apariencia y tacto naturales. Pero seg\u00fan diversos factores, su densidad y grosor pueden variar. Con la contractura capsular, la c\u00e1psula se engrosa en exceso y provoca molestias y cambios en la forma del seno.<\/p>\n<p><img loading=\"lazy\" decoding=\"async\" src=\"https:\/\/www.drazouz.com\/wp-content\/uploads\/2023\/11\/image-19.jpg\" alt=\"implante mamario encapsulado\" width=\"800\" height=\"534\" class=\"size-full wp-image-7330 aligncenter\" srcset=\"https:\/\/www.drazouz.com\/wp-content\/uploads\/2023\/11\/image-19.jpg 1024w, https:\/\/www.drazouz.com\/wp-content\/uploads\/2023\/11\/image-19-300x200.jpg 300w, https:\/\/www.drazouz.com\/wp-content\/uploads\/2023\/11\/image-19-768x512.jpg 768w\" sizes=\"auto, (max-width: 800px) 100vw, 800px\" \/><\/p>\n<h2>\u00bfCu\u00e1les son los s\u00edntomas de la contractura capsular de implantes mamarios?<\/h2>\n<p>Los pacientes con contractura capsular pueden presentar una variedad de s\u00edntomas, que incluyen dolor en el seno, dureza y sensaci\u00f3n de tensi\u00f3n. Los senos pueden tener una forma inusual y los pacientes pueden sentir <a href=\"https:\/\/www.drazouz.com\/breast-asymmetry-correction-plastic-surgery\/\">asimetr\u00eda entre los senos<\/a>. En algunas situaciones, puede producirse un ondulado aparente del implante, causando molestias y afectando la apariencia est\u00e9tica del seno.<\/p>\n<p>La gravedad de la contractura capsular se clasifica frecuentemente en cuatro etapas, conocidas como grados de Baker, que ayudan a determinar la gravedad de la afecci\u00f3n:<\/p>\n<ul>\n<li>Grado de Baker I (Subcl\u00ednico): En esta etapa temprana, el seno se ve y se siente normal, y el paciente no informa de s\u00edntomas graves ni molestias. El tejido cicatricial alrededor del implante es delgado, suave y flexible, sin deformidades evidentes en el seno.<\/li>\n<li>Grado de Baker II (Leve): En esta etapa, el paciente puede notar algunas alteraciones modestas en el seno. La c\u00e1psula de tejido cicatricial ha crecido y se ha vuelto ligeramente m\u00e1s dura, pero no causa molestias evidentes ni cambios sustanciales en la forma del seno.<\/li>\n<li>Grado de Baker III (Moderado): La contractura capsular se hace m\u00e1s visible en este nivel, con s\u00edntomas notorios. El seno puede sentirse notablemente r\u00edgido y tener un aspecto deformado, con una asimetr\u00eda evidente. Los pacientes pueden experimentar molestias o dolor leves, especialmente si se aplica presi\u00f3n en el seno.<\/li>\n<li>Grado de Baker IV (Severo): Este es el nivel m\u00e1s avanzado de la contractura capsular. El tejido cicatricial que rodea el implante es denso, r\u00edgido y apretado, causando deformidades graves en el seno y dolor intenso. El seno puede verse deformado, y el paciente a menudo experimenta dolor, sensibilidad y una movilidad limitada.<\/li>\n<\/ul>\n<p><img loading=\"lazy\" decoding=\"async\" src=\"https:\/\/www.drazouz.com\/wp-content\/uploads\/2023\/11\/image-18.jpg\" alt=\"tratamiento quir\u00fargico de la contractura capsular\" width=\"800\" height=\"534\" class=\"size-full wp-image-7332 aligncenter\" srcset=\"https:\/\/www.drazouz.com\/wp-content\/uploads\/2023\/11\/image-18.jpg 1024w, https:\/\/www.drazouz.com\/wp-content\/uploads\/2023\/11\/image-18-300x200.jpg 300w, https:\/\/www.drazouz.com\/wp-content\/uploads\/2023\/11\/image-18-768x512.jpg 768w\" sizes=\"auto, (max-width: 800px) 100vw, 800px\" \/><\/p>\n<h2>\u00bfQui\u00e9n es candidato para la cirug\u00eda de contractura capsular?<\/h2>\n<p>Muchas personas que est\u00e1n experimentando molestias debido a la contractura capsular pueden ser candidatas para la cirug\u00eda. Algunos pacientes pueden desarrollar una <a href=\"https:\/\/www.drazouz.com\/es\/breast-implant-rupture-repair-surgery\/\">rotura del implante mamario o un implante mamario con fugas<\/a>. Cuando un implante mamario se rompe, ya sea de soluci\u00f3n salina o de silicona, puede causar una respuesta inflamatoria. Esta respuesta inflamatoria puede dar lugar a la producci\u00f3n de nuevo tejido cicatricial, engrosamiento y endurecimiento de la c\u00e1psula existente, y, en \u00faltima instancia, contribuir al desarrollo de la contractura capsular. Despu\u00e9s de una evaluaci\u00f3n exhaustiva, el cirujano pl\u00e1stico certificado por la junta, el Dr. Azouz, determinar\u00e1 la gravedad de la contractura y la salud general del paciente, y considerar\u00e1 los objetivos del paciente para determinar el mejor plan de tratamiento para la contractura capsular.<\/p>\n<h2>\u00bfCu\u00e1les son los beneficios de la cirug\u00eda de la contractura capsular?<\/h2>\n<p>Los beneficios de la cirug\u00eda de la contractura capsular pueden incluir:<\/p>\n<ul>\n<li>Aliviar el dolor y la incomodidad causados por la contractura capsular.<\/li>\n<li>Restaurar una apariencia m\u00e1s natural en el seno al eliminar el tejido cicatricial.<\/li>\n<li>Corregir la mala posici\u00f3n del implante o la <a href=\"https:\/\/www.drazouz.com\/breast-asymmetry-correction-plastic-surgery\/\">asimetr\u00eda<\/a>, lo que resulta en una apariencia m\u00e1s equilibrada y<\/li>\n<li>est\u00e9ticamente aceptable.<\/li>\n<li>Mejorar la salud general de los senos y la comodidad del paciente, lo que aumenta la calidad de vida.<\/li>\n<\/ul>\n<h2>\u00bfCu\u00e1l es el tratamiento para la contractura capsular sin cirug\u00eda?<\/h2>\n<p>El tratamiento de la contractura capsular var\u00eda seg\u00fan los s\u00edntomas y la gravedad del paciente. En situaciones leves, se puede indicar un tratamiento no quir\u00fargico para la contractura capsular, como medicamentos o masajes formales.<\/p>\n<ul>\n<li>Medicamentos: En casos m\u00e1s leves de contractura capsular, se pueden aconsejar medicamentos como antiinflamatorios no esteroides (AINE) y medicamentos con receta como parte del enfoque terap\u00e9utico. Estos medicamentos ayudan a controlar el malestar y la inflamaci\u00f3n. El cirujano pl\u00e1stico de Dallas, el Dr. Azouz, puede recetar medicamentos apropiados para aliviar el malestar y reducir la inflamaci\u00f3n en pacientes con contractura capsular, asegurando su bienestar y comodidad durante el proceso de tratamiento.<\/li>\n<li>Masaje mamario: Para tratar la contractura capsular, se pueden utilizar t\u00e9cnicas de masaje mamario bajo la supervisi\u00f3n de un profesional m\u00e9dico. El prop\u00f3sito de estos masajes es relajar la c\u00e1psula de tejido cicatricial y aliviar el malestar mediante un suave masaje en el seno. El cirujano pl\u00e1stico certificado por la junta, el Dr. Azouz, puede recomendar diversas t\u00e9cnicas de masaje a sus pacientes, asegurando un enfoque personalizado y trabajando en \u00faltima instancia para tratar la contractura capsular.<\/li>\n<li>Aunque estas t\u00e9cnicas no quir\u00fargicas pueden ser \u00fatiles en casos menos graves o funcionar bien en combinaci\u00f3n con tratamientos quir\u00fargicos, es posible que no siempre ofrezcan una soluci\u00f3n a largo plazo. Dependiendo de las necesidades de cada paciente y la gravedad de la afecci\u00f3n, se puede optar por la cirug\u00eda o el tratamiento no quir\u00fargico. El Dr. Azouz evaluar\u00e1 su condici\u00f3n y determinar\u00e1 el curso de tratamiento m\u00e1s eficaz para la contractura capsular.<\/li>\n<\/ul>\n<h2>\u00bfCu\u00e1l es la cirug\u00eda para la contractura capsular?<\/h2>\n<p>Los tratamientos quir\u00fargicos, como la capsulectom\u00eda (parcial o total), el cambio de implantes o la capsulectom\u00eda en bloque, se utilizan com\u00fanmente para eliminar o liberar la problem\u00e1tica c\u00e1psula de tejido cicatricial y, en ciertas situaciones, reemplazar el implante. Cuando se trata de tratar casos m\u00e1s graves o avanzados de contractura capsular, estos tratamientos quir\u00fargicos suelen ser exitosos.<\/p>\n<h2>Capsulectom\u00eda total:<\/h2>\n<p>La capsulectom\u00eda total es un tratamiento quir\u00fargico realizado por el cirujano pl\u00e1stico certificado por la junta, el Dr. Azouz, en el cual se elimina cuidadosamente toda la c\u00e1psula de tejido cicatricial que cubre el implante mamario. Si es necesario, este procedimiento puede incluir la extracci\u00f3n y el reemplazo del implante en s\u00ed. En casos de contractura capsular grave, la capsulectom\u00eda total se utiliza con frecuencia para abordar eficazmente el problema y restaurar tanto la comodidad como la apariencia natural del seno.<\/p>\n<h2>Capsulotom\u00eda:<\/h2>\n<p>Un procedimiento quir\u00fargico conocido como capsulotom\u00eda puede considerarse en casos menos graves de contractura capsular. Se realizan incisiones en la c\u00e1psula existente para aliviar la tensi\u00f3n y suavizar el seno durante la capsulotom\u00eda. El cirujano pl\u00e1stico de Dallas, el Dr. Azouz, puede sugerir este procedimiento para pacientes con contractura leve a moderada, proporcionando un tratamiento personalizado para abordar su problema \u00fanico y restaurar la est\u00e9tica del seno.<\/p>\n<h2>Cambio de implante:<\/h2>\n<p>El <a href=\"https:\/\/www.drazouz.com\/es\/breast-implant-revision-and-replacement\/\">cambio de implante<\/a> es una opci\u00f3n de tratamiento cuando se sospecha que la contractura capsular se ha desarrollado como resultado del propio implante mamario. Durante este proceso, se retira el implante antiguo y se reemplaza por uno nuevo. Con su experiencia en cirug\u00eda de revisi\u00f3n de implantes mamarios, el Dr. Azouz puede sugerir el cambio de implante como parte de un plan de tratamiento integral para gestionar adecuadamente el problema.<\/p>\n<h2>Capsulectom\u00eda en bloque:<\/h2>\n<p>La capsulectom\u00eda en bloque es un m\u00e9todo quir\u00fargico que puede utilizarse en casos avanzados de contractura capsular. En este procedimiento, se elimina en su totalidad la c\u00e1psula de tejido cicatricial circundante y el implante mamario. Experto en el manejo de situaciones complicadas, el Dr. Azouz podr\u00eda sugerir la capsulectom\u00eda en bloque para asegurar un tratamiento completo, brindando al paciente alivio y el mejor resultado posible.<\/p>\n<p><img loading=\"lazy\" decoding=\"async\" src=\"https:\/\/www.drazouz.com\/wp-content\/uploads\/2023\/11\/image-17.jpg\" alt=\"tratamiento quir\u00fargico para la contractura capsular\" width=\"800\" height=\"445\" class=\"size-full wp-image-7334 aligncenter\" srcset=\"https:\/\/www.drazouz.com\/wp-content\/uploads\/2023\/11\/image-17.jpg 1024w, https:\/\/www.drazouz.com\/wp-content\/uploads\/2023\/11\/image-17-300x167.jpg 300w, https:\/\/www.drazouz.com\/wp-content\/uploads\/2023\/11\/image-17-768x428.jpg 768w\" sizes=\"auto, (max-width: 800px) 100vw, 800px\" \/><\/p>\n<h2>\u00bfCu\u00e1l es la anestesia para la cirug\u00eda de eliminaci\u00f3n de implantes mamarios encapsulados?<\/h2>\n<p>Para la cirug\u00eda de contractura capsular, el cirujano pl\u00e1stico certificado por la junta, el Dr. Azouz, utiliza <a href=\"https:\/\/www.drazouz.com\/es\/blog\/comprendiendo-los-bloqueos-del-nervio-pectoral-pec-en-cirugia-plastica\/\">anestesia local<\/a> y sedaci\u00f3n para ayudar a controlar el dolor durante y despu\u00e9s del procedimiento. Esto garantiza que sus pacientes est\u00e9n c\u00f3modos durante la cirug\u00eda y permite una recuperaci\u00f3n segura y r\u00e1pida.<\/p>\n<h2>\u00bfCu\u00e1les son los riesgos de la cirug\u00eda?<\/h2>\n<p>La cirug\u00eda para la contractura capsular, como cualquier otro procedimiento, conlleva riesgos como sangrado, infecci\u00f3n, formaci\u00f3n de cicatrices y cambios en la sensaci\u00f3n del seno. Durante la consulta, el Dr. Azouz repasar\u00e1 detalladamente los riesgos, enfatizando que se toman todos los esfuerzos necesarios para reducirlos y garantizar la seguridad del paciente.<\/p>\n<h2>\u00bfCu\u00e1l es la recuperaci\u00f3n despu\u00e9s de la cirug\u00eda?<\/h2>\n<p>El tiempo necesario para recuperarse de la cirug\u00eda de contractura capsular var\u00eda de un paciente a otro, aunque generalmente lleva varias semanas. Es normal experimentar una ligera hinchaz\u00f3n y molestias en los d\u00edas inmediatamente posteriores a la cirug\u00eda. El Dr. Azouz proporciona instrucciones detalladas para el per\u00edodo postoperatorio, que incluyen recomendaciones para el manejo del dolor y el uso de prendas de compresi\u00f3n. El Dr. Azouz evaluar\u00e1 su progreso y har\u00e1 recomendaciones espec\u00edficas para una recuperaci\u00f3n m\u00e1s r\u00e1pida en sus citas de seguimiento.<\/p>\n<h2>\u00bfQu\u00e9 procedimientos se pueden combinar con la cirug\u00eda de contractura capsular?<\/h2>\n<p>La cirug\u00eda de contractura capsular se puede combinar con otros tratamientos est\u00e9ticos, como el <a href=\"https:\/\/www.drazouz.com\/es\/breast-implant-revision-and-replacement\/\">reemplazo de implantes mamarios, <\/a>la <a href=\"https:\/\/www.drazouz.com\/es\/breast-lift\/\">elevaci\u00f3n de senos<\/a><a href=\"https:\/\/www.drazouz.com\/es\/breast-implant-revision-and-replacement\/\">, <\/a>la <a href=\"https:\/\/www.drazouz.com\/es\/liposuction\/\">liposucci\u00f3n<\/a> o una <a href=\"https:\/\/www.drazouz.com\/es\/tummy-tuck-in-dallas\/\">abdominoplastia<\/a>. La decisi\u00f3n de combinar procedimientos se toma de manera individual y se puede discutir durante su consulta con el Dr. Azouz.<\/a><\/p>\n<h2>\u00bfCu\u00e1l es el costo de la cirug\u00eda de contractura capsular?<\/h2>\n<p>El costo de la cirug\u00eda de contractura capsular puede variar dependiendo de las circunstancias \u00fanicas y los detalles del caso. Los pacientes recibir\u00e1n un <a href=\"https:\/\/www.drazouz.com\/es\/fees-insurance\/\">presupuesto personalizado<\/a> adaptado a sus necesidades espec\u00edficas durante su consulta con el Dr. Azouz.<\/p>\n<h2>Programa una consulta con el Dr. Azouz en Dallas<\/h2>\n<p>Si tienes s\u00edntomas de contractura capsular o est\u00e1s considerando la cirug\u00eda, comun\u00edcate con el cirujano pl\u00e1stico certificado en Dallas, el Dr. Azouz. Su experiencia y atenci\u00f3n especializada te ayudar\u00e1n a trav\u00e9s del proceso, asegurando que obtengas los mejores resultados posibles. Comun\u00edcate con la oficina al <a href=\"tel:9727028888\" class=\"phone_anchor \" aria-label=\"ll\u00e1manos (972) 702-8888\">(972) 702-8888<\/a> para dar el primer paso hacia un resultado m\u00e1s c\u00f3modo y est\u00e9tico.<\/p>\n<h3>Preguntas Frecuentes<\/h3>\n<dl id=\"faq-1\" class=\"flc-faq\"><dt id=\"l11\"><button class=\"card-header collapsed d-flex align-items-center w-100 text-left\" data-toggle=\"collapse\" data-target=\"#t11\" aria-expanded=\"false\" aria-controls=\"t11\"><i class=\"ml-1 fas fa-chevron-down\"><\/i> \u00bfEs dolorosa la cirug\u00eda de contractura capsular?<\/button><\/dt><dd id=\"t11\" class=\"m-0 collapse\" aria-labelledby=\"l11\" aria-expanded=\"false\" data-parent=\"#faq-1\"><div class=\"card-body\"><p>Algunos pacientes informan de molestias leves despu\u00e9s de la cirug\u00eda, las cuales se pueden controlar con medicamentos recetados. Durante el procedimiento, el Dr. Azouz utiliza anestesia local con sedaci\u00f3n, lo cual puede ayudar a controlar el dolor hasta 24 horas despu\u00e9s de la cirug\u00eda.<\/p>\n<\/div><\/dd><dt id=\"l12\"><button class=\"card-header collapsed d-flex align-items-center w-100 text-left\" data-toggle=\"collapse\" data-target=\"#t12\" aria-expanded=\"false\" aria-controls=\"t12\"><i class=\"ml-1 fas fa-chevron-down\"><\/i> \u00bfHabr\u00e1 cicatrices visibles despu\u00e9s de la cirug\u00eda de contractura capsular?<\/button><\/dt><dd id=\"t12\" class=\"m-0 collapse\" aria-labelledby=\"l12\" aria-expanded=\"false\" data-parent=\"#faq-1\"><div class=\"card-body\"><p>El cirujano pl\u00e1stico certificado, el Dr. Azouz, se esfuerza por minimizar las cicatrices y realiza incisiones camufladas estrat\u00e9gicamente. Por lo general, las cicatrices se desvanecen con el tiempo y se vuelven menos visibles.<\/p>\n<\/div><\/dd><dt id=\"l13\"><button class=\"card-header collapsed d-flex align-items-center w-100 text-left\" data-toggle=\"collapse\" data-target=\"#t13\" aria-expanded=\"false\" aria-controls=\"t13\"><i class=\"ml-1 fas fa-chevron-down\"><\/i> \u00bfPuedo elegir un tipo o tama\u00f1o de implante diferente durante la cirug\u00eda de contractura capsular? <\/button><\/dt><dd id=\"t13\" class=\"m-0 collapse\" aria-labelledby=\"l13\" aria-expanded=\"false\" data-parent=\"#faq-1\"><div class=\"card-body\"><p>S\u00ed, durante la consulta, tienes la oportunidad de discutir y elegir un tipo o tama\u00f1o de implante diferente con el Dr. Azouz para lograr el resultado que deseas.<\/p>\n<\/div><\/dd><dt id=\"l14\"><button class=\"card-header collapsed d-flex align-items-center w-100 text-left\" data-toggle=\"collapse\" data-target=\"#t14\" aria-expanded=\"false\" aria-controls=\"t14\"><i class=\"ml-1 fas fa-chevron-down\"><\/i> \u00bfSon permanentes los resultados de la cirug\u00eda de contractura capsular?<\/button><\/dt><dd id=\"t14\" class=\"m-0 collapse\" aria-labelledby=\"l14\" aria-expanded=\"false\" data-parent=\"#faq-1\"><div class=\"card-body\"><p>Los resultados est\u00e1n dise\u00f1ados para ser duraderos, pero es importante seguir las instrucciones de cuidado postoperatorio y asistir a revisiones peri\u00f3dicas para monitorear la condici\u00f3n de los implantes.<\/p>\n<\/div><\/dd><\/dl>\n","protected":false},"excerpt":{"rendered":"<p>\u00bfQu\u00e9 es la contractura capsular? La contractura capsular se define como la formaci\u00f3n de una c\u00e1psula de<br \/><a href=\"https:\/\/www.drazouz.com\/es\/capsular-contracture\/\" class=\"btn btn-blue mt-3\">Sigue leyendo<\/a><\/p>\n","protected":false},"author":1,"featured_media":7366,"parent":3795,"menu_order":0,"comment_status":"closed","ping_status":"closed","template":"","meta":{"_acf_changed":false,"footnotes":""},"class_list":["post-7367","page","type-page","status-publish","has-post-thumbnail"],"acf":[],"yoast_head":"<!-- This site is optimized with the Yoast SEO plugin v27.4 - https:\/\/yoast.com\/product\/yoast-seo-wordpress\/ -->\n<title>Contractura Capsular | Azouz Cirug\u00eda Pl\u00e1stica y Est\u00e9tica<\/title>\n<meta name=\"robots\" content=\"index, follow, max-snippet:-1, max-image-preview:large, max-video-preview:-1\" \/>\n<link rel=\"canonical\" href=\"https:\/\/www.drazouz.com\/es\/capsular-contracture\/\" \/>\n<meta property=\"og:locale\" content=\"es_ES\" \/>\n<meta property=\"og:type\" content=\"article\" \/>\n<meta property=\"og:title\" content=\"Contractura Capsular | Azouz Cirug\u00eda Pl\u00e1stica y Est\u00e9tica\" \/>\n<meta property=\"og:description\" content=\"\u00bfQu\u00e9 es la contractura capsular? La contractura capsular se define como la formaci\u00f3n de una c\u00e1psula deSigue leyendo\" \/>\n<meta property=\"og:url\" content=\"https:\/\/www.drazouz.com\/es\/capsular-contracture\/\" \/>\n<meta property=\"og:site_name\" content=\"Azouz Cirug\u00eda Pl\u00e1stica y Est\u00e9tica\" \/>\n<meta property=\"article:modified_time\" content=\"2024-01-22T12:05:59+00:00\" \/>\n<meta property=\"og:image\" content=\"https:\/\/www.drazouz.com\/wp-content\/uploads\/2023\/11\/header-img-capsular-contracture.jpg\" \/>\n<meta name=\"twitter:card\" content=\"summary_large_image\" \/>\n<meta name=\"twitter:image\" content=\"https:\/\/www.drazouz.com\/wp-content\/uploads\/2023\/11\/header-img-capsular-contracture.jpg\" \/>\n<meta name=\"twitter:label1\" content=\"Tiempo de lectura\" \/>\n\t<meta name=\"twitter:data1\" content=\"9 minutos\" \/>\n<!-- \/ Yoast SEO plugin. -->","yoast_head_json":{"title":"Contractura Capsular | Azouz Cirug\u00eda Pl\u00e1stica y Est\u00e9tica","robots":{"index":"index","follow":"follow","max-snippet":"max-snippet:-1","max-image-preview":"max-image-preview:large","max-video-preview":"max-video-preview:-1"},"canonical":"https:\/\/www.drazouz.com\/es\/capsular-contracture\/","og_locale":"es_ES","og_type":"article","og_title":"Contractura Capsular | Azouz Cirug\u00eda Pl\u00e1stica y Est\u00e9tica","og_description":"\u00bfQu\u00e9 es la contractura capsular? La contractura capsular se define como la formaci\u00f3n de una c\u00e1psula deSigue leyendo","og_url":"https:\/\/www.drazouz.com\/es\/capsular-contracture\/","og_site_name":"Azouz Cirug\u00eda Pl\u00e1stica y Est\u00e9tica","article_modified_time":"2024-01-22T12:05:59+00:00","og_image":[{"url":"https:\/\/www.drazouz.com\/wp-content\/uploads\/2023\/11\/header-img-capsular-contracture.jpg","type":"","width":"","height":""}],"twitter_card":"summary_large_image","twitter_image":"https:\/\/www.drazouz.com\/wp-content\/uploads\/2023\/11\/header-img-capsular-contracture.jpg","twitter_misc":{"Tiempo de lectura":"9 minutos"},"schema":{"@context":"https:\/\/schema.org","@graph":[{"@type":"WebPage","@id":"https:\/\/www.drazouz.com\/es\/capsular-contracture\/","url":"https:\/\/www.drazouz.com\/es\/capsular-contracture\/","name":"Contractura Capsular | Azouz Cirug\u00eda Pl\u00e1stica y Est\u00e9tica","isPartOf":{"@id":"https:\/\/www.drazouz.com\/es\/#website"},"primaryImageOfPage":{"@id":"https:\/\/www.drazouz.com\/es\/capsular-contracture\/#primaryimage"},"image":{"@id":"https:\/\/www.drazouz.com\/es\/capsular-contracture\/#primaryimage"},"thumbnailUrl":"https:\/\/www.drazouz.com\/wp-content\/uploads\/2023\/11\/header-img-capsular-contracture.jpg","datePublished":"2022-07-26T16:15:57+00:00","dateModified":"2024-01-22T12:05:59+00:00","breadcrumb":{"@id":"https:\/\/www.drazouz.com\/es\/capsular-contracture\/#breadcrumb"},"inLanguage":"es","potentialAction":[{"@type":"ReadAction","target":["https:\/\/www.drazouz.com\/es\/capsular-contracture\/"]}]},{"@type":"ImageObject","inLanguage":"es","@id":"https:\/\/www.drazouz.com\/es\/capsular-contracture\/#primaryimage","url":"https:\/\/www.drazouz.com\/wp-content\/uploads\/2023\/11\/header-img-capsular-contracture.jpg","contentUrl":"https:\/\/www.drazouz.com\/wp-content\/uploads\/2023\/11\/header-img-capsular-contracture.jpg","width":1918,"height":815,"caption":"capsular contracture symptoms"},{"@type":"BreadcrumbList","@id":"https:\/\/www.drazouz.com\/es\/capsular-contracture\/#breadcrumb","itemListElement":[{"@type":"ListItem","position":1,"name":"Home","item":"https:\/\/www.drazouz.com\/es\/"},{"@type":"ListItem","position":2,"name":"Procedimientos","item":"https:\/\/www.drazouz.com\/es\/procedimientos\/"},{"@type":"ListItem","position":3,"name":"Busto","item":"https:\/\/www.drazouz.com\/es\/breast\/"},{"@type":"ListItem","position":4,"name":"Contractura Capsular"}]},{"@type":"WebSite","@id":"https:\/\/www.drazouz.com\/es\/#website","url":"https:\/\/www.drazouz.com\/es\/","name":"Azouz Cirug\u00eda Pl\u00e1stica y Est\u00e9tica","description":"","potentialAction":[{"@type":"SearchAction","target":{"@type":"EntryPoint","urlTemplate":"https:\/\/www.drazouz.com\/es\/?s={search_term_string}"},"query-input":{"@type":"PropertyValueSpecification","valueRequired":true,"valueName":"search_term_string"}}],"inLanguage":"es"}]}},"_links":{"self":[{"href":"https:\/\/www.drazouz.com\/es\/wp-json\/wp\/v2\/pages\/7367","targetHints":{"allow":["GET"]}}],"collection":[{"href":"https:\/\/www.drazouz.com\/es\/wp-json\/wp\/v2\/pages"}],"about":[{"href":"https:\/\/www.drazouz.com\/es\/wp-json\/wp\/v2\/types\/page"}],"author":[{"embeddable":true,"href":"https:\/\/www.drazouz.com\/es\/wp-json\/wp\/v2\/users\/1"}],"replies":[{"embeddable":true,"href":"https:\/\/www.drazouz.com\/es\/wp-json\/wp\/v2\/comments?post=7367"}],"version-history":[{"count":21,"href":"https:\/\/www.drazouz.com\/es\/wp-json\/wp\/v2\/pages\/7367\/revisions"}],"predecessor-version":[{"id":10872,"href":"https:\/\/www.drazouz.com\/es\/wp-json\/wp\/v2\/pages\/7367\/revisions\/10872"}],"up":[{"embeddable":true,"href":"https:\/\/www.drazouz.com\/es\/wp-json\/wp\/v2\/pages\/3795"}],"wp:featuredmedia":[{"embeddable":true,"href":"https:\/\/www.drazouz.com\/es\/wp-json\/wp\/v2\/media\/7366"}],"wp:attachment":[{"href":"https:\/\/www.drazouz.com\/es\/wp-json\/wp\/v2\/media?parent=7367"}],"curies":[{"name":"wp","href":"https:\/\/api.w.org\/{rel}","templated":true}]}}