{"id":3955,"date":"2022-07-27T15:19:57","date_gmt":"2022-07-27T20:19:57","guid":{"rendered":"https:\/\/www.drazouz.com\/?page_id=3955"},"modified":"2025-09-26T04:39:06","modified_gmt":"2025-09-26T09:39:06","slug":"selecting-a-surgeon-2","status":"publish","type":"page","link":"https:\/\/www.drazouz.com\/es\/selecting-a-surgeon\/","title":{"rendered":"Seleccionando un ciruja"},"content":{"rendered":"<p>Seleccionar el mejor cirujano pl\u00e1stico para ti es importante tanto en cirug\u00eda cosm\u00e9tica como reconstructiva. Despu\u00e9s de todo, confiar en tu cirujano para obtener los mejores resultados a lo largo de tu vida es fundamental en tu viaje de cirug\u00eda pl\u00e1stica. Azouz Plastic and Cosmetic Surgery cuenta con cirujanos pl\u00e1sticos con m\u00e1s de 45 a\u00f1os de experiencia combinada sirviendo a todo el \u00e1rea metropolitana de Dallas Fort Worth, incluyendo Dallas, Plano, Frisco, Richardson, Highland Park, Southlake, Arlington y m\u00e1s all\u00e1.<\/p>\n<p>Conocido por su habilidad, conocimiento y compromiso para brindar resultados sobresalientes, el cirujano pl\u00e1stico certificado <a href=\"https:\/\/www.drazouz.com\/es\/meet-dr-solomon-azouz\/\">Dr. Solomon Azouz<\/a> es altamente reconocido en Dallas, Texas, y regularmente cumple y supera las expectativas de los pacientes. Su doble acreditaci\u00f3n y m\u00e1s de dos d\u00e9cadas de experiencia en el campo lo establecen como un experto l\u00edder tanto en cirug\u00eda pl\u00e1stica reconstructiva como est\u00e9tica. La atenci\u00f3n del Dr. Solomon Azouz a las medidas de seguridad y la utilizaci\u00f3n de instalaciones quir\u00fargicas acreditadas son indicativas de su compromiso con la seguridad del paciente. Su \u00e9nfasis en la comunicaci\u00f3n sincera y la educaci\u00f3n del paciente garantiza que los pacientes experimentar\u00e1n la cirug\u00eda sinti\u00e9ndose informados, tranquilos y seguros.<\/p>\n<p>El cirujano pl\u00e1stico certificado en Dallas <a href=\"https:\/\/www.drazouz.com\/es\/meet-dr-david-azouz\/\">Dr. David Azouz<\/a> ha perfeccionado sus habilidades para producir resultados notables que cumplen y superan las expectativas de los pacientes gracias a su vasta experiencia en cirug\u00edas cosm\u00e9ticas y reconstructivas. Su enfoque art\u00edstico y su atenci\u00f3n meticulosa a los detalles garantizan que cada paciente reciba un plan quir\u00fargico personalizado que se adapte a sus necesidades y objetivos espec\u00edficos. Debido a su dedicaci\u00f3n persistente a la seguridad y satisfacci\u00f3n del paciente, el Dr. David Azouz es una opci\u00f3n principal para cualquier persona que busque los mejores servicios de cirug\u00eda pl\u00e1stica disponibles.<\/p>\n<p>El Dr. Solomon Azouz y el Dr. David Azouz tienen una amplia formaci\u00f3n y experiencia en realizar muchas cirug\u00edas pl\u00e1sticas y est\u00e9ticas en Dallas, incluyendo <a href=\"https:\/\/www.drazouz.com\/es\/gynecomastia\/\">cirug\u00eda de ginecomastia<\/a>, <a href=\"https:\/\/www.drazouz.com\/es\/eyelid-surgery-blepharoplasty\/\">cirug\u00eda de p\u00e1rpados<\/a>, <a href=\"https:\/\/www.drazouz.com\/es\/breast-implant-removal\/\">cirug\u00eda de remoci\u00f3n de implantes mamarios<\/a>, <a href=\"https:\/\/www.drazouz.com\/es\/liposuction\/\">liposucci\u00f3n<\/a> y <a href=\"https:\/\/www.drazouz.com\/es\/facelift\/\">lifting facial<\/a>.<\/p>\n<p style=\"font-size:1.25rem; font-weight:bold;\">\u00bfCu\u00e1ntas personas se someten a cirug\u00eda pl\u00e1stica y reconstructiva en los Estados Unidos por a\u00f1o?<\/p>\n<p>T\u00fa eres una de los 20,000,000 estadounidenses que se someter\u00e1n a cirug\u00eda este a\u00f1o. El factor m\u00e1s cr\u00edtico en el \u00e9xito de tu operaci\u00f3n es la elecci\u00f3n de un cirujano pl\u00e1stico. Tan importante como esto es, la mayor\u00eda de las personas no est\u00e1n seguras de c\u00f3mo hacerlo. Aqu\u00ed hay algunas pautas para ayudarte a seleccionar un cirujano calificado.<\/p>\n<h2>C\u00f3mo seleccionar el mejor cirujano pl\u00e1stico para ti<\/h2>\n<ul>\n<li>Investigar Credenciales: Busca cirujanos pl\u00e1sticos con certificaci\u00f3n de la junta. Un cirujano con certificaci\u00f3n de la junta ha completado con \u00e9xito un programa de entrenamiento espec\u00edfico y ha pasado ex\u00e1menes exigentes. Verifica si tienen certificaciones de instituciones como la American Board of Plastic Surgery (ABPS). <a href=\"https:\/\/www.drazouz.com\/es\/meet-dr-solomon-azouz\/\">Solomon Azouz<\/a> est\u00e1 certificado por la junta tanto por la American Board of Plastic Surgery como por el Royal College of Surgeons en Canad\u00e1. Esto implica rigurosos hitos y pruebas multipartidistas para convertirse en un <a href=\"https:\/\/www.drazouz.com\/es\/blog\/importancia-de-elegir-un-cirujano-plastico-certificado-por-la-junta-doctor-solomon-azouz\/\">cirujano certificado por la junta en ambos pa\u00edses<\/a>.<\/li>\n<\/ul>\n<div class=\"row justify-content-center align-items-center py-3 px-lg-5\">\n<div class=\"col-6 col-md-4 text-center pb-3\"><img decoding=\"async\" width=\"200\" src=\"https:\/\/www.drazouz.com\/wp-content\/uploads\/2023\/06\/MOCLogo-2.png\" class=\"attachment-full size-full\" alt=\"Certified by The American Board of Plastic Surgery Inc\" style=\"max-width: 70%;\"\/><\/div>\n<div class=\"col-6 col-md-4 text-center pb-3\"><img decoding=\"async\" width=\"200\" src=\"https:\/\/www.drazouz.com\/wp-content\/uploads\/2023\/06\/FACS.png\" class=\"attachment-full size-full\" alt=\"American College of Surgeons\" style=\"max-width: 70%;\"\/><\/div>\n<div class=\"col-6 col-md-4 text-center pb-3\"><img decoding=\"async\" width=\"280\" src=\"https:\/\/www.drazouz.com\/wp-content\/uploads\/2024\/02\/kisspng-royal-college-of-physicians-and-surgeons-of-canada-ghs-2018-accreditation-5b652f5b09b5e6.6762935115333579150398.png\" class=\"attachment-full size-full\" alt=\"Royal College of Surgeons\" \/><\/div>\n<\/div>\n<ul>\n<li>Experiencia: Revisa la experiencia del cirujano en el procedimiento espec\u00edfico que est\u00e1s considerando. Algunos cirujanos se especializan en ciertos procedimientos o \u00e1reas de cirug\u00eda pl\u00e1stica, incluyendo <a href=\"https:\/\/www.drazouz.com\/es\/face-2\/\">cirug\u00eda pl\u00e1stica facial<\/a>, <a href=\"https:\/\/www.drazouz.com\/es\/breast\/\">cirug\u00eda de senos<\/a>, <a href=\"https:\/\/www.drazouz.com\/es\/for-men\/\">cirug\u00eda pl\u00e1stica para hombres<\/a>, <a href=\"https:\/\/www.drazouz.com\/es\/body-2\/\">contorno corporal<\/a>, <a href=\"https:\/\/www.drazouz.com\/es\/facial-reconstructive-surgery\/\">cirug\u00eda reconstructiva<\/a>, <a href=\"https:\/\/www.drazouz.com\/es\/scar-removal-revision\/\">revisi\u00f3n de cicatrices<\/a> y <a href=\"https:\/\/www.handsurgeonnearme.com\/\">cirug\u00eda de manos<\/a>. Busca aquellos que tengan una amplia experiencia en el procedimiento espec\u00edfico que deseas.<\/li>\n<li>Opiniones y Testimonios: Lee opiniones y <a href=\"https:\/\/www.drazouz.com\/es\/testimonials\/\">testimonios<\/a> de pacientes anteriores. Los pacientes que han tenido cirug\u00edas realizadas por el cirujano suelen proporcionar testimonios reveladores en sitios web, plataformas de redes sociales y sitios de revisi\u00f3n en l\u00ednea para la atenci\u00f3n m\u00e9dica.<\/li>\n<li>Membres\u00eda en el Colegio Americano de Cirujanos: La membres\u00eda en el Colegio Americano de Cirujanos y la Sociedad Americana de Cirujanos Pl\u00e1sticos es otra buena indicaci\u00f3n de que un cirujano est\u00e1 calificado para realizar tu operaci\u00f3n. El Dr. Azouz asiste con frecuencia a conferencias para mantenerse al d\u00eda con las t\u00e9cnicas m\u00e1s innovadoras en cirug\u00eda pl\u00e1stica y reconstructiva.<\/li>\n<li>Consulta: Haz citas para consultar con varios cirujanos. Durante este tiempo, habla sobre tus objetivos, haz preguntas y eval\u00faa el comportamiento del cirujano, su forma de comunicarse y su deseo de calmar tus preocupaciones. Un buen cirujano debe ser transparente sobre los riesgos, beneficios y resultados de la cirug\u00eda.<\/li>\n<li>Acreditaci\u00f3n de la Instalaci\u00f3n: Verifica la acreditaci\u00f3n del centro quir\u00fargico donde est\u00e1 programado que se realice el procedimiento. Las instalaciones que tienen acreditaci\u00f3n deben cumplir con altos requisitos de calidad y seguridad. La afiliaci\u00f3n hospitalaria de un cirujano sirve como un indicador clave de su competencia. La acreditaci\u00f3n por parte de la Comisi\u00f3n Conjunta de Acreditaci\u00f3n de Hospitales es una marca de elegibilidad para hospitales de primer nivel. Para obtener privilegios quir\u00fargicos en estas instituciones de prestigio, un cirujano debe demostrar un alto nivel de competencia.<\/li>\n<li>Fotos Antes y Despu\u00e9s: Pide ver fotos antes y despu\u00e9s de los pacientes anteriores del cirujano que se sometieron a procedimientos similares. Esto puede darte una idea de la habilidad y estilo est\u00e9tico del cirujano.<\/li>\n<li>Haz Preguntas: No dudes en hacer preguntas sobre la experiencia del cirujano, el procedimiento en s\u00ed, las expectativas de recuperaci\u00f3n, los riesgos potenciales y la atenci\u00f3n postoperatoria.<\/li>\n<li>Nivel de Comodidad: Conf\u00eda en tus instintos. Elige un cirujano con el que te sientas c\u00f3modo y seguro. Sentirse escuchado, comprendido y valorado como paciente es crucial.<\/li>\n<li>Comunicaci\u00f3n y Apoyo: Considera el estilo de comunicaci\u00f3n del cirujano y la capacidad de respuesta del equipo de apoyo. Un equipo de apoyo comunicativo y solidario puede mejorar en gran medida tu experiencia quir\u00fargica y recuperaci\u00f3n.<\/li>\n<li>Consulta a tu m\u00e9dico de familia: Si conf\u00edas en tu m\u00e9dico de familia, tendr\u00e1s confianza en el cirujano que recomiende. A trav\u00e9s de a\u00f1os de experiencia en la derivaci\u00f3n de pacientes a especialistas, los m\u00e9dicos de atenci\u00f3n primaria se familiarizan con sus calificaciones.<\/li>\n<li>Consideraci\u00f3n del Costo: Si bien el costo es un factor, prioriza la calidad y la experiencia sobre el precio. <a href=\"https:\/\/www.drazouz.com\/es\/fees-insurance\/\">Comprende el desglose de los costos<\/a>, incluidos los posibles gastos adicionales relacionados con el procedimiento. La cirug\u00eda pl\u00e1stica es para toda la vida.<\/li>\n<\/ul>\n<div class=\"row mb-4\">\n<div class=\"col-lg-4 d-flex justify-content-center\"><img decoding=\"async\" src=\"https:\/\/www.drazouz.com\/wp-content\/uploads\/2022\/08\/shutterstock_607681166.jpg\" alt=\"mujer\" class=\"alignnone my-3\" width=\"400\" \/><\/div>\n<div class=\"col-lg-8 d-flex justify-content-center flex-column text-left\">Recuerda, seleccionar a un cirujano pl\u00e1stico es una decisi\u00f3n personal. T\u00f3mate tu tiempo, haz una investigaci\u00f3n exhaustiva y considera m\u00faltiples factores para asegurarte de elegir un cirujano que se alinee con tus objetivos y priorice tu seguridad y bienestar.<\/div>\n<\/div>\n<p><strong>\u00bfCu\u00e1l es la diferencia entre un cirujano pl\u00e1stico y un cirujano est\u00e9tico?<\/strong><br \/>\nEs crucial distinguir entre un cirujano pl\u00e1stico y otros profesionales especializados en procedimientos est\u00e9ticos. El Dr. Azouz, al ser un cirujano pl\u00e1stico, ha completado <a href=\"https:\/\/www.drazouz.com\/es\/blog\/la-universidad-de-toronto-y-la-clinica-mayo-son-las-mejores-redes-hospitalarias-de-america-del-norte\/\">entrenamiento en cirug\u00eda pl\u00e1stica en un programa acreditado de cirug\u00eda pl\u00e1stica y reconstructiva<\/a>. Algunos cirujanos est\u00e9ticos se han capacitado en otras especialidades como oftalmolog\u00eda, obstetricia y ginecolog\u00eda, o especialistas en o\u00eddos, nariz y garganta, y realizan procedimientos est\u00e9ticos. Es importante tener en cuenta que estos especialistas no han tenido el mismo entrenamiento que un cirujano pl\u00e1stico certificado por la junta a trav\u00e9s de un programa acreditado.<\/p>\n<div class=\"row mb-4 text-center px-lg-5\">\n<div class=\"col-lg-6 mb-4\"><img decoding=\"async\" src=\"https:\/\/www.drazouz.com\/wp-content\/uploads\/2025\/03\/Dr.-Solomon-Azouz-_-Plastic-and-Reconstructive-Surgery-license-confirmed.jpg\" alt=\"Dr. Solomon Azouz | Cirug\u00eda Pl\u00e1stica y Reconstructiva en Dallas, TX\" width=\"420\" class=\"size-full wp-image-20981\" srcset=\"https:\/\/www.drazouz.com\/wp-content\/uploads\/2025\/03\/Dr.-Solomon-Azouz-_-Plastic-and-Reconstructive-Surgery-license-confirmed.jpg 600w, https:\/\/www.drazouz.com\/wp-content\/uploads\/2025\/03\/Dr.-Solomon-Azouz-_-Plastic-and-Reconstructive-Surgery-license-confirmed-176x300.jpg 176w\" sizes=\"(max-width: 600px) 100vw, 600px\" \/><\/div>\n<div class=\"col-lg-6 d-flex justify-content-center flex-column text-center h4 doctor-heading\">Seleccionado como uno de los mejores cirujanos pl\u00e1sticos en Texas a\u00f1o tras a\u00f1o.<\/div>\n<\/div>\n<p style=\"text-align:center; margin-bottom:3rem;\"><a href=\"https:\/\/www.drazouz.com\/es\/contact\/\" class=\"contact_anchor btn btn-blue\">programar una consulta<\/a><\/p>\n<h2>La cirug\u00eda pl\u00e1stica es una decisi\u00f3n importante<\/h2>\n<p>Si bien un vecino o amigo puede compartir experiencias positivas con un cirujano que ha realizado una operaci\u00f3n similar a la que est\u00e1s planeando, es esencial verificar independientemente sus calificaciones siguiendo estas pautas. Si hay dudas sobre las credenciales de un cirujano, es recomendable consultar con m\u00e1s de un cirujano pl\u00e1stico antes de comprometerse.<\/p>\n<div class=\"row mt-5\">\n<div class=\"col-lg-4 d-flex justify-content-center\"><img loading=\"lazy\" decoding=\"async\" src=\"https:\/\/www.drazouz.com\/wp-content\/uploads\/2024\/02\/Solomon-Azouz-plastic-surgeon-dallas.jpeg\" alt=\"Solomon Azouz, MD, FACS, FRCS (C) | Cirug\u00eda Pl\u00e1stica y Reconstructiva\" width=\"400\" height=\"560\" class=\"size-full wp-image-11981 alignnone\" srcset=\"https:\/\/www.drazouz.com\/wp-content\/uploads\/2024\/02\/Solomon-Azouz-plastic-surgeon-dallas.jpeg 731w, https:\/\/www.drazouz.com\/wp-content\/uploads\/2024\/02\/Solomon-Azouz-plastic-surgeon-dallas-214x300.jpeg 214w\" sizes=\"auto, (max-width: 400px) 100vw, 400px\" \/><\/div>\n<div class=\"col-lg-8 d-flex justify-content-center flex-column text-left\">\n<h3 class=\"mt-lg-0\">Solicita una consulta con el Dr. Azouz<\/h3>\n<p>El Dr. Solomon Azouz tiene una trayectoria exitosa en Cirug\u00eda Pl\u00e1stica. Si est\u00e1s considerando someterte a una Cirug\u00eda Pl\u00e1stica en Dallas, solicita una consulta con el Dr. Azouz llamando al <a href=\"tel:9727028888\" class=\"phone_anchor \" aria-label=\"ll\u00e1manos (972) 702-8888\">(972) 702-8888<\/a> o <a href=\"https:\/\/www.drazouz.com\/es\/contact\/\">llenando nuestro formulario en l\u00ednea<\/a>.<\/p>\n<\/div>\n<\/div>\n","protected":false},"excerpt":{"rendered":"<p>Seleccionar el mejor cirujano pl\u00e1stico para ti es importante tanto en cirug\u00eda cosm\u00e9tica como reconstructiva. Despu\u00e9s de<br \/><a href=\"https:\/\/www.drazouz.com\/es\/selecting-a-surgeon\/\" class=\"btn btn-blue mt-3\">Sigue leyendo<\/a><\/p>\n","protected":false},"author":1,"featured_media":11961,"parent":0,"menu_order":0,"comment_status":"closed","ping_status":"closed","template":"","meta":{"_acf_changed":false,"footnotes":""},"class_list":["post-3955","page","type-page","status-publish","has-post-thumbnail"],"acf":[],"yoast_head":"<!-- This site is optimized with the Yoast SEO plugin v27.4 - https:\/\/yoast.com\/product\/yoast-seo-wordpress\/ -->\n<title>Selecci\u00f3n de un cirujano pl\u00e1stico | Azouz Dallas | Plano | Richardson<\/title>\n<meta name=\"description\" content=\"El Dr. Azouz, cirujano pl\u00e1stico certificado por la Junta de Dallas con gran experiencia, analiza qu\u00e9 buscar al seleccionar un cirujano pl\u00e1stico. Para m\u00e1s informaci\u00f3n llamar al 972 702 888.\" \/>\n<meta name=\"robots\" content=\"index, follow, max-snippet:-1, max-image-preview:large, max-video-preview:-1\" \/>\n<link rel=\"canonical\" href=\"https:\/\/www.drazouz.com\/es\/selecting-a-surgeon\/\" \/>\n<meta property=\"og:locale\" content=\"es_ES\" \/>\n<meta property=\"og:type\" content=\"article\" \/>\n<meta property=\"og:title\" content=\"Selecci\u00f3n de un cirujano pl\u00e1stico | Azouz Dallas | Plano | Richardson\" \/>\n<meta property=\"og:description\" content=\"El Dr. Azouz, cirujano pl\u00e1stico certificado por la Junta de Dallas con gran experiencia, analiza qu\u00e9 buscar al seleccionar un cirujano pl\u00e1stico. Para m\u00e1s informaci\u00f3n llamar al 972 702 888.\" \/>\n<meta property=\"og:url\" content=\"https:\/\/www.drazouz.com\/es\/selecting-a-surgeon\/\" \/>\n<meta property=\"og:site_name\" content=\"Azouz Cirug\u00eda Pl\u00e1stica y Est\u00e9tica\" \/>\n<meta property=\"article:modified_time\" content=\"2025-09-26T09:39:06+00:00\" \/>\n<meta property=\"og:image\" content=\"https:\/\/www.drazouz.com\/wp-content\/uploads\/2024\/02\/header-image-020601.jpeg\" \/>\n<meta name=\"twitter:card\" content=\"summary_large_image\" \/>\n<meta name=\"twitter:image\" content=\"https:\/\/www.drazouz.com\/wp-content\/uploads\/2024\/02\/header-image-020601.jpeg\" \/>\n<meta name=\"twitter:label1\" content=\"Tiempo de lectura\" \/>\n\t<meta name=\"twitter:data1\" content=\"7 minutos\" \/>\n<!-- \/ Yoast SEO plugin. -->","yoast_head_json":{"title":"Selecci\u00f3n de un cirujano pl\u00e1stico | Azouz Dallas | Plano | Richardson","description":"El Dr. Azouz, cirujano pl\u00e1stico certificado por la Junta de Dallas con gran experiencia, analiza qu\u00e9 buscar al seleccionar un cirujano pl\u00e1stico. Para m\u00e1s informaci\u00f3n llamar al 972 702 888.","robots":{"index":"index","follow":"follow","max-snippet":"max-snippet:-1","max-image-preview":"max-image-preview:large","max-video-preview":"max-video-preview:-1"},"canonical":"https:\/\/www.drazouz.com\/es\/selecting-a-surgeon\/","og_locale":"es_ES","og_type":"article","og_title":"Selecci\u00f3n de un cirujano pl\u00e1stico | Azouz Dallas | Plano | Richardson","og_description":"El Dr. Azouz, cirujano pl\u00e1stico certificado por la Junta de Dallas con gran experiencia, analiza qu\u00e9 buscar al seleccionar un cirujano pl\u00e1stico. Para m\u00e1s informaci\u00f3n llamar al 972 702 888.","og_url":"https:\/\/www.drazouz.com\/es\/selecting-a-surgeon\/","og_site_name":"Azouz Cirug\u00eda Pl\u00e1stica y Est\u00e9tica","article_modified_time":"2025-09-26T09:39:06+00:00","og_image":[{"url":"https:\/\/www.drazouz.com\/wp-content\/uploads\/2024\/02\/header-image-020601.jpeg","type":"","width":"","height":""}],"twitter_card":"summary_large_image","twitter_image":"https:\/\/www.drazouz.com\/wp-content\/uploads\/2024\/02\/header-image-020601.jpeg","twitter_misc":{"Tiempo de lectura":"7 minutos"},"schema":{"@context":"https:\/\/schema.org","@graph":[{"@type":"WebPage","@id":"https:\/\/www.drazouz.com\/es\/selecting-a-surgeon\/","url":"https:\/\/www.drazouz.com\/es\/selecting-a-surgeon\/","name":"Selecci\u00f3n de un cirujano pl\u00e1stico | Azouz Dallas | Plano | Richardson","isPartOf":{"@id":"https:\/\/www.drazouz.com\/es\/#website"},"primaryImageOfPage":{"@id":"https:\/\/www.drazouz.com\/es\/selecting-a-surgeon\/#primaryimage"},"image":{"@id":"https:\/\/www.drazouz.com\/es\/selecting-a-surgeon\/#primaryimage"},"thumbnailUrl":"https:\/\/www.drazouz.com\/wp-content\/uploads\/2024\/02\/header-image-020601.jpeg","datePublished":"2022-07-27T20:19:57+00:00","dateModified":"2025-09-26T09:39:06+00:00","description":"El Dr. Azouz, cirujano pl\u00e1stico certificado por la Junta de Dallas con gran experiencia, analiza qu\u00e9 buscar al seleccionar un cirujano pl\u00e1stico. Para m\u00e1s informaci\u00f3n llamar al 972 702 888.","breadcrumb":{"@id":"https:\/\/www.drazouz.com\/es\/selecting-a-surgeon\/#breadcrumb"},"inLanguage":"es","potentialAction":[{"@type":"ReadAction","target":["https:\/\/www.drazouz.com\/es\/selecting-a-surgeon\/"]}]},{"@type":"ImageObject","inLanguage":"es","@id":"https:\/\/www.drazouz.com\/es\/selecting-a-surgeon\/#primaryimage","url":"https:\/\/www.drazouz.com\/wp-content\/uploads\/2024\/02\/header-image-020601.jpeg","contentUrl":"https:\/\/www.drazouz.com\/wp-content\/uploads\/2024\/02\/header-image-020601.jpeg","width":1918,"height":815,"caption":"Azouz Plastic and Cosmetic Surgery | Dallas, TX"},{"@type":"BreadcrumbList","@id":"https:\/\/www.drazouz.com\/es\/selecting-a-surgeon\/#breadcrumb","itemListElement":[{"@type":"ListItem","position":1,"name":"Home","item":"https:\/\/www.drazouz.com\/es\/"},{"@type":"ListItem","position":2,"name":"Seleccionando un ciruja"}]},{"@type":"WebSite","@id":"https:\/\/www.drazouz.com\/es\/#website","url":"https:\/\/www.drazouz.com\/es\/","name":"Azouz Cirug\u00eda Pl\u00e1stica y Est\u00e9tica","description":"","potentialAction":[{"@type":"SearchAction","target":{"@type":"EntryPoint","urlTemplate":"https:\/\/www.drazouz.com\/es\/?s={search_term_string}"},"query-input":{"@type":"PropertyValueSpecification","valueRequired":true,"valueName":"search_term_string"}}],"inLanguage":"es"}]}},"_links":{"self":[{"href":"https:\/\/www.drazouz.com\/es\/wp-json\/wp\/v2\/pages\/3955","targetHints":{"allow":["GET"]}}],"collection":[{"href":"https:\/\/www.drazouz.com\/es\/wp-json\/wp\/v2\/pages"}],"about":[{"href":"https:\/\/www.drazouz.com\/es\/wp-json\/wp\/v2\/types\/page"}],"author":[{"embeddable":true,"href":"https:\/\/www.drazouz.com\/es\/wp-json\/wp\/v2\/users\/1"}],"replies":[{"embeddable":true,"href":"https:\/\/www.drazouz.com\/es\/wp-json\/wp\/v2\/comments?post=3955"}],"version-history":[{"count":10,"href":"https:\/\/www.drazouz.com\/es\/wp-json\/wp\/v2\/pages\/3955\/revisions"}],"predecessor-version":[{"id":21053,"href":"https:\/\/www.drazouz.com\/es\/wp-json\/wp\/v2\/pages\/3955\/revisions\/21053"}],"wp:featuredmedia":[{"embeddable":true,"href":"https:\/\/www.drazouz.com\/es\/wp-json\/wp\/v2\/media\/11961"}],"wp:attachment":[{"href":"https:\/\/www.drazouz.com\/es\/wp-json\/wp\/v2\/media?parent=3955"}],"curies":[{"name":"wp","href":"https:\/\/api.w.org\/{rel}","templated":true}]}}