{"id":3952,"date":"2022-07-27T11:09:11","date_gmt":"2022-07-27T16:09:11","guid":{"rendered":"https:\/\/www.drazouz.com\/?page_id=3952"},"modified":"2024-02-05T13:26:04","modified_gmt":"2024-02-05T18:26:04","slug":"breast-chest-asymmetry-correction-surgery","status":"publish","type":"page","link":"https:\/\/www.drazouz.com\/es\/breast-chest-asymmetry-correction-surgery\/","title":{"rendered":"Cirug\u00eda de Correcci\u00f3n de la Asimetr\u00eda del Pecho"},"content":{"rendered":"<p>Tanto hombres como mujeres pueden sufrir asimetr\u00eda mamaria provocada por la gen\u00e9tica, lesiones traum\u00e1ticas, cambios hormonales o tras un procedimiento de cirug\u00eda pl\u00e1stica. Una cierta cantidad de asimetr\u00eda mamaria es en realidad promedio. La asimetr\u00eda significativa del pecho en hombres y mujeres puede ser molesta y, a menudo, los motiva a buscar un cirujano pl\u00e1stico como el Dr. Azouz.<\/p>\n<p>En los hombres, no es raro que el pez\u00f3n se distorsione debido a la ginecomastia. Algunos hombres padecen el s\u00edndrome de Polonia o deformidad pectus. Varios hombres est\u00e1n buscando cirug\u00eda est\u00e9tica en <a href=\"https:\/\/www.drazouz.com\/es\/for-men\/\">Dallas TX Male Facial Plastic Surgery<\/a> y presentan una combinaci\u00f3n de estas condiciones, lo que provoca asimetr\u00eda. El Dr. Azouz puede mejorar la simetr\u00eda en los hombres mediante diversos procedimientos, que incluyen <a href=\"https:\/\/www.drazouz.com\/es\/gynecomastia\/\">liposucci\u00f3n y eliminaci\u00f3n de ginecomastia<\/a>, <a href=\"https:\/\/www.drazouz.com\/es\/polands-syndrome\/\">correcci\u00f3n del s\u00edndrome de Polonia<\/a>, colocaci\u00f3n de implantes pectorales y <a href=\"https:\/\/www.drazouz.com\/es\/pectus-deformities\/\">correcci\u00f3n de la deformidad pectus<\/a>.<\/p>\n<p>En el caso de las mujeres, sus senos pueden volverse asim\u00e9tricos despu\u00e9s de amamantar. Cuando ocurre la asimetr\u00eda mamaria, una mama tiene un tama\u00f1o, forma o posici\u00f3n diferente que la otra. Alternativamente, algunas mujeres tienen Polonia s\u00edndrome, deformidad del pectus o asimetr\u00eda de la gl\u00e1ndula mamaria. Afortunadamente, la cirug\u00eda de correcci\u00f3n de la asimetr\u00eda mamaria es una soluci\u00f3n eficaz que proporciona a las pacientes senos o cofres est\u00e9ticos y sim\u00e9tricos. En mujeres con antecedentes de aumento de senos, la asimetr\u00eda puede indicar una ruptura del implante mamario. El Dr. Azouz puede usar una combinaci\u00f3n de reposicionamiento del pez\u00f3n, levantamiento de senos (mastopexia), aumento de senos y aumento de senos con injerto de grasa para mejorar el aspecto y la simetr\u00eda de los senos. Programe una consulta con el Dr. Azouz en Dallas para evaluar su caso y dise\u00f1ar un tratamiento a medida para corregir la asimetr\u00eda pecho \/ pecho.<\/p>\n<h2>\u00bfSoy candidata a cirug\u00eda de correcci\u00f3n de asimetr\u00eda de mama \/ t\u00f3rax?<\/h2>\n<p>Los candidatos para la cirug\u00eda de correcci\u00f3n de la asimetr\u00eda mamaria son personas que notan una diferencia en la posici\u00f3n, la forma y \/ o el tama\u00f1o de su pecho, senos o pezones.<\/p>\n<h2>Beneficios de la cirug\u00eda de correcci\u00f3n de asimetr\u00eda de mama \/ pecho<\/h2>\n<p>Los beneficios de corregir pechos o pechos asim\u00e9tricos con Dr. Azouz incluyen tener pechos \/ pechos m\u00e1s sim\u00e9tricos y proporcionales, ropa ajustada adecuadamente, lo que ayuda a las pacientes a recuperar su confianza y obtener una figura m\u00e1s est\u00e9tica.<\/p>\n<h2>Cirug\u00eda de correcci\u00f3n de asimetr\u00eda de mama \/ pecho en Dallas<\/h2>\n<p>La t\u00e9cnica incomparable del Dr. Azouz garantizar\u00e1 la m\u00e1xima comodidad durante la cirug\u00eda de correcci\u00f3n de la asimetr\u00eda mamaria, utilizando diferentes enfoques para corregir las asimetr\u00edas mamarias. Dependiendo del caso, el Dr. Azouz sugerir\u00e1 la mejor t\u00e9cnica para realzar el pecho y el pecho de la paciente, colocar\u00e1 las incisiones con cuidado para asegurar que la cicatriz quede oculta y obtener hermosos resultados.<\/p>\n<h2>Anestesia para cirug\u00eda de correcci\u00f3n de asimetr\u00eda de mama \/ t\u00f3rax<\/h2>\n<p>El Dr. Azouz usa sedaci\u00f3n local y durante la cirug\u00eda de correcci\u00f3n de mamas por asimetr\u00eda. En raras ocasiones, utilizar\u00e1 anestesia general. Sin embargo, el Dr. Azouz encuentra que sus pacientes tienen una recuperaci\u00f3n m\u00e1s r\u00e1pida con una disminuci\u00f3n de las n\u00e1useas usando sedaci\u00f3n local y que aquellos que se someten a anestesia general.<\/p>\n<h2>Recuperaci\u00f3n de la cirug\u00eda de correcci\u00f3n de asimetr\u00eda de mama \/ t\u00f3rax<\/h2>\n<p><img decoding=\"async\" src=\"https:\/\/www.drazouz.com\/wp-content\/uploads\/2022\/08\/Chest-Asymmetry-Correction-Dr.-Azouz-Dallas-scaled-1-e1659693724590.jpg\" alt=\"man chest\" class=\"alignright\" width=\"300\" \/><\/p>\n<p>Los pacientes se lo tomar\u00e1n con calma durante los primeros d\u00edas despu\u00e9s de la cirug\u00eda de correcci\u00f3n de la asimetr\u00eda de mama \/ t\u00f3rax y limitar\u00e1n sus actividades. Sin embargo, poco despu\u00e9s de la cirug\u00eda, podr\u00e1 volver al trabajo de escritorio ligero. Continuar\u00e1 limitando sus actividades extenuantes durante algunas semanas despu\u00e9s de la cirug\u00eda. El Dr. Azouz le dar\u00e1 sus instrucciones espec\u00edficas cuando agregue actividades m\u00e1s extenuantes como levantar objetos pesados en su rutina diaria.<\/p>\n<h2>Combinaci\u00f3n de una cirug\u00eda de correcci\u00f3n de asimetr\u00eda de mama \/ t\u00f3rax con otras cirug\u00edas pl\u00e1sticas<\/h2>\n<p>Existen muchos procedimientos de cirug\u00eda pl\u00e1stica que se pueden combinar con la cirug\u00eda de correcci\u00f3n de mamas por asimetr\u00eda. Algunas de las cirug\u00edas combinadas incluyen:<\/p>\n<ul>\n<li><a href=\"https:\/\/www.drazouz.com\/es\/male-eyelid-surgery-blepharoplasty-dallas\/\">Cirug\u00eda de p\u00e1rpado (Blefaroplastia)<\/a><\/li>\n<li><a href=\"https:\/\/www.drazouz.com\/es\/rhinoplasty\/\">Rinoplastia<\/a><\/li>\n<li><a href=\"https:\/\/www.drazouz.com\/es\/otoplasty-ear-pinning\/\">Cirug\u00eda del o\u00eddo (Otoplastia)<\/a><\/li>\n<li><a href=\"https:\/\/www.drazouz.com\/es\/male-facelift-in-dallas\/\">Estiramiento facial<\/a><\/li>\n<li><a href=\"https:\/\/www.drazouz.com\/es\/arm-lift\/\">Brazo de elevaci\u00f3n (Braquioplastia)<\/a><\/li>\n<li><a href=\"https:\/\/www.drazouz.com\/es\/men-liposuction-in-dallas\/\">Liposucci\u00f3n<\/a><\/li>\n<\/ul>\n<h2>Costo de la cirug\u00eda de correcci\u00f3n de asimetr\u00eda de mama \/ t\u00f3rax<\/h2>\n<p>Hay muchos enfoques y planes quir\u00fargicos diferentes que el Dr. Azouz puede realizar para corregir la asimetr\u00eda de mama \/ pecho. Dependiendo del procedimiento quir\u00fargico que el paciente y el Dr. Azouz creen para lograr objetivos espec\u00edficos, determinar\u00e1 el costo de la correcci\u00f3n de la cirug\u00eda de asimetr\u00eda mamaria. El Dr. Azouz ofrece diferentes opciones de financiamiento para sus pacientes interesados en someterse a una cirug\u00eda pl\u00e1stica.<\/p>\n<h2>Resultados despu\u00e9s de la cirug\u00eda de correcci\u00f3n de asimetr\u00eda de mama \/ t\u00f3rax<\/h2>\n<p>La correcci\u00f3n de la cirug\u00eda de asimetr\u00eda mamaria incluye un aspecto est\u00e9tico m\u00e1s uniforme de la mama o el pecho. El Dr. Azouz crear\u00e1 una apariencia m\u00e1s sim\u00e9trica de los senos en cuanto a forma, tama\u00f1o y posici\u00f3n. Muchos pacientes informan que despu\u00e9s de someterse a la correcci\u00f3n de sus senos o t\u00f3rax asim\u00e9tricos, pueden encontrar ropa que les quede bien m\u00e1s f\u00e1cilmente y sentirse m\u00e1s seguros de su propia piel que antes de la cirug\u00eda.<\/p>\n<div class=\"row\">\n<div class=\"col-md-6 mb-4 mb-md-0\"><img loading=\"lazy\" decoding=\"async\" src=\"https:\/\/www.drazouz.com\/wp-content\/uploads\/2023\/10\/Male-Breast-Asymmetry-Before-and-After-1.jpg\" alt=\"gynecomastia before and after | Dr. Solomon Azouz in Dallas, TX\" width=\"1080\" height=\"1080\" class=\"alignnone size-full wp-image-6789\" srcset=\"https:\/\/www.drazouz.com\/wp-content\/uploads\/2023\/10\/Male-Breast-Asymmetry-Before-and-After-1.jpg 1080w, https:\/\/www.drazouz.com\/wp-content\/uploads\/2023\/10\/Male-Breast-Asymmetry-Before-and-After-1-300x300.jpg 300w, https:\/\/www.drazouz.com\/wp-content\/uploads\/2023\/10\/Male-Breast-Asymmetry-Before-and-After-1-1024x1024.jpg 1024w, https:\/\/www.drazouz.com\/wp-content\/uploads\/2023\/10\/Male-Breast-Asymmetry-Before-and-After-1-768x768.jpg 768w, https:\/\/www.drazouz.com\/wp-content\/uploads\/2023\/10\/Male-Breast-Asymmetry-Before-and-After-1-192x192.jpg 192w, https:\/\/www.drazouz.com\/wp-content\/uploads\/2023\/10\/Male-Breast-Asymmetry-Before-and-After-1-32x32.jpg 32w\" sizes=\"auto, (max-width: 1080px) 100vw, 1080px\" \/><\/div>\n<div class=\"col-md-6\"><img loading=\"lazy\" decoding=\"async\" src=\"https:\/\/www.drazouz.com\/wp-content\/uploads\/2023\/10\/Male-Breast-Asymmetry-Before-and-After-2.jpg\" alt=\"gynecomastia before and after | Dr. Solomon Azouz in Dallas, TX\" width=\"1080\" height=\"1080\" class=\"alignnone size-full wp-image-6787\" srcset=\"https:\/\/www.drazouz.com\/wp-content\/uploads\/2023\/10\/Male-Breast-Asymmetry-Before-and-After-2.jpg 1080w, https:\/\/www.drazouz.com\/wp-content\/uploads\/2023\/10\/Male-Breast-Asymmetry-Before-and-After-2-300x300.jpg 300w, https:\/\/www.drazouz.com\/wp-content\/uploads\/2023\/10\/Male-Breast-Asymmetry-Before-and-After-2-1024x1024.jpg 1024w, https:\/\/www.drazouz.com\/wp-content\/uploads\/2023\/10\/Male-Breast-Asymmetry-Before-and-After-2-768x768.jpg 768w, https:\/\/www.drazouz.com\/wp-content\/uploads\/2023\/10\/Male-Breast-Asymmetry-Before-and-After-2-192x192.jpg 192w, https:\/\/www.drazouz.com\/wp-content\/uploads\/2023\/10\/Male-Breast-Asymmetry-Before-and-After-2-32x32.jpg 32w\" sizes=\"auto, (max-width: 1080px) 100vw, 1080px\" \/><\/div>\n<\/div>\n<h2>Programe una consulta con el Dr. Azouz<\/h2>\n<p>Si padece asimetr\u00eda mamaria o tor\u00e1cica, llame al <a href=\"tel:9727028888\" class=\"phone_anchor \" aria-label=\"ll\u00e1manos (972) 702-8888\">(972) 702-8888<\/a> al <a title=\"Contact Azouz Cosmetic &amp; Plastic Surgery in Dallas TX\" href=\"https:\/\/www.drazouz.com\/es\/contact\/\"><em><strong>programar una consulta con el cirujano pl\u00e1stico de Dallas, Dr. Azouz<\/strong><\/em><\/a> para evaluar su condici\u00f3n y dise\u00f1ar el mejor enfoque para corregir la asimetr\u00eda en el \u00e1rea de los senos o el pecho.<\/p>\n<h3>Preguntas Frecuentes<\/h3>\n<dl id=\"faq-1\" class=\"flc-faq\"><dt id=\"l11\"><button class=\"card-header collapsed d-flex align-items-center w-100 text-left\" data-toggle=\"collapse\" data-target=\"#t11\" aria-expanded=\"false\" aria-controls=\"t11\"><i class=\"ml-1 fas fa-chevron-down\"><\/i> \u00bfC\u00f3mo se realiza la cirug\u00eda de correcci\u00f3n de asimetr\u00eda en el pecho?<\/button><\/dt><dd id=\"t11\" class=\"m-0 collapse\" aria-labelledby=\"l11\" aria-expanded=\"false\" data-parent=\"#faq-1\"><div class=\"card-body\"><p>El procedimiento espec\u00edfico depende de cada paciente y se determinar\u00e1 durante su consulta personalizada. En la mayor\u00eda de los casos, implica <a href=\"https:\/\/www.drazouz.com\/es\/gynecomastia\/\">cirug\u00eda de ginecomastia<\/a>. En algunos casos, tambi\u00e9n puede incluir injerto de grasa en el pecho.<\/p>\n<\/div><\/dd><dt id=\"l12\"><button class=\"card-header collapsed d-flex align-items-center w-100 text-left\" data-toggle=\"collapse\" data-target=\"#t12\" aria-expanded=\"false\" aria-controls=\"t12\"><i class=\"ml-1 fas fa-chevron-down\"><\/i> \u00bfEs dolorosa la cirug\u00eda de correcci\u00f3n de asimetr\u00eda en el pecho?<\/button><\/dt><dd id=\"t12\" class=\"m-0 collapse\" aria-labelledby=\"l12\" aria-expanded=\"false\" data-parent=\"#faq-1\"><div class=\"card-body\"><p>Despu\u00e9s de la cirug\u00eda, los pacientes pueden sentir molestias leves e hinchaz\u00f3n. El Dr. Azouz recetar\u00e1 medicamentos para ayudar con el dolor y dar\u00e1 recomendaciones sobre prendas de <a href=\"https:\/\/www.drazouz.com\/es\/blog\/what-is-the-best-gynecomastia-compression-vest\/\">compresi\u00f3n para ayudar con la hinchaz\u00f3n<\/a>.<\/p>\n<\/div><\/dd><dt id=\"l13\"><button class=\"card-header collapsed d-flex align-items-center w-100 text-left\" data-toggle=\"collapse\" data-target=\"#t13\" aria-expanded=\"false\" aria-controls=\"t13\"><i class=\"ml-1 fas fa-chevron-down\"><\/i> \u00bfExisten riesgos o complicaciones asociados con la cirug\u00eda de correcci\u00f3n de asimetr\u00eda en el pecho?<\/button><\/dt><dd id=\"t13\" class=\"m-0 collapse\" aria-labelledby=\"l13\" aria-expanded=\"false\" data-parent=\"#faq-1\"><div class=\"card-body\"><p>Como cualquier procedimiento quir\u00fargico, la cirug\u00eda de correcci\u00f3n de asimetr\u00eda en el pecho conlleva algunos riesgos, incluyendo infecci\u00f3n, sangrado, cambios en la sensaci\u00f3n del pez\u00f3n o asimetr\u00eda. El cirujano pl\u00e1stico certificado por la junta, el Dr. Azouz, tiene experiencia en realizar procedimientos de correcci\u00f3n de asimetr\u00eda y puede ayudar a minimizar estos riesgos.<\/p>\n<\/div><\/dd><\/dl>\n","protected":false},"excerpt":{"rendered":"<p>Tanto hombres como mujeres pueden sufrir asimetr\u00eda mamaria provocada por la gen\u00e9tica, lesiones traum\u00e1ticas, cambios hormonales o<br \/><a href=\"https:\/\/www.drazouz.com\/es\/breast-chest-asymmetry-correction-surgery\/\" class=\"btn btn-blue mt-3\">Sigue leyendo<\/a><\/p>\n","protected":false},"author":1,"featured_media":5891,"parent":3802,"menu_order":0,"comment_status":"closed","ping_status":"closed","template":"","meta":{"_acf_changed":false,"footnotes":""},"class_list":["post-3952","page","type-page","status-publish","has-post-thumbnail"],"acf":[],"yoast_head":"<!-- This site is optimized with the Yoast SEO plugin v27.4 - https:\/\/yoast.com\/product\/yoast-seo-wordpress\/ -->\n<title>Cirug\u00eda de correcci\u00f3n de asimetr\u00eda de pecho y pecho Dallas | Plano | Richardson<\/title>\n<meta name=\"description\" content=\"El Dr. Azouz corrige la asimetr\u00eda de pecho \/ pecho con las t\u00e9cnicas m\u00e1s efectivas para proporcionar a los pacientes un pecho o pecho atractivo. Llame al 972 702 8888 para reservar su consulta.\" \/>\n<meta name=\"robots\" content=\"index, follow, max-snippet:-1, max-image-preview:large, max-video-preview:-1\" \/>\n<link rel=\"canonical\" href=\"https:\/\/www.drazouz.com\/es\/breast-chest-asymmetry-correction-surgery\/\" \/>\n<meta property=\"og:locale\" content=\"es_ES\" \/>\n<meta property=\"og:type\" content=\"article\" \/>\n<meta property=\"og:title\" content=\"Cirug\u00eda de correcci\u00f3n de asimetr\u00eda de pecho y pecho Dallas | Plano | Richardson\" \/>\n<meta property=\"og:description\" content=\"El Dr. Azouz corrige la asimetr\u00eda de pecho \/ pecho con las t\u00e9cnicas m\u00e1s efectivas para proporcionar a los pacientes un pecho o pecho atractivo. Llame al 972 702 8888 para reservar su consulta.\" \/>\n<meta property=\"og:url\" content=\"https:\/\/www.drazouz.com\/es\/breast-chest-asymmetry-correction-surgery\/\" \/>\n<meta property=\"og:site_name\" content=\"Azouz Cirug\u00eda Pl\u00e1stica y Est\u00e9tica\" \/>\n<meta property=\"article:modified_time\" content=\"2024-02-05T18:26:04+00:00\" \/>\n<meta property=\"og:image\" content=\"https:\/\/www.drazouz.com\/wp-content\/uploads\/2023\/08\/bigstock-Fit-And-Handsome-Man-With-Beau-478352175.jpg\" \/>\n<meta name=\"twitter:card\" content=\"summary_large_image\" \/>\n<meta name=\"twitter:image\" content=\"https:\/\/www.drazouz.com\/wp-content\/uploads\/2023\/08\/bigstock-Fit-And-Handsome-Man-With-Beau-478352175.jpg\" \/>\n<meta name=\"twitter:label1\" content=\"Tiempo de lectura\" \/>\n\t<meta name=\"twitter:data1\" content=\"5 minutos\" \/>\n<!-- \/ Yoast SEO plugin. -->","yoast_head_json":{"title":"Cirug\u00eda de correcci\u00f3n de asimetr\u00eda de pecho y pecho Dallas | Plano | Richardson","description":"El Dr. Azouz corrige la asimetr\u00eda de pecho \/ pecho con las t\u00e9cnicas m\u00e1s efectivas para proporcionar a los pacientes un pecho o pecho atractivo. Llame al 972 702 8888 para reservar su consulta.","robots":{"index":"index","follow":"follow","max-snippet":"max-snippet:-1","max-image-preview":"max-image-preview:large","max-video-preview":"max-video-preview:-1"},"canonical":"https:\/\/www.drazouz.com\/es\/breast-chest-asymmetry-correction-surgery\/","og_locale":"es_ES","og_type":"article","og_title":"Cirug\u00eda de correcci\u00f3n de asimetr\u00eda de pecho y pecho Dallas | Plano | Richardson","og_description":"El Dr. Azouz corrige la asimetr\u00eda de pecho \/ pecho con las t\u00e9cnicas m\u00e1s efectivas para proporcionar a los pacientes un pecho o pecho atractivo. Llame al 972 702 8888 para reservar su consulta.","og_url":"https:\/\/www.drazouz.com\/es\/breast-chest-asymmetry-correction-surgery\/","og_site_name":"Azouz Cirug\u00eda Pl\u00e1stica y Est\u00e9tica","article_modified_time":"2024-02-05T18:26:04+00:00","og_image":[{"url":"https:\/\/www.drazouz.com\/wp-content\/uploads\/2023\/08\/bigstock-Fit-And-Handsome-Man-With-Beau-478352175.jpg","type":"","width":"","height":""}],"twitter_card":"summary_large_image","twitter_image":"https:\/\/www.drazouz.com\/wp-content\/uploads\/2023\/08\/bigstock-Fit-And-Handsome-Man-With-Beau-478352175.jpg","twitter_misc":{"Tiempo de lectura":"5 minutos"},"schema":{"@context":"https:\/\/schema.org","@graph":[{"@type":"WebPage","@id":"https:\/\/www.drazouz.com\/es\/breast-chest-asymmetry-correction-surgery\/","url":"https:\/\/www.drazouz.com\/es\/breast-chest-asymmetry-correction-surgery\/","name":"Cirug\u00eda de correcci\u00f3n de asimetr\u00eda de pecho y pecho Dallas | Plano | Richardson","isPartOf":{"@id":"https:\/\/www.drazouz.com\/es\/#website"},"primaryImageOfPage":{"@id":"https:\/\/www.drazouz.com\/es\/breast-chest-asymmetry-correction-surgery\/#primaryimage"},"image":{"@id":"https:\/\/www.drazouz.com\/es\/breast-chest-asymmetry-correction-surgery\/#primaryimage"},"thumbnailUrl":"https:\/\/www.drazouz.com\/wp-content\/uploads\/2023\/08\/bigstock-Fit-And-Handsome-Man-With-Beau-478352175.jpg","datePublished":"2022-07-27T16:09:11+00:00","dateModified":"2024-02-05T18:26:04+00:00","description":"El Dr. Azouz corrige la asimetr\u00eda de pecho \/ pecho con las t\u00e9cnicas m\u00e1s efectivas para proporcionar a los pacientes un pecho o pecho atractivo. Llame al 972 702 8888 para reservar su consulta.","breadcrumb":{"@id":"https:\/\/www.drazouz.com\/es\/breast-chest-asymmetry-correction-surgery\/#breadcrumb"},"inLanguage":"es","potentialAction":[{"@type":"ReadAction","target":["https:\/\/www.drazouz.com\/es\/breast-chest-asymmetry-correction-surgery\/"]}]},{"@type":"ImageObject","inLanguage":"es","@id":"https:\/\/www.drazouz.com\/es\/breast-chest-asymmetry-correction-surgery\/#primaryimage","url":"https:\/\/www.drazouz.com\/wp-content\/uploads\/2023\/08\/bigstock-Fit-And-Handsome-Man-With-Beau-478352175.jpg","contentUrl":"https:\/\/www.drazouz.com\/wp-content\/uploads\/2023\/08\/bigstock-Fit-And-Handsome-Man-With-Beau-478352175.jpg","width":2000,"height":1334,"caption":"pec implants for chest asymmetry | Dr. Azouz in Dallas, TX"},{"@type":"BreadcrumbList","@id":"https:\/\/www.drazouz.com\/es\/breast-chest-asymmetry-correction-surgery\/#breadcrumb","itemListElement":[{"@type":"ListItem","position":1,"name":"Home","item":"https:\/\/www.drazouz.com\/es\/"},{"@type":"ListItem","position":2,"name":"Procedimientos","item":"https:\/\/www.drazouz.com\/es\/procedimientos\/"},{"@type":"ListItem","position":3,"name":"Hombres","item":"https:\/\/www.drazouz.com\/es\/for-men\/"},{"@type":"ListItem","position":4,"name":"Cirug\u00eda de Correcci\u00f3n de la Asimetr\u00eda del Pecho"}]},{"@type":"WebSite","@id":"https:\/\/www.drazouz.com\/es\/#website","url":"https:\/\/www.drazouz.com\/es\/","name":"Azouz Cirug\u00eda Pl\u00e1stica y Est\u00e9tica","description":"","potentialAction":[{"@type":"SearchAction","target":{"@type":"EntryPoint","urlTemplate":"https:\/\/www.drazouz.com\/es\/?s={search_term_string}"},"query-input":{"@type":"PropertyValueSpecification","valueRequired":true,"valueName":"search_term_string"}}],"inLanguage":"es"}]}},"_links":{"self":[{"href":"https:\/\/www.drazouz.com\/es\/wp-json\/wp\/v2\/pages\/3952","targetHints":{"allow":["GET"]}}],"collection":[{"href":"https:\/\/www.drazouz.com\/es\/wp-json\/wp\/v2\/pages"}],"about":[{"href":"https:\/\/www.drazouz.com\/es\/wp-json\/wp\/v2\/types\/page"}],"author":[{"embeddable":true,"href":"https:\/\/www.drazouz.com\/es\/wp-json\/wp\/v2\/users\/1"}],"replies":[{"embeddable":true,"href":"https:\/\/www.drazouz.com\/es\/wp-json\/wp\/v2\/comments?post=3952"}],"version-history":[{"count":9,"href":"https:\/\/www.drazouz.com\/es\/wp-json\/wp\/v2\/pages\/3952\/revisions"}],"predecessor-version":[{"id":11897,"href":"https:\/\/www.drazouz.com\/es\/wp-json\/wp\/v2\/pages\/3952\/revisions\/11897"}],"up":[{"embeddable":true,"href":"https:\/\/www.drazouz.com\/es\/wp-json\/wp\/v2\/pages\/3802"}],"wp:featuredmedia":[{"embeddable":true,"href":"https:\/\/www.drazouz.com\/es\/wp-json\/wp\/v2\/media\/5891"}],"wp:attachment":[{"href":"https:\/\/www.drazouz.com\/es\/wp-json\/wp\/v2\/media?parent=3952"}],"curies":[{"name":"wp","href":"https:\/\/api.w.org\/{rel}","templated":true}]}}