{"id":3949,"date":"2022-07-27T10:44:50","date_gmt":"2022-07-27T15:44:50","guid":{"rendered":"https:\/\/www.drazouz.com\/?page_id=3949"},"modified":"2025-04-16T16:43:22","modified_gmt":"2025-04-16T21:43:22","slug":"liposuccion-contorno-corporal-masculino","status":"publish","type":"page","link":"https:\/\/www.drazouz.com\/es\/liposuction-male-body-contouring-dallas\/","title":{"rendered":"Liposucci\u00f3n &#8211; Contorno Corporal Masculino"},"content":{"rendered":"<p>La liposucci\u00f3n es esencial en muchos procedimientos de cirug\u00eda pl\u00e1stica que realiza el Dr. Azouz en Dallas. La liposucci\u00f3n cosm\u00e9tica o el contorno corporal masculino es una excelente manera de ayudar a eliminar la grasa rebelde no deseada y remodelar un \u00e1rea del cuerpo. Algunas de las \u00e1reas m\u00e1s comunes en las que se realiza la liposucci\u00f3n masculina incluyen el cuello, la l\u00ednea de la mand\u00edbula, el ment\u00f3n, el abdomen (grasa del vientre), los \u00abmichelines\u00bb, la pared lateral del pecho, la espalda y las extremidades inferiores. Si desea explorar los mejores procedimientos de contorno corporal masculino que remodelar\u00e1n su cuerpo, comun\u00edquese con Dallas Dr. Azouz llamando al <a href=\"tel:9727028888\" class=\"phone_anchor \" aria-label=\"ll\u00e1manos (972) 702-8888\">(972) 702-8888<\/a>.<\/p>\n<p><img decoding=\"async\" src=\"https:\/\/www.drazouz.com\/wp-content\/uploads\/2022\/08\/Liposuction-Male-body-contouring-Dr.-Azouz-Dallas-scaled-1.jpg\" alt=\"man body\" class=\"alignright\" width=\"375\" \/><\/p>\n<h2>Beneficios del contorno corporal masculino<\/h2>\n<ul>\n<li>Eliminaci\u00f3n de grasas rebeldes.<\/li>\n<li>Recupera la confianza.<\/li>\n<li>Obtuvo un cuerpo esculpido.<\/li>\n<li>Aspecto est\u00e9ticamente agradable.<\/li>\n<li>Motivaci\u00f3n para seguir un estilo de vida saludable.<\/li>\n<\/ul>\n<h2>\u00bfSoy candidato para el contorno corporal masculino con liposucci\u00f3n?<\/h2>\n<p>Los mejores candidatos para la liposucci\u00f3n con el Dr. Azouz incluyen hombres que buscan mejorar \u00e1reas localizadas de grasa y tienen expectativas realistas. Hay \u00e1reas comunes de los pacientes masculinos que a veces no se pueden mejorar con un estilo de vida saludable. La liposucci\u00f3n de un \u00e1rea espec\u00edfica puede eliminar la grasa no deseada rebelde. Los candidatos pueden tener sobrepeso y no necesariamente tienen que perder peso antes de someterse a una liposucci\u00f3n. Dejar de consumir nicotina es \u00fatil para lograr los mejores resultados posibles.<\/p>\n<h2>\u00c1reas para la liposucci\u00f3n masculina<\/h2>\n<ul>\n<li>Cuello, mand\u00edbula y debajo del ment\u00f3n.<\/li>\n<li>Lateral de mama, axila y espalda.<\/li>\n<li>Pecho para <a href=\"https:\/\/www.drazouz.com\/es\/gynecomastia\/\">reducci\u00f3n mamaria masculina (ginecomastia)<\/a>.<\/li>\n<li>Torso- abdomen, grasa del vientre, flancos, rollos il\u00edacos, parte superior de muffin, michelines.<\/li>\n<li>Extremidades inferiores: muslos, piernas, pantorrillas, gl\u00fateos, banana roll, alforjas.<\/li>\n<\/ul>\n<h2>\u00bfQu\u00e9 tipo de contorno corporal masculino de liposucci\u00f3n realiza el Dr. Azouz?<\/h2>\n<p>El Dr. Azouz encuentra que para muchos pacientes es mejor combinar una variedad de t\u00e9cnicas de liposucci\u00f3n al eliminar la grasa rebelde. El Dr. Azouz utiliza liposucci\u00f3n de alta definici\u00f3n, liposucci\u00f3n tumescente (agua), liposucci\u00f3n asistida por energ\u00eda y liposucci\u00f3n SEGURA en sus procedimientos de cirug\u00eda pl\u00e1stica en Dallas.  <\/p>\n<p>Los cirujanos pl\u00e1sticos certificados por la junta, el Dr. David Azouz y el Dr. Solomon Azouz, han creado sus propias c\u00e1nulas de liposucci\u00f3n personalizadas \u00fanicas. Las c\u00e1nulas de liposucci\u00f3n que dise\u00f1a el Dr. Azouz son un componente clave para eliminar la grasa rebelde en \u00e1reas localizadas.<\/p>\n<h2>Anestesia para Liposucci\u00f3n-Contorno corporal masculino<\/h2>\n<p>El Dr. Azouz, cirujano pl\u00e1stico certificado por la junta de Dallas, generalmente realiza la liposucci\u00f3n bajo una combinaci\u00f3n de anestesia local y sedaci\u00f3n. Esta combinaci\u00f3n de anestesia permite que el paciente se sienta c\u00f3modo durante el procedimiento y tiende a tener menos efectos secundarios posteriores a la anestesia, como n\u00e1useas, en comparaci\u00f3n con la anestesia general.<\/p>\n<h2>Recuperaci\u00f3n de liposucci\u00f3n para hombres<\/h2>\n<p>La recuperaci\u00f3n de la liposucci\u00f3n depende de la zona que se est\u00e9 tratando. Dicho esto, la mayor\u00eda de los pacientes pueden regresar a sus trabajos de escritorio a los pocos d\u00edas de la cirug\u00eda. El Dr. Azouz generalmente sugiere tomarse unos d\u00edas para descansar y recuperarse de la cirug\u00eda mientras usa prendas de compresi\u00f3n para disminuir la hinchaz\u00f3n. Durante cada cita posoperatoria, el Dr. Azouz y su personal a menudo revisar\u00e1n qu\u00e9 actividades extenuantes puede comenzar a reincorporar a sus rutinas diarias. <\/p>\n<h2>Liposucci\u00f3n-Costo del contorno corporal masculino<\/h2>\n<p>El costo de la liposucci\u00f3n o del contorno corporal masculino en Dallas con el Dr. Azouz tiene muchos factores. Cada paciente tiene diferentes necesidades y deseos para su procedimiento de liposucci\u00f3n. Durante su consulta virtual o en persona con el Dr. Azouz, \u00e9l crear\u00e1 un plan quir\u00fargico \u00fanico que incorporar\u00e1 sus objetivos est\u00e9ticos. Opci\u00f3n de financiaci\u00f3n disponible<\/p>\n<h2>Programe una consulta con el Dr. Azouz<\/h2>\n<p>Si tiene grasa rebelde y le gustar\u00eda corregirla, programe una consulta con el cirujano pl\u00e1stico Dr. Azouz llamando al <a href=\"tel:9727028888\" class=\"phone_anchor \" aria-label=\"ll\u00e1manos (972) 702-8888\">(972) 702-8888<\/a>. Nuestra oficina de Dallas est\u00e1 convenientemente ubicada y con f\u00e1cil acceso para quienes viven en el \u00e1rea de DFW. Los pacientes de fuera del estado son bienvenidos, cont\u00e1ctenos para <a title=\"Contact Azouz Cosmetic &amp; Plastic Surgery in Dallas TX\" href=\"https:\/\/www.drazouz.com\/es\/contact\/\"><em><strong>concertar su consulta<\/strong><\/em><\/a> y brindarle la mejor experiencia mientras est\u00e9 en Dallas. Las consultas virtuales est\u00e1n disponibles.  <\/p>\n<h3>Liposucci\u00f3n y contorno masculino con Dr. Azouz<\/h3>\n<blockquote><p>\u201cDr. Azouz es mi propio Picasso personal. El trabajo reconstructivo que ha realizado es insuperable en calidad, experiencia y atenci\u00f3n al paciente. Durante mi procedimiento de lipo y contorno, el Dr. Azouz tambi\u00e9n dren\u00f3 y sell\u00f3 una bolsa grande y dolorosa en mi cadera izquierda. La bursa ha sido una fuente de dolor cr\u00f3nico durante a\u00f1os y una monstruosidad desagradable despu\u00e9s de m\u00faltiples cirug\u00edas de cadera. Mientras me levantaba de la mesa de operaciones, me pregunt\u00f3 c\u00f3mo me sent\u00eda. \u00a1Recuerdo que era la primera vez en a\u00f1os que no ten\u00eda un dolor severo de cadera o una protuberancia significativa de la cadera! Finalmente puedo comprar jeans que se ajustan a todo mi cuerpo, no solo a mi bursa.<\/p>\n<p>Elegir un cirujano pl\u00e1stico es abrumador; y con demasiada frecuencia, el tema de conversaci\u00f3n gira en torno al costo inicial y no a la calidad de la atenci\u00f3n. Esa cirug\u00eda a &#8216;precio de ganga&#8217; es justo lo que cabr\u00eda esperar. Se trata de servicios econ\u00f3micos prestados a cambio de conocimientos y experiencia limitados, colocaci\u00f3n de incisiones y suturas inferiores y cuidados posoperatorios m\u00ednimos. Ahora, la cirug\u00eda de precio de oferta puede necesitar una cirug\u00eda reconstructiva o correctiva, o usted experimenta otras complicaciones y no puede comunicarse con su cirujano. Ciertamente fue por m\u00ed y por varios otros que conozco.<\/p>\n<p>Puedo comunicarme con el Dr. Azouz de d\u00eda o de noche. Tuve que hacer una llamada en medio de la noche y no me recibieron con molestia o frustraci\u00f3n, sino con preocupaci\u00f3n y tranquilidad. \u00bfCu\u00e1ntos cirujanos conoce que le llamar\u00e1n personalmente los domingos para asegurarse de que se est\u00e1 recuperando y para preguntarle si tiene alguna pregunta? El m\u00edo llamaba a diario y siempre ten\u00eda tiempo para responder a todas mis preguntas. Yo no era otro paciente que era un archivo para el quir\u00f3fano y un dep\u00f3sito en una cuenta. No puedo agradecerle lo suficiente. H\u00e1gase un favor y tenga la tranquilidad de reservar su procedimiento con el Dr. Azouz. \u00a1No te arrepentir\u00e1s de tus resultados ni de tu elecci\u00f3n!\u201d<\/p><\/blockquote>\n<h3>Preguntas Frecuentes<\/h3>\n<dl id=\"faq-1\" class=\"flc-faq\"><dt id=\"l11\"><button class=\"card-header collapsed d-flex align-items-center w-100 text-left\" data-toggle=\"collapse\" data-target=\"#t11\" aria-expanded=\"false\" aria-controls=\"t11\"><i class=\"ml-1 fas fa-chevron-down\"><\/i> \u00bfEs dolorosa la contorneaci\u00f3n corporal masculina con liposucci\u00f3n?<\/button><\/dt><dd id=\"t11\" class=\"m-0 collapse\" aria-labelledby=\"l11\" aria-expanded=\"false\" data-parent=\"#faq-1\"><div class=\"card-body\"><p>Despu\u00e9s de la cirug\u00eda, algunos pacientes pueden experimentar molestias leves e hinchaz\u00f3n, las cuales pueden aliviarse con medicamentos recetados.<\/p>\n<\/div><\/dd><dt id=\"l12\"><button class=\"card-header collapsed d-flex align-items-center w-100 text-left\" data-toggle=\"collapse\" data-target=\"#t12\" aria-expanded=\"false\" aria-controls=\"t12\"><i class=\"ml-1 fas fa-chevron-down\"><\/i> \u00bfHabr\u00e1 cicatrices visibles despu\u00e9s de la contorneaci\u00f3n corporal masculina con liposucci\u00f3n?<\/button><\/dt><dd id=\"t12\" class=\"m-0 collapse\" aria-labelledby=\"l12\" aria-expanded=\"false\" data-parent=\"#faq-1\"><div class=\"card-body\"><p>El cirujano pl\u00e1stico certificado por la junta, el Dr. Azouz, realiza peque\u00f1as incisiones y las oculta en los pliegues naturales para ayudar a disimular la cicatriz. Con el tiempo, las cicatrices se vuelven menos perceptibles.<\/p>\n<\/div><\/dd><dt id=\"l13\"><button class=\"card-header collapsed d-flex align-items-center w-100 text-left\" data-toggle=\"collapse\" data-target=\"#t13\" aria-expanded=\"false\" aria-controls=\"t13\"><i class=\"ml-1 fas fa-chevron-down\"><\/i> \u00bfSon permanentes los resultados de la contorneaci\u00f3n corporal masculina con liposucci\u00f3n?<\/button><\/dt><dd id=\"t13\" class=\"m-0 collapse\" aria-labelledby=\"l13\" aria-expanded=\"false\" data-parent=\"#faq-1\"><div class=\"card-body\"><p>Es importante mantener un estilo de vida saludable y un peso estable para obtener resultados \u00f3ptimos. Los resultados est\u00e1n dise\u00f1ados para ser duraderos, ya que las c\u00e9lulas grasas eliminadas durante la liposucci\u00f3n no se regeneran.<\/p>\n<\/div><\/dd><dt id=\"l14\"><button class=\"card-header collapsed d-flex align-items-center w-100 text-left\" data-toggle=\"collapse\" data-target=\"#t14\" aria-expanded=\"false\" aria-controls=\"t14\"><i class=\"ml-1 fas fa-chevron-down\"><\/i> \u00bfExisten riesgos o complicaciones asociadas con la contorneaci\u00f3n corporal masculina con liposucci\u00f3n?<\/button><\/dt><dd id=\"t14\" class=\"m-0 collapse\" aria-labelledby=\"l14\" aria-expanded=\"false\" data-parent=\"#faq-1\"><div class=\"card-body\"><p>Como cualquier procedimiento quir\u00fargico, la contorneaci\u00f3n corporal masculina con liposucci\u00f3n conlleva ciertos riesgos, incluyendo infecci\u00f3n, sangrado, acumulaci\u00f3n de l\u00edquido, irregularidades en el contorno, cambios en la sensaci\u00f3n de la piel y asimetr\u00eda. <a href=\"https:\/\/www.drazouz.com\/es\/selecting-a-surgeon\/\">Elegir a un cirujano pl\u00e1stico certificado por la junta<\/a>, como el Dr. Azouz, con experiencia en la realizaci\u00f3n de procedimientos de liposucci\u00f3n, puede ayudar a minimizar estos riesgos.<\/p>\n<\/div><\/dd><\/dl>\n","protected":false},"excerpt":{"rendered":"<p>La liposucci\u00f3n es esencial en muchos procedimientos de cirug\u00eda pl\u00e1stica que realiza el Dr. Azouz en Dallas.<br \/><a href=\"https:\/\/www.drazouz.com\/es\/liposuction-male-body-contouring-dallas\/\" class=\"btn btn-blue mt-3\">Sigue leyendo<\/a><\/p>\n","protected":false},"author":1,"featured_media":5879,"parent":3802,"menu_order":0,"comment_status":"closed","ping_status":"closed","template":"template-builder.php","meta":{"_acf_changed":false,"footnotes":""},"class_list":["post-3949","page","type-page","status-publish","has-post-thumbnail"],"acf":[],"yoast_head":"<!-- This site is optimized with the Yoast SEO plugin v27.4 - https:\/\/yoast.com\/product\/yoast-seo-wordpress\/ -->\n<title>Liposucci\u00f3n: Contorno corporal masculino Dallas Dallas|Plano|Richardson<\/title>\n<meta name=\"description\" content=\"Logre el cuerpo esculpido que desea con un especialista en liposucci\u00f3n. Solicita tu consulta inicial con el Dr. Azouz al 972 702 8888.\" \/>\n<meta name=\"robots\" content=\"index, follow, max-snippet:-1, max-image-preview:large, max-video-preview:-1\" \/>\n<link rel=\"canonical\" href=\"https:\/\/www.drazouz.com\/es\/liposuction-male-body-contouring-dallas\/\" \/>\n<meta property=\"og:locale\" content=\"es_ES\" \/>\n<meta property=\"og:type\" content=\"article\" \/>\n<meta property=\"og:title\" content=\"Liposucci\u00f3n: Contorno corporal masculino Dallas Dallas|Plano|Richardson\" \/>\n<meta property=\"og:description\" content=\"Logre el cuerpo esculpido que desea con un especialista en liposucci\u00f3n. Solicita tu consulta inicial con el Dr. Azouz al 972 702 8888.\" \/>\n<meta property=\"og:url\" content=\"https:\/\/www.drazouz.com\/es\/liposuction-male-body-contouring-dallas\/\" \/>\n<meta property=\"og:site_name\" content=\"Azouz Cirug\u00eda Pl\u00e1stica y Est\u00e9tica\" \/>\n<meta property=\"article:modified_time\" content=\"2025-04-16T21:43:22+00:00\" \/>\n<meta property=\"og:image\" content=\"https:\/\/www.drazouz.com\/wp-content\/uploads\/2023\/08\/bigstock-145188716.jpg\" \/>\n<meta name=\"twitter:card\" content=\"summary_large_image\" \/>\n<meta name=\"twitter:image\" content=\"https:\/\/www.drazouz.com\/wp-content\/uploads\/2023\/08\/bigstock-145188716.jpg\" \/>\n<meta name=\"twitter:label1\" content=\"Tiempo de lectura\" \/>\n\t<meta name=\"twitter:data1\" content=\"4 minutos\" \/>\n<!-- \/ Yoast SEO plugin. -->","yoast_head_json":{"title":"Liposucci\u00f3n: Contorno corporal masculino Dallas Dallas|Plano|Richardson","description":"Logre el cuerpo esculpido que desea con un especialista en liposucci\u00f3n. Solicita tu consulta inicial con el Dr. Azouz al 972 702 8888.","robots":{"index":"index","follow":"follow","max-snippet":"max-snippet:-1","max-image-preview":"max-image-preview:large","max-video-preview":"max-video-preview:-1"},"canonical":"https:\/\/www.drazouz.com\/es\/liposuction-male-body-contouring-dallas\/","og_locale":"es_ES","og_type":"article","og_title":"Liposucci\u00f3n: Contorno corporal masculino Dallas Dallas|Plano|Richardson","og_description":"Logre el cuerpo esculpido que desea con un especialista en liposucci\u00f3n. Solicita tu consulta inicial con el Dr. Azouz al 972 702 8888.","og_url":"https:\/\/www.drazouz.com\/es\/liposuction-male-body-contouring-dallas\/","og_site_name":"Azouz Cirug\u00eda Pl\u00e1stica y Est\u00e9tica","article_modified_time":"2025-04-16T21:43:22+00:00","og_image":[{"url":"https:\/\/www.drazouz.com\/wp-content\/uploads\/2023\/08\/bigstock-145188716.jpg","type":"","width":"","height":""}],"twitter_card":"summary_large_image","twitter_image":"https:\/\/www.drazouz.com\/wp-content\/uploads\/2023\/08\/bigstock-145188716.jpg","twitter_misc":{"Tiempo de lectura":"4 minutos"},"schema":{"@context":"https:\/\/schema.org","@graph":[{"@type":"WebPage","@id":"https:\/\/www.drazouz.com\/es\/liposuction-male-body-contouring-dallas\/","url":"https:\/\/www.drazouz.com\/es\/liposuction-male-body-contouring-dallas\/","name":"Liposucci\u00f3n: Contorno corporal masculino Dallas Dallas|Plano|Richardson","isPartOf":{"@id":"https:\/\/www.drazouz.com\/es\/#website"},"primaryImageOfPage":{"@id":"https:\/\/www.drazouz.com\/es\/liposuction-male-body-contouring-dallas\/#primaryimage"},"image":{"@id":"https:\/\/www.drazouz.com\/es\/liposuction-male-body-contouring-dallas\/#primaryimage"},"thumbnailUrl":"https:\/\/www.drazouz.com\/wp-content\/uploads\/2023\/08\/bigstock-145188716.jpg","datePublished":"2022-07-27T15:44:50+00:00","dateModified":"2025-04-16T21:43:22+00:00","description":"Logre el cuerpo esculpido que desea con un especialista en liposucci\u00f3n. Solicita tu consulta inicial con el Dr. Azouz al 972 702 8888.","breadcrumb":{"@id":"https:\/\/www.drazouz.com\/es\/liposuction-male-body-contouring-dallas\/#breadcrumb"},"inLanguage":"es","potentialAction":[{"@type":"ReadAction","target":["https:\/\/www.drazouz.com\/es\/liposuction-male-body-contouring-dallas\/"]}]},{"@type":"ImageObject","inLanguage":"es","@id":"https:\/\/www.drazouz.com\/es\/liposuction-male-body-contouring-dallas\/#primaryimage","url":"https:\/\/www.drazouz.com\/wp-content\/uploads\/2023\/08\/bigstock-145188716.jpg","contentUrl":"https:\/\/www.drazouz.com\/wp-content\/uploads\/2023\/08\/bigstock-145188716.jpg","width":2000,"height":1335,"caption":"lipo for men | body contouring for men | Dr. Solomon Azouz in Dallas, TX"},{"@type":"BreadcrumbList","@id":"https:\/\/www.drazouz.com\/es\/liposuction-male-body-contouring-dallas\/#breadcrumb","itemListElement":[{"@type":"ListItem","position":1,"name":"Home","item":"https:\/\/www.drazouz.com\/es\/"},{"@type":"ListItem","position":2,"name":"Procedimientos","item":"https:\/\/www.drazouz.com\/es\/procedimientos\/"},{"@type":"ListItem","position":3,"name":"Hombres","item":"https:\/\/www.drazouz.com\/es\/for-men\/"},{"@type":"ListItem","position":4,"name":"Liposucci\u00f3n &#8211; Contorno Corporal Masculino"}]},{"@type":"WebSite","@id":"https:\/\/www.drazouz.com\/es\/#website","url":"https:\/\/www.drazouz.com\/es\/","name":"Azouz Cirug\u00eda Pl\u00e1stica y Est\u00e9tica","description":"","potentialAction":[{"@type":"SearchAction","target":{"@type":"EntryPoint","urlTemplate":"https:\/\/www.drazouz.com\/es\/?s={search_term_string}"},"query-input":{"@type":"PropertyValueSpecification","valueRequired":true,"valueName":"search_term_string"}}],"inLanguage":"es"}]}},"_links":{"self":[{"href":"https:\/\/www.drazouz.com\/es\/wp-json\/wp\/v2\/pages\/3949","targetHints":{"allow":["GET"]}}],"collection":[{"href":"https:\/\/www.drazouz.com\/es\/wp-json\/wp\/v2\/pages"}],"about":[{"href":"https:\/\/www.drazouz.com\/es\/wp-json\/wp\/v2\/types\/page"}],"author":[{"embeddable":true,"href":"https:\/\/www.drazouz.com\/es\/wp-json\/wp\/v2\/users\/1"}],"replies":[{"embeddable":true,"href":"https:\/\/www.drazouz.com\/es\/wp-json\/wp\/v2\/comments?post=3949"}],"version-history":[{"count":9,"href":"https:\/\/www.drazouz.com\/es\/wp-json\/wp\/v2\/pages\/3949\/revisions"}],"predecessor-version":[{"id":21677,"href":"https:\/\/www.drazouz.com\/es\/wp-json\/wp\/v2\/pages\/3949\/revisions\/21677"}],"up":[{"embeddable":true,"href":"https:\/\/www.drazouz.com\/es\/wp-json\/wp\/v2\/pages\/3802"}],"wp:featuredmedia":[{"embeddable":true,"href":"https:\/\/www.drazouz.com\/es\/wp-json\/wp\/v2\/media\/5879"}],"wp:attachment":[{"href":"https:\/\/www.drazouz.com\/es\/wp-json\/wp\/v2\/media?parent=3949"}],"curies":[{"name":"wp","href":"https:\/\/api.w.org\/{rel}","templated":true}]}}