{"id":3943,"date":"2022-07-27T07:24:13","date_gmt":"2022-07-27T12:24:13","guid":{"rendered":"https:\/\/www.drazouz.com\/?page_id=3943"},"modified":"2024-02-05T13:06:26","modified_gmt":"2024-02-05T18:06:26","slug":"male-eyelid-surgery-blepharoplasty-dallas","status":"publish","type":"page","link":"https:\/\/www.drazouz.com\/es\/male-eyelid-surgery-blepharoplasty-dallas\/","title":{"rendered":"Cirug\u00eda de P\u00e1rpados Masculinos"},"content":{"rendered":"<p><img decoding=\"async\" src=\"https:\/\/www.drazouz.com\/wp-content\/uploads\/2022\/08\/picture3.png\" alt=\"man face\" class=\"alignright\" width=\"300\" \/><\/p>\n<p>Si est\u00e1 interesado en lucir menos cansado y deshacerse de los ojos ca\u00eddos, la cirug\u00eda de p\u00e1rpados masculinos o la blefaroplastia en Dallas pueden mejorar y rejuvenecer la apariencia de los ojos. Debido al envejecimiento, la gravedad y el estilo de vida, los ojos de los hombres se han visto afectados por las manos del tiempo; sin embargo, esta condici\u00f3n se puede mejorar con un estiramiento de p\u00e1rpados masculino. El Dr. Azouz, certificado por la junta, ha realizado regularmente cirug\u00edas pl\u00e1sticas masculinas para ayudar a sus pacientes a corregir la hinchaz\u00f3n de grasa, los ojos ca\u00eddos y las arrugas en el \u00e1rea de los ojos. La cirug\u00eda de p\u00e1rpados masculinos es un procedimiento popular entre los hombres que buscan mejorar sus ojos superiores e inferiores y sentirse seguros y atractivos.<\/p>\n<h2>\u00bfSoy candidato para la cirug\u00eda de p\u00e1rpados masculinos?<\/h2>\n<p>La cirug\u00eda de p\u00e1rpados masculinos se puede realizar a cualquier edad cuando sea necesario; sin embargo, los pacientes masculinos despu\u00e9s de los 35 a\u00f1os con buena salud y afecciones oculares no preexistentes son pacientes ideales para someterse a una cirug\u00eda de p\u00e1rpados masculinos en Dallas y corregir los primeros signos del envejecimiento como arrugas, piel fl\u00e1cida e hinchaz\u00f3n en el \u00e1rea de los ojos.<\/p>\n<h2>Beneficios de la cirug\u00eda de p\u00e1rpados masculinos<\/h2>\n<p>Los beneficios de la cirug\u00eda de p\u00e1rpados masculinos o la blefaroplastia para hombres incluyen:<\/p>\n<ul>\n<li>Parezca m\u00e1s joven y menos cansado.<\/li>\n<li>Corrige arrugas y flacidez de la piel.<\/li>\n<li>Elimine la hinchaz\u00f3n y las manchas oscuras debajo del p\u00e1rpado inferior.<\/li>\n<\/ul>\n<h2>\u00bfC\u00f3mo se realiza la cirug\u00eda de p\u00e1rpados masculinos en Dallas?<\/h2>\n<p>Por lo general, la cirug\u00eda de p\u00e1rpados masculinos se realiza como un procedimiento ambulatorio. Se utiliza anestesia local con sedaci\u00f3n. La blefaroplastia para hombres tarda unas horas en completarse; sin embargo, el tiempo de la cirug\u00eda puede variar seg\u00fan el caso.<\/p>\n<h2>Recuperaci\u00f3n de la cirug\u00eda de p\u00e1rpados masculinos<\/h2>\n<p>La recuperaci\u00f3n de la cirug\u00eda de p\u00e1rpados lleva un par de semanas. Aunque la blefaroplastia no es un procedimiento importante, los pacientes deber\u00e1n tomarse un tiempo libre del trabajo para recuperarse adecuadamente. Los moretones, la hinchaz\u00f3n y las molestias son normales y mejorar\u00e1n en unos d\u00edas. El Dr. Azouz proporcionar\u00e1 instrucciones sobre c\u00f3mo cuidar el \u00e1rea del ojo y los medicamentos que se deben tomar despu\u00e9s de la cirug\u00eda de p\u00e1rpados masculinos en Dallas.<\/p>\n<h2>Combinando la cirug\u00eda de p\u00e1rpados masculinos con otras cirug\u00edas pl\u00e1sticas para hombres<\/h2>\n<p>En la primera consulta, los pacientes compartir\u00e1n con el Dr. Azouz los objetivos que quieren lograr con la <a href=\"https:\/\/www.drazouz.com\/es\/for-men\/\">cirug\u00eda pl\u00e1stica masculina<\/a>. Cuando sea necesario, los pacientes tambi\u00e9n pueden someterse a otros cirug\u00edas pl\u00e1sticas masculinas en Dallas, como:<\/p>\n<ul>\n<li><a href=\"https:\/\/www.drazouz.com\/es\/male-facelift-in-dallas\/\">Cirug\u00eda de estiramiento facial masculino<\/a><\/li>\n<li><a href=\"https:\/\/www.drazouz.com\/es\/gynecomastia\/\">Cirugia de ginecomastia<\/a><\/li>\n<li><a href=\"https:\/\/www.drazouz.com\/es\/daddy-do-over-chest-abdomen\/\">Pap\u00e1-do-over<\/a><\/li>\n<\/ul>\n<h2>Costo de la cirug\u00eda de p\u00e1rpados masculinos<\/h2>\n<p>Cada paciente es \u00fanico. El Dr. Azouz evaluar\u00e1 el estado del paciente y recomendar\u00e1 el mejor procedimiento para corregir y mejorar la secci\u00f3n del ojo. Dependiendo de las \u00e1reas a tratar, se determinar\u00e1 el costo de la cirug\u00eda de p\u00e1rpados masculinos. La prioridad del Dr. Azouz es ayudar a los pacientes a acceder a la cirug\u00eda pl\u00e1stica en las mejores condiciones posibles para su seguridad, hacer que la cirug\u00eda pl\u00e1stica sea asequible y brindar <a href=\"https:\/\/www.drazouz.com\/es\/fees-insurance\/\">diferentes opciones de financiaci\u00f3n<\/a>.<\/p>\n<h2>Resultados de la cirug\u00eda de p\u00e1rpados masculinos<\/h2>\n<ul>\n<li>Una apariencia m\u00e1s joven que puede durar hasta 10 a\u00f1os.<\/li>\n<li>Eliminaci\u00f3n de arrugas y piel fl\u00e1cida.<\/li>\n<li>Correcci\u00f3n de manchas oscuras e hinchaz\u00f3n.<\/li>\n<\/ul>\n<h2>Programe una consulta con el Dr. Azouz<\/h2>\n<p>Si est\u00e1 considerando mejorar la secci\u00f3n de sus ojos, solicite una consulta con el Dr. Azouz en Dallas. Llame al <a href=\"tel:9727028888\" class=\"phone_anchor \" aria-label=\"ll\u00e1manos (972) 702-8888\">(972) 702-8888<\/a> o <a title=\"Contact Azouz Cosmetic &amp; Plastic Surgery in Dallas TX\" href=\"https:\/\/www.drazouz.com\/es\/contact\/\"><em><strong>cont\u00e1ctanos<\/strong><\/em><\/a> para programar una consulta virtual si se encuentra fuera del \u00e1rea de DFW. El Dr. Azouz, certificado por la junta, lleva muchos a\u00f1os realizando procedimientos pl\u00e1sticos masculinos aportando experiencia y t\u00e9cnicas efectivas para ayudar a los pacientes masculinos a mejorar su apariencia.<\/p>\n<h3>Revisi\u00f3n del paciente de p\u00e1rpados masculinos para el Dr. Azouz<\/h3>\n<p>\u201cDr. Azouz es el mejor en lo que hace. Mis resultados son simplemente los mejores y estoy muy contento de haber ido a \u00e9l. Hizo mi cirug\u00eda de p\u00e1rpados y mi cirug\u00eda de ginecomastia en combinaci\u00f3n. Estoy tan feliz que no puedo esperar para curarme \u00e9l tambi\u00e9n puede hacer mi lipo de cuello. Me dijeron que no se pod\u00eda hacer nada por mi ginecomastia cuando era un ni\u00f1o y estoy muy contento de no haber escuchado eso y haber ido a ver al Dr. Azouz. El Dr. Azouz me dijo directamente que pod\u00eda arreglarlo y lo hizo. Esos nudos se han ido y finalmente me siento como yo mismo y puedo quitarme la camisa en p\u00fablico. No puedo decirles lo suficiente para mi confianza. Hacer mis p\u00e1rpados fue solo un bono genial en el que ni siquiera hab\u00eda pensado. No imagin\u00e9 que mi visi\u00f3n estuviera realmente bloqueada. De hecho, puedo ver mejor ahora y parecer a\u00f1os m\u00e1s joven, que era mi objetivo. Este es el mejor documento que puedes encontrar y merece la pena. La recuperaci\u00f3n fue m\u00e1s f\u00e1cil de lo que pensaba, solo un peque\u00f1o dolor. Mis p\u00e1rpados apenas estaban magullados. \u00a1Gracias de nuevo, Doc!\u201d <\/span><\/p>\n<p><a href=\"https:\/\/www.vitals.com\/doctors\/Dr_David_Azouz\/reviews\" target=\"_blank\" rel=\"noopener\">Leer m\u00e1s rese\u00f1as de pacientes sobre el Dr. Azouz<\/a><\/p>\n<h3>Preguntas Frecuentes<\/h3>\n<dl id=\"faq-1\" class=\"flc-faq\"><dt id=\"l11\"><button class=\"card-header collapsed d-flex align-items-center w-100 text-left\" data-toggle=\"collapse\" data-target=\"#t11\" aria-expanded=\"false\" aria-controls=\"t11\"><i class=\"ml-1 fas fa-chevron-down\"><\/i> \u00bfQu\u00e9 preocupaciones puede abordar la blefaroplastia?<\/button><\/dt><dd id=\"t11\" class=\"m-0 collapse\" aria-labelledby=\"l11\" aria-expanded=\"false\" data-parent=\"#faq-1\"><div class=\"card-body\"><p>La blefaroplastia puede abordar tanto los p\u00e1rpados superiores como los inferiores, tratando problemas como p\u00e1rpados superiores ca\u00eddos, bolsas debajo de los ojos y exceso de piel que puede afectar la visi\u00f3n o contribuir a una apariencia envejecida.<\/p>\n<\/div><\/dd><dt id=\"l12\"><button class=\"card-header collapsed d-flex align-items-center w-100 text-left\" data-toggle=\"collapse\" data-target=\"#t12\" aria-expanded=\"false\" aria-controls=\"t12\"><i class=\"ml-1 fas fa-chevron-down\"><\/i> \u00bfC\u00f3mo se realiza la blefaroplastia?<\/button><\/dt><dd id=\"t12\" class=\"m-0 collapse\" aria-labelledby=\"l12\" aria-expanded=\"false\" data-parent=\"#faq-1\"><div class=\"card-body\"><p>El procedimiento implica la eliminaci\u00f3n o reposicionamiento del exceso de piel y grasa alrededor de los ojos. Las incisiones suelen colocarse discretamente en los pliegues naturales de los p\u00e1rpados para minimizar las cicatrices.<\/p>\n<\/div><\/dd><dt id=\"l13\"><button class=\"card-header collapsed d-flex align-items-center w-100 text-left\" data-toggle=\"collapse\" data-target=\"#t13\" aria-expanded=\"false\" aria-controls=\"t13\"><i class=\"ml-1 fas fa-chevron-down\"><\/i> \u00bfEs dolorosa la blefaroplastia?<\/button><\/dt><dd id=\"t13\" class=\"m-0 collapse\" aria-labelledby=\"l13\" aria-expanded=\"false\" data-parent=\"#faq-1\"><div class=\"card-body\"><p>Algunos pacientes informan de un ligero malestar e hinchaz\u00f3n despu\u00e9s de la cirug\u00eda. Esto se puede controlar con hielo, elevaci\u00f3n y medicamentos recetados. Despu\u00e9s de su cirug\u00eda, el Dr. Azouz supervisar\u00e1 su progreso y dar\u00e1 recomendaciones para ayudar a minimizar el dolor.<\/p>\n<\/div><\/dd><dt id=\"l14\"><button class=\"card-header collapsed d-flex align-items-center w-100 text-left\" data-toggle=\"collapse\" data-target=\"#t14\" aria-expanded=\"false\" aria-controls=\"t14\"><i class=\"ml-1 fas fa-chevron-down\"><\/i> \u00bfHabr\u00e1 cicatrices visibles despu\u00e9s de la blefaroplastia?<\/button><\/dt><dd id=\"t14\" class=\"m-0 collapse\" aria-labelledby=\"l14\" aria-expanded=\"false\" data-parent=\"#faq-1\"><div class=\"card-body\"><p>El cirujano pl\u00e1stico certificado por la junta, el Dr. Azouz, coloca estrat\u00e9gicamente las incisiones dentro de los pliegues naturales de los p\u00e1rpados para camuflar la l\u00ednea de incisi\u00f3n. Las cicatrices generalmente se desvanecen con el tiempo y se vuelven menos visibles.<\/p>\n<\/div><\/dd><\/dl>\n","protected":false},"excerpt":{"rendered":"<p>Si est\u00e1 interesado en lucir menos cansado y deshacerse de los ojos ca\u00eddos, la cirug\u00eda de p\u00e1rpados<br \/><a href=\"https:\/\/www.drazouz.com\/es\/male-eyelid-surgery-blepharoplasty-dallas\/\" class=\"btn btn-blue mt-3\">Sigue leyendo<\/a><\/p>\n","protected":false},"author":1,"featured_media":5883,"parent":3802,"menu_order":0,"comment_status":"closed","ping_status":"closed","template":"","meta":{"_acf_changed":false,"footnotes":""},"class_list":["post-3943","page","type-page","status-publish","has-post-thumbnail"],"acf":[],"yoast_head":"<!-- This site is optimized with the Yoast SEO plugin v27.4 - https:\/\/yoast.com\/product\/yoast-seo-wordpress\/ -->\n<title>Cirug\u00eda de p\u00e1rpados masculinos \/ Blefaroplastia Dallas | Plano | Richardson<\/title>\n<meta name=\"description\" content=\"Rejuvenezca sus ojos con la cirug\u00eda de p\u00e1rpados masculinos en Dallas. El cirujano pl\u00e1stico Dr. Azouz corrige las arrugas, los ojos ca\u00eddos y la piel fl\u00e1cida. Cont\u00e1ctenos 972 702 8888\" \/>\n<meta name=\"robots\" content=\"index, follow, max-snippet:-1, max-image-preview:large, max-video-preview:-1\" \/>\n<link rel=\"canonical\" href=\"https:\/\/www.drazouz.com\/es\/male-eyelid-surgery-blepharoplasty-dallas\/\" \/>\n<meta property=\"og:locale\" content=\"es_ES\" \/>\n<meta property=\"og:type\" content=\"article\" \/>\n<meta property=\"og:title\" content=\"Cirug\u00eda de p\u00e1rpados masculinos \/ Blefaroplastia Dallas | Plano | Richardson\" \/>\n<meta property=\"og:description\" content=\"Rejuvenezca sus ojos con la cirug\u00eda de p\u00e1rpados masculinos en Dallas. El cirujano pl\u00e1stico Dr. Azouz corrige las arrugas, los ojos ca\u00eddos y la piel fl\u00e1cida. Cont\u00e1ctenos 972 702 8888\" \/>\n<meta property=\"og:url\" content=\"https:\/\/www.drazouz.com\/es\/male-eyelid-surgery-blepharoplasty-dallas\/\" \/>\n<meta property=\"og:site_name\" content=\"Azouz Cirug\u00eda Pl\u00e1stica y Est\u00e9tica\" \/>\n<meta property=\"article:modified_time\" content=\"2024-02-05T18:06:26+00:00\" \/>\n<meta property=\"og:image\" content=\"https:\/\/www.drazouz.com\/wp-content\/uploads\/2023\/08\/bigstock-Beauty-Portrait-Of-Man-With-Mo-473472489.jpg\" \/>\n<meta name=\"twitter:card\" content=\"summary_large_image\" \/>\n<meta name=\"twitter:image\" content=\"https:\/\/www.drazouz.com\/wp-content\/uploads\/2023\/08\/bigstock-Beauty-Portrait-Of-Man-With-Mo-473472489.jpg\" \/>\n<meta name=\"twitter:label1\" content=\"Tiempo de lectura\" \/>\n\t<meta name=\"twitter:data1\" content=\"4 minutos\" \/>\n<!-- \/ Yoast SEO plugin. -->","yoast_head_json":{"title":"Cirug\u00eda de p\u00e1rpados masculinos \/ Blefaroplastia Dallas | Plano | Richardson","description":"Rejuvenezca sus ojos con la cirug\u00eda de p\u00e1rpados masculinos en Dallas. El cirujano pl\u00e1stico Dr. Azouz corrige las arrugas, los ojos ca\u00eddos y la piel fl\u00e1cida. Cont\u00e1ctenos 972 702 8888","robots":{"index":"index","follow":"follow","max-snippet":"max-snippet:-1","max-image-preview":"max-image-preview:large","max-video-preview":"max-video-preview:-1"},"canonical":"https:\/\/www.drazouz.com\/es\/male-eyelid-surgery-blepharoplasty-dallas\/","og_locale":"es_ES","og_type":"article","og_title":"Cirug\u00eda de p\u00e1rpados masculinos \/ Blefaroplastia Dallas | Plano | Richardson","og_description":"Rejuvenezca sus ojos con la cirug\u00eda de p\u00e1rpados masculinos en Dallas. El cirujano pl\u00e1stico Dr. Azouz corrige las arrugas, los ojos ca\u00eddos y la piel fl\u00e1cida. Cont\u00e1ctenos 972 702 8888","og_url":"https:\/\/www.drazouz.com\/es\/male-eyelid-surgery-blepharoplasty-dallas\/","og_site_name":"Azouz Cirug\u00eda Pl\u00e1stica y Est\u00e9tica","article_modified_time":"2024-02-05T18:06:26+00:00","og_image":[{"url":"https:\/\/www.drazouz.com\/wp-content\/uploads\/2023\/08\/bigstock-Beauty-Portrait-Of-Man-With-Mo-473472489.jpg","type":"","width":"","height":""}],"twitter_card":"summary_large_image","twitter_image":"https:\/\/www.drazouz.com\/wp-content\/uploads\/2023\/08\/bigstock-Beauty-Portrait-Of-Man-With-Mo-473472489.jpg","twitter_misc":{"Tiempo de lectura":"4 minutos"},"schema":{"@context":"https:\/\/schema.org","@graph":[{"@type":"WebPage","@id":"https:\/\/www.drazouz.com\/es\/male-eyelid-surgery-blepharoplasty-dallas\/","url":"https:\/\/www.drazouz.com\/es\/male-eyelid-surgery-blepharoplasty-dallas\/","name":"Cirug\u00eda de p\u00e1rpados masculinos \/ Blefaroplastia Dallas | Plano | Richardson","isPartOf":{"@id":"https:\/\/www.drazouz.com\/es\/#website"},"primaryImageOfPage":{"@id":"https:\/\/www.drazouz.com\/es\/male-eyelid-surgery-blepharoplasty-dallas\/#primaryimage"},"image":{"@id":"https:\/\/www.drazouz.com\/es\/male-eyelid-surgery-blepharoplasty-dallas\/#primaryimage"},"thumbnailUrl":"https:\/\/www.drazouz.com\/wp-content\/uploads\/2023\/08\/bigstock-Beauty-Portrait-Of-Man-With-Mo-473472489.jpg","datePublished":"2022-07-27T12:24:13+00:00","dateModified":"2024-02-05T18:06:26+00:00","description":"Rejuvenezca sus ojos con la cirug\u00eda de p\u00e1rpados masculinos en Dallas. El cirujano pl\u00e1stico Dr. Azouz corrige las arrugas, los ojos ca\u00eddos y la piel fl\u00e1cida. Cont\u00e1ctenos 972 702 8888","breadcrumb":{"@id":"https:\/\/www.drazouz.com\/es\/male-eyelid-surgery-blepharoplasty-dallas\/#breadcrumb"},"inLanguage":"es","potentialAction":[{"@type":"ReadAction","target":["https:\/\/www.drazouz.com\/es\/male-eyelid-surgery-blepharoplasty-dallas\/"]}]},{"@type":"ImageObject","inLanguage":"es","@id":"https:\/\/www.drazouz.com\/es\/male-eyelid-surgery-blepharoplasty-dallas\/#primaryimage","url":"https:\/\/www.drazouz.com\/wp-content\/uploads\/2023\/08\/bigstock-Beauty-Portrait-Of-Man-With-Mo-473472489.jpg","contentUrl":"https:\/\/www.drazouz.com\/wp-content\/uploads\/2023\/08\/bigstock-Beauty-Portrait-Of-Man-With-Mo-473472489.jpg","width":2000,"height":909,"caption":"eyelid surgery for men | male blepharoplasty in Dallas, TX by Dr. Solomon Azouz"},{"@type":"BreadcrumbList","@id":"https:\/\/www.drazouz.com\/es\/male-eyelid-surgery-blepharoplasty-dallas\/#breadcrumb","itemListElement":[{"@type":"ListItem","position":1,"name":"Home","item":"https:\/\/www.drazouz.com\/es\/"},{"@type":"ListItem","position":2,"name":"Procedimientos","item":"https:\/\/www.drazouz.com\/es\/procedimientos\/"},{"@type":"ListItem","position":3,"name":"Hombres","item":"https:\/\/www.drazouz.com\/es\/for-men\/"},{"@type":"ListItem","position":4,"name":"Cirug\u00eda de P\u00e1rpados Masculinos"}]},{"@type":"WebSite","@id":"https:\/\/www.drazouz.com\/es\/#website","url":"https:\/\/www.drazouz.com\/es\/","name":"Azouz Cirug\u00eda Pl\u00e1stica y Est\u00e9tica","description":"","potentialAction":[{"@type":"SearchAction","target":{"@type":"EntryPoint","urlTemplate":"https:\/\/www.drazouz.com\/es\/?s={search_term_string}"},"query-input":{"@type":"PropertyValueSpecification","valueRequired":true,"valueName":"search_term_string"}}],"inLanguage":"es"}]}},"_links":{"self":[{"href":"https:\/\/www.drazouz.com\/es\/wp-json\/wp\/v2\/pages\/3943","targetHints":{"allow":["GET"]}}],"collection":[{"href":"https:\/\/www.drazouz.com\/es\/wp-json\/wp\/v2\/pages"}],"about":[{"href":"https:\/\/www.drazouz.com\/es\/wp-json\/wp\/v2\/types\/page"}],"author":[{"embeddable":true,"href":"https:\/\/www.drazouz.com\/es\/wp-json\/wp\/v2\/users\/1"}],"replies":[{"embeddable":true,"href":"https:\/\/www.drazouz.com\/es\/wp-json\/wp\/v2\/comments?post=3943"}],"version-history":[{"count":5,"href":"https:\/\/www.drazouz.com\/es\/wp-json\/wp\/v2\/pages\/3943\/revisions"}],"predecessor-version":[{"id":11881,"href":"https:\/\/www.drazouz.com\/es\/wp-json\/wp\/v2\/pages\/3943\/revisions\/11881"}],"up":[{"embeddable":true,"href":"https:\/\/www.drazouz.com\/es\/wp-json\/wp\/v2\/pages\/3802"}],"wp:featuredmedia":[{"embeddable":true,"href":"https:\/\/www.drazouz.com\/es\/wp-json\/wp\/v2\/media\/5883"}],"wp:attachment":[{"href":"https:\/\/www.drazouz.com\/es\/wp-json\/wp\/v2\/media?parent=3943"}],"curies":[{"name":"wp","href":"https:\/\/api.w.org\/{rel}","templated":true}]}}