{"id":3937,"date":"2022-07-27T07:05:40","date_gmt":"2022-07-27T12:05:40","guid":{"rendered":"https:\/\/www.drazouz.com\/?page_id=3937"},"modified":"2025-02-21T12:26:41","modified_gmt":"2025-02-21T17:26:41","slug":"lifting-masculino","status":"publish","type":"page","link":"https:\/\/www.drazouz.com\/es\/male-facelift-in-dallas\/","title":{"rendered":"Lifting Masculino"},"content":{"rendered":"<p>La cirug\u00eda de estiramiento facial masculino en Dallas es un procedimiento popular para los caballeros deseosos de disminuir las arrugas, los pliegues profundos y restaurar una apariencia juvenil. Un estiramiento facial masculino tambi\u00e9n se conoce como ritidectom\u00eda; Elimina la piel fl\u00e1cida de la cara y el cuello. Un estiramiento facial ayuda a minimizar la p\u00e9rdida de contorno juvenil en el rostro de un hombre debido a la herencia, la gravedad, el envejecimiento y el estilo de vida. Un estiramiento facial masculino es una de las especialidades del cirujano pl\u00e1stico Dr. Azouz en Dallas. Sus a\u00f1os de experiencia y pericia en procedimientos masculinos pueden ayudar a los pacientes a lograr resultados naturales y excepcionales.<\/p>\n<h2>\u00bfSoy candidato para un estiramiento facial masculino?<\/h2>\n<p><img decoding=\"async\" src=\"https:\/\/www.drazouz.com\/wp-content\/uploads\/2022\/08\/Male-facelift-in-Dallas-scaled.jpg\" alt=\"man face before male facelift\" class=\"alignright\" width=\"400\" \/><\/p>\n<p>Los candidatos para la cirug\u00eda de estiramiento facial masculino incluyen individuos sanos que tienen exceso de piel, flacidez de la piel y disminuci\u00f3n de la elasticidad de la piel.<\/p>\n<h2>Tipos de procedimientos de estiramiento facial masculino<\/h2>\n<dl>\n<dt>Lifting facial completo con lifting de cuello<\/dt>\n<dd>Rejuvenece la piel, los tejidos profundos y los tejidos blandos del rostro y el cuello.<\/dd>\n<dt>Facelif de doble capa<\/dt>\n<dd>Elimina el exceso de piel y reposiciona la capa SMAS subyacente. Esta t\u00e9cnica realizada por el Dr. Azouz le da un aspecto m\u00e1s natural. <\/dd>\n<dt>Estiramiento facial medio<\/dt>\n<dd>Se enfoca espec\u00edficamente en la regi\u00f3n de los ojos y las mejillas del rostro.<\/dd>\n<dt>Estiramiento facial inferior con estiramiento de cuello (estiramiento facial de incisi\u00f3n corta \/ mini estiramiento facial)<\/dt>\n<dd>Se centra espec\u00edficamente en la regi\u00f3n de la papada y el cuello.<\/dd>\n<dt>Revisi\u00f3n de estiramiento facial<\/dt>\n<dd>Corrige y \/ o actualiza los resultados insatisfactorios de una cirug\u00eda anterior realizada en otro lugar.<\/dd>\n<\/dl>\n<h2>Beneficios del estiramiento facial masculino<\/h2>\n<p>La cirug\u00eda de estiramiento facial mejora las arrugas y los pliegues profundos al tensar la piel y eliminar el exceso de piel. La cirug\u00eda de estiramiento facial para hombres le da una apariencia de descanso y una apariencia est\u00e9tica m\u00e1s juvenil a su rostro.<\/p>\n<h2>Anestesia para estiramiento facial masculino<\/h2>\n<p>La cirug\u00eda de estiramiento facial se realiza bajo anestesia local y sedante. Los beneficios de usar anestesia local y sedante incluyen sentirse menos aturdido y tener menos n\u00e1useas despu\u00e9s de la operaci\u00f3n. Los pacientes tambi\u00e9n informan una recuperaci\u00f3n m\u00e1s r\u00e1pida.<\/p>\n<h2>Procedimiento de estiramiento facial masculino<\/h2>\n<p>Durante la cirug\u00eda, el cirujano pl\u00e1stico Dr. Azouz aplicar\u00e1 diferentes t\u00e9cnicas para tensar y \/ o quitar la piel del rostro del paciente. Por lo general, la cirug\u00eda de estiramiento facial masculino se realiza como un procedimiento ambulatorio. Se utiliza anestesia local con sedaci\u00f3n. El estiramiento facial para hombres tarda un par de horas en completarse; sin embargo, dependiendo del caso, el tiempo de la cirug\u00eda puede variar.<\/p>\n<p>El Dr. Azouz realiza un procedimiento de estiramiento facial sin drenaje, lo que significa que el paciente no tendr\u00e1 ning\u00fan tubo quir\u00fargico que drene durante su tiempo de recuperaci\u00f3n despu\u00e9s de la cirug\u00eda de estiramiento facial.<\/p>\n<h2>Recuperaci\u00f3n de la cirug\u00eda de estiramiento facial<\/h2>\n<p>Despu\u00e9s de su cirug\u00eda de estiramiento facial masculino con el Dr. Azouz en Dallas, podr\u00e1 volver al trabajo de escritorio ligero dentro de las 48 horas. Poco a poco, se ir\u00e1n incorporando actividades m\u00e1s vigorosas y extenuantes a su rutina con la gu\u00eda del Dr. Azouz. Durante cada cita de seguimiento, el Dr. Azouz brindar\u00e1 atenci\u00f3n posterior al procedimiento espec\u00edfica para sus necesidades.<\/p>\n<h2>Combinando el estiramiento facial masculino con otras cirug\u00edas pl\u00e1sticas masculinas<\/h2>\n<p>Hay muchas cirug\u00edas pl\u00e1sticas que se pueden combinar con la cirug\u00eda de estiramiento facial masculino. Estos procedimientos incluyen:<\/p>\n<ul>\n<li>Lifting de cuello<\/li>\n<li>Lifting de cejas<\/li>\n<li>Liposucci\u00f3n de cuello<\/li>\n<li>Cirug\u00eda de p\u00e1rpados superiores e inferiores (Blefaroplastia)<\/li>\n<li>Rinoplastia<\/li>\n<li>Otoplastia (cirug\u00eda de orejas)<\/li>\n<li>Injerto de grasa<\/li>\n<li>Implante de ment\u00f3n<\/li>\n<\/ul>\n<h2>Costo de la cirug\u00eda de estiramiento facial masculino<\/h2>\n<p>El costo de un estiramiento facial masculino con el Dr. Azouz depende de sus necesidades espec\u00edficas, t\u00e9cnica quir\u00fargica, costo de la instalaci\u00f3n y anestesia. Durante su consulta con el Dr. Azouz, determinar\u00e1 qu\u00e9 opci\u00f3n de estiramiento facial quir\u00fargico lograr\u00e1 sus objetivos est\u00e9ticos.<\/p>\n<h2>Resultados de la cirug\u00eda de estiramiento facial masculino<\/h2>\n<p>Los resultados de la cirug\u00eda de estiramiento facial masculino incluyen la mejora de las arrugas profundas, disminuci\u00f3n de la flacidez de la piel y rigidez general de la piel de la cara y el cuello. Al mirarse en el espejo, despu\u00e9s de la cirug\u00eda de estiramiento facial masculino, los pacientes notar\u00e1n que lucen m\u00e1s descansados, con una apariencia est\u00e9tica brillante y juvenil.<\/p>\n<h2>Programe una consulta con el Dr. Azouz<\/h2>\n<p>Si est\u00e1 cansado de ver signos de envejecimiento en su rostro, el Dr. Azouz se especializa en procedimientos de cirug\u00eda pl\u00e1stica masculina y puede ayudarlo a restaurar una apariencia juvenil y atractiva. Programe una consulta en persona con el Dr. Azouz en Dallas. Llame al <a href=\"tel:9727028888\" class=\"phone_anchor \" aria-label=\"ll\u00e1manos (972) 702-8888\">(972) 702-8888<\/a> para reservar su cita o <a title=\"Contact Azouz Cosmetic &amp; Plastic Surgery in Dallas TX\" href=\"https:\/\/www.drazouz.com\/es\/contact\/\"><em><strong>cont\u00e1ctenos para programar una consulta virtual<\/strong><\/em><\/a> si se encuentra fuera del \u00e1rea de DFW.<\/p>\n<h3>Preguntas Frecuentes<\/h3>\n<dl id=\"faq-1\" class=\"flc-faq\"><dt id=\"l11\"><button class=\"card-header collapsed d-flex align-items-center w-100 text-left\" data-toggle=\"collapse\" data-target=\"#t11\" aria-expanded=\"false\" aria-controls=\"t11\"><i class=\"ml-1 fas fa-chevron-down\"><\/i> \u00bfEn qu\u00e9 se diferencia un estiramiento facial masculino de uno femenino?<\/button><\/dt><dd id=\"t11\" class=\"m-0 collapse\" aria-labelledby=\"l11\" aria-expanded=\"false\" data-parent=\"#faq-1\"><div class=\"card-body\"><p>Las t\u00e9cnicas de estiramiento facial masculino tienen en cuenta las caracter\u00edsticas \u00fanicas del rostro masculino, preservando los rasgos masculinos mientras se abordan las preocupaciones por el envejecimiento. El objetivo es lograr resultados naturales y sutiles.<\/p>\n<\/div><\/dd><dt id=\"l12\"><button class=\"card-header collapsed d-flex align-items-center w-100 text-left\" data-toggle=\"collapse\" data-target=\"#t12\" aria-expanded=\"false\" aria-controls=\"t12\"><i class=\"ml-1 fas fa-chevron-down\"><\/i> \u00bfEs doloroso un estiramiento facial masculino?<\/button><\/dt><dd id=\"t12\" class=\"m-0 collapse\" aria-labelledby=\"l12\" aria-expanded=\"false\" data-parent=\"#faq-1\"><div class=\"card-body\"><p>La incomodidad se gestiona con anestesia durante el procedimiento. Los pacientes pueden experimentar una leve incomodidad e hinchaz\u00f3n despu\u00e9s de la cirug\u00eda, que puede aliviarse con medicamentos recetados.<\/p>\n<\/div><\/dd><dt id=\"l13\"><button class=\"card-header collapsed d-flex align-items-center w-100 text-left\" data-toggle=\"collapse\" data-target=\"#t13\" aria-expanded=\"false\" aria-controls=\"t13\"><i class=\"ml-1 fas fa-chevron-down\"><\/i> \u00bfHabr\u00e1 cicatrices visibles despu\u00e9s de un estiramiento facial masculino?<\/button><\/dt><dd id=\"t13\" class=\"m-0 collapse\" aria-labelledby=\"l13\" aria-expanded=\"false\" data-parent=\"#faq-1\"><div class=\"card-body\"><p>El cirujano pl\u00e1stico certificado por la junta, el Dr. Azouz, tiene como objetivo minimizar las cicatrices y utiliza l\u00edneas de incisi\u00f3n camufladas para la cirug\u00eda pl\u00e1stica facial. Las cicatrices generalmente se desvanecen con el tiempo y se vuelven menos visibles.<\/p>\n<\/div><\/dd><\/dl>\n","protected":false},"excerpt":{"rendered":"<p>La cirug\u00eda de estiramiento facial masculino en Dallas es un procedimiento popular para los caballeros deseosos de<br \/><a href=\"https:\/\/www.drazouz.com\/es\/male-facelift-in-dallas\/\" class=\"btn btn-blue mt-3\">Sigue leyendo<\/a><\/p>\n","protected":false},"author":1,"featured_media":5893,"parent":3802,"menu_order":0,"comment_status":"closed","ping_status":"closed","template":"template-builder.php","meta":{"_acf_changed":false,"footnotes":""},"class_list":["post-3937","page","type-page","status-publish","has-post-thumbnail"],"acf":[],"yoast_head":"<!-- This site is optimized with the Yoast SEO plugin v27.4 - https:\/\/yoast.com\/product\/yoast-seo-wordpress\/ -->\n<title>Lifting facial masculino l Cirug\u00eda pl\u00e1stica masculina Dallas | Plano | Richardson<\/title>\n<meta name=\"description\" content=\"Cirug\u00eda pl\u00e1stica masculina en Dallas. Restaura una apariencia juvenil con un estiramiento facial masculino. El Dr. Azouz puede ayudarlo a lograr resultados naturales y volver a sentirse atractivo.\" \/>\n<meta name=\"robots\" content=\"index, follow, max-snippet:-1, max-image-preview:large, max-video-preview:-1\" \/>\n<link rel=\"canonical\" href=\"https:\/\/www.drazouz.com\/es\/male-facelift-in-dallas\/\" \/>\n<meta property=\"og:locale\" content=\"es_ES\" \/>\n<meta property=\"og:type\" content=\"article\" \/>\n<meta property=\"og:title\" content=\"Lifting facial masculino l Cirug\u00eda pl\u00e1stica masculina Dallas | Plano | Richardson\" \/>\n<meta property=\"og:description\" content=\"Cirug\u00eda pl\u00e1stica masculina en Dallas. Restaura una apariencia juvenil con un estiramiento facial masculino. El Dr. Azouz puede ayudarlo a lograr resultados naturales y volver a sentirse atractivo.\" \/>\n<meta property=\"og:url\" content=\"https:\/\/www.drazouz.com\/es\/male-facelift-in-dallas\/\" \/>\n<meta property=\"og:site_name\" content=\"Azouz Cirug\u00eda Pl\u00e1stica y Est\u00e9tica\" \/>\n<meta property=\"article:modified_time\" content=\"2025-02-21T17:26:41+00:00\" \/>\n<meta property=\"og:image\" content=\"https:\/\/www.drazouz.com\/wp-content\/uploads\/2023\/08\/bigstock-Handsome-Young-Man-Portrait-I-270666145.jpg\" \/><meta property=\"og:image\" content=\"https:\/\/www.drazouz.com\/wp-content\/uploads\/2023\/08\/bigstock-Handsome-Young-Man-Portrait-I-270666145-1024x683.jpg\" \/>\n\t<meta property=\"og:image:width\" content=\"1024\" \/>\n\t<meta property=\"og:image:height\" content=\"683\" \/>\n\t<meta property=\"og:image:type\" content=\"image\/jpeg\" \/>\n<meta name=\"twitter:card\" content=\"summary_large_image\" \/>\n<meta name=\"twitter:image\" content=\"https:\/\/www.drazouz.com\/wp-content\/uploads\/2023\/08\/bigstock-Handsome-Young-Man-Portrait-I-270666145.jpg\" \/>\n<meta name=\"twitter:label1\" content=\"Tiempo de lectura\" \/>\n\t<meta name=\"twitter:data1\" content=\"4 minutos\" \/>\n<!-- \/ Yoast SEO plugin. -->","yoast_head_json":{"title":"Lifting facial masculino l Cirug\u00eda pl\u00e1stica masculina Dallas | Plano | Richardson","description":"Cirug\u00eda pl\u00e1stica masculina en Dallas. Restaura una apariencia juvenil con un estiramiento facial masculino. El Dr. Azouz puede ayudarlo a lograr resultados naturales y volver a sentirse atractivo.","robots":{"index":"index","follow":"follow","max-snippet":"max-snippet:-1","max-image-preview":"max-image-preview:large","max-video-preview":"max-video-preview:-1"},"canonical":"https:\/\/www.drazouz.com\/es\/male-facelift-in-dallas\/","og_locale":"es_ES","og_type":"article","og_title":"Lifting facial masculino l Cirug\u00eda pl\u00e1stica masculina Dallas | Plano | Richardson","og_description":"Cirug\u00eda pl\u00e1stica masculina en Dallas. Restaura una apariencia juvenil con un estiramiento facial masculino. El Dr. Azouz puede ayudarlo a lograr resultados naturales y volver a sentirse atractivo.","og_url":"https:\/\/www.drazouz.com\/es\/male-facelift-in-dallas\/","og_site_name":"Azouz Cirug\u00eda Pl\u00e1stica y Est\u00e9tica","article_modified_time":"2025-02-21T17:26:41+00:00","og_image":[{"url":"https:\/\/www.drazouz.com\/wp-content\/uploads\/2023\/08\/bigstock-Handsome-Young-Man-Portrait-I-270666145.jpg","type":"","width":"","height":""},{"width":1024,"height":683,"url":"https:\/\/www.drazouz.com\/wp-content\/uploads\/2023\/08\/bigstock-Handsome-Young-Man-Portrait-I-270666145-1024x683.jpg","type":"image\/jpeg"}],"twitter_card":"summary_large_image","twitter_image":"https:\/\/www.drazouz.com\/wp-content\/uploads\/2023\/08\/bigstock-Handsome-Young-Man-Portrait-I-270666145.jpg","twitter_misc":{"Tiempo de lectura":"4 minutos"},"schema":{"@context":"https:\/\/schema.org","@graph":[{"@type":"WebPage","@id":"https:\/\/www.drazouz.com\/es\/male-facelift-in-dallas\/","url":"https:\/\/www.drazouz.com\/es\/male-facelift-in-dallas\/","name":"Lifting facial masculino l Cirug\u00eda pl\u00e1stica masculina Dallas | Plano | Richardson","isPartOf":{"@id":"https:\/\/www.drazouz.com\/es\/#website"},"primaryImageOfPage":{"@id":"https:\/\/www.drazouz.com\/es\/male-facelift-in-dallas\/#primaryimage"},"image":{"@id":"https:\/\/www.drazouz.com\/es\/male-facelift-in-dallas\/#primaryimage"},"thumbnailUrl":"https:\/\/www.drazouz.com\/wp-content\/uploads\/2023\/08\/bigstock-Handsome-Young-Man-Portrait-I-270666145.jpg","datePublished":"2022-07-27T12:05:40+00:00","dateModified":"2025-02-21T17:26:41+00:00","description":"Cirug\u00eda pl\u00e1stica masculina en Dallas. Restaura una apariencia juvenil con un estiramiento facial masculino. El Dr. Azouz puede ayudarlo a lograr resultados naturales y volver a sentirse atractivo.","breadcrumb":{"@id":"https:\/\/www.drazouz.com\/es\/male-facelift-in-dallas\/#breadcrumb"},"inLanguage":"es","potentialAction":[{"@type":"ReadAction","target":["https:\/\/www.drazouz.com\/es\/male-facelift-in-dallas\/"]}]},{"@type":"ImageObject","inLanguage":"es","@id":"https:\/\/www.drazouz.com\/es\/male-facelift-in-dallas\/#primaryimage","url":"https:\/\/www.drazouz.com\/wp-content\/uploads\/2023\/08\/bigstock-Handsome-Young-Man-Portrait-I-270666145.jpg","contentUrl":"https:\/\/www.drazouz.com\/wp-content\/uploads\/2023\/08\/bigstock-Handsome-Young-Man-Portrait-I-270666145.jpg","width":2000,"height":1334,"caption":"face lift for men | neck lift surgery | Dr. Azouz in Dallas, TX"},{"@type":"BreadcrumbList","@id":"https:\/\/www.drazouz.com\/es\/male-facelift-in-dallas\/#breadcrumb","itemListElement":[{"@type":"ListItem","position":1,"name":"Home","item":"https:\/\/www.drazouz.com\/es\/"},{"@type":"ListItem","position":2,"name":"Procedimientos","item":"https:\/\/www.drazouz.com\/es\/procedimientos\/"},{"@type":"ListItem","position":3,"name":"Hombres","item":"https:\/\/www.drazouz.com\/es\/for-men\/"},{"@type":"ListItem","position":4,"name":"Lifting Masculino"}]},{"@type":"WebSite","@id":"https:\/\/www.drazouz.com\/es\/#website","url":"https:\/\/www.drazouz.com\/es\/","name":"Azouz Cirug\u00eda Pl\u00e1stica y Est\u00e9tica","description":"","potentialAction":[{"@type":"SearchAction","target":{"@type":"EntryPoint","urlTemplate":"https:\/\/www.drazouz.com\/es\/?s={search_term_string}"},"query-input":{"@type":"PropertyValueSpecification","valueRequired":true,"valueName":"search_term_string"}}],"inLanguage":"es"}]}},"_links":{"self":[{"href":"https:\/\/www.drazouz.com\/es\/wp-json\/wp\/v2\/pages\/3937","targetHints":{"allow":["GET"]}}],"collection":[{"href":"https:\/\/www.drazouz.com\/es\/wp-json\/wp\/v2\/pages"}],"about":[{"href":"https:\/\/www.drazouz.com\/es\/wp-json\/wp\/v2\/types\/page"}],"author":[{"embeddable":true,"href":"https:\/\/www.drazouz.com\/es\/wp-json\/wp\/v2\/users\/1"}],"replies":[{"embeddable":true,"href":"https:\/\/www.drazouz.com\/es\/wp-json\/wp\/v2\/comments?post=3937"}],"version-history":[{"count":10,"href":"https:\/\/www.drazouz.com\/es\/wp-json\/wp\/v2\/pages\/3937\/revisions"}],"predecessor-version":[{"id":20857,"href":"https:\/\/www.drazouz.com\/es\/wp-json\/wp\/v2\/pages\/3937\/revisions\/20857"}],"up":[{"embeddable":true,"href":"https:\/\/www.drazouz.com\/es\/wp-json\/wp\/v2\/pages\/3802"}],"wp:featuredmedia":[{"embeddable":true,"href":"https:\/\/www.drazouz.com\/es\/wp-json\/wp\/v2\/media\/5893"}],"wp:attachment":[{"href":"https:\/\/www.drazouz.com\/es\/wp-json\/wp\/v2\/media?parent=3937"}],"curies":[{"name":"wp","href":"https:\/\/api.w.org\/{rel}","templated":true}]}}