{"id":3919,"date":"2022-07-26T17:48:11","date_gmt":"2022-07-26T22:48:11","guid":{"rendered":"https:\/\/www.drazouz.com\/?page_id=3919"},"modified":"2024-05-28T07:20:54","modified_gmt":"2024-05-28T12:20:54","slug":"levantamiento-de-brazos","status":"publish","type":"page","link":"https:\/\/www.drazouz.com\/es\/arm-lift\/","title":{"rendered":"Levantamiento de Brazos"},"content":{"rendered":"<p>La braquioplastia, conocida como lifting de brazos, se realiza para reestructurar la parte inferior del brazo o el \u00e1rea que se extiende desde la axila hasta el codo. El lifting de brazos a menudo elimina la piel fl\u00e1cida, tensa el tejido subyacente y reduce la grasa rebelde en la regi\u00f3n de la parte superior del brazo. La dieta y el ejercicio pueden abordar la parte superior de la parte superior del brazo, pero la parte inferior del brazo puede ser dif\u00edcil de restaurar. El lifting de brazos del Dr. Azouz podr\u00eda ser una excelente opci\u00f3n para los pacientes que desean tonificar sus brazos. Solicite una consulta de lifting de brazos con el Dr. Azouz llamando al <a href=\"tel:9727028888\" class=\"phone_anchor \" aria-label=\"ll\u00e1manos (972) 702-8888\">(972) 702-8888<\/a> y d\u00e9 el primer paso para mejorar sus brazos.<\/p>\n<h2>\u00bfSoy candidato para un lifting de brazos?<\/h2>\n<p>Los adultos que viven con la piel floja en la parte superior de los brazos debido a la p\u00e9rdida de peso o al envejecimiento a menudo pueden beneficiarse de este procedimiento.<\/p>\n<p>Las personas deben tener un peso estable y saludable y ser saludables, no fumadores. Una consulta con Dr. Azouz Puede ayudar a determinar si este procedimiento es adecuado para usted.<\/p>\n<p><img decoding=\"async\" src=\"https:\/\/www.drazouz.com\/wp-content\/uploads\/2022\/08\/Arm-lift_-Dr.-Azouz-Dallas-scaled-1.jpg\" alt=\"arms before and after arm lift\" class=\"alignright\" width=\"400\" \/><\/p>\n<h2>Beneficios del lifting de brazos<\/h2>\n<p>Los pacientes que se someten a un lifting de brazos en Dallas ver\u00e1n los siguientes beneficios:<\/p>\n<ul>\n<li>Eliminaci\u00f3n del exceso de grasa y piel fl\u00e1cida<\/li>\n<li>Brazos mejorados contornos<\/li>\n<li>Mejora la proporci\u00f3n del brazo<\/li>\n<\/ul>\n<h2>\u00bfC\u00f3mo se realiza un lifting de brazos en Dallas?<\/h2>\n<p>El alcance de la cirug\u00eda depende de sus deseos y de las t\u00e9cnicas profesionales del Dr. Azouz para lograr sus objetivos. Durante la cirug\u00eda de lifting de brazos, el Dr. Azouz crear\u00e1 las incisiones necesarias para tensar, reestructurar y contornear la parte superior del brazo. Las incisiones pueden estar ocultas dentro de las axilas o por el costado de los brazos en los lugares m\u00e1s discretos disponibles. Liposucci\u00f3n Tambi\u00e9n se puede utilizar para eliminar el exceso de grasa. Se utilizar\u00e1n suturas para cerrar la (s) incisi\u00f3n (es).<\/p>\n<h2>Anestesia para un procedimiento de lifting de brazos<\/h2>\n<p>El Dr. Azouz realiza una cirug\u00eda de estiramiento de brazos con el uso de anestesia local y sedaci\u00f3n. Tambi\u00e9n se puede utilizar anestesia general; sin embargo, la anestesia local y de sedaci\u00f3n se asocia con una mejor recuperaci\u00f3n.<\/p>\n<h2>Recuperaci\u00f3n de levantamiento de brazos<\/h2>\n<p>Las incisiones son pr\u00e1cticamente imperceptibles una vez que se completa el proceso de curaci\u00f3n. Los tiempos de recuperaci\u00f3n var\u00edan para cada paciente. El Dr. Azouz proporciona instrucciones espec\u00edficas de cuidados posteriores y un cuidado de seguimiento minucioso para garantizar resultados ideales y una recuperaci\u00f3n saludable. Las personas deben estar comprometidas con una dieta y un estilo de vida saludables para mantener los resultados del lifting de brazos.<\/p>\n<h2>Combinaci\u00f3n de un lifting de brazos con otras cirug\u00edas pl\u00e1sticas en Dallas<\/h2>\n<p>El lifting de brazos en Dallas se puede combinar con muchos otros procedimientos. Algunas de las cirug\u00edas combinadas comunes incluyen:<\/p>\n<ul>\n<li><a href=\"https:\/\/www.drazouz.com\/es\/liposuction\/\">Liposucci\u00f3n<\/a><\/li>\n<li><a href=\"https:\/\/www.drazouz.com\/es\/eyelid-surgery\/\">Cirug\u00eda de p\u00e1rpado<\/a> (Blefaroplastia)<\/li>\n<li><a href=\"https:\/\/www.drazouz.com\/es\/gynecomastia\/\">Ginecomastia<\/a> (Para los hombres)<\/li>\n<li><a href=\"https:\/\/www.drazouz.com\/es\/breast-lift\/\">Levantamiento de senos<\/a><\/li>\n<li><a href=\"https:\/\/www.drazouz.com\/es\/cirugia-plastica-de-orejas\/\">Cirug\u00eda de oreja<\/a> (Otoplastia)<\/li>\n<\/ul>\n<h2>Costo de elevaci\u00f3n del brazo<\/h2>\n<p>El costo de la cirug\u00eda de estiramiento de brazos var\u00eda de un paciente a otro seg\u00fan sus necesidades espec\u00edficas. El Dr. Azouz le proporcionar\u00e1 el costo de su cirug\u00eda de lifting de brazos despu\u00e9s de su examen f\u00edsico. Dr. Azouz ofrece diferentes <a href=\"https:\/\/www.drazouz.com\/es\/fees-insurance\/\">alternativas financieras para hacer asequible el levantamiento de brazos<\/a> para sus pacientes.<\/p>\n<h2>Resultados del levantamiento de brazos<\/h2>\n<p>Despu\u00e9s de un lifting de brazos, los pacientes notar\u00e1n contornos de brazos m\u00e1s suaves y ajustados, y el resultado ser\u00e1 duradero. Mantener un peso saludable ayudar\u00e1 a retener los resultados del levantamiento de brazos por m\u00e1s tiempo.<\/p>\n<h2>Programe su consulta con el Dr. Azouz<\/h2>\n<p>Si tiene problemas con un exceso de piel colgante y dep\u00f3sitos de grasa debajo de la parte superior del brazo, que pueden tener una apariencia similar a la de un \u00abala de murci\u00e9lago\u00bb, el estiramiento de brazos o la braquioplastia pueden ser la soluci\u00f3n para usted. Comun\u00edquese con Azouz Plastic and Cosmetic Surgery para <a title=\"Contact Azouz Cosmetic &amp; Plastic Surgery in Dallas TX\" href=\"https:\/\/www.drazouz.com\/es\/contact\/\"><em><strong>Programe su consulta inicial<\/strong><\/em><\/a> con el Dr. Azouz llamando hoy al <a href=\"tel:9727028888\" class=\"phone_anchor \" aria-label=\"ll\u00e1manos (972) 702-8888\">(972) 702-8888<\/a>.<\/p>\n<h3>VIDEOS DE CUERPO<\/h3>\n\n\t\t\t\t\t<div class=\"row\">\n\t\t\t\t\t\t\t\t\t<div class=\"col-md-6 mb-4\">\n\t\t\t\t\t\t<div class=\"embed-responsive embed-responsive-16by9\"> <iframe title=\"Total Body Liposuction Plastic Surgeon Dr. David Azouz\" class=\"embed-responsive-item lazyload\" data-src=\"https:\/\/www.youtube.com\/embed\/uB6yEsHDc-0?rel=0\" allowfullscreen referrerpolicy=\"strict-origin-when-cross-origin\" data-load-mode=\"1\"><\/iframe><\/div>\t\t\t\t\t<\/div>\n\t\t\t\t\t\t\t\t\t<div class=\"col-md-6 mb-4\">\n\t\t\t\t\t\t<div class=\"embed-responsive embed-responsive-16by9\"> <iframe title=\"Tummy Tuck after Gastric Bypass Surgery with Plastic Surgeon Dr. David Azouz\" class=\"embed-responsive-item lazyload\" data-src=\"https:\/\/www.youtube.com\/embed\/gJiu4lMIpj4?rel=0\" allowfullscreen referrerpolicy=\"strict-origin-when-cross-origin\" data-load-mode=\"1\"><\/iframe><\/div>\t\t\t\t\t<\/div>\n\t\t\t\t\t\t\t\t\t<div class=\"col-md-6 mb-4\">\n\t\t\t\t\t\t<div class=\"embed-responsive embed-responsive-16by9\"> <iframe title=\"Dr. David Azouz Mommy Makeover Kim Top Docs of DFW\" class=\"embed-responsive-item lazyload\" data-src=\"https:\/\/www.youtube.com\/embed\/DsZ9oyLw12w?rel=0\" allowfullscreen referrerpolicy=\"strict-origin-when-cross-origin\" data-load-mode=\"1\"><\/iframe><\/div>\t\t\t\t\t<\/div>\n\t\t\t\t\t\t\t\t\t<div class=\"col-md-6 mb-4\">\n\t\t\t\t\t\t<div class=\"embed-responsive embed-responsive-16by9\"> <iframe title=\"Tummy Tuck with Plastic Surgeon Dr. David Azouz\" class=\"embed-responsive-item lazyload\" data-src=\"https:\/\/www.youtube.com\/embed\/8nB6cyUiYN4?rel=0\" allowfullscreen referrerpolicy=\"strict-origin-when-cross-origin\" data-load-mode=\"1\"><\/iframe><\/div>\t\t\t\t\t<\/div>\n\t\t\t\t\t\t\t<\/div>\n\t\t\n\t\n<h3>Preguntas Frecuentes<\/h3>\n<dl id=\"faq-1\" class=\"flc-faq\"><dt id=\"l11\"><button class=\"card-header collapsed d-flex align-items-center w-100 text-left\" data-toggle=\"collapse\" data-target=\"#t11\" aria-expanded=\"false\" aria-controls=\"t11\"><i class=\"ml-1 fas fa-chevron-down\"><\/i> \u00bfQU\u00c9 ES UN MINI LIFTING DE BRAZOS?<\/button><\/dt><dd id=\"t11\" class=\"m-0 collapse\" aria-labelledby=\"l11\" aria-expanded=\"false\" data-parent=\"#faq-1\"><div class=\"card-body\"><p>Un mini lifting de brazos se refiere a un lifting de brazos con una cicatriz corta que no se extiende significativamente en el brazo.<\/p>\n<\/div><\/dd><dt id=\"l12\"><button class=\"card-header collapsed d-flex align-items-center w-100 text-left\" data-toggle=\"collapse\" data-target=\"#t12\" aria-expanded=\"false\" aria-controls=\"t12\"><i class=\"ml-1 fas fa-chevron-down\"><\/i> \u00bfPUEDE COOLSCULPTING DESHACERSE DE LAS ALAS DE MURCI\u00c9LAGO?<\/button><\/dt><dd id=\"t12\" class=\"m-0 collapse\" aria-labelledby=\"l12\" aria-expanded=\"false\" data-parent=\"#faq-1\"><div class=\"card-body\"><p>Los procedimientos no invasivos no eliminan la piel fl\u00e1cida y no eliminan cantidades significativas de grasa. El cirujano pl\u00e1stico de Dallas, Dr. David Azouz, puede determinar si un paciente es candidato para un lifting de brazos a trav\u00e9s de la historia cl\u00ednica y el examen f\u00edsico.<\/p>\n<\/div><\/dd><dt id=\"l13\"><button class=\"card-header collapsed d-flex align-items-center w-100 text-left\" data-toggle=\"collapse\" data-target=\"#t13\" aria-expanded=\"false\" aria-controls=\"t13\"><i class=\"ml-1 fas fa-chevron-down\"><\/i> \u00bfSE DESVANECEN LAS CICATRICES DEL ESTIRAMIENTO DE BRAZOS?<\/button><\/dt><dd id=\"t13\" class=\"m-0 collapse\" aria-labelledby=\"l13\" aria-expanded=\"false\" data-parent=\"#faq-1\"><div class=\"card-body\"><p>Las cicatrices del estiramiento de brazos se desvanecen con el tiempo y las cicatrices se pueden optimizar con t\u00e9cnicas meticulosas de cirug\u00eda pl\u00e1stica y con el uso de gel de silicona.<\/p>\n<\/div><\/dd><dt id=\"l14\"><button class=\"card-header collapsed d-flex align-items-center w-100 text-left\" data-toggle=\"collapse\" data-target=\"#t14\" aria-expanded=\"false\" aria-controls=\"t14\"><i class=\"ml-1 fas fa-chevron-down\"><\/i> \u00bfQU\u00c9 TAN DOLOROSO ES UN LEVANTAMIENTO DE BRAZOS?<\/button><\/dt><dd id=\"t14\" class=\"m-0 collapse\" aria-labelledby=\"l14\" aria-expanded=\"false\" data-parent=\"#faq-1\"><div class=\"card-body\"><p>Un levantamiento de brazos generalmente no se considera significativamente doloroso, pero cada paciente es diferente.<\/p>\n<\/div><\/dd><dt id=\"l15\"><button class=\"card-header collapsed d-flex align-items-center w-100 text-left\" data-toggle=\"collapse\" data-target=\"#t15\" aria-expanded=\"false\" aria-controls=\"t15\"><i class=\"ml-1 fas fa-chevron-down\"><\/i> \u00bfEL SEGURO PAGA POR EL LEVANTAMIENTO DE BRAZOS?<\/button><\/dt><dd id=\"t15\" class=\"m-0 collapse\" aria-labelledby=\"l15\" aria-expanded=\"false\" data-parent=\"#faq-1\"><div class=\"card-body\"><p>El seguro generalmente no cubre un estiramiento de brazos o braquioplastia y considera que la cirug\u00eda pl\u00e1stica es cosm\u00e9tica.<\/p>\n<\/div><\/dd><dt id=\"l16\"><button class=\"card-header collapsed d-flex align-items-center w-100 text-left\" data-toggle=\"collapse\" data-target=\"#t16\" aria-expanded=\"false\" aria-controls=\"t16\"><i class=\"ml-1 fas fa-chevron-down\"><\/i> \u00bfSE PUEDE ELIMINAR LA GRASA DE LAS AXILAS?<\/button><\/dt><dd id=\"t16\" class=\"m-0 collapse\" aria-labelledby=\"l16\" aria-expanded=\"false\" data-parent=\"#faq-1\"><div class=\"card-body\"><p>La grasa de la axila se puede eliminar mediante escisi\u00f3n directa a trav\u00e9s de un levantamiento de brazos o con liposucci\u00f3n.<\/p>\n<\/div><\/dd><\/dl>\n<h3>Lifting de brazos con Dr. Azouz<\/h3>\n<blockquote><p>\u201cDurante muchos a\u00f1os he pensado en hacerme un lifting de brazos y muslos para eliminar el exceso de piel de una p\u00e9rdida de peso de 70 libras por la que pas\u00e9 hace unos 12 a\u00f1os. Ahora solo tengo 37 a\u00f1os, pero era el momento adecuado, as\u00ed que cuando me mud\u00e9 a Dallas en mayo comenc\u00e9 a buscar cirujanos est\u00e9ticos en el \u00e1rea y encontr\u00e9 al Dr. Azouz. Esta fue mi primera experiencia con cualquier tipo de cirug\u00eda, y desde la primera consulta, tanto el Dr. David Azouz como el Dr. Solomon Azouz fueron simplemente incre\u00edbles. Pasaron una cantidad incre\u00edble de tiempo cara a cara conmigo, repasando pacientemente los procedimientos y pregunt\u00e1ndome exactamente qu\u00e9 quer\u00eda. Me sent\u00ed incre\u00edblemente c\u00f3modo con ellos y su equipo, y estaba claro que ten\u00edan una gran cantidad de conocimiento y experiencia en este campo.<\/p>\n<p>Siempre me sent\u00ed escuchado y escuchado durante todo el proceso, y recib\u00ed m\u00faltiples llamadas de control mientras me recuperaba. Honestamente, no estaba seguro de terminar someti\u00e9ndome a una cirug\u00eda cuando fui a una consulta por primera vez, pero me sent\u00ed muy positivo y confiado despu\u00e9s de mi visita al equipo de Azouz. Pudieron llevarme r\u00e1pidamente y acomodar mi horario. La cirug\u00eda en s\u00ed fue perfecta y sent\u00ed que hab\u00eda estado bien preparada para la experiencia y el cuidado posterior. Tambi\u00e9n apreci\u00e9 mucho que el Dr. Azouzs se preocupara pero fuera muy honesto y franco acerca de qu\u00e9 procedimientos me beneficiar\u00edan m\u00e1s y qu\u00e9 deber\u00eda esperar de manera realista de la cirug\u00eda. Termin\u00e9 haciendo un lifting de brazos y una liposucci\u00f3n en mis muslos. Han pasado aproximadamente 6 semanas desde que hice el trabajo, y aunque todav\u00eda me estoy recuperando y a\u00fan no veo los resultados finales, \u00a1ciertamente puedo ver una gran diferencia en mis brazos y piernas! Estoy EMOCIONADA con mi decisi\u00f3n de seguir adelante con la cirug\u00eda e igualmente emocionada de haber encontrado al Dr. Azouz, quien ha seguido siendo incre\u00edble durante mis visitas de seguimiento.<\/p>\n<p>Habiendo pasado por este proceso, S\u00c9 que es intimidante elegir al cirujano est\u00e9tico adecuado. Me reun\u00ed con algunos antes de ir al Dr. Azouz, y realmente se destac\u00f3 por su experiencia, amabilidad y honestidad. Estoy muy agradecido con \u00e9l y sus asociados por darme una nueva confianza en mi cuerpo, y sin duda lo recomendar\u00e9 a cualquiera que busque un cirujano maravilloso y confiable\u201d<\/p><\/blockquote>\n","protected":false},"excerpt":{"rendered":"<p>La braquioplastia, conocida como lifting de brazos, se realiza para reestructurar la parte inferior del brazo o<br \/><a href=\"https:\/\/www.drazouz.com\/es\/arm-lift\/\" class=\"btn btn-blue mt-3\">Sigue leyendo<\/a><\/p>\n","protected":false},"author":1,"featured_media":5899,"parent":3798,"menu_order":0,"comment_status":"closed","ping_status":"closed","template":"","meta":{"_acf_changed":false,"footnotes":""},"class_list":["post-3919","page","type-page","status-publish","has-post-thumbnail"],"acf":[],"yoast_head":"<!-- This site is optimized with the Yoast SEO plugin v26.6 - https:\/\/yoast.com\/wordpress\/plugins\/seo\/ -->\n<title>Lifting de brazos | Braquioplastia Dallas | Plano | Richardson<\/title>\n<meta name=\"description\" content=\"Los pacientes con piel fl\u00e1cida y excesiva pueden someterse a un lifting de brazos con el cirujano pl\u00e1stico Dr. Azouz de Dallas para eliminar el exceso de grasa y piel debajo de la parte superior del brazo. Llame al 972 702 8888\" \/>\n<meta name=\"robots\" content=\"index, follow, max-snippet:-1, max-image-preview:large, max-video-preview:-1\" \/>\n<link rel=\"canonical\" href=\"https:\/\/www.drazouz.com\/es\/arm-lift\/\" \/>\n<meta property=\"og:locale\" content=\"es_ES\" \/>\n<meta property=\"og:type\" content=\"article\" \/>\n<meta property=\"og:title\" content=\"Lifting de brazos | Braquioplastia Dallas | Plano | Richardson\" \/>\n<meta property=\"og:description\" content=\"Los pacientes con piel fl\u00e1cida y excesiva pueden someterse a un lifting de brazos con el cirujano pl\u00e1stico Dr. Azouz de Dallas para eliminar el exceso de grasa y piel debajo de la parte superior del brazo. Llame al 972 702 8888\" \/>\n<meta property=\"og:url\" content=\"https:\/\/www.drazouz.com\/es\/arm-lift\/\" \/>\n<meta property=\"og:site_name\" content=\"Azouz Cirug\u00eda Pl\u00e1stica y Est\u00e9tica\" \/>\n<meta property=\"article:modified_time\" content=\"2024-05-28T12:20:54+00:00\" \/>\n<meta property=\"og:image\" content=\"https:\/\/www.drazouz.com\/wp-content\/uploads\/2023\/08\/bigstock-Slim-Young-Woman-With-Marks-On-454856091.jpg\" \/>\n<meta name=\"twitter:card\" content=\"summary_large_image\" \/>\n<meta name=\"twitter:image\" content=\"https:\/\/www.drazouz.com\/wp-content\/uploads\/2023\/08\/bigstock-Slim-Young-Woman-With-Marks-On-454856091.jpg\" \/>\n<meta name=\"twitter:label1\" content=\"Tiempo de lectura\" \/>\n\t<meta name=\"twitter:data1\" content=\"4 minutos\" \/>\n<!-- \/ Yoast SEO plugin. -->","yoast_head_json":{"title":"Lifting de brazos | Braquioplastia Dallas | Plano | Richardson","description":"Los pacientes con piel fl\u00e1cida y excesiva pueden someterse a un lifting de brazos con el cirujano pl\u00e1stico Dr. Azouz de Dallas para eliminar el exceso de grasa y piel debajo de la parte superior del brazo. Llame al 972 702 8888","robots":{"index":"index","follow":"follow","max-snippet":"max-snippet:-1","max-image-preview":"max-image-preview:large","max-video-preview":"max-video-preview:-1"},"canonical":"https:\/\/www.drazouz.com\/es\/arm-lift\/","og_locale":"es_ES","og_type":"article","og_title":"Lifting de brazos | Braquioplastia Dallas | Plano | Richardson","og_description":"Los pacientes con piel fl\u00e1cida y excesiva pueden someterse a un lifting de brazos con el cirujano pl\u00e1stico Dr. Azouz de Dallas para eliminar el exceso de grasa y piel debajo de la parte superior del brazo. Llame al 972 702 8888","og_url":"https:\/\/www.drazouz.com\/es\/arm-lift\/","og_site_name":"Azouz Cirug\u00eda Pl\u00e1stica y Est\u00e9tica","article_modified_time":"2024-05-28T12:20:54+00:00","og_image":[{"url":"https:\/\/www.drazouz.com\/wp-content\/uploads\/2023\/08\/bigstock-Slim-Young-Woman-With-Marks-On-454856091.jpg","type":"","width":"","height":""}],"twitter_card":"summary_large_image","twitter_image":"https:\/\/www.drazouz.com\/wp-content\/uploads\/2023\/08\/bigstock-Slim-Young-Woman-With-Marks-On-454856091.jpg","twitter_misc":{"Tiempo de lectura":"4 minutos"},"schema":{"@context":"https:\/\/schema.org","@graph":[{"@type":"WebPage","@id":"https:\/\/www.drazouz.com\/es\/arm-lift\/","url":"https:\/\/www.drazouz.com\/es\/arm-lift\/","name":"Lifting de brazos | Braquioplastia Dallas | Plano | Richardson","isPartOf":{"@id":"https:\/\/www.drazouz.com\/es\/#website"},"primaryImageOfPage":{"@id":"https:\/\/www.drazouz.com\/es\/arm-lift\/#primaryimage"},"image":{"@id":"https:\/\/www.drazouz.com\/es\/arm-lift\/#primaryimage"},"thumbnailUrl":"https:\/\/www.drazouz.com\/wp-content\/uploads\/2023\/08\/bigstock-Slim-Young-Woman-With-Marks-On-454856091.jpg","datePublished":"2022-07-26T22:48:11+00:00","dateModified":"2024-05-28T12:20:54+00:00","description":"Los pacientes con piel fl\u00e1cida y excesiva pueden someterse a un lifting de brazos con el cirujano pl\u00e1stico Dr. Azouz de Dallas para eliminar el exceso de grasa y piel debajo de la parte superior del brazo. Llame al 972 702 8888","breadcrumb":{"@id":"https:\/\/www.drazouz.com\/es\/arm-lift\/#breadcrumb"},"inLanguage":"es","potentialAction":[{"@type":"ReadAction","target":["https:\/\/www.drazouz.com\/es\/arm-lift\/"]}]},{"@type":"ImageObject","inLanguage":"es","@id":"https:\/\/www.drazouz.com\/es\/arm-lift\/#primaryimage","url":"https:\/\/www.drazouz.com\/wp-content\/uploads\/2023\/08\/bigstock-Slim-Young-Woman-With-Marks-On-454856091.jpg","contentUrl":"https:\/\/www.drazouz.com\/wp-content\/uploads\/2023\/08\/bigstock-Slim-Young-Woman-With-Marks-On-454856091.jpg","width":2000,"height":1334,"caption":"arm lift surgery | arm tightening | Dallas, TX"},{"@type":"BreadcrumbList","@id":"https:\/\/www.drazouz.com\/es\/arm-lift\/#breadcrumb","itemListElement":[{"@type":"ListItem","position":1,"name":"Home","item":"https:\/\/www.drazouz.com\/es\/"},{"@type":"ListItem","position":2,"name":"Procedimientos","item":"https:\/\/www.drazouz.com\/es\/procedimientos\/"},{"@type":"ListItem","position":3,"name":"Cuerpo","item":"https:\/\/www.drazouz.com\/es\/body\/"},{"@type":"ListItem","position":4,"name":"Levantamiento de Brazos"}]},{"@type":"WebSite","@id":"https:\/\/www.drazouz.com\/es\/#website","url":"https:\/\/www.drazouz.com\/es\/","name":"Azouz Cirug\u00eda Pl\u00e1stica y Est\u00e9tica","description":"","potentialAction":[{"@type":"SearchAction","target":{"@type":"EntryPoint","urlTemplate":"https:\/\/www.drazouz.com\/es\/?s={search_term_string}"},"query-input":{"@type":"PropertyValueSpecification","valueRequired":true,"valueName":"search_term_string"}}],"inLanguage":"es"}]}},"_links":{"self":[{"href":"https:\/\/www.drazouz.com\/es\/wp-json\/wp\/v2\/pages\/3919","targetHints":{"allow":["GET"]}}],"collection":[{"href":"https:\/\/www.drazouz.com\/es\/wp-json\/wp\/v2\/pages"}],"about":[{"href":"https:\/\/www.drazouz.com\/es\/wp-json\/wp\/v2\/types\/page"}],"author":[{"embeddable":true,"href":"https:\/\/www.drazouz.com\/es\/wp-json\/wp\/v2\/users\/1"}],"replies":[{"embeddable":true,"href":"https:\/\/www.drazouz.com\/es\/wp-json\/wp\/v2\/comments?post=3919"}],"version-history":[{"count":8,"href":"https:\/\/www.drazouz.com\/es\/wp-json\/wp\/v2\/pages\/3919\/revisions"}],"predecessor-version":[{"id":14375,"href":"https:\/\/www.drazouz.com\/es\/wp-json\/wp\/v2\/pages\/3919\/revisions\/14375"}],"up":[{"embeddable":true,"href":"https:\/\/www.drazouz.com\/es\/wp-json\/wp\/v2\/pages\/3798"}],"wp:featuredmedia":[{"embeddable":true,"href":"https:\/\/www.drazouz.com\/es\/wp-json\/wp\/v2\/media\/5899"}],"wp:attachment":[{"href":"https:\/\/www.drazouz.com\/es\/wp-json\/wp\/v2\/media?parent=3919"}],"curies":[{"name":"wp","href":"https:\/\/api.w.org\/{rel}","templated":true}]}}