{"id":3913,"date":"2022-07-26T17:23:01","date_gmt":"2022-07-26T22:23:01","guid":{"rendered":"https:\/\/www.drazouz.com\/?page_id=3913"},"modified":"2025-04-10T12:40:46","modified_gmt":"2025-04-10T17:40:46","slug":"lifting-corporal-despues-de-la-perdida-de-peso","status":"publish","type":"page","link":"https:\/\/www.drazouz.com\/es\/body-lift-after-weight-loss\/","title":{"rendered":"Lifting Corporal Despu\u00e9s de la P\u00e9rdida de Peso"},"content":{"rendered":"<p>Generalmente, se realiza un lifting corporal en Dallas despu\u00e9s de una p\u00e9rdida significativa de peso para eliminar el exceso de piel y grasa fl\u00e1cida mientras se mejora la forma del tejido de soporte subyacente. Aunque la p\u00e9rdida de peso dram\u00e1tica tiene beneficios positivos para la salud, los pacientes pueden sentirse cohibidos por su piel, que carece de elasticidad para volver a su forma corporal m\u00e1s peque\u00f1a. Un levantamiento de cuerpo es altamente personalizable <a href=\"https:\/\/www.drazouz.com\/es\/body\/\">Procedimiento corporal<\/a>, y cada experiencia del paciente variar\u00e1. Programe su consulta con el Dr. Azouz llamando al <a href=\"tel:9727028888\" class=\"phone_anchor \" aria-label=\"ll\u00e1manos (972) 702-8888\">(972) 702-8888<\/a> para evaluar su condici\u00f3n.<\/p>\n<h2>\u00bfSoy candidato para un lifting corporal?<\/h2>\n<p>Los pacientes con una p\u00e9rdida de peso significativa son candidatos ideales para un lifting corporal en Dallas. Adem\u00e1s, el envejecimiento y la gen\u00e9tica contribuyen a la mala elasticidad de los tejidos y hacen que los pacientes tengan flacidez del abdomen, las nalgas y los muslos. El Dr. Azouz puede corregir esta condici\u00f3n con un lifting corporal y crear una figura atractiva.<\/p>\n<h2>Beneficios del lifting corporal<\/h2>\n<p><img decoding=\"async\" src=\"https:\/\/www.drazouz.com\/wp-content\/uploads\/2022\/08\/Body-lift-Dallas-Dr.-Azouz-scaled.jpg\" alt=\"woman body\" class=\"alignright\" width=\"400\" \/><\/p>\n<p>Los pacientes con una p\u00e9rdida de peso significativa y otros factores como el envejecimiento y la gen\u00e9tica contribuyen a una mala elasticidad de los tejidos, lo que provoca la flacidez del abdomen, las nalgas y los muslos.<\/p>\n<ul>\n<li>Piel firme y tersa<\/li>\n<li>Eliminaci\u00f3n del exceso de piel<\/li>\n<li>Eliminaci\u00f3n de pliegues de piel<\/li>\n<\/ul>\n<h2>Que esperar durante su lifting corporal en Dallas<\/h2>\n<p>El estiramiento corporal en Dallas puede incluir cualquiera de los siguientes procedimientos: estiramiento facial, estiramiento de brazos, abdominoplastia, levantamiento de senos, levantamiento de la parte inferior del cuerpo y \/ o levantamiento de muslos medial. La extensi\u00f3n del procedimiento var\u00eda seg\u00fan sus preocupaciones cosm\u00e9ticas y los cambios deseados y lo que el Dr. Azouz considere apropiado. En la mayor\u00eda de los casos, se elimina la piel fl\u00e1cida y superflua y se tensan los tejidos subyacentes que sostienen la grasa y la piel para mejorar el contorno corporal. Esto tambi\u00e9n puede mejorar la apariencia de la celulitis o una superficie de piel irregular con hoyuelos para una tez m\u00e1s suave y flexible. Para cada procedimiento, visite cada p\u00e1gina para saber qu\u00e9 esperar durante su procedimiento de lifting corporal.<\/p>\n<h2>Anestesia para lifting corporal<\/h2>\n<p>Un lifting corporal a menudo se realiza de forma ambulatoria con anestesia local y sedaci\u00f3n.<\/p>\n<h2>Recuperaci\u00f3n del lifting corporal<\/h2>\n<p>En cualquier caso de cirug\u00eda, es necesario seguir las instrucciones espec\u00edficas de postratamiento del Dr. Azouz para garantizar una curaci\u00f3n \u00f3ptima, minimizando cualquier riesgo o complicaci\u00f3n. Habr\u00e1 citas de seguimiento programadas para ayudarlo en su proceso de recuperaci\u00f3n y para asegurarse de que est\u00e9 satisfecho con sus resultados.<\/p>\n<h2>Costo del lifting corporal<\/h2>\n<p>El costo de un procedimiento de lifting corporal depende de los objetivos est\u00e9ticos del paciente. El Dr. Azouz discutir\u00e1 los objetivos de su procedimiento de lifting corporal y completar\u00e1 un examen f\u00edsico para determinar el costo de su cirug\u00eda de lifting corporal.<\/p>\n<h2>Programe su consulta con el Dr. Azouz<\/h2>\n<p>Si recientemente ha sufrido una p\u00e9rdida de peso importante, ya sea por una cirug\u00eda o por una dieta y ejercicio tradicionales, nuestro procedimiento de lifting corporal puede ser el toque final en su viaje de p\u00e9rdida de peso. Restaure su figura corporal m\u00e1s joven y delgada y mejore sus contornos con un solo procedimiento quir\u00fargico. Contacte a Azouz Plastic and Cosmetic Surgery hoy mismo para <a title=\"Contact Azouz Cosmetic &amp; Plastic Surgery in Dallas TX\" href=\"https:\/\/www.drazouz.com\/es\/contact\/\"><em><strong>Programe su consulta<\/strong><\/em><\/a> llamando al <a href=\"tel:9727028888\" class=\"phone_anchor \" aria-label=\"ll\u00e1manos (972) 702-8888\">(972) 702-8888<\/a>.<\/p>\n<h3>VIDEOS DE CUERPO<\/h3>\n\n\t\t\t\t\t<div class=\"row\">\n\t\t\t\t\t\t\t\t\t<div class=\"col-md-6 mb-4\">\n\t\t\t\t\t\t<div class=\"embed-responsive embed-responsive-16by9\"> <iframe title=\"Total Body Liposuction Plastic Surgeon Dr. David Azouz\" class=\"embed-responsive-item lazyload\" data-src=\"https:\/\/www.youtube.com\/embed\/uB6yEsHDc-0?rel=0\" allowfullscreen referrerpolicy=\"strict-origin-when-cross-origin\" data-load-mode=\"1\"><\/iframe><\/div>\t\t\t\t\t<\/div>\n\t\t\t\t\t\t\t\t\t<div class=\"col-md-6 mb-4\">\n\t\t\t\t\t\t<div class=\"embed-responsive embed-responsive-16by9\"> <iframe title=\"Tummy Tuck after Gastric Bypass Surgery with Plastic Surgeon Dr. David Azouz\" class=\"embed-responsive-item lazyload\" data-src=\"https:\/\/www.youtube.com\/embed\/gJiu4lMIpj4?rel=0\" allowfullscreen referrerpolicy=\"strict-origin-when-cross-origin\" data-load-mode=\"1\"><\/iframe><\/div>\t\t\t\t\t<\/div>\n\t\t\t\t\t\t\t\t\t<div class=\"col-md-6 mb-4\">\n\t\t\t\t\t\t<div class=\"embed-responsive embed-responsive-16by9\"> <iframe title=\"Dr. David Azouz Mommy Makeover Kim Top Docs of DFW\" class=\"embed-responsive-item lazyload\" data-src=\"https:\/\/www.youtube.com\/embed\/DsZ9oyLw12w?rel=0\" allowfullscreen referrerpolicy=\"strict-origin-when-cross-origin\" data-load-mode=\"1\"><\/iframe><\/div>\t\t\t\t\t<\/div>\n\t\t\t\t\t\t\t\t\t<div class=\"col-md-6 mb-4\">\n\t\t\t\t\t\t<div class=\"embed-responsive embed-responsive-16by9\"> <iframe title=\"Tummy Tuck with Plastic Surgeon Dr. David Azouz\" class=\"embed-responsive-item lazyload\" data-src=\"https:\/\/www.youtube.com\/embed\/8nB6cyUiYN4?rel=0\" allowfullscreen referrerpolicy=\"strict-origin-when-cross-origin\" data-load-mode=\"1\"><\/iframe><\/div>\t\t\t\t\t<\/div>\n\t\t\t\t\t\t\t<\/div>\n\t\t\n\t\n<h3>Preguntas frecuentes<\/h3>\n<dl id=\"faq-1\" class=\"flc-faq\"><dt id=\"l11\"><button class=\"card-header collapsed d-flex align-items-center w-100 text-left\" data-toggle=\"collapse\" data-target=\"#t11\" aria-expanded=\"false\" aria-controls=\"t11\"><i class=\"ml-1 fas fa-chevron-down\"><\/i> \u00bfQU\u00c9 ES UNA CIRUG\u00cdA DE LIFTING DE CUERPO COMPLETO?<\/button><\/dt><dd id=\"t11\" class=\"m-0 collapse\" aria-labelledby=\"l11\" aria-expanded=\"false\" data-parent=\"#faq-1\"><div class=\"card-body\"><p>Se realiza un levantamiento de cuerpo completo para pacientes que han tenido una p\u00e9rdida de peso masiva y \/ o se encuentran despu\u00e9s de una cirug\u00eda bari\u00e1trica. Un lifting de cuerpo completo generalmente se refiere a la eliminaci\u00f3n del exceso de piel de los brazos, el abdomen, la espalda, los muslos y los senos. El cirujano pl\u00e1stico de Dallas, Dr. David Azouz, recomienda realizar estas cirug\u00edas de eliminaci\u00f3n de piel en etapas.<\/p>\n<\/div><\/dd><dt id=\"l12\"><button class=\"card-header collapsed d-flex align-items-center w-100 text-left\" data-toggle=\"collapse\" data-target=\"#t12\" aria-expanded=\"false\" aria-controls=\"t12\"><i class=\"ml-1 fas fa-chevron-down\"><\/i> \u00bfQU\u00c9 ES UN LIFTING CORPORAL 360?<\/button><\/dt><dd id=\"t12\" class=\"m-0 collapse\" aria-labelledby=\"l12\" aria-expanded=\"false\" data-parent=\"#faq-1\"><div class=\"card-body\"><p>Un estiramiento corporal 360 generalmente se refiere a la extracci\u00f3n de piel del abdomen y la espalda por un cirujano pl\u00e1stico despu\u00e9s de una p\u00e9rdida masiva de peso o una cirug\u00eda bari\u00e1trica.<\/p>\n<\/div><\/dd><dt id=\"l13\"><button class=\"card-header collapsed d-flex align-items-center w-100 text-left\" data-toggle=\"collapse\" data-target=\"#t13\" aria-expanded=\"false\" aria-controls=\"t13\"><i class=\"ml-1 fas fa-chevron-down\"><\/i> \u00bfCU\u00c1L ES EL TIEMPO DE RECUPERACI\u00d3N DE UN LIFTING CORPORAL?<\/button><\/dt><dd id=\"t13\" class=\"m-0 collapse\" aria-labelledby=\"l13\" aria-expanded=\"false\" data-parent=\"#faq-1\"><div class=\"card-body\"><p>La recuperaci\u00f3n de un lifting corporal depende del paciente y de su anatom\u00eda \u00fanica e historial de salud. La mayor\u00eda de los pacientes que se someten a un lifting corporal tardan entre 6 y 8 semanas en volver a la actividad f\u00edsica.<\/p>\n<\/div><\/dd><dt id=\"l14\"><button class=\"card-header collapsed d-flex align-items-center w-100 text-left\" data-toggle=\"collapse\" data-target=\"#t14\" aria-expanded=\"false\" aria-controls=\"t14\"><i class=\"ml-1 fas fa-chevron-down\"><\/i> \u00bfLA CIRUG\u00cdA DE PIEL SUELTA DEJA CICATRICES?<\/button><\/dt><dd id=\"t14\" class=\"m-0 collapse\" aria-labelledby=\"l14\" aria-expanded=\"false\" data-parent=\"#faq-1\"><div class=\"card-body\"><p>La cirug\u00eda de piel suelta deja cicatrices, pero a trav\u00e9s de t\u00e9cnicas avanzadas de cirug\u00eda pl\u00e1stica, estas cicatrices quedan ocultas en los pliegues naturales de la piel y en \u00e1reas que pueden ocultarse en la ropa interior y con la ropa.<\/p>\n<\/div><\/dd><dt id=\"l15\"><button class=\"card-header collapsed d-flex align-items-center w-100 text-left\" data-toggle=\"collapse\" data-target=\"#t15\" aria-expanded=\"false\" aria-controls=\"t15\"><i class=\"ml-1 fas fa-chevron-down\"><\/i> \u00bfTENDR\u00c9 LA PIEL FLOJA DESPU\u00c9S DE PERDER 50 LIBRAS? \u00bfTENDR\u00c9 PIEL FL\u00c1CIDA SI PIERDO PESO?<\/button><\/dt><dd id=\"t15\" class=\"m-0 collapse\" aria-labelledby=\"l15\" aria-expanded=\"false\" data-parent=\"#faq-1\"><div class=\"card-body\"><p>Los pacientes que se someten a una p\u00e9rdida de peso masiva con cirug\u00eda bari\u00e1trica o por otros medios a menudo tienen flacidez y exceso de piel. El exceso de piel se puede eliminar mediante t\u00e9cnicas de cirug\u00eda pl\u00e1stica como estiramiento facial, estiramiento de senos (mastopexia), abdominoplastia (abdominoplastia), estiramiento de gl\u00fateos, estiramiento de brazos, estiramiento de muslos y con el uso de liposucci\u00f3n.<\/p>\n<\/div><\/dd><dt id=\"l16\"><button class=\"card-header collapsed d-flex align-items-center w-100 text-left\" data-toggle=\"collapse\" data-target=\"#t16\" aria-expanded=\"false\" aria-controls=\"t16\"><i class=\"ml-1 fas fa-chevron-down\"><\/i> \u00bfUN LEVANTAMIENTO DE LA PARTE INFERIOR DEL CUERPO INCLUYE MUSLOS?<\/button><\/dt><dd id=\"t16\" class=\"m-0 collapse\" aria-labelledby=\"l16\" aria-expanded=\"false\" data-parent=\"#faq-1\"><div class=\"card-body\"><p>Un estiramiento de la parte inferior del cuerpo generalmente incluye tirar hacia arriba de la piel de los muslos para proporcionar un mejor contorno. La mejora de los muslos es moderada y un lifting completo de muslos puede eliminar a\u00fan m\u00e1s el exceso de piel.<\/p>\n<\/div><\/dd><\/dl>\n","protected":false},"excerpt":{"rendered":"<p>Generalmente, se realiza un lifting corporal en Dallas despu\u00e9s de una p\u00e9rdida significativa de peso para eliminar<br \/><a href=\"https:\/\/www.drazouz.com\/es\/body-lift-after-weight-loss\/\" class=\"btn btn-blue mt-3\">Sigue leyendo<\/a><\/p>\n","protected":false},"author":1,"featured_media":8176,"parent":3798,"menu_order":0,"comment_status":"closed","ping_status":"closed","template":"template-builder.php","meta":{"_acf_changed":false,"footnotes":""},"class_list":["post-3913","page","type-page","status-publish","has-post-thumbnail"],"acf":[],"yoast_head":"<!-- This site is optimized with the Yoast SEO plugin v27.4 - https:\/\/yoast.com\/product\/yoast-seo-wordpress\/ -->\n<title>Levantamiento Corporal 360 en Dallas | Principal Cirujano Pl\u00e1stico Dr. Azouz<\/title>\n<meta name=\"description\" content=\"Aprieta la piel floja despu\u00e9s de la p\u00e9rdida de peso con un levantamiento corporal 360 en Dallas. El Dr. Azouz ofrece cirug\u00eda pl\u00e1stica experta para esculpir y tonificar el cuerpo.\" \/>\n<meta name=\"robots\" content=\"index, follow, max-snippet:-1, max-image-preview:large, max-video-preview:-1\" \/>\n<link rel=\"canonical\" href=\"https:\/\/www.drazouz.com\/es\/body-lift-after-weight-loss\/\" \/>\n<meta property=\"og:locale\" content=\"es_ES\" \/>\n<meta property=\"og:type\" content=\"article\" \/>\n<meta property=\"og:title\" content=\"Levantamiento Corporal 360 en Dallas | Principal Cirujano Pl\u00e1stico Dr. Azouz\" \/>\n<meta property=\"og:description\" content=\"Aprieta la piel floja despu\u00e9s de la p\u00e9rdida de peso con un levantamiento corporal 360 en Dallas. El Dr. Azouz ofrece cirug\u00eda pl\u00e1stica experta para esculpir y tonificar el cuerpo.\" \/>\n<meta property=\"og:url\" content=\"https:\/\/www.drazouz.com\/es\/body-lift-after-weight-loss\/\" \/>\n<meta property=\"og:site_name\" content=\"Azouz Cirug\u00eda Pl\u00e1stica y Est\u00e9tica\" \/>\n<meta property=\"article:modified_time\" content=\"2025-04-10T17:40:46+00:00\" \/>\n<meta property=\"og:image\" content=\"https:\/\/www.drazouz.com\/wp-content\/uploads\/2023\/12\/Body-Lift-After-Weigh-Loss.jpg\" \/>\n<meta name=\"twitter:card\" content=\"summary_large_image\" \/>\n<meta name=\"twitter:image\" content=\"https:\/\/www.drazouz.com\/wp-content\/uploads\/2023\/12\/Body-Lift-After-Weigh-Loss.jpg\" \/>\n<meta name=\"twitter:label1\" content=\"Tiempo de lectura\" \/>\n\t<meta name=\"twitter:data1\" content=\"3 minutos\" \/>\n<!-- \/ Yoast SEO plugin. -->","yoast_head_json":{"title":"Levantamiento Corporal 360 en Dallas | Principal Cirujano Pl\u00e1stico Dr. Azouz","description":"Aprieta la piel floja despu\u00e9s de la p\u00e9rdida de peso con un levantamiento corporal 360 en Dallas. El Dr. Azouz ofrece cirug\u00eda pl\u00e1stica experta para esculpir y tonificar el cuerpo.","robots":{"index":"index","follow":"follow","max-snippet":"max-snippet:-1","max-image-preview":"max-image-preview:large","max-video-preview":"max-video-preview:-1"},"canonical":"https:\/\/www.drazouz.com\/es\/body-lift-after-weight-loss\/","og_locale":"es_ES","og_type":"article","og_title":"Levantamiento Corporal 360 en Dallas | Principal Cirujano Pl\u00e1stico Dr. Azouz","og_description":"Aprieta la piel floja despu\u00e9s de la p\u00e9rdida de peso con un levantamiento corporal 360 en Dallas. El Dr. Azouz ofrece cirug\u00eda pl\u00e1stica experta para esculpir y tonificar el cuerpo.","og_url":"https:\/\/www.drazouz.com\/es\/body-lift-after-weight-loss\/","og_site_name":"Azouz Cirug\u00eda Pl\u00e1stica y Est\u00e9tica","article_modified_time":"2025-04-10T17:40:46+00:00","og_image":[{"url":"https:\/\/www.drazouz.com\/wp-content\/uploads\/2023\/12\/Body-Lift-After-Weigh-Loss.jpg","type":"","width":"","height":""}],"twitter_card":"summary_large_image","twitter_image":"https:\/\/www.drazouz.com\/wp-content\/uploads\/2023\/12\/Body-Lift-After-Weigh-Loss.jpg","twitter_misc":{"Tiempo de lectura":"3 minutos"},"schema":{"@context":"https:\/\/schema.org","@graph":[{"@type":"WebPage","@id":"https:\/\/www.drazouz.com\/es\/body-lift-after-weight-loss\/","url":"https:\/\/www.drazouz.com\/es\/body-lift-after-weight-loss\/","name":"Levantamiento Corporal 360 en Dallas | Principal Cirujano Pl\u00e1stico Dr. Azouz","isPartOf":{"@id":"https:\/\/www.drazouz.com\/es\/#website"},"primaryImageOfPage":{"@id":"https:\/\/www.drazouz.com\/es\/body-lift-after-weight-loss\/#primaryimage"},"image":{"@id":"https:\/\/www.drazouz.com\/es\/body-lift-after-weight-loss\/#primaryimage"},"thumbnailUrl":"https:\/\/www.drazouz.com\/wp-content\/uploads\/2023\/12\/Body-Lift-After-Weigh-Loss.jpg","datePublished":"2022-07-26T22:23:01+00:00","dateModified":"2025-04-10T17:40:46+00:00","description":"Aprieta la piel floja despu\u00e9s de la p\u00e9rdida de peso con un levantamiento corporal 360 en Dallas. El Dr. Azouz ofrece cirug\u00eda pl\u00e1stica experta para esculpir y tonificar el cuerpo.","breadcrumb":{"@id":"https:\/\/www.drazouz.com\/es\/body-lift-after-weight-loss\/#breadcrumb"},"inLanguage":"es","potentialAction":[{"@type":"ReadAction","target":["https:\/\/www.drazouz.com\/es\/body-lift-after-weight-loss\/"]}]},{"@type":"ImageObject","inLanguage":"es","@id":"https:\/\/www.drazouz.com\/es\/body-lift-after-weight-loss\/#primaryimage","url":"https:\/\/www.drazouz.com\/wp-content\/uploads\/2023\/12\/Body-Lift-After-Weigh-Loss.jpg","contentUrl":"https:\/\/www.drazouz.com\/wp-content\/uploads\/2023\/12\/Body-Lift-After-Weigh-Loss.jpg","width":1920,"height":820,"caption":"woman holding flabby skin on a fat belly"},{"@type":"BreadcrumbList","@id":"https:\/\/www.drazouz.com\/es\/body-lift-after-weight-loss\/#breadcrumb","itemListElement":[{"@type":"ListItem","position":1,"name":"Home","item":"https:\/\/www.drazouz.com\/es\/"},{"@type":"ListItem","position":2,"name":"Procedimientos","item":"https:\/\/www.drazouz.com\/es\/procedimientos\/"},{"@type":"ListItem","position":3,"name":"Cuerpo","item":"https:\/\/www.drazouz.com\/es\/body\/"},{"@type":"ListItem","position":4,"name":"Lifting Corporal Despu\u00e9s de la P\u00e9rdida de Peso"}]},{"@type":"WebSite","@id":"https:\/\/www.drazouz.com\/es\/#website","url":"https:\/\/www.drazouz.com\/es\/","name":"Azouz Cirug\u00eda Pl\u00e1stica y Est\u00e9tica","description":"","potentialAction":[{"@type":"SearchAction","target":{"@type":"EntryPoint","urlTemplate":"https:\/\/www.drazouz.com\/es\/?s={search_term_string}"},"query-input":{"@type":"PropertyValueSpecification","valueRequired":true,"valueName":"search_term_string"}}],"inLanguage":"es"}]}},"_links":{"self":[{"href":"https:\/\/www.drazouz.com\/es\/wp-json\/wp\/v2\/pages\/3913","targetHints":{"allow":["GET"]}}],"collection":[{"href":"https:\/\/www.drazouz.com\/es\/wp-json\/wp\/v2\/pages"}],"about":[{"href":"https:\/\/www.drazouz.com\/es\/wp-json\/wp\/v2\/types\/page"}],"author":[{"embeddable":true,"href":"https:\/\/www.drazouz.com\/es\/wp-json\/wp\/v2\/users\/1"}],"replies":[{"embeddable":true,"href":"https:\/\/www.drazouz.com\/es\/wp-json\/wp\/v2\/comments?post=3913"}],"version-history":[{"count":9,"href":"https:\/\/www.drazouz.com\/es\/wp-json\/wp\/v2\/pages\/3913\/revisions"}],"predecessor-version":[{"id":21568,"href":"https:\/\/www.drazouz.com\/es\/wp-json\/wp\/v2\/pages\/3913\/revisions\/21568"}],"up":[{"embeddable":true,"href":"https:\/\/www.drazouz.com\/es\/wp-json\/wp\/v2\/pages\/3798"}],"wp:featuredmedia":[{"embeddable":true,"href":"https:\/\/www.drazouz.com\/es\/wp-json\/wp\/v2\/media\/8176"}],"wp:attachment":[{"href":"https:\/\/www.drazouz.com\/es\/wp-json\/wp\/v2\/media?parent=3913"}],"curies":[{"name":"wp","href":"https:\/\/api.w.org\/{rel}","templated":true}]}}