{"id":3909,"date":"2022-07-26T17:10:55","date_gmt":"2022-07-26T22:10:55","guid":{"rendered":"https:\/\/www.drazouz.com\/?page_id=3909"},"modified":"2025-01-20T09:15:36","modified_gmt":"2025-01-20T14:15:36","slug":"cambio-de-imagen-de-la-mama","status":"publish","type":"page","link":"https:\/\/www.drazouz.com\/es\/mommy-makeover\/","title":{"rendered":"Cambio de Imagen de la Mam\u00e1"},"content":{"rendered":"<p>Un cambio de imagen de mam\u00e1 en Dallas puede ser un <a href=\"https:\/\/www.drazouz.com\/es\/body\/\">procedimiento que cambia la vida<\/a> de muchas madres que necesitan ayuda para restaurar su figura despu\u00e9s del embarazo. Durante el embarazo, su cuerpo sufre muchos cambios dram\u00e1ticos y no a todas las mujeres les resulta f\u00e1cil recuperar su figura anterior a la maternidad.<\/p>\n<h2>\u00bfSoy candidata para un cambio de imagen de mam\u00e1?<\/h2>\n<p>Las mujeres despu\u00e9s del embarazo son candidatas ideales para un cambio de imagen de mam\u00e1 para restaurar la forma de su silueta. Los cambios atribuidos a que el cuerpo se adapta al crecimiento del beb\u00e9 durante nueve meses podr\u00edan hacer que las mujeres se sientan inc\u00f3modas y cohibidas por la p\u00e9rdida de volumen de los senos, la piel demasiado estirada y la panza fl\u00e1cida.<\/p>\n<p>Muchas mujeres pueden perder peso despu\u00e9s del embarazo; sin embargo, la p\u00e9rdida de peso no puede corregir la laxitud de la piel o la sobrecarga de los m\u00fasculos. Es m\u00e1s frustrante cuando estas preocupaciones cosm\u00e9ticas no se pueden corregir con dieta y ejercicio, dejando que la cirug\u00eda sea la \u00fanica opci\u00f3n para una soluci\u00f3n completa. Se recomienda que decida someterse a la cirug\u00eda solo cuando sienta que ha terminado de tener hijos. Este momento del procedimiento marca la diferencia en la longevidad de sus resultados.<\/p>\n<h2>Beneficios de Mommy Makeover<\/h2>\n<p>Despu\u00e9s de un procedimiento de cambio de imagen de mam\u00e1, las mujeres:<\/p>\n<ul>\n<li>Mejora un vientre protuberante y senos desinflados.<\/li>\n<li>Elimina la piel suelta y las estr\u00edas elimina los restos de grasa rebeldes<\/li>\n<li>Obtuvo una figura de reloj de arena.<\/li>\n<li>Aplanar su abdomen<\/li>\n<li>Mejora los michelines<\/li>\n<li>La cirug\u00eda combinada de extracci\u00f3n de tejido mamario lateral permite una recuperaci\u00f3n<\/li>\n<li>Una silueta m\u00e1s juvenil<\/li>\n<li>Levantar los senos ca\u00eddos<\/li>\n<\/ul>\n<h2>Que esperar durante tu cambio de imagen para mam\u00e1s en Dallas<\/h2>\n<p>El cambio de imagen de mam\u00e1 en Dallas es un procedimiento altamente personalizado y var\u00eda de un paciente a otro. Algunas mujeres optan por una combinaci\u00f3n de abdominoplastia y liposucci\u00f3n Para tratar la piel suelta y el exceso de grasa en su est\u00f3mago. Si est\u00e1s interesado en un procedimiento de contorno corporal o una abdominoplastia, es importante que est\u00e9 dentro de 15 lbs. de su peso ideal. Esto se debe a que ninguno de los procedimientos est\u00e1 destinado a actuar como un procedimiento de p\u00e9rdida de peso dr\u00e1stico. Otras mujeres quieren una combinaci\u00f3n de implantes mamarios y \/ o un Levantamiento de senos para senos elevados y m\u00e1s llenos. Esto se debe a que muchas mujeres ven una fluctuaci\u00f3n en el tama\u00f1o de los senos durante el proceso previo y posterior al embarazo. Una vez que los senos crecen y se encogen en un corto per\u00edodo de tiempo, la piel puede estirarse por el estr\u00e9s adicional. Otros procedimientos com\u00fanmente asociados con el cambio de imagen de mam\u00e1 incluyen la abdominoplastia para tensar los m\u00fasculos abdominales y reducir el tama\u00f1o de la cintura. Reducci\u00f3n de senos, y labioplastia.<\/p>\n<p>El cirujano pl\u00e1stico de Dallas, Dr. Azouz, escuchar\u00e1 sus inquietudes est\u00e9ticas y le brindar\u00e1 recomendaciones para ayudarlo a alcanzar sus metas deseadas. Cada mujer experimenta el embarazo y el parto de manera diferente y con esas diferencias en la anatom\u00eda, no hay dos mujeres que tengan la misma consulta y plan de tratamiento.<\/p>\n<h2>Anestesia utilizada durante el cambio de imagen de mam\u00e1<\/h2>\n<p><img decoding=\"async\" src=\"https:\/\/www.drazouz.com\/wp-content\/uploads\/2022\/08\/Abdominaplasty-in-Dallas-Dr.-Azouz-scaled-1.jpg\" alt=\"woman body\" class=\"alignright\" width=\"400\" \/><\/p>\n<p>La anestesia que usa el Dr. Azouz mientras realiza un \u00abcambio de imagen de mam\u00e1\u00bb suele ser una combinaci\u00f3n de sedaci\u00f3n y anestesia local. Con el uso de una combinaci\u00f3n de sedaci\u00f3n local y, los pacientes del Dr. Azouz tienden a tener un tiempo de recuperaci\u00f3n posoperatorio m\u00e1s r\u00e1pido con menos n\u00e1useas posoperatorias.<\/p>\n<h2>Recuperaci\u00f3n del cambio de imagen de mam\u00e1<\/h2>\n<p>Despu\u00e9s de su cambio de imagen de mam\u00e1 en Dallas, la mayor\u00eda de los pacientes necesitan entre tres y cuatro semanas para recuperarse. Esto var\u00eda seg\u00fan los procedimientos seleccionados y su proceso de curaci\u00f3n natural. Durante su consulta, el Dr. Azouz le brindar\u00e1 m\u00e1s informaci\u00f3n sobre las instrucciones espec\u00edficas de cuidados posteriores y el tiempo de recuperaci\u00f3n. Tambi\u00e9n es importante continuar con una dieta saludable y una rutina de ejercicios para mantener los resultados durante los pr\u00f3ximos a\u00f1os.<\/p>\n<h2>Combinaci\u00f3n de cirug\u00edas pl\u00e1sticas en un procedimiento de cambio de imagen de mam\u00e1<\/h2>\n<p>Un procedimiento de cambio de imagen para mam\u00e1s aborda diferentes necesidades est\u00e9ticas, las mujeres pueden elegir diferentes procedimientos de cirug\u00edas pl\u00e1sticas para realizar durante un cambio de imagen para mam\u00e1s, que incluyen:<\/p>\n<ul>\n<li><a href=\"https:\/\/www.drazouz.com\/es\/breast-augmentation\/\">Aumento de senos<\/a><\/li>\n<li><a href=\"https:\/\/www.drazouz.com\/es\/breast-lift\/\">Levantamiento de senos<\/a><\/li>\n<li><a href=\"https:\/\/www.drazouz.com\/es\/eyelid-surgery\/\">Cirug\u00eda de p\u00e1rpado<\/a><\/li>\n<li><a href=\"https:\/\/www.drazouz.com\/es\/facelift\/\">Estiramiento facial<\/a><\/li>\n<li><a href=\"https:\/\/www.drazouz.com\/es\/neck-lift\/\">Estiramiento de cuello<\/a><\/li>\n<li><a href=\"https:\/\/www.drazouz.com\/es\/tummy-tuck-in-dallas\/\">La Abdominoplastia<\/a><\/li>\n<li><a href=\"https:\/\/www.drazouz.com\/es\/liposuction\/\">Liposucci\u00f3n<\/a><\/li>\n<li>Transferencia de grasa<\/li>\n<li><a href=\"https:\/\/www.drazouz.com\/es\/labiaplasty\/\">Labioplastia<\/a><\/li>\n<\/ul>\n<h2>Cambio de mami el costo<\/h2>\n<p>El costo de un cambio de imagen de mam\u00e1 depende de los objetivos y necesidades del paciente. La combinaci\u00f3n de la cirug\u00eda de mama y abdominal permite una recuperaci\u00f3n y puede reducir el costo total de la cirug\u00eda, minimizando los gastos de anestesia y quir\u00f3fano. El Dr. Azouz tambi\u00e9n ofrece diferentes opciones de financiamiento para sus pacientes.<\/p>\n<h2>Resultados del cambio de imagen de mam\u00e1<\/h2>\n<p>Los resultados finales de un cambio de imagen de mam\u00e1 aparecer\u00e1n despu\u00e9s de unos meses. El paciente habr\u00e1 recuperado su cuerpo despu\u00e9s del parto, mejorado su silueta, sinti\u00e9ndose seguro nuevamente.<\/p>\n<h2>Programe su consulta con el Dr. Azouz<\/h2>\n<p>Si considera un cambio de imagen de mam\u00e1 para ayudarlo a regresar a su antiguo yo, comun\u00edquese con Azouz Plastic and Cosmetic Surgery en Dallas hoy para <a title=\"Contact Azouz Cosmetic &amp; Plastic Surgery in Dallas TX\" href=\"https:\/\/www.drazouz.com\/es\/contact\/\"><em><strong>Programe su consulta<\/strong><\/em><\/a> llamando al <a href=\"tel:9727028888\" class=\"phone_anchor \" aria-label=\"ll\u00e1manos (972) 702-8888\">(972) 702-8888<\/a>. El Dr. Azouz le brindar\u00e1 sus recomendaciones basadas en sus inquietudes cosm\u00e9ticas particulares. Su objetivo principal es ayudarla a retroceder el tiempo y restaurar su cuerpo antes del embarazo y su autoestima.<\/p>\n<h3>VIDEOS DE CUERPO<\/h3>\n\n\t\t\t\t\t<div class=\"row\">\n\t\t\t\t\t\t\t\t\t<div class=\"col-md-6 mb-4\">\n\t\t\t\t\t\t<div class=\"embed-responsive embed-responsive-16by9\"> <iframe title=\"Total Body Liposuction Plastic Surgeon Dr. David Azouz\" class=\"embed-responsive-item lazyload\" data-src=\"https:\/\/www.youtube.com\/embed\/uB6yEsHDc-0?rel=0\" allowfullscreen referrerpolicy=\"strict-origin-when-cross-origin\" data-load-mode=\"1\"><\/iframe><\/div>\t\t\t\t\t<\/div>\n\t\t\t\t\t\t\t\t\t<div class=\"col-md-6 mb-4\">\n\t\t\t\t\t\t<div class=\"embed-responsive embed-responsive-16by9\"> <iframe title=\"Tummy Tuck after Gastric Bypass Surgery with Plastic Surgeon Dr. David Azouz\" class=\"embed-responsive-item lazyload\" data-src=\"https:\/\/www.youtube.com\/embed\/gJiu4lMIpj4?rel=0\" allowfullscreen referrerpolicy=\"strict-origin-when-cross-origin\" data-load-mode=\"1\"><\/iframe><\/div>\t\t\t\t\t<\/div>\n\t\t\t\t\t\t\t\t\t<div class=\"col-md-6 mb-4\">\n\t\t\t\t\t\t<div class=\"embed-responsive embed-responsive-16by9\"> <iframe title=\"Dr. David Azouz Mommy Makeover Kim Top Docs of DFW\" class=\"embed-responsive-item lazyload\" data-src=\"https:\/\/www.youtube.com\/embed\/DsZ9oyLw12w?rel=0\" allowfullscreen referrerpolicy=\"strict-origin-when-cross-origin\" data-load-mode=\"1\"><\/iframe><\/div>\t\t\t\t\t<\/div>\n\t\t\t\t\t\t\t\t\t<div class=\"col-md-6 mb-4\">\n\t\t\t\t\t\t<div class=\"embed-responsive embed-responsive-16by9\"> <iframe title=\"Tummy Tuck with Plastic Surgeon Dr. David Azouz\" class=\"embed-responsive-item lazyload\" data-src=\"https:\/\/www.youtube.com\/embed\/8nB6cyUiYN4?rel=0\" allowfullscreen referrerpolicy=\"strict-origin-when-cross-origin\" data-load-mode=\"1\"><\/iframe><\/div>\t\t\t\t\t<\/div>\n\t\t\t\t\t\t\t<\/div>\n\t\t\n\t\n<h3>Preguntas Frecuentes<\/h3>\n<dl id=\"faq-1\" class=\"flc-faq\"><dt id=\"l11\"><button class=\"card-header collapsed d-flex align-items-center w-100 text-left\" data-toggle=\"collapse\" data-target=\"#t11\" aria-expanded=\"false\" aria-controls=\"t11\"><i class=\"ml-1 fas fa-chevron-down\"><\/i> \u00bfPIERDES PESO DESPU\u00c9S DE UN CAMBIO DE IMAGEN DE MAM\u00c1?<\/button><\/dt><dd id=\"t11\" class=\"m-0 collapse\" aria-labelledby=\"l11\" aria-expanded=\"false\" data-parent=\"#faq-1\"><div class=\"card-body\"><p>La cantidad de p\u00e9rdida de peso para un cambio de imagen de mam\u00e1 es muy variable. Los pacientes que se someten a una abdominoplastia pueden perder hasta 20-30 libras en algunos casos.<\/p>\n<\/div><\/dd><dt id=\"l12\"><button class=\"card-header collapsed d-flex align-items-center w-100 text-left\" data-toggle=\"collapse\" data-target=\"#t12\" aria-expanded=\"false\" aria-controls=\"t12\"><i class=\"ml-1 fas fa-chevron-down\"><\/i> \u00bfCU\u00c1NTOS TAMA\u00d1OS PIERDES CON UNA ABDOMINOPLASTIA?<\/button><\/dt><dd id=\"t12\" class=\"m-0 collapse\" aria-labelledby=\"l12\" aria-expanded=\"false\" data-parent=\"#faq-1\"><div class=\"card-body\"><p>La reducci\u00f3n de tama\u00f1o despu\u00e9s de una abdominoplastia es muy variable. Algunos pacientes pueden bajar de cuatro a seis tallas de vestido despu\u00e9s de una abdominoplastia.<\/p>\n<\/div><\/dd><dt id=\"l13\"><button class=\"card-header collapsed d-flex align-items-center w-100 text-left\" data-toggle=\"collapse\" data-target=\"#t13\" aria-expanded=\"false\" aria-controls=\"t13\"><i class=\"ml-1 fas fa-chevron-down\"><\/i> \u00bfTENGO QUE PERDER PESO ANTES DE UN CAMBIO DE IMAGEN DE MAM\u00c1?<\/button><\/dt><dd id=\"t13\" class=\"m-0 collapse\" aria-labelledby=\"l13\" aria-expanded=\"false\" data-parent=\"#faq-1\"><div class=\"card-body\"><p>La p\u00e9rdida de peso despu\u00e9s de un cambio de imagen para mam\u00e1s depende en gran medida del peso del paciente. El Dr. Azouz puede realizar un cambio de imagen de mam\u00e1 en pacientes que tienen un peso estable durante seis meses.<\/p>\n<\/div><\/dd><dt id=\"l14\"><button class=\"card-header collapsed d-flex align-items-center w-100 text-left\" data-toggle=\"collapse\" data-target=\"#t14\" aria-expanded=\"false\" aria-controls=\"t14\"><i class=\"ml-1 fas fa-chevron-down\"><\/i> \u00bfME VOY A CASA EL MISMO D\u00cdA DESPU\u00c9S DE UN CAMBIO DE IMAGEN DE MAM\u00c1?<\/button><\/dt><dd id=\"t14\" class=\"m-0 collapse\" aria-labelledby=\"l14\" aria-expanded=\"false\" data-parent=\"#faq-1\"><div class=\"card-body\"><p>En general, un cambio de imagen de mam\u00e1 se considera una cirug\u00eda de d\u00eda cuando lo realiza el Dr. Azouz.<\/p>\n<\/div><\/dd><dt id=\"l15\"><button class=\"card-header collapsed d-flex align-items-center w-100 text-left\" data-toggle=\"collapse\" data-target=\"#t15\" aria-expanded=\"false\" aria-controls=\"t15\"><i class=\"ml-1 fas fa-chevron-down\"><\/i> \u00bfCU\u00c1NTO TIEMPO SE TARDA EN RECUPERARSE DE UN CAMBIO DE IMAGEN DE MAM\u00c1?<\/button><\/dt><dd id=\"t15\" class=\"m-0 collapse\" aria-labelledby=\"l15\" aria-expanded=\"false\" data-parent=\"#faq-1\"><div class=\"card-body\"><p>La recuperaci\u00f3n despu\u00e9s de un procedimiento de cambio de imagen de mam\u00e1 es generalmente de cuatro a seis semanas. Dicho esto, la mayor\u00eda de los pacientes pueden volver al trabajo de escritorio ligero dentro de una semana de su procedimiento.<\/p>\n<\/div><\/dd><dt id=\"l16\"><button class=\"card-header collapsed d-flex align-items-center w-100 text-left\" data-toggle=\"collapse\" data-target=\"#t16\" aria-expanded=\"false\" aria-controls=\"t16\"><i class=\"ml-1 fas fa-chevron-down\"><\/i> \u00bfCU\u00c1NTAS CIRUG\u00cdAS PL\u00c1STICAS SE PUEDEN REALIZAR A LA VEZ?<\/button><\/dt><dd id=\"t16\" class=\"m-0 collapse\" aria-labelledby=\"l16\" aria-expanded=\"false\" data-parent=\"#faq-1\"><div class=\"card-body\"><p>La cantidad de procedimientos de cirug\u00eda pl\u00e1stica que se pueden realizar en combinaci\u00f3n depende de los tipos de procedimientos y de la salud general del paciente. Los procedimientos combinados se pueden discutir durante su consulta con el Dr. Azouz.<\/p>\n<\/div><\/dd><dt id=\"l17\"><button class=\"card-header collapsed d-flex align-items-center w-100 text-left\" data-toggle=\"collapse\" data-target=\"#t17\" aria-expanded=\"false\" aria-controls=\"t17\"><i class=\"ml-1 fas fa-chevron-down\"><\/i> \u00bfC\u00d3MO TE PREPARAS PARA UN CAMBIO DE IMAGEN DE MAM\u00c1?<\/button><\/dt><dd id=\"t17\" class=\"m-0 collapse\" aria-labelledby=\"l17\" aria-expanded=\"false\" data-parent=\"#faq-1\"><div class=\"card-body\"><p>Previo a cualquier procedimiento con el Dr. Azouz recomienda evitar el consumo de alcohol y el uso de productos con nicotina. El Dr. Azouz le aconsejar\u00e1 qu\u00e9 suplementos y medicamentos debe suspender antes de su procedimiento. El Dr. Azouz lo guiar\u00e1 en qu\u00e9 prendas necesitar\u00e1 para su procedimiento y recuperaci\u00f3n.<\/p>\n<\/div><\/dd><\/dl>\n<h3>Revisi\u00f3n del paciente Mommy Makeover para el Dr. Azouz<\/h3>\n<blockquote><p>\u201cNo podr\u00eda haber pedido una mejor atenci\u00f3n al Dr. David Azouz y al Dr. Sol Azouz. Tuve una cirug\u00eda de revisi\u00f3n de reducci\u00f3n de senos, una abdominoplastia, liposucci\u00f3n y reparaci\u00f3n de hernia, todo despu\u00e9s de 2.5 a\u00f1os despu\u00e9s de <span class=\"truncated-text\">haberme ni\u00f1os gemelos. Mi dolor el d\u00eda de la cirug\u00eda y despu\u00e9s de la cirug\u00eda ha sido m\u00ednimo o nulo, y seis semanas despu\u00e9s de la cirug\u00eda estoy muy feliz. Recomiendo de todo coraz\u00f3n y con entusiasmo al Dr. David Azouz y al Dr. Sol Azouz\u201d <\/span><\/p><\/blockquote>\n<p><a href=\"https:\/\/www.vitals.com\/doctors\/Dr_David_Azouz\/reviews?page=4&amp;sort=updated_at_dt%20desc\" target=\"_blank\" rel=\"noopener\">Leer m\u00e1s rese\u00f1as de pacientes sobre el Dr. Azouz<\/a><\/p>\n","protected":false},"excerpt":{"rendered":"<p>Un cambio de imagen de mam\u00e1 en Dallas puede ser un procedimiento que cambia la vida de<br \/><a href=\"https:\/\/www.drazouz.com\/es\/mommy-makeover\/\" class=\"btn btn-blue mt-3\">Sigue leyendo<\/a><\/p>\n","protected":false},"author":1,"featured_media":8226,"parent":3798,"menu_order":0,"comment_status":"closed","ping_status":"closed","template":"template-builder.php","meta":{"_acf_changed":false,"footnotes":""},"class_list":["post-3909","page","type-page","status-publish","has-post-thumbnail"],"acf":[],"yoast_head":"<!-- This site is optimized with the Yoast SEO plugin v27.4 - https:\/\/yoast.com\/product\/yoast-seo-wordpress\/ -->\n<title>Mommy Makeover Dallas | Plano | Richardson<\/title>\n<meta name=\"description\" content=\"Mommy Makeover combin\u00f3 diferentes cirug\u00edas pl\u00e1sticas. Ideal para mam\u00e1s que desean realzar su figura. Solicite una consulta con el Dr. Azouz. Llame al 972 702 8888\" \/>\n<meta name=\"robots\" content=\"index, follow, max-snippet:-1, max-image-preview:large, max-video-preview:-1\" \/>\n<link rel=\"canonical\" href=\"https:\/\/www.drazouz.com\/es\/mommy-makeover\/\" \/>\n<meta property=\"og:locale\" content=\"es_ES\" \/>\n<meta property=\"og:type\" content=\"article\" \/>\n<meta property=\"og:title\" content=\"Mommy Makeover Dallas | Plano | Richardson\" \/>\n<meta property=\"og:description\" content=\"Mommy Makeover combin\u00f3 diferentes cirug\u00edas pl\u00e1sticas. Ideal para mam\u00e1s que desean realzar su figura. Solicite una consulta con el Dr. Azouz. Llame al 972 702 8888\" \/>\n<meta property=\"og:url\" content=\"https:\/\/www.drazouz.com\/es\/mommy-makeover\/\" \/>\n<meta property=\"og:site_name\" content=\"Azouz Cirug\u00eda Pl\u00e1stica y Est\u00e9tica\" \/>\n<meta property=\"article:modified_time\" content=\"2025-01-20T14:15:36+00:00\" \/>\n<meta property=\"og:image\" content=\"https:\/\/www.drazouz.com\/wp-content\/uploads\/2023\/12\/Mommy-makeover.jpg\" \/>\n<meta name=\"twitter:card\" content=\"summary_large_image\" \/>\n<meta name=\"twitter:image\" content=\"https:\/\/www.drazouz.com\/wp-content\/uploads\/2023\/12\/Mommy-makeover.jpg\" \/>\n<meta name=\"twitter:label1\" content=\"Tiempo de lectura\" \/>\n\t<meta name=\"twitter:data1\" content=\"5 minutos\" \/>\n<!-- \/ Yoast SEO plugin. -->","yoast_head_json":{"title":"Mommy Makeover Dallas | Plano | Richardson","description":"Mommy Makeover combin\u00f3 diferentes cirug\u00edas pl\u00e1sticas. Ideal para mam\u00e1s que desean realzar su figura. Solicite una consulta con el Dr. Azouz. Llame al 972 702 8888","robots":{"index":"index","follow":"follow","max-snippet":"max-snippet:-1","max-image-preview":"max-image-preview:large","max-video-preview":"max-video-preview:-1"},"canonical":"https:\/\/www.drazouz.com\/es\/mommy-makeover\/","og_locale":"es_ES","og_type":"article","og_title":"Mommy Makeover Dallas | Plano | Richardson","og_description":"Mommy Makeover combin\u00f3 diferentes cirug\u00edas pl\u00e1sticas. Ideal para mam\u00e1s que desean realzar su figura. Solicite una consulta con el Dr. Azouz. Llame al 972 702 8888","og_url":"https:\/\/www.drazouz.com\/es\/mommy-makeover\/","og_site_name":"Azouz Cirug\u00eda Pl\u00e1stica y Est\u00e9tica","article_modified_time":"2025-01-20T14:15:36+00:00","og_image":[{"url":"https:\/\/www.drazouz.com\/wp-content\/uploads\/2023\/12\/Mommy-makeover.jpg","type":"","width":"","height":""}],"twitter_card":"summary_large_image","twitter_image":"https:\/\/www.drazouz.com\/wp-content\/uploads\/2023\/12\/Mommy-makeover.jpg","twitter_misc":{"Tiempo de lectura":"5 minutos"},"schema":{"@context":"https:\/\/schema.org","@graph":[{"@type":"WebPage","@id":"https:\/\/www.drazouz.com\/es\/mommy-makeover\/","url":"https:\/\/www.drazouz.com\/es\/mommy-makeover\/","name":"Mommy Makeover Dallas | Plano | Richardson","isPartOf":{"@id":"https:\/\/www.drazouz.com\/es\/#website"},"primaryImageOfPage":{"@id":"https:\/\/www.drazouz.com\/es\/mommy-makeover\/#primaryimage"},"image":{"@id":"https:\/\/www.drazouz.com\/es\/mommy-makeover\/#primaryimage"},"thumbnailUrl":"https:\/\/www.drazouz.com\/wp-content\/uploads\/2023\/12\/Mommy-makeover.jpg","datePublished":"2022-07-26T22:10:55+00:00","dateModified":"2025-01-20T14:15:36+00:00","description":"Mommy Makeover combin\u00f3 diferentes cirug\u00edas pl\u00e1sticas. Ideal para mam\u00e1s que desean realzar su figura. Solicite una consulta con el Dr. Azouz. Llame al 972 702 8888","breadcrumb":{"@id":"https:\/\/www.drazouz.com\/es\/mommy-makeover\/#breadcrumb"},"inLanguage":"es","potentialAction":[{"@type":"ReadAction","target":["https:\/\/www.drazouz.com\/es\/mommy-makeover\/"]}]},{"@type":"ImageObject","inLanguage":"es","@id":"https:\/\/www.drazouz.com\/es\/mommy-makeover\/#primaryimage","url":"https:\/\/www.drazouz.com\/wp-content\/uploads\/2023\/12\/Mommy-makeover.jpg","contentUrl":"https:\/\/www.drazouz.com\/wp-content\/uploads\/2023\/12\/Mommy-makeover.jpg","width":2420,"height":720,"caption":"Plastic surgery icons"},{"@type":"BreadcrumbList","@id":"https:\/\/www.drazouz.com\/es\/mommy-makeover\/#breadcrumb","itemListElement":[{"@type":"ListItem","position":1,"name":"Home","item":"https:\/\/www.drazouz.com\/es\/"},{"@type":"ListItem","position":2,"name":"Procedimientos","item":"https:\/\/www.drazouz.com\/es\/procedimientos\/"},{"@type":"ListItem","position":3,"name":"Cuerpo","item":"https:\/\/www.drazouz.com\/es\/body\/"},{"@type":"ListItem","position":4,"name":"Cambio de Imagen de la Mam\u00e1"}]},{"@type":"WebSite","@id":"https:\/\/www.drazouz.com\/es\/#website","url":"https:\/\/www.drazouz.com\/es\/","name":"Azouz Cirug\u00eda Pl\u00e1stica y Est\u00e9tica","description":"","potentialAction":[{"@type":"SearchAction","target":{"@type":"EntryPoint","urlTemplate":"https:\/\/www.drazouz.com\/es\/?s={search_term_string}"},"query-input":{"@type":"PropertyValueSpecification","valueRequired":true,"valueName":"search_term_string"}}],"inLanguage":"es"}]}},"_links":{"self":[{"href":"https:\/\/www.drazouz.com\/es\/wp-json\/wp\/v2\/pages\/3909","targetHints":{"allow":["GET"]}}],"collection":[{"href":"https:\/\/www.drazouz.com\/es\/wp-json\/wp\/v2\/pages"}],"about":[{"href":"https:\/\/www.drazouz.com\/es\/wp-json\/wp\/v2\/types\/page"}],"author":[{"embeddable":true,"href":"https:\/\/www.drazouz.com\/es\/wp-json\/wp\/v2\/users\/1"}],"replies":[{"embeddable":true,"href":"https:\/\/www.drazouz.com\/es\/wp-json\/wp\/v2\/comments?post=3909"}],"version-history":[{"count":9,"href":"https:\/\/www.drazouz.com\/es\/wp-json\/wp\/v2\/pages\/3909\/revisions"}],"predecessor-version":[{"id":19643,"href":"https:\/\/www.drazouz.com\/es\/wp-json\/wp\/v2\/pages\/3909\/revisions\/19643"}],"up":[{"embeddable":true,"href":"https:\/\/www.drazouz.com\/es\/wp-json\/wp\/v2\/pages\/3798"}],"wp:featuredmedia":[{"embeddable":true,"href":"https:\/\/www.drazouz.com\/es\/wp-json\/wp\/v2\/media\/8226"}],"wp:attachment":[{"href":"https:\/\/www.drazouz.com\/es\/wp-json\/wp\/v2\/media?parent=3909"}],"curies":[{"name":"wp","href":"https:\/\/api.w.org\/{rel}","templated":true}]}}