{"id":3906,"date":"2022-07-26T16:57:09","date_gmt":"2022-07-26T21:57:09","guid":{"rendered":"https:\/\/www.drazouz.com\/?page_id=3906"},"modified":"2023-12-21T11:49:52","modified_gmt":"2023-12-21T16:49:52","slug":"abdominoplastia-sin-drenaje","status":"publish","type":"page","link":"https:\/\/www.drazouz.com\/es\/drainless-tummy-tuck\/","title":{"rendered":"Abdominoplastia sin Drenaje"},"content":{"rendered":"<p>Una abdominoplastia o abdominoplastia es un <a href=\"https:\/\/www.drazouz.com\/es\/body\/\">procedimiento quir\u00fargico para crear<\/a> un est\u00f3mago m\u00e1s firme, tonificado y plano mediante la eliminaci\u00f3n de grasa, piel y estr\u00edas. Originalmente, las abdominoplastias se realizaban con drenajes Penrose y luego evolucionaron al uso de drenajes de succi\u00f3n de bulbo. Una abdominoplastia sin drenaje utiliza t\u00e9cnicas quir\u00fargicas novedosas, que incluyen suturas para acolchar, pegamento para tejidos y prendas de compresi\u00f3n para eliminar el espacio donde se puede acumular l\u00edquido. Los pacientes disfrutan evitando los drenajes posquir\u00fargicos, ya que los drenajes de abdominoplastia requieren vaciar los bulbos con regularidad, lo que contribuye a aumentar las cicatrices y contribuye al dolor y la incomodidad. El Dr. Azouz realiza rutinariamente lo que se conoce como abdominoplastia sin drenaje en Dallas, ya que desea que sus pacientes tengan la mejor experiencia posible en cirug\u00eda pl\u00e1stica.<\/p>\n<h2>Abdominoplastia regular vs. sin drenaje<\/h2>\n<p><img decoding=\"async\" src=\"https:\/\/www.drazouz.com\/wp-content\/uploads\/2022\/08\/woman-on-stomach.png\" alt=\"smiling lying woman\" class=\"alignright\" \/> Una abdominoplastia sin drenaje permite varias ventajas:<\/p>\n<ul>\n<li>Evita el dolor y el mantenimiento constante asociado a los drenajes.<\/li>\n<li>No requiere que el paciente esconda los desag\u00fces debajo de la ropa.<\/li>\n<li>Elimina un posible sitio de infecci\u00f3n con un desag\u00fce.<\/li>\n<li>Elimina otro sitio por cicatrizaci\u00f3n.<\/li>\n<li>El exceso de grasa y la piel fl\u00e1cida se pueden tratar al mismo tiempo mediante liposucci\u00f3n, incluso en ausencia de drenajes.<\/li>\n<\/ul>\n<h2>\u00bfQui\u00e9n es candidato para una abdominoplastia sin drenaje?<\/h2>\n<p>Tanto hombres como mujeres pueden someterse a una abdominoplastia sin drenaje en Dallas. Los pacientes que tienen piel excesiva con menor elasticidad en el abdomen y que gozan de buena salud en general son buenos candidatos para la abdominoplastia sin drenaje con el Dr. Azouz.<\/p>\n<h2>\u00bfCu\u00e1les son los beneficios de una abdominoplastia sin drenaje?<\/h2>\n<p>Algunos de los beneficios que reportan los pacientes despu\u00e9s de una abdominoplastia sin drenaje con el Dr. Azouz incluyen:<\/p>\n<ul>\n<li>Un est\u00f3mago m\u00e1s plano<\/li>\n<li>Una figura femenina m\u00e1s est\u00e9tica<\/li>\n<li>Eliminaci\u00f3n del exceso de piel<\/li>\n<li>Mejora la postura<\/li>\n<li>Mayor confianza en uno mismo<\/li>\n<\/ul>\n<h2>Un enfoque de Abdominoplastia (Tummy Tuck) para la reparaci\u00f3n de la hernia y la reparaci\u00f3n de Diastasis Recto:<\/h2>\n<p>Una cirug\u00eda est\u00e9tica de abdomen es uno de los procedimientos de cirug\u00eda pl\u00e1stica m\u00e1s populares tanto para mujeres como para hombres y se realiza con frecuencia por Dr. Azouz por s\u00ed solo o con una reparaci\u00f3n de hernia \/ di\u00e1stasis de recto. El Dr. Azouz tambi\u00e9n puede ayudar a pacientes que tienen hernias o di\u00e1stasis despu\u00e9s de una p\u00e9rdida de peso masiva y requieren una levantamiento de cuerpo. Una abdominoplastia tambi\u00e9n puede eliminar las cicatrices de la parte inferior del abdomen debido a una cirug\u00eda previa, como una ces\u00e1rea (ces\u00e1rea), reparaci\u00f3n de hernias, resecci\u00f3n intestinal o apendicectom\u00eda.<\/p>\n<h2>Anestesia utilizada durante una abdominoplastia sin drenaje profesional<\/h2>\n<p>Al realizar un procedimiento de abdominoplastia sin drenaje, el Dr. Azouz usa anestesia local y sedaci\u00f3n. Los pacientes del Dr. Azouz informan que experimentan menos aturdimiento posoperatorio en comparaci\u00f3n con el uso de anestesia general.<\/p>\n<h2>\u00bfCu\u00e1nto tiempo dura la recuperaci\u00f3n de la abdominoplastia sin drenaje?<\/h2>\n<p>La recuperaci\u00f3n de una abdominoplastia sin drenaje var\u00eda entre pacientes y seg\u00fan la cantidad de tejido extra\u00eddo a trav\u00e9s de la abdominoplastia. Los pacientes usan prendas de compresi\u00f3n durante varias semanas despu\u00e9s de la cirug\u00eda para controlar la hinchaz\u00f3n y acelerar todo el proceso de curaci\u00f3n. Por lo general, los pacientes regresan a sus actividades diarias ligeras entre 1 y 2 semanas despu\u00e9s de la cirug\u00eda. El Dr. Azouz personalizar\u00e1 los mejores y m\u00e1s asequibles cinturones, fajas y fajas para que el paciente individual los use despu\u00e9s de una abdominoplastia sin drenaje.<\/p>\n<h2>\u00bfUna abdominoplastia mejora el ombligo (ombligo)?<\/h2>\n<p><img decoding=\"async\" src=\"https:\/\/www.drazouz.com\/wp-content\/uploads\/2022\/08\/body-female.png\" alt=\"woman body\" class=\"alignright\" width=\"280\" \/><\/p>\n<p>Durante una abdominoplastia, el Dr. Azouz reposiciona y recontornea el ombligo (ombligo) para mejorar su forma y ubicaci\u00f3n cosm\u00e9ticas. Las cicatrices se ocultan habitualmente en el ombligo (ombligo). Una umbilicoplastia se realiza de forma rutinaria en una abdominoplastia, pero puede variar seg\u00fan el alcance de la abdominoplastia (mini tummy tuck, tummy tuck completa o tummy tuck \/ lifting corporal extendido). La apariencia ideal del abdomen se ve reforzada por un ombligo cosm\u00e9tico y correctamente posicionado enmarcado por flancos bien contorneados. El Dr. Azouz realiza rutinariamente liposucci\u00f3n con todos los procedimientos de contorno corporal, ya que ofrece resultados m\u00e1s est\u00e9ticos despu\u00e9s.<\/p>\n<h2>Liposucci\u00f3n en combinaci\u00f3n con una abdominoplastia<\/h2>\n<p>El Dr. Azouz usa <a href=\"https:\/\/www.drazouz.com\/es\/liposuction\/\">liposucci\u00f3n<\/a> para eliminar \u00e1reas aisladas de grasa rebelde en el abdomen, flancos y cerca de las caderas. La liposucci\u00f3n ayuda a tonificar y esculpir los contornos abdominales. La liposucci\u00f3n en combinaci\u00f3n con una abdominoplastia puede crear una forma m\u00e1s de reloj de arena en las mujeres y una forma m\u00e1s muscular con una abdominoplastia masculina.<\/p>\n<h2>\u00bfQu\u00e9 procedimientos quir\u00fargicos se pueden combinar con una abdominoplastia sin drenaje?<\/h2>\n<h3>Para mujeres<\/h3>\n<p>A \u00ab<a href=\"https:\/\/www.drazouz.com\/es\/mommy-makeover\/\">maquillaje de mam\u00e1<\/a>\u00bb Consiste en lo siguiente, combinado de forma rutinaria con una abdominoplastia sin drenaje:<\/p>\n<ul>\n<li><a href=\"https:\/\/www.drazouz.com\/es\/breast-augmentation\/\">Aumento de senos<\/a><\/li>\n<li><a href=\"https:\/\/www.drazouz.com\/es\/breast-lift\/\">levantamiento de senos (Mastopexia)<\/a><\/li>\n<li><a href=\"https:\/\/www.drazouz.com\/es\/breast-reduction\/\">Reducci\u00f3n de Senos<\/a><\/li>\n<li><a href=\"https:\/\/www.drazouz.com\/es\/implant-revision-and-replacement\/\">Revisi\u00f3n de implantes mamarios<\/a> (Remoci\u00f3n de la c\u00e1psula: Capsulectom\u00eda total)<\/li>\n<li><a href=\"https:\/\/www.drazouz.com\/es\/breast-implant-removal\/\">Extracci\u00f3n de implantes mamarios<\/a><\/li>\n<li><a href=\"https:\/\/www.drazouz.com\/es\/arm-lift\/\">Levantamiento de brazos (Braquioplastia)<\/a><\/li>\n<li><a href=\"https:\/\/www.drazouz.com\/es\/eyelid-surgery\/\">Cirug\u00eda de p\u00e1rpado (Blefaroplastia)<\/a><\/li>\n<\/ul>\n<h3>Hombres<\/h3>\n<p>Un \u00ab<a href=\"https:\/\/www.drazouz.com\/es\/daddy-do-over-chest-abdomen\/\">Pap\u00e1 Do-Over<\/a>\u00bb o \u00abMuchos cambios de imagen\u00bb consiste en lo siguiente combinado de forma rutinaria con una abdominoplastia masculina sin drenaje:<\/p>\n<ul>\n<li><a href=\"https:\/\/www.drazouz.com\/es\/gynecomastia\/\">Ginecomastia Eliminaci\u00f3n \/ Reducci\u00f3n De Senos Masculinos<\/a><\/li>\n<li><a href=\"https:\/\/www.drazouz.com\/es\/male-eyelid-surgery-blepharoplasty-dallas\/\">Cirug\u00eda de p\u00e1rpado (Blefaroplastia)<\/a><\/li>\n<li><a href=\"https:\/\/www.drazouz.com\/es\/arm-lift\/\">Levantamiento de brazos (Braquioplastia)<\/a><\/li>\n<\/ul>\n<h2>\u00bfCu\u00e1nto cuesta una abdominoplastia sin drenaje?<\/h2>\n<p>El costo de una abdominoplastia var\u00eda entre pacientes dependiendo de sus necesidades individuales. El Dr. Azouz determinar\u00e1 el costo de la cirug\u00eda mediante una evaluaci\u00f3n hist\u00f3rica y f\u00edsica. Muchos pacientes tienen di\u00e1stasis de los m\u00fasculos rectos del abdomen (di\u00e1stasis de los rectos), hernia, estr\u00edas. El Dr. Azouz proporciona a cada paciente un costo personalizado e individualizado.  <a href=\"https:\/\/www.drazouz.com\/es\/fees-insurance\/\">Opciones de financiamiento<\/a> Est\u00e1n disponibles y en ocasiones puede ser posible una cobertura de seguro parcial.<\/p>\n<h2>Programe su consulta con el Dr. Azouz<\/h2>\n<p>Una abdominoplastia puede recontornear el abdomen despu\u00e9s de una p\u00e9rdida de peso significativa, un embarazo o para aquellas personas que tienen una grasa abdominal rebelde que impide sus objetivos de fitness y dieta. Llame al <a href=\"tel:9727028888\" class=\"phone_anchor \" aria-label=\"ll\u00e1manos (972) 702-8888\">(972) 702-8888<\/a> para  <a title=\"Contact Azouz Cosmetic &amp; Plastic Surgery in Dallas TX\" href=\"https:\/\/www.drazouz.com\/es\/contact\/\"><em><strong>Programe su consulta inicial <\/strong><\/em><\/a> con el Dr. Azouz y da el primer paso para conseguir tu cuerpo ideal.<\/p>\n<h3>Videos corporales<\/h3>\n\n\t\t\t\t\t<div class=\"row\">\n\t\t\t\t\t\t\t\t\t<div class=\"col-md-6 mb-4\">\n\t\t\t\t\t\t<div class=\"embed-responsive embed-responsive-16by9\"> <iframe title=\"Total Body Liposuction Plastic Surgeon Dr. David Azouz\" class=\"embed-responsive-item lazyload\" data-src=\"https:\/\/www.youtube.com\/embed\/uB6yEsHDc-0?rel=0\" allowfullscreen referrerpolicy=\"strict-origin-when-cross-origin\" data-load-mode=\"1\"><\/iframe><\/div>\t\t\t\t\t<\/div>\n\t\t\t\t\t\t\t\t\t<div class=\"col-md-6 mb-4\">\n\t\t\t\t\t\t<div class=\"embed-responsive embed-responsive-16by9\"> <iframe title=\"Tummy Tuck after Gastric Bypass Surgery with Plastic Surgeon Dr. David Azouz\" class=\"embed-responsive-item lazyload\" data-src=\"https:\/\/www.youtube.com\/embed\/gJiu4lMIpj4?rel=0\" allowfullscreen referrerpolicy=\"strict-origin-when-cross-origin\" data-load-mode=\"1\"><\/iframe><\/div>\t\t\t\t\t<\/div>\n\t\t\t\t\t\t\t\t\t<div class=\"col-md-6 mb-4\">\n\t\t\t\t\t\t<div class=\"embed-responsive embed-responsive-16by9\"> <iframe title=\"Dr. David Azouz Mommy Makeover Kim Top Docs of DFW\" class=\"embed-responsive-item lazyload\" data-src=\"https:\/\/www.youtube.com\/embed\/DsZ9oyLw12w?rel=0\" allowfullscreen referrerpolicy=\"strict-origin-when-cross-origin\" data-load-mode=\"1\"><\/iframe><\/div>\t\t\t\t\t<\/div>\n\t\t\t\t\t\t\t\t\t<div class=\"col-md-6 mb-4\">\n\t\t\t\t\t\t<div class=\"embed-responsive embed-responsive-16by9\"> <iframe title=\"Tummy Tuck with Plastic Surgeon Dr. David Azouz\" class=\"embed-responsive-item lazyload\" data-src=\"https:\/\/www.youtube.com\/embed\/8nB6cyUiYN4?rel=0\" allowfullscreen referrerpolicy=\"strict-origin-when-cross-origin\" data-load-mode=\"1\"><\/iframe><\/div>\t\t\t\t\t<\/div>\n\t\t\t\t\t\t\t<\/div>\n\t\t\n\t\n<h3>Preguntas Frecuentes<\/h3>\n<dl id=\"faq-1\" class=\"flc-faq\"><dt id=\"l11\"><button class=\"card-header collapsed d-flex align-items-center w-100 text-left\" data-toggle=\"collapse\" data-target=\"#t11\" aria-expanded=\"false\" aria-controls=\"t11\"><i class=\"ml-1 fas fa-chevron-down\"><\/i> \u00bfES SEGURA UNA ABDOMINOPLASTIA SIN DRENAJE?<\/button><\/dt><dd id=\"t11\" class=\"m-0 collapse\" aria-labelledby=\"l11\" aria-expanded=\"false\" data-parent=\"#faq-1\"><div class=\"card-body\"><p>Una abdominoplastia sin drenaje es una operaci\u00f3n segura cuando la realiza un cirujano pl\u00e1stico experimentado como el Dr. Azouz, quien enfatiza la importancia de la mejor atenci\u00f3n preoperatoria, intraoperatoria y postoperatoria.<\/p>\n<\/div><\/dd><dt id=\"l12\"><button class=\"card-header collapsed d-flex align-items-center w-100 text-left\" data-toggle=\"collapse\" data-target=\"#t12\" aria-expanded=\"false\" aria-controls=\"t12\"><i class=\"ml-1 fas fa-chevron-down\"><\/i> \u00bfSIEMPRE TIENE DRENAJES DESPU\u00c9S DE UNA ABDOMINOPLASTIA?<\/button><\/dt><dd id=\"t12\" class=\"m-0 collapse\" aria-labelledby=\"l12\" aria-expanded=\"false\" data-parent=\"#faq-1\"><div class=\"card-body\"><p>No siempre necesita drenajes despu\u00e9s de una abdominoplastia y el Dr. Azouz realiza una abdominoplastia sin drenajes conocida como abdominoplastia sin drenaje.<\/p>\n<\/div><\/dd><dt id=\"l13\"><button class=\"card-header collapsed d-flex align-items-center w-100 text-left\" data-toggle=\"collapse\" data-target=\"#t13\" aria-expanded=\"false\" aria-controls=\"t13\"><i class=\"ml-1 fas fa-chevron-down\"><\/i> \u00bfCU\u00c1NTO TIEMPO QUEDAN LOS DRENAJES DESPU\u00c9S DE LA ABDOMINOPLASTIA?<\/button><\/dt><dd id=\"t13\" class=\"m-0 collapse\" aria-labelledby=\"l13\" aria-expanded=\"false\" data-parent=\"#faq-1\"><div class=\"card-body\"><p>Los drenajes generalmente se dejan colocados entre una y tres semanas despu\u00e9s de una abdominoplastia. El cirujano pl\u00e1stico de Dallas, Dr. David Azouz, se centra en evitar los desag\u00fces.<\/p>\n<\/div><\/dd><dt id=\"l14\"><button class=\"card-header collapsed d-flex align-items-center w-100 text-left\" data-toggle=\"collapse\" data-target=\"#t14\" aria-expanded=\"false\" aria-controls=\"t14\"><i class=\"ml-1 fas fa-chevron-down\"><\/i> \u00bfPUEDES DUCHARTE CON DRENAJES QUIR\u00daRGICOS?<\/button><\/dt><dd id=\"t14\" class=\"m-0 collapse\" aria-labelledby=\"l14\" aria-expanded=\"false\" data-parent=\"#faq-1\"><div class=\"card-body\"><p>Los pacientes pueden ducharse con drenajes quir\u00fargicos despu\u00e9s de una abdominoplastia, pero muchos pacientes encuentran que los drenajes son dolorosos, irritantes y de alto mantenimiento.<\/p>\n<\/div><\/dd><dt id=\"l15\"><button class=\"card-header collapsed d-flex align-items-center w-100 text-left\" data-toggle=\"collapse\" data-target=\"#t15\" aria-expanded=\"false\" aria-controls=\"t15\"><i class=\"ml-1 fas fa-chevron-down\"><\/i> \u00bfES DOLOROSA LA EXTRACCI\u00d3N DEL DRENAJE?<\/button><\/dt><dd id=\"t15\" class=\"m-0 collapse\" aria-labelledby=\"l15\" aria-expanded=\"false\" data-parent=\"#faq-1\"><div class=\"card-body\"><p>La extracci\u00f3n del drenaje no es necesariamente dolorosa cuando la realiza un cirujano pl\u00e1stico. Los drenajes pueden ser dolorosos cuando se han extra\u00eddo accidentalmente.<\/p>\n<\/div><\/dd><dt id=\"l16\"><button class=\"card-header collapsed d-flex align-items-center w-100 text-left\" data-toggle=\"collapse\" data-target=\"#t16\" aria-expanded=\"false\" aria-controls=\"t16\"><i class=\"ml-1 fas fa-chevron-down\"><\/i> \u00bfC\u00d3MO SE SIENTE UN SEROMA DESPU\u00c9S DE UNA ABDOMINOPLASTIA?<\/button><\/dt><dd id=\"t16\" class=\"m-0 collapse\" aria-labelledby=\"l16\" aria-expanded=\"false\" data-parent=\"#faq-1\"><div class=\"card-body\"><p>Un seroma puede sentirse como una ola de l\u00edquido en el abdomen despu\u00e9s de una abdominoplastia. El Dr. Azouz ha ayudado a muchos pacientes que desarrollan seromas despu\u00e9s de una abdominoplastia sin drenaje mediante la realizaci\u00f3n de t\u00e9cnicas de abdominoplastia sin drenaje para revisar los procedimientos realizados por otros proveedores y cirujanos pl\u00e1sticos.<\/p>\n<\/div><\/dd><\/dl>\n","protected":false},"excerpt":{"rendered":"<p>Una abdominoplastia o abdominoplastia es un procedimiento quir\u00fargico para crear un est\u00f3mago m\u00e1s firme, tonificado y plano<br \/><a href=\"https:\/\/www.drazouz.com\/es\/drainless-tummy-tuck\/\" class=\"btn btn-blue mt-3\">Sigue leyendo<\/a><\/p>\n","protected":false},"author":1,"featured_media":8190,"parent":3798,"menu_order":0,"comment_status":"closed","ping_status":"closed","template":"","meta":{"_acf_changed":false,"footnotes":""},"class_list":["post-3906","page","type-page","status-publish","has-post-thumbnail"],"acf":[],"yoast_head":"<!-- This site is optimized with the Yoast SEO plugin v27.4 - https:\/\/yoast.com\/product\/yoast-seo-wordpress\/ -->\n<title>Abdominoplastia sin drenaje l Dr. Azouz Dallas | Plano | Richardson<\/title>\n<meta name=\"description\" content=\"Una abdominoplastia sin drenaje es un procedimiento de cirug\u00eda pl\u00e1stica para crear un est\u00f3mago m\u00e1s apretado, tonificado y plano al eliminar la grasa, la piel y las estr\u00edas sin drenajes.\" \/>\n<meta name=\"robots\" content=\"index, follow, max-snippet:-1, max-image-preview:large, max-video-preview:-1\" \/>\n<link rel=\"canonical\" href=\"https:\/\/www.drazouz.com\/es\/drainless-tummy-tuck\/\" \/>\n<meta property=\"og:locale\" content=\"es_ES\" \/>\n<meta property=\"og:type\" content=\"article\" \/>\n<meta property=\"og:title\" content=\"Abdominoplastia sin drenaje l Dr. Azouz Dallas | Plano | Richardson\" \/>\n<meta property=\"og:description\" content=\"Una abdominoplastia sin drenaje es un procedimiento de cirug\u00eda pl\u00e1stica para crear un est\u00f3mago m\u00e1s apretado, tonificado y plano al eliminar la grasa, la piel y las estr\u00edas sin drenajes.\" \/>\n<meta property=\"og:url\" content=\"https:\/\/www.drazouz.com\/es\/drainless-tummy-tuck\/\" \/>\n<meta property=\"og:site_name\" content=\"Azouz Cirug\u00eda Pl\u00e1stica y Est\u00e9tica\" \/>\n<meta property=\"article:modified_time\" content=\"2023-12-21T16:49:52+00:00\" \/>\n<meta property=\"og:image\" content=\"https:\/\/www.drazouz.com\/wp-content\/uploads\/2023\/12\/Drainless-tummy-tuck.jpg\" \/>\n<meta name=\"twitter:card\" content=\"summary_large_image\" \/>\n<meta name=\"twitter:image\" content=\"https:\/\/www.drazouz.com\/wp-content\/uploads\/2023\/12\/Drainless-tummy-tuck.jpg\" \/>\n<meta name=\"twitter:label1\" content=\"Tiempo de lectura\" \/>\n\t<meta name=\"twitter:data1\" content=\"5 minutos\" \/>\n<!-- \/ Yoast SEO plugin. -->","yoast_head_json":{"title":"Abdominoplastia sin drenaje l Dr. Azouz Dallas | Plano | Richardson","description":"Una abdominoplastia sin drenaje es un procedimiento de cirug\u00eda pl\u00e1stica para crear un est\u00f3mago m\u00e1s apretado, tonificado y plano al eliminar la grasa, la piel y las estr\u00edas sin drenajes.","robots":{"index":"index","follow":"follow","max-snippet":"max-snippet:-1","max-image-preview":"max-image-preview:large","max-video-preview":"max-video-preview:-1"},"canonical":"https:\/\/www.drazouz.com\/es\/drainless-tummy-tuck\/","og_locale":"es_ES","og_type":"article","og_title":"Abdominoplastia sin drenaje l Dr. Azouz Dallas | Plano | Richardson","og_description":"Una abdominoplastia sin drenaje es un procedimiento de cirug\u00eda pl\u00e1stica para crear un est\u00f3mago m\u00e1s apretado, tonificado y plano al eliminar la grasa, la piel y las estr\u00edas sin drenajes.","og_url":"https:\/\/www.drazouz.com\/es\/drainless-tummy-tuck\/","og_site_name":"Azouz Cirug\u00eda Pl\u00e1stica y Est\u00e9tica","article_modified_time":"2023-12-21T16:49:52+00:00","og_image":[{"url":"https:\/\/www.drazouz.com\/wp-content\/uploads\/2023\/12\/Drainless-tummy-tuck.jpg","type":"","width":"","height":""}],"twitter_card":"summary_large_image","twitter_image":"https:\/\/www.drazouz.com\/wp-content\/uploads\/2023\/12\/Drainless-tummy-tuck.jpg","twitter_misc":{"Tiempo de lectura":"5 minutos"},"schema":{"@context":"https:\/\/schema.org","@graph":[{"@type":"WebPage","@id":"https:\/\/www.drazouz.com\/es\/drainless-tummy-tuck\/","url":"https:\/\/www.drazouz.com\/es\/drainless-tummy-tuck\/","name":"Abdominoplastia sin drenaje l Dr. Azouz Dallas | Plano | Richardson","isPartOf":{"@id":"https:\/\/www.drazouz.com\/es\/#website"},"primaryImageOfPage":{"@id":"https:\/\/www.drazouz.com\/es\/drainless-tummy-tuck\/#primaryimage"},"image":{"@id":"https:\/\/www.drazouz.com\/es\/drainless-tummy-tuck\/#primaryimage"},"thumbnailUrl":"https:\/\/www.drazouz.com\/wp-content\/uploads\/2023\/12\/Drainless-tummy-tuck.jpg","datePublished":"2022-07-26T21:57:09+00:00","dateModified":"2023-12-21T16:49:52+00:00","description":"Una abdominoplastia sin drenaje es un procedimiento de cirug\u00eda pl\u00e1stica para crear un est\u00f3mago m\u00e1s apretado, tonificado y plano al eliminar la grasa, la piel y las estr\u00edas sin drenajes.","breadcrumb":{"@id":"https:\/\/www.drazouz.com\/es\/drainless-tummy-tuck\/#breadcrumb"},"inLanguage":"es","potentialAction":[{"@type":"ReadAction","target":["https:\/\/www.drazouz.com\/es\/drainless-tummy-tuck\/"]}]},{"@type":"ImageObject","inLanguage":"es","@id":"https:\/\/www.drazouz.com\/es\/drainless-tummy-tuck\/#primaryimage","url":"https:\/\/www.drazouz.com\/wp-content\/uploads\/2023\/12\/Drainless-tummy-tuck.jpg","contentUrl":"https:\/\/www.drazouz.com\/wp-content\/uploads\/2023\/12\/Drainless-tummy-tuck.jpg","width":1920,"height":820,"caption":"woman holding her flabby skin on a fat belly"},{"@type":"BreadcrumbList","@id":"https:\/\/www.drazouz.com\/es\/drainless-tummy-tuck\/#breadcrumb","itemListElement":[{"@type":"ListItem","position":1,"name":"Home","item":"https:\/\/www.drazouz.com\/es\/"},{"@type":"ListItem","position":2,"name":"Procedimientos","item":"https:\/\/www.drazouz.com\/es\/procedimientos\/"},{"@type":"ListItem","position":3,"name":"Cuerpo","item":"https:\/\/www.drazouz.com\/es\/body\/"},{"@type":"ListItem","position":4,"name":"Abdominoplastia sin Drenaje"}]},{"@type":"WebSite","@id":"https:\/\/www.drazouz.com\/es\/#website","url":"https:\/\/www.drazouz.com\/es\/","name":"Azouz Cirug\u00eda Pl\u00e1stica y Est\u00e9tica","description":"","potentialAction":[{"@type":"SearchAction","target":{"@type":"EntryPoint","urlTemplate":"https:\/\/www.drazouz.com\/es\/?s={search_term_string}"},"query-input":{"@type":"PropertyValueSpecification","valueRequired":true,"valueName":"search_term_string"}}],"inLanguage":"es"}]}},"_links":{"self":[{"href":"https:\/\/www.drazouz.com\/es\/wp-json\/wp\/v2\/pages\/3906","targetHints":{"allow":["GET"]}}],"collection":[{"href":"https:\/\/www.drazouz.com\/es\/wp-json\/wp\/v2\/pages"}],"about":[{"href":"https:\/\/www.drazouz.com\/es\/wp-json\/wp\/v2\/types\/page"}],"author":[{"embeddable":true,"href":"https:\/\/www.drazouz.com\/es\/wp-json\/wp\/v2\/users\/1"}],"replies":[{"embeddable":true,"href":"https:\/\/www.drazouz.com\/es\/wp-json\/wp\/v2\/comments?post=3906"}],"version-history":[{"count":6,"href":"https:\/\/www.drazouz.com\/es\/wp-json\/wp\/v2\/pages\/3906\/revisions"}],"predecessor-version":[{"id":10002,"href":"https:\/\/www.drazouz.com\/es\/wp-json\/wp\/v2\/pages\/3906\/revisions\/10002"}],"up":[{"embeddable":true,"href":"https:\/\/www.drazouz.com\/es\/wp-json\/wp\/v2\/pages\/3798"}],"wp:featuredmedia":[{"embeddable":true,"href":"https:\/\/www.drazouz.com\/es\/wp-json\/wp\/v2\/media\/8190"}],"wp:attachment":[{"href":"https:\/\/www.drazouz.com\/es\/wp-json\/wp\/v2\/media?parent=3906"}],"curies":[{"name":"wp","href":"https:\/\/api.w.org\/{rel}","templated":true}]}}