{"id":3903,"date":"2022-07-26T16:41:21","date_gmt":"2022-07-26T21:41:21","guid":{"rendered":"https:\/\/www.drazouz.com\/?page_id=3903"},"modified":"2024-06-20T10:26:42","modified_gmt":"2024-06-20T15:26:42","slug":"la-abdominoplastia","status":"publish","type":"page","link":"https:\/\/www.drazouz.com\/es\/tummy-tuck-in-dallas\/","title":{"rendered":"La Abdominoplastia"},"content":{"rendered":"<p><img decoding=\"async\" src=\"https:\/\/www.drazouz.com\/wp-content\/uploads\/2022\/08\/stomach-woman.png\" alt=\"Mujer delgada despu\u00e9s de una abdominoplastia usando bikini.\" class=\"alignright\" width=\"260\" \/><a href=\"https:\/\/www.drazouz.com\/es\/blog\/dallas-plastic-surgeon-dr-david-azouz-discusses-tummy-tucks-frequently-asked-questions-definition-surgery-recovery-cost-and-more\/\">La abdominoplastia en Dallas<\/a> se realiza t\u00edpicamente para eliminar el exceso de piel abdominal y tensar los m\u00fasculos subyacentes. La abdominoplastia se realiza a menudo en combinaci\u00f3n con la liposucci\u00f3n para <a href=\"https:\/\/www.drazouz.com\/es\/body\/\">lograr el contorno est\u00e9tico ideal<\/a>. Esta operaci\u00f3n se realiza frecuentemente junto con reparaciones de hernias abdominales, procedimientos ginecol\u00f3gicos y ces\u00e1reas. El popular \u201c<a href=\"https:\/\/www.drazouz.com\/es\/mommy-makeover\/\">Mommy Makeover<\/a>\u201d generalmente tambi\u00e9n incluye una abdominoplastia, adem\u00e1s de un aumento de senos, reducci\u00f3n de senos o levantamiento de senos. Una abdominoplastia aborda el exceso de piel resistente a la dieta y el ejercicio, y el Dr. Azouz ayuda a los pacientes a recuperar una figura est\u00e9tica realizando una abdominoplastia en Dallas. Solicite una cita con el Dr. Azouz llamando al <a href=\"tel:9727028888\" class=\"phone_anchor \" aria-label=\"ll\u00e1manos (972) 702-8888\">(972) 702-8888<\/a>.<\/p>\n<nav class=\"flc-submenu\" aria-label=\"sub menu\"><ul><li><a href=\"https:\/\/www.drazouz.com\/es\/drainless-tummy-tuck\/\">Abdominoplastia sin Drenaje<\/a><\/li><li><a href=\"https:\/\/www.drazouz.com\/es\/abdominoplastia-inversa\/\">Abdominoplastia Inversa<\/a><\/li><li><a href=\"https:\/\/www.drazouz.com\/es\/mini-abdominoplastia\/\">Mini Abdominoplastia<\/a><\/li><li><a href=\"https:\/\/www.drazouz.com\/es\/body-lift-after-weight-loss\/\">Lifting corporal<\/a><\/li><li><a href=\"https:\/\/www.drazouz.com\/es\/la-reconstruccion-de-la-pared-abdominal\/\">La Reconstrucci\u00f3n de la Pared Abdominal<\/a><\/li><\/ul><\/nav>\n<h2>\u00bfSoy candidato para una abdominoplastia?<\/h2>\n<p>Los pacientes con exceso de piel o tejido graso en el \u00e1rea abdominal debido al embarazo, p\u00e9rdida de peso significativa, <a href=\"https:\/\/www.drazouz.com\/es\/lipedema\/\">lipedema<\/a> o \u00e1reas problem\u00e1ticas resistentes a la dieta y el ejercicio, son los <a href=\"https:\/\/www.drazouz.com\/es\/blog\/is-a-tummy-tuck-right-for-you\/\">candidatos ideales para una abdominoplastia en Dallas<\/a>. Este procedimiento de cirug\u00eda pl\u00e1stica ayudar\u00e1 a los pacientes a obtener una figura m\u00e1s est\u00e9tica y atractiva.<\/p>\n<h2>Beneficios de la abdominoplastia<\/h2>\n<ul>\n<li>Eliminar piel y estr\u00edas del abdomen<\/li>\n<li><a href=\"https:\/\/www.drazouz.com\/es\/diastasis-recti-repair\/\">Tensar los m\u00fasculos<\/a><\/li>\n<li>Est\u00f3mago bien definido<\/li>\n<\/ul>\n<h2>Tipos de abdominoplastia<\/h2>\n<p>Dependiendo de la cantidad de correcci\u00f3n que el paciente desee, el Dr. Azouz puede sugerir un tipo espec\u00edfico de abdominoplastia para una soluci\u00f3n m\u00e1s personalizada. Los factores diferenciadores entre los tres tipos de abdominoplastia son el tipo de incisi\u00f3n y las suturas.<\/p>\n<p><strong>Abdominoplastia completa<\/strong><\/p>\n<p>Adem\u00e1s de la incisi\u00f3n horizontal debajo del abdomen inferior, una abdominoplastia completa tambi\u00e9n implicar\u00e1 una incisi\u00f3n alrededor del ombligo. Una abdominoplastia completa eliminar\u00e1 el exceso de piel mientras tambi\u00e9n tira de los <a href=\"https:\/\/www.drazouz.com\/es\/diastasis-recti-repair\/\">m\u00fasculos y la piel a una posici\u00f3n m\u00e1s tensa<\/a>. Esta abdominoplastia es esencialmente cl\u00e1sica y se usa com\u00fanmente para corregir problemas de embarazo o aumento y p\u00e9rdida de peso.<\/p>\n<p><strong>Mini abdominoplastia<\/strong><\/p>\n<p>Una <a href=\"https:\/\/www.drazouz.com\/es\/mini-tummy-tuck\/\">mini abdominoplastia<\/a> en Dallas implica solo una incisi\u00f3n. Esta \u00fanica incisi\u00f3n se realiza en el abdomen inferior para tirar de la piel y los m\u00fasculos a una posici\u00f3n m\u00e1s tensa para casos m\u00e1s leves de laxitud que no requieren puntos adicionales de incisi\u00f3n. Un buen candidato para este procedimiento tendr\u00eda la mayor parte de su laxitud existente debajo del ombligo.<\/p>\n<p><strong>Abdominoplastia sin drenaje<\/strong><\/p>\n<p>El objetivo de la <a href=\"https:\/\/www.drazouz.com\/es\/drainless-tummy-tuck\/\">abdominoplastia sin drenaje<\/a> es reducir la cantidad de acumulaci\u00f3n de l\u00edquido despu\u00e9s de la cirug\u00eda. La acumulaci\u00f3n de l\u00edquido ocurre como resultado de espacios abiertos creados por el procedimiento, lo que puede causar molestias al paciente durante la cicatrizaci\u00f3n. La capacidad de evitar un drenaje se logra mediante suturas especiales que conectan la piel o el tejido blando con la capa externa de los m\u00fasculos. Al fijar estas capas, se elimina efectivamente el potencial de bolsas abiertas. Con esta t\u00e9cnica, los pacientes pueden incluso experimentar una recuperaci\u00f3n m\u00e1s r\u00e1pida.<\/p>\n<div class=\"mb-5\">\n<div class=\"home-posts-top d-flex justify-content-between align-items-sm-end flex-column flex-sm-row mb-lg-4\">\n    <h2 class=\"mb-sm-0 mt-3 pb-4\">Art\u00edculos para Lipedema<\/h2>\n    <a href=\"https:\/\/www.drazouz.com\/es\/blog\/tag\/lipedema-es\/\" class=\"blog-link\">\n        Ver Todos los Art\u00edculos de Abdominoplastia \n        <svg xmlns=\"http:\/\/www.w3.org\/2000\/svg\" width=\"63.134\" height=\"35.422\" version=\"1.1\" viewBox=\"0 0 63.134 35.422\">\n           <g transform=\"translate(-21.146 -25.406)\">\n              <path d=\"m21.682 52.85-0.536 0.179v7.144l36.075-13.866v-6.97l-36.075-13.93v7.144l26.55 10.3z\"\/>\n              <path d=\"m48.74 52.855-0.536 0.179v7.144l36.075-13.866v-6.97l-36.075-13.93v7.144l26.55 10.3z\"\/> \n          <\/g>\n        <\/svg>\n    <\/a>\n<\/div>\n<ul class=\"row posts-feed\">\n            <li class=\"col-lg-4 mt-4 mt-lg-0 post-column\">\n            <div class=\"post-container\">\n                <a class=\"d-block post-title-link\" href=\"https:\/\/www.drazouz.com\/es\/blog\/lipedema-explicado-que-lo-causa-y-por-que-no-es-su-culpa\/\">\n                    <h3 class=\"post-title font-body\">Lipedema explicado: qu\u00e9 lo causa y por qu\u00e9 no es su culpa<\/h3>\n                <\/a>\n                <time class=\"entry-date published\" datetime=\"2026-04-14T04:42:18-05:00\">14 de abril de 2026<\/time>                <div class=\"content\">\n                    <p>\u00a1Claro que s\u00ed! Aqu\u00ed tienes la traducci\u00f3n al espa\u00f1ol manteniendo toda la estructura HTML y las etiquetas<br \/><a href=\"https:\/\/www.drazouz.com\/es\/blog\/lipedema-explicado-que-lo-causa-y-por-que-no-es-su-culpa\/\" class=\"btn btn-blue mt-3\">Sigue leyendo<\/a><\/p>\n                <\/div>\n            <\/div>\n        <\/li>\n                <li class=\"col-lg-4 mt-4 mt-lg-0 post-column\">\n            <div class=\"post-container\">\n                <a class=\"d-block post-title-link\" href=\"https:\/\/www.drazouz.com\/es\/blog\/understanding-the-psychological-impacts-of-lipedema\/\">\n                    <h3 class=\"post-title font-body\">Comprender los impactos psicol\u00f3gicos del lipedema<\/h3>\n                <\/a>\n                <time class=\"entry-date published\" datetime=\"2025-11-17T10:17:28-05:00\">17 de noviembre de 2025<\/time>                <div class=\"content\">\n                    <p>El lipedema afecta a millones de personas, pero a menudo pasa sin diagnosticar, lo que causa sufrimiento<br \/><a href=\"https:\/\/www.drazouz.com\/es\/blog\/understanding-the-psychological-impacts-of-lipedema\/\" class=\"btn btn-blue mt-3\">Sigue leyendo<\/a><\/p>\n                <\/div>\n            <\/div>\n        <\/li>\n                <li class=\"col-lg-4 mt-4 mt-lg-0 post-column\">\n            <div class=\"post-container\">\n                <a class=\"d-block post-title-link\" href=\"https:\/\/www.drazouz.com\/es\/blog\/como-viajar-para-la-cirugia-de-lipedema\/\">\n                    <h3 class=\"post-title font-body\">C\u00f3mo viajar para la cirug\u00eda de lipedema<\/h3>\n                <\/a>\n                <time class=\"entry-date published\" datetime=\"2025-11-03T14:27:05-05:00\">3 de noviembre de 2025<\/time>                <div class=\"content\">\n                    <p>Vivir con lipedema puede ser tanto f\u00edsicamente doloroso como emocionalmente agotador. A menudo mal diagnosticada o pasada<br \/><a href=\"https:\/\/www.drazouz.com\/es\/blog\/como-viajar-para-la-cirugia-de-lipedema\/\" class=\"btn btn-blue mt-3\">Sigue leyendo<\/a><\/p>\n                <\/div>\n            <\/div>\n        <\/li>\n        <\/ul>\n<\/div>\n<h2>Qu\u00e9 esperar durante su abdominoplastia en Dallas<\/h2>\n<p><img decoding=\"async\" src=\"https:\/\/www.drazouz.com\/wp-content\/uploads\/2023\/08\/bigstock-Vector-Illustration-Of-A-Abdom-249268285.jpg\" alt=\"cirug\u00eda de abdominoplastia\" class=\"alignleft\" width=\"260\" \/>La <a href=\"https:\/\/www.drazouz.com\/es\/blog\/what-to-consider-when-scheduling-your-tummy-tuck\/\">extensi\u00f3n del procedimiento<\/a> es espec\u00edfica del paciente y depende de sus objetivos cosm\u00e9ticos y de lo que el Dr. Azouz considere apropiado. Los detalles y las diferentes opciones de t\u00e9cnicas de cirug\u00eda corporal se <a href=\"https:\/\/www.drazouz.com\/es\/blog\/your-tummy-tuck-prep-guide\/\">discutir\u00e1n durante su consulta<\/a>. Durante este procedimiento altamente individualizado, el Dr. Azouz elimina piel y tejido graso para mejorar su contorno corporal natural. Esta eliminaci\u00f3n de piel fl\u00e1cida y suelta y tejido graso excesivo resulta en una apariencia abdominal m\u00e1s firme y plana, y una cintura m\u00e1s estrecha. Una apariencia m\u00e1s delgada es algo que muchas personas buscan a trav\u00e9s de la dieta y el ejercicio, pero a veces estos m\u00e9todos tradicionales no son suficientes para alcanzar sus objetivos ideales.<\/p>\n<p class=\"clearfix\">Los pacientes regresan a casa poco despu\u00e9s del procedimiento, usando una serie de prendas de compresi\u00f3n o fajas, y continuar\u00e1n usando estas prendas durante aproximadamente 3 a 4 semanas.<\/p>\n<h2>Anestesia utilizada para la abdominoplastia<\/h2>\n<p>Durante su abdominoplastia con el Dr. Azouz en Dallas, TX, se utilizan sedaci\u00f3n y anestesia local en la mayor\u00eda de los casos. Los pacientes del Dr. Azouz reportan sentir menos n\u00e1useas y tener una recuperaci\u00f3n m\u00e1s r\u00e1pida.<\/p>\n<h2>Recuperaci\u00f3n de la abdominoplastia<\/h2>\n<p>El cirujano pl\u00e1stico de Dallas Dr. Azouz proporciona instrucciones espec\u00edficas de cuidados posteriores y citas de seguimiento postoperatorias cercanas para garantizar una recuperaci\u00f3n saludable. Puede ocurrir hinchaz\u00f3n y moretones, pero deber\u00edan desaparecer en pocos d\u00edas y el Dr. Azouz le proporcionar\u00e1 medicamentos para el dolor si tiene molestias.<\/p>\n<p>Los pacientes deben esperar descansar mucho en los primeros d\u00edas despu\u00e9s de la cirug\u00eda, pero la mayor\u00eda puede volver a una rutina normal y actividad f\u00edsica en dos semanas.<\/p>\n<h2>Combinaci\u00f3n de la abdominoplastia con otras cirug\u00edas pl\u00e1sticas<\/h2>\n<p>Hay muchas cirug\u00edas pl\u00e1sticas y est\u00e9ticas que se pueden combinar con una abdominoplastia. Algunos de los procedimientos combinados que realiza el Dr. Azouz incluyen:<\/p>\n<ul>\n<li><a href=\"https:\/\/www.drazouz.com\/es\/eyelid-surgery-blepharoplasty\/\">Cirug\u00eda de p\u00e1rpados<\/a><\/li>\n<li><a href=\"https:\/\/www.drazouz.com\/es\/neck-lift\/\">Liposucci\u00f3n del cuello<\/a><\/li>\n<li><a href=\"https:\/\/www.drazouz.com\/es\/facelift\/\">Lifting facial<\/a><\/li>\n<li><a href=\"https:\/\/www.drazouz.com\/es\/arm-lift\/\">Lifting de brazos<\/a><\/li>\n<li><a href=\"https:\/\/www.drazouz.com\/es\/breast-lift\/\">Levantamiento de senos<\/a><\/li>\n<li><a href=\"https:\/\/www.drazouz.com\/es\/breast-augmentation\/\">Aumento de senos<\/a><\/li>\n<li><a href=\"https:\/\/www.drazouz.com\/es\/gynecomastia\/\">Ginecomastia (Reducci\u00f3n de senos en hombres)<\/a><\/li>\n<\/ul>\n<h2>Costo de la abdominoplastia<\/h2>\n<p>El costo de una abdominoplastia depende de la historia cl\u00ednica del paciente y del estado del abdomen del paciente. Algunos pacientes tienen hernias, estr\u00edas, tatuajes, di\u00e1stasis y cicatrices que a\u00f1aden complejidad a la abdominoplastia. La abdominoplastia generalmente se considera una operaci\u00f3n cosm\u00e9tica, pero el seguro puede cubrir las partes del procedimiento que sean m\u00e9dicamente necesarias si hay hernias presentes. El Dr. Azouz tambi\u00e9n tiene diferentes opciones de financiamiento para sus pacientes si es necesario.<\/p>\n<h2>Resultados de la abdominoplastia<\/h2>\n<p>Despu\u00e9s de someterse a una abdominoplastia en Dallas con el Dr. Azouz, tendr\u00e1 un mejor contorno en su abdomen. Se eliminar\u00e1 el exceso de piel en su abdomen, d\u00e1ndole una <a href=\"https:\/\/www.drazouz.com\/es\/blog\/look-and-feel-great-this-summer-with-a-tummy-tuck\/\">apariencia m\u00e1s plana<\/a>. Muchos pacientes reportan que se sienten como una nueva persona y han recuperado su confianza despu\u00e9s de su procedimiento de abdominoplastia con el Dr. Azouz.<\/p>\n<h2>Agende su consulta con el Dr. Azouz<\/h2>\n<p>Si desea deshacerse del exceso de piel en su cuerpo debido a la p\u00e9rdida de peso o al embarazo, contacte hoy al Dr. Azouz para discutir el tipo de abdominoplastia que podr\u00eda ser la mejor opci\u00f3n para lograr su cuerpo ideal. <a href=\"https:\/\/www.drazouz.com\/es\/contact\/\">Agende su consulta con el Dr. Azouz en l\u00ednea<\/a> o llamando al <a href=\"tel:9727028888\" class=\"phone_anchor \" aria-label=\"ll\u00e1manos (972) 702-8888\">(972) 702-8888<\/a>.<\/p>\n<h3>Videos sobre procedimientos corporales<\/h3>\n\n\t\t\n\t\n<h3>Preguntas frecuentes<\/h3>\n<dl id=\"faq-1\" class=\"flc-faq\"><\/dl>\n<h3>Rese\u00f1a de un paciente de abdominoplastia para el Dr. Azouz<\/h3>\n<blockquote><p>\u201cTuve la mejor experiencia con los Drs. David y Sol Azouz. Me somet\u00ed a una abdominoplastia (liposucci\u00f3n, plicatura de m\u00fasculos, eliminaci\u00f3n de exceso de piel y reparaci\u00f3n de una hernia) para eliminar el exceso de piel y contornear mi secci\u00f3n media despu\u00e9s de perder 130 libras. Ambos doctores fueron muy conocedores y minuciosos al hablar sobre las mejores opciones para mi situaci\u00f3n. Ten\u00eda rollos de grasa que no se mov\u00edan con dieta y ejercicio, y exceso de piel fl\u00e1cida especialmente alrededor de mi cintura y caderas. Tengo una elasticidad de piel pobre, por lo que la piel no estaba en las mejores condiciones para un procedimiento como este, pero pudieron trabajar con eso y aun as\u00ed lograr los resultados que quer\u00eda. Aunque la recuperaci\u00f3n de un procedimiento como este es intensiva debido al tipo de procedimiento, su enfoque sin drenaje hizo que la recuperaci\u00f3n fuera m\u00e1s f\u00e1cil de lo esperado. Al principio era esc\u00e9ptico, pero los resultados son mejores de lo que podr\u00eda haber imaginado y \u00a1me encanta mi nueva figura! Me oper\u00e9 hace dos meses y he perdido alrededor de 25 libras con m\u00e1s por venir, y he bajado 3 tallas de vestido. El personal de su oficina es muy alentador y amable, y hacen que todo el proceso sea muy f\u00e1cil. \u00a1Recomendar\u00eda al Dr. Azouz a cualquiera que busque un cirujano pl\u00e1stico!\u201d<\/p><\/blockquote>\n<p><a href=\"https:\/\/www.realself.com\/dr\/david-azouz-dallas-tx\" target=\"_blank\" rel=\"noopener\">Leer m\u00e1s rese\u00f1as de pacientes para el Dr. Azouz<\/a><\/p>\n","protected":false},"excerpt":{"rendered":"<p>La abdominoplastia en Dallas se realiza t\u00edpicamente para eliminar el exceso de piel abdominal y tensar los<br \/><a href=\"https:\/\/www.drazouz.com\/es\/blog\/como-viajar-para-la-cirugia-de-lipedema\/\" class=\"btn btn-blue mt-3\">Sigue leyendo<\/a><\/p>\n","protected":false},"author":1,"featured_media":5866,"parent":3798,"menu_order":0,"comment_status":"closed","ping_status":"closed","template":"","meta":{"_acf_changed":false,"footnotes":""},"class_list":["post-3903","page","type-page","status-publish","has-post-thumbnail"],"acf":[],"yoast_head":"<!-- This site is optimized with the Yoast SEO plugin v27.4 - https:\/\/yoast.com\/product\/yoast-seo-wordpress\/ -->\n<title>Abdominoplastia Dallas | Plano | Richardson<\/title>\n<meta name=\"description\" content=\"Una abdominoplastia elimina el exceso de piel y ayuda a obtener un cuerpo atractivo. Comun\u00edquese con el Dr. Azouz para discutir el mejor tipo de abdominoplastia para su cuerpo ideal. 972 702 8888\" \/>\n<meta name=\"robots\" content=\"index, follow, max-snippet:-1, max-image-preview:large, max-video-preview:-1\" \/>\n<link rel=\"canonical\" href=\"https:\/\/www.drazouz.com\/es\/tummy-tuck-in-dallas\/\" \/>\n<meta property=\"og:locale\" content=\"es_ES\" \/>\n<meta property=\"og:type\" content=\"article\" \/>\n<meta property=\"og:title\" content=\"Abdominoplastia Dallas | Plano | Richardson\" \/>\n<meta property=\"og:description\" content=\"Una abdominoplastia elimina el exceso de piel y ayuda a obtener un cuerpo atractivo. Comun\u00edquese con el Dr. Azouz para discutir el mejor tipo de abdominoplastia para su cuerpo ideal. 972 702 8888\" \/>\n<meta property=\"og:url\" content=\"https:\/\/www.drazouz.com\/es\/tummy-tuck-in-dallas\/\" \/>\n<meta property=\"og:site_name\" content=\"Azouz Cirug\u00eda Pl\u00e1stica y Est\u00e9tica\" \/>\n<meta property=\"article:modified_time\" content=\"2024-06-20T15:26:42+00:00\" \/>\n<meta property=\"og:image\" content=\"https:\/\/www.drazouz.com\/wp-content\/uploads\/2025\/11\/image-sh_2308150473.jpg\" \/><meta property=\"og:image\" content=\"https:\/\/www.drazouz.com\/wp-content\/uploads\/2023\/08\/bigstock-Tummy-Tuck-Cropped-Of-Female-465493301.jpg\" \/>\n\t<meta property=\"og:image:width\" content=\"2000\" \/>\n\t<meta property=\"og:image:height\" content=\"1125\" \/>\n\t<meta property=\"og:image:type\" content=\"image\/jpeg\" \/>\n<meta name=\"twitter:card\" content=\"summary_large_image\" \/>\n<meta name=\"twitter:image\" content=\"https:\/\/www.drazouz.com\/wp-content\/uploads\/2025\/11\/image-sh_2308150473.jpg\" \/>\n<meta name=\"twitter:label1\" content=\"Tiempo de lectura\" \/>\n\t<meta name=\"twitter:data1\" content=\"5 minutos\" \/>\n<!-- \/ Yoast SEO plugin. -->","yoast_head_json":{"title":"Abdominoplastia Dallas | Plano | Richardson","description":"Una abdominoplastia elimina el exceso de piel y ayuda a obtener un cuerpo atractivo. Comun\u00edquese con el Dr. Azouz para discutir el mejor tipo de abdominoplastia para su cuerpo ideal. 972 702 8888","robots":{"index":"index","follow":"follow","max-snippet":"max-snippet:-1","max-image-preview":"max-image-preview:large","max-video-preview":"max-video-preview:-1"},"canonical":"https:\/\/www.drazouz.com\/es\/tummy-tuck-in-dallas\/","og_locale":"es_ES","og_type":"article","og_title":"Abdominoplastia Dallas | Plano | Richardson","og_description":"Una abdominoplastia elimina el exceso de piel y ayuda a obtener un cuerpo atractivo. Comun\u00edquese con el Dr. Azouz para discutir el mejor tipo de abdominoplastia para su cuerpo ideal. 972 702 8888","og_url":"https:\/\/www.drazouz.com\/es\/tummy-tuck-in-dallas\/","og_site_name":"Azouz Cirug\u00eda Pl\u00e1stica y Est\u00e9tica","article_modified_time":"2024-06-20T15:26:42+00:00","og_image":[{"url":"https:\/\/www.drazouz.com\/wp-content\/uploads\/2025\/11\/image-sh_2308150473.jpg","type":"","width":"","height":""},{"width":2000,"height":1125,"url":"https:\/\/www.drazouz.com\/wp-content\/uploads\/2023\/08\/bigstock-Tummy-Tuck-Cropped-Of-Female-465493301.jpg","type":"image\/jpeg"}],"twitter_card":"summary_large_image","twitter_image":"https:\/\/www.drazouz.com\/wp-content\/uploads\/2025\/11\/image-sh_2308150473.jpg","twitter_misc":{"Tiempo de lectura":"5 minutos"},"schema":{"@context":"https:\/\/schema.org","@graph":[{"@type":"WebPage","@id":"https:\/\/www.drazouz.com\/es\/tummy-tuck-in-dallas\/","url":"https:\/\/www.drazouz.com\/es\/tummy-tuck-in-dallas\/","name":"Abdominoplastia Dallas | Plano | Richardson","isPartOf":{"@id":"https:\/\/www.drazouz.com\/es\/#website"},"primaryImageOfPage":{"@id":"https:\/\/www.drazouz.com\/es\/tummy-tuck-in-dallas\/#primaryimage"},"image":{"@id":"https:\/\/www.drazouz.com\/es\/tummy-tuck-in-dallas\/#primaryimage"},"thumbnailUrl":"https:\/\/www.drazouz.com\/wp-content\/uploads\/2023\/08\/bigstock-Tummy-Tuck-Cropped-Of-Female-465493301.jpg","datePublished":"2022-07-26T21:41:21+00:00","dateModified":"2024-06-20T15:26:42+00:00","description":"Una abdominoplastia elimina el exceso de piel y ayuda a obtener un cuerpo atractivo. Comun\u00edquese con el Dr. Azouz para discutir el mejor tipo de abdominoplastia para su cuerpo ideal. 972 702 8888","breadcrumb":{"@id":"https:\/\/www.drazouz.com\/es\/tummy-tuck-in-dallas\/#breadcrumb"},"inLanguage":"es","potentialAction":[{"@type":"ReadAction","target":["https:\/\/www.drazouz.com\/es\/tummy-tuck-in-dallas\/"]}]},{"@type":"ImageObject","inLanguage":"es","@id":"https:\/\/www.drazouz.com\/es\/tummy-tuck-in-dallas\/#primaryimage","url":"https:\/\/www.drazouz.com\/wp-content\/uploads\/2023\/08\/bigstock-Tummy-Tuck-Cropped-Of-Female-465493301.jpg","contentUrl":"https:\/\/www.drazouz.com\/wp-content\/uploads\/2023\/08\/bigstock-Tummy-Tuck-Cropped-Of-Female-465493301.jpg","width":2000,"height":1125,"caption":"tummy tuck in Dallas, TX | Azouz Plastic and Cosmetic Surgery"},{"@type":"BreadcrumbList","@id":"https:\/\/www.drazouz.com\/es\/tummy-tuck-in-dallas\/#breadcrumb","itemListElement":[{"@type":"ListItem","position":1,"name":"Home","item":"https:\/\/www.drazouz.com\/es\/"},{"@type":"ListItem","position":2,"name":"Procedimientos","item":"https:\/\/www.drazouz.com\/es\/procedimientos\/"},{"@type":"ListItem","position":3,"name":"Cuerpo","item":"https:\/\/www.drazouz.com\/es\/body\/"},{"@type":"ListItem","position":4,"name":"La Abdominoplastia"}]},{"@type":"WebSite","@id":"https:\/\/www.drazouz.com\/es\/#website","url":"https:\/\/www.drazouz.com\/es\/","name":"Azouz Cirug\u00eda Pl\u00e1stica y Est\u00e9tica","description":"","potentialAction":[{"@type":"SearchAction","target":{"@type":"EntryPoint","urlTemplate":"https:\/\/www.drazouz.com\/es\/?s={search_term_string}"},"query-input":{"@type":"PropertyValueSpecification","valueRequired":true,"valueName":"search_term_string"}}],"inLanguage":"es"}]}},"_links":{"self":[{"href":"https:\/\/www.drazouz.com\/es\/wp-json\/wp\/v2\/pages\/3903","targetHints":{"allow":["GET"]}}],"collection":[{"href":"https:\/\/www.drazouz.com\/es\/wp-json\/wp\/v2\/pages"}],"about":[{"href":"https:\/\/www.drazouz.com\/es\/wp-json\/wp\/v2\/types\/page"}],"author":[{"embeddable":true,"href":"https:\/\/www.drazouz.com\/es\/wp-json\/wp\/v2\/users\/1"}],"replies":[{"embeddable":true,"href":"https:\/\/www.drazouz.com\/es\/wp-json\/wp\/v2\/comments?post=3903"}],"version-history":[{"count":5,"href":"https:\/\/www.drazouz.com\/es\/wp-json\/wp\/v2\/pages\/3903\/revisions"}],"predecessor-version":[{"id":14803,"href":"https:\/\/www.drazouz.com\/es\/wp-json\/wp\/v2\/pages\/3903\/revisions\/14803"}],"up":[{"embeddable":true,"href":"https:\/\/www.drazouz.com\/es\/wp-json\/wp\/v2\/pages\/3798"}],"wp:featuredmedia":[{"embeddable":true,"href":"https:\/\/www.drazouz.com\/es\/wp-json\/wp\/v2\/media\/5866"}],"wp:attachment":[{"href":"https:\/\/www.drazouz.com\/es\/wp-json\/wp\/v2\/media?parent=3903"}],"curies":[{"name":"wp","href":"https:\/\/api.w.org\/{rel}","templated":true}]}}