{"id":3897,"date":"2022-07-26T10:58:06","date_gmt":"2022-07-26T15:58:06","guid":{"rendered":"https:\/\/www.drazouz.com\/?page_id=3897"},"modified":"2024-02-06T04:46:15","modified_gmt":"2024-02-06T09:46:15","slug":"deformidad-tubular-de-la-mama","status":"publish","type":"page","link":"https:\/\/www.drazouz.com\/es\/tubular-breast-correction-surgery\/","title":{"rendered":"Deformidad Tubular de la Mama"},"content":{"rendered":"<p><img decoding=\"async\" src=\"https:\/\/www.drazouz.com\/wp-content\/uploads\/2022\/08\/Natural-Breast-Augmentation-Dr-Azouz-Dallas-scaled-1.jpg\" alt=\"woman holding her breast\" class=\"alignleft\" width=\"400\" \/><\/p>\n<p>La deformidad mamaria tubular, tambi\u00e9n conocida como \u00absenos tubulares\u00bb, senos tuberosos o senos constrictos, ocurre cuando los senos se desarrollan de forma anormal, adquiriendo una forma cil\u00edndrica o tubular. Sus caracter\u00edsticas incluyen una base estrecha y una protrusi\u00f3n del tejido mamario hacia la areola. Como resultado, el pez\u00f3n y la areola se agrandan debido al tejido fibroso denso. En algunos casos, esto puede hacer que el pez\u00f3n apunte hacia abajo, causando ptosis de los senos. Las personas pueden experimentar la deformidad de diversas maneras y puede afectar a uno o ambos senos. El cirujano pl\u00e1stico certificado en Dallas, el <a href=\"https:\/\/www.drazouz.com\/es\/meet-dr-solomon-azouz\/\">Dr. Solomon Azouz<\/a>, ofrece planes de tratamiento personalizados para corregir la deformidad mamaria tubular despu\u00e9s de comprender los objetivos \u00fanicos de cada paciente.<\/p>\n<h2>\u00bfSoy candidata para la cirug\u00eda de correcci\u00f3n de senos tubulares? \u00bfC\u00f3mo puedo saber si tengo senos tubulares?<\/h2>\n<p><img loading=\"lazy\" decoding=\"async\" src=\"https:\/\/www.drazouz.com\/wp-content\/uploads\/2024\/02\/Solomon-Azouz-MD-FACS-FRCSC.jpeg\" alt=\"Dr. Solomon Azouz | Cirug\u00eda Pl\u00e1stica en Dallas, TX\" width=\"350\" height=\"524\" class=\"size-full wp-image-11937 alignright\" srcset=\"https:\/\/www.drazouz.com\/wp-content\/uploads\/2024\/02\/Solomon-Azouz-MD-FACS-FRCSC.jpeg 684w, https:\/\/www.drazouz.com\/wp-content\/uploads\/2024\/02\/Solomon-Azouz-MD-FACS-FRCSC-200x300.jpeg 200w\" sizes=\"auto, (max-width: 350px) 100vw, 350px\" \/>Las candidatas para la correcci\u00f3n de la deformidad mamaria tubular son mujeres que tienen tejido fibroso denso que se desarroll\u00f3 durante la pubertad debajo y alrededor del pez\u00f3n\/areola, lo que les da a sus senos una apariencia larga y estrecha. El Dr. Solomon y David Azouz son expertos en corregir los \u00absenos tubulares\u00bb o la deformidad mamaria tuberosa. Han tratado y diagnosticado a miles de pacientes con senos tuberosos.<\/p>\n<h2>Beneficios de la cirug\u00eda de correcci\u00f3n de senos tubulares<\/h2>\n<p>Los beneficios de la cirug\u00eda est\u00e9tica de senos son tanto fisiol\u00f3gicos como psicol\u00f3gicos. M\u00e1s all\u00e1 de mejorar la apariencia externa de los senos, los pacientes frecuentemente reportan sentirse m\u00e1s seguros sobre sus cuerpos. El objetivo del procedimiento es lograr una simetr\u00eda y contorno de senos m\u00e1s natural.<\/p>\n<h2>\u00bfQu\u00e9 esperar de una cirug\u00eda de correcci\u00f3n de senos tubulares?<\/h2>\n<p>Para corregir la deformidad mamaria tubular, el Dr. Azouz recomienda una <a href=\"https:\/\/www.drazouz.com\/es\/breast-augmentation\/\">mamoplastia de aumento<\/a>. La mamoplastia de aumento ayudar\u00e1 a rellenar la parte superior de su seno, d\u00e1ndole una apariencia m\u00e1s femenina y sim\u00e9trica. El Dr. Azouz utiliza tanto implantes de silicona como de <a href=\"https:\/\/www.drazouz.com\/es\/breast-augmentation-with-saline-implants\/\">soluci\u00f3n salina<\/a> en una variedad de tama\u00f1os. Algunas pacientes tambi\u00e9n requerir\u00e1n <a href=\"https:\/\/www.drazouz.com\/es\/nipple-reduction-surgery\/\">cirug\u00eda de reducci\u00f3n de pez\u00f3n-areola<\/a>. Durante su consulta, el Dr. Azouz discutir\u00e1 diferentes opciones quir\u00fargicas que ayudar\u00e1n a alcanzar sus objetivos est\u00e9ticos.<\/p>\n<p>Se utilizan una combinaci\u00f3n de t\u00e9cnicas, incluyendo mamoplastia de aumento, levantamiento de senos y reducci\u00f3n de areola, para tratar la deformidad mamaria tubular. El Dr. Azouz utiliza m\u00e9todos personalizados para tratar las caracter\u00edsticas \u00fanicas de cada paciente.<\/p>\n<p><a href=\"https:\/\/www.drazouz.com\/es\/breast-augmentation\/\"><strong>Aumento de senos<\/strong><\/a><strong>:<\/strong><\/p>\n<ul>\n<li>El aumento de senos es el proceso de mejorar el tama\u00f1o y la forma de los senos con implantes.<\/li>\n<li>Frecuentemente, se utilizan implantes para tratar la base estrecha y la falta de plenitud en el polo inferior del seno.<\/li>\n<li>Azouz considera cuidadosamente las caracter\u00edsticas f\u00edsicas, as\u00ed como el resultado deseado del paciente al elegir el tama\u00f1o y tipo de implante adecuado.<\/li>\n<\/ul>\n<p><a href=\"https:\/\/www.drazouz.com\/es\/breast-lift\/\"><strong>Levantamiento de senos (Mastopexia)<\/strong><\/a> para \u00absenos tubulares\u00bb:<\/p>\n<ul>\n<li>Un levantamiento de senos a menudo se realiza para tratar la ca\u00edda o flacidez del seno.<\/li>\n<li>Para reposicionar el complejo pez\u00f3n-areola en una posici\u00f3n m\u00e1s est\u00e9ticamente agradable, el Dr. Azouz levanta y remodela el tejido mamario.<\/li>\n<li>Este m\u00e9todo ayuda a crear un contorno mamario que parece m\u00e1s juvenil y natural.<\/li>\n<\/ul>\n<p><a href=\"https:\/\/www.drazouz.com\/es\/nipple-reduction-surgery\/\"><strong>Reducci\u00f3n de areola<\/strong><\/a><strong>:<\/strong><\/p>\n<ul>\n<li>Debido a que el tejido mamario est\u00e1 constricto, las areolas agrandadas son una caracter\u00edstica com\u00fan de los senos tubulares.<\/li>\n<li>Para llevar las areolas a proporci\u00f3n con la forma del seno mejorada, el Dr. Azouz a menudo realiza una reducci\u00f3n de pez\u00f3n-areola.<\/li>\n<li>Este procedimiento ayuda a lograr una apariencia mamaria armoniosa y equilibrada.<\/li>\n<\/ul>\n<h2>Anestesia durante una Cirug\u00eda de Correcci\u00f3n de Senos Tubulares<\/h2>\n<p>En la mayor\u00eda de los casos, el Dr. Azouz utiliza sedaci\u00f3n con anestesia local para ayudar a controlar el dolor durante y despu\u00e9s de la cirug\u00eda de senos tubulares. Esto permite una recuperaci\u00f3n postoperatoria m\u00e1s r\u00e1pida y minimiza el riesgo de n\u00e1useas, que suele ser un efecto secundario de la anestesia general. Durante cada procedimiento quir\u00fargico, el Dr. Azouz prioriza la comodidad y seguridad de sus pacientes.<\/p>\n<h2>Recuperaci\u00f3n de una Cirug\u00eda de Correcci\u00f3n de Senos Tubulares<\/h2>\n<p>Despu\u00e9s de la cirug\u00eda, la recuperaci\u00f3n implica un per\u00edodo de descanso y actividad limitada. Los pacientes pueden experimentar hematomas, hinchaz\u00f3n y cierto malestar inmediatamente despu\u00e9s del procedimiento, pero estos eventualmente disminuyen. Para garantizar una recuperaci\u00f3n r\u00e1pida y exitosa, el Dr. Azouz proporcionar\u00e1 instrucciones postoperatorias durante sus citas de seguimiento de rutina. Despu\u00e9s de someterse a la correcci\u00f3n de la deformidad mamaria tubular con un aumento de senos, querr\u00e1 limitar las actividades y descansar durante los primeros d\u00edas despu\u00e9s de la cirug\u00eda. La mayor\u00eda de los pacientes pueden volver a realizar tareas ligeras como trabajo en computadora dentro de los primeros d\u00edas posteriores a la cirug\u00eda. Actividades m\u00e1s vigorosas se incorporar\u00e1n gradualmente en su rutina diaria en las semanas siguientes con la <a href=\"https:\/\/www.drazouz.com\/es\/blog\/tips-for-a-successful-breast-augmentation-recovery\/\">orientaci\u00f3n del Dr. Azouz<\/a>.<\/p>\n<h2>Combinaci\u00f3n de Cirug\u00eda de Correcci\u00f3n de Senos Tubulares con Otros Procedimientos<\/h2>\n<p><img decoding=\"async\" src=\"https:\/\/www.drazouz.com\/wp-content\/uploads\/2022\/08\/white-bra-women-crossed-arms-1.png\" alt=\"mujer con los brazos cruzados\" class=\"alignright\" width=\"330\" \/>Existen muchos otros procedimientos de cirug\u00eda pl\u00e1stica que el Dr. Azouz puede realizar en combinaci\u00f3n con su procedimiento de correcci\u00f3n de deformidad mamaria tubular. El Dr. Azouz personalizar\u00e1 el plan de tratamiento para cumplir con los objetivos personalizados de cada paciente. Algunas de estas cirug\u00edas combinadas incluyen:<\/p>\n<ul>\n<li><a href=\"https:\/\/www.drazouz.com\/es\/breast-lift\/\">Levantamiento de senos<\/a><\/li>\n<li><a href=\"https:\/\/www.drazouz.com\/es\/nipple-reduction\/\">Reducci\u00f3n de pez\u00f3n\/areola<\/a><\/li>\n<li><a href=\"https:\/\/www.drazouz.com\/es\/arm-lift\/\">Braquioplastia (Levantamiento de brazos)<\/a><\/li>\n<li><a href=\"https:\/\/www.drazouz.com\/es\/liposuction\/\">Liposucci\u00f3n<\/a><\/li>\n<li><a href=\"https:\/\/www.drazouz.com\/es\/tummy-tuck-in-dallas\/\">Abdominoplastia<\/a><\/li>\n<li><a href=\"https:\/\/www.drazouz.com\/es\/thigh-lift\/\">Levantamiento de muslos<\/a><\/li>\n<li><a href=\"https:\/\/www.drazouz.com\/es\/facelift\/\">Estiramiento facial<\/a><\/li>\n<li><a href=\"https:\/\/www.drazouz.com\/es\/eyelid-surgery-blepharoplasty\/\">Cirug\u00eda de p\u00e1rpados (Blefaroplastia)<\/a><\/li>\n<li><a href=\"https:\/\/www.drazouz.com\/es\/otoplasty-ear-pinning\/\">Cirug\u00eda de orejas (Otoplastia)<\/a><\/li>\n<\/ul>\n<h2>Costo de la Cirug\u00eda de Correcci\u00f3n de Senos Tubulares<\/h2>\n<p>El costo de corregir la deformidad mamaria tubular se basa en factores como la extensi\u00f3n del procedimiento y la opci\u00f3n quir\u00fargica que elija, y var\u00eda considerablemente. Los pacientes pueden obtener un <a href=\"https:\/\/www.drazouz.com\/es\/fees-insurance\/\">presupuesto personalizado<\/a> del Dr. Azouz durante su consulta, que incluye honorarios quir\u00fargicos, costos de anestesia y gastos de instalaciones.<\/p>\n<h2>Resultados de la Cirug\u00eda de Correcci\u00f3n de Senos Tubulares<\/h2>\n<p>Despu\u00e9s de la correcci\u00f3n de senos tubulares, muchos pacientes notan un aumento en la confianza con sus senos m\u00e1s llenos y sim\u00e9tricos. El cirujano pl\u00e1stico de Dallas, el Dr. Azouz, se especializa en tratar la deformidad mamaria tubular con procedimientos quir\u00fargicos personalizados y completos que brindan a los pacientes la oportunidad de obtener resultados que son est\u00e9ticamente agradables y de aspecto natural. Despu\u00e9s de la cirug\u00eda, muchas mujeres se sienten seguras con sus senos m\u00e1s llenos y sim\u00e9tricos. Muchas pacientes informan poder usar una mayor variedad de opciones de ropa, incluidos sujetadores y trajes de ba\u00f1o.<\/p>\n<h2>Programar una Consulta con el Dr. Azouz<\/h2>\n<p>Si le preocupa la deformidad mamaria tubular, programe una consulta con el cirujano pl\u00e1stico certificado, el Dr. Azouz, en Dallas. El Dr. Azouz ofrece citas virtuales para pacientes que est\u00e1n considerando viajar a Dallas para cirug\u00eda pl\u00e1stica. Llame a la oficina al <a href=\"tel:9727028888\" class=\"phone_anchor \" aria-label=\"ll\u00e1manos (972) 702-8888\">(972) 702-8888<\/a> o <a href=\"https:\/\/www.drazouz.com\/es\/contact\/\">cont\u00e1ctenos en l\u00ednea<\/a> para programar su consulta.<\/p>\n<h3>Preguntas Frecuentes<\/h3>\n<dl id=\"faq-1\" class=\"flc-faq\"><dt id=\"l11\"><button class=\"card-header collapsed d-flex align-items-center w-100 text-left\" data-toggle=\"collapse\" data-target=\"#t11\" aria-expanded=\"false\" aria-controls=\"t11\"><i class=\"ml-1 fas fa-chevron-down\"><\/i> \u00bfC\u00f3mo s\u00e9 si tengo \"senos tubulares\"?<\/button><\/dt><dd id=\"t11\" class=\"m-0 collapse\" aria-labelledby=\"l11\" aria-expanded=\"false\" data-parent=\"#faq-1\"><div class=\"card-body\"><p>Si tus senos tienen m\u00e1s una forma ovalada que redonda. En algunos pacientes, tambi\u00e9n puede haber un aspecto ca\u00eddo en el seno. Durante tu consulta con el Dr. Azouz, \u00e9l realizar\u00e1 un examen f\u00edsico que puede confirmar la deformidad mamaria tubular.<\/p>\n<\/div><\/dd><dt id=\"l12\"><button class=\"card-header collapsed d-flex align-items-center w-100 text-left\" data-toggle=\"collapse\" data-target=\"#t12\" aria-expanded=\"false\" aria-controls=\"t12\"><i class=\"ml-1 fas fa-chevron-down\"><\/i> \u00bfQu\u00e9 causa la deformidad mamaria tubular?<\/button><\/dt><dd id=\"t12\" class=\"m-0 collapse\" aria-labelledby=\"l12\" aria-expanded=\"false\" data-parent=\"#faq-1\"><div class=\"card-body\"><p>La causa directa de la deformidad mamaria tubular es desconocida. Sin embargo, se cree que ocurre como resultado de una combinaci\u00f3n de factores gen\u00e9ticos y cambios hormonales. Usualmente no se nota hasta la pubertad.<\/p>\n<\/div><\/dd><dt id=\"l13\"><button class=\"card-header collapsed d-flex align-items-center w-100 text-left\" data-toggle=\"collapse\" data-target=\"#t13\" aria-expanded=\"false\" aria-controls=\"t13\"><i class=\"ml-1 fas fa-chevron-down\"><\/i> \u00bfC\u00f3mo se corrige la deformidad mamaria tubular?<\/button><\/dt><dd id=\"t13\" class=\"m-0 collapse\" aria-labelledby=\"l13\" aria-expanded=\"false\" data-parent=\"#faq-1\"><div class=\"card-body\"><p>Existen pocas opciones quir\u00fargicas para pacientes femeninas con deformidad mamaria tubular. La remodelaci\u00f3n del seno tubular se puede realizar con o sin implantes mamarios (aumento de senos). Durante tu consulta, el Dr. Azouz revisar\u00e1 las opciones quir\u00fargicas que mejor logren tus objetivos est\u00e9ticos.<\/p>\n<\/div><\/dd><\/dl>\n","protected":false},"excerpt":{"rendered":"<p>La deformidad mamaria tubular, tambi\u00e9n conocida como \u00absenos tubulares\u00bb, senos tuberosos o senos constrictos, ocurre cuando los<br \/><a href=\"https:\/\/www.drazouz.com\/es\/tubular-breast-correction-surgery\/\" class=\"btn btn-blue mt-3\">Sigue leyendo<\/a><\/p>\n","protected":false},"author":1,"featured_media":8198,"parent":3795,"menu_order":0,"comment_status":"closed","ping_status":"closed","template":"","meta":{"_acf_changed":false,"footnotes":""},"class_list":["post-3897","page","type-page","status-publish","has-post-thumbnail"],"acf":[],"yoast_head":"<!-- This site is optimized with the Yoast SEO plugin v27.4 - https:\/\/yoast.com\/product\/yoast-seo-wordpress\/ -->\n<title>Cirug\u00eda de correcci\u00f3n de mama tubular Dallas | Plano | Richardson<\/title>\n<meta name=\"description\" content=\"La deformidad tubular o tuberosa de la mama se corrige con cirug\u00eda est\u00e9tica. Programe una consulta con el Dr. Azouz para evaluar su caso llamando al 972 702 8888.\" \/>\n<meta name=\"robots\" content=\"index, follow, max-snippet:-1, max-image-preview:large, max-video-preview:-1\" \/>\n<link rel=\"canonical\" href=\"https:\/\/www.drazouz.com\/es\/tubular-breast-correction-surgery\/\" \/>\n<meta property=\"og:locale\" content=\"es_ES\" \/>\n<meta property=\"og:type\" content=\"article\" \/>\n<meta property=\"og:title\" content=\"Cirug\u00eda de correcci\u00f3n de mama tubular Dallas | Plano | Richardson\" \/>\n<meta property=\"og:description\" content=\"La deformidad tubular o tuberosa de la mama se corrige con cirug\u00eda est\u00e9tica. Programe una consulta con el Dr. Azouz para evaluar su caso llamando al 972 702 8888.\" \/>\n<meta property=\"og:url\" content=\"https:\/\/www.drazouz.com\/es\/tubular-breast-correction-surgery\/\" \/>\n<meta property=\"og:site_name\" content=\"Azouz Cirug\u00eda Pl\u00e1stica y Est\u00e9tica\" \/>\n<meta property=\"article:modified_time\" content=\"2024-02-06T09:46:15+00:00\" \/>\n<meta property=\"og:image\" content=\"https:\/\/www.drazouz.com\/wp-content\/uploads\/2023\/12\/Tubular-Breast.jpg\" \/>\n<meta name=\"twitter:card\" content=\"summary_large_image\" \/>\n<meta name=\"twitter:image\" content=\"https:\/\/www.drazouz.com\/wp-content\/uploads\/2023\/12\/Tubular-Breast.jpg\" \/>\n<meta name=\"twitter:label1\" content=\"Tiempo de lectura\" \/>\n\t<meta name=\"twitter:data1\" content=\"6 minutos\" \/>\n<!-- \/ Yoast SEO plugin. -->","yoast_head_json":{"title":"Cirug\u00eda de correcci\u00f3n de mama tubular Dallas | Plano | Richardson","description":"La deformidad tubular o tuberosa de la mama se corrige con cirug\u00eda est\u00e9tica. Programe una consulta con el Dr. Azouz para evaluar su caso llamando al 972 702 8888.","robots":{"index":"index","follow":"follow","max-snippet":"max-snippet:-1","max-image-preview":"max-image-preview:large","max-video-preview":"max-video-preview:-1"},"canonical":"https:\/\/www.drazouz.com\/es\/tubular-breast-correction-surgery\/","og_locale":"es_ES","og_type":"article","og_title":"Cirug\u00eda de correcci\u00f3n de mama tubular Dallas | Plano | Richardson","og_description":"La deformidad tubular o tuberosa de la mama se corrige con cirug\u00eda est\u00e9tica. Programe una consulta con el Dr. Azouz para evaluar su caso llamando al 972 702 8888.","og_url":"https:\/\/www.drazouz.com\/es\/tubular-breast-correction-surgery\/","og_site_name":"Azouz Cirug\u00eda Pl\u00e1stica y Est\u00e9tica","article_modified_time":"2024-02-06T09:46:15+00:00","og_image":[{"url":"https:\/\/www.drazouz.com\/wp-content\/uploads\/2023\/12\/Tubular-Breast.jpg","type":"","width":"","height":""}],"twitter_card":"summary_large_image","twitter_image":"https:\/\/www.drazouz.com\/wp-content\/uploads\/2023\/12\/Tubular-Breast.jpg","twitter_misc":{"Tiempo de lectura":"6 minutos"},"schema":{"@context":"https:\/\/schema.org","@graph":[{"@type":"WebPage","@id":"https:\/\/www.drazouz.com\/es\/tubular-breast-correction-surgery\/","url":"https:\/\/www.drazouz.com\/es\/tubular-breast-correction-surgery\/","name":"Cirug\u00eda de correcci\u00f3n de mama tubular Dallas | Plano | Richardson","isPartOf":{"@id":"https:\/\/www.drazouz.com\/es\/#website"},"primaryImageOfPage":{"@id":"https:\/\/www.drazouz.com\/es\/tubular-breast-correction-surgery\/#primaryimage"},"image":{"@id":"https:\/\/www.drazouz.com\/es\/tubular-breast-correction-surgery\/#primaryimage"},"thumbnailUrl":"https:\/\/www.drazouz.com\/wp-content\/uploads\/2023\/12\/Tubular-Breast.jpg","datePublished":"2022-07-26T15:58:06+00:00","dateModified":"2024-02-06T09:46:15+00:00","description":"La deformidad tubular o tuberosa de la mama se corrige con cirug\u00eda est\u00e9tica. Programe una consulta con el Dr. Azouz para evaluar su caso llamando al 972 702 8888.","breadcrumb":{"@id":"https:\/\/www.drazouz.com\/es\/tubular-breast-correction-surgery\/#breadcrumb"},"inLanguage":"es","potentialAction":[{"@type":"ReadAction","target":["https:\/\/www.drazouz.com\/es\/tubular-breast-correction-surgery\/"]}]},{"@type":"ImageObject","inLanguage":"es","@id":"https:\/\/www.drazouz.com\/es\/tubular-breast-correction-surgery\/#primaryimage","url":"https:\/\/www.drazouz.com\/wp-content\/uploads\/2023\/12\/Tubular-Breast.jpg","contentUrl":"https:\/\/www.drazouz.com\/wp-content\/uploads\/2023\/12\/Tubular-Breast.jpg","width":1920,"height":820,"caption":"Tubular Breast illustrations"},{"@type":"BreadcrumbList","@id":"https:\/\/www.drazouz.com\/es\/tubular-breast-correction-surgery\/#breadcrumb","itemListElement":[{"@type":"ListItem","position":1,"name":"Home","item":"https:\/\/www.drazouz.com\/es\/"},{"@type":"ListItem","position":2,"name":"Procedimientos","item":"https:\/\/www.drazouz.com\/es\/procedimientos\/"},{"@type":"ListItem","position":3,"name":"Busto","item":"https:\/\/www.drazouz.com\/es\/breast\/"},{"@type":"ListItem","position":4,"name":"Deformidad Tubular de la Mama"}]},{"@type":"WebSite","@id":"https:\/\/www.drazouz.com\/es\/#website","url":"https:\/\/www.drazouz.com\/es\/","name":"Azouz Cirug\u00eda Pl\u00e1stica y Est\u00e9tica","description":"","potentialAction":[{"@type":"SearchAction","target":{"@type":"EntryPoint","urlTemplate":"https:\/\/www.drazouz.com\/es\/?s={search_term_string}"},"query-input":{"@type":"PropertyValueSpecification","valueRequired":true,"valueName":"search_term_string"}}],"inLanguage":"es"}]}},"_links":{"self":[{"href":"https:\/\/www.drazouz.com\/es\/wp-json\/wp\/v2\/pages\/3897","targetHints":{"allow":["GET"]}}],"collection":[{"href":"https:\/\/www.drazouz.com\/es\/wp-json\/wp\/v2\/pages"}],"about":[{"href":"https:\/\/www.drazouz.com\/es\/wp-json\/wp\/v2\/types\/page"}],"author":[{"embeddable":true,"href":"https:\/\/www.drazouz.com\/es\/wp-json\/wp\/v2\/users\/1"}],"replies":[{"embeddable":true,"href":"https:\/\/www.drazouz.com\/es\/wp-json\/wp\/v2\/comments?post=3897"}],"version-history":[{"count":15,"href":"https:\/\/www.drazouz.com\/es\/wp-json\/wp\/v2\/pages\/3897\/revisions"}],"predecessor-version":[{"id":11959,"href":"https:\/\/www.drazouz.com\/es\/wp-json\/wp\/v2\/pages\/3897\/revisions\/11959"}],"up":[{"embeddable":true,"href":"https:\/\/www.drazouz.com\/es\/wp-json\/wp\/v2\/pages\/3795"}],"wp:featuredmedia":[{"embeddable":true,"href":"https:\/\/www.drazouz.com\/es\/wp-json\/wp\/v2\/media\/8198"}],"wp:attachment":[{"href":"https:\/\/www.drazouz.com\/es\/wp-json\/wp\/v2\/media?parent=3897"}],"curies":[{"name":"wp","href":"https:\/\/api.w.org\/{rel}","templated":true}]}}