{"id":3894,"date":"2022-07-26T10:36:17","date_gmt":"2022-07-26T15:36:17","guid":{"rendered":"https:\/\/www.drazouz.com\/?page_id=3894"},"modified":"2023-12-21T12:52:05","modified_gmt":"2023-12-21T17:52:05","slug":"deformidad-de-la-pared-toracica-pectus","status":"publish","type":"page","link":"https:\/\/www.drazouz.com\/es\/pectus-deformities\/","title":{"rendered":"Deformidad de la Pared Tor\u00e1cica (Pectus)"},"content":{"rendered":"<p>Las malformaciones cong\u00e9nitas m\u00e1s comunes de la pared \u00f3sea del t\u00f3rax son Pectus Excavatum y Pectus Carinatum. Las personas con esta afecci\u00f3n pueden tener un impacto fisiol\u00f3gico o psicol\u00f3gico en sus vidas. Los pacientes con pectus excavatum y Pectus Carinatum pueden someterse a una <a href=\"https:\/\/www.drazouz.com\/es\/breast\/\">cirug\u00eda pl\u00e1stica en Dallas<\/a> con el Dr. Azouz para corregir la deformidad de la pared tor\u00e1cica con excelentes resultados. Solicite una consulta con el Dr. Azouz al <a href=\"tel:9727028888\" class=\"phone_anchor \" aria-label=\"ll\u00e1manos (972) 702-8888\">(972) 702-8888<\/a> y d\u00e9 el primer paso para corregir y mejorar la apariencia de su pecho.<\/p>\n<h2>\u00bfSoy candidato para la cirug\u00eda de deformidad de la pared tor\u00e1cica?<\/h2>\n<p><img decoding=\"async\" src=\"https:\/\/www.drazouz.com\/wp-content\/uploads\/2022\/08\/Male-Pectus-Dr.-Azouz-Dallas-TX.jpg\" alt=\"picture of male pectus\" class=\"alignright\" \/><\/p>\n<p>Las deformidades de la pared tor\u00e1cica suelen ser gen\u00e9ticas y, en ocasiones, pueden asociarse con escoliosis, s\u00edndrome de Poland o s\u00edndrome de Marfans. La mayor\u00eda de los pacientes presentar\u00e1n anomal\u00edas de la pared tor\u00e1cica al nacer o en la primera infancia. Se cree que las deformidades de la pared tor\u00e1cica se producen como resultado de un crecimiento descoordinado entre las costillas y la pared tor\u00e1cica. El trauma tambi\u00e9n puede provocar deformidad o asimetr\u00eda en el pecho.  <\/p>\n<p>Estas condiciones pueden persistir despu\u00e9s de una reconstrucci\u00f3n de la pared tor\u00e1cica y muchos hombres y mujeres buscan cirug\u00eda pl\u00e1stica con el Dr. Azouz para mejorar la apariencia de su pecho o senos.<\/p>\n<h2>\u00bfQu\u00e9 es el Pectus Excavatum?<\/h2>\n<p>El pectus excavatum es una deformidad c\u00f3ncava de la pared tor\u00e1cica en la que el estern\u00f3n y \/ o las costillas parecen estar hundidos y, en ocasiones, se lo denomina \u00abpecho en embudo\u00bb o \u00abpecho hundido\u00bb. El pectus excavatum generalmente se presenta en beb\u00e9s y beb\u00e9s peque\u00f1os. Muchos pacientes se someten a cirug\u00eda para corregir las anomal\u00edas \u00f3seas cuando eran ni\u00f1os.<\/p>\n<h2>\u00bfQu\u00e9 es Pectus C?arinatum?<\/h2>\n<p>El pectus carinatum es una deformidad de la pared tor\u00e1cica que hace que el estern\u00f3n (hueso del pecho) sobresalga hacia afuera en lugar de quedar plano a lo largo del t\u00f3rax. Pectus carinatum tambi\u00e9n se llama \u00abpecho de paloma\u00bb o \u00abpecho de quilla\u00bb. El pectus carinatum generalmente se presenta como un estern\u00f3n sobredesarrollado y puede variar en su gravedad y puede estar asociado con S\u00edndrome de polonia.<\/p>\n<p>El cirujano pl\u00e1stico Dr. David Azouz trata las anomal\u00edas comunes del tejido blando del t\u00f3rax que se presentan con deformidad del pectus, que incluyen:<\/p>\n<ul>\n<li>ginecomastia<\/li>\n<li>lipodistrofia (grasa obstinada)<\/li>\n<li>micromastia (senos peque\u00f1os)<\/li>\n<li>asimetr\u00eda de pecho \/ seno<\/li>\n<li>pez\u00f3n \/ asimetr\u00eda areolar<\/li>\n<li>senos ca\u00eddos (ptosis mamaria)<\/li>\n<\/ul>\n<h2>Cirug\u00eda de deformidad de la pared tor\u00e1cica beneficios<\/h2>\n<ul>\n<li>Excelentes resultados funcionales y cosm\u00e9ticos a largo plazo<\/li>\n<li>Restaurar la expansi\u00f3n normal del pecho<\/li>\n<li>Reduce las molestias en el pecho<\/li>\n<\/ul>\n<h2>Anestesia para la cirug\u00eda de deformidad de la pared tor\u00e1cica<\/h2>\n<p>La anestesia local con sedaci\u00f3n se utiliza en pacientes que se someten a cirug\u00eda para corregir la deformidad de la pared tor\u00e1cica.<\/p>\n<h2>Recuperaci\u00f3n de la cirug\u00eda de deformidad de la pared tor\u00e1cica<\/h2>\n<p>El cirujano pl\u00e1stico de Dallas, Dr. Azouz, realiza de forma rutinaria la correcci\u00f3n de las deformidades de la pared tor\u00e1cica como una cirug\u00eda ambulatoria, lo que significa que el paciente regresar\u00e1 a casa de la cirug\u00eda el mismo d\u00eda. La experiencia generalmente se asocia con mucho menos malestar que la cirug\u00eda \u00f3sea original que los pacientes han experimentado con sus operaciones esternal anteriores. Los pacientes usan prendas de compresi\u00f3n durante seis semanas despu\u00e9s de la cirug\u00eda y el Dr. Azouz no coloca drenajes de manera rutinaria. Los pacientes generalmente evitan el ejercicio ligero durante 10 a 14 d\u00edas despu\u00e9s de la cirug\u00eda. Los pacientes generalmente regresan al ejercicio intenso, incluidos CrossFit, escalada en roca y deportes sin contacto 6 semanas despu\u00e9s de la cirug\u00eda.<\/p>\n<h2>Cicatrizaci\u00f3n despu\u00e9s de la cirug\u00eda de deformidad de la pared tor\u00e1cica<\/h2>\n<p><img decoding=\"async\" src=\"https:\/\/www.drazouz.com\/wp-content\/uploads\/2022\/08\/image.png\" alt=\"scars on man and woman chest\" class=\"alignleft\" \/><\/p>\n<p>Aunque la mayor\u00eda de los pacientes con deformidades del pectus se reparan durante la infancia, muchos tienen cicatrices persistentes y anomal\u00edas en el contorno que pueden resultar molestas en el futuro. Estas cicatrices pueden ser hipertr\u00f3picas y dolorosas. Los pacientes que se han sometido a una cirug\u00eda de coraz\u00f3n o pulm\u00f3n tambi\u00e9n pueden tener cicatrices similares. Aunque las deformidades, asimetr\u00edas o irregularidades del contorno pueden no ser funcionalmente sintom\u00e1ticas, muchos pacientes quieren corregir el aspecto de su pecho. La cirug\u00eda cosm\u00e9tica de pectus para estas afecciones puede ser asequible y, a menudo, el costo no es prohibitivo.<\/p>\n<h2>Combinaci\u00f3n de una cirug\u00eda de deformidad de la pared tor\u00e1cica con otras cirug\u00edas pl\u00e1sticas para mejorar la apariencia del t\u00f3rax<\/h2>\n<p>Los procedimientos de Nuss y Ravitch son cirug\u00edas efectivas para mejorar la forma y el contorno de la pared tor\u00e1cica para evitar la compresi\u00f3n del coraz\u00f3n y los pulmones. Desafortunadamente, muchos pacientes quedan con irregularidades en el contorno, cicatrices y deformidades est\u00e9ticas persistentes de la mama y el pecho. Los hombres suelen presentar ginecomastia simult\u00e1nea o asimetr\u00eda significativa. Las mujeres suelen presentar senos hipopl\u00e1sicos (peque\u00f1os) o anomal\u00edas en los senos. El Dr. Azouz puede utilizar m\u00faltiples t\u00e9cnicas para mejorar el contorno del t\u00f3rax en pacientes que se han sometido previamente a una cirug\u00eda de la pared tor\u00e1cica. <\/p>\n<p><img decoding=\"async\" src=\"https:\/\/www.drazouz.com\/wp-content\/uploads\/2022\/08\/Pectus-1-e1604693640599.jpg\" alt=\"male chest with pectus\" class=\"alignright\" width=\"300\" \/><strong>Para los hombres:<\/strong><\/p>\n<ul>\n<li>Implantes de pec<\/li>\n<li>Liposucci\u00f3n<\/li>\n<li>Eliminaci\u00f3n de ginecomastia<\/li>\n<li>Pez\u00f3n \/ Areolar reducci\u00f3n o aumento<\/li>\n<li>Injerto De Grasa<\/li>\n<li>Revisi\u00f3n de Cicatrices<\/li>\n<\/ul>\n<p><strong>Para mujeres:<\/strong><\/p>\n<ul>\n<li>Aumento de senos con silicona o implantes salinos<\/li>\n<li>Mastopexia (levantamiento de senos)<\/li>\n<li>Reducci\u00f3n del pez\u00f3n \/ areolar o aumento<\/li>\n<li>Liposucci\u00f3n<\/li>\n<li>Injerto De Grasa<\/li>\n<li>Revisi\u00f3n de Cicatrices<\/li>\n<\/ul>\n<h3>\u00bfPor qu\u00e9 las mujeres eligen el aumento de senos despu\u00e9s de la cirug\u00eda esternal \/ costilla?<\/h3>\n<p>Las mujeres a menudo pueden tener deformidades mamarias concomitantes, como hipoplasia mamaria (mamas peque\u00f1as) o asimetr\u00eda mamaria. Muchas mujeres descubren que el aumento de senos despu\u00e9s de la colocaci\u00f3n o extracci\u00f3n de la barra puede mejorar el aspecto y la simetr\u00eda del pecho y ocultar o camuflar las irregularidades del contorno.<\/p>\n<p><img decoding=\"async\" src=\"https:\/\/www.drazouz.com\/wp-content\/uploads\/2022\/08\/Pectus-7.jpg\" alt=\"woman holding her breast\" class=\"alignright\" width=\"500\" \/><\/p>\n<h2>Costo de la cirug\u00eda de deformidad de la pared tor\u00e1cica<\/h2>\n<p>Los costos de la correcci\u00f3n de la deformidad de la pared tor\u00e1cica \/ cirug\u00eda de pectus pueden variar ampliamente. Los pacientes deben considerar las instalaciones, los honorarios del cirujano, la anestesia, la ubicaci\u00f3n y los gastos posoperatorios en el costo final de la cirug\u00eda. El Dr. Azouz determinar\u00e1 el costo de la cirug\u00eda de reparaci\u00f3n de la deformidad de la pared tor\u00e1cica despu\u00e9s de un examen f\u00edsico de cada paciente. y proporcionar informaci\u00f3n sobre opciones de financiaci\u00f3n para realizar una cirug\u00eda asequible para la deformidad de la pared tor\u00e1cica para sus pacientes<\/p>\n<h2>Deformidad de la pared tor\u00e1cica resultados de la cirug\u00eda<\/h2>\n<p>Varios estudios han demostrado una alta satisfacci\u00f3n despu\u00e9s de la cirug\u00eda pl\u00e1stica en pacientes con antecedentes de deformidad de la pared tor\u00e1cica. Los pacientes a menudo se sienten m\u00e1s c\u00f3modos con trajes de ba\u00f1o y ropa ajustada.<\/p>\n<h2>Programe una consulta con el Dr. Azouz<\/h2>\n<p>Muchos pacientes optan por mejorar su pecho con implantes de pectorales, implantes mamarios, liposucci\u00f3n y revisi\u00f3n de cicatrices. Programe nuestra consulta en persona con el Dr. Azouz hoy mismo llamando al <a href=\"tel:9727028888\" class=\"phone_anchor \" aria-label=\"ll\u00e1manos (972) 702-8888\">(972) 702-8888<\/a> or <a title=\"Contact Azouz Cosmetic &amp; Plastic Surgery in Dallas TX\" href=\"https:\/\/www.drazouz.com\/es\/contact\/\"><em><strong>cont\u00e1ctanos<\/strong><\/em><\/a> para solicitar su consulta virtual.<\/p>\n<h3>Preguntas Frecuentes<\/h3>\n<dl id=\"faq-1\" class=\"flc-faq\"><dt id=\"l11\"><button class=\"card-header collapsed d-flex align-items-center w-100 text-left\" data-toggle=\"collapse\" data-target=\"#t11\" aria-expanded=\"false\" aria-controls=\"t11\"><i class=\"ml-1 fas fa-chevron-down\"><\/i> \u00bfES GRAVE EL PECTUS EXCAVATUM?<\/button><\/dt><dd id=\"t11\" class=\"m-0 collapse\" aria-labelledby=\"l11\" aria-expanded=\"false\" data-parent=\"#faq-1\"><div class=\"card-body\"><p>El pectus excavatum y el pectus carinatum suelen ser un problema cosm\u00e9tico para los pacientes mayores. En la ni\u00f1ez y especialmente al nacer, la afecci\u00f3n puede ser peligrosa y, a menudo, requiere cirug\u00eda tor\u00e1cica.<\/p>\n<\/div><\/dd><dt id=\"l12\"><button class=\"card-header collapsed d-flex align-items-center w-100 text-left\" data-toggle=\"collapse\" data-target=\"#t12\" aria-expanded=\"false\" aria-controls=\"t12\"><i class=\"ml-1 fas fa-chevron-down\"><\/i> \u00bfPUEDE DESAPARECER EL PECTUS EXCAVATUM?<\/button><\/dt><dd id=\"t12\" class=\"m-0 collapse\" aria-labelledby=\"l12\" aria-expanded=\"false\" data-parent=\"#faq-1\"><div class=\"card-body\"><p>Si bien las deformidades de los pectus que son leves pueden ser menos notorias a medida que un paciente aumenta de peso y tejido mamario, son trastornos anat\u00f3micos de la caja tor\u00e1cica que generalmente no desaparecen por s\u00ed solas.<\/p>\n<\/div><\/dd><dt id=\"l13\"><button class=\"card-header collapsed d-flex align-items-center w-100 text-left\" data-toggle=\"collapse\" data-target=\"#t13\" aria-expanded=\"false\" aria-controls=\"t13\"><i class=\"ml-1 fas fa-chevron-down\"><\/i> \u00bfEL PECTUS EXCAVATUM EMPEORA CON LA EDAD?<\/button><\/dt><dd id=\"t13\" class=\"m-0 collapse\" aria-labelledby=\"l13\" aria-expanded=\"false\" data-parent=\"#faq-1\"><div class=\"card-body\"><p>El pectus excavatum o carinatum puede verse mejor o peor seg\u00fan el peso corporal y el tama\u00f1o del pecho del paciente. Muchos pacientes sienten que se ven m\u00e1s asim\u00e9tricos si tienen agrandamiento de los senos o si tienen tejido de ginecomastia.<\/p>\n<\/div><\/dd><dt id=\"l14\"><button class=\"card-header collapsed d-flex align-items-center w-100 text-left\" data-toggle=\"collapse\" data-target=\"#t14\" aria-expanded=\"false\" aria-controls=\"t14\"><i class=\"ml-1 fas fa-chevron-down\"><\/i> \u00bfEL EJERCICIO PUEDE ARREGLAR EL PECTUS EXCAVATUM?<\/button><\/dt><dd id=\"t14\" class=\"m-0 collapse\" aria-labelledby=\"l14\" aria-expanded=\"false\" data-parent=\"#faq-1\"><div class=\"card-body\"><p>El ejercicio puede agrandar los m\u00fasculos pectorales, pero generalmente no corrige una deformidad del pectus.<\/p>\n<\/div><\/dd><dt id=\"l15\"><button class=\"card-header collapsed d-flex align-items-center w-100 text-left\" data-toggle=\"collapse\" data-target=\"#t15\" aria-expanded=\"false\" aria-controls=\"t15\"><i class=\"ml-1 fas fa-chevron-down\"><\/i> \u00bfEL PECTUS EXCAVATUM ES GEN\u00c9TICO?<\/button><\/dt><dd id=\"t15\" class=\"m-0 collapse\" aria-labelledby=\"l15\" aria-expanded=\"false\" data-parent=\"#faq-1\"><div class=\"card-body\"><p>Las deformidades de los pectus, como un pectus excavatum, generalmente se dan en familias.<\/p>\n<\/div><\/dd><\/dl>\n","protected":false},"excerpt":{"rendered":"<p>Las malformaciones cong\u00e9nitas m\u00e1s comunes de la pared \u00f3sea del t\u00f3rax son Pectus Excavatum y Pectus Carinatum.<br \/><a href=\"https:\/\/www.drazouz.com\/es\/pectus-deformities\/\" class=\"btn btn-blue mt-3\">Sigue leyendo<\/a><\/p>\n","protected":false},"author":1,"featured_media":5887,"parent":3802,"menu_order":0,"comment_status":"closed","ping_status":"closed","template":"","meta":{"_acf_changed":false,"footnotes":""},"class_list":["post-3894","page","type-page","status-publish","has-post-thumbnail"],"acf":[],"yoast_head":"<!-- This site is optimized with the Yoast SEO plugin v26.6 - https:\/\/yoast.com\/wordpress\/plugins\/seo\/ -->\n<title>Cirug\u00eda de Pectus Excavatum y Carinatum Dallas | Plano | Richardson<\/title>\n<meta name=\"description\" content=\"El cirujano pl\u00e1stico Dr. Azouz trata pectus excavatum &amp; Carinatum en Dallas con las \u00faltimas t\u00e9cnicas para reconstruir y mejorar el pecho. Llame al 972 702 8888\" \/>\n<meta name=\"robots\" content=\"index, follow, max-snippet:-1, max-image-preview:large, max-video-preview:-1\" \/>\n<link rel=\"canonical\" href=\"https:\/\/www.drazouz.com\/es\/pectus-deformities\/\" \/>\n<meta property=\"og:locale\" content=\"es_ES\" \/>\n<meta property=\"og:type\" content=\"article\" \/>\n<meta property=\"og:title\" content=\"Cirug\u00eda de Pectus Excavatum y Carinatum Dallas | Plano | Richardson\" \/>\n<meta property=\"og:description\" content=\"El cirujano pl\u00e1stico Dr. Azouz trata pectus excavatum &amp; Carinatum en Dallas con las \u00faltimas t\u00e9cnicas para reconstruir y mejorar el pecho. Llame al 972 702 8888\" \/>\n<meta property=\"og:url\" content=\"https:\/\/www.drazouz.com\/es\/pectus-deformities\/\" \/>\n<meta property=\"og:site_name\" content=\"Azouz Cirug\u00eda Pl\u00e1stica y Est\u00e9tica\" \/>\n<meta property=\"article:modified_time\" content=\"2023-12-21T17:52:05+00:00\" \/>\n<meta property=\"og:image\" content=\"https:\/\/www.drazouz.com\/wp-content\/uploads\/2023\/08\/bigstock-Chest-Deformity-Birth-Defect-289050211.jpg\" \/><meta property=\"og:image\" content=\"https:\/\/www.drazouz.com\/wp-content\/uploads\/2023\/08\/bigstock-Chest-Deformity-Birth-Defect-289050211-1024x683.jpg\" \/>\n\t<meta property=\"og:image:width\" content=\"1024\" \/>\n\t<meta property=\"og:image:height\" content=\"683\" \/>\n\t<meta property=\"og:image:type\" content=\"image\/jpeg\" \/>\n<meta name=\"twitter:card\" content=\"summary_large_image\" \/>\n<meta name=\"twitter:image\" content=\"https:\/\/www.drazouz.com\/wp-content\/uploads\/2023\/08\/bigstock-Chest-Deformity-Birth-Defect-289050211.jpg\" \/>\n<meta name=\"twitter:label1\" content=\"Tiempo de lectura\" \/>\n\t<meta name=\"twitter:data1\" content=\"6 minutos\" \/>\n<!-- \/ Yoast SEO plugin. -->","yoast_head_json":{"title":"Cirug\u00eda de Pectus Excavatum y Carinatum Dallas | Plano | Richardson","description":"El cirujano pl\u00e1stico Dr. Azouz trata pectus excavatum & Carinatum en Dallas con las \u00faltimas t\u00e9cnicas para reconstruir y mejorar el pecho. Llame al 972 702 8888","robots":{"index":"index","follow":"follow","max-snippet":"max-snippet:-1","max-image-preview":"max-image-preview:large","max-video-preview":"max-video-preview:-1"},"canonical":"https:\/\/www.drazouz.com\/es\/pectus-deformities\/","og_locale":"es_ES","og_type":"article","og_title":"Cirug\u00eda de Pectus Excavatum y Carinatum Dallas | Plano | Richardson","og_description":"El cirujano pl\u00e1stico Dr. Azouz trata pectus excavatum & Carinatum en Dallas con las \u00faltimas t\u00e9cnicas para reconstruir y mejorar el pecho. Llame al 972 702 8888","og_url":"https:\/\/www.drazouz.com\/es\/pectus-deformities\/","og_site_name":"Azouz Cirug\u00eda Pl\u00e1stica y Est\u00e9tica","article_modified_time":"2023-12-21T17:52:05+00:00","og_image":[{"url":"https:\/\/www.drazouz.com\/wp-content\/uploads\/2023\/08\/bigstock-Chest-Deformity-Birth-Defect-289050211.jpg","type":"","width":"","height":""},{"width":1024,"height":683,"url":"https:\/\/www.drazouz.com\/wp-content\/uploads\/2023\/08\/bigstock-Chest-Deformity-Birth-Defect-289050211-1024x683.jpg","type":"image\/jpeg"}],"twitter_card":"summary_large_image","twitter_image":"https:\/\/www.drazouz.com\/wp-content\/uploads\/2023\/08\/bigstock-Chest-Deformity-Birth-Defect-289050211.jpg","twitter_misc":{"Tiempo de lectura":"6 minutos"},"schema":{"@context":"https:\/\/schema.org","@graph":[{"@type":"WebPage","@id":"https:\/\/www.drazouz.com\/es\/pectus-deformities\/","url":"https:\/\/www.drazouz.com\/es\/pectus-deformities\/","name":"Cirug\u00eda de Pectus Excavatum y Carinatum Dallas | Plano | Richardson","isPartOf":{"@id":"https:\/\/www.drazouz.com\/es\/#website"},"primaryImageOfPage":{"@id":"https:\/\/www.drazouz.com\/es\/pectus-deformities\/#primaryimage"},"image":{"@id":"https:\/\/www.drazouz.com\/es\/pectus-deformities\/#primaryimage"},"thumbnailUrl":"https:\/\/www.drazouz.com\/wp-content\/uploads\/2023\/08\/bigstock-Chest-Deformity-Birth-Defect-289050211.jpg","datePublished":"2022-07-26T15:36:17+00:00","dateModified":"2023-12-21T17:52:05+00:00","description":"El cirujano pl\u00e1stico Dr. Azouz trata pectus excavatum & Carinatum en Dallas con las \u00faltimas t\u00e9cnicas para reconstruir y mejorar el pecho. Llame al 972 702 8888","breadcrumb":{"@id":"https:\/\/www.drazouz.com\/es\/pectus-deformities\/#breadcrumb"},"inLanguage":"es","potentialAction":[{"@type":"ReadAction","target":["https:\/\/www.drazouz.com\/es\/pectus-deformities\/"]}]},{"@type":"ImageObject","inLanguage":"es","@id":"https:\/\/www.drazouz.com\/es\/pectus-deformities\/#primaryimage","url":"https:\/\/www.drazouz.com\/wp-content\/uploads\/2023\/08\/bigstock-Chest-Deformity-Birth-Defect-289050211.jpg","contentUrl":"https:\/\/www.drazouz.com\/wp-content\/uploads\/2023\/08\/bigstock-Chest-Deformity-Birth-Defect-289050211.jpg","width":2000,"height":1334,"caption":"concave chest men | pectus excavatum surgery in Dallas, TX by Dr. Azouz"},{"@type":"BreadcrumbList","@id":"https:\/\/www.drazouz.com\/es\/pectus-deformities\/#breadcrumb","itemListElement":[{"@type":"ListItem","position":1,"name":"Home","item":"https:\/\/www.drazouz.com\/es\/"},{"@type":"ListItem","position":2,"name":"Procedimientos","item":"https:\/\/www.drazouz.com\/es\/procedimientos\/"},{"@type":"ListItem","position":3,"name":"Hombres","item":"https:\/\/www.drazouz.com\/es\/for-men\/"},{"@type":"ListItem","position":4,"name":"Deformidad de la Pared Tor\u00e1cica (Pectus)"}]},{"@type":"WebSite","@id":"https:\/\/www.drazouz.com\/es\/#website","url":"https:\/\/www.drazouz.com\/es\/","name":"Azouz Cirug\u00eda Pl\u00e1stica y Est\u00e9tica","description":"","potentialAction":[{"@type":"SearchAction","target":{"@type":"EntryPoint","urlTemplate":"https:\/\/www.drazouz.com\/es\/?s={search_term_string}"},"query-input":{"@type":"PropertyValueSpecification","valueRequired":true,"valueName":"search_term_string"}}],"inLanguage":"es"}]}},"_links":{"self":[{"href":"https:\/\/www.drazouz.com\/es\/wp-json\/wp\/v2\/pages\/3894","targetHints":{"allow":["GET"]}}],"collection":[{"href":"https:\/\/www.drazouz.com\/es\/wp-json\/wp\/v2\/pages"}],"about":[{"href":"https:\/\/www.drazouz.com\/es\/wp-json\/wp\/v2\/types\/page"}],"author":[{"embeddable":true,"href":"https:\/\/www.drazouz.com\/es\/wp-json\/wp\/v2\/users\/1"}],"replies":[{"embeddable":true,"href":"https:\/\/www.drazouz.com\/es\/wp-json\/wp\/v2\/comments?post=3894"}],"version-history":[{"count":5,"href":"https:\/\/www.drazouz.com\/es\/wp-json\/wp\/v2\/pages\/3894\/revisions"}],"predecessor-version":[{"id":10092,"href":"https:\/\/www.drazouz.com\/es\/wp-json\/wp\/v2\/pages\/3894\/revisions\/10092"}],"up":[{"embeddable":true,"href":"https:\/\/www.drazouz.com\/es\/wp-json\/wp\/v2\/pages\/3802"}],"wp:featuredmedia":[{"embeddable":true,"href":"https:\/\/www.drazouz.com\/es\/wp-json\/wp\/v2\/media\/5887"}],"wp:attachment":[{"href":"https:\/\/www.drazouz.com\/es\/wp-json\/wp\/v2\/media?parent=3894"}],"curies":[{"name":"wp","href":"https:\/\/api.w.org\/{rel}","templated":true}]}}