{"id":3888,"date":"2022-07-26T10:14:37","date_gmt":"2022-07-26T15:14:37","guid":{"rendered":"https:\/\/www.drazouz.com\/?page_id=3888"},"modified":"2023-12-21T12:08:07","modified_gmt":"2023-12-21T17:08:07","slug":"revision-del-implante-reemplazo","status":"publish","type":"page","link":"https:\/\/www.drazouz.com\/es\/implant-revision-and-replacement\/","title":{"rendered":"Revisi\u00f3n del Implante + Reemplazo"},"content":{"rendered":"<p>La revisi\u00f3n y el reemplazo de implantes mamarios en Dallas tiene como objetivo reemplazar los implantes viejos por otros nuevos y mejorar la apariencia de los senos. Un <a href=\"https:\/\/www.drazouz.com\/es\/breast\/\">aumento de senos<\/a> puede dar resultados de por vida con implantes que duran d\u00e9cadas. El Dr. Azouz puede mejorar el aspecto y la sensaci\u00f3n de los senos con una recuperaci\u00f3n r\u00e1pida, sin drenajes y con un dolor m\u00ednimo. Solicite una consulta con el Dr. Azouz en Dallas llamando al <a href=\"tel:9727028888\" class=\"phone_anchor \" aria-label=\"ll\u00e1manos (972) 702-8888\">(972) 702-8888<\/a> y da el primer paso para realzar tu pecho.<\/p>\n<h2>\u00bfSoy candidato para la revisi\u00f3n y el reemplazo de implantes de Brest?<\/h2>\n<p>Muchas pacientes conservan sus implantes originales sin una revisi\u00f3n o reemplazo, pero deciden cambiar el tama\u00f1o, el tipo o la forma de sus implantes mamarios a\u00f1os despu\u00e9s. Muchos pacientes buscan cirujano pl\u00e1stico en Dallas Dr. Azouz por su experiencia en aumento de senos para crear un hermoso pecho revisado. Los pacientes que no est\u00e1n satisfechos con el aumento de senos realizado en otro lugar buscan revisi\u00f3n y reemplazo por muchas razones, que incluyen:<\/p>\n<p><img decoding=\"async\" src=\"https:\/\/www.drazouz.com\/wp-content\/uploads\/2022\/08\/white-bra-breast-women.png\" alt=\"woman touching her breast in bra\" class=\"alignright\" width=\"400\" \/><\/p>\n<ul>\n<li>Asimetr\u00eda<\/li>\n<li>Contractura capsular<\/li>\n<li>Malposici\u00f3n<\/li>\n<li>Deflaci\u00f3n<\/li>\n<li>Flacidez (tocando fondo)<\/li>\n<\/ul>\n<p>Con el tiempo, los implantes pueden romperse. Las rupturas tienen diferentes s\u00edntomas para los implantes mamarios de soluci\u00f3n salina, silicona o gel cohesivo. Aunque es raro, las mujeres deben ser conscientes de los signos de una fuga o ruptura del implante. Si se sospecha una ruptura, la mayor\u00eda de los pacientes desean que el implante sea removido y reemplazado de inmediato.<\/p>\n<h2>Signos y s\u00edntomas de una rotura de implante mamario<\/h2>\n<p><strong>Implantes salinos:<\/strong><\/p>\n<ul>\n<li>Desinflado r\u00e1pido<\/li>\n<li>Cambio de tama\u00f1o o simetr\u00eda del seno<\/li>\n<li>Hinchaz\u00f3n<\/li>\n<li>Dolor<\/li>\n<\/ul>\n<p><strong>Implantes de silicona:<\/strong><\/p>\n<ul>\n<li>Desinflado lento<\/li>\n<li>Cambio de tama\u00f1o o simetr\u00eda del seno<\/li>\n<li>Puntos duros<\/li>\n<li>C\u00e1psulas<\/li>\n<li>Ganglios linf\u00e1ticos inflamados<\/li>\n<li>Hinchaz\u00f3n<\/li>\n<li>Dolor<\/li>\n<\/ul>\n<p>La silicona no es absorbida por el cuerpo, por lo que la detecci\u00f3n de una ruptura no es tan notable como la soluci\u00f3n salina. Esta es la raz\u00f3n principal por la que la FDA aconseja a los pacientes que se sometan a una evaluaci\u00f3n de resonancia magn\u00e9tica cada dos a\u00f1os despu\u00e9s del tratamiento. Los conocimientos y t\u00e9cnicas avanzados del Dr. Azouz restauran la apariencia natural y completa de los senos, incluso despu\u00e9s de la ruptura de un implante.<\/p>\n<h2>Contractura capsular<\/h2>\n<p>La contractura capsular ocurre cuando el tejido que rodea al implante se vuelve firme, tenso o grueso, lo que hace que la mama se endurezca y, a veces, resulte inc\u00f3moda. Si un paciente sufre de contractura capsular, a menudo ve deformidades o ondulaciones en la mama. Aunque las contracturas capsulares no se comprenden completamente, el Dr. Azouz usa Cirug\u00eda de busto t\u00e9cnicas para disminuir las posibilidades de que esto ocurra. Para corregir la contractura capsular, el Dr. Azouz generalmente quita el implante y la c\u00e1psula por completo (explantaci\u00f3n total del implante mamario) o usa nuevas t\u00e9cnicas para manipular la c\u00e1psula y reducir la contractura.<\/p>\n<h2>Beneficios de la revisi\u00f3n y reemplazo de implantes mamarios<\/h2>\n<ul>\n<li>Ayuda a mejorar y realzar la forma de los senos.<\/li>\n<li>Mejorar el tama\u00f1o y la proporci\u00f3n de los senos<\/li>\n<li>Extracci\u00f3n de implantes mamarios rotos<\/li>\n<li>Quitar tejido cicatricial<\/li>\n<li>Vuelva a levantar el pecho<\/li>\n<\/ul>\n<h2>\u00bfC\u00f3mo se realiza la revisi\u00f3n y el reemplazo de implantes mamarios en Dallas?<\/h2>\n<p>El procedimiento es similar al aumento de senos primario; sin embargo, el implante antiguo y el tejido cicatricial se eliminan antes de reemplazarlo con un implante nuevo. Se utilizan otras t\u00e9cnicas durante el reemplazo de implantes mamarios en Dallas para corregir la asimetr\u00eda, desinflado, flacidez y cicatrices. El Dr. Azouz restaura el seno mediante la realizaci\u00f3n de una variedad de t\u00e9cnicas, como:<\/p>\n<ul>\n<li>Levantamiento de senos<\/li>\n<li>Reemplazo de implantes con un tipo, tama\u00f1o o forma diferente<\/li>\n<li>Capsulectom\u00eda total (eliminaci\u00f3n de tejido cicatricial)<\/li>\n<li>Liposucci\u00f3n (extracci\u00f3n de seno lateral o tejido mamario axilar)<\/li>\n<li>Eliminaci\u00f3n de implantes mamarios rotos y granuloma de silicona<\/li>\n<\/ul>\n<h3>Anestesia para revisi\u00f3n y reemplazo de implantes mamarios<\/h3>\n<p>La revisi\u00f3n y el reemplazo de implantes mamarios realizado por el Dr. Azouz se realiza con sedaci\u00f3n local. Al usar medicaci\u00f3n local y sedante, los pacientes del Dr. Azouz informan que se sienten menos atontados, menos n\u00e1useas y un mejor control del dolor posoperatorio.<\/p>\n<h3>Recuperaci\u00f3n y revisi\u00f3n de implantes mamarios<\/h3>\n<p>El Dr. Azouz realiza una cirug\u00eda de revisi\u00f3n y reemplazo de implantes mamarios como una cirug\u00eda ambulatoria. Esto significa que se ir\u00e1 a casa el mismo d\u00eda de la cirug\u00eda. Las primeras 48 horas querr\u00e1s descansar y limitar las actividades. Es normal sentir dolor y algo de hinchaz\u00f3n. Esto disminuir\u00e1 en unas pocas semanas. Durante cada una de sus citas de seguimiento, el Dr. Azouz lo instruir\u00e1 y lo guiar\u00e1 sobre cu\u00e1ndo puede agregar actividades m\u00e1s extenuantes.<\/p>\n<h3>Combinaci\u00f3n de revisi\u00f3n y reemplazo de implantes mamarios con otras cirug\u00edas pl\u00e1sticas en Dallas<\/h3>\n<p>Muchas cirug\u00edas se pueden combinar con la revisi\u00f3n y el reemplazo de implantes mamarios en Dallas. Estas cirug\u00edas incluyen:<\/p>\n<ul>\n<li>Labioplastia<\/li>\n<li>Abdominoplastia (Sin drenaje)<\/li>\n<li>Liposucci\u00f3n: abdomen, cuello, muslos, piernas, pantorrillas, pared tor\u00e1cica posterior (extracci\u00f3n de la teta lateral)<\/li>\n<li>Levantamiento de gl\u00fateos brasile\u00f1o<\/li>\n<li>Aumento de senos<\/li>\n<li>Injerto de grasa (transferencia de grasa)<\/li>\n<li>Extracci\u00f3n de implantes mamarios.<\/li>\n<li>Brazo de elevaci\u00f3n (Braquioplastia)<\/li>\n<li>Cirug\u00eda de p\u00e1rpado (Blefaroplastia)<\/li>\n<li>Rinoplastia<\/li>\n<li>Estiramiento facial<\/li>\n<li>Implante de ment\u00f3n<\/li>\n<\/ul>\n<h3>Costo de la cirug\u00eda de revisi\u00f3n y reemplazo de implantes mamarios<\/h3>\n<p>El costo de la revisi\u00f3n y el reemplazo de implantes mamarios depende de la cirug\u00eda espec\u00edfica que el Dr. Azouz cree para lograr sus objetivos mamarios. Algunos de los factores de costo incluyen el cambio deseado, el tipo de implante y la ubicaci\u00f3n de la incisi\u00f3n. Dr. Azouz ofrece diferentes opciones financieras para realizar una cirug\u00eda de reemplazo y revisi\u00f3n de implantes mamarios asequible para sus pacientes.<\/p>\n<h3>Revisi\u00f3n y reemplazo de implantes mamarios Resultados<\/h3>\n<p>La revisi\u00f3n y el reemplazo de implantes mamarios en Dallas pueden mejorar el aspecto est\u00e9tico de su seno. Dependiendo de sus necesidades espec\u00edficas, puede sentir una mejora en su salud si los implantes que se extraen se rompen o encapsulan.<\/p>\n<h3>Programe su consulta con el Dr. Azouz<\/h3>\n<p>Si tiene alg\u00fan problema con sus implantes mamarios o no est\u00e1 satisfecho con aumento de senos llama a nuestra oficina para <a title=\"Contact Azouz Cosmetic &amp; Plastic Surgery in Dallas TX\" href=\"https:\/\/www.drazouz.com\/es\/contact\/\"><em><strong>programar una consulta<\/strong><\/em><\/a> con el Dr. Azouz. \u00c9l puede ayudar a restaurar sus senos a su apariencia m\u00e1s viva, m\u00e1s joven y mejorada una vez m\u00e1s. Para obtener m\u00e1s informaci\u00f3n, comun\u00edquese con nosotros al <a href=\"tel:9727028888\" class=\"phone_anchor \" aria-label=\"ll\u00e1manos (972) 702-8888\">(972) 702-8888<\/a>.<\/p>\n<h3>VIDEOS DE MAMA<\/h3>\n\n\t\t\t\t\t<div class=\"row\">\n\t\t\t\t\t\t\t\t\t<div class=\"col-md-6 mb-4\">\n\t\t\t\t\t\t<div class=\"embed-responsive embed-responsive-16by9\"> <iframe title=\"Gynecomastia Treatment with Plastic Surgeon Dr. David Azouz\" class=\"embed-responsive-item lazyload\" data-src=\"https:\/\/www.youtube.com\/embed\/VfcSw6pfdvA?rel=0\" allowfullscreen referrerpolicy=\"strict-origin-when-cross-origin\" data-load-mode=\"1\"><\/iframe><\/div>\t\t\t\t\t<\/div>\n\t\t\t\t\t\t\t\t\t<div class=\"col-md-6 mb-4\">\n\t\t\t\t\t\t<div class=\"embed-responsive embed-responsive-16by9\"> <iframe title=\"Breast Lift &amp; Augmentation with Plastic Surgeon Dr. David Azouz\" class=\"embed-responsive-item lazyload\" data-src=\"https:\/\/www.youtube.com\/embed\/X4nnN7jxpsU?rel=0\" allowfullscreen referrerpolicy=\"strict-origin-when-cross-origin\" data-load-mode=\"1\"><\/iframe><\/div>\t\t\t\t\t<\/div>\n\t\t\t\t\t\t\t\t\t<div class=\"col-md-6 mb-4\">\n\t\t\t\t\t\t<div class=\"embed-responsive embed-responsive-16by9\"> <iframe title=\"Breast Augmentation and Correction with Plastic Surgeon Dr. David Azouz\" class=\"embed-responsive-item lazyload\" data-src=\"https:\/\/www.youtube.com\/embed\/RpIgUmjuAbs?rel=0\" allowfullscreen referrerpolicy=\"strict-origin-when-cross-origin\" data-load-mode=\"1\"><\/iframe><\/div>\t\t\t\t\t<\/div>\n\t\t\t\t\t\t\t\t\t<div class=\"col-md-6 mb-4\">\n\t\t\t\t\t\t<div class=\"embed-responsive embed-responsive-16by9\"> <iframe title=\"Dr. David Azouz Breast Reconstruction Mindy Top Docs of DFW\" class=\"embed-responsive-item lazyload\" data-src=\"https:\/\/www.youtube.com\/embed\/Q7NUayK5VHM?rel=0\" allowfullscreen referrerpolicy=\"strict-origin-when-cross-origin\" data-load-mode=\"1\"><\/iframe><\/div>\t\t\t\t\t<\/div>\n\t\t\t\t\t\t\t<\/div>\n\t\t\n\t\n<h3>Preguntas Frecuentes<\/h3>\n<dl id=\"faq-1\" class=\"flc-faq\"><dt id=\"l11\"><button class=\"card-header collapsed d-flex align-items-center w-100 text-left\" data-toggle=\"collapse\" data-target=\"#t11\" aria-expanded=\"false\" aria-controls=\"t11\"><i class=\"ml-1 fas fa-chevron-down\"><\/i> \u00bfES DOLOROSA LA REVISI\u00d3N DEL IMPLANTE MAMARIO?<\/button><\/dt><dd id=\"t11\" class=\"m-0 collapse\" aria-labelledby=\"l11\" aria-expanded=\"false\" data-parent=\"#faq-1\"><div class=\"card-body\"><p>La cirug\u00eda de implante mamario no es generalmente una cirug\u00eda dolorosa cuando la realiza el Dr. Azouz. El Dr. Azouz utiliza bloques de anestesia local especializados, prendas de compresi\u00f3n y realiza una revisi\u00f3n de implantes mamarios sin drenaje.<\/p>\n<\/div><\/dd><dt id=\"l12\"><button class=\"card-header collapsed d-flex align-items-center w-100 text-left\" data-toggle=\"collapse\" data-target=\"#t12\" aria-expanded=\"false\" aria-controls=\"t12\"><i class=\"ml-1 fas fa-chevron-down\"><\/i> \u00bfQU\u00c9 TAN PRONTO PUEDE TENER UNA REVISI\u00d3N DE AUMENTO DE SENOS?<\/button><\/dt><dd id=\"t12\" class=\"m-0 collapse\" aria-labelledby=\"l12\" aria-expanded=\"false\" data-parent=\"#faq-1\"><div class=\"card-body\"><p>Una revisi\u00f3n de aumento de senos generalmente se realiza meses o a\u00f1os despu\u00e9s de un aumento de senos primario.<\/p>\n<\/div><\/dd><dt id=\"l13\"><button class=\"card-header collapsed d-flex align-items-center w-100 text-left\" data-toggle=\"collapse\" data-target=\"#t13\" aria-expanded=\"false\" aria-controls=\"t13\"><i class=\"ml-1 fas fa-chevron-down\"><\/i> \u00bfCU\u00c1NTO TARDAN LOS IMPLANTES EN CAER?<\/button><\/dt><dd id=\"t13\" class=\"m-0 collapse\" aria-labelledby=\"l13\" aria-expanded=\"false\" data-parent=\"#faq-1\"><div class=\"card-body\"><p>Los implantes mamarios suelen tardar de semanas a meses en caer y tomar su forma. Esta es la rutina en el aumento mamario primario.<\/p>\n<\/div><\/dd><dt id=\"l14\"><button class=\"card-header collapsed d-flex align-items-center w-100 text-left\" data-toggle=\"collapse\" data-target=\"#t14\" aria-expanded=\"false\" aria-controls=\"t14\"><i class=\"ml-1 fas fa-chevron-down\"><\/i> \u00bfLOS IMPLANTES SE VEN M\u00c1S GRANDES DESPU\u00c9S DE ASENTARSE?<\/button><\/dt><dd id=\"t14\" class=\"m-0 collapse\" aria-labelledby=\"l14\" aria-expanded=\"false\" data-parent=\"#faq-1\"><div class=\"card-body\"><p>Los implantes mamarios a veces pueden parecer m\u00e1s peque\u00f1os o m\u00e1s grandes despu\u00e9s de asentarse. Los implantes mamarios se pueden hacer para parecer m\u00e1s grandes o m\u00e1s peque\u00f1os con el uso de diferentes sujetadores.<\/p>\n<\/div><\/dd><dt id=\"l15\"><button class=\"card-header collapsed d-flex align-items-center w-100 text-left\" data-toggle=\"collapse\" data-target=\"#t15\" aria-expanded=\"false\" aria-controls=\"t15\"><i class=\"ml-1 fas fa-chevron-down\"><\/i> \u00bfCU\u00c1NTOS CC HAY EN UNA TALLA DE COPA DE SUJETADOR?<\/button><\/dt><dd id=\"t15\" class=\"m-0 collapse\" aria-labelledby=\"l15\" aria-expanded=\"false\" data-parent=\"#faq-1\"><div class=\"card-body\"><p>No hay una cantidad est\u00e1ndar de cc o volumen que produzca un determinado tama\u00f1o de copa de sost\u00e9n. El cirujano pl\u00e1stico de Dallas, el Dr. Azouz, determinar\u00e1 la cantidad de volumen necesaria para proporcionar una talla para llenar el sost\u00e9n. Diferentes compa\u00f1\u00edas de sujetadores tienen diferentes est\u00e1ndares de tallas.<\/p>\n<\/div><\/dd><dt id=\"l16\"><button class=\"card-header collapsed d-flex align-items-center w-100 text-left\" data-toggle=\"collapse\" data-target=\"#t16\" aria-expanded=\"false\" aria-controls=\"t16\"><i class=\"ml-1 fas fa-chevron-down\"><\/i> \u00bfQU\u00c9 TIPO DE IMPLANTE MAMARIO SE VE M\u00c1S NATURAL?<\/button><\/dt><dd id=\"t16\" class=\"m-0 collapse\" aria-labelledby=\"l16\" aria-expanded=\"false\" data-parent=\"#faq-1\"><div class=\"card-body\"><p>No existe un implante mamario que se vea m\u00e1s natural. Un aspecto natural se basa en una variedad de factores que incluyen: n Selecci\u00f3n del implante Bolsillo del implante Tejido mamario nativo Historial m\u00e9dico Cirujano pl\u00e1stico que coloca los implantes El cirujano es el factor m\u00e1s importante para proporcionar un aumento de senos de aspecto natural.<\/p>\n<\/div><\/dd><\/dl>\n","protected":false},"excerpt":{"rendered":"<p>La revisi\u00f3n y el reemplazo de implantes mamarios en Dallas tiene como objetivo reemplazar los implantes viejos<br \/><a href=\"https:\/\/www.drazouz.com\/es\/implant-revision-and-replacement\/\" class=\"btn btn-blue mt-3\">Sigue leyendo<\/a><\/p>\n","protected":false},"author":1,"featured_media":8186,"parent":3795,"menu_order":0,"comment_status":"closed","ping_status":"closed","template":"","meta":{"_acf_changed":false,"footnotes":""},"class_list":["post-3888","page","type-page","status-publish","has-post-thumbnail"],"acf":[],"yoast_head":"<!-- This site is optimized with the Yoast SEO plugin v27.4 - https:\/\/yoast.com\/product\/yoast-seo-wordpress\/ -->\n<title>Revisi\u00f3n \/ reemplazo de implantes mamarios Dallas | Plano | Richardson<\/title>\n<meta name=\"description\" content=\"La revisi\u00f3n y reemplazo de implantes mamarios con el Dr. Azouz en Dallas ayuda a las pacientes a asegurarse de que sus implantes est\u00e9n en buen estado o reemplazarlos si es necesario. Llame al 972 702 8888\" \/>\n<meta name=\"robots\" content=\"index, follow, max-snippet:-1, max-image-preview:large, max-video-preview:-1\" \/>\n<link rel=\"canonical\" href=\"https:\/\/www.drazouz.com\/es\/implant-revision-and-replacement\/\" \/>\n<meta property=\"og:locale\" content=\"es_ES\" \/>\n<meta property=\"og:type\" content=\"article\" \/>\n<meta property=\"og:title\" content=\"Revisi\u00f3n \/ reemplazo de implantes mamarios Dallas | Plano | Richardson\" \/>\n<meta property=\"og:description\" content=\"La revisi\u00f3n y reemplazo de implantes mamarios con el Dr. Azouz en Dallas ayuda a las pacientes a asegurarse de que sus implantes est\u00e9n en buen estado o reemplazarlos si es necesario. Llame al 972 702 8888\" \/>\n<meta property=\"og:url\" content=\"https:\/\/www.drazouz.com\/es\/implant-revision-and-replacement\/\" \/>\n<meta property=\"og:site_name\" content=\"Azouz Cirug\u00eda Pl\u00e1stica y Est\u00e9tica\" \/>\n<meta property=\"article:modified_time\" content=\"2023-12-21T17:08:07+00:00\" \/>\n<meta property=\"og:image\" content=\"https:\/\/www.drazouz.com\/wp-content\/uploads\/2023\/12\/Breast-Revision-and-Replacement.jpg\" \/>\n<meta name=\"twitter:card\" content=\"summary_large_image\" \/>\n<meta name=\"twitter:image\" content=\"https:\/\/www.drazouz.com\/wp-content\/uploads\/2023\/12\/Breast-Revision-and-Replacement.jpg\" \/>\n<meta name=\"twitter:label1\" content=\"Tiempo de lectura\" \/>\n\t<meta name=\"twitter:data1\" content=\"5 minutos\" \/>\n<!-- \/ Yoast SEO plugin. -->","yoast_head_json":{"title":"Revisi\u00f3n \/ reemplazo de implantes mamarios Dallas | Plano | Richardson","description":"La revisi\u00f3n y reemplazo de implantes mamarios con el Dr. Azouz en Dallas ayuda a las pacientes a asegurarse de que sus implantes est\u00e9n en buen estado o reemplazarlos si es necesario. Llame al 972 702 8888","robots":{"index":"index","follow":"follow","max-snippet":"max-snippet:-1","max-image-preview":"max-image-preview:large","max-video-preview":"max-video-preview:-1"},"canonical":"https:\/\/www.drazouz.com\/es\/implant-revision-and-replacement\/","og_locale":"es_ES","og_type":"article","og_title":"Revisi\u00f3n \/ reemplazo de implantes mamarios Dallas | Plano | Richardson","og_description":"La revisi\u00f3n y reemplazo de implantes mamarios con el Dr. Azouz en Dallas ayuda a las pacientes a asegurarse de que sus implantes est\u00e9n en buen estado o reemplazarlos si es necesario. Llame al 972 702 8888","og_url":"https:\/\/www.drazouz.com\/es\/implant-revision-and-replacement\/","og_site_name":"Azouz Cirug\u00eda Pl\u00e1stica y Est\u00e9tica","article_modified_time":"2023-12-21T17:08:07+00:00","og_image":[{"url":"https:\/\/www.drazouz.com\/wp-content\/uploads\/2023\/12\/Breast-Revision-and-Replacement.jpg","type":"","width":"","height":""}],"twitter_card":"summary_large_image","twitter_image":"https:\/\/www.drazouz.com\/wp-content\/uploads\/2023\/12\/Breast-Revision-and-Replacement.jpg","twitter_misc":{"Tiempo de lectura":"5 minutos"},"schema":{"@context":"https:\/\/schema.org","@graph":[{"@type":"WebPage","@id":"https:\/\/www.drazouz.com\/es\/implant-revision-and-replacement\/","url":"https:\/\/www.drazouz.com\/es\/implant-revision-and-replacement\/","name":"Revisi\u00f3n \/ reemplazo de implantes mamarios Dallas | Plano | Richardson","isPartOf":{"@id":"https:\/\/www.drazouz.com\/es\/#website"},"primaryImageOfPage":{"@id":"https:\/\/www.drazouz.com\/es\/implant-revision-and-replacement\/#primaryimage"},"image":{"@id":"https:\/\/www.drazouz.com\/es\/implant-revision-and-replacement\/#primaryimage"},"thumbnailUrl":"https:\/\/www.drazouz.com\/wp-content\/uploads\/2023\/12\/Breast-Revision-and-Replacement.jpg","datePublished":"2022-07-26T15:14:37+00:00","dateModified":"2023-12-21T17:08:07+00:00","description":"La revisi\u00f3n y reemplazo de implantes mamarios con el Dr. Azouz en Dallas ayuda a las pacientes a asegurarse de que sus implantes est\u00e9n en buen estado o reemplazarlos si es necesario. Llame al 972 702 8888","breadcrumb":{"@id":"https:\/\/www.drazouz.com\/es\/implant-revision-and-replacement\/#breadcrumb"},"inLanguage":"es","potentialAction":[{"@type":"ReadAction","target":["https:\/\/www.drazouz.com\/es\/implant-revision-and-replacement\/"]}]},{"@type":"ImageObject","inLanguage":"es","@id":"https:\/\/www.drazouz.com\/es\/implant-revision-and-replacement\/#primaryimage","url":"https:\/\/www.drazouz.com\/wp-content\/uploads\/2023\/12\/Breast-Revision-and-Replacement.jpg","contentUrl":"https:\/\/www.drazouz.com\/wp-content\/uploads\/2023\/12\/Breast-Revision-and-Replacement.jpg","width":1920,"height":820,"caption":"Silicone breast implant for breast augmentation"},{"@type":"BreadcrumbList","@id":"https:\/\/www.drazouz.com\/es\/implant-revision-and-replacement\/#breadcrumb","itemListElement":[{"@type":"ListItem","position":1,"name":"Home","item":"https:\/\/www.drazouz.com\/es\/"},{"@type":"ListItem","position":2,"name":"Procedimientos","item":"https:\/\/www.drazouz.com\/es\/procedimientos\/"},{"@type":"ListItem","position":3,"name":"Busto","item":"https:\/\/www.drazouz.com\/es\/breast\/"},{"@type":"ListItem","position":4,"name":"Revisi\u00f3n del Implante + Reemplazo"}]},{"@type":"WebSite","@id":"https:\/\/www.drazouz.com\/es\/#website","url":"https:\/\/www.drazouz.com\/es\/","name":"Azouz Cirug\u00eda Pl\u00e1stica y Est\u00e9tica","description":"","potentialAction":[{"@type":"SearchAction","target":{"@type":"EntryPoint","urlTemplate":"https:\/\/www.drazouz.com\/es\/?s={search_term_string}"},"query-input":{"@type":"PropertyValueSpecification","valueRequired":true,"valueName":"search_term_string"}}],"inLanguage":"es"}]}},"_links":{"self":[{"href":"https:\/\/www.drazouz.com\/es\/wp-json\/wp\/v2\/pages\/3888","targetHints":{"allow":["GET"]}}],"collection":[{"href":"https:\/\/www.drazouz.com\/es\/wp-json\/wp\/v2\/pages"}],"about":[{"href":"https:\/\/www.drazouz.com\/es\/wp-json\/wp\/v2\/types\/page"}],"author":[{"embeddable":true,"href":"https:\/\/www.drazouz.com\/es\/wp-json\/wp\/v2\/users\/1"}],"replies":[{"embeddable":true,"href":"https:\/\/www.drazouz.com\/es\/wp-json\/wp\/v2\/comments?post=3888"}],"version-history":[{"count":4,"href":"https:\/\/www.drazouz.com\/es\/wp-json\/wp\/v2\/pages\/3888\/revisions"}],"predecessor-version":[{"id":10023,"href":"https:\/\/www.drazouz.com\/es\/wp-json\/wp\/v2\/pages\/3888\/revisions\/10023"}],"up":[{"embeddable":true,"href":"https:\/\/www.drazouz.com\/es\/wp-json\/wp\/v2\/pages\/3795"}],"wp:featuredmedia":[{"embeddable":true,"href":"https:\/\/www.drazouz.com\/es\/wp-json\/wp\/v2\/media\/8186"}],"wp:attachment":[{"href":"https:\/\/www.drazouz.com\/es\/wp-json\/wp\/v2\/media?parent=3888"}],"curies":[{"name":"wp","href":"https:\/\/api.w.org\/{rel}","templated":true}]}}