{"id":3878,"date":"2022-07-25T17:15:43","date_gmt":"2022-07-25T22:15:43","guid":{"rendered":"https:\/\/www.drazouz.com\/?page_id=3878"},"modified":"2023-12-21T12:08:36","modified_gmt":"2023-12-21T17:08:36","slug":"extraccion-de-implantes-mamarios-con-textura","status":"publish","type":"page","link":"https:\/\/www.drazouz.com\/es\/removal-of-textured-breast-implants\/","title":{"rendered":"Extracci\u00f3n de Implantes Mamarios con Textura"},"content":{"rendered":"<p>Las empresas de implantes mamarios han emitido un retiro voluntario de implantes mamarios texturizados. Esto significa que no se recomienda implantar ciertos implantes texturizados y los implantes texturizados existentes se devuelven a la empresa.  El Dr. Azouz, cirujano pl\u00e1stico certificado por la junta, no implanta implantes texturizados; sin embargo, realiza la extracci\u00f3n de implantes mamarios para pacientes con implantes texturizados y no texturizados. Las mujeres que eligen la extracci\u00f3n de sus implantes por diversas razones pueden confiar en la experiencia y la t\u00e9cnica del cirujano pl\u00e1stico de Dallas Dr. Azouz, quien mantiene la seguridad como una prioridad absoluta en ambos <a href=\"https:\/\/www.drazouz.com\/es\/breast\/\">aumento de senos<\/a> y extracci\u00f3n de implantes mamarios (explicaci\u00f3n del implante mamario) En Dallas. Solicite una consulta de extracci\u00f3n de implantes mamarios texturizados con el Dr. Azouz en Dallas para evaluar su situaci\u00f3n individual llamando al <a href=\"tel:9727028888\" class=\"phone_anchor \" aria-label=\"ll\u00e1manos (972) 702-8888\">(972) 702-8888<\/a>.<\/p>\n<p><img decoding=\"async\" src=\"https:\/\/www.drazouz.com\/wp-content\/uploads\/2022\/08\/breast-implant.png\" alt=\"breast implant on doctor's hand\" width=\"500\" class=\"alignright\" \/><\/p>\n<h3>\u00bfQu\u00e9 es un implante mamario texturizado?<\/h3>\n<p>Un implante texturizado es un implante mamario especializado que tiene una superficie rugosa. Se pensaba que los implantes mamarios texturizados reduc\u00edan el riesgo de contractura capsular. Los implantes texturizados se pueden rellenar con silicona o soluci\u00f3n salina. La mayor\u00eda de las marcas de implantes mamarios llevaban implantes mamarios texturizados. El Dr. Azouz no recomienda colocar implantes texturizados y se han retirado del mercado muchos estilos de implantes texturizados.<\/p>\n<h3>\u00bfSoy candidata para una extracci\u00f3n de implantes mamarios texturizados en Dallas?<\/h3>\n<p>Las juntas directivas y nacionales no recomiendan la extracci\u00f3n de implantes texturizados en pacientes asintom\u00e1ticos. Desafortunadamente, muchas pacientes no saben qu\u00e9 tipo de implantes se han colocado para su cirug\u00eda de aumento de senos. Sin embargo, los pacientes a menudo todav\u00eda solicitan remoci\u00f3n y reemplazo de sus implantes mamarios texturizados. <\/p>\n<h3>Razones para considerar la extracci\u00f3n de implantes mamarios texturizados y no texturizados:<\/h3>\n<ul>\n<li>Dolor en los senos<\/li>\n<li>Desarrollar agrandamiento, asimetr\u00eda o masas mamarias<\/li>\n<li>Bultos en las axilas<\/li>\n<li>Enrojecimiento de los senos<\/li>\n<li>La dureza del pecho<\/li>\n<li>Recolecci\u00f3n de l\u00edquidos alrededor del implante.<\/li>\n<li>Asimetr\u00edas<\/li>\n<li>Deformidad como tocar fondo<\/li>\n<li>Migraci\u00f3n o desplazamiento de implantes<\/li>\n<li>Rotura, desinflado o fugas lentas del implante<\/li>\n<li>Empeoramiento de la apariencia o insatisfacci\u00f3n generalizada con cirug\u00eda previa.<\/li>\n<\/ul>\n<p>Por lo general, estos s\u00edntomas ocurren entre siete y diez a\u00f1os despu\u00e9s de la colocaci\u00f3n de los implantes mamarios. Sin embargo, esto puede ocurrir pocas semanas despu\u00e9s de la cirug\u00eda de aumento de senos. Se deber\u00eda notar que la frecuencia de desarrollar una neoplasia maligna despu\u00e9s de la cirug\u00eda de aumento de senos todav\u00eda se considera muy rara. Muchos pacientes atribuyen diversas dolencias y enfermedades a su cirug\u00eda de implantes mamarios, que se considera \u00abenfermedad de los implantes mamarios\u00bb. Muchos pacientes desean que se les quiten los implantes mamarios si esto ocurre. Estos pacientes a menudo eligen quitarse los implantes mamarios sin reemplazo. Algunos de estos pacientes tambi\u00e9n han informado de una mejor\u00eda en ciertos s\u00edntomas o enfermedades despu\u00e9s de la cirug\u00eda de explicaci\u00f3n del implante. Miles de pacientes se someten a una cirug\u00eda de implantes mamarios cada a\u00f1o y no informan efectos secundarios adversos. La cirug\u00eda de aumento de senos todav\u00eda se considera un procedimiento seguro con altos \u00edndices de satisfacci\u00f3n. BIA-ALCL (linfoma anapl\u00e1sico de c\u00e9lulas grandes asociado a implantes mamarios) es c\u00e1ncer poco com\u00fan que a\u00fan merece investigaci\u00f3n e investigaci\u00f3n.<\/p>\n<h3>\u00bfEstoy lo suficientemente saludable como para quitarme los implantes mamarios texturizados?<\/h3>\n<p>La mayor\u00eda de los pacientes est\u00e1n lo suficientemente sanos para la extracci\u00f3n de implantes mamarios texturizados. El Dr. Azouz realiza la extracci\u00f3n de implantes mamarios en pacientes de distintas edades, incluidas pacientes mayores que han tenido implantes mamarios durante muchos a\u00f1os.<\/p>\n<h3>\u00bfSe extraen los implantes mamarios en bloque?<\/h3>\n<p>El Dr. Azouz recomienda quitar los implantes mamarios en bloque con la c\u00e1psula cuando sea posible. La extracci\u00f3n de implantes mamarios en bloque con la c\u00e1psula se realiza especialmente en los casos en los que una paciente tiene BI-ALCL.<\/p>\n<h3>Extracci\u00f3n de implantes mamarios versus extracci\u00f3n y reemplazo de implantes mamarios: \u00bfc\u00f3mo decidir?<\/h3>\n<p>Los Extracci\u00f3n de implantes mamarios. es una decisi\u00f3n individualizada y personal en muchos casos. Algunos pacientes todav\u00eda se sienten inc\u00f3modos con sus implantes texturizados y les gustar\u00eda que los quitaran. Algunos pacientes optan por la extracci\u00f3n de implantes texturizados y el reemplazo por implantes de silicona sin textura o de soluci\u00f3n salina. Otros optan por retirar los implantes y no quieren que se sustituyan.  <\/p>\n<h3>Anestesia para la extracci\u00f3n de implantes mamarios texturizados<\/h3>\n<p><img decoding=\"async\" src=\"https:\/\/www.drazouz.com\/wp-content\/uploads\/2022\/08\/Textured-implants-removal-Dr.-Azouz-Dallas-scaled-1.jpg\" alt=\"woman holding two types of breats implants\" class=\"alignleft\" width=\"400\" \/><\/p>\n<p>La anestesia para la extracci\u00f3n de implantes mamarios texturizados en Dallas suele ser anestesia local con sedaci\u00f3n. Este m\u00e9todo de anestesia todav\u00eda tiene al paciente \u00abdormido\u00bb, pero se cree que es mucho m\u00e1s seguro que la anestesia general. La anestesia con sedaci\u00f3n se asocia con una menor incidencia de efectos secundarios como n\u00e1useas, dolor y aturdimiento.<\/p>\n<h3>Recuperaci\u00f3n de la extracci\u00f3n de implantes mamarios texturizados<\/h3>\n<p>Despu\u00e9s de retirar sus implantes texturizados en Dallas, es mejor descansar y relajarse durante los primeros d\u00edas despu\u00e9s de la cirug\u00eda. Durante la primera semana de la cirug\u00eda, la mayor\u00eda de los pacientes pueden volver a realizar actividades ligeras como el trabajo de escritorio. En las pr\u00f3ximas semanas, gradualmente comenzar\u00e1 a incorporar actividades m\u00e1s extenuantes a su rutina diaria con la gu\u00eda del Dr. Azouz.<\/p>\n<h3>Combinaci\u00f3n de una extracci\u00f3n de implantes mamarios texturizados con otra cirug\u00eda pl\u00e1stica<\/h3>\n<p>Muchos procedimientos de cirug\u00eda pl\u00e1stica se pueden combinar con la extracci\u00f3n de implantes texturizados. Algunos de estos procedimientos incluyen:<\/p>\n<ul>\n<li><a href=\"https:\/\/www.drazouz.com\/es\/eyelid-surgery\/\">Cirug\u00eda de p\u00e1rpado (Blefaroplastia)<\/a><\/li>\n<li><a href=\"https:\/\/www.drazouz.com\/es\/facelift\/\">Estiramiento facial<\/a><\/li>\n<li><a href=\"https:\/\/www.drazouz.com\/es\/neck-lift\/\">Cirug\u00eda de estiramiento de cuello<\/a><\/li>\n<li><a href=\"https:\/\/www.drazouz.com\/es\/arm-lift\/\">Brazo de elevaci\u00f3n (Braquioplastia)<\/a><\/li>\n<li><a href=\"https:\/\/www.drazouz.com\/es\/breast-lift\/\">Levantamiento de senos<\/a><\/li>\n<li><a href=\"https:\/\/www.drazouz.com\/es\/breast-augmentation\/\">Aumento de senos<\/a> (cambio de implante)<\/li>\n<li><a href=\"https:\/\/www.drazouz.com\/es\/liposuction\/\">Liposucci\u00f3n<\/a><\/li>\n<li><a href=\"https:\/\/www.drazouz.com\/es\/tummy-tuck-in-dallas\/\">Abdominoplastia<\/a><\/li>\n<\/ul>\n<h3>Costo de extracci\u00f3n de implantes mamarios texturizados<\/h3>\n<p>El costo de la extracci\u00f3n del implante texturizado depende del plan quir\u00fargico que hayan elegido usted y el Dr. Azouz. Hay muchas opciones a la hora de retirar implantes texturizados. Algunas mujeres decidieron reemplazar sus implantes texturizados con nuevos implantes de silicona o soluci\u00f3n salina. Otras deciden quitarse los implantes texturizados y someterse a un levantamiento de senos. Durante una consulta con el Dr. Azouz, crear\u00e1 un plan quir\u00fargico para obtener sus objetivos est\u00e9ticos y explicar <a href=\"https:\/\/www.drazouz.com\/es\/fees-insurance\/\">opciones de financiaci\u00f3n de cirug\u00eda pl\u00e1stica<\/a> disponible para sus pacientes.<\/p>\n<h3>Resultados de la extracci\u00f3n de implantes mamarios texturizados<\/h3>\n<p>Los resultados est\u00e9ticos de la extracci\u00f3n de implantes texturizados dependen del procedimiento quir\u00fargico al que decida someterse. Sin embargo, muchos de los pacientes del Dr. Azouz informan una mejora general en su salud una vez que se han eliminado los implantes texturizados.<\/p>\n<h3>Programe su consulta con el Dr. Azouz<\/h3>\n<p>Se recomienda que las mujeres con implantes mamarios texturizados o no texturizados se hagan un examen anual de sus mamas e implantes por parte de un cirujano pl\u00e1stico certificado por la junta. <a href=\"https:\/\/www.drazouz.com\/es\/contact\/\">Solicite una consulta de extracci\u00f3n de implantes texturizados<\/a> con el cirujano pl\u00e1stico certificado por la junta de Dallas Dr. Azouz en Dallcomo para evaluar sus implantes llamando al <a href=\"tel:9727028888\" class=\"phone_anchor \" aria-label=\"ll\u00e1manos (972) 702-8888\">(972) 702-8888<\/a>.<\/p>\n<h3>Preguntas Frecuentes<\/h3>\n<dl id=\"faq-1\" class=\"flc-faq\"><dt id=\"l11\"><button class=\"card-header collapsed d-flex align-items-center w-100 text-left\" data-toggle=\"collapse\" data-target=\"#t11\" aria-expanded=\"false\" aria-controls=\"t11\"><i class=\"ml-1 fas fa-chevron-down\"><\/i> \u00bfEST\u00c1N TEXTURIZADOS LOS IMPLANTES MAMARIOS DE GUMMY BEAR?<\/button><\/dt><dd id=\"t11\" class=\"m-0 collapse\" aria-labelledby=\"l11\" aria-expanded=\"false\" data-parent=\"#faq-1\"><div class=\"card-body\"><p>Los implantes de ositos de goma suelen tener textura. Algunos estudios hab\u00edan demostrado que los implantes texturizados ten\u00edan menos probabilidades de moverse o tener contractura capsular. El Dr. Azouz no coloca implantes mamarios texturizados debido a su controvertido perfil de seguridad. Muchas pacientes eligen que se les quiten los implantes mamarios texturizados.<\/p>\n<\/div><\/dd><dt id=\"l12\"><button class=\"card-header collapsed d-flex align-items-center w-100 text-left\" data-toggle=\"collapse\" data-target=\"#t12\" aria-expanded=\"false\" aria-controls=\"t12\"><i class=\"ml-1 fas fa-chevron-down\"><\/i> \u00bfQU\u00c9 IMPLANTES MAMARIOS SON M\u00c1S SEGUROS?<\/button><\/dt><dd id=\"t12\" class=\"m-0 collapse\" aria-labelledby=\"l12\" aria-expanded=\"false\" data-parent=\"#faq-1\"><div class=\"card-body\"><p>Los implantes de soluci\u00f3n salina lisa tienen t\u00e9cnicamente el perfil de seguridad m\u00e1s alto. Esto se debe a que si un implante de soluci\u00f3n salina se rompe, generalmente se desinfla. Los implantes de silicona se asocian m\u00e1s a menudo con fugas no detectadas.<\/p>\n<\/div><\/dd><dt id=\"l13\"><button class=\"card-header collapsed d-flex align-items-center w-100 text-left\" data-toggle=\"collapse\" data-target=\"#t13\" aria-expanded=\"false\" aria-controls=\"t13\"><i class=\"ml-1 fas fa-chevron-down\"><\/i> \u00bfPUEDE UNA MAMOGRAF\u00cdA DETECTAR UN IMPLANTE ROTO?<\/button><\/dt><dd id=\"t13\" class=\"m-0 collapse\" aria-labelledby=\"l13\" aria-expanded=\"false\" data-parent=\"#faq-1\"><div class=\"card-body\"><p>Una mamograf\u00eda puede detectar un implante roto. La resonancia magn\u00e9tica y la ecograf\u00eda son otras formas de determinar si un implante est\u00e1 roto.<\/p>\n<\/div><\/dd><dt id=\"l14\"><button class=\"card-header collapsed d-flex align-items-center w-100 text-left\" data-toggle=\"collapse\" data-target=\"#t14\" aria-expanded=\"false\" aria-controls=\"t14\"><i class=\"ml-1 fas fa-chevron-down\"><\/i> \u00bfCU\u00c1LES SON LOS SIGNOS DE UN IMPLANTE DE SILICONA ROTO?<\/button><\/dt><dd id=\"t14\" class=\"m-0 collapse\" aria-labelledby=\"l14\" aria-expanded=\"false\" data-parent=\"#faq-1\"><div class=\"card-body\"><p>Un implante roto se puede detectar cuando un seno se desinfla repentinamente, se vuelve m\u00e1s peque\u00f1o o m\u00e1s grande que el otro. Algunas roturas de implantes se asocian con ganglios linf\u00e1ticos agrandados, aumento del dolor, hinchaz\u00f3n o firmeza.<\/p>\n<\/div><\/dd><dt id=\"l15\"><button class=\"card-header collapsed d-flex align-items-center w-100 text-left\" data-toggle=\"collapse\" data-target=\"#t15\" aria-expanded=\"false\" aria-controls=\"t15\"><i class=\"ml-1 fas fa-chevron-down\"><\/i> \u00bfQU\u00c9 SUCEDE SI APARECE UN IMPLANTE MAMARIO?<\/button><\/dt><dd id=\"t15\" class=\"m-0 collapse\" aria-labelledby=\"l15\" aria-expanded=\"false\" data-parent=\"#faq-1\"><div class=\"card-body\"><p>Un implante de soluci\u00f3n salina que revienta se desinflar\u00e1 y el cuerpo absorber\u00e1 la soluci\u00f3n salina. Implantes de silicona de primera generaci\u00f3n que rompen la silicona con fugas en su bolsillo local. Los implantes mamarios de \u00faltima generaci\u00f3n est\u00e1n fabricados con silicona cohesiva, lo que significa que la silicona no se filtra como si fuera un jarabe, sino que se mantiene unida como un osito de goma.<\/p>\n<\/div><\/dd><dt id=\"l16\"><button class=\"card-header collapsed d-flex align-items-center w-100 text-left\" data-toggle=\"collapse\" data-target=\"#t16\" aria-expanded=\"false\" aria-controls=\"t16\"><i class=\"ml-1 fas fa-chevron-down\"><\/i> \u00bfCU\u00c1LES SON LOS PRIMEROS SIGNOS DE CONTRACTURA CAPSULAR?<\/button><\/dt><dd id=\"t16\" class=\"m-0 collapse\" aria-labelledby=\"l16\" aria-expanded=\"false\" data-parent=\"#faq-1\"><div class=\"card-body\"><p>Los signos y s\u00edntomas de la contractura capsular incluyen la sensaci\u00f3n de un implante mamario tenso, firme o doloroso. Los implantes mamarios tambi\u00e9n pueden aparecer deformados o asim\u00e9tricos.<\/p>\n<\/div><\/dd><\/dl>\n<h3>Extracci\u00f3n de implantes mamarios con el Dr. Azouz<\/h3>\n<blockquote><p>\u201c\u00a1Estoy tan feliz de que el cirujano pl\u00e1stico Dr. David Azouz me quitara mis implantes mamarios rotos! Espero que esto ayude a cualquier persona con implantes mamarios que est\u00e9n afectando su calidad de vida. Mis implantes se colocaron hace 50 a\u00f1os en otro pa\u00eds. Provocaban erupciones por hongos, trastornos autoinmunes y alergias cr\u00f3nicas. No soy tan joven, as\u00ed que estaba muy nervioso por la cirug\u00eda. Afortunadamente encontr\u00e9 a los Dres. David y Solomon Azouz en Internet y qued\u00f3 impresionado por su profesionalismo y afecto. La cirug\u00eda fue una de las mejores decisiones de mi vida y estoy muy satisfecho con el resultado. \u00a1Mi salud mejor\u00f3, mis erupciones han mejorado y tengo una nueva oportunidad en la vida! Gracias Dr. Azouz !!! \u00a1Sois fant\u00e1sticos cirujanos pl\u00e1sticos!\u201d<\/p><\/blockquote>\n","protected":false},"excerpt":{"rendered":"<p>Las empresas de implantes mamarios han emitido un retiro voluntario de implantes mamarios texturizados. Esto significa que<br \/><a href=\"https:\/\/www.drazouz.com\/es\/removal-of-textured-breast-implants\/\" class=\"btn btn-blue mt-3\">Sigue leyendo<\/a><\/p>\n","protected":false},"author":1,"featured_media":8196,"parent":3795,"menu_order":0,"comment_status":"closed","ping_status":"closed","template":"","meta":{"_acf_changed":false,"footnotes":""},"class_list":["post-3878","page","type-page","status-publish","has-post-thumbnail"],"acf":[],"yoast_head":"<!-- This site is optimized with the Yoast SEO plugin v27.4 - https:\/\/yoast.com\/product\/yoast-seo-wordpress\/ -->\n<title>Extracci\u00f3n texturizada de implantes mamarios Dallas | Plano | Richardson<\/title>\n<meta name=\"description\" content=\"El Dr. Azouz realiza la extracci\u00f3n de implantes mamarios para pacientes con implantes texturizados y no texturizados que optan por la extracci\u00f3n de sus implantes.\" \/>\n<meta name=\"robots\" content=\"index, follow, max-snippet:-1, max-image-preview:large, max-video-preview:-1\" \/>\n<link rel=\"canonical\" href=\"https:\/\/www.drazouz.com\/es\/removal-of-textured-breast-implants\/\" \/>\n<meta property=\"og:locale\" content=\"es_ES\" \/>\n<meta property=\"og:type\" content=\"article\" \/>\n<meta property=\"og:title\" content=\"Extracci\u00f3n texturizada de implantes mamarios Dallas | Plano | Richardson\" \/>\n<meta property=\"og:description\" content=\"El Dr. Azouz realiza la extracci\u00f3n de implantes mamarios para pacientes con implantes texturizados y no texturizados que optan por la extracci\u00f3n de sus implantes.\" \/>\n<meta property=\"og:url\" content=\"https:\/\/www.drazouz.com\/es\/removal-of-textured-breast-implants\/\" \/>\n<meta property=\"og:site_name\" content=\"Azouz Cirug\u00eda Pl\u00e1stica y Est\u00e9tica\" \/>\n<meta property=\"article:modified_time\" content=\"2023-12-21T17:08:36+00:00\" \/>\n<meta property=\"og:image\" content=\"https:\/\/www.drazouz.com\/wp-content\/uploads\/2023\/12\/Textured-breast-implant.jpg\" \/>\n<meta name=\"twitter:card\" content=\"summary_large_image\" \/>\n<meta name=\"twitter:image\" content=\"https:\/\/www.drazouz.com\/wp-content\/uploads\/2023\/12\/Textured-breast-implant.jpg\" \/>\n<meta name=\"twitter:label1\" content=\"Tiempo de lectura\" \/>\n\t<meta name=\"twitter:data1\" content=\"6 minutos\" \/>\n<!-- \/ Yoast SEO plugin. -->","yoast_head_json":{"title":"Extracci\u00f3n texturizada de implantes mamarios Dallas | Plano | Richardson","description":"El Dr. Azouz realiza la extracci\u00f3n de implantes mamarios para pacientes con implantes texturizados y no texturizados que optan por la extracci\u00f3n de sus implantes.","robots":{"index":"index","follow":"follow","max-snippet":"max-snippet:-1","max-image-preview":"max-image-preview:large","max-video-preview":"max-video-preview:-1"},"canonical":"https:\/\/www.drazouz.com\/es\/removal-of-textured-breast-implants\/","og_locale":"es_ES","og_type":"article","og_title":"Extracci\u00f3n texturizada de implantes mamarios Dallas | Plano | Richardson","og_description":"El Dr. Azouz realiza la extracci\u00f3n de implantes mamarios para pacientes con implantes texturizados y no texturizados que optan por la extracci\u00f3n de sus implantes.","og_url":"https:\/\/www.drazouz.com\/es\/removal-of-textured-breast-implants\/","og_site_name":"Azouz Cirug\u00eda Pl\u00e1stica y Est\u00e9tica","article_modified_time":"2023-12-21T17:08:36+00:00","og_image":[{"url":"https:\/\/www.drazouz.com\/wp-content\/uploads\/2023\/12\/Textured-breast-implant.jpg","type":"","width":"","height":""}],"twitter_card":"summary_large_image","twitter_image":"https:\/\/www.drazouz.com\/wp-content\/uploads\/2023\/12\/Textured-breast-implant.jpg","twitter_misc":{"Tiempo de lectura":"6 minutos"},"schema":{"@context":"https:\/\/schema.org","@graph":[{"@type":"WebPage","@id":"https:\/\/www.drazouz.com\/es\/removal-of-textured-breast-implants\/","url":"https:\/\/www.drazouz.com\/es\/removal-of-textured-breast-implants\/","name":"Extracci\u00f3n texturizada de implantes mamarios Dallas | Plano | Richardson","isPartOf":{"@id":"https:\/\/www.drazouz.com\/es\/#website"},"primaryImageOfPage":{"@id":"https:\/\/www.drazouz.com\/es\/removal-of-textured-breast-implants\/#primaryimage"},"image":{"@id":"https:\/\/www.drazouz.com\/es\/removal-of-textured-breast-implants\/#primaryimage"},"thumbnailUrl":"https:\/\/www.drazouz.com\/wp-content\/uploads\/2023\/12\/Textured-breast-implant.jpg","datePublished":"2022-07-25T22:15:43+00:00","dateModified":"2023-12-21T17:08:36+00:00","description":"El Dr. Azouz realiza la extracci\u00f3n de implantes mamarios para pacientes con implantes texturizados y no texturizados que optan por la extracci\u00f3n de sus implantes.","breadcrumb":{"@id":"https:\/\/www.drazouz.com\/es\/removal-of-textured-breast-implants\/#breadcrumb"},"inLanguage":"es","potentialAction":[{"@type":"ReadAction","target":["https:\/\/www.drazouz.com\/es\/removal-of-textured-breast-implants\/"]}]},{"@type":"ImageObject","inLanguage":"es","@id":"https:\/\/www.drazouz.com\/es\/removal-of-textured-breast-implants\/#primaryimage","url":"https:\/\/www.drazouz.com\/wp-content\/uploads\/2023\/12\/Textured-breast-implant.jpg","contentUrl":"https:\/\/www.drazouz.com\/wp-content\/uploads\/2023\/12\/Textured-breast-implant.jpg","width":1920,"height":820,"caption":"Breast Implants, various sizes on White background"},{"@type":"BreadcrumbList","@id":"https:\/\/www.drazouz.com\/es\/removal-of-textured-breast-implants\/#breadcrumb","itemListElement":[{"@type":"ListItem","position":1,"name":"Home","item":"https:\/\/www.drazouz.com\/es\/"},{"@type":"ListItem","position":2,"name":"Procedimientos","item":"https:\/\/www.drazouz.com\/es\/procedimientos\/"},{"@type":"ListItem","position":3,"name":"Busto","item":"https:\/\/www.drazouz.com\/es\/breast\/"},{"@type":"ListItem","position":4,"name":"Extracci\u00f3n de Implantes Mamarios con Textura"}]},{"@type":"WebSite","@id":"https:\/\/www.drazouz.com\/es\/#website","url":"https:\/\/www.drazouz.com\/es\/","name":"Azouz Cirug\u00eda Pl\u00e1stica y Est\u00e9tica","description":"","potentialAction":[{"@type":"SearchAction","target":{"@type":"EntryPoint","urlTemplate":"https:\/\/www.drazouz.com\/es\/?s={search_term_string}"},"query-input":{"@type":"PropertyValueSpecification","valueRequired":true,"valueName":"search_term_string"}}],"inLanguage":"es"}]}},"_links":{"self":[{"href":"https:\/\/www.drazouz.com\/es\/wp-json\/wp\/v2\/pages\/3878","targetHints":{"allow":["GET"]}}],"collection":[{"href":"https:\/\/www.drazouz.com\/es\/wp-json\/wp\/v2\/pages"}],"about":[{"href":"https:\/\/www.drazouz.com\/es\/wp-json\/wp\/v2\/types\/page"}],"author":[{"embeddable":true,"href":"https:\/\/www.drazouz.com\/es\/wp-json\/wp\/v2\/users\/1"}],"replies":[{"embeddable":true,"href":"https:\/\/www.drazouz.com\/es\/wp-json\/wp\/v2\/comments?post=3878"}],"version-history":[{"count":5,"href":"https:\/\/www.drazouz.com\/es\/wp-json\/wp\/v2\/pages\/3878\/revisions"}],"predecessor-version":[{"id":10026,"href":"https:\/\/www.drazouz.com\/es\/wp-json\/wp\/v2\/pages\/3878\/revisions\/10026"}],"up":[{"embeddable":true,"href":"https:\/\/www.drazouz.com\/es\/wp-json\/wp\/v2\/pages\/3795"}],"wp:featuredmedia":[{"embeddable":true,"href":"https:\/\/www.drazouz.com\/es\/wp-json\/wp\/v2\/media\/8196"}],"wp:attachment":[{"href":"https:\/\/www.drazouz.com\/es\/wp-json\/wp\/v2\/media?parent=3878"}],"curies":[{"name":"wp","href":"https:\/\/api.w.org\/{rel}","templated":true}]}}