{"id":3875,"date":"2022-07-25T10:19:11","date_gmt":"2022-07-25T15:19:11","guid":{"rendered":"https:\/\/www.drazouz.com\/?page_id=3875"},"modified":"2025-05-01T02:19:30","modified_gmt":"2025-05-01T07:19:30","slug":"cirugia-de-extraccion-de-implantes-mamarios","status":"publish","type":"page","link":"https:\/\/www.drazouz.com\/es\/breast-implant-removal\/","title":{"rendered":"Cirug\u00eda de Extracci\u00f3n de Implantes Mamarios"},"content":{"rendered":"<h2>\u00bfQu\u00e9 es la cirug\u00eda de extracci\u00f3n de implantes mamarios?<\/h2>\n<p>La cirug\u00eda de extracci\u00f3n de implantes mamarios es un procedimiento cosm\u00e9tico para que las mujeres extraigan los implantes mamarios que ya no desean o que causan problemas. La extracci\u00f3n de implantes mamarios es, por lo tanto, una elecci\u00f3n personal o puede ser \u00fatil para las personas con s\u00edntomas de enfermedad de los implantes. Algunas mujeres 10 o 15 a\u00f1os despu\u00e9s de su <a href=\"https:\/\/www.drazouz.com\/es\/breast\/\">aumento de senos<\/a> quieren cambiar los implantes por unos nuevos.<\/p>\n<p><img decoding=\"async\" src=\"https:\/\/www.drazouz.com\/wp-content\/uploads\/2022\/08\/Breast-Implant-Removal-Surgery-in-Dallas-Dr-Azouz-scaled-1.jpg\" alt=\"breast with and without implants\" class=\"aligncenter\" width=\"1140\" \/><\/p>\n<h3>\u00bfQu\u00e9 puede hacer la extracci\u00f3n de implantes mamarios?<\/h3>\n<p>La cirug\u00eda de extracci\u00f3n de implantes mamarios aborda la contractura capsular, el mal funcionamiento del implante o la insatisfacci\u00f3n con el tama\u00f1o y la forma de los senos.<\/p>\n<h3>\u00bfSoy candidata para la cirug\u00eda de extracci\u00f3n de implantes mamarios?<\/h3>\n<p>Las mujeres eligen la extracci\u00f3n de implantes mamarios, tambi\u00e9n conocida como explantaci\u00f3n de implantes mamarios, por muchas razones, que incluyen:<\/p>\n<ul>\n<li>Pechos ca\u00eddos<\/li>\n<li>Senos demasiado pesados<\/li>\n<li>Sensaci\u00f3n de que los implantes mamarios ya no se adaptan a su tipo de cuerpo.<\/li>\n<li>Un cambio significativo en el peso.<\/li>\n<\/ul>\n<p>Adicionalmente, algunos pacientes que han tenido  aumento de senos or reconstrucci\u00f3n mamaria quitar sus implantes debido a:<\/p>\n<ul>\n<li>Deflaci\u00f3n o ruptura<\/li>\n<li>Contractura capsular<\/li>\n<li>Granulomas de silicona<\/li>\n<li>Formacion seroma<\/li>\n<\/ul>\n<p><img decoding=\"async\" src=\"https:\/\/www.drazouz.com\/wp-content\/uploads\/2022\/08\/Implants-removal-Dallas-Plano-Dr.-Azouz-scaled-1.jpg\" alt=\"smiling woman holding face\" class=\"alignright\" width=\"400\" \/><\/p>\n<h3>Beneficios de la extracci\u00f3n de implantes mamarios:<\/h3>\n<p>Si decide quitarse los implantes mamarios, los beneficios incluir\u00e1n lo siguiente:<\/p>\n<ul>\n<li>Mejora del Dolor (En caso de que padezca alguna enfermedad relacionada con el implante)<\/li>\n<li>Sin miedo a la rotura del implante<\/li>\n<li>Evite las resonancias magn\u00e9ticas<\/li>\n<\/ul>\n<h3>Consulta de extracci\u00f3n de implantes mamarios<\/h3>\n<p>La cirug\u00eda de extracci\u00f3n de implantes mamarios se realiza para pacientes de aumento mamario o reconstrucci\u00f3n mamaria. El proceso de extracci\u00f3n de implantes mamarios comenzar\u00e1 con Dallas Plastic Surgeon Dr. David Azouz y Dr. Solomon Azouz evaluar al paciente y dise\u00f1ar un plan individualizado. Dres. Azouz revisar\u00e1 cualquier s\u00edntoma de enfermedad de los implantes mamarios y revisar\u00e1 los objetivos de la paciente en cuanto al tama\u00f1o y la forma de sus senos despu\u00e9s de la cirug\u00eda. Se puede recomendar una mastopexia o levantamiento de senos, adem\u00e1s de la extracci\u00f3n del implante en los casos en que los implantes hayan estirado la piel del seno.  <\/p>\n<p>En comparaci\u00f3n con la cirug\u00eda inicial de implantes mamarios, la extracci\u00f3n de implantes mamarios puede requerir procedimientos adicionales. Estos procedimientos incluyen levantamiento de senos, capsulectom\u00eda y extirpaci\u00f3n de masas en el seno. Un levantamiento de senos puede restaurar los senos m\u00e1s firmes y de apariencia m\u00e1s joven; sin embargo, los senos tambi\u00e9n se pueden aumentar de forma natural con liposucci\u00f3n o injertos de grasa. Esta t\u00e9cnica succiona la grasa de otras \u00e1reas del cuerpo de la paciente, luego la grasa se purifica y luego se inyecta en los senos. Esto hace que sea vital para un paciente seleccionar un cirujano pl\u00e1stico altamente experimentado y bien capacitado para esta cirug\u00eda.<\/p>\n<p>Solicite su consulta con el cirujano pl\u00e1stico Dr. Azouz de Dallas para evaluar tu caso llamando al <a href=\"tel:9727028888\" class=\"phone_anchor \" aria-label=\"ll\u00e1manos (972) 702-8888\">(972) 702-8888<\/a> y dando el primer paso para conseguir tus objetivos est\u00e9ticos.<\/p>\n<h3>Anestesia para la extracci\u00f3n de implantes mamarios<\/h3>\n<p>El Dr. Azouz generalmente recomienda la extracci\u00f3n de implantes mamarios con anestesia local y sedaci\u00f3n. Esto generalmente implica una recuperaci\u00f3n mucho m\u00e1s r\u00e1pida y mejorada en comparaci\u00f3n con la anestesia general. El Dr. Azouz utiliza bloqueos anest\u00e9sicos locales especializados en el momento de la cirug\u00eda para minimizar el dolor.  <\/p>\n<h3>Cirug\u00eda de extracci\u00f3n de implantes mamarios en Dallas<\/h3>\n<p>La extracci\u00f3n de implantes mamarios casi siempre se realiza como cirug\u00eda ambulatoria y la paciente puede recibir sedaci\u00f3n intravenosa o anestesia general. La mayor\u00eda de los pacientes optan por que se les quiten los implantes mamarios bajo sedaci\u00f3n. El Dr. Azouz acceder\u00e1 al implante revisando la cicatriz anterior (revisi\u00f3n de la cicatriz) o creando una nueva incisi\u00f3n oculta.<\/p>\n<h4>Eliminaci\u00f3n de implantes mamarios con soluci\u00f3n salina<\/h4>\n<p>El Dr. Azouz examinar\u00e1 cuidadosamente el implante original y el tejido circundante en busca de inflamaci\u00f3n, ruptura, fuga o infecci\u00f3n antes de la cirug\u00eda de extracci\u00f3n. Para que el procedimiento sea menos invasivo, el Dr. Azouz puede desinflar el implante antes de la extracci\u00f3n. Si la paciente ha optado por someterse a un reemplazo de implante o un levantamiento de senos, esto se realizar\u00e1 despu\u00e9s de retirar el implante y cualquier tejido cicatricial. La extracci\u00f3n del implante de soluci\u00f3n salina puede tardar menos de una hora en completarse.<\/p>\n<h4>Eliminaci\u00f3n de implantes mamarios de silicona<\/h4>\n<p>Para la extracci\u00f3n del implante de silicona, el Dr. Azouz evaluar\u00e1 el implante en busca de signos de da\u00f1o o ruptura antes de retirarlo. Esto ayuda a minimizar los riesgos relacionados con la extracci\u00f3n de implantes de silicona. A veces, el Dr. Azouz a menudo necesitar\u00e1 extraer la c\u00e1psula y el tejido adem\u00e1s del implante. El tiempo necesario para realizar la cirug\u00eda de extracci\u00f3n de implantes de silicona depende de si el paciente se est\u00e1 sometiendo a otras cirug\u00edas, como reemplazo de implantes, revisi\u00f3n de cicatrices o levantamiento de senos simult\u00e1neamente.<\/p>\n<p>El Dr. Azouz elimina el material de silicona de las fugas del implante, el tejido cicatricial de la c\u00e1psula mamaria que se forma a partir de una cirug\u00eda anterior, tambi\u00e9n conocida como contractura capsular, y a menudo realiza un levantamiento de senos (mastopexia) para proporcionar a las pacientes un seno de apariencia natural y cosm\u00e9tica.<\/p>\n<h3>Recuperaci\u00f3n de la cirug\u00eda de extracci\u00f3n de implantes mamarios<\/h3>\n<p>La extracci\u00f3n de implantes mamarios (con o sin un lifting de mamas) es un procedimiento quir\u00fargico ambulatorio en el que puede ir a casa el mismo d\u00eda para relajarse y recuperarse. La mayor\u00eda de los pacientes pueden reanudar la actividad b\u00e1sica y dejar los medicamentos recetados para el dolor despu\u00e9s de los primeros d\u00edas; sin embargo, el ejercicio intenso generalmente se evita durante las semanas 4-6.<\/p>\n<p>Despu\u00e9s de la cirug\u00eda de extracci\u00f3n de implantes mamarios, las pacientes tendr\u00e1n algo de hinchaz\u00f3n durante algunas semanas. Muchos pacientes usan un sost\u00e9n quir\u00fargico o deportivo para ayudar a reducir la hinchaz\u00f3n. Los puntos de sutura son generalmente absorbibles y, por lo general, no es necesario retirarlos en el consultorio. El Dr. Azouz no suele utilizar drenajes cuando realiza una cirug\u00eda de mama. La cirug\u00eda de mama sin drenaje puede permitir a las pacientes una recuperaci\u00f3n m\u00e1s c\u00f3moda y conveniente. El Dr. Azouz tambi\u00e9n proporcionar\u00e1 instrucciones espec\u00edficas sobre su cirug\u00eda.<\/p>\n<h3>Resultados de la cirug\u00eda de extracci\u00f3n de implantes mamarios<\/h3>\n<p><img decoding=\"async\" src=\"https:\/\/www.drazouz.com\/wp-content\/uploads\/2022\/08\/Breast-Implant-Removal-Surgery-Dallas-Dr.-Azouz-scaled-e1634742544682.jpg\" alt=\"smiling woman\" class=\"alignleft\" width=\"400\" \/><\/p>\n<p>Curiosamente, muchas mujeres a\u00fan pueden tener senos llenos y de apariencia natural despu\u00e9s de la extracci\u00f3n del implante mamario. El Dr. Azouz puede realizar varios procedimientos de levantamiento de senos despu\u00e9s de la extracci\u00f3n del implante mamario que a\u00fan pueden proporcionar a una mujer un seno de apariencia completa. El Dr. Azouz realiza varios levantamientos de senos, incluido el mini levantamiento de senos, el levantamiento de senos con liposucci\u00f3n, el levantamiento de senos completo con una incisi\u00f3n de patr\u00f3n inteligente y el levantamiento de senos con paleta.<\/p>\n<h3>Costo de la cirug\u00eda de extracci\u00f3n de implantes mamarios<\/h3>\n<p>Los costos de extracci\u00f3n de implantes mamarios en Dallas pueden variar ampliamente. El Dr. Azouz determinar\u00e1 el costo de la cirug\u00eda mediante un historial m\u00e9dico y un examen f\u00edsico. Muchas compa\u00f1\u00edas de seguros consideran que la cirug\u00eda de extracci\u00f3n de implantes mamarios es m\u00e9dicamente necesaria con implantes mamarios de gel de silicona rotos, bultos en los senos o infecci\u00f3n de implantes mamarios. Adem\u00e1s, el Dr. Azouz ofrece diferentes <a href=\"https:\/\/www.drazouz.com\/es\/fees-insurance\/\">opciones de financiaci\u00f3n<\/a> hacer que la extracci\u00f3n de implantes mamarios sea asequible para sus pacientes.<\/p>\n<h3>Combinaci\u00f3n de una extracci\u00f3n de implantes mamarios con otros procedimientos<\/h3>\n<p>A \u00abmaquillaje de mam\u00e1Consiste en una abdominoplastia o una liposucci\u00f3n del abdomen combinada con una extracci\u00f3n de implantes mamarios. Un intercambio de implantes incluye un Aumento de senos, levantamiento de senos (Mastopexia), o Reducci\u00f3n de Senos combinado con la extracci\u00f3n de implantes y el reemplazo de implantes. Algunos pacientes optan por cambiar implantes de silicona por implantes salinos o viceversa. <\/p>\n<p>Muchos otros facial y cirug\u00eda pl\u00e1stica corporal Los procedimientos se pueden combinar con la extracci\u00f3n de implantes mamarios al mismo tiempo. En general, el Dr. Azouz recomienda organizar los siguientes procedimientos en un momento diferente al de la extracci\u00f3n del implante mamario, incluida la levantamiento de cuerpo, Levantamiento de gl\u00fateos brasile\u00f1o, y Rejuvenecimiento cut\u00e1neo con l\u00e1ser.<\/p>\n<h3>Programe su consulta con el Dr. Azouz<\/h3>\n<p>Si est\u00e1 interesado en tener una consulta de extracci\u00f3n de implantes mamarios con el cirujano pl\u00e1stico certificado Dr. Azouz en Dallas, <a title=\"Contact Azouz Cosmetic &amp; Plastic Surgery in Dallas TX\" href=\"https:\/\/www.drazouz.com\/es\/contact\/\"><em><strong>cont\u00e1ctanos<\/strong><\/em><\/a> para programar una consulta virtual o presencial llamando al <a href=\"tel:9727028888\" class=\"phone_anchor \" aria-label=\"ll\u00e1manos (972) 702-8888\">(972) 702-8888<\/a>.<\/p>\n<h3>Preguntas Frecuentes<\/h3>\n<dl id=\"faq-1\" class=\"flc-faq\"><dt id=\"l11\"><button class=\"card-header collapsed d-flex align-items-center w-100 text-left\" data-toggle=\"collapse\" data-target=\"#t11\" aria-expanded=\"false\" aria-controls=\"t11\"><i class=\"ml-1 fas fa-chevron-down\"><\/i> \u00bfPUEDEN LOS IMPLANTES MAMARIOS CAUSAR ENFERMEDADES AUTOINMUNES?<\/button><\/dt><dd id=\"t11\" class=\"m-0 collapse\" aria-labelledby=\"l11\" aria-expanded=\"false\" data-parent=\"#faq-1\"><div class=\"card-body\"><p>Hace muchos a\u00f1os, los implantes mamarios de silicona se investigaron con respecto a los trastornos autoinmunes. Sin embargo, los estudios han tenido resultados mixtos y a\u00fan est\u00e1n en curso para ver si los implantes mamarios son un factor causal. ALCL es una condici\u00f3n grave relacionada con los implantes de silicona texturizada. Estos implantes han sido retirados del mercado.<\/p>\n<\/div><\/dd><dt id=\"l12\"><button class=\"card-header collapsed d-flex align-items-center w-100 text-left\" data-toggle=\"collapse\" data-target=\"#t12\" aria-expanded=\"false\" aria-controls=\"t12\"><i class=\"ml-1 fas fa-chevron-down\"><\/i> \u00bfLOS IMPLANTES MAMARIOS PUEDEN CAUSAR CELULITIS?<\/button><\/dt><dd id=\"t12\" class=\"m-0 collapse\" aria-labelledby=\"l12\" aria-expanded=\"false\" data-parent=\"#faq-1\"><div class=\"card-body\"><p>La celulitis mamaria es un riesgo de las cirug\u00edas mamarias. El Dr. Azouz puede ayudarlo a tomar una decisi\u00f3n informada durante su consulta.<\/p>\n<\/div><\/dd><dt id=\"l13\"><button class=\"card-header collapsed d-flex align-items-center w-100 text-left\" data-toggle=\"collapse\" data-target=\"#t13\" aria-expanded=\"false\" aria-controls=\"t13\"><i class=\"ml-1 fas fa-chevron-down\"><\/i> \u00bfLOS IMPLANTES MAMARIOS PUEDEN CAUSAR DOLOR A\u00d1OS DESPU\u00c9S?<\/button><\/dt><dd id=\"t13\" class=\"m-0 collapse\" aria-labelledby=\"l13\" aria-expanded=\"false\" data-parent=\"#faq-1\"><div class=\"card-body\"><p>Algunas mujeres experimentan dolor cr\u00f3nico y molestias despu\u00e9s de las cirug\u00edas de implantes mamarios. Puede haber muchas razones para esto, y es mejor consultar con el Dr. Azouz a trav\u00e9s de una consulta para determinar si los implantes son la causa.<\/p>\n<\/div><\/dd><dt id=\"l14\"><button class=\"card-header collapsed d-flex align-items-center w-100 text-left\" data-toggle=\"collapse\" data-target=\"#t14\" aria-expanded=\"false\" aria-controls=\"t14\"><i class=\"ml-1 fas fa-chevron-down\"><\/i> \u00bfPUEDEN LOS IMPLANTES MAMARIOS INFECTARSE A\u00d1OS DESPU\u00c9S?<\/button><\/dt><dd id=\"t14\" class=\"m-0 collapse\" aria-labelledby=\"l14\" aria-expanded=\"false\" data-parent=\"#faq-1\"><div class=\"card-body\"><p>Los implantes mamarios pueden infectarse a\u00f1os despu\u00e9s de su colocaci\u00f3n. La infecci\u00f3n de los implantes mamarios es baja y la posibilidad de infecci\u00f3n disminuye despu\u00e9s de que los implantes han estado colocados durante meses o a\u00f1os.<\/p>\n<\/div><\/dd><dt id=\"l15\"><button class=\"card-header collapsed d-flex align-items-center w-100 text-left\" data-toggle=\"collapse\" data-target=\"#t15\" aria-expanded=\"false\" aria-controls=\"t15\"><i class=\"ml-1 fas fa-chevron-down\"><\/i> \u00bfLOS IMPLANTES MAMARIOS CAUSAN PROBLEMAS DE SALUD?<\/button><\/dt><dd id=\"t15\" class=\"m-0 collapse\" aria-labelledby=\"l15\" aria-expanded=\"false\" data-parent=\"#faq-1\"><div class=\"card-body\"><p>Los implantes mamarios en s\u00ed mismos no causan problemas de salud y son dispositivos m\u00e9dicos muy seguros. Sin embargo, pueden surgir problemas de salud debido a la cirug\u00eda o la colocaci\u00f3n de implantes.<\/p>\n<\/div><\/dd><dt id=\"l16\"><button class=\"card-header collapsed d-flex align-items-center w-100 text-left\" data-toggle=\"collapse\" data-target=\"#t16\" aria-expanded=\"false\" aria-controls=\"t16\"><i class=\"ml-1 fas fa-chevron-down\"><\/i> \u00bfLOS IMPLANTES MAMARIOS SE HUNDEN CON EL TIEMPO?<\/button><\/dt><dd id=\"t16\" class=\"m-0 collapse\" aria-labelledby=\"l16\" aria-expanded=\"false\" data-parent=\"#faq-1\"><div class=\"card-body\"><p>La cirug\u00eda de implantes mamarios no detiene los efectos de la gravedad, y los implantes mamarios pueden hundirse con el tiempo al igual que el tejido mamario. En este caso, es posible que se necesite otro procedimiento para restaurarlos a una posici\u00f3n m\u00e1s vertical.<\/p>\n<\/div><\/dd><dt id=\"l17\"><button class=\"card-header collapsed d-flex align-items-center w-100 text-left\" data-toggle=\"collapse\" data-target=\"#t17\" aria-expanded=\"false\" aria-controls=\"t17\"><i class=\"ml-1 fas fa-chevron-down\"><\/i> \u00bfQU\u00c9 TAN COM\u00daN ES LA CONTRACTURA CAPSULAR EN LOS IMPLANTES MAMARIOS?<\/button><\/dt><dd id=\"t17\" class=\"m-0 collapse\" aria-labelledby=\"l17\" aria-expanded=\"false\" data-parent=\"#faq-1\"><div class=\"card-body\"><p>Se estima que la contractura capsular ocurre en alrededor del 10% de los casos. Tenga en cuenta que es normal que el cuerpo forme tejido cicatricial alrededor del implante como respuesta natural.<\/p>\n<\/div><\/dd><dt id=\"l18\"><button class=\"card-header collapsed d-flex align-items-center w-100 text-left\" data-toggle=\"collapse\" data-target=\"#t18\" aria-expanded=\"false\" aria-controls=\"t18\"><i class=\"ml-1 fas fa-chevron-down\"><\/i> \u00bfC\u00d3MO ME PREPARO PARA LA EXTRACCI\u00d3N DE IMPLANTES MAMARIOS?<\/button><\/dt><dd id=\"t18\" class=\"m-0 collapse\" aria-labelledby=\"l18\" aria-expanded=\"false\" data-parent=\"#faq-1\"><div class=\"card-body\"><p>El Dr. Azouz le proporcionar\u00e1 instrucciones detalladas sobre c\u00f3mo prepararse para la fecha de su cirug\u00eda. Aseg\u00farese de dejar de tomar medicamentos anticoagulantes antes de su cirug\u00eda y dejar de fumar.<\/p>\n<\/div><\/dd><dt id=\"l19\"><button class=\"card-header collapsed d-flex align-items-center w-100 text-left\" data-toggle=\"collapse\" data-target=\"#t19\" aria-expanded=\"false\" aria-controls=\"t19\"><i class=\"ml-1 fas fa-chevron-down\"><\/i> \u00bfCON QU\u00c9 FRECUENCIA OCURRE LA ENFERMEDAD DE LOS IMPLANTES MAMARIOS?<\/button><\/dt><dd id=\"t19\" class=\"m-0 collapse\" aria-labelledby=\"l19\" aria-expanded=\"false\" data-parent=\"#faq-1\"><div class=\"card-body\"><p>La enfermedad de los implantes mamarios es extremadamente rara; de hecho, la FDA estima que ocurre muy raramente.<\/p>\n<\/div><\/dd><dt id=\"l110\"><button class=\"card-header collapsed d-flex align-items-center w-100 text-left\" data-toggle=\"collapse\" data-target=\"#t110\" aria-expanded=\"false\" aria-controls=\"t110\"><i class=\"ml-1 fas fa-chevron-down\"><\/i> \u00bfCON QU\u00c9 FRECUENCIA SE DEBEN REVISAR LOS IMPLANTES MAMARIOS?<\/button><\/dt><dd id=\"t110\" class=\"m-0 collapse\" aria-labelledby=\"l110\" aria-expanded=\"false\" data-parent=\"#faq-1\"><div class=\"card-body\"><p>La FDA recomienda ex\u00e1menes de resonancia magn\u00e9tica regulares 3 a\u00f1os despu\u00e9s de su procedimiento de implante y luego cada 2 a\u00f1os posteriormente. Esto ayuda a verificar si hay desgarros o debilidades que puedan provocar una ruptura.<\/p>\n<\/div><\/dd><\/dl>\n<h3>Revisi\u00f3n del paciente de cirug\u00eda de extracci\u00f3n de implantes mamarios para el Dr. Azouz<\/h3>\n<blockquote><p>\u201cMe extirpan los implantes mamarios con el Dr. David Azouz. \u00a1Estoy tan contenta de haberme sometido a esta cirug\u00eda! \u00a1He visto una mejora en mi salud en general desde que me quitaron los implantes! Tan agradecido de haber encontrado Dr. Azouz !! \u201d <\/span><\/p><\/blockquote>\n<p><a href=\"https:\/\/www.vitals.com\/doctors\/Dr_David_Azouz\/reviews?sort=updated_at_dt%20desc\" target=\"_blank\" rel=\"noopener\">Leer m\u00e1s rese\u00f1as de pacientes sobre el Dr. Azouz<\/a><\/p>\n","protected":false},"excerpt":{"rendered":"<p>\u00bfQu\u00e9 es la cirug\u00eda de extracci\u00f3n de implantes mamarios? La cirug\u00eda de extracci\u00f3n de implantes mamarios es<br \/><a href=\"https:\/\/www.drazouz.com\/es\/breast-implant-removal\/\" class=\"btn btn-blue mt-3\">Sigue leyendo<\/a><\/p>\n","protected":false},"author":1,"featured_media":4876,"parent":3795,"menu_order":0,"comment_status":"closed","ping_status":"closed","template":"template-builder.php","meta":{"_acf_changed":false,"footnotes":""},"class_list":["post-3875","page","type-page","status-publish","has-post-thumbnail"],"acf":[],"yoast_head":"<!-- This site is optimized with the Yoast SEO plugin v27.4 - https:\/\/yoast.com\/product\/yoast-seo-wordpress\/ -->\n<title>Cirug\u00eda de extracci\u00f3n de implantes mamarios Dallas | Plano | Richardson<\/title>\n<meta name=\"description\" content=\"La cirug\u00eda de extracci\u00f3n de implantes mamarios se realiza tanto para pacientes de aumento como de reconstrucci\u00f3n mamaria. Solicite una consulta con el Dr. Azouz llamando al 972 702.\" \/>\n<meta name=\"robots\" content=\"index, follow, max-snippet:-1, max-image-preview:large, max-video-preview:-1\" \/>\n<link rel=\"canonical\" href=\"https:\/\/www.drazouz.com\/es\/breast-implant-removal\/\" \/>\n<meta property=\"og:locale\" content=\"es_ES\" \/>\n<meta property=\"og:type\" content=\"article\" \/>\n<meta property=\"og:title\" content=\"Cirug\u00eda de extracci\u00f3n de implantes mamarios Dallas | Plano | Richardson\" \/>\n<meta property=\"og:description\" content=\"La cirug\u00eda de extracci\u00f3n de implantes mamarios se realiza tanto para pacientes de aumento como de reconstrucci\u00f3n mamaria. Solicite una consulta con el Dr. Azouz llamando al 972 702.\" \/>\n<meta property=\"og:url\" content=\"https:\/\/www.drazouz.com\/es\/breast-implant-removal\/\" \/>\n<meta property=\"og:site_name\" content=\"Azouz Cirug\u00eda Pl\u00e1stica y Est\u00e9tica\" \/>\n<meta property=\"article:modified_time\" content=\"2025-05-01T07:19:30+00:00\" \/>\n<meta property=\"og:image\" content=\"https:\/\/www.drazouz.com\/wp-content\/uploads\/2022\/10\/Breast-Implant-Removal-Surgery-in-Dallas-Dr-Azouz-scaled-3.jpg\" \/>\n<meta name=\"twitter:card\" content=\"summary_large_image\" \/>\n<meta name=\"twitter:image\" content=\"https:\/\/www.drazouz.com\/wp-content\/uploads\/2022\/10\/Breast-Implant-Removal-Surgery-in-Dallas-Dr-Azouz-scaled-3.jpg\" \/>\n<meta name=\"twitter:label1\" content=\"Tiempo de lectura\" \/>\n\t<meta name=\"twitter:data1\" content=\"7 minutos\" \/>\n<!-- \/ Yoast SEO plugin. -->","yoast_head_json":{"title":"Cirug\u00eda de extracci\u00f3n de implantes mamarios Dallas | Plano | Richardson","description":"La cirug\u00eda de extracci\u00f3n de implantes mamarios se realiza tanto para pacientes de aumento como de reconstrucci\u00f3n mamaria. Solicite una consulta con el Dr. Azouz llamando al 972 702.","robots":{"index":"index","follow":"follow","max-snippet":"max-snippet:-1","max-image-preview":"max-image-preview:large","max-video-preview":"max-video-preview:-1"},"canonical":"https:\/\/www.drazouz.com\/es\/breast-implant-removal\/","og_locale":"es_ES","og_type":"article","og_title":"Cirug\u00eda de extracci\u00f3n de implantes mamarios Dallas | Plano | Richardson","og_description":"La cirug\u00eda de extracci\u00f3n de implantes mamarios se realiza tanto para pacientes de aumento como de reconstrucci\u00f3n mamaria. Solicite una consulta con el Dr. Azouz llamando al 972 702.","og_url":"https:\/\/www.drazouz.com\/es\/breast-implant-removal\/","og_site_name":"Azouz Cirug\u00eda Pl\u00e1stica y Est\u00e9tica","article_modified_time":"2025-05-01T07:19:30+00:00","og_image":[{"url":"https:\/\/www.drazouz.com\/wp-content\/uploads\/2022\/10\/Breast-Implant-Removal-Surgery-in-Dallas-Dr-Azouz-scaled-3.jpg","type":"","width":"","height":""}],"twitter_card":"summary_large_image","twitter_image":"https:\/\/www.drazouz.com\/wp-content\/uploads\/2022\/10\/Breast-Implant-Removal-Surgery-in-Dallas-Dr-Azouz-scaled-3.jpg","twitter_misc":{"Tiempo de lectura":"7 minutos"},"schema":{"@context":"https:\/\/schema.org","@graph":[{"@type":"WebPage","@id":"https:\/\/www.drazouz.com\/es\/breast-implant-removal\/","url":"https:\/\/www.drazouz.com\/es\/breast-implant-removal\/","name":"Cirug\u00eda de extracci\u00f3n de implantes mamarios Dallas | Plano | Richardson","isPartOf":{"@id":"https:\/\/www.drazouz.com\/es\/#website"},"primaryImageOfPage":{"@id":"https:\/\/www.drazouz.com\/es\/breast-implant-removal\/#primaryimage"},"image":{"@id":"https:\/\/www.drazouz.com\/es\/breast-implant-removal\/#primaryimage"},"thumbnailUrl":"https:\/\/www.drazouz.com\/wp-content\/uploads\/2022\/10\/Breast-Implant-Removal-Surgery-in-Dallas-Dr-Azouz-scaled-3.jpg","datePublished":"2022-07-25T15:19:11+00:00","dateModified":"2025-05-01T07:19:30+00:00","description":"La cirug\u00eda de extracci\u00f3n de implantes mamarios se realiza tanto para pacientes de aumento como de reconstrucci\u00f3n mamaria. Solicite una consulta con el Dr. Azouz llamando al 972 702.","breadcrumb":{"@id":"https:\/\/www.drazouz.com\/es\/breast-implant-removal\/#breadcrumb"},"inLanguage":"es","potentialAction":[{"@type":"ReadAction","target":["https:\/\/www.drazouz.com\/es\/breast-implant-removal\/"]}]},{"@type":"ImageObject","inLanguage":"es","@id":"https:\/\/www.drazouz.com\/es\/breast-implant-removal\/#primaryimage","url":"https:\/\/www.drazouz.com\/wp-content\/uploads\/2022\/10\/Breast-Implant-Removal-Surgery-in-Dallas-Dr-Azouz-scaled-3.jpg","contentUrl":"https:\/\/www.drazouz.com\/wp-content\/uploads\/2022\/10\/Breast-Implant-Removal-Surgery-in-Dallas-Dr-Azouz-scaled-3.jpg","width":1920,"height":435,"caption":"Woman's breast before and after implant removal surgery."},{"@type":"BreadcrumbList","@id":"https:\/\/www.drazouz.com\/es\/breast-implant-removal\/#breadcrumb","itemListElement":[{"@type":"ListItem","position":1,"name":"Home","item":"https:\/\/www.drazouz.com\/es\/"},{"@type":"ListItem","position":2,"name":"Procedimientos","item":"https:\/\/www.drazouz.com\/es\/procedimientos\/"},{"@type":"ListItem","position":3,"name":"Busto","item":"https:\/\/www.drazouz.com\/es\/breast\/"},{"@type":"ListItem","position":4,"name":"Cirug\u00eda de Extracci\u00f3n de Implantes Mamarios"}]},{"@type":"WebSite","@id":"https:\/\/www.drazouz.com\/es\/#website","url":"https:\/\/www.drazouz.com\/es\/","name":"Azouz Cirug\u00eda Pl\u00e1stica y Est\u00e9tica","description":"","potentialAction":[{"@type":"SearchAction","target":{"@type":"EntryPoint","urlTemplate":"https:\/\/www.drazouz.com\/es\/?s={search_term_string}"},"query-input":{"@type":"PropertyValueSpecification","valueRequired":true,"valueName":"search_term_string"}}],"inLanguage":"es"}]}},"_links":{"self":[{"href":"https:\/\/www.drazouz.com\/es\/wp-json\/wp\/v2\/pages\/3875","targetHints":{"allow":["GET"]}}],"collection":[{"href":"https:\/\/www.drazouz.com\/es\/wp-json\/wp\/v2\/pages"}],"about":[{"href":"https:\/\/www.drazouz.com\/es\/wp-json\/wp\/v2\/types\/page"}],"author":[{"embeddable":true,"href":"https:\/\/www.drazouz.com\/es\/wp-json\/wp\/v2\/users\/1"}],"replies":[{"embeddable":true,"href":"https:\/\/www.drazouz.com\/es\/wp-json\/wp\/v2\/comments?post=3875"}],"version-history":[{"count":10,"href":"https:\/\/www.drazouz.com\/es\/wp-json\/wp\/v2\/pages\/3875\/revisions"}],"predecessor-version":[{"id":21732,"href":"https:\/\/www.drazouz.com\/es\/wp-json\/wp\/v2\/pages\/3875\/revisions\/21732"}],"up":[{"embeddable":true,"href":"https:\/\/www.drazouz.com\/es\/wp-json\/wp\/v2\/pages\/3795"}],"wp:featuredmedia":[{"embeddable":true,"href":"https:\/\/www.drazouz.com\/es\/wp-json\/wp\/v2\/media\/4876"}],"wp:attachment":[{"href":"https:\/\/www.drazouz.com\/es\/wp-json\/wp\/v2\/media?parent=3875"}],"curies":[{"name":"wp","href":"https:\/\/api.w.org\/{rel}","templated":true}]}}