{"id":3852,"date":"2022-07-22T09:42:51","date_gmt":"2022-07-22T14:42:51","guid":{"rendered":"https:\/\/www.drazouz.com\/?page_id=3852"},"modified":"2023-11-21T12:00:34","modified_gmt":"2023-11-21T17:00:34","slug":"levantamiento-de-cejas-estiramiento-de-frente","status":"publish","type":"page","link":"https:\/\/www.drazouz.com\/es\/brow-liftforehead-lift\/","title":{"rendered":"Levantamiento de cejas \/ estiramiento de frente"},"content":{"rendered":"<p>Un estiramiento de cejas en Dallas generalmente se realiza para levantar las cejas fruncidas o ca\u00eddas, reducir las arrugas horizontales de la frente y mejorar la apariencia de las l\u00edneas de expresi\u00f3n. Un paciente que <a href=\"https:\/\/www.drazouz.com\/es\/face\/\">busque una apariencia m\u00e1s joven y alerta podr\u00eda<\/a> beneficiarse de un estiramiento de cejas con el Dr. Azouz certificado por la junta. Programe una consulta inicial con el Dr. Azouz para evaluar su caso y dar el primer paso para restaurar y realzar su belleza natural.<\/p>\n<h2>\u00bfQu\u00e9 es una reducci\u00f3n de la frente?<\/h2>\n<p><img decoding=\"async\" src=\"https:\/\/www.drazouz.com\/wp-content\/uploads\/2022\/08\/Brow-lift-Dallas-Dr.-Azouz.png\" alt=\"smiling woman\" class=\"alignright\" width=\"300\" \/><\/p>\n<p>Una reducci\u00f3n de la frente reduce la longitud total de la frente al bajar la l\u00ednea del cabello. La reducci\u00f3n de la frente crea un rostro de apariencia m\u00e1s femenina en muchos casos.<\/p>\n<h2>\u00bfSoy candidato para un lifting de cejas?<\/h2>\n<p>Un paciente puede considerar un levantamiento de cejas si tiene las siguientes caracter\u00edsticas:<\/p>\n<ul>\n<li>Las colas externas de las cejas se vuelven hacia abajo, haciendo que la persona parezca cansada o triste.<\/li>\n<li>El centro o el \u00e1rea frontal de la ceja se inclina, creando una apariencia de enojo.<\/li>\n<li>Las l\u00edneas de expresi\u00f3n entre los ojos est\u00e1n muy marcadas y no se pueden mejorar con inyectables.<\/li>\n<li>Incapacidad para maquillarse debido a que la ceja cae sobre el p\u00e1rpado.<\/li>\n<\/ul>\n<p>Las caracter\u00edsticas anteriores son solo algunos de los s\u00edntomas f\u00edsicos que pueden alentar a uno a buscar un levantamiento de cejas en Dallas. Sin embargo, es importante consultar a un cirujano pl\u00e1stico certificado por la junta para una evaluaci\u00f3n y asegurarse de que este sea el procedimiento ideal para realzar su belleza natural.<\/p>\n<h2>Beneficios del estiramiento de cejas<\/h2>\n<p>Los beneficios de un levantamiento de cejas y \/ o un levantamiento de frente son tener una apariencia m\u00e1s juvenil al disminuir las l\u00edneas y arrugas de la frente. Un estiramiento de cejas \/ estiramiento de frente puede elevar la posici\u00f3n de las cejas y aliviar la presi\u00f3n en los p\u00e1rpados superiores.<\/p>\n<h2>\u00bfC\u00f3mo se realiza el lifting de cejas en Dallas?<\/h2>\n<p>La extensi\u00f3n del estiramiento de cejas depende de los cambios deseados y de qu\u00e9 Dr. Azouz considere apropiado para alcanzar sus metas. Un lifting de cejas se puede realizar con diferentes t\u00e9cnicas. En la mayor\u00eda de los casos, el Dr. Azouz realizar\u00e1 un estiramiento de cejas endosc\u00f3pico, lo que resulta en incisiones m\u00ednimas y un tiempo de recuperaci\u00f3n m\u00e1s r\u00e1pido.<\/p>\n<h2>Anestesia para el levantamiento de cejas<\/h2>\n<p>Un estiramiento de cejas en Dallas generalmente se realiza bajo anestesia local con sedaci\u00f3n, lo que le permite sentirse c\u00f3modo durante la cirug\u00eda.<\/p>\n<p>Durante la mayor\u00eda de los procedimientos de estiramiento de cejas, el Dr. Azouz reestructurar\u00e1 cualquier tejido facial y \/ o m\u00fasculos y levantar\u00e1 la piel de la frente. Este proceso tambi\u00e9n corrige los pliegues, arrugas o surcos visibles en la frente.<\/p>\n<h2>Recuperaci\u00f3n del levantamiento de cejas<\/h2>\n<p>El tiempo de recuperaci\u00f3n var\u00eda de un paciente a otro, pero la mayor\u00eda de los pacientes se curar\u00e1n y volver\u00e1n a sus actividades habituales en dos semanas. Es importante seguir las instrucciones de postratamiento espec\u00edficas del Dr. Azouz para garantizar una recuperaci\u00f3n \u00f3ptima y resultados satisfactorios.<\/p>\n<h2>\u00bfCombinaci\u00f3n de un lifting de cejas con otras cirug\u00edas pl\u00e1sticas en Dallas?<\/h2>\n<p>Las cirug\u00edas combinadas populares incluyen:<\/p>\n<ul>\n<li><a href=\"https:\/\/www.drazouz.com\/es\/eyelid-surgery\/\">Cirug\u00eda de p\u00e1rpado<\/a><\/li>\n<li><a href=\"https:\/\/www.drazouz.com\/es\/facelift\/\">Estiramiento facial<\/a><\/li>\n<\/ul>\n<h2>Costo del estiramiento de cejas<\/h2>\n<p>El costo de un estiramiento de cejas depende de las caracter\u00edsticas, la salud y la anatom\u00eda del paciente. El Dr. Azouz determina el precio de un estiramiento de cejas en Dallas seg\u00fan el historial y el examen f\u00edsico. Hay <a href=\"https:\/\/www.drazouz.com\/es\/fees-insurance\/\">opciones de financiamiento disponibles<\/a> para hacer asequible la cirug\u00eda de estiramiento de cejas para los pacientes del Dr. Azouz.<\/p>\n<h2>Programe su consulta con el Dr. Azouz<\/h2>\n<p>\u00bfLa gente te ha preguntado: \u00ab\u00bfEst\u00e1s cansado?\u00bb m\u00e1s a menudo de lo que le gustar\u00eda? Un estiramiento de cejas o de frente puede ser la soluci\u00f3n adecuada para usted. Es necesaria una consulta para determinar sus objetivos cosm\u00e9ticos y qu\u00e9 t\u00e9cnicas de procedimiento proporcionar\u00edan los mejores resultados. Llame al <a href=\"tel:9727028888\" class=\"phone_anchor \" aria-label=\"ll\u00e1manos (972) 702-8888\">(972) 702-8888<\/a> o comun\u00edquese con Azouz Plastic and Cosmetic Surgery hoy para <a title=\"Contact Azouz Cosmetic &amp; Plastic Surgery in Dallas TX\" href=\"https:\/\/www.drazouz.com\/es\/contact\/\"><em><strong>programe su consulta de levantamiento de cejas<\/strong><\/em><\/a>.<\/p>\n<h3>Preguntas Frecuentes<\/h3>\n<dl id=\"faq-1\" class=\"flc-faq\"><dt id=\"l11\"><button class=\"card-header collapsed d-flex align-items-center w-100 text-left\" data-toggle=\"collapse\" data-target=\"#t11\" aria-expanded=\"false\" aria-controls=\"t11\"><i class=\"ml-1 fas fa-chevron-down\"><\/i> \u00bfCU\u00c1NTO DURAN LOS LEVANTAMIENTOS DE CEJAS?<\/button><\/dt><dd id=\"t11\" class=\"m-0 collapse\" aria-labelledby=\"l11\" aria-expanded=\"false\" data-parent=\"#faq-1\"><div class=\"card-body\"><p>Un estiramiento de cejas quir\u00fargico es generalmente permanente. Los estiramientos de cejas m\u00e9dicos realizados con botox generalmente duran entre 2 y 4 meses.<\/p>\n<\/div><\/dd><dt id=\"l12\"><button class=\"card-header collapsed d-flex align-items-center w-100 text-left\" data-toggle=\"collapse\" data-target=\"#t12\" aria-expanded=\"false\" aria-controls=\"t12\"><i class=\"ml-1 fas fa-chevron-down\"><\/i> \u00bfUN ESTIRAMIENTO DE CEJAS AYUDA A LOS OJOS ENCAPUCHADOS?<\/button><\/dt><dd id=\"t12\" class=\"m-0 collapse\" aria-labelledby=\"l12\" aria-expanded=\"false\" data-parent=\"#faq-1\"><div class=\"card-body\"><p>Un estiramiento de cejas puede ayudar a los ojos con capucha, pero una blefaroplastia para eliminar la piel, la grasa y los m\u00fasculos generalmente es mejor para mejorar los ojos con capucha.<\/p>\n<\/div><\/dd><dt id=\"l13\"><button class=\"card-header collapsed d-flex align-items-center w-100 text-left\" data-toggle=\"collapse\" data-target=\"#t13\" aria-expanded=\"false\" aria-controls=\"t13\"><i class=\"ml-1 fas fa-chevron-down\"><\/i> \u00bfQU\u00c9 ES UN ESTIRAMIENTO TEMPORAL DE CEJAS?<\/button><\/dt><dd id=\"t13\" class=\"m-0 collapse\" aria-labelledby=\"l13\" aria-expanded=\"false\" data-parent=\"#faq-1\"><div class=\"card-body\"><p>Un estiramiento temporal de cejas es un procedimiento para levantar la ceja desde la l\u00ednea del cabello al nivel de las sienes.<\/p>\n<\/div><\/dd><dt id=\"l14\"><button class=\"card-header collapsed d-flex align-items-center w-100 text-left\" data-toggle=\"collapse\" data-target=\"#t14\" aria-expanded=\"false\" aria-controls=\"t14\"><i class=\"ml-1 fas fa-chevron-down\"><\/i> \u00bfCU\u00c1NTO CUESTA UN ESTIRAMIENTO DE CEJAS?<\/button><\/dt><dd id=\"t14\" class=\"m-0 collapse\" aria-labelledby=\"l14\" aria-expanded=\"false\" data-parent=\"#faq-1\"><div class=\"card-body\"><p>El costo de un estiramiento de cejas depende del nivel de la ceja, el estiramiento de cejas a realizar y la salud del paciente. El Dr. Azouz puede determinar el costo personalizado de un estiramiento de cejas a trav\u00e9s del historial y el examen f\u00edsico.<\/p>\n<\/div><\/dd><dt id=\"l15\"><button class=\"card-header collapsed d-flex align-items-center w-100 text-left\" data-toggle=\"collapse\" data-target=\"#t15\" aria-expanded=\"false\" aria-controls=\"t15\"><i class=\"ml-1 fas fa-chevron-down\"><\/i> \u00bfSE PUEDE HACER UN LEVANTAMIENTO DE CEJAS CON ANESTESIA LOCAL?<\/button><\/dt><dd id=\"t15\" class=\"m-0 collapse\" aria-labelledby=\"l15\" aria-expanded=\"false\" data-parent=\"#faq-1\"><div class=\"card-body\"><p>Ciertos tipos de levantamiento de cejas se pueden realizar con anestesia local, a veces con la ayuda de un sedante para ayudarlo a relajarse. Su cirujano pl\u00e1stico certificado por la junta puede ayudarlo a determinar el enfoque quir\u00fargico adecuado para sus objetivos.<\/p>\n<\/div><\/dd><dt id=\"l16\"><button class=\"card-header collapsed d-flex align-items-center w-100 text-left\" data-toggle=\"collapse\" data-target=\"#t16\" aria-expanded=\"false\" aria-controls=\"t16\"><i class=\"ml-1 fas fa-chevron-down\"><\/i> \u00bfEL LEVANTAMIENTO ENDOSC\u00d3PICO DE CEJAS ELEVA LA L\u00cdNEA DEL CABELLO?<\/button><\/dt><dd id=\"t16\" class=\"m-0 collapse\" aria-labelledby=\"l16\" aria-expanded=\"false\" data-parent=\"#faq-1\"><div class=\"card-body\"><p>Uno de los mayores beneficios del estiramiento de cejas endosc\u00f3pico es que no levanta la l\u00ednea del cabello. Puede ser una buena opci\u00f3n para pacientes que ya tienen una l\u00ednea de cabello alta o en retroceso.<\/p>\n<\/div><\/dd><dt id=\"l17\"><button class=\"card-header collapsed d-flex align-items-center w-100 text-left\" data-toggle=\"collapse\" data-target=\"#t17\" aria-expanded=\"false\" aria-controls=\"t17\"><i class=\"ml-1 fas fa-chevron-down\"><\/i> \u00bfUN LEVANTAMIENTO DE CEJAS ELIMINA LAS ARRUGAS DE LA FRENTE?<\/button><\/dt><dd id=\"t17\" class=\"m-0 collapse\" aria-labelledby=\"l17\" aria-expanded=\"false\" data-parent=\"#faq-1\"><div class=\"card-body\"><p>El levantamiento de cejas es una de las formas m\u00e1s efectivas de deshacerse de las arrugas de la frente. Si las opciones como BOTOX ya no logran los resultados que desea, un estiramiento de cejas puede ser un excelente paso a seguir.<\/p>\n<\/div><\/dd><dt id=\"l18\"><button class=\"card-header collapsed d-flex align-items-center w-100 text-left\" data-toggle=\"collapse\" data-target=\"#t18\" aria-expanded=\"false\" aria-controls=\"t18\"><i class=\"ml-1 fas fa-chevron-down\"><\/i> \u00bfEL SEGURO PAGA POR EL LEVANTAMIENTO DE CEJAS?<\/button><\/dt><dd id=\"t18\" class=\"m-0 collapse\" aria-labelledby=\"l18\" aria-expanded=\"false\" data-parent=\"#faq-1\"><div class=\"card-body\"><p>El seguro generalmente no cubre un levantamiento de cejas, pero puede hacerlo en los casos en que la piel fl\u00e1cida impide su visi\u00f3n. Alentamos a cada paciente a consultar con su proveedor de seguros antes de su consulta para que podamos ayudarlo a maximizar su cobertura.<\/p>\n<\/div><\/dd><dt id=\"l19\"><button class=\"card-header collapsed d-flex align-items-center w-100 text-left\" data-toggle=\"collapse\" data-target=\"#t19\" aria-expanded=\"false\" aria-controls=\"t19\"><i class=\"ml-1 fas fa-chevron-down\"><\/i> \u00bfUN ESTIRAMIENTO FACIAL INCLUYE UN LEVANTAMIENTO DE CEJAS?<\/button><\/dt><dd id=\"t19\" class=\"m-0 collapse\" aria-labelledby=\"l19\" aria-expanded=\"false\" data-parent=\"#faq-1\"><div class=\"card-body\"><p>Un estiramiento facial y un estiramiento de cejas son t\u00e9cnicamente dos procedimientos \u00fanicos, pero la mayor\u00eda de las veces se realizan juntos. Eso es porque pueden lograr un rejuvenecimiento m\u00e1s completo en todas las \u00e1reas de la cara.<\/p>\n<\/div><\/dd><dt id=\"l110\"><button class=\"card-header collapsed d-flex align-items-center w-100 text-left\" data-toggle=\"collapse\" data-target=\"#t110\" aria-expanded=\"false\" aria-controls=\"t110\"><i class=\"ml-1 fas fa-chevron-down\"><\/i> \u00bfC\u00d3MO PUEDO LEVANTAR MIS CEJAS?<\/button><\/dt><dd id=\"t110\" class=\"m-0 collapse\" aria-labelledby=\"l110\" aria-expanded=\"false\" data-parent=\"#faq-1\"><div class=\"card-body\"><p>Si bien BOTOX puede lograr algo de levantamiento en lo que respecta a las cejas, el levantamiento de cejas es la opci\u00f3n m\u00e1s completa y efectiva. Su cirujano pl\u00e1stico puede ayudarlo a determinar el procedimiento correcto durante su consulta.<\/p>\n<\/div><\/dd><dt id=\"l111\"><button class=\"card-header collapsed d-flex align-items-center w-100 text-left\" data-toggle=\"collapse\" data-target=\"#t111\" aria-expanded=\"false\" aria-controls=\"t111\"><i class=\"ml-1 fas fa-chevron-down\"><\/i> \u00bfEL LEVANTAMIENTO DE CEJAS CAMBIA LA FORMA DE LOS OJOS?<\/button><\/dt><dd id=\"t111\" class=\"m-0 collapse\" aria-labelledby=\"l111\" aria-expanded=\"false\" data-parent=\"#faq-1\"><div class=\"card-body\"><p>Un levantamiento de cejas no cambia la forma de tus ojos. M\u00e1s bien levanta las cejas a una posici\u00f3n m\u00e1s vertical.<\/p>\n<\/div><\/dd><dt id=\"l112\"><button class=\"card-header collapsed d-flex align-items-center w-100 text-left\" data-toggle=\"collapse\" data-target=\"#t112\" aria-expanded=\"false\" aria-controls=\"t112\"><i class=\"ml-1 fas fa-chevron-down\"><\/i> \u00bfC\u00d3MO PUEDO LEVANTAR LAS CEJAS EN UN D\u00cdA?<\/button><\/dt><dd id=\"t112\" class=\"m-0 collapse\" aria-labelledby=\"l112\" aria-expanded=\"false\" data-parent=\"#faq-1\"><div class=\"card-body\"><p>La mejor manera de lograr resultados es a trav\u00e9s de un levantamiento de cejas. Su cirujano pl\u00e1stico puede ayudarlo a determinar qu\u00e9 esperar durante una consulta.<\/p>\n<\/div><\/dd><dt id=\"l113\"><button class=\"card-header collapsed d-flex align-items-center w-100 text-left\" data-toggle=\"collapse\" data-target=\"#t113\" aria-expanded=\"false\" aria-controls=\"t113\"><i class=\"ml-1 fas fa-chevron-down\"><\/i> \u00bfC\u00d3MO S\u00c9 SI NECESITO UN LEVANTAMIENTO DE CEJAS?<\/button><\/dt><dd id=\"t113\" class=\"m-0 collapse\" aria-labelledby=\"l113\" aria-expanded=\"false\" data-parent=\"#faq-1\"><div class=\"card-body\"><p>Por lo general, se recomienda un levantamiento de cejas si le molesta la flacidez o las arrugas profundas en las cejas, o si sus ojos est\u00e1n muy ca\u00eddos debido al exceso de piel. Su cirujano pl\u00e1stico puede ayudarlo a determinar sus mejores opciones.<\/p>\n<\/div><\/dd><dt id=\"l114\"><button class=\"card-header collapsed d-flex align-items-center w-100 text-left\" data-toggle=\"collapse\" data-target=\"#t114\" aria-expanded=\"false\" aria-controls=\"t114\"><i class=\"ml-1 fas fa-chevron-down\"><\/i> \u00bfCU\u00c1NTO CUESTA UN LEVANTAMIENTO DE CEJAS?<\/button><\/dt><dd id=\"t114\" class=\"m-0 collapse\" aria-labelledby=\"l114\" aria-expanded=\"false\" data-parent=\"#faq-1\"><div class=\"card-body\"><p>El costo de un levantamiento de cejas ser\u00e1 diferente para cada persona seg\u00fan factores como la ubicaci\u00f3n, los honorarios de los cirujanos, la anestesia, las instalaciones y muchos m\u00e1s. Recibir\u00e1 una estimaci\u00f3n completa de los costos de su levantamiento de cejas durante su consulta con el Dr. Azouz.<\/p>\n<\/div><\/dd><\/dl>\n<h3>VIDEOS DE CARA<\/h3>\n\n\t\t\t\t\t<div class=\"row\">\n\t\t\t\t\t\t\t\t\t<div class=\"col-md-6 mb-4\">\n\t\t\t\t\t\t<div class=\"embed-responsive embed-responsive-16by9\"> <iframe title=\"Male Facelift with Plastic Surgeon Dr. David Azouz\" class=\"embed-responsive-item lazyload\" data-src=\"https:\/\/www.youtube.com\/embed\/u-QTEerNrzY?rel=0\" allowfullscreen referrerpolicy=\"strict-origin-when-cross-origin\" data-load-mode=\"1\"><\/iframe><\/div>\t\t\t\t\t<\/div>\n\t\t\t\t\t\t\t\t\t<div class=\"col-md-6 mb-4\">\n\t\t\t\t\t\t<div class=\"embed-responsive embed-responsive-16by9\"> <iframe title=\"Face Lift Surgery with Plastic Surgeon Dr. David Azouz\" class=\"embed-responsive-item lazyload\" data-src=\"https:\/\/www.youtube.com\/embed\/fvQb5EZrJ9I?rel=0\" allowfullscreen referrerpolicy=\"strict-origin-when-cross-origin\" data-load-mode=\"1\"><\/iframe><\/div>\t\t\t\t\t<\/div>\n\t\t\t\t\t\t\t\t\t<div class=\"col-md-6 mb-4\">\n\t\t\t\t\t\t<div class=\"embed-responsive embed-responsive-16by9\"> <iframe title=\"What Age Should I Have a Facelift? Ask the Doctor with Plastic Surgeon Dr. David Azouz\" class=\"embed-responsive-item lazyload\" data-src=\"https:\/\/www.youtube.com\/embed\/PoVoj5_Ww40?rel=0\" allowfullscreen referrerpolicy=\"strict-origin-when-cross-origin\" data-load-mode=\"1\"><\/iframe><\/div>\t\t\t\t\t<\/div>\n\t\t\t\t\t\t\t\t\t<div class=\"col-md-6 mb-4\">\n\t\t\t\t\t\t<div class=\"embed-responsive embed-responsive-16by9\"> <iframe title=\"Face Lift with Dallas Plastic Surgeon Dr. David Azouz\" class=\"embed-responsive-item lazyload\" data-src=\"https:\/\/www.youtube.com\/embed\/CRviqj2FwYE?rel=0\" allowfullscreen referrerpolicy=\"strict-origin-when-cross-origin\" data-load-mode=\"1\"><\/iframe><\/div>\t\t\t\t\t<\/div>\n\t\t\t\t\t\t\t<\/div>\n\t\t\n\t\n","protected":false},"excerpt":{"rendered":"<p>Un estiramiento de cejas en Dallas generalmente se realiza para levantar las cejas fruncidas o ca\u00eddas, reducir<br \/><a href=\"https:\/\/www.drazouz.com\/es\/brow-liftforehead-lift\/\" class=\"btn btn-blue mt-3\">Sigue leyendo<\/a><\/p>\n","protected":false},"author":1,"featured_media":8545,"parent":8574,"menu_order":0,"comment_status":"closed","ping_status":"closed","template":"","meta":{"_acf_changed":false,"footnotes":""},"class_list":["post-3852","page","type-page","status-publish","has-post-thumbnail"],"acf":[],"yoast_head":"<!-- This site is optimized with the Yoast SEO plugin v27.4 - https:\/\/yoast.com\/product\/yoast-seo-wordpress\/ -->\n<title>Lifting de cejas en Dallas | Plano | Richardson<\/title>\n<meta name=\"description\" content=\"Reduce las arrugas horizontales de la frente y mejora la apariencia de las l\u00edneas de expresi\u00f3n. La t\u00e9cnica y la experiencia del Dr. Azouz proporcionar\u00e1n resultados de apariencia natural. Llame al 972 702\" \/>\n<meta name=\"robots\" content=\"index, follow, max-snippet:-1, max-image-preview:large, max-video-preview:-1\" \/>\n<link rel=\"canonical\" href=\"https:\/\/www.drazouz.com\/es\/brow-liftforehead-lift\/\" \/>\n<meta property=\"og:locale\" content=\"es_ES\" \/>\n<meta property=\"og:type\" content=\"article\" \/>\n<meta property=\"og:title\" content=\"Lifting de cejas en Dallas | Plano | Richardson\" \/>\n<meta property=\"og:description\" content=\"Reduce las arrugas horizontales de la frente y mejora la apariencia de las l\u00edneas de expresi\u00f3n. La t\u00e9cnica y la experiencia del Dr. Azouz proporcionar\u00e1n resultados de apariencia natural. Llame al 972 702\" \/>\n<meta property=\"og:url\" content=\"https:\/\/www.drazouz.com\/es\/brow-liftforehead-lift\/\" \/>\n<meta property=\"og:site_name\" content=\"Azouz Cirug\u00eda Pl\u00e1stica y Est\u00e9tica\" \/>\n<meta property=\"article:modified_time\" content=\"2023-11-21T17:00:34+00:00\" \/>\n<meta property=\"og:image\" content=\"https:\/\/www.drazouz.com\/wp-content\/uploads\/2023\/12\/header-browlift-forehead.jpg\" \/>\n<meta name=\"twitter:card\" content=\"summary_large_image\" \/>\n<meta name=\"twitter:image\" content=\"https:\/\/www.drazouz.com\/wp-content\/uploads\/2023\/12\/header-browlift-forehead.jpg\" \/>\n<meta name=\"twitter:label1\" content=\"Tiempo de lectura\" \/>\n\t<meta name=\"twitter:data1\" content=\"4 minutos\" \/>\n<!-- \/ Yoast SEO plugin. -->","yoast_head_json":{"title":"Lifting de cejas en Dallas | Plano | Richardson","description":"Reduce las arrugas horizontales de la frente y mejora la apariencia de las l\u00edneas de expresi\u00f3n. La t\u00e9cnica y la experiencia del Dr. Azouz proporcionar\u00e1n resultados de apariencia natural. Llame al 972 702","robots":{"index":"index","follow":"follow","max-snippet":"max-snippet:-1","max-image-preview":"max-image-preview:large","max-video-preview":"max-video-preview:-1"},"canonical":"https:\/\/www.drazouz.com\/es\/brow-liftforehead-lift\/","og_locale":"es_ES","og_type":"article","og_title":"Lifting de cejas en Dallas | Plano | Richardson","og_description":"Reduce las arrugas horizontales de la frente y mejora la apariencia de las l\u00edneas de expresi\u00f3n. La t\u00e9cnica y la experiencia del Dr. Azouz proporcionar\u00e1n resultados de apariencia natural. Llame al 972 702","og_url":"https:\/\/www.drazouz.com\/es\/brow-liftforehead-lift\/","og_site_name":"Azouz Cirug\u00eda Pl\u00e1stica y Est\u00e9tica","article_modified_time":"2023-11-21T17:00:34+00:00","og_image":[{"url":"https:\/\/www.drazouz.com\/wp-content\/uploads\/2023\/12\/header-browlift-forehead.jpg","type":"","width":"","height":""}],"twitter_card":"summary_large_image","twitter_image":"https:\/\/www.drazouz.com\/wp-content\/uploads\/2023\/12\/header-browlift-forehead.jpg","twitter_misc":{"Tiempo de lectura":"4 minutos"},"schema":{"@context":"https:\/\/schema.org","@graph":[{"@type":"WebPage","@id":"https:\/\/www.drazouz.com\/es\/brow-liftforehead-lift\/","url":"https:\/\/www.drazouz.com\/es\/brow-liftforehead-lift\/","name":"Lifting de cejas en Dallas | Plano | Richardson","isPartOf":{"@id":"https:\/\/www.drazouz.com\/es\/#website"},"primaryImageOfPage":{"@id":"https:\/\/www.drazouz.com\/es\/brow-liftforehead-lift\/#primaryimage"},"image":{"@id":"https:\/\/www.drazouz.com\/es\/brow-liftforehead-lift\/#primaryimage"},"thumbnailUrl":"https:\/\/www.drazouz.com\/wp-content\/uploads\/2023\/12\/header-browlift-forehead.jpg","datePublished":"2022-07-22T14:42:51+00:00","dateModified":"2023-11-21T17:00:34+00:00","description":"Reduce las arrugas horizontales de la frente y mejora la apariencia de las l\u00edneas de expresi\u00f3n. La t\u00e9cnica y la experiencia del Dr. Azouz proporcionar\u00e1n resultados de apariencia natural. Llame al 972 702","breadcrumb":{"@id":"https:\/\/www.drazouz.com\/es\/brow-liftforehead-lift\/#breadcrumb"},"inLanguage":"es","potentialAction":[{"@type":"ReadAction","target":["https:\/\/www.drazouz.com\/es\/brow-liftforehead-lift\/"]}]},{"@type":"ImageObject","inLanguage":"es","@id":"https:\/\/www.drazouz.com\/es\/brow-liftforehead-lift\/#primaryimage","url":"https:\/\/www.drazouz.com\/wp-content\/uploads\/2023\/12\/header-browlift-forehead.jpg","contentUrl":"https:\/\/www.drazouz.com\/wp-content\/uploads\/2023\/12\/header-browlift-forehead.jpg","width":1918,"height":815,"caption":"portrait of young woman with white lines on forehead for plastic surgery"},{"@type":"BreadcrumbList","@id":"https:\/\/www.drazouz.com\/es\/brow-liftforehead-lift\/#breadcrumb","itemListElement":[{"@type":"ListItem","position":1,"name":"Home","item":"https:\/\/www.drazouz.com\/es\/"},{"@type":"ListItem","position":2,"name":"Procedimientos","item":"https:\/\/www.drazouz.com\/es\/procedimientos\/"},{"@type":"ListItem","position":3,"name":"Ojos y Cejas","item":"https:\/\/www.drazouz.com\/es\/ojos-y-cejas\/"},{"@type":"ListItem","position":4,"name":"Levantamiento de cejas \/ estiramiento de frente"}]},{"@type":"WebSite","@id":"https:\/\/www.drazouz.com\/es\/#website","url":"https:\/\/www.drazouz.com\/es\/","name":"Azouz Cirug\u00eda Pl\u00e1stica y Est\u00e9tica","description":"","potentialAction":[{"@type":"SearchAction","target":{"@type":"EntryPoint","urlTemplate":"https:\/\/www.drazouz.com\/es\/?s={search_term_string}"},"query-input":{"@type":"PropertyValueSpecification","valueRequired":true,"valueName":"search_term_string"}}],"inLanguage":"es"}]}},"_links":{"self":[{"href":"https:\/\/www.drazouz.com\/es\/wp-json\/wp\/v2\/pages\/3852","targetHints":{"allow":["GET"]}}],"collection":[{"href":"https:\/\/www.drazouz.com\/es\/wp-json\/wp\/v2\/pages"}],"about":[{"href":"https:\/\/www.drazouz.com\/es\/wp-json\/wp\/v2\/types\/page"}],"author":[{"embeddable":true,"href":"https:\/\/www.drazouz.com\/es\/wp-json\/wp\/v2\/users\/1"}],"replies":[{"embeddable":true,"href":"https:\/\/www.drazouz.com\/es\/wp-json\/wp\/v2\/comments?post=3852"}],"version-history":[{"count":4,"href":"https:\/\/www.drazouz.com\/es\/wp-json\/wp\/v2\/pages\/3852\/revisions"}],"predecessor-version":[{"id":8595,"href":"https:\/\/www.drazouz.com\/es\/wp-json\/wp\/v2\/pages\/3852\/revisions\/8595"}],"up":[{"embeddable":true,"href":"https:\/\/www.drazouz.com\/es\/wp-json\/wp\/v2\/pages\/8574"}],"wp:featuredmedia":[{"embeddable":true,"href":"https:\/\/www.drazouz.com\/es\/wp-json\/wp\/v2\/media\/8545"}],"wp:attachment":[{"href":"https:\/\/www.drazouz.com\/es\/wp-json\/wp\/v2\/media?parent=3852"}],"curies":[{"name":"wp","href":"https:\/\/api.w.org\/{rel}","templated":true}]}}