{"id":3841,"date":"2022-07-25T04:53:27","date_gmt":"2022-07-25T09:53:27","guid":{"rendered":"https:\/\/www.drazouz.com\/?page_id=3841"},"modified":"2023-11-21T11:58:18","modified_gmt":"2023-11-21T16:58:18","slug":"rinoplastia-funcional","status":"publish","type":"page","link":"https:\/\/www.drazouz.com\/es\/functional-rhinoplasty\/","title":{"rendered":"Rinoplastia Funcional"},"content":{"rendered":"<p>La rinoplastia funcional en Dallas es una cirug\u00eda recomendada para pacientes con dificultad para respirar o lesiones previas en la nariz. La rinoplastia funcional desbloquea los conductos nasales y permite un mejor flujo de aire, menos infecciones de los senos nasales, mejor sue\u00f1o y un mejor sentido del olfato. El Dr. Azouz, certificado por la junta de Dallas, es un especialista en rinoplastia funcional; ha ayudado a los pacientes a corregir la anatom\u00eda de la nariz para aliviar las obstrucciones nasales y mejorar el bienestar de los pacientes. La rinoplastia funcional puede estar cubierta por un seguro y realizarse como una cirug\u00eda ambulatoria. Solicita tu consulta de rinoplastia funcional con el Dr. Azouz y dar el primer paso para corregir los problemas respiratorios.<\/p>\n<p><img decoding=\"async\" src=\"https:\/\/www.drazouz.com\/wp-content\/uploads\/2022\/08\/eye-and-nose-women-2.png\" alt=\"woman eyes\" class=\"aligncenter\" \/><\/p>\n<h2>\u00bfQu\u00e9 es una rinoplastia funcional?<\/h2>\n<p>Una rinoplastia funcional se refiere a una cirug\u00eda dentro de la nariz que se ocupa de la respiraci\u00f3n y la funci\u00f3n de la nariz. Una rinoplastia funcional se puede realizar con o sin una rinoplastia cosm\u00e9tica.<br \/>\n\u00bfQu\u00e9 es una septoplastia?<br \/>\nUna septoplastia se dirige a la pared que divide las dos mitades de la nariz internamente. Cuando una rinoplastia funcional se combina con una septoplastia se denomina septorrinoplastia. Enderezar el tabique puede ser beneficioso para desbloquear el lado de la nariz hacia el que se desv\u00eda el tabique. <\/p>\n<h2>\u00bfSoy candidato para una rinoplastia funcional?<\/h2>\n<p>Los candidatos para una rinoplastia funcional incluyen pacientes que tienen dificultad para respirar, una lesi\u00f3n previa en la nariz o alguien que naci\u00f3 con un pasaje nasal estrecho o torcido. Una rinoplastia funcional puede aumentar los conductos nasales, corregir un tabique desviado y remodelar y reposicionar el cart\u00edlago.<\/p>\n<h2>S\u00edntomas de obstrucci\u00f3n nasal.<\/h2>\n<p>Los s\u00edntomas de la obstrucci\u00f3n nasal incluyen respiraci\u00f3n deficiente y movimiento del aire a trav\u00e9s de la nariz, infecciones frecuentes de los senos nasales, sentido del olfato deficiente y sensaci\u00f3n de que la nariz est\u00e1 \u201cbloqueada\u201d o \u201ctapada\u201d.<\/p>\n<h2>Rinoplastia Funcional Ventajas<\/h2>\n<p>La rinoplastia funcional ayuda a desbloquear el paso del aire hacia la nariz, lo que permite a los pacientes corregir los problemas respiratorios. Esto puede ser especialmente beneficioso en pacientes que tienen:<\/p>\n<ul>\n<li>La apnea del sue\u00f1o<\/li>\n<li>Congesti\u00f3n excesiva<\/li>\n<li>Goteo postnasal<\/li>\n<li>Dificultad para respirar por la nariz.<\/li>\n<li>Alergias estacionales severas<\/li>\n<li>Mal sentido del olfato<\/li>\n<li>Mejora en sinusitis<\/li>\n<li>S\u00edntomas de resfriado y gripe menos frecuentes<\/li>\n<\/ul>\n<h2>\u00bfEn qu\u00e9 se diferencia una rinoplastia funcional de una rinoplastia cosm\u00e9tica?<\/h2>\n<p>Una rinoplastia cosm\u00e9tica (cirug\u00eda de nariz) afecta la apariencia de la nariz para que se vea mejor. Este es el procedimiento que a menudo se denomina \u00abcirug\u00eda de nariz\u00bb. Se puede realizar una rinoplastia funcional junto con una rinoplastia cosm\u00e9tica.<\/p>\n<h2>\u00bfSe puede combinar una rinoplastia funcional con una rinoplastia cosm\u00e9tica y otras cirug\u00edas pl\u00e1sticas?<\/h2>\n<p>S\u00ed, la rinoplastia funcional se puede combinar con un <a href=\"https:\/\/www.drazouz.com\/es\/rhinoplasty\/\">rinoplastia cosm\u00e9tica<\/a> y otras cirug\u00edas pl\u00e1sticas, como:<\/p>\n<ul>\n<li><a href=\"https:\/\/www.drazouz.com\/es\/neck-lift\/\">Estiramiento de cuello<\/a><\/li>\n<li><a href=\"https:\/\/www.drazouz.com\/es\/facelift\/\">Estiramiento facial<\/a><\/li>\n<li><a href=\"https:\/\/www.drazouz.com\/es\/eyelid-surgery\/\">Cirug\u00eda de p\u00e1rpado<\/a><\/li>\n<\/ul>\n<h2>\u00bfC\u00f3mo se realiza la rinoplastia funcional en Dallas?<\/h2>\n<p>Una rinoplastia funcional implica realinear el tabique nasal y reducir los cornetes. La rinoplastia funcional es una cirug\u00eda ambulatoria que generalmente se realiza bajo sedaci\u00f3n. El Dr. Azouz ha tenido un \u00e9xito significativo en la realizaci\u00f3n de una rinoplastia funcional que es definitiva, lo que significa que no es necesario volver a realizarla. El Dr. Azouz tambi\u00e9n ha realizado una rinoplastia funcional definitiva en pacientes que han tenido su primera cirug\u00eda realizada en otro lugar. <\/p>\n<h2>Anestesia para rinoplastia funcional<\/h2>\n<p>Una rinoplastia funcional realizada por el Dr. Azouz se realiza bajo sedaci\u00f3n local. Los pacientes del Dr. Azouz informan menos n\u00e1useas, m\u00e1s control del dolor y una recuperaci\u00f3n m\u00e1s r\u00e1pida con anestesia local y sedaci\u00f3n. Se puede realizar anestesia general si es necesario para los pacientes que lo requieran.<\/p>\n<h2>Recuperaci\u00f3n de la rinoplastia funcional<\/h2>\n<p>La rinoplastia funcional generalmente se asocia con una recuperaci\u00f3n r\u00e1pida. Los pacientes tienen prohibido realizar actividades pesadas como CrossFit, carreras de resistencia, deportes de contacto y levantamiento durante 4-6 semanas despu\u00e9s de la cirug\u00eda. Por lo general, no es necesario colocar un tap\u00f3n en la nariz. Los pacientes pueden tener cierta congesti\u00f3n que puede durar de 2 a 3 semanas despu\u00e9s de la cirug\u00eda. Esto generalmente se debe a la hinchaz\u00f3n dentro de la nariz. La epistaxis significativa (hemorragia nasal) es rara despu\u00e9s de una rinoplastia funcional. <\/p>\n<dl id=\"faq-1\" class=\"flc-faq\"><dt id=\"l11\"><button class=\"card-header collapsed d-flex align-items-center w-100 text-left\" data-toggle=\"collapse\" data-target=\"#t11\" aria-expanded=\"false\" aria-controls=\"t11\"><i class=\"ml-1 fas fa-chevron-down\"><\/i> \u00bfUna rinoplastia funcional cambiar\u00e1 mi voz?<\/button><\/dt><dd id=\"t11\" class=\"m-0 collapse\" aria-labelledby=\"l11\" aria-expanded=\"false\" data-parent=\"#faq-1\"><div class=\"card-body\"><p>Una rinoplastia funcional generalmente no altera el tono, el tono o el volumen de la voz.<\/p>\n<\/div><\/dd><dt id=\"l12\"><button class=\"card-header collapsed d-flex align-items-center w-100 text-left\" data-toggle=\"collapse\" data-target=\"#t12\" aria-expanded=\"false\" aria-controls=\"t12\"><i class=\"ml-1 fas fa-chevron-down\"><\/i> \u00bfCu\u00e1nto tiempo se hinchar\u00e1 mi nariz despu\u00e9s de una rinoplastia?<\/button><\/dt><dd id=\"t12\" class=\"m-0 collapse\" aria-labelledby=\"l12\" aria-expanded=\"false\" data-parent=\"#faq-1\"><div class=\"card-body\"><p>La nariz consta de muchas capas que incluyen piel, cart\u00edlago y mucosa. La hinchaz\u00f3n puede quedar atrapada dentro de estas capas despu\u00e9s de la cirug\u00eda. La hinchaz\u00f3n depende en gran medida de la cantidad de cirug\u00eda realizada, la calidad de la piel del paciente y si la cirug\u00eda es primaria o secundaria. Si bien la mayor\u00eda de la hinchaz\u00f3n mejorar\u00e1 entre cinco y diez d\u00edas despu\u00e9s de la cirug\u00eda, algunos pacientes informan que sus narices continuar\u00e1n encogi\u00e9ndose incluso un a\u00f1o o m\u00e1s despu\u00e9s de la cirug\u00eda. Existen muchas t\u00e9cnicas para reducir la hinchaz\u00f3n despu\u00e9s de la rinoplastia. Estos incluyen vendaje, gel de silicona y masaje e hidrataci\u00f3n de la nariz.  <\/p>\n<\/div><\/dd><dt id=\"l13\"><button class=\"card-header collapsed d-flex align-items-center w-100 text-left\" data-toggle=\"collapse\" data-target=\"#t13\" aria-expanded=\"false\" aria-controls=\"t13\"><i class=\"ml-1 fas fa-chevron-down\"><\/i> \u00bfPor qu\u00e9 la rinoplastia funcional reduce la frecuencia de la sinusitis?<\/button><\/dt><dd id=\"t13\" class=\"m-0 collapse\" aria-labelledby=\"l13\" aria-expanded=\"false\" data-parent=\"#faq-1\"><div class=\"card-body\"><p>Los senos nasales producen hasta 2 litros de moco al d\u00eda. Con la anatom\u00eda nasal que funciona correctamente, la mucosa viaja a la parte posterior de la nariz y la garganta. Cuando un tabique desviado o cornetes nasales agrandados bloquean el flujo de salida, el moco puede acumularse, causar presi\u00f3n e incluso inflamarse o infectarse.<\/p>\n<\/div><\/dd><\/dl>\n<h2>\u00bfEl seguro m\u00e9dico cubre una rinoplastia funcional?<\/h2>\n<p>Muchos planes de seguro m\u00e9dico incluyen la rinoplastia funcional como un procedimiento cubierto, pero no todos. El Dr. Azouz generalmente necesita realizar una autorizaci\u00f3n previa para determinar si la rinoplastia funcional es un procedimiento cubierto con el plan espec\u00edfico. En caso de que su seguro no cubra la rinoplastia funcional, el Dr. Azouz ofrece diferentes opciones de financiaci\u00f3n para sus pacientes.<\/p>\n<h2>Costo de la rinoplastia funcional<\/h2>\n<p>El costo de una rinoplastia funcional depende de las \u00e1reas que el cirujano pl\u00e1stico Dr. Azouz deber\u00e1 tratar. Despu\u00e9s de su consulta inicial, el Dr. Azouz le proporcionar\u00e1 un costo estimado de usted.ur rinoplastia funcional e informar las diferentes opciones de financiamiento disponibles para hacer asequible su rinoplastia funcional en Dallas.<\/p>\n<h2>Resultados de la rinoplastia funcional<\/h2>\n<p>El \u00e9xito de la rinoplastia funcional se puede sentir de inmediato y el paciente respirar\u00e1 mejor. Si el paciente decide combinar la rinoplastia funcional y cosm\u00e9tica, los pacientes ver\u00e1n resultados verdaderamente definitivos en la remodelaci\u00f3n de la nariz alrededor de 12 a 14 meses despu\u00e9s de la cirug\u00eda.<\/p>\n<h2>Programe su consulta con el Dr. Azouz<\/h2>\n<p>Si es un paciente preocupado por la funci\u00f3n nasal y los problemas respiratorios, la rinoplastia funcional en Dallas podr\u00eda abordar estos problemas. Llame al <a href=\"tel:9727028888\" class=\"phone_anchor \" aria-label=\"ll\u00e1manos (972) 702-8888\">(972) 702-8888<\/a> o <a title=\"Contact Azouz Cosmetic &amp; Plastic Surgery in Dallas TX\" href=\"https:\/\/www.drazouz.com\/es\/contact\/\"><em><strong>programar una cita con el cirujano pl\u00e1stico Dr. Azouz<\/strong><\/em><\/a> para evaluar su caso.<\/p>\n<h3>Preguntas Frecuentes<\/h3>\n<dl id=\"faq-2\" class=\"flc-faq\"><dt id=\"l22\"><button class=\"card-header collapsed d-flex align-items-center w-100 text-left\" data-toggle=\"collapse\" data-target=\"#t22\" aria-expanded=\"false\" aria-controls=\"t22\"><i class=\"ml-1 fas fa-chevron-down\"><\/i> \u00bfCU\u00c1LES SON LOS DIFERENTES TIPOS DE TRABAJOS DE NARIZ?<\/button><\/dt><dd id=\"t22\" class=\"m-0 collapse\" aria-labelledby=\"l22\" aria-expanded=\"false\" data-parent=\"#faq-2\"><div class=\"card-body\"><p>Los diferentes tipos de trabajos de nariz incluyen: <\/p>\n<ul>\n<li>Rinoplastia abierta: se hace un corte en la parte exterior de la nariz<\/li>\n<li>Rinoplastia de cierre: se hace un corte solo dentro de la nariz<\/li>\n<li>Rinoplastia Secundaria - un paciente ha tenido la rinoplastia antes<\/li>\n<li>Rinoplastia no quir\u00fargica: no se realizan cortes y se inyecta relleno en la nariz.<\/li>\n<li>Un funcional<\/li>\n<\/ul>\n<\/div><\/dd><dt id=\"l23\"><button class=\"card-header collapsed d-flex align-items-center w-100 text-left\" data-toggle=\"collapse\" data-target=\"#t23\" aria-expanded=\"false\" aria-controls=\"t23\"><i class=\"ml-1 fas fa-chevron-down\"><\/i> \u00bfCU\u00c1NDO PUEDO TENER UNA RINOPLASTIA FUNCIONAL DESPU\u00c9S DE UNA RINOPLASTIA COSM\u00c9TICA?<\/button><\/dt><dd id=\"t23\" class=\"m-0 collapse\" aria-labelledby=\"l23\" aria-expanded=\"false\" data-parent=\"#faq-2\"><div class=\"card-body\"><p>Idealmente, una rinoplastia funcional se realiza junto con una rinoplastia cosm\u00e9tica. El Dr. Azouz recomienda que se realice una rinoplastia funcional al menos cuatro a seis meses despu\u00e9s de una cirug\u00eda nasal previa.<\/p>\n<\/div><\/dd><dt id=\"l24\"><button class=\"card-header collapsed d-flex align-items-center w-100 text-left\" data-toggle=\"collapse\" data-target=\"#t24\" aria-expanded=\"false\" aria-controls=\"t24\"><i class=\"ml-1 fas fa-chevron-down\"><\/i> \u00bfTE ROMPEN LA NARIZ PARA ARREGLAR UN TABIQUE DESVIADO?<\/button><\/dt><dd id=\"t24\" class=\"m-0 collapse\" aria-labelledby=\"l24\" aria-expanded=\"false\" data-parent=\"#faq-2\"><div class=\"card-body\"><p>La septoplastia consiste en enderezar el tabique nasal. El cart\u00edlago se moldea en su posici\u00f3n durante una rinoplastia funcional.<\/p>\n<\/div><\/dd><dt id=\"l25\"><button class=\"card-header collapsed d-flex align-items-center w-100 text-left\" data-toggle=\"collapse\" data-target=\"#t25\" aria-expanded=\"false\" aria-controls=\"t25\"><i class=\"ml-1 fas fa-chevron-down\"><\/i> \u00bfCU\u00c1L ES LA MEJOR EDAD PARA UNA RINOPLASTIA FUNCIONAL?<\/button><\/dt><dd id=\"t25\" class=\"m-0 collapse\" aria-labelledby=\"l25\" aria-expanded=\"false\" data-parent=\"#faq-2\"><div class=\"card-body\"><p>El Dr. Azouz realiza rinoplastia funcional en todas las edades. Los pacientes adolescentes se benefician de la rinoplastia funcional al igual que los pacientes adultos entre los 20 y los XNUMX a\u00f1os.<\/p>\n<\/div><\/dd><dt id=\"l26\"><button class=\"card-header collapsed d-flex align-items-center w-100 text-left\" data-toggle=\"collapse\" data-target=\"#t26\" aria-expanded=\"false\" aria-controls=\"t26\"><i class=\"ml-1 fas fa-chevron-down\"><\/i> \u00bfCU\u00c1NTO DURA UNA RINOPLASTIA FUNCIONAL?<\/button><\/dt><dd id=\"t26\" class=\"m-0 collapse\" aria-labelledby=\"l26\" aria-expanded=\"false\" data-parent=\"#faq-2\"><div class=\"card-body\"><p>El Dr. Azouz generalmente puede realizar una rinoplastia funcional en menos de una hora.<\/p>\n<\/div><\/dd><\/dl>\n<h3>Revisi\u00f3n de paciente de rinoplastia funcional para el Dr. Azouz<\/h3>\n<blockquote><p>\u201cDr. Azouz es un cirujano fant\u00e1stico. Tiene mucha experiencia y me hizo sentir muy c\u00f3modo con su cirug\u00eda. Hizo la cirug\u00eda en mi nariz que estaba rota y tuve tantos puntos (como 30) porque estaba muy desordenado. Pero ahora apenas puedes ver mi cicatriz y estoy muy feliz con lo que hizo para arreglar todo. Me revis\u00f3 y fue realmente muy agradable y reconfortante todo el tiempo. Me gusta mucho su personal, que tambi\u00e9n fue amable conmigo. Siento que he recuperado gran parte de mi confianza y veo que elegir al cirujano adecuado vali\u00f3 la pena. Definitivamente espero volver con \u00e9l si necesito algo o si mi familia necesita algo. \u00a1Muchas gracias a \u00e9l!\u201d<\/p><\/blockquote>\n<p><a href=\"https:\/\/www.vitals.com\/doctors\/Dr_David_Azouz\/reviews?page=8&amp;sort=updated_at_dt%20desc\" target=\"_blank\" rel=\"noopener\">Lea m\u00e1s rese\u00f1as de pacientes sobre el Dr. Azouz.<\/a><\/p>\n","protected":false},"excerpt":{"rendered":"<p>La rinoplastia funcional en Dallas es una cirug\u00eda recomendada para pacientes con dificultad para respirar o lesiones<br \/><a href=\"https:\/\/www.drazouz.com\/es\/functional-rhinoplasty\/\" class=\"btn btn-blue mt-3\">Sigue leyendo<\/a><\/p>\n","protected":false},"author":1,"featured_media":11377,"parent":8625,"menu_order":0,"comment_status":"closed","ping_status":"closed","template":"","meta":{"_acf_changed":false,"footnotes":""},"class_list":["post-3841","page","type-page","status-publish","has-post-thumbnail"],"acf":[],"yoast_head":"<!-- This site is optimized with the Yoast SEO plugin v27.4 - https:\/\/yoast.com\/product\/yoast-seo-wordpress\/ -->\n<title>Rinoplastia funcional Dallas | Plano | Richardson<\/title>\n<meta name=\"description\" content=\"Mejore la respiraci\u00f3n nasal con la rinoplastia funcional y realce su belleza natural con la rinoplastia cosm\u00e9tica. Llame al 972 702\" \/>\n<meta name=\"robots\" content=\"index, follow, max-snippet:-1, max-image-preview:large, max-video-preview:-1\" \/>\n<link rel=\"canonical\" href=\"https:\/\/www.drazouz.com\/es\/functional-rhinoplasty\/\" \/>\n<meta property=\"og:locale\" content=\"es_ES\" \/>\n<meta property=\"og:type\" content=\"article\" \/>\n<meta property=\"og:title\" content=\"Rinoplastia funcional Dallas | Plano | Richardson\" \/>\n<meta property=\"og:description\" content=\"Mejore la respiraci\u00f3n nasal con la rinoplastia funcional y realce su belleza natural con la rinoplastia cosm\u00e9tica. Llame al 972 702\" \/>\n<meta property=\"og:url\" content=\"https:\/\/www.drazouz.com\/es\/functional-rhinoplasty\/\" \/>\n<meta property=\"og:site_name\" content=\"Azouz Cirug\u00eda Pl\u00e1stica y Est\u00e9tica\" \/>\n<meta property=\"article:modified_time\" content=\"2023-11-21T16:58:18+00:00\" \/>\n<meta property=\"og:image\" content=\"https:\/\/www.drazouz.com\/wp-content\/uploads\/2024\/01\/bigstock-Surgeon-And-His-Assistant-Perf-263846788.jpg\" \/><meta property=\"og:image\" content=\"https:\/\/www.drazouz.com\/wp-content\/uploads\/2022\/08\/eye-and-nose-women-2.png\" \/>\n<meta name=\"twitter:card\" content=\"summary_large_image\" \/>\n<meta name=\"twitter:image\" content=\"https:\/\/www.drazouz.com\/wp-content\/uploads\/2024\/01\/bigstock-Surgeon-And-His-Assistant-Perf-263846788.jpg\" \/>\n<meta name=\"twitter:label1\" content=\"Tiempo de lectura\" \/>\n\t<meta name=\"twitter:data1\" content=\"5 minutos\" \/>\n<!-- \/ Yoast SEO plugin. -->","yoast_head_json":{"title":"Rinoplastia funcional Dallas | Plano | Richardson","description":"Mejore la respiraci\u00f3n nasal con la rinoplastia funcional y realce su belleza natural con la rinoplastia cosm\u00e9tica. Llame al 972 702","robots":{"index":"index","follow":"follow","max-snippet":"max-snippet:-1","max-image-preview":"max-image-preview:large","max-video-preview":"max-video-preview:-1"},"canonical":"https:\/\/www.drazouz.com\/es\/functional-rhinoplasty\/","og_locale":"es_ES","og_type":"article","og_title":"Rinoplastia funcional Dallas | Plano | Richardson","og_description":"Mejore la respiraci\u00f3n nasal con la rinoplastia funcional y realce su belleza natural con la rinoplastia cosm\u00e9tica. Llame al 972 702","og_url":"https:\/\/www.drazouz.com\/es\/functional-rhinoplasty\/","og_site_name":"Azouz Cirug\u00eda Pl\u00e1stica y Est\u00e9tica","article_modified_time":"2023-11-21T16:58:18+00:00","og_image":[{"url":"https:\/\/www.drazouz.com\/wp-content\/uploads\/2024\/01\/bigstock-Surgeon-And-His-Assistant-Perf-263846788.jpg","type":"","width":"","height":""},{"url":"https:\/\/www.drazouz.com\/wp-content\/uploads\/2022\/08\/eye-and-nose-women-2.png","type":"","width":"","height":""}],"twitter_card":"summary_large_image","twitter_image":"https:\/\/www.drazouz.com\/wp-content\/uploads\/2024\/01\/bigstock-Surgeon-And-His-Assistant-Perf-263846788.jpg","twitter_misc":{"Tiempo de lectura":"5 minutos"},"schema":{"@context":"https:\/\/schema.org","@graph":[{"@type":"WebPage","@id":"https:\/\/www.drazouz.com\/es\/functional-rhinoplasty\/","url":"https:\/\/www.drazouz.com\/es\/functional-rhinoplasty\/","name":"Rinoplastia funcional Dallas | Plano | Richardson","isPartOf":{"@id":"https:\/\/www.drazouz.com\/es\/#website"},"primaryImageOfPage":{"@id":"https:\/\/www.drazouz.com\/es\/functional-rhinoplasty\/#primaryimage"},"image":{"@id":"https:\/\/www.drazouz.com\/es\/functional-rhinoplasty\/#primaryimage"},"thumbnailUrl":"https:\/\/www.drazouz.com\/wp-content\/uploads\/2024\/01\/bigstock-Surgeon-And-His-Assistant-Perf-263846788.jpg","datePublished":"2022-07-25T09:53:27+00:00","dateModified":"2023-11-21T16:58:18+00:00","description":"Mejore la respiraci\u00f3n nasal con la rinoplastia funcional y realce su belleza natural con la rinoplastia cosm\u00e9tica. Llame al 972 702","breadcrumb":{"@id":"https:\/\/www.drazouz.com\/es\/functional-rhinoplasty\/#breadcrumb"},"inLanguage":"es","potentialAction":[{"@type":"ReadAction","target":["https:\/\/www.drazouz.com\/es\/functional-rhinoplasty\/"]}]},{"@type":"ImageObject","inLanguage":"es","@id":"https:\/\/www.drazouz.com\/es\/functional-rhinoplasty\/#primaryimage","url":"https:\/\/www.drazouz.com\/wp-content\/uploads\/2024\/01\/bigstock-Surgeon-And-His-Assistant-Perf-263846788.jpg","contentUrl":"https:\/\/www.drazouz.com\/wp-content\/uploads\/2024\/01\/bigstock-Surgeon-And-His-Assistant-Perf-263846788.jpg","width":1918,"height":915,"caption":"nose surgery"},{"@type":"BreadcrumbList","@id":"https:\/\/www.drazouz.com\/es\/functional-rhinoplasty\/#breadcrumb","itemListElement":[{"@type":"ListItem","position":1,"name":"Home","item":"https:\/\/www.drazouz.com\/es\/"},{"@type":"ListItem","position":2,"name":"Rinoplastia Funcional"}]},{"@type":"WebSite","@id":"https:\/\/www.drazouz.com\/es\/#website","url":"https:\/\/www.drazouz.com\/es\/","name":"Azouz Cirug\u00eda Pl\u00e1stica y Est\u00e9tica","description":"","potentialAction":[{"@type":"SearchAction","target":{"@type":"EntryPoint","urlTemplate":"https:\/\/www.drazouz.com\/es\/?s={search_term_string}"},"query-input":{"@type":"PropertyValueSpecification","valueRequired":true,"valueName":"search_term_string"}}],"inLanguage":"es"}]}},"_links":{"self":[{"href":"https:\/\/www.drazouz.com\/es\/wp-json\/wp\/v2\/pages\/3841","targetHints":{"allow":["GET"]}}],"collection":[{"href":"https:\/\/www.drazouz.com\/es\/wp-json\/wp\/v2\/pages"}],"about":[{"href":"https:\/\/www.drazouz.com\/es\/wp-json\/wp\/v2\/types\/page"}],"author":[{"embeddable":true,"href":"https:\/\/www.drazouz.com\/es\/wp-json\/wp\/v2\/users\/1"}],"replies":[{"embeddable":true,"href":"https:\/\/www.drazouz.com\/es\/wp-json\/wp\/v2\/comments?post=3841"}],"version-history":[{"count":5,"href":"https:\/\/www.drazouz.com\/es\/wp-json\/wp\/v2\/pages\/3841\/revisions"}],"predecessor-version":[{"id":7786,"href":"https:\/\/www.drazouz.com\/es\/wp-json\/wp\/v2\/pages\/3841\/revisions\/7786"}],"up":[{"embeddable":true,"href":"https:\/\/www.drazouz.com\/es\/wp-json\/wp\/v2\/pages\/8625"}],"wp:featuredmedia":[{"embeddable":true,"href":"https:\/\/www.drazouz.com\/es\/wp-json\/wp\/v2\/media\/11377"}],"wp:attachment":[{"href":"https:\/\/www.drazouz.com\/es\/wp-json\/wp\/v2\/media?parent=3841"}],"curies":[{"name":"wp","href":"https:\/\/api.w.org\/{rel}","templated":true}]}}