{"id":3838,"date":"2022-07-25T04:30:03","date_gmt":"2022-07-25T09:30:03","guid":{"rendered":"https:\/\/www.drazouz.com\/?page_id=3838"},"modified":"2025-04-10T14:58:19","modified_gmt":"2025-04-10T19:58:19","slug":"rinoplastia","status":"publish","type":"page","link":"https:\/\/www.drazouz.com\/es\/rhinoplasty\/","title":{"rendered":"Rinoplastia"},"content":{"rendered":"<p>La rinoplastia en Dallas podr\u00eda ser la cirug\u00eda pl\u00e1stica adecuada para los pacientes cuando no est\u00e1n satisfechos con la apariencia y la proporci\u00f3n de su nariz o tienen problemas respiratorios, incluido un tabique desviado. La rinoplastia est\u00e9tica, tambi\u00e9n conocida como cirug\u00eda nasal o \u00abtrabajo de nariz\u00bb, se realiza t\u00edpicamente para reducir el tama\u00f1o total de la nariz, remodelar la punta, eliminar una joroba nasal, corregir la asimetr\u00eda o mejorar un \u00e1ngulo deficiente entre la nariz y el labio superior. En algunos pacientes, es necesario agregar tejido para mejorar el contorno. Algunos pacientes requieren una rinoplastia funcional adem\u00e1s de una rinoplastia cosm\u00e9tica \/ est\u00e9tica. El Dr. Azouz, cirujano pl\u00e1stico certificado por la junta, ayuda a los pacientes a corregir las caracter\u00edsticas de su nariz y a aliviar sus problemas respiratorios. Solicita tu consulta de rinoplastia con el Dr. Azouz en Dallas y d\u00e9 el primer paso para realzar su belleza natural.<\/p>\n<h2>\u00bfQu\u00e9 es la rinoplastia funcional?<\/h2>\n<p>La rinoplastia no es solo un <a href=\"https:\/\/www.drazouz.com\/es\/face\/\">procedimiento cosm\u00e9tico<\/a>, sino tambi\u00e9n un procedimiento facial reconstructivo y funcional. La rinoplastia tambi\u00e9n puede corregir un tabique desviado y mejorar cualquier problema respiratorio asociado con la estructura interna de la nariz. <\/p>\n<h2>\u00bfSoy candidato para una rinoplastia?<\/h2>\n<p>Si no est\u00e1 satisfecho con la forma o proporci\u00f3n de su nariz, la Rinoplastia en Dallas podr\u00eda ser una alternativa para corregir y mejorar la apariencia de su nariz. Otros pacientes presentan cornetes agrandados que conducen a un umbral m\u00e1s bajo para las alergias, infecciones de los senos paranasales frecuentes, presi\u00f3n en los senos paranasales y patrones de sue\u00f1o deficientes. Los pacientes tambi\u00e9n pueden ser incapaces de oler debido a este bloqueo nasal anat\u00f3mico.<\/p>\n<h2>Beneficios de la rinoplastia<\/h2>\n<p><img decoding=\"async\" src=\"https:\/\/www.drazouz.com\/wp-content\/uploads\/2022\/08\/Nose-job-Dallas_Dr.Azouz_.png\" alt=\"women right face profile\" class=\"alignright\" \/><\/p>\n<p>Una rinoplastia cosm\u00e9tica ayuda a poner el rostro en mejores proporciones est\u00e9ticas, y una rinoplastia funcional tiene los beneficios de mejorar la respiraci\u00f3n, el olfato y una mejor evacuaci\u00f3n de los senos nasales. La rinoplastia cosm\u00e9tica puede mejorar el aspecto de la nariz de muchas maneras, que incluyen:<\/p>\n<ul>\n<li>disminuyendo el tama\u00f1o de la nariz<\/li>\n<li>mejorando la punta de la nariz<\/li>\n<li>haciendo la nariz m\u00e1s recta<\/li>\n<li>quitar una joroba en el dorso (puente)<\/li>\n<li>mejorando el tama\u00f1o y la forma de las fosas nasales<\/li>\n<\/ul>\n<h2>C\u00f3mo se realiza la rinoplastia en Dallas?<\/h2>\n<p>La extensi\u00f3n del procedimiento depende de sus deseos est\u00e9ticos, necesidades m\u00e9dicas y la opini\u00f3n profesional del Dr. Azouz. El Dr. Azouz utilizar\u00e1 la t\u00e9cnica de rinoplastia cerrada, donde las incisiones est\u00e1n dentro de la nariz, o un procedimiento de rinoplastia abierta donde se hace una incisi\u00f3n minimalista a trav\u00e9s del tejido que separa las fosas nasales.<\/p>\n<p>Generalmente, el procedimiento consiste en remodelar la estructura de la nariz y reducir el exceso de hueso o cart\u00edlago para disminuir el tama\u00f1o de una nariz m\u00e1s grande. La correcci\u00f3n de un tabique desviado se logra ajustando la estructura nasal, lo que proporciona una mejor alineaci\u00f3n para un flujo de aire y una respiraci\u00f3n adecuados. El Dr. Azouz proporciona instrucciones espec\u00edficas de cuidados posteriores y un cuidado de seguimiento minucioso para garantizar resultados ideales y una recuperaci\u00f3n saludable.  <\/p>\n<h2>Anestesia para rinoplastia<\/h2>\n<p>La rinoplstia en Dallas por el Dr. Azouz se realiza bajo anestesia local con sedaci\u00f3n, lo que le permite estar c\u00f3modo durante el procedimiento y elimina los riesgos de la anestesia general.<\/p>\n<h2>Recuperaci\u00f3n de rinoplastia<\/h2>\n<p>La recuperaci\u00f3n de una rinoplastia est\u00e9tica suele ser r\u00e1pida. Los pacientes pueden sentirse congestionados durante dos o tres semanas despu\u00e9s de la cirug\u00eda. Los pacientes no pueden realizar actividades pesadas como deportes de contacto, entrenamientos HITT y carreras de resistencia intensas durante cuatro a seis semanas despu\u00e9s de la cirug\u00eda. El Dr. Azouz lo guiar\u00e1 a trav\u00e9s de su proceso de recuperaci\u00f3n y le informar\u00e1 cu\u00e1ndo puede aumentar su nivel de actividad.<\/p>\n<h2>\u00bfCu\u00e1nto tiempo se hinchar\u00e1 mi nariz despu\u00e9s de una rinoplastia?<\/h2>\n<p>La nariz consta de muchas capas, que incluyen piel, cart\u00edlago y mucosa. La hinchaz\u00f3n puede quedar atrapada dentro de estas capas despu\u00e9s de la cirug\u00eda. La hinchaz\u00f3n depende en gran medida de la cantidad de cirug\u00eda realizada, la calidad de la piel del paciente y si la cirug\u00eda es primaria o secundaria. Si bien la mayor\u00eda de la hinchaz\u00f3n mejorar\u00e1 entre cinco y diez d\u00edas despu\u00e9s de la cirug\u00eda, algunos pacientes informan que su nariz seguir\u00e1 encogi\u00e9ndose incluso un a\u00f1o o m\u00e1s despu\u00e9s de la cirug\u00eda. Existen muchas t\u00e9cnicas para reducir la hinchaz\u00f3n despu\u00e9s de la rinoplastia. Estos incluyen vendaje, gel de silicona y masaje e hidrataci\u00f3n de la nariz.<\/p>\n<h2>Combinaci\u00f3n de una rinoplastia (cirug\u00eda de nariz) con otros tipos de cirug\u00eda pl\u00e1stica en Dallas<\/h2>\n<p><img decoding=\"async\" src=\"https:\/\/www.drazouz.com\/wp-content\/uploads\/2022\/08\/Rhinoplasty-surgery-Dallas_Dr.-Azouz.png\" alt=\"woman holds her hand on her cheek\" class=\"alignright\" width=\"250\" \/><\/p>\n<p>Muchos pacientes deciden combinar su rinoplastia funcional con una rinoplastia cosm\u00e9tica. Una rinoplastia se puede combinar con una variedad de procedimientos de cirug\u00eda pl\u00e1stica, que incluyen:<\/p>\n<ul>\n<li><a href=\"https:\/\/www.drazouz.com\/es\/eyelid-surgery\/\">Cirug\u00eda de p\u00e1rpado<\/a><\/li>\n<li><a href=\"https:\/\/www.drazouz.com\/es\/brow-liftforehead-lift\/\">Levantamiento de cejas<\/a><\/li>\n<li><a href=\"https:\/\/www.drazouz.com\/es\/facelift\/\">Estiramiento facial<\/a><\/li>\n<li>Injerto de grasa<\/li>\n<li>Implantes de ment\u00f3n<\/li>\n<li><a href=\"https:\/\/www.drazouz.com\/es\/neck-lift\/\">Lifting de cuello<\/a><\/li>\n<\/ul>\n<h3>Costo de la rinoplastia<\/h3>\n<p>El costo de la rinoplastia cosm\u00e9tica en Dallas es muy variable y se basa en las necesidades generales del paciente. Los proveedores de seguros no cubren la rinoplastia cosm\u00e9tica. Algunos planes de seguro pueden cubrir algunos de los costos de la rinoplastia funcional. Comun\u00edquese con el Dr. Azouz para obtener m\u00e1s informaci\u00f3n sobre c\u00f3mo podemos ayudarlo a pagar su rinoplastia y proporcionar <a href=\"https:\/\/www.drazouz.com\/es\/fees-insurance\/\">opciones de financiamiento<\/a> para su cirug\u00eda pl\u00e1stica.<\/p>\n<h2>Resultados de la rinoplastia<\/h2>\n<p>Los resultados de la rinoplastia cosm\u00e9tica pueden mejorar la apariencia est\u00e9tica general. Los resultados se ven poco despu\u00e9s de la cirug\u00eda. Sin embargo, puede seguir viendo resultados con una disminuci\u00f3n de la hinchaz\u00f3n hasta un a\u00f1o despu\u00e9s de la cirug\u00eda.<\/p>\n<h2>Programe su consulta con el Dr. Azouz<\/h2>\n<p>Si desea realzar su belleza natural y considerar la rinoplastia como una opci\u00f3n para lograr sus objetivos est\u00e9ticos, comun\u00edquese hoy con Azouz Plastic and Cosmetic Surgery para <a title=\"Contact Azouz Cosmetic &amp; Plastic Surgery in Dallas TX\" href=\"https:\/\/www.drazouz.com\/es\/contact\/\"><em><strong>Programe su consulta<\/strong><\/em><\/a> to llame al <a href=\"tel:9727028888\" class=\"phone_anchor \" aria-label=\"ll\u00e1manos (972) 702-8888\">(972) 702-8888<\/a> y d\u00e9 el primer paso hacia una nariz nueva y mejorada de aspecto natural.<\/p>\n<h3>VIDEOS DE CARA<\/h3>\n\n\t\t\t\t\t<div class=\"row\">\n\t\t\t\t\t\t\t\t\t<div class=\"col-md-6 mb-4\">\n\t\t\t\t\t\t<div class=\"embed-responsive embed-responsive-16by9\"> <iframe title=\"Male Facelift with Plastic Surgeon Dr. David Azouz\" class=\"embed-responsive-item lazyload\" data-src=\"https:\/\/www.youtube.com\/embed\/u-QTEerNrzY?rel=0\" allowfullscreen referrerpolicy=\"strict-origin-when-cross-origin\" data-load-mode=\"1\"><\/iframe><\/div>\t\t\t\t\t<\/div>\n\t\t\t\t\t\t\t\t\t<div class=\"col-md-6 mb-4\">\n\t\t\t\t\t\t<div class=\"embed-responsive embed-responsive-16by9\"> <iframe title=\"Face Lift Surgery with Plastic Surgeon Dr. David Azouz\" class=\"embed-responsive-item lazyload\" data-src=\"https:\/\/www.youtube.com\/embed\/fvQb5EZrJ9I?rel=0\" allowfullscreen referrerpolicy=\"strict-origin-when-cross-origin\" data-load-mode=\"1\"><\/iframe><\/div>\t\t\t\t\t<\/div>\n\t\t\t\t\t\t\t\t\t<div class=\"col-md-6 mb-4\">\n\t\t\t\t\t\t<div class=\"embed-responsive embed-responsive-16by9\"> <iframe title=\"What Age Should I Have a Facelift? Ask the Doctor with Plastic Surgeon Dr. David Azouz\" class=\"embed-responsive-item lazyload\" data-src=\"https:\/\/www.youtube.com\/embed\/PoVoj5_Ww40?rel=0\" allowfullscreen referrerpolicy=\"strict-origin-when-cross-origin\" data-load-mode=\"1\"><\/iframe><\/div>\t\t\t\t\t<\/div>\n\t\t\t\t\t\t\t\t\t<div class=\"col-md-6 mb-4\">\n\t\t\t\t\t\t<div class=\"embed-responsive embed-responsive-16by9\"> <iframe title=\"Face Lift with Dallas Plastic Surgeon Dr. David Azouz\" class=\"embed-responsive-item lazyload\" data-src=\"https:\/\/www.youtube.com\/embed\/CRviqj2FwYE?rel=0\" allowfullscreen referrerpolicy=\"strict-origin-when-cross-origin\" data-load-mode=\"1\"><\/iframe><\/div>\t\t\t\t\t<\/div>\n\t\t\t\t\t\t\t<\/div>\n\t\t\n\t\n<h3>Preguntas Frecuentes<\/h3>\n<dl id=\"faq-1\" class=\"flc-faq\"><dt id=\"l11\"><button class=\"card-header collapsed d-flex align-items-center w-100 text-left\" data-toggle=\"collapse\" data-target=\"#t11\" aria-expanded=\"false\" aria-controls=\"t11\"><i class=\"ml-1 fas fa-chevron-down\"><\/i> \u00bfSE PUEDE HACER ALGO POR UNA NARIZ QUE SE ROMPI\u00d3 HACE MUCHOS A\u00d1OS?<\/button><\/dt><dd id=\"t11\" class=\"m-0 collapse\" aria-labelledby=\"l11\" aria-expanded=\"false\" data-parent=\"#faq-1\"><div class=\"card-body\"><p>Los pacientes con la nariz rota suelen ser buenos candidatos para la rinoplastia est\u00e9tica y funcional. A menudo, los huesos nasales se vuelven a romper y se establecen para crear un puente nasal m\u00e1s sim\u00e9trico y mejor alineado. Los pacientes que tienen problemas para respirar pueden beneficiarse de la turbinectom\u00eda y la correcci\u00f3n de un tabique desviado (rinoplastia funcional)<\/p>\n<\/div><\/dd><dt id=\"l12\"><button class=\"card-header collapsed d-flex align-items-center w-100 text-left\" data-toggle=\"collapse\" data-target=\"#t12\" aria-expanded=\"false\" aria-controls=\"t12\"><i class=\"ml-1 fas fa-chevron-down\"><\/i> \u00bfDE D\u00d3NDE VIENE EL CART\u00cdLAGO EN UNA RINOPLASTIA COSM\u00c9TICA?<\/button><\/dt><dd id=\"t12\" class=\"m-0 collapse\" aria-labelledby=\"l12\" aria-expanded=\"false\" data-parent=\"#faq-1\"><div class=\"card-body\"><p>El Dr. Azouz puede utilizar cart\u00edlago del tabique nasal, la oreja y, a veces, las costillas en la rinoplastia cosm\u00e9tica. El cart\u00edlago de donante est\u00e1 cada vez m\u00e1s disponible para los pacientes que no tienen su propio cart\u00edlago disponible. El Dr. Azouz no recomienda colocar injertos de silicona dentro de la nariz, ya que con frecuencia se asocian con malposici\u00f3n, infecci\u00f3n y encapsulaci\u00f3n.<\/p>\n<\/div><\/dd><dt id=\"l13\"><button class=\"card-header collapsed d-flex align-items-center w-100 text-left\" data-toggle=\"collapse\" data-target=\"#t13\" aria-expanded=\"false\" aria-controls=\"t13\"><i class=\"ml-1 fas fa-chevron-down\"><\/i> \u00bfEL DR. AZOUZ ELIMINA LOS INJERTOS DE SILICONA DE LA NARIZ?<\/button><\/dt><dd id=\"t13\" class=\"m-0 collapse\" aria-labelledby=\"l13\" aria-expanded=\"false\" data-parent=\"#faq-1\"><div class=\"card-body\"><p>S\u00ed, el Dr. Azouz elimina los injertos de silicona de la nariz.<\/p>\n<\/div><\/dd><dt id=\"l14\"><button class=\"card-header collapsed d-flex align-items-center w-100 text-left\" data-toggle=\"collapse\" data-target=\"#t14\" aria-expanded=\"false\" aria-controls=\"t14\"><i class=\"ml-1 fas fa-chevron-down\"><\/i> \u00bfEL DR. AZOUZ REALIZA RINOPLASTIA CERRADA?<\/button><\/dt><dd id=\"t14\" class=\"m-0 collapse\" aria-labelledby=\"l14\" aria-expanded=\"false\" data-parent=\"#faq-1\"><div class=\"card-body\"><p>El Dr. Azouz realiza una rinoplastia cerrada para evitar cicatrices excesivas en la nariz. La rinoplastia cerrada tambi\u00e9n tiene el beneficio de reducir la hinchaz\u00f3n y preservar los linf\u00e1ticos nasales.<\/p>\n<\/div><\/dd><dt id=\"l15\"><button class=\"card-header collapsed d-flex align-items-center w-100 text-left\" data-toggle=\"collapse\" data-target=\"#t15\" aria-expanded=\"false\" aria-controls=\"t15\"><i class=\"ml-1 fas fa-chevron-down\"><\/i> \u00bfPUEDE UNA RINOPLASTIA HACER QUE UNA NARIZ GRANDE SEA PEQUE\u00d1A?<\/button><\/dt><dd id=\"t15\" class=\"m-0 collapse\" aria-labelledby=\"l15\" aria-expanded=\"false\" data-parent=\"#faq-1\"><div class=\"card-body\"><p>crear una nariz de apariencia m\u00e1s fina y est\u00e9tica.<\/p>\n<\/div><\/dd><dt id=\"l16\"><button class=\"card-header collapsed d-flex align-items-center w-100 text-left\" data-toggle=\"collapse\" data-target=\"#t16\" aria-expanded=\"false\" aria-controls=\"t16\"><i class=\"ml-1 fas fa-chevron-down\"><\/i> \u00bfCU\u00c1L ES LA NARIZ PERFECTA PARA UNA MUJER?<\/button><\/dt><dd id=\"t16\" class=\"m-0 collapse\" aria-labelledby=\"l16\" aria-expanded=\"false\" data-parent=\"#faq-1\"><div class=\"card-body\"><p>No existe una nariz perfecta para un hombre o una mujer. El rostro de cada persona es \u00fanico y el Dr. Azouz se esfuerza por obtener los resultados m\u00e1s naturales.<\/p>\n<\/div><\/dd><dt id=\"l17\"><button class=\"card-header collapsed d-flex align-items-center w-100 text-left\" data-toggle=\"collapse\" data-target=\"#t17\" aria-expanded=\"false\" aria-controls=\"t17\"><i class=\"ml-1 fas fa-chevron-down\"><\/i> \u00bfPUEDE UNA CIRUG\u00cdA DE NARIZ HACER TU NARIZ M\u00c1S PEQUE\u00d1A?<\/button><\/dt><dd id=\"t17\" class=\"m-0 collapse\" aria-labelledby=\"l17\" aria-expanded=\"false\" data-parent=\"#faq-1\"><div class=\"card-body\"><p>S\u00ed, una rinoplastia puede crear una nariz de aspecto m\u00e1s est\u00e9tico.<\/p>\n<\/div><\/dd><\/dl>\n<h3>Revisi\u00f3n del paciente de rinoplastia para el Dr. Azouz<\/h3>\n<blockquote><p>\u201cMe romp\u00ed la nariz en un partido de baloncesto y el Dr. Azouz hizo un trabajo incre\u00edble y no se puede decir que me romp\u00ed la nariz. Me veo mejor que nunca. El mejor cirujano que se pueda encontrar.\u201d<\/p><\/blockquote>\n<p><a href=\"https:\/\/www.vitals.com\/doctors\/Dr_David_Azouz\/reviews?page=6&amp;sort=updated_at_dt%20desc\" target=\"_blank\" rel=\"noopener\">Lea m\u00e1s rese\u00f1as de pacientes sobre el Dr. Azouz.<\/a><\/p>\n","protected":false},"excerpt":{"rendered":"<p>La rinoplastia en Dallas podr\u00eda ser la cirug\u00eda pl\u00e1stica adecuada para los pacientes cuando no est\u00e1n satisfechos<br \/><a href=\"https:\/\/www.drazouz.com\/es\/rhinoplasty\/\" class=\"btn btn-blue mt-3\">Sigue leyendo<\/a><\/p>\n","protected":false},"author":1,"featured_media":8533,"parent":8625,"menu_order":0,"comment_status":"closed","ping_status":"closed","template":"template-builder.php","meta":{"_acf_changed":false,"footnotes":""},"class_list":["post-3838","page","type-page","status-publish","has-post-thumbnail"],"acf":[],"yoast_head":"<!-- This site is optimized with the Yoast SEO plugin v27.4 - https:\/\/yoast.com\/product\/yoast-seo-wordpress\/ -->\n<title>Rinoplastia | Cirug\u00eda de nariz Dallas | Plano | Richardson<\/title>\n<meta name=\"description\" content=\"La rinoplastia mejora el \u00e1rea de la nariz y ayuda a crear un rostro m\u00e1s hermoso y equilibrado. Programe su consulta con el Dr. Azouz en Dallas al 972 702.\" \/>\n<meta name=\"robots\" content=\"index, follow, max-snippet:-1, max-image-preview:large, max-video-preview:-1\" \/>\n<link rel=\"canonical\" href=\"https:\/\/www.drazouz.com\/es\/rhinoplasty\/\" \/>\n<meta property=\"og:locale\" content=\"es_ES\" \/>\n<meta property=\"og:type\" content=\"article\" \/>\n<meta property=\"og:title\" content=\"Rinoplastia | Cirug\u00eda de nariz Dallas | Plano | Richardson\" \/>\n<meta property=\"og:description\" content=\"La rinoplastia mejora el \u00e1rea de la nariz y ayuda a crear un rostro m\u00e1s hermoso y equilibrado. Programe su consulta con el Dr. Azouz en Dallas al 972 702.\" \/>\n<meta property=\"og:url\" content=\"https:\/\/www.drazouz.com\/es\/rhinoplasty\/\" \/>\n<meta property=\"og:site_name\" content=\"Azouz Cirug\u00eda Pl\u00e1stica y Est\u00e9tica\" \/>\n<meta property=\"article:modified_time\" content=\"2025-04-10T19:58:19+00:00\" \/>\n<meta property=\"og:image\" content=\"https:\/\/www.drazouz.com\/wp-content\/uploads\/2023\/12\/header-rhinoplasty.jpg\" \/>\n<meta name=\"twitter:card\" content=\"summary_large_image\" \/>\n<meta name=\"twitter:image\" content=\"https:\/\/www.drazouz.com\/wp-content\/uploads\/2023\/12\/header-rhinoplasty.jpg\" \/>\n<meta name=\"twitter:label1\" content=\"Tiempo de lectura\" \/>\n\t<meta name=\"twitter:data1\" content=\"5 minutos\" \/>\n<!-- \/ Yoast SEO plugin. -->","yoast_head_json":{"title":"Rinoplastia | Cirug\u00eda de nariz Dallas | Plano | Richardson","description":"La rinoplastia mejora el \u00e1rea de la nariz y ayuda a crear un rostro m\u00e1s hermoso y equilibrado. Programe su consulta con el Dr. Azouz en Dallas al 972 702.","robots":{"index":"index","follow":"follow","max-snippet":"max-snippet:-1","max-image-preview":"max-image-preview:large","max-video-preview":"max-video-preview:-1"},"canonical":"https:\/\/www.drazouz.com\/es\/rhinoplasty\/","og_locale":"es_ES","og_type":"article","og_title":"Rinoplastia | Cirug\u00eda de nariz Dallas | Plano | Richardson","og_description":"La rinoplastia mejora el \u00e1rea de la nariz y ayuda a crear un rostro m\u00e1s hermoso y equilibrado. Programe su consulta con el Dr. Azouz en Dallas al 972 702.","og_url":"https:\/\/www.drazouz.com\/es\/rhinoplasty\/","og_site_name":"Azouz Cirug\u00eda Pl\u00e1stica y Est\u00e9tica","article_modified_time":"2025-04-10T19:58:19+00:00","og_image":[{"url":"https:\/\/www.drazouz.com\/wp-content\/uploads\/2023\/12\/header-rhinoplasty.jpg","type":"","width":"","height":""}],"twitter_card":"summary_large_image","twitter_image":"https:\/\/www.drazouz.com\/wp-content\/uploads\/2023\/12\/header-rhinoplasty.jpg","twitter_misc":{"Tiempo de lectura":"5 minutos"},"schema":{"@context":"https:\/\/schema.org","@graph":[{"@type":"WebPage","@id":"https:\/\/www.drazouz.com\/es\/rhinoplasty\/","url":"https:\/\/www.drazouz.com\/es\/rhinoplasty\/","name":"Rinoplastia | Cirug\u00eda de nariz Dallas | Plano | Richardson","isPartOf":{"@id":"https:\/\/www.drazouz.com\/es\/#website"},"primaryImageOfPage":{"@id":"https:\/\/www.drazouz.com\/es\/rhinoplasty\/#primaryimage"},"image":{"@id":"https:\/\/www.drazouz.com\/es\/rhinoplasty\/#primaryimage"},"thumbnailUrl":"https:\/\/www.drazouz.com\/wp-content\/uploads\/2023\/12\/header-rhinoplasty.jpg","datePublished":"2022-07-25T09:30:03+00:00","dateModified":"2025-04-10T19:58:19+00:00","description":"La rinoplastia mejora el \u00e1rea de la nariz y ayuda a crear un rostro m\u00e1s hermoso y equilibrado. Programe su consulta con el Dr. Azouz en Dallas al 972 702.","breadcrumb":{"@id":"https:\/\/www.drazouz.com\/es\/rhinoplasty\/#breadcrumb"},"inLanguage":"es","potentialAction":[{"@type":"ReadAction","target":["https:\/\/www.drazouz.com\/es\/rhinoplasty\/"]}]},{"@type":"ImageObject","inLanguage":"es","@id":"https:\/\/www.drazouz.com\/es\/rhinoplasty\/#primaryimage","url":"https:\/\/www.drazouz.com\/wp-content\/uploads\/2023\/12\/header-rhinoplasty.jpg","contentUrl":"https:\/\/www.drazouz.com\/wp-content\/uploads\/2023\/12\/header-rhinoplasty.jpg","width":1918,"height":815,"caption":"young woman before and after rhinoplasty"},{"@type":"BreadcrumbList","@id":"https:\/\/www.drazouz.com\/es\/rhinoplasty\/#breadcrumb","itemListElement":[{"@type":"ListItem","position":1,"name":"Home","item":"https:\/\/www.drazouz.com\/es\/"},{"@type":"ListItem","position":2,"name":"Procedimientos","item":"https:\/\/www.drazouz.com\/es\/procedimientos\/"},{"@type":"ListItem","position":3,"name":"Cirug\u00eda Pl\u00e1stica de Nariz","item":"https:\/\/www.drazouz.com\/es\/cirugia-plastica-de-nariz\/"},{"@type":"ListItem","position":4,"name":"Rinoplastia"}]},{"@type":"WebSite","@id":"https:\/\/www.drazouz.com\/es\/#website","url":"https:\/\/www.drazouz.com\/es\/","name":"Azouz Cirug\u00eda Pl\u00e1stica y Est\u00e9tica","description":"","potentialAction":[{"@type":"SearchAction","target":{"@type":"EntryPoint","urlTemplate":"https:\/\/www.drazouz.com\/es\/?s={search_term_string}"},"query-input":{"@type":"PropertyValueSpecification","valueRequired":true,"valueName":"search_term_string"}}],"inLanguage":"es"}]}},"_links":{"self":[{"href":"https:\/\/www.drazouz.com\/es\/wp-json\/wp\/v2\/pages\/3838","targetHints":{"allow":["GET"]}}],"collection":[{"href":"https:\/\/www.drazouz.com\/es\/wp-json\/wp\/v2\/pages"}],"about":[{"href":"https:\/\/www.drazouz.com\/es\/wp-json\/wp\/v2\/types\/page"}],"author":[{"embeddable":true,"href":"https:\/\/www.drazouz.com\/es\/wp-json\/wp\/v2\/users\/1"}],"replies":[{"embeddable":true,"href":"https:\/\/www.drazouz.com\/es\/wp-json\/wp\/v2\/comments?post=3838"}],"version-history":[{"count":10,"href":"https:\/\/www.drazouz.com\/es\/wp-json\/wp\/v2\/pages\/3838\/revisions"}],"predecessor-version":[{"id":21575,"href":"https:\/\/www.drazouz.com\/es\/wp-json\/wp\/v2\/pages\/3838\/revisions\/21575"}],"up":[{"embeddable":true,"href":"https:\/\/www.drazouz.com\/es\/wp-json\/wp\/v2\/pages\/8625"}],"wp:featuredmedia":[{"embeddable":true,"href":"https:\/\/www.drazouz.com\/es\/wp-json\/wp\/v2\/media\/8533"}],"wp:attachment":[{"href":"https:\/\/www.drazouz.com\/es\/wp-json\/wp\/v2\/media?parent=3838"}],"curies":[{"name":"wp","href":"https:\/\/api.w.org\/{rel}","templated":true}]}}