{"id":3835,"date":"2022-07-21T18:10:35","date_gmt":"2022-07-21T23:10:35","guid":{"rendered":"https:\/\/www.drazouz.com\/?page_id=3835"},"modified":"2023-12-21T11:47:29","modified_gmt":"2023-12-21T16:47:29","slug":"mini-facelift-dallas","status":"publish","type":"page","link":"https:\/\/www.drazouz.com\/es\/mini-facelift-dallas\/","title":{"rendered":"Mini Lifting Facial"},"content":{"rendered":"<p>Un mini estiramiento facial es una cirug\u00eda antienvejecimiento que ayuda a las mujeres que tienen la piel fl\u00e1cida, arrugas y papada prominente. Hay muchos factores que contribuyen a la piel fl\u00e1cida y las arrugas en la cara y el cuello. La gen\u00e9tica juega un factor importante en el envejecimiento prematuro, los factores ambientales y el estr\u00e9s tambi\u00e9n pueden contribuir al da\u00f1o de la piel, piel fl\u00e1cida, papada profunda, arrugas y un \u00abcuello de pavo\u00bb. Un mini estiramiento facial al igual que un estiramiento facial completo puede ayudar a <a href=\"https:\/\/www.drazouz.com\/es\/face\/\">restaurar una apariencia juvenil<\/a>. Cada paciente tiene expectativas diferentes. Para obtener m\u00e1s informaci\u00f3n sobre cu\u00e1l es el mejor enfoque para sus necesidades cosm\u00e9ticas, programe una consulta con el cirujano pl\u00e1stico Dr. Azouz llamando al <a href=\"tel:9727028888\" class=\"phone_anchor \" aria-label=\"ll\u00e1manos (972) 702-8888\">(972) 702-8888<\/a>.<\/p>\n<h2>\u00bfSoy candidato para un mini lifting facial?<\/h2>\n<p>Los candidatos para un mini estiramiento facial son hombres y mujeres de entre 30 y 80 a\u00f1os con estilos de vida saludables que desean recuperar una apariencia juvenil en sus rostros.  <\/p>\n<p><img decoding=\"async\" src=\"https:\/\/www.drazouz.com\/wp-content\/uploads\/2022\/08\/Mini-facelift-Dalla-Dr.-Azouz-scaled-1.jpg\" alt=\"smiling woman holds hand under the chin\" class=\"alignright\" width=\"400\" \/><\/p>\n<h2>Beneficios del mini estiramiento facial<\/h2>\n<ul>\n<li>Mejorar el envejecimiento prematuro<\/li>\n<li>Elimina arrugas y l\u00edneas profundas<\/li>\n<li>Aprieta la piel fl\u00e1cida<\/li>\n<li>Mejorar la papada<\/li>\n<li>Crea una apariencia juvenil<\/li>\n<li>Minimiza las cicatrices y el tiempo de recuperaci\u00f3n.<\/li>\n<li>Se puede combinar con otros procedimientos faciales para obtener resultados m\u00e1s espectaculares.<\/li>\n<\/ul>\n<h2>\u00bfCu\u00e1l es la diferencia entre un mini estiramiento facial y un estiramiento facial?<\/h2>\n<p>Las diferencias entre un mini estiramiento facial y un estiramiento facial completo incluyen el tipo de anest\u00e9sico, la extensi\u00f3n de la disecci\u00f3n y la extensi\u00f3n de las l\u00edneas de incisi\u00f3n. La terminolog\u00eda utilizada para mini estiramiento facial versus un estiramiento facial completo a veces puede ser confusa. Las definiciones de algunos cirujanos pl\u00e1sticos difieren entre \u00abmini estiramiento facial\u00bb versus \u00abestiramiento facial completo\u00bb. A menudo a\u00fan m\u00e1s confuso, algunos de los siguientes t\u00e9rminos en realidad pueden referirse a un estiramiento de hilo que no es un procedimiento quir\u00fargico.<\/p>\n<dl>\n<dt>Lifting facial a la hora del almuerzo<\/dt>\n<dd>Generalmente se refiere a un estiramiento de hilo que no es un procedimiento quir\u00fargico y por lo tanto, t\u00edpicamente no proporciona el mismo grado de resultado quir\u00fargico cosm\u00e9tico.<\/dd>\n<dt>Lifting facial r\u00e1pido<\/dt>\n<dd>Generalmente se refiere a la recuperaci\u00f3n despu\u00e9s de un estiramiento facial. Los procedimientos de estiramiento facial completo y mini del Dr. Azouz utilizan medicamentos especiales para minimizar el dolor, los hematomas, la hinchaz\u00f3n y el tiempo de inactividad.<\/dd>\n<\/dl>\n<h2>\u00bfC\u00f3mo se realiza un Mini estiramiento facial con el Dr. Azouz?<\/h2>\n<p>El mini levantamiento se realiza en 2 a 3 hrs. El Dr. Azouz har\u00e1 una peque\u00f1a incisi\u00f3n para ayudar a levantar la mitad inferior de la cara. Las incisiones se ocultan detr\u00e1s y dentro de las orejas, y se crea una peque\u00f1a incisi\u00f3n debajo del ment\u00f3n. La liposucci\u00f3n del ment\u00f3n ayuda a recrear la definici\u00f3n de la l\u00ednea de la mand\u00edbula. La piel suelta a lo largo de la barbilla, la mand\u00edbula y el cuello puede darle una apariencia de mayor edad. La liposucci\u00f3n del ment\u00f3n puede crear una apariencia m\u00e1s juvenil con una l\u00ednea de la mand\u00edbula m\u00e1s definida. El SMAS est\u00e1 plicado, lo que fortalece el p\u00f3mulo y agrega volumen a la mitad de la cara. Esto crea un p\u00f3mulo m\u00e1s definido. <\/p>\n<p>Durante la mayor\u00eda de los procedimientos de mini estiramiento facial del Dr. Azouz, se utilizar\u00e1 una combinaci\u00f3n de anestesia local y sedaci\u00f3n. Esta combinaci\u00f3n de anestesia permite que los pacientes se sientan c\u00f3modos durante el procedimiento y experimenten menos n\u00e1useas y aturdimiento posoperatorio. Un anest\u00e9sico local de larga duraci\u00f3n minimiza el dolor posoperatorio.  <\/p>\n<h2>\u00bfCu\u00e1nto dura un Mini estiramiento facial?<\/h2>\n<p>Un mini ascensor dura alrededor de 10 a\u00f1os. Si desea que el resultado dure m\u00e1s, se recomienda un lavado de cara completo, ya que durar\u00eda casi 20 a\u00f1os.<\/p>\n<h2>\u00bfCu\u00e1l es el costo de un mini lifting facial?<\/h2>\n<p>Cada paciente de mini estiramiento facial tiene diferentes necesidades y deseos de su procedimiento. Durante su consulta, el Dr. Azouz crear\u00e1 un plan quir\u00fargico \u00fanico para lograr sus objetivos est\u00e9ticos. Dr. Azouz ofrece una variedad de opciones de financiaci\u00f3n para hacer que el estiramiento facial sea asequible para sus pacientes. La combinaci\u00f3n de un mini estiramiento facial con blefaroplastia (cirug\u00eda de p\u00e1rpados), rinoplastia (cirug\u00eda nasal), estiramiento de cejas, estiramiento de cuello, liposucci\u00f3n de cuello, reducci\u00f3n o reconstrucci\u00f3n del l\u00f3bulo de la oreja, otoplastia y otras cirug\u00edas est\u00e9ticas (cosm\u00e9ticas) puede reducir el costo total del procedimiento.<\/p>\n<h2>\u00bfQu\u00e9 procedimientos de cirug\u00eda pl\u00e1stica se pueden combinar con un mini lifting facial?<\/h2>\n<p>Dado que el mini estiramiento facial se dirige a la mitad inferior de la cara, algunos pacientes combinan el mini estiramiento con otras cirug\u00edas pl\u00e1sticas para obtener resultados m\u00e1s dram\u00e1ticos. Estos procedimientos son:<\/p>\n<ul>\n<li>Estiramiento de cuello<\/li>\n<li>Levantamiento de cejas<\/li>\n<li>Cirug\u00eda de p\u00e1rpado<\/li>\n<li>Rinoplastia<\/li>\n<li>Liposucci\u00f3n de cuello<\/li>\n<li>Correcci\u00f3n del l\u00f3bulo de la oreja: reparaci\u00f3n de la oreja dividida \/ reducci\u00f3n del l\u00f3bulo de la oreja<\/li>\n<li>Injerto de grasa<\/li>\n<\/ul>\n<h2>Programe una consulta con el Dr. Azouz<\/h2>\n<p>Si est\u00e1 experimentando envejecimiento facial y le gustar\u00eda corregirlo, programe una consulta con el cirujano pl\u00e1stico Dr. Azouz llamando al <a href=\"tel:9727028888\" class=\"phone_anchor \" aria-label=\"ll\u00e1manos (972) 702-8888\">(972) 702-8888<\/a>. Nuestra oficina de Dallas est\u00e1 convenientemente ubicada y con f\u00e1cil acceso para quienes viven en el \u00e1rea de DFW. Los pacientes de fuera del estado son bienvenidos, cont\u00e1ctenos para <a title=\"Contact Azouz Cosmetic &amp; Plastic Surgery in Dallas TX\" href=\"https:\/\/www.drazouz.com\/es\/contact\/\"><em><strong>concertar su consulta<\/strong><\/em><\/a> y brindarle la mejor experiencia mientras est\u00e9 en Dallas. Las consultas virtuales est\u00e1n disponibles.<\/p>\n","protected":false},"excerpt":{"rendered":"<p>Un mini estiramiento facial es una cirug\u00eda antienvejecimiento que ayuda a las mujeres que tienen la piel<br \/><a href=\"https:\/\/www.drazouz.com\/es\/mini-facelift-dallas\/\" class=\"btn btn-blue mt-3\">Sigue leyendo<\/a><\/p>\n","protected":false},"author":1,"featured_media":11364,"parent":3788,"menu_order":0,"comment_status":"closed","ping_status":"closed","template":"","meta":{"_acf_changed":false,"footnotes":""},"class_list":["post-3835","page","type-page","status-publish","has-post-thumbnail"],"acf":[],"yoast_head":"<!-- This site is optimized with the Yoast SEO plugin v27.4 - https:\/\/yoast.com\/product\/yoast-seo-wordpress\/ -->\n<title>MIni Lift o MIni lifting facial Dallas | Plano | Richardson<\/title>\n<meta name=\"description\" content=\"Corrija la piel fl\u00e1cida, las arrugas y la papada prominente con un mini estiramiento facial y lucir\u00e1 naturalmente hermosa. Reserva tu consulta llamando al 972 702.\" \/>\n<meta name=\"robots\" content=\"index, follow, max-snippet:-1, max-image-preview:large, max-video-preview:-1\" \/>\n<link rel=\"canonical\" href=\"https:\/\/www.drazouz.com\/es\/mini-facelift-dallas\/\" \/>\n<meta property=\"og:locale\" content=\"es_ES\" \/>\n<meta property=\"og:type\" content=\"article\" \/>\n<meta property=\"og:title\" content=\"MIni Lift o MIni lifting facial Dallas | Plano | Richardson\" \/>\n<meta property=\"og:description\" content=\"Corrija la piel fl\u00e1cida, las arrugas y la papada prominente con un mini estiramiento facial y lucir\u00e1 naturalmente hermosa. Reserva tu consulta llamando al 972 702.\" \/>\n<meta property=\"og:url\" content=\"https:\/\/www.drazouz.com\/es\/mini-facelift-dallas\/\" \/>\n<meta property=\"og:site_name\" content=\"Azouz Cirug\u00eda Pl\u00e1stica y Est\u00e9tica\" \/>\n<meta property=\"article:modified_time\" content=\"2023-12-21T16:47:29+00:00\" \/>\n<meta property=\"og:image\" content=\"https:\/\/www.drazouz.com\/wp-content\/uploads\/2024\/01\/bigstock-Face-lift-treatment-anti-aging-192140563-1.jpg\" \/><meta property=\"og:image\" content=\"https:\/\/www.drazouz.com\/wp-content\/uploads\/2022\/08\/Mini-facelift-Dalla-Dr.-Azouz-scaled-1.jpg\" \/>\n<meta name=\"twitter:card\" content=\"summary_large_image\" \/>\n<meta name=\"twitter:image\" content=\"https:\/\/www.drazouz.com\/wp-content\/uploads\/2024\/01\/bigstock-Face-lift-treatment-anti-aging-192140563-1.jpg\" \/>\n<meta name=\"twitter:label1\" content=\"Tiempo de lectura\" \/>\n\t<meta name=\"twitter:data1\" content=\"4 minutos\" \/>\n<!-- \/ Yoast SEO plugin. -->","yoast_head_json":{"title":"MIni Lift o MIni lifting facial Dallas | Plano | Richardson","description":"Corrija la piel fl\u00e1cida, las arrugas y la papada prominente con un mini estiramiento facial y lucir\u00e1 naturalmente hermosa. Reserva tu consulta llamando al 972 702.","robots":{"index":"index","follow":"follow","max-snippet":"max-snippet:-1","max-image-preview":"max-image-preview:large","max-video-preview":"max-video-preview:-1"},"canonical":"https:\/\/www.drazouz.com\/es\/mini-facelift-dallas\/","og_locale":"es_ES","og_type":"article","og_title":"MIni Lift o MIni lifting facial Dallas | Plano | Richardson","og_description":"Corrija la piel fl\u00e1cida, las arrugas y la papada prominente con un mini estiramiento facial y lucir\u00e1 naturalmente hermosa. Reserva tu consulta llamando al 972 702.","og_url":"https:\/\/www.drazouz.com\/es\/mini-facelift-dallas\/","og_site_name":"Azouz Cirug\u00eda Pl\u00e1stica y Est\u00e9tica","article_modified_time":"2023-12-21T16:47:29+00:00","og_image":[{"url":"https:\/\/www.drazouz.com\/wp-content\/uploads\/2024\/01\/bigstock-Face-lift-treatment-anti-aging-192140563-1.jpg","type":"","width":"","height":""},{"url":"https:\/\/www.drazouz.com\/wp-content\/uploads\/2022\/08\/Mini-facelift-Dalla-Dr.-Azouz-scaled-1.jpg","type":"","width":"","height":""}],"twitter_card":"summary_large_image","twitter_image":"https:\/\/www.drazouz.com\/wp-content\/uploads\/2024\/01\/bigstock-Face-lift-treatment-anti-aging-192140563-1.jpg","twitter_misc":{"Tiempo de lectura":"4 minutos"},"schema":{"@context":"https:\/\/schema.org","@graph":[{"@type":"WebPage","@id":"https:\/\/www.drazouz.com\/es\/mini-facelift-dallas\/","url":"https:\/\/www.drazouz.com\/es\/mini-facelift-dallas\/","name":"MIni Lift o MIni lifting facial Dallas | Plano | Richardson","isPartOf":{"@id":"https:\/\/www.drazouz.com\/es\/#website"},"primaryImageOfPage":{"@id":"https:\/\/www.drazouz.com\/es\/mini-facelift-dallas\/#primaryimage"},"image":{"@id":"https:\/\/www.drazouz.com\/es\/mini-facelift-dallas\/#primaryimage"},"thumbnailUrl":"https:\/\/www.drazouz.com\/wp-content\/uploads\/2024\/01\/bigstock-Face-lift-treatment-anti-aging-192140563-1.jpg","datePublished":"2022-07-21T23:10:35+00:00","dateModified":"2023-12-21T16:47:29+00:00","description":"Corrija la piel fl\u00e1cida, las arrugas y la papada prominente con un mini estiramiento facial y lucir\u00e1 naturalmente hermosa. Reserva tu consulta llamando al 972 702.","breadcrumb":{"@id":"https:\/\/www.drazouz.com\/es\/mini-facelift-dallas\/#breadcrumb"},"inLanguage":"es","potentialAction":[{"@type":"ReadAction","target":["https:\/\/www.drazouz.com\/es\/mini-facelift-dallas\/"]}]},{"@type":"ImageObject","inLanguage":"es","@id":"https:\/\/www.drazouz.com\/es\/mini-facelift-dallas\/#primaryimage","url":"https:\/\/www.drazouz.com\/wp-content\/uploads\/2024\/01\/bigstock-Face-lift-treatment-anti-aging-192140563-1.jpg","contentUrl":"https:\/\/www.drazouz.com\/wp-content\/uploads\/2024\/01\/bigstock-Face-lift-treatment-anti-aging-192140563-1.jpg","width":1918,"height":915,"caption":"woman face with lifting arrows"},{"@type":"BreadcrumbList","@id":"https:\/\/www.drazouz.com\/es\/mini-facelift-dallas\/#breadcrumb","itemListElement":[{"@type":"ListItem","position":1,"name":"Home","item":"https:\/\/www.drazouz.com\/es\/"},{"@type":"ListItem","position":2,"name":"Procedimientos","item":"https:\/\/www.drazouz.com\/es\/procedimientos\/"},{"@type":"ListItem","position":3,"name":"Rostro","item":"https:\/\/www.drazouz.com\/es\/face\/"},{"@type":"ListItem","position":4,"name":"Mini Lifting Facial"}]},{"@type":"WebSite","@id":"https:\/\/www.drazouz.com\/es\/#website","url":"https:\/\/www.drazouz.com\/es\/","name":"Azouz Cirug\u00eda Pl\u00e1stica y Est\u00e9tica","description":"","potentialAction":[{"@type":"SearchAction","target":{"@type":"EntryPoint","urlTemplate":"https:\/\/www.drazouz.com\/es\/?s={search_term_string}"},"query-input":{"@type":"PropertyValueSpecification","valueRequired":true,"valueName":"search_term_string"}}],"inLanguage":"es"}]}},"_links":{"self":[{"href":"https:\/\/www.drazouz.com\/es\/wp-json\/wp\/v2\/pages\/3835","targetHints":{"allow":["GET"]}}],"collection":[{"href":"https:\/\/www.drazouz.com\/es\/wp-json\/wp\/v2\/pages"}],"about":[{"href":"https:\/\/www.drazouz.com\/es\/wp-json\/wp\/v2\/types\/page"}],"author":[{"embeddable":true,"href":"https:\/\/www.drazouz.com\/es\/wp-json\/wp\/v2\/users\/1"}],"replies":[{"embeddable":true,"href":"https:\/\/www.drazouz.com\/es\/wp-json\/wp\/v2\/comments?post=3835"}],"version-history":[{"count":3,"href":"https:\/\/www.drazouz.com\/es\/wp-json\/wp\/v2\/pages\/3835\/revisions"}],"predecessor-version":[{"id":9995,"href":"https:\/\/www.drazouz.com\/es\/wp-json\/wp\/v2\/pages\/3835\/revisions\/9995"}],"up":[{"embeddable":true,"href":"https:\/\/www.drazouz.com\/es\/wp-json\/wp\/v2\/pages\/3788"}],"wp:featuredmedia":[{"embeddable":true,"href":"https:\/\/www.drazouz.com\/es\/wp-json\/wp\/v2\/media\/11364"}],"wp:attachment":[{"href":"https:\/\/www.drazouz.com\/es\/wp-json\/wp\/v2\/media?parent=3835"}],"curies":[{"name":"wp","href":"https:\/\/api.w.org\/{rel}","templated":true}]}}