{"id":3802,"date":"2022-07-27T04:58:35","date_gmt":"2022-07-27T09:58:35","guid":{"rendered":"https:\/\/www.drazouz.com\/?page_id=3802"},"modified":"2023-12-21T13:04:02","modified_gmt":"2023-12-21T18:04:02","slug":"hombres","status":"publish","type":"page","link":"https:\/\/www.drazouz.com\/es\/for-men\/","title":{"rendered":"Hombres"},"content":{"rendered":"<p>Los pacientes masculinos que buscan lograr una apariencia m\u00e1s joven y atractiva han confiado en la experiencia y la t\u00e9cnica del Dr. Azouz para someterse a diferentes cirug\u00edas pl\u00e1sticas masculinas en Dallas. El Dr. Azouz es conocido por ocultar cicatrices, evitar drenajes y brindar resultados esculpidos para pacientes con ginecomastia. De manera similar, con la cirug\u00eda pl\u00e1stica de la cara y el cuerpo, el Dr. Azouz oculta las cicatrices y evita la \u201cfeminizaci\u00f3n\u201d de los hombres mediante la realizaci\u00f3n de t\u00e9cnicas de cirug\u00eda pl\u00e1stica avanzadas y personalizadas exclusivas de la cirug\u00eda pl\u00e1stica masculina.<br \/>\n<nav class=\"flc-submenu\" aria-label=\"sub menu\"><ul><li class=\"page_item page-item-14057\"><a href=\"https:\/\/www.drazouz.com\/es\/abdominoplastia-para-hombres\/\">Abdominoplastia para Hombres<\/a><\/li>\n<li class=\"page_item page-item-20045\"><a href=\"https:\/\/www.drazouz.com\/es\/aumento-de-pantorrillas\/\">Aumento de pantorrillas<\/a><\/li>\n<li class=\"page_item page-item-3952\"><a href=\"https:\/\/www.drazouz.com\/es\/breast-chest-asymmetry-correction-surgery\/\">Cirug\u00eda de Correcci\u00f3n de la Asimetr\u00eda del Pecho<\/a><\/li>\n<li class=\"page_item page-item-3943\"><a href=\"https:\/\/www.drazouz.com\/es\/male-eyelid-surgery-blepharoplasty-dallas\/\">Cirug\u00eda de P\u00e1rpados Masculinos<\/a><\/li>\n<li class=\"page_item page-item-3891\"><a href=\"https:\/\/www.drazouz.com\/es\/nipple-reduction\/\">Cirug\u00eda de Reducci\u00f3n de Pez\u00f3n<\/a><\/li>\n<li class=\"page_item page-item-3946\"><a href=\"https:\/\/www.drazouz.com\/es\/daddy-do-over-chest-abdomen\/\">Daddy Do-Over en Dallas<\/a><\/li>\n<li class=\"page_item page-item-3894\"><a href=\"https:\/\/www.drazouz.com\/es\/pectus-deformities\/\">Deformidad de la Pared Tor\u00e1cica (Pectus)<\/a><\/li>\n<li class=\"page_item page-item-7696\"><a href=\"https:\/\/www.drazouz.com\/es\/procedimientos\/hombres\/estiramiento-de-cuello-masculino\/\">Estiramiento de Cuello Masculino<\/a><\/li>\n<li class=\"page_item page-item-3931 page_item_has_children\"><a href=\"https:\/\/www.drazouz.com\/es\/gynecomastia\/\">Ginecomastia (Reducci\u00f3n de Senos Masculinos)<\/a><\/li>\n<li class=\"page_item page-item-3934\"><a href=\"https:\/\/www.drazouz.com\/es\/revision-gynecomastia-surgery\/\">Ginecomastia de Revisi\u00f3n (Revisi\u00f3n de Reducci\u00f3n de Senos Masculinos)<\/a><\/li>\n<li class=\"page_item page-item-3937\"><a href=\"https:\/\/www.drazouz.com\/es\/male-facelift-in-dallas\/\">Lifting Masculino<\/a><\/li>\n<li class=\"page_item page-item-3949\"><a href=\"https:\/\/www.drazouz.com\/es\/liposuction-male-body-contouring-dallas\/\">Liposucci\u00f3n &#8211; Contorno Corporal Masculino<\/a><\/li>\n<li class=\"page_item page-item-3940\"><a href=\"https:\/\/www.drazouz.com\/es\/men-liposuction-in-dallas\/\">Liposucci\u00f3n Masculina en Dallas<\/a><\/li>\n<li class=\"page_item page-item-7689\"><a href=\"https:\/\/www.drazouz.com\/es\/procedimientos\/hombres\/rinoplastia-masculina\/\">Rinoplastia Masculina<\/a><\/li>\n<li class=\"page_item page-item-3885\"><a href=\"https:\/\/www.drazouz.com\/es\/polands-syndrome\/\">S\u00edndrome de Polonia<\/a><\/li>\n<\/ul><\/nav><\/p>\n<h2>Cirug\u00eda pl\u00e1stica facial para hombres<\/h2>\n<div class=\"row align-items-center\">\n<div class=\"col-md-3 mb-3 mb-md-0\"><img decoding=\"async\" src=\"https:\/\/www.drazouz.com\/wp-content\/uploads\/2022\/08\/Male-Eyelid-Sugery-Dallas-Dr.-Azouz.png\" alt=\"man face\" class=\"alignleft\" width=\"500\" \/><\/div>\n<div class=\"col-md-9\">\n<h3 class=\"mt-md-0\">Levantamiento de p\u00e1rpados masculino<\/h3>\n<p>A medida que los hombres envejecen, el \u00e1rea de los ojos se ve afectada por la piel fl\u00e1cida, las arrugas o las bolsas debajo de los ojos. El cirujano pl\u00e1stico Dr. Azouz realiza <a href=\"https:\/\/www.drazouz.com\/es\/male-eyelid-surgery-blepharoplasty-dallas\/\">cirug\u00eda de p\u00e1rpados en Dallas<\/a> para restaurar y corregir la zona de los ojos. Su experiencia y t\u00e9cnica en la realizaci\u00f3n de la cirug\u00eda pl\u00e1stica masculina le proporcionan un p\u00e1rpado masculino tanto en el p\u00e1rpado superior como en el inferior sin feminizar los p\u00e1rpados.<\/p>\n<\/div>\n<\/div>\n<div class=\"row align-items-center\">\n<div class=\"col-md-3 mb-3 mb-md-0\"><img decoding=\"async\" src=\"https:\/\/www.drazouz.com\/wp-content\/uploads\/2022\/08\/Male-Facelift-Dallas-Dr.-Azouz.png\" alt=\"man face\" class=\"alignleft\" width=\"500\" \/><\/div>\n<div class=\"col-md-9\">\n<h3 class=\"mt-md-0\">Lifting Masculino<\/h3>\n<p>A <a href=\"https:\/\/www.drazouz.com\/es\/male-facelift-in-dallas\/\">estiramiento facial masculino<\/a> mejora la apariencia de tu rostro. La cirug\u00eda pl\u00e1stica masculina para hombres se est\u00e1 volviendo m\u00e1s popular y el Dr. Azouz, cirujano de Dallas, oculta las incisiones para los estiramientos faciales masculinos dentro de los bordes de la oreja. Lo m\u00e1s importante con un estiramiento facial masculino, el Dr. Azouz preserva el vello facial con su t\u00e9cnica avanzada de estiramiento facial. El Dr. Azouz puede mejorar la piel fl\u00e1cida del cuello, la papada y las arrugas con este procedimiento quir\u00fargico pl\u00e1stico.<\/p>\n<\/div>\n<\/div>\n<div class=\"row align-items-center\">\n<div class=\"col-md-3 mb-3 mb-md-0\"><img decoding=\"async\" src=\"https:\/\/www.drazouz.com\/wp-content\/uploads\/2022\/08\/Rhinoplasty-for-men-in-Dallas-scaled-1.jpg\" alt=\"man face\" class=\"alignleft\" width=\"500\" \/><\/div>\n<div class=\"col-md-9\">\n<h3 class=\"mt-md-0\">Rinoplastia Masculina<\/h3>\n<p>Para los hombres que buscan mejorar la forma de su nariz y hacerla m\u00e1s atractiva, el Dr. Azouz es un experto en rinoplastia cerrada (cirug\u00eda de nariz). La rinoplastia cerrada realiza una nariz de aspecto natural y evita cicatrices adicionales, evitando una apariencia \u00abexagerada\u00bb.<\/p>\n<\/div>\n<\/div>\n<div class=\"row align-items-center\">\n<div class=\"col-md-3 mb-3 mb-md-0\"><img decoding=\"async\" src=\"https:\/\/www.drazouz.com\/wp-content\/uploads\/2022\/08\/Male-Brow-Lift-Dallas-Dr.-Azouz-scaled-e1629316543439.jpg\" alt=\"man face\" class=\"alignleft\" width=\"500\" \/><\/div>\n<div class=\"col-md-9\">\n<h3 class=\"mt-md-0\">Lifting de cuello masculino<\/h3>\n<p>El lifting de cuello masculino del cirujano de Dallas Dr. Azouz es una forma eficaz de conseguir el cuello que siempre ha deseado. El Dr. Azouz puede eliminar la grasa y los tejidos blandos debajo del ment\u00f3n mientras tensa la piel del cuello. Las t\u00e9cnicas avanzadas de liposucci\u00f3n pueden ayudar a levantar el cuello y mejorar un cuello fl\u00e1cido con cicatrices m\u00ednimas.<\/p>\n<\/div>\n<\/div>\n<h3>Lilft de cejas masculinas<\/h3>\n<p>Las cejas masculinas son muy diferentes a las femeninas. El Dr. Azouz es capaz de levantar una ceja colgando mientras evita una mirada \u00absorprendida\u00bb o femenina.<\/p>\n<h3>Otoplastia masculina<\/h3>\n<p>La otoplastia masculina podr\u00eda ser una opci\u00f3n para lograr un mejor aspecto de la oreja en hombres que se sienten inc\u00f3modos con la forma o posici\u00f3n de sus orejas. El Dr. Azouz corrige y coloca las orejas en una posici\u00f3n m\u00e1s cosm\u00e9tica para restablecer el equilibrio del rostro.<\/p>\n<h2>Cirug\u00eda pl\u00e1stica de t\u00f3rax para hombres<\/h2>\n<h3>Cirug\u00eda de ginecomastia<\/h3>\n<div class=\"embed-responsive embed-responsive-16by9\"> <iframe title=\"Gynecomastia Surgery in Dallas l Dr. Azouz Plastic Surgeon\" class=\"embed-responsive-item lazyload\" data-src=\"https:\/\/www.youtube.com\/embed\/0Hy4fF1L1XI?rel=0\" allowfullscreen referrerpolicy=\"strict-origin-when-cross-origin\" data-load-mode=\"1\"><\/iframe><\/div>\n<p><a href=\"https:\/\/www.drazouz.com\/es\/gynecomastia\/\">Ginecomastia (reducci\u00f3n de senos masculinos)<\/a> &#8211; El Dr. Azouz realiza un volumen extremadamente alto de cirug\u00eda de ginecomastia (ginecomastia). El Dr. Azouz elimina los senos de los hombres a trav\u00e9s de incisiones camufladas y no coloca cicatrices adicionales en el pecho con drenajes o puertos de liposucci\u00f3n.<\/p>\n<p><a href=\"https:\/\/www.drazouz.com\/es\/revision-gynecomastia-surgery\/\">Ginecomastia de Revisi\u00f3n (Revisi\u00f3n de Reducci\u00f3n de Senos Masculinos)<\/a> &#8211; El Dr. Azouz puede corregir las irregularidades del contorno, las cicatrices y, por lo general, la ginecomastia residual en pacientes que se sometieron a una cirug\u00eda de ginecomastia realizada por otros proveedores.<\/p>\n<h3>S\u00edndrome de Polonia<\/h3>\n<p>Tanto hombres como mujeres sufren <a href=\"https:\/\/www.drazouz.com\/es\/polands-syndrome\/\">S\u00edndrome de Polonia<\/a>. El Dr. Azouz coloca implantes de pectorales y extirpa la ginecomastia en pacientes con s\u00edndrome de Poland. <\/p>\n<h3>Reducci\u00f3n del pez\u00f3n<\/h3>\n<p><a href=\"https:\/\/www.drazouz.com\/es\/nipple-reduction\/\">Reducci\u00f3n del pez\u00f3n<\/a> &#8211; El Dr. Azouz realiza la reducci\u00f3n de la areola del pez\u00f3n en hombres con cicatrices m\u00ednimas y camufladas.<\/p>\n<h3>Deformidades de la pared tor\u00e1cica<\/h3>\n<p><a href=\"https:\/\/www.drazouz.com\/es\/pectus-deformities\/\">Deformidades de la pared tor\u00e1cica (pectus)<\/a> &#8211; Las deformidades y cicatrices de la pared tor\u00e1cica se pueden corregir con una variedad de t\u00e9cnicas avanzadas de cirug\u00eda pl\u00e1stica.<\/p>\n<h2>Cirug\u00eda pl\u00e1stica corporal para hombres<\/h2>\n<p><img decoding=\"async\" src=\"https:\/\/www.drazouz.com\/wp-content\/uploads\/2022\/08\/Daddy-Do-Over-Dr.-Azouz-Dallas-scaled-e1629314802289.jpg\" alt=\"man face\" class=\"alignright\" width=\"500\" \/><\/p>\n<h3>Pap\u00e1 hazlo de nuevo<\/h3>\n<p>Los hombres descontentos con el aspecto actual de su pecho y abdomen debido al envejecimiento y los cambios de peso podr\u00edan beneficiarse de una cirug\u00eda pl\u00e1stica integral conocida como <a href=\"https:\/\/www.drazouz.com\/es\/daddy-do-over-chest-abdomen\/\">Daddy do-over en Dallas<\/a> con el Dr. Azouz. Este procedimiento combina la cirug\u00eda de ginecomastia para tratar el \u00e1rea del pecho y la liposucci\u00f3n abdominal o abdominoplastia para tratar la grasa abdominal.<\/p>\n<h3>Abdominoplastia masculina<\/h3>\n<p>El Dr. Azouz puede eliminar el exceso de piel y corregir las hernias con una abdominoplastia para proporcionar la cintura m\u00e1s peque\u00f1a posible.<\/p>\n<h3>Liposuccion Masculina<\/h3>\n<p>La liposucci\u00f3n masculina puede proporcionar un resultado cincelado e incluso \u00abgrabado\u00bb para los hombres que desean una liposucci\u00f3n del pecho, abdomen, torso y espalda.<\/p>\n<h3>Solicite una consulta con el Dr. Azouz<\/h3>\n<p>En la consulta inicial de cirug\u00eda pl\u00e1stica para hombres en Dallas, el Dr. Azouz evaluar\u00e1 la condici\u00f3n del paciente, responder\u00e1 preguntas y planificar\u00e1 un tratamiento personalizado para el paciente. Llame al <a href=\"tel:9727028888\" class=\"phone_anchor \" aria-label=\"ll\u00e1manos (972) 702-8888\">(972) 702-8888<\/a> para reservar su consulta en persona con el Dr. Azouz en Dallas. Para pacientes fuera de Dallas \/ estado \/ pa\u00eds <a title=\"Contact Azouz Cosmetic &amp; Plastic Surgery in Dallas TX\" href=\"https:\/\/www.drazouz.com\/es\/contact\/\"><em><strong>contactanos<\/strong><\/em><\/a> para programar su consulta virtual.<\/p>\n","protected":false},"excerpt":{"rendered":"<p>Los pacientes masculinos que buscan lograr una apariencia m\u00e1s joven y atractiva han confiado en la experiencia<br \/><a href=\"https:\/\/www.drazouz.com\/es\/for-men\/\" class=\"btn btn-blue mt-3\">Sigue leyendo<\/a><\/p>\n","protected":false},"author":1,"featured_media":8368,"parent":8581,"menu_order":0,"comment_status":"closed","ping_status":"closed","template":"","meta":{"_acf_changed":false,"footnotes":""},"class_list":["post-3802","page","type-page","status-publish","has-post-thumbnail"],"acf":[],"yoast_head":"<!-- This site is optimized with the Yoast SEO plugin v27.4 - https:\/\/yoast.com\/product\/yoast-seo-wordpress\/ -->\n<title>Cirug\u00eda pl\u00e1stica masculina | Cara | Pecho | Cuerpo Dallas | Plano | Richardson<\/title>\n<meta name=\"description\" content=\"Cirujano pl\u00e1stico de Dallas, Dr. Azouz, especializado en cirug\u00eda pl\u00e1stica masculina que incluye ginecomastia, cirug\u00eda de estiramiento facial masculino, cirug\u00eda de p\u00e1rpados masculinos, liposucci\u00f3n.\" \/>\n<meta name=\"robots\" content=\"index, follow, max-snippet:-1, max-image-preview:large, max-video-preview:-1\" \/>\n<link rel=\"canonical\" href=\"https:\/\/www.drazouz.com\/es\/for-men\/\" \/>\n<meta property=\"og:locale\" content=\"es_ES\" \/>\n<meta property=\"og:type\" content=\"article\" \/>\n<meta property=\"og:title\" content=\"Cirug\u00eda pl\u00e1stica masculina | Cara | Pecho | Cuerpo Dallas | Plano | Richardson\" \/>\n<meta property=\"og:description\" content=\"Cirujano pl\u00e1stico de Dallas, Dr. Azouz, especializado en cirug\u00eda pl\u00e1stica masculina que incluye ginecomastia, cirug\u00eda de estiramiento facial masculino, cirug\u00eda de p\u00e1rpados masculinos, liposucci\u00f3n.\" \/>\n<meta property=\"og:url\" content=\"https:\/\/www.drazouz.com\/es\/for-men\/\" \/>\n<meta property=\"og:site_name\" content=\"Azouz Cirug\u00eda Pl\u00e1stica y Est\u00e9tica\" \/>\n<meta property=\"article:modified_time\" content=\"2023-12-21T18:04:02+00:00\" \/>\n<meta property=\"og:image\" content=\"https:\/\/www.drazouz.com\/wp-content\/uploads\/2023\/12\/header-male.jpg\" \/>\n<meta name=\"twitter:card\" content=\"summary_large_image\" \/>\n<meta name=\"twitter:image\" content=\"https:\/\/www.drazouz.com\/wp-content\/uploads\/2023\/12\/header-male.jpg\" \/>\n<meta name=\"twitter:label1\" content=\"Tiempo de lectura\" \/>\n\t<meta name=\"twitter:data1\" content=\"5 minutos\" \/>\n<!-- \/ Yoast SEO plugin. -->","yoast_head_json":{"title":"Cirug\u00eda pl\u00e1stica masculina | Cara | Pecho | Cuerpo Dallas | Plano | Richardson","description":"Cirujano pl\u00e1stico de Dallas, Dr. Azouz, especializado en cirug\u00eda pl\u00e1stica masculina que incluye ginecomastia, cirug\u00eda de estiramiento facial masculino, cirug\u00eda de p\u00e1rpados masculinos, liposucci\u00f3n.","robots":{"index":"index","follow":"follow","max-snippet":"max-snippet:-1","max-image-preview":"max-image-preview:large","max-video-preview":"max-video-preview:-1"},"canonical":"https:\/\/www.drazouz.com\/es\/for-men\/","og_locale":"es_ES","og_type":"article","og_title":"Cirug\u00eda pl\u00e1stica masculina | Cara | Pecho | Cuerpo Dallas | Plano | Richardson","og_description":"Cirujano pl\u00e1stico de Dallas, Dr. Azouz, especializado en cirug\u00eda pl\u00e1stica masculina que incluye ginecomastia, cirug\u00eda de estiramiento facial masculino, cirug\u00eda de p\u00e1rpados masculinos, liposucci\u00f3n.","og_url":"https:\/\/www.drazouz.com\/es\/for-men\/","og_site_name":"Azouz Cirug\u00eda Pl\u00e1stica y Est\u00e9tica","article_modified_time":"2023-12-21T18:04:02+00:00","og_image":[{"url":"https:\/\/www.drazouz.com\/wp-content\/uploads\/2023\/12\/header-male.jpg","type":"","width":"","height":""}],"twitter_card":"summary_large_image","twitter_image":"https:\/\/www.drazouz.com\/wp-content\/uploads\/2023\/12\/header-male.jpg","twitter_misc":{"Tiempo de lectura":"5 minutos"},"schema":{"@context":"https:\/\/schema.org","@graph":[{"@type":"WebPage","@id":"https:\/\/www.drazouz.com\/es\/for-men\/","url":"https:\/\/www.drazouz.com\/es\/for-men\/","name":"Cirug\u00eda pl\u00e1stica masculina | Cara | Pecho | Cuerpo Dallas | Plano | Richardson","isPartOf":{"@id":"https:\/\/www.drazouz.com\/es\/#website"},"primaryImageOfPage":{"@id":"https:\/\/www.drazouz.com\/es\/for-men\/#primaryimage"},"image":{"@id":"https:\/\/www.drazouz.com\/es\/for-men\/#primaryimage"},"thumbnailUrl":"https:\/\/www.drazouz.com\/wp-content\/uploads\/2023\/12\/header-male.jpg","datePublished":"2022-07-27T09:58:35+00:00","dateModified":"2023-12-21T18:04:02+00:00","description":"Cirujano pl\u00e1stico de Dallas, Dr. Azouz, especializado en cirug\u00eda pl\u00e1stica masculina que incluye ginecomastia, cirug\u00eda de estiramiento facial masculino, cirug\u00eda de p\u00e1rpados masculinos, liposucci\u00f3n.","breadcrumb":{"@id":"https:\/\/www.drazouz.com\/es\/for-men\/#breadcrumb"},"inLanguage":"es","potentialAction":[{"@type":"ReadAction","target":["https:\/\/www.drazouz.com\/es\/for-men\/"]}]},{"@type":"ImageObject","inLanguage":"es","@id":"https:\/\/www.drazouz.com\/es\/for-men\/#primaryimage","url":"https:\/\/www.drazouz.com\/wp-content\/uploads\/2023\/12\/header-male.jpg","contentUrl":"https:\/\/www.drazouz.com\/wp-content\/uploads\/2023\/12\/header-male.jpg","width":1918,"height":915,"caption":"portrait of a young muscular man in underwear"},{"@type":"BreadcrumbList","@id":"https:\/\/www.drazouz.com\/es\/for-men\/#breadcrumb","itemListElement":[{"@type":"ListItem","position":1,"name":"Home","item":"https:\/\/www.drazouz.com\/es\/"},{"@type":"ListItem","position":2,"name":"Procedimientos","item":"https:\/\/www.drazouz.com\/es\/procedimientos\/"},{"@type":"ListItem","position":3,"name":"Hombres"}]},{"@type":"WebSite","@id":"https:\/\/www.drazouz.com\/es\/#website","url":"https:\/\/www.drazouz.com\/es\/","name":"Azouz Cirug\u00eda Pl\u00e1stica y Est\u00e9tica","description":"","potentialAction":[{"@type":"SearchAction","target":{"@type":"EntryPoint","urlTemplate":"https:\/\/www.drazouz.com\/es\/?s={search_term_string}"},"query-input":{"@type":"PropertyValueSpecification","valueRequired":true,"valueName":"search_term_string"}}],"inLanguage":"es"}]}},"_links":{"self":[{"href":"https:\/\/www.drazouz.com\/es\/wp-json\/wp\/v2\/pages\/3802","targetHints":{"allow":["GET"]}}],"collection":[{"href":"https:\/\/www.drazouz.com\/es\/wp-json\/wp\/v2\/pages"}],"about":[{"href":"https:\/\/www.drazouz.com\/es\/wp-json\/wp\/v2\/types\/page"}],"author":[{"embeddable":true,"href":"https:\/\/www.drazouz.com\/es\/wp-json\/wp\/v2\/users\/1"}],"replies":[{"embeddable":true,"href":"https:\/\/www.drazouz.com\/es\/wp-json\/wp\/v2\/comments?post=3802"}],"version-history":[{"count":5,"href":"https:\/\/www.drazouz.com\/es\/wp-json\/wp\/v2\/pages\/3802\/revisions"}],"predecessor-version":[{"id":20055,"href":"https:\/\/www.drazouz.com\/es\/wp-json\/wp\/v2\/pages\/3802\/revisions\/20055"}],"up":[{"embeddable":true,"href":"https:\/\/www.drazouz.com\/es\/wp-json\/wp\/v2\/pages\/8581"}],"wp:featuredmedia":[{"embeddable":true,"href":"https:\/\/www.drazouz.com\/es\/wp-json\/wp\/v2\/media\/8368"}],"wp:attachment":[{"href":"https:\/\/www.drazouz.com\/es\/wp-json\/wp\/v2\/media?parent=3802"}],"curies":[{"name":"wp","href":"https:\/\/api.w.org\/{rel}","templated":true}]}}